{"id":16012,"date":"2022-06-18T01:13:26","date_gmt":"2022-06-18T01:13:26","guid":{"rendered":"https:\/\/zecovalve.com\/?post_type=product&#038;p=16012"},"modified":"2023-06-15T13:55:53","modified_gmt":"2023-06-15T13:55:53","slug":"manual-globe-valve","status":"publish","type":"product","link":"https:\/\/zecovalve.com\/de\/produkt\/manuelles-durchgangsventil","title":{"rendered":"Manuelles Durchgangsventil"},"content":{"rendered":"<p>ZECO Valve ist ein Hersteller von Durchgangsventilen, der vier Arten von Durchgangsventilen anbietet. Unsere Ventilfabrik in China produziert Stahlguss-Absperrventile f\u00fcr Nieder- und Hochdruckanwendungen. ZECO Valve ist auch ein Anbieter von geschmiedeten und faltenbalggedichteten Ventilen.<\/p>\r\n\r\n\r\n\r\n<figure class=\"wp-block-image\">\r\n<p><img loading=\"lazy\" decoding=\"async\" class=\"wp-image-27902 size-medium\" src=\"https:\/\/zecovalve.com\/wp-content\/uploads\/2022\/06\/Manual-Globe-Valve-2-300x225.jpg\" alt=\"Manuelles Durchgangsventil\" width=\"300\" height=\"225\" srcset=\"https:\/\/zecovalve.com\/wp-content\/uploads\/2022\/06\/Manual-Globe-Valve-2-300x225.jpg 300w, https:\/\/zecovalve.com\/wp-content\/uploads\/2022\/06\/Manual-Globe-Valve-2-768x576.jpg 768w, https:\/\/zecovalve.com\/wp-content\/uploads\/2022\/06\/Manual-Globe-Valve-2-600x450.jpg 600w, https:\/\/zecovalve.com\/wp-content\/uploads\/2022\/06\/Manual-Globe-Valve-2.jpg 800w\" sizes=\"auto, (max-width: 300px) 100vw, 300px\" \/><\/p>\r\n<\/figure>\r\n\r\n\r\n<div class=\"gb-button-wrapper gb-button-wrapper-6d8495a3\">\r\n\r\n\r\n<p><a class=\"gb-button gb-button-3d442e11 gb-button-text\" href=\"mailto:commercial@zecovalve.com\" target=\"_blank\" rel=\"noopener noreferrer\"><strong>MANUELLES DURCHGANGSVENTIL PREIS ERHALTEN<\/strong><\/a><\/p>\r\n<\/div>\r\n\r\n\r\n\r\n\r\n<h2 class=\"wp-block-heading\" id=\"h-what-is-a-manual-globe-valve\">Was ist ein manuelles Durchgangsventil?<\/h2>\r\n\r\n\r\n\r\n<p>Das manuelle Durchgangsventil von ZECO ist als Wegeventil ausgef\u00fchrt. Um die Abdichtung an der Spindelpackung zu gew\u00e4hrleisten, wird eine flexible Graphitpackung verwendet. Gleichzeitig ist zu ber\u00fccksichtigen, dass unter den Arbeitsbedingungen, Hohlraum Fl\u00fcssigkeit Erosion und Ersatz Packung Komfort. Es gab eine R\u00fcckdichtung Struktur in der Haube, diese nach oben Dichtfl\u00e4che und die Dichtfl\u00e4che der Spindel Kontakt mit einander, um sicherzustellen, dass die Spindel ist Abdichtung, wenn das Ventil Tor ge\u00f6ffnet ist. Da das manuelle Durchgangsventil von ZECO je nach Druck Anforderungen an die Durchflussrichtung stellt, muss das Durchgangsventil entsprechend den Anforderungen an die Durchflussrichtung installiert werden. Die Installation ist der Schl\u00fcssel zur Lebensdauer des Ventils. Eine unsachgem\u00e4\u00dfe Installation des Geradsitzventils kann zu erheblichen Leistungseinbu\u00dfen f\u00fchren, daher sollten Sie vor der Installation der Ventile die folgenden Punkte \u00fcberpr\u00fcfen. \u00dcberpr\u00fcfen Sie das Schild, das die Durchflussrichtung der Ventile anzeigt, und installieren Sie die Ventile entsprechend der Durchflussrichtung.<\/p>\r\n\r\n\r\n\r\n<h2 class=\"wp-block-heading\">Wie funktioniert ein Durchgangsventil?<\/h2>\r\n\r\n\r\n\r\n<p>Wasserh\u00e4hne sind das beste Beispiel daf\u00fcr, wie Durchgangsventile funktionieren. Wenn man den Wasserhahn aufdreht, hebt oder senkt sich der Schaft, je nach Ausf\u00fchrung. Dann kommt Wasser aus dem Wasserhahn. Wird der Hahn in die andere Richtung gedreht, z. B. zugedreht, wird der angehobene Schieber abgesenkt oder der abgesenkte Schieber angehoben.<\/p>\r\n\r\n\r\n\r\n<p>Die Anzahl der Umdrehungen beeinflusst die Wassermenge, die aus dem Wasserhahn kommt. In \u00e4hnlicher Weise wird durch die Steuerung des Ventilrads ein bestimmtes Volumen an Gas oder Fl\u00fcssigkeit durch das Ventil geleitet. Ein voll aufgedrehtes Ventil bedeutet, dass die Durchflussmenge am gr\u00f6\u00dften ist. Ein vollst\u00e4ndig abgedrehtes Ventil hingegen bedeutet, dass das Ventil verschlossen ist.<\/p>\r\n\r\n\r\n\r\n<h2 class=\"wp-block-heading\">Spezifikationen von Durchgangsventilen<\/h2>\r\n\r\n\r\n\r\n<figure class=\"wp-block-table is-style-stripes\">\r\n<table>\r\n<tbody>\r\n<tr>\r\n<td>Gr\u00f6\u00dfe<\/td>\r\n<td>\u00bd\" bis zu 24\" (DN 15 bis zu DN 600)<\/td>\r\n<\/tr>\r\n<tr>\r\n<td>Druckstufe<\/td>\r\n<td>ASME 150# bis 2500#<\/td>\r\n<\/tr>\r\n<tr>\r\n<td>Entwurf Standard<\/td>\r\n<td>API 602, MESC SPE 77 \/ 103, BS 1873, DIN 3356, API 623<\/td>\r\n<\/tr>\r\n<tr>\r\n<td>Druck-\/Temperaturbereich<\/td>\r\n<td>ASME B 16.34<\/td>\r\n<\/tr>\r\n<tr>\r\n<td>Pr\u00fcfung (Inspektion) Standard<\/td>\r\n<td>API 598, API 6D, MESC 77\/103, ISO 5208, ISO15848 -1&amp;2, BS 6364<\/td>\r\n<\/tr>\r\n<tr>\r\n<td>Details zur Konstruktion<\/td>\r\n<td>Verschraubtes Oberteil \/ Druckmittler Oberteil, OS &amp; Y Typ steigende Spindel<\/td>\r\n<\/tr>\r\n<tr>\r\n<td>Endverbindung<\/td>\r\n<td>Geschraubt, geschwei\u00dft, geflanscht, mit Nabe, stumpf geschwei\u00dft<\/td>\r\n<\/tr>\r\n<tr>\r\n<td>Bediener \/ Aktuator<\/td>\r\n<td>Hebel, Getriebe, Aktuator (pneumatisch, hydraulisch, elektrohydraulisch und elektromotorisch)<\/td>\r\n<\/tr>\r\n<tr>\r\n<td>Drei verschiedene Arten der Motorhaubenstruktur<\/td>\r\n<td>Verschraubte Haube, Druckdichtung, Faltenbalgdichtung<\/td>\r\n<\/tr>\r\n<\/tbody>\r\n<\/table>\r\n<\/figure>\r\n\r\n\r\n\r\n<h2 class=\"wp-block-heading\" id=\"h-features-of-manual-globe-valve\">Merkmale des manuellen Durchgangsventils:<\/h2>\r\n\r\n\r\n\r\n<ul class=\"wp-block-list\">\r\n<li>Der Ventilteller des manuellen Durchgangsventils von ZECO ist so konstruiert, dass er sich selbst ausrichtet, um zu verhindern, dass sich Partikel und Verunreinigungen des Mediums im Geh\u00e4use ablagern;<\/li>\r\n<li>Der integrierte Sitz und die selbstausrichtende Scheibe des manuellen ZECO-Absperrventils gew\u00e4hrleisten ein blasendichtes Absperren und eine lange Lebensdauer der Dichtung;<\/li>\r\n<li>Wenn das ZECO-Durchgangsventil ge\u00f6ffnet wird, verhindert der speziell konstruierte R\u00fccksitz das Eindringen von Feuchtigkeit und Verunreinigungen in die Packung;<\/li>\r\n<li>Die Dichtfl\u00e4che des manuellen ZECO-Durchgangsventils kann aus verschiedenen harten Dichtungsmaterialien hergestellt werden, um den Anforderungen spezieller Arbeitsbedingungen gerecht zu werden.<\/li>\r\n<\/ul>\r\n\r\n\r\n\r\n<h2 class=\"wp-block-heading\" id=\"h-material-of-manual-globe-valve\">Material des manuellen Durchgangsventils:<\/h2>\r\n\r\n\r\n\r\n<figure class=\"wp-block-table is-style-stripes\">\r\n<table>\r\n<tbody>\r\n<tr>\r\n<td>Nein<\/td>\r\n<td>Teil<\/td>\r\n<td>Material<\/td>\r\n<\/tr>\r\n<tr>\r\n<td>1<\/td>\r\n<td>K\u00f6rper<\/td>\r\n<td>ASTM A351 CF8M<\/td>\r\n<\/tr>\r\n<tr>\r\n<td>2<\/td>\r\n<td>Scheibe<\/td>\r\n<td>ASTM A182 F316<\/td>\r\n<\/tr>\r\n<tr>\r\n<td>3<\/td>\r\n<td>Vorbau<\/td>\r\n<td>ASTM A276 316<\/td>\r\n<\/tr>\r\n<tr>\r\n<td>4<\/td>\r\n<td>Dichtung der Motorhaube<\/td>\r\n<td>Graphit + SS316<\/td>\r\n<\/tr>\r\n<tr>\r\n<td>5<\/td>\r\n<td>Motorhaube<\/td>\r\n<td>ASTM A351 CF8M<\/td>\r\n<\/tr>\r\n<tr>\r\n<td>6<\/td>\r\n<td>Motorhaubenbolzen<\/td>\r\n<td>ASTM A193 B8M<\/td>\r\n<\/tr>\r\n<tr>\r\n<td>7<\/td>\r\n<td>Haubenmutter<\/td>\r\n<td>ASTM A194 8M<\/td>\r\n<\/tr>\r\n<tr>\r\n<td>8<\/td>\r\n<td>Spindelpackung<\/td>\r\n<td>Verst\u00e4rkter Graphit<\/td>\r\n<\/tr>\r\n<tr>\r\n<td>9<\/td>\r\n<td>Dr\u00fcse<\/td>\r\n<td>ASTM A276 316<\/td>\r\n<\/tr>\r\n<tr>\r\n<td>10<\/td>\r\n<td>Stopfbuchse Augenschraube<\/td>\r\n<td>ASTM A193 B8M<\/td>\r\n<\/tr>\r\n<tr>\r\n<td>11<\/td>\r\n<td>Spindelmutter<\/td>\r\n<td>ASTM B148<\/td>\r\n<\/tr>\r\n<\/tbody>\r\n<\/table>\r\n<\/figure>\r\n\r\n\r\n\r\n<h2 class=\"wp-block-heading\">Durchgangsventil Hersteller<\/h2>\r\n\r\n\r\n\r\n<p>ZECO Valve ist als einer der gr\u00f6\u00dften Hersteller von Geradsitzventilen bekannt und erf\u00fcllt die Anforderungen an funktionale Geradsitzventile in hervorragender Weise. ZECO Durchgangsventile werden in verschiedenen Arten von Maschinen und Industrien wie Dampf-, Service- und Verarbeitungsleitungen eingesetzt. Durchgangsventile werden h\u00e4ufig f\u00fcr die Durchflusskontrolle in einem Strom verwendet und arbeiten effizient f\u00fcr die Regulierung von Anlagen.<\/p>\r\n\r\n\r\n\r\n<h2 class=\"wp-block-heading\">\u00dcberlegungen beim Kauf von Durchgangsventilen<\/h2>\r\n\r\n\r\n\r\n<h3 class=\"wp-block-heading\">Beschr\u00e4nkungen der Ventilgr\u00f6\u00dfe<\/h3>\r\n\r\n\r\n\r\n<p>Der Ventildurchmesser ist aufgrund des Innendrucks des Durchflussmediums begrenzt. Die Hersteller von Durchgangsventilen begrenzen die Gr\u00f6\u00dfe auf Rohrnennweite (NPS) 12 oder Nenndurchmesser (DN) 300. Au\u00dferhalb dieser Bereiche lassen sich die Ventile unter Druck m\u00f6glicherweise nicht leicht \u00f6ffnen oder schlie\u00dfen.<\/p>\r\n\r\n\r\n\r\n<h3 class=\"wp-block-heading\">Ventilgarnituren<\/h3>\r\n\r\n\r\n\r\n<p>Bei Drosselung und hohem Druck von \u00fcber 200 psi neigen Ventilgarnituren zum Versagen. In solchen Situationen ist es besser, eine spezielle Ventilgarnitur anzufordern.<\/p>\r\n\r\n\r\n\r\n<h3 class=\"wp-block-heading\">P-T Bewertung<\/h3>\r\n\r\n\r\n\r\n<p>Die P-T-Bewertung bezieht sich auf die Bewertung des h\u00f6chsten Druck- und Temperaturverh\u00e4ltnisses, das das Ventil im Verh\u00e4ltnis zum Metallwerkstoff bew\u00e4ltigen kann.<\/p>\r\n\r\n\r\n\r\n<p>Mit steigender Temperatur sinkt die F\u00e4higkeit des K\u00f6rpers, dem Druck standzuhalten. Dar\u00fcber hinaus bestimmen das Sitzmaterial und die Konstruktion die Gesamteinstufung.<\/p>\r\n\r\n\r\n\r\n<p>Die meisten Hersteller von Durchgangsventilen verwenden die von ANS vorgeschriebene Gesamtdruckstufe, d. h. die Geh\u00e4usedruckstufe bei 100\u00b0F.<\/p>\r\n\r\n\r\n\r\n<h3 class=\"wp-block-heading\">Medium Typ<\/h3>\r\n\r\n\r\n\r\n<p>Die Art des Mediums ist eine der wichtigsten \u00dcberlegungen beim Kauf eines Durchgangsventils. Es gibt viele Arten von Medien, die f\u00fcr bestimmte Ventilkonstruktionen geeignet sein k\u00f6nnen oder auch nicht.<\/p>\r\n\r\n\r\n\r\n<p>So sind beispielsweise Schl\u00e4mme kein geeignetes Medium, da sie schwerer sind und gr\u00f6\u00dfere Bestandteile enthalten, die zur\u00fcckbleiben k\u00f6nnen. Diese wiederum k\u00f6nnen die Scheiben besch\u00e4digen. Au\u00dferdem kann solch z\u00e4hfl\u00fcssiges Material einen enormen Druckabfall verursachen.<\/p>\r\n\r\n\r\n\r\n<h3 class=\"wp-block-heading\">Material<\/h3>\r\n\r\n\r\n\r\n<p>Das Medium, das in der Armatur flie\u00dft, korreliert mit dem Material, aus dem die Armatur gefertigt ist. Ist das verwendete Material korrosionsbest\u00e4ndig? Wie konzentriert ist der Durchflussstoff? Handelt es sich um ein flie\u00dfendes Medium? Oder wird es den Durchfluss des Mediums verhindern? Die Antworten auf diese Fragen wirken sich direkt auf die Lebensdauer des Ventils aus.<\/p>\r\n\r\n\r\n\r\n<h3 class=\"wp-block-heading\">Einhaltung von Industriestandards<\/h3>\r\n\r\n\r\n\r\n<p>Durch die Einhaltung von Industriestandards wird die Integrit\u00e4t des Ventils gewahrt und die Sicherheit gew\u00e4hrleistet.<\/p>\r\n\r\n\r\n\r\n<p>Dazu geh\u00f6ren Zertifizierungen und Standards, die von den folgenden Stellen vergeben werden:<\/p>\r\n\r\n\r\n\r\n<p>American Society of Mechanical Engineers (ASME) American Petroleum Institute (API) Manufacturers Standardization Society (MSS) of Valve Fittings<\/p>","protected":false},"excerpt":{"rendered":"<p>ZECO Valve ist ein Hersteller von Absperrventilen, der vier Arten von Absperrventilen anbietet. Unsere Ventilfabrik in China produziert Gussstahl \u2026 <a title=\"Manuelles Durchgangsventil\" class=\"read-more\" href=\"https:\/\/zecovalve.com\/de\/produkt\/manuelles-durchgangsventil\" aria-label=\"Mehr zu Manual Globe Valve\">Weiterlesen ...<\/a><\/p>","protected":false},"featured_media":27902,"comment_status":"closed","ping_status":"closed","template":"","meta":{"_generate-full-width-content":"","kt_blocks_editor_width":""},"product_cat":[2049],"product_tag":[],"class_list":["post-16012","product","type-product","status-publish","has-post-thumbnail","hentry","product_cat-globe-valve","sales-flash-overlay","woocommerce-text-align-center","woocommerce-image-align-center","do-quantity-buttons"],"featured_image_src_large":["https:\/\/zecovalve.com\/wp-content\/uploads\/2022\/06\/Manual-Globe-Valve-2.jpg",800,600,false],"author_info":[],"comment_info":0,"taxonomy_info":{"product_cat":[{"value":2049,"label":"Globe Valve"}]},"yoast_head":"<!-- This site is optimized with the Yoast SEO Premium plugin v15.4 - https:\/\/yoast.com\/wordpress\/plugins\/seo\/ -->\n<title>Globe Valve Manufacturer - Globe Valve Factory | Zeco Valve<\/title>\n<meta name=\"robots\" content=\"index, follow, max-snippet:-1, max-image-preview:large, max-video-preview:-1\" \/>\n<link rel=\"canonical\" href=\"https:\/\/zecovalve.com\/de\/produkt\/manuelles-durchgangsventil\" \/>\n<meta property=\"og:locale\" content=\"de_DE\" \/>\n<meta property=\"og:type\" content=\"article\" \/>\n<meta property=\"og:title\" content=\"Globe Valve Manufacturer - Globe Valve Factory | Zeco Valve\" \/>\n<meta property=\"og:description\" content=\"ZECO Valve is a globe valve manufacturer that offers four types of globe valves. Our valve factory in China produces cast steel ... Weiterlesen ...\" \/>\n<meta property=\"og:url\" content=\"https:\/\/zecovalve.com\/de\/produkt\/manuelles-durchgangsventil\" \/>\n<meta property=\"og:site_name\" content=\"ZECO Valve\" \/>\n<meta property=\"article:modified_time\" content=\"2023-06-15T13:55:53+00:00\" \/>\n<meta property=\"og:image\" content=\"https:\/\/zecovalve.com\/wp-content\/uploads\/2022\/06\/Manual-Globe-Valve-2.jpg\" \/>\n\t<meta property=\"og:image:width\" content=\"800\" \/>\n\t<meta property=\"og:image:height\" content=\"600\" \/>\n<meta name=\"twitter:card\" content=\"summary_large_image\" \/>\n<meta name=\"twitter:label1\" content=\"Verfasst von\">\n\t<meta name=\"twitter:data1\" content=\"ZECO Valve\">\n\t<meta name=\"twitter:label2\" content=\"Gesch\u00e4tzte Lesezeit\">\n\t<meta name=\"twitter:data2\" content=\"4\u00a0Minuten\">\n<script type=\"application\/ld+json\" class=\"yoast-schema-graph\">{\"@context\":\"https:\/\/schema.org\",\"@graph\":[{\"@type\":\"WebSite\",\"@id\":\"https:\/\/zecovalve.com\/#website\",\"url\":\"https:\/\/zecovalve.com\/\",\"name\":\"ZECO Valve\",\"description\":\"Industrial Ball Valve, Gate Valve and Globe Valve Manufacturer\",\"potentialAction\":[{\"@type\":\"SearchAction\",\"target\":\"https:\/\/zecovalve.com\/?s={search_term_string}\",\"query-input\":\"required name=search_term_string\"}],\"inLanguage\":\"de\"},{\"@type\":\"ImageObject\",\"@id\":\"https:\/\/zecovalve.com\/product\/manual-globe-valve#primaryimage\",\"inLanguage\":\"de\",\"url\":\"https:\/\/zecovalve.com\/wp-content\/uploads\/2022\/06\/Manual-Globe-Valve-2.jpg\",\"width\":800,\"height\":600,\"caption\":\"Manual Globe Valve\"},{\"@type\":\"WebPage\",\"@id\":\"https:\/\/zecovalve.com\/product\/manual-globe-valve#webpage\",\"url\":\"https:\/\/zecovalve.com\/product\/manual-globe-valve\",\"name\":\"Globe Valve Manufacturer - Globe Valve Factory | Zeco Valve\",\"isPartOf\":{\"@id\":\"https:\/\/zecovalve.com\/#website\"},\"primaryImageOfPage\":{\"@id\":\"https:\/\/zecovalve.com\/product\/manual-globe-valve#primaryimage\"},\"datePublished\":\"2022-06-18T01:13:26+00:00\",\"dateModified\":\"2023-06-15T13:55:53+00:00\",\"breadcrumb\":{\"@id\":\"https:\/\/zecovalve.com\/product\/manual-globe-valve#breadcrumb\"},\"inLanguage\":\"de\",\"potentialAction\":[{\"@type\":\"ReadAction\",\"target\":[\"https:\/\/zecovalve.com\/product\/manual-globe-valve\"]}]},{\"@type\":\"BreadcrumbList\",\"@id\":\"https:\/\/zecovalve.com\/product\/manual-globe-valve#breadcrumb\",\"itemListElement\":[{\"@type\":\"ListItem\",\"position\":1,\"item\":{\"@type\":\"WebPage\",\"@id\":\"https:\/\/zecovalve.com\/\",\"url\":\"https:\/\/zecovalve.com\/\",\"name\":\"Home\"}},{\"@type\":\"ListItem\",\"position\":2,\"item\":{\"@type\":\"WebPage\",\"@id\":\"https:\/\/zecovalve.com\/product-category\",\"url\":\"https:\/\/zecovalve.com\/product-category\",\"name\":\"Industrial Valve Manufacturer | Water Valve Manufacturer\"}},{\"@type\":\"ListItem\",\"position\":3,\"item\":{\"@type\":\"WebPage\",\"@id\":\"https:\/\/zecovalve.com\/product\/manual-globe-valve\",\"url\":\"https:\/\/zecovalve.com\/product\/manual-globe-valve\",\"name\":\"Manual Globe Valve\"}}]}]}<\/script>\n<!-- \/ Yoast SEO Premium plugin. -->","_links":{"self":[{"href":"https:\/\/zecovalve.com\/de\/wp-json\/wp\/v2\/product\/16012","targetHints":{"allow":["GET"]}}],"collection":[{"href":"https:\/\/zecovalve.com\/de\/wp-json\/wp\/v2\/product"}],"about":[{"href":"https:\/\/zecovalve.com\/de\/wp-json\/wp\/v2\/types\/product"}],"replies":[{"embeddable":true,"href":"https:\/\/zecovalve.com\/de\/wp-json\/wp\/v2\/comments?post=16012"}],"wp:featuredmedia":[{"embeddable":true,"href":"https:\/\/zecovalve.com\/de\/wp-json\/wp\/v2\/media\/27902"}],"wp:attachment":[{"href":"https:\/\/zecovalve.com\/de\/wp-json\/wp\/v2\/media?parent=16012"}],"wp:term":[{"taxonomy":"product_cat","embeddable":true,"href":"https:\/\/zecovalve.com\/de\/wp-json\/wp\/v2\/product_cat?post=16012"},{"taxonomy":"product_tag","embeddable":true,"href":"https:\/\/zecovalve.com\/de\/wp-json\/wp\/v2\/product_tag?post=16012"}],"curies":[{"name":"wp","href":"https:\/\/api.w.org\/{rel}","templated":true}]}}