{"id":16029,"date":"2022-06-18T07:56:02","date_gmt":"2022-06-18T07:56:02","guid":{"rendered":"https:\/\/zecovalve.com\/?post_type=product&#038;p=16029"},"modified":"2023-08-17T05:29:56","modified_gmt":"2023-08-17T05:29:56","slug":"pneumatic-ball-valve","status":"publish","type":"product","link":"https:\/\/zecovalve.com\/de\/produkt\/pneumatic-ball-valve","title":{"rendered":"Pneumatischer Kugelhahn"},"content":{"rendered":"<p id=\"h-pneumatic-ball-valve\">Kugelh\u00e4hne k\u00f6nnen mit einem pneumatischen Antrieb (pneumatische Kugelh\u00e4hne) zur Automatisierung und\/oder zur Fernsteuerung kombiniert werden.<\/p>\r\n\r\n\r\n\r\n\r\n\r\n<figure class=\"wp-block-image size-full is-resized\">\r\n<figure id=\"attachment_28083\" aria-describedby=\"caption-attachment-28083\" style=\"width: 290px\" class=\"wp-caption alignnone\"><img loading=\"lazy\" decoding=\"async\" class=\"wp-image-28083 size-medium\" src=\"https:\/\/zecovalve.com\/wp-content\/uploads\/2022\/06\/Pneumatic-Ball-Valve-3-300x225.jpg\" alt=\"Pneumatischer Kugelhahn\" width=\"300\" height=\"225\" srcset=\"https:\/\/zecovalve.com\/wp-content\/uploads\/2022\/06\/Pneumatic-Ball-Valve-3-300x225.jpg 300w, https:\/\/zecovalve.com\/wp-content\/uploads\/2022\/06\/Pneumatic-Ball-Valve-3-768x576.jpg 768w, https:\/\/zecovalve.com\/wp-content\/uploads\/2022\/06\/Pneumatic-Ball-Valve-3-600x450.jpg 600w, https:\/\/zecovalve.com\/wp-content\/uploads\/2022\/06\/Pneumatic-Ball-Valve-3.jpg 800w\" sizes=\"auto, (max-width: 300px) 100vw, 300px\" \/><figcaption id=\"caption-attachment-28083\" class=\"wp-caption-text\">Pneumatischer Kugelhahn<\/figcaption><\/figure>\r\n\r\n<\/figure>\r\n\r\n\r\n<div class=\"gb-button-wrapper gb-button-wrapper-6d8495a3\">\r\n\r\n\r\n<p><a class=\"gb-button gb-button-3d442e11 gb-button-text\" href=\"mailto:commercial@zecovalve.com\" target=\"_blank\" rel=\"noopener noreferrer\"><strong>PNEUMATISCHER KUGELHAHN PREIS ERHALTEN<\/strong><\/a><\/p>\r\n<\/div>\r\n\r\n\r\n\r\n\r\n<h2 class=\"wp-block-heading\" id=\"h-what-is-a-pneumatic-ball-valve\">Was ist ein pneumatischer Kugelhahn?<\/h2>\r\n\r\n\r\n\r\n<p>Der pneumatische Kugelhahn von ZECO besteht aus einem pneumatischen Antrieb und einem Kugelhahn. Der Vorteil des pneumatischen Kugelhahns ist die schnelle Schaltgeschwindigkeit, die normale Schaltgeschwindigkeit kann 0,05 Sekunden\/Zeit erreichen, auch wegen der schnellen Schaltung, ZECO pneumatischen Kugelhahn wird oft als eine schnelle Absperrventil auf der Pipeline verwendet. Pneumatische Ger\u00e4te sind oft mit Magnetventilen, Luftquelle Verarbeitung Drillinge, Endschalter, Stellungsregler und Schaltkasten ausgestattet, so ZECO pneumatischen Kugelhahn und elektrischen Kugelhahn kann auch Remote-Betrieb zu erreichen.<\/p>\r\n\r\n\r\n\r\n<div class=\"wp-block-columns is-layout-flex wp-container-core-columns-is-layout-9d6595d7 wp-block-columns-is-layout-flex\">\r\n<div class=\"wp-block-column is-layout-flow wp-block-column-is-layout-flow\">\r\n<figure class=\"wp-block-image size-large is-resized\"><img loading=\"lazy\" decoding=\"async\" class=\"wp-image-18019\" src=\"https:\/\/zecovalve.com\/wp-content\/uploads\/2022\/07\/Pneumatic-ball-valve-1024x768.jpg\" alt=\"\" width=\"512\" height=\"384\" srcset=\"https:\/\/zecovalve.com\/wp-content\/uploads\/2022\/07\/Pneumatic-ball-valve-1024x768.jpg 1024w, https:\/\/zecovalve.com\/wp-content\/uploads\/2022\/07\/Pneumatic-ball-valve-300x225.jpg 300w, https:\/\/zecovalve.com\/wp-content\/uploads\/2022\/07\/Pneumatic-ball-valve-768x576.jpg 768w, https:\/\/zecovalve.com\/wp-content\/uploads\/2022\/07\/Pneumatic-ball-valve-1536x1152.jpg 1536w, https:\/\/zecovalve.com\/wp-content\/uploads\/2022\/07\/Pneumatic-ball-valve-2048x1536.jpg 2048w, https:\/\/zecovalve.com\/wp-content\/uploads\/2022\/07\/Pneumatic-ball-valve-600x450.jpg 600w\" sizes=\"auto, (max-width: 512px) 100vw, 512px\" \/><\/figure>\r\n<\/div>\r\n\r\n\r\n\r\n<div class=\"wp-block-column is-layout-flow wp-block-column-is-layout-flow\">\r\n<figure class=\"wp-block-image size-large is-resized\"><img loading=\"lazy\" decoding=\"async\" class=\"wp-image-18021\" src=\"https:\/\/zecovalve.com\/wp-content\/uploads\/2022\/07\/Pneumatic-ball-valve-2-1024x768.jpg\" alt=\"\" width=\"512\" height=\"384\" srcset=\"https:\/\/zecovalve.com\/wp-content\/uploads\/2022\/07\/Pneumatic-ball-valve-2-1024x768.jpg 1024w, https:\/\/zecovalve.com\/wp-content\/uploads\/2022\/07\/Pneumatic-ball-valve-2-300x225.jpg 300w, https:\/\/zecovalve.com\/wp-content\/uploads\/2022\/07\/Pneumatic-ball-valve-2-768x576.jpg 768w, https:\/\/zecovalve.com\/wp-content\/uploads\/2022\/07\/Pneumatic-ball-valve-2-1536x1152.jpg 1536w, https:\/\/zecovalve.com\/wp-content\/uploads\/2022\/07\/Pneumatic-ball-valve-2-2048x1536.jpg 2048w, https:\/\/zecovalve.com\/wp-content\/uploads\/2022\/07\/Pneumatic-ball-valve-2-600x450.jpg 600w\" sizes=\"auto, (max-width: 512px) 100vw, 512px\" \/><\/figure>\r\n<\/div>\r\n\r\n\r\n\r\n<div class=\"wp-block-column is-layout-flow wp-block-column-is-layout-flow\">\r\n<figure class=\"wp-block-image size-large is-resized\"><img loading=\"lazy\" decoding=\"async\" class=\"wp-image-18022\" src=\"https:\/\/zecovalve.com\/wp-content\/uploads\/2022\/07\/Pneumatic-ball-valve-3-1024x768.jpg\" alt=\"\" width=\"512\" height=\"384\" srcset=\"https:\/\/zecovalve.com\/wp-content\/uploads\/2022\/07\/Pneumatic-ball-valve-3-1024x768.jpg 1024w, https:\/\/zecovalve.com\/wp-content\/uploads\/2022\/07\/Pneumatic-ball-valve-3-300x225.jpg 300w, https:\/\/zecovalve.com\/wp-content\/uploads\/2022\/07\/Pneumatic-ball-valve-3-768x576.jpg 768w, https:\/\/zecovalve.com\/wp-content\/uploads\/2022\/07\/Pneumatic-ball-valve-3-1536x1152.jpg 1536w, https:\/\/zecovalve.com\/wp-content\/uploads\/2022\/07\/Pneumatic-ball-valve-3-2048x1536.jpg 2048w, https:\/\/zecovalve.com\/wp-content\/uploads\/2022\/07\/Pneumatic-ball-valve-3-600x450.jpg 600w\" sizes=\"auto, (max-width: 512px) 100vw, 512px\" \/><\/figure>\r\n<\/div>\r\n<\/div>\r\n\r\n\r\n\r\n<h2 class=\"wp-block-heading\" id=\"h-what-is-pneumatic-actuator\">Was ist ein pneumatischer Aktuator?<\/h2>\r\n\r\n\r\n\r\n<p>Pneumatische Antriebe steuern Kugelh\u00e4hne durch die Umwandlung von Druckluftenergie in mechanische Bewegung. Eine mechanische Drehbewegung ist in einem Kugelhahn f\u00fcr eine 90-Grad-Drehung erforderlich. Pneumatische Stellantriebe f\u00fcr Kugelh\u00e4hne k\u00f6nnen einfach- oder doppeltwirkend sein. Ein einfach wirkender pneumatischer Antrieb verwendet einen einzelnen Drucklufteingang zum Drehen des Hahns und eine Feder, um den Hahn in die normale Position zur\u00fcckzubringen. Ein doppelt wirkender pneumatischer Stellantrieb hat zwei Drucklufteing\u00e4nge, um das Ventil zu drehen und in seine urspr\u00fcngliche Position zur\u00fcckzubringen.<\/p>\r\n\r\n\r\n\r\n<h2 class=\"wp-block-heading\" id=\"h-how-does-a-pneumatic-ball-valve-work\">Wie funktioniert ein pneumatischer Kugelhahn?<\/h2>\r\n\r\n\r\n\r\n<p>Der gebr\u00e4uchlichste Mechanismus f\u00fcr einen pneumatischen Antrieb f\u00fcr Kugelh\u00e4hne ist der Zahnstangenmechanismus. Dieser besteht aus der Zahnstange (einem linearen Zahnrad) und dem Ritzel (einem kreisf\u00f6rmigen Zahnrad). Die Zahnstange ist an einem Kolben befestigt, der durch Druckluft in eine lineare Bewegung versetzt wird. Diese lineare Bewegung wird durch das Ritzel in eine Kreisbewegung umgewandelt. Das Ritzel treibt die Spindel eines Kugelhahns zum \u00d6ffnen und Schlie\u00dfen an.<br \/>Zur Steuerung des pneumatischen Antriebs f\u00fcr Kugelh\u00e4hne wird die Druckluft durch Magnetventile geregelt. Elektrische Signale von der Steuerung versetzen das Magnetventil in die \u00d6ffnungs- oder Schlie\u00dfstellung, so dass die Druckluft zu beiden Kolbenseiten des pneumatischen Stellantriebs flie\u00dfen kann. Der Kolben dr\u00fcckt auf die Zahnstange, die das mit der Spindel des Kugelhahns verbundene Ritzel dreht.<\/p>\r\n\r\n\r\n\r\n<h2 class=\"wp-block-heading\" id=\"h-applications-of-pneumatic-ball-valves\">Anwendungen von pneumatischen Kugelh\u00e4hnen<\/h2>\r\n\r\n\r\n\r\n<p>Pneumatische Kugelh\u00e4hne eignen sich f\u00fcr den Einsatz in zahlreichen Branchen, in denen Fl\u00fcssigkeiten wie Wasser, Gas, Luft, \u00d6l und andere Medien verwendet werden. Wenn Sie bet\u00e4tigte Kugelh\u00e4hne kaufen, k\u00f6nnen Sie sie f\u00fcr eine der folgenden Anwendungen einsetzen:<\/p>\r\n\r\n\r\n\r\n<ul class=\"wp-block-list\">\r\n<li>Industrielle Prozesse<\/li>\r\n<li>Umgang mit Chemikalien<\/li>\r\n<li>Herstellung<\/li>\r\n<li>Lebensmittel und Getr\u00e4nke<\/li>\r\n<li>Abwasserbehandlung<\/li>\r\n<li>Bergbau<\/li>\r\n<li>Kommunale Kl\u00e4ranlagen<\/li>\r\n<li>Kraftwerke<\/li>\r\n<li>Energie-Raffinerien<\/li>\r\n<li>Produktion von sauberem Wasser<\/li>\r\n<li>M\u00fclldeponien<\/li>\r\n<li>Tragbares Wasser<\/li>\r\n<li>Schwimmb\u00e4der<\/li>\r\n<li>Bew\u00e4sserung<\/li>\r\n<\/ul>\r\n\r\n\r\n\r\n<h2 class=\"wp-block-heading\" id=\"h-features-of-pneumatic-ball-valve\">Merkmale des pneumatischen Kugelhahns:<\/h2>\r\n\r\n\r\n\r\n<ol>\r\n<li>Der pneumatische Kugelhahn von ZECO kann zentral ferngesteuert werden, so dass keine Energie verschwendet werden muss, um zum Einsatzort zu laufen oder in die H\u00f6he zu klettern, um eine manuelle Steuerung zu riskieren. Dadurch wird die Effizienz des Personals erheblich reduziert und die pers\u00f6nliche Sicherheit des Personals gew\u00e4hrleistet;\r\n\r\n<\/li>\r\n<li>Der pneumatische Kugelhahn von ZECO ben\u00f6tigt nur eine Luftquelle, um die Kugel um 90\u00b0 zu drehen und ein geringes Drehmoment, um das Ventil dicht zu schlie\u00dfen. Die innere Kammer des Ventilgeh\u00e4uses, die genau so gro\u00df ist wie der Rohrleitungsdurchlass, sorgt f\u00fcr minimalen Widerstand und reduziert die Energieverschwendung bei der Medienf\u00f6rderung;\r\n\r\n<\/li>\r\n<li>ZECO pneumatische Kugelhahn Herstellung Erfahrung f\u00fcr viele Jahre und internationale Spitzentechnologie mit dem Design der doppelten Dichtung Struktur kombiniert, stark das Ventil in einer Vielzahl von Druckbedingungen der Dichtleistung zu gew\u00e4hrleisten. Wenn der Druck des Mediums im Niederdruckbereich flie\u00dft, ist die Kontaktfl\u00e4che zwischen dem Ventilsitzdichtring und der Kugel klein, so dass ein gr\u00f6\u00dferer Dichtungsdruck besteht, um sicherzustellen, dass der Ventilsitz zuverl\u00e4ssig abgedichtet ist. L\u00e4uft das Medium im Hochdruckbereich, vergr\u00f6\u00dfert sich die Kontaktfl\u00e4che zwischen Sitzdichtungsring und Kugel, so dass der Sitzdichtungsring dem gr\u00f6\u00dferen Druck des Mediums ohne Schaden standhalten kann;\r\n\r\n<\/li>\r\n<li>Die pneumatischen Kugelh\u00e4hne von ZECO k\u00f6nnen aus verschiedenen Marken von pneumatischen Antrieben ausgew\u00e4hlt werden, um die speziellen Anforderungen der Kunden zu erf\u00fcllen.<\/li>\r\n<\/ol>\r\n\r\n\r\n\r\n<h2 class=\"wp-block-heading\" id=\"h-material-of-pneumatic-ball-valve\">Material des pneumatischen Kugelhahns:<\/h2>\r\n\r\n\r\n\r\n<figure class=\"wp-block-table\">\r\n<table>\r\n<tbody>\r\n<tr>\r\n<td>Nein<\/td>\r\n<td>Teil<\/td>\r\n<td>Material<\/td>\r\n<\/tr>\r\n<tr>\r\n<td>1<\/td>\r\n<td>K\u00f6rper<\/td>\r\n<td>SCHMIEDESTAHL \/ KOHLENSTOFFSTAHL \/ EDELSTAHL<\/td>\r\n<\/tr>\r\n<tr>\r\n<td>2<\/td>\r\n<td>Motorhaube<\/td>\r\n<td>SCHMIEDESTAHL \/ KOHLENSTOFFSTAHL \/ EDELSTAHL<\/td>\r\n<\/tr>\r\n<tr>\r\n<td>3<\/td>\r\n<td>Kugel<\/td>\r\n<td>SCHMIEDESTAHL\/EDELSTAHL<\/td>\r\n<\/tr>\r\n<tr>\r\n<td>4<\/td>\r\n<td>Sitz<\/td>\r\n<td>PEFE \/ DEVELON \/ PEEK \/ METALL<\/td>\r\n<\/tr>\r\n<tr>\r\n<td>5<\/td>\r\n<td>Vorbau<\/td>\r\n<td>SCHMIEDESTAHL\/EDELSTAHL<\/td>\r\n<\/tr>\r\n<tr>\r\n<td>6<\/td>\r\n<td>Antistatische Vorrichtung<\/td>\r\n<td>SS304 \/ SS316<\/td>\r\n<\/tr>\r\n<tr>\r\n<td>7<\/td>\r\n<td>Dichtung<\/td>\r\n<td>Graphit + SS304 \/ SS316<\/td>\r\n<\/tr>\r\n<tr>\r\n<td>8<\/td>\r\n<td>Schraube<\/td>\r\n<td>ASTM A193 B7 \/ B8 \/ B8M<\/td>\r\n<\/tr>\r\n<tr>\r\n<td>9<\/td>\r\n<td>Nuss<\/td>\r\n<td>ASTM A194 2H \/ 8 \/ 8M<\/td>\r\n<\/tr>\r\n<tr>\r\n<td>10<\/td>\r\n<td>O-Ring<\/td>\r\n<td>Viton A<\/td>\r\n<\/tr>\r\n<tr>\r\n<td>11<\/td>\r\n<td>Pneumatischer Aktuator<\/td>\r\n<td>SS304 \/ SS316 \/ Aluminium<\/td>\r\n<\/tr>\r\n<\/tbody>\r\n<\/table>\r\n<\/figure>\r\n\r\n\r\n\r\n<h2 class=\"wp-block-heading\" id=\"h-selection-of-pneumatic-accessories-for-pneumatic-ball-valve\">Auswahl an pneumatischem Zubeh\u00f6r f\u00fcr pneumatische Kugelh\u00e4hne<\/h2>\r\n\r\n\r\n\r\n<h3 class=\"wp-block-heading\">Solenoidventil<\/h3>\r\n\r\n\r\n\r\n<p>Doppeltwirkender Zylinder in der Regel mit Zwei-Positionen-F\u00fcnf-Wege-Magnetventil oder Drei-Positionen-F\u00fcnf-Wege-Magnetventil. Der einfachwirkende Zylinder kann mit einem Zwei-Positionen-Drei-Wege-Magnetventil ausgestattet werden. Die Spannung kann DC24V, AC220V, etc. sein. Die Anforderungen an den Explosionsschutz sollten ber\u00fccksichtigt werden.<\/p>\r\n\r\n\r\n\r\n<h3 class=\"wp-block-heading\">Endschalter<\/h3>\r\n\r\n\r\n\r\n<p>Die Aufgabe des Stellantriebs besteht darin, die Drehung des Kontaktsignals umzuwandeln und an die Kontrollinstrumente weiterzuleiten sowie eine R\u00fcckmeldung \u00fcber den \u00d6ffnungs- und Schlie\u00dfzustand des Kugelhahns zu geben. \u00dcblicherweise werden mechanische und magnetische Induktionsantriebe verwendet. Auch die Anforderungen an den Explosionsschutz sollten ber\u00fccksichtigt werden.<\/p>\r\n\r\n\r\n\r\n<h3 class=\"wp-block-heading\">Pneumatischer Drilling (FRL)<\/h3>\r\n\r\n\r\n\r\n<p>Es gibt zwei und drei Teile mit den Funktionen Filtern, Dekompression und \u00d6lnebel. Es wird empfohlen, sie zu installieren, um ein Verklemmen des Zylinders aufgrund von Verunreinigungen im Zylinder zu vermeiden.<\/p>\r\n\r\n\r\n\r\n<p>Die drei oben genannten pneumatischen Zubeh\u00f6rteile sind in der Regel serienm\u00e4\u00dfig eingebaut, die folgenden sind zus\u00e4tzliche Optionen.<\/p>\r\n\r\n\r\n\r\n<h3 class=\"wp-block-heading\">Ventil-Stellungsregler<\/h3>\r\n\r\n\r\n\r\n<p>F\u00fcr die Proportionalregelung m\u00fcssen pneumatische Kugelh\u00e4hne installiert werden, die meist f\u00fcr pneumatische V-f\u00f6rmige Kugelh\u00e4hne verwendet werden. Eingang 4-20mA, zu pr\u00fcfen, ob mit dem Feedback-Ausgangssignal. Ob explosionsgesch\u00fctzt erforderlich ist. Es gibt gew\u00f6hnliche Typen und intelligente Typen.<\/p>\r\n\r\n\r\n\r\n<h3 class=\"wp-block-heading\">Handrad<\/h3>\r\n\r\n\r\n\r\n<p>Wird zwischen dem Kugelhahn und dem Zylinder installiert und kann im Falle eines Ausfalls der Gasquelle in einen manuellen Schalter umgewandelt werden, um die Sicherheit des Systems zu gew\u00e4hrleisten und die Produktion nicht zu verz\u00f6gern.<\/p>\r\n\r\n\r\n\r\n<h3 class=\"wp-block-heading\">Schnellentl\u00fcftungsventil<\/h3>\r\n\r\n\r\n\r\n<p>Es kann das \u00d6ffnen und Schlie\u00dfen von pneumatischen Kugelh\u00e4hnen beschleunigen. Wird zwischen dem Zylinder und dem Magnetventil installiert, damit das Gas im Zylinder nicht durch das Magnetventil str\u00f6mt und schnell abgelassen wird.<\/p>\r\n\r\n\r\n\r\n<h3 class=\"wp-block-heading\">Pneumatik-Verst\u00e4rker<\/h3>\r\n\r\n\r\n\r\n<p>Er wird in den Luftweg zum Zylinder eingebaut, um das Drucksignal vom Stellungsreglerausgang zu empfangen und einen gro\u00dfen Durchfluss zum Stellantrieb zu liefern, der zur Erh\u00f6hung der Geschwindigkeit der Ventilbet\u00e4tigung verwendet wird. Durch 1:1 (Verh\u00e4ltnis von Signal zu Ausgang). Haupts\u00e4chlich zur \u00dcbertragung von pneumatischen Signalen \u00fcber gro\u00dfe Entfernungen (0-300m) und zur Verringerung der Auswirkungen der \u00dcbertragungsverz\u00f6gerung verwendet.<\/p>\r\n\r\n\r\n\r\n<h3 class=\"wp-block-heading\">Pneumatisches Lageregelungsventil<\/h3>\r\n\r\n\r\n\r\n<p>Haupts\u00e4chlich f\u00fcr den Verriegelungsbetrieb des Luftquellendrucks, wobei die Luftzufuhrleitung des Ventils unterbrochen wird, wenn sie niedriger als der Luftquellendruck ist, damit das Ventil die Position vor dem Ausfall der Luftquelle beibeh\u00e4lt. Wenn der Druck der Luftquelle wiederhergestellt ist, wird gleichzeitig die Luftzufuhr zum Zylinder wiederhergestellt.<\/p>","protected":false},"excerpt":{"rendered":"<p>Kugelh\u00e4hne k\u00f6nnen mit einem pneumatischen Antrieb (pneumatische Kugelh\u00e4hne) zur Automatisierung und\/oder Fernsteuerung kombiniert werden. Was ist ein pneumatischer \u2026 <a title=\"Pneumatischer Kugelhahn\" class=\"read-more\" href=\"https:\/\/zecovalve.com\/de\/produkt\/pneumatic-ball-valve\" aria-label=\"Mehr zu Pneumatic Ball Valve\">Weiterlesen ...<\/a><\/p>","protected":false},"featured_media":28083,"comment_status":"closed","ping_status":"closed","template":"","meta":{"_generate-full-width-content":"","kt_blocks_editor_width":""},"product_cat":[2047,2460,2465],"product_tag":[2804,2802],"class_list":["post-16029","product","type-product","status-publish","has-post-thumbnail","hentry","product_cat-ball-valve","product_cat-ball-valve-by-drive-mode","product_cat-forged-steel-ball-valve","product_tag-2-inch-ball-valve","product_tag-ball-valve-price","sales-flash-overlay","woocommerce-text-align-center","woocommerce-image-align-center","do-quantity-buttons"],"featured_image_src_large":["https:\/\/zecovalve.com\/wp-content\/uploads\/2022\/06\/Pneumatic-Ball-Valve-3.jpg",800,600,false],"author_info":[],"comment_info":0,"taxonomy_info":{"product_cat":[{"value":2047,"label":"Ball Valve"},{"value":2460,"label":"Ball Valve By Drive Mode"},{"value":2465,"label":"Forged Ball Valve"}],"product_tag":[{"value":2804,"label":"2 inch Ball Valve"},{"value":2802,"label":"Ball Valve Price"}]},"yoast_head":"<!-- This site is optimized with the Yoast SEO Premium plugin v15.4 - https:\/\/yoast.com\/wordpress\/plugins\/seo\/ -->\n<title>Pneumatic Ball Valve - Actuated Ball Valve | ZECO Valve<\/title>\n<meta name=\"robots\" content=\"index, follow, max-snippet:-1, max-image-preview:large, max-video-preview:-1\" \/>\n<link rel=\"canonical\" href=\"https:\/\/zecovalve.com\/de\/produkt\/pneumatic-ball-valve\" \/>\n<meta property=\"og:locale\" content=\"de_DE\" \/>\n<meta property=\"og:type\" content=\"article\" \/>\n<meta property=\"og:title\" content=\"Pneumatic Ball Valve - Actuated Ball Valve | ZECO Valve\" \/>\n<meta property=\"og:description\" content=\"Ball valves can be combined with a pneumatic actuator (pneumatic ball valves) for automation and\/or for controlling remotely. What is a Pneumatic ... Weiterlesen ...\" \/>\n<meta property=\"og:url\" content=\"https:\/\/zecovalve.com\/de\/produkt\/pneumatic-ball-valve\" \/>\n<meta property=\"og:site_name\" content=\"ZECO Valve\" \/>\n<meta property=\"article:modified_time\" content=\"2023-08-17T05:29:56+00:00\" \/>\n<meta property=\"og:image\" content=\"https:\/\/zecovalve.com\/wp-content\/uploads\/2022\/06\/Pneumatic-Ball-Valve-3.jpg\" \/>\n\t<meta property=\"og:image:width\" content=\"800\" \/>\n\t<meta property=\"og:image:height\" content=\"600\" \/>\n<meta name=\"twitter:card\" content=\"summary_large_image\" \/>\n<meta name=\"twitter:label1\" content=\"Verfasst von\">\n\t<meta name=\"twitter:data1\" content=\"Jerry\">\n\t<meta name=\"twitter:label2\" content=\"Gesch\u00e4tzte Lesezeit\">\n\t<meta name=\"twitter:data2\" content=\"4\u00a0Minuten\">\n<script type=\"application\/ld+json\" class=\"yoast-schema-graph\">{\"@context\":\"https:\/\/schema.org\",\"@graph\":[{\"@type\":\"WebSite\",\"@id\":\"https:\/\/zecovalve.com\/#website\",\"url\":\"https:\/\/zecovalve.com\/\",\"name\":\"ZECO Valve\",\"description\":\"Industrial Ball Valve, Gate Valve and Globe Valve Manufacturer\",\"potentialAction\":[{\"@type\":\"SearchAction\",\"target\":\"https:\/\/zecovalve.com\/?s={search_term_string}\",\"query-input\":\"required name=search_term_string\"}],\"inLanguage\":\"de\"},{\"@type\":\"ImageObject\",\"@id\":\"https:\/\/zecovalve.com\/product\/pneumatic-ball-valve#primaryimage\",\"inLanguage\":\"de\",\"url\":\"https:\/\/zecovalve.com\/wp-content\/uploads\/2022\/06\/Pneumatic-Ball-Valve-3.jpg\",\"width\":800,\"height\":600,\"caption\":\"Pneumatic Ball Valve\"},{\"@type\":\"WebPage\",\"@id\":\"https:\/\/zecovalve.com\/product\/pneumatic-ball-valve#webpage\",\"url\":\"https:\/\/zecovalve.com\/product\/pneumatic-ball-valve\",\"name\":\"Pneumatic Ball Valve - Actuated Ball Valve | ZECO Valve\",\"isPartOf\":{\"@id\":\"https:\/\/zecovalve.com\/#website\"},\"primaryImageOfPage\":{\"@id\":\"https:\/\/zecovalve.com\/product\/pneumatic-ball-valve#primaryimage\"},\"datePublished\":\"2022-06-18T07:56:02+00:00\",\"dateModified\":\"2023-08-17T05:29:56+00:00\",\"breadcrumb\":{\"@id\":\"https:\/\/zecovalve.com\/product\/pneumatic-ball-valve#breadcrumb\"},\"inLanguage\":\"de\",\"potentialAction\":[{\"@type\":\"ReadAction\",\"target\":[\"https:\/\/zecovalve.com\/product\/pneumatic-ball-valve\"]}]},{\"@type\":\"BreadcrumbList\",\"@id\":\"https:\/\/zecovalve.com\/product\/pneumatic-ball-valve#breadcrumb\",\"itemListElement\":[{\"@type\":\"ListItem\",\"position\":1,\"item\":{\"@type\":\"WebPage\",\"@id\":\"https:\/\/zecovalve.com\/\",\"url\":\"https:\/\/zecovalve.com\/\",\"name\":\"Home\"}},{\"@type\":\"ListItem\",\"position\":2,\"item\":{\"@type\":\"WebPage\",\"@id\":\"https:\/\/zecovalve.com\/product-category\",\"url\":\"https:\/\/zecovalve.com\/product-category\",\"name\":\"Industrial Valve Manufacturer | Water Valve Manufacturer\"}},{\"@type\":\"ListItem\",\"position\":3,\"item\":{\"@type\":\"WebPage\",\"@id\":\"https:\/\/zecovalve.com\/product\/pneumatic-ball-valve\",\"url\":\"https:\/\/zecovalve.com\/product\/pneumatic-ball-valve\",\"name\":\"Pneumatic Ball Valve\"}}]}]}<\/script>\n<!-- \/ Yoast SEO Premium plugin. -->","_links":{"self":[{"href":"https:\/\/zecovalve.com\/de\/wp-json\/wp\/v2\/product\/16029","targetHints":{"allow":["GET"]}}],"collection":[{"href":"https:\/\/zecovalve.com\/de\/wp-json\/wp\/v2\/product"}],"about":[{"href":"https:\/\/zecovalve.com\/de\/wp-json\/wp\/v2\/types\/product"}],"replies":[{"embeddable":true,"href":"https:\/\/zecovalve.com\/de\/wp-json\/wp\/v2\/comments?post=16029"}],"wp:featuredmedia":[{"embeddable":true,"href":"https:\/\/zecovalve.com\/de\/wp-json\/wp\/v2\/media\/28083"}],"wp:attachment":[{"href":"https:\/\/zecovalve.com\/de\/wp-json\/wp\/v2\/media?parent=16029"}],"wp:term":[{"taxonomy":"product_cat","embeddable":true,"href":"https:\/\/zecovalve.com\/de\/wp-json\/wp\/v2\/product_cat?post=16029"},{"taxonomy":"product_tag","embeddable":true,"href":"https:\/\/zecovalve.com\/de\/wp-json\/wp\/v2\/product_tag?post=16029"}],"curies":[{"name":"wp","href":"https:\/\/api.w.org\/{rel}","templated":true}]}}