{"id":16035,"date":"2022-06-18T08:33:26","date_gmt":"2022-06-18T08:33:26","guid":{"rendered":"https:\/\/zecovalve.com\/?post_type=product&#038;p=16035"},"modified":"2023-06-07T13:51:29","modified_gmt":"2023-06-07T13:51:29","slug":"stainless-steel-gate-valve","status":"publish","type":"product","link":"https:\/\/zecovalve.com\/de\/produkt\/stainless-steel-gate-valve","title":{"rendered":"Schieber aus rostfreiem Stahl"},"content":{"rendered":"<p>ZECO Valve liefert Edelstahl-Absperrschieber in den Ausf\u00fchrungen Schieber sowie Absperrschieber, Flanschanschluss meist ab Lager.<\/p>\r\n\r\n\r\n\r\n<figure class=\"wp-block-image alignnone size-medium wp-image-16036\"><img loading=\"lazy\" decoding=\"async\" width=\"300\" height=\"225\" class=\"wp-image-16036\" src=\"https:\/\/zecovalve.com\/wp-content\/uploads\/2022\/06\/stainless-steel-gate-valve-300x225.jpg\" alt=\"Schieber aus rostfreiem Stahl\" srcset=\"https:\/\/zecovalve.com\/wp-content\/uploads\/2022\/06\/stainless-steel-gate-valve-300x225.jpg 300w, https:\/\/zecovalve.com\/wp-content\/uploads\/2022\/06\/stainless-steel-gate-valve-768x576.jpg 768w, https:\/\/zecovalve.com\/wp-content\/uploads\/2022\/06\/stainless-steel-gate-valve-600x450.jpg 600w, https:\/\/zecovalve.com\/wp-content\/uploads\/2022\/06\/stainless-steel-gate-valve.jpg 800w\" sizes=\"auto, (max-width: 300px) 100vw, 300px\" \/><\/figure>\r\n\r\n\r\n<div class=\"gb-button-wrapper gb-button-wrapper-f8260ba6\">\r\n\r\n\r\n<p><a class=\"gb-button gb-button-e4f70767 gb-button-text\" href=\"mailto:commercial@zecovalve.com\" target=\"_blank\" rel=\"noopener noreferrer\"><strong>PREIS F\u00dcR EDELSTAHLVENTILE ERHALTEN<\/strong><\/a><\/p>\r\n<\/div>\r\n\r\n\r\n\r\n\r\n<h2 class=\"wp-block-heading\" id=\"h-what-is-a-stainless-steel-gate-valve\">Was ist ein Absperrschieber aus Edelstahl?<\/h2>\r\n\r\n\r\n\r\n<p>ZECO-Edelstahlschieber werden f\u00fcr Rohrleitungen mit korrosiven Medien verwendet. Die Korrosionsbest\u00e4ndigkeit von Edelstahl ist relativ begrenzt und wird von vielen externen Faktoren wie Temperatur, Druck und PH-Wert beeinflusst. Solange jedoch die W\u00e4rmebehandlung und der Verarbeitungsprozess vollst\u00e4ndig mit dem Herstellungsprozess \u00fcbereinstimmen, kann garantiert werden, dass das Material innerhalb des Korrosionsbereichs korrosionsbest\u00e4ndig ist. Bei der Auswahl von Schieberventilen aus rostfreiem Stahl m\u00fcssen wir also die Konzentration des Mediums, die Temperatur der Arbeitsumgebung, die Auswahl der Materialien und andere Faktoren f\u00fcr die Korrosionsbest\u00e4ndigkeit ber\u00fccksichtigen.\u00a0<\/p>\r\n\r\n\r\n\r\n<p>ZECO Valve ist seit fast 30 Jahren Hersteller von Schieberventilen aus rostfreiem Stahl und bietet seinen Kunden professionelle Vorschl\u00e4ge f\u00fcr die Auswahl von Modellen und Materialien f\u00fcr die Arbeitsbedingungen.<\/p>\r\n\r\n\r\n\r\n<h2 class=\"wp-block-heading\">Wie funktioniert ein Edelstahlschieber?<\/h2>\r\n\r\n\r\n\r\n<p>Ein Schieber aus rostfreiem Stahl funktioniert \u00e4hnlich wie andere Ventile. Zum \u00d6ffnen des Ventils wird das Handrad gedreht, das den Schieber \u00fcber das Gewinde auf der Spindel nach oben oder unten bewegt. Ein Schieber aus Edelstahl erfordert mehr als eine 360\u00b0-Drehung, um das Ventil vollst\u00e4ndig zu \u00f6ffnen oder zu schlie\u00dfen. Wenn der Edelstahlschieber angehoben wird, \u00f6ffnet er den Einlass zum Auslass und l\u00e4sst einen ungehinderten Durchgang f\u00fcr das Medium zu. Wenn der Edelstahlschieber abgesenkt wird, schlie\u00dft er sich und blockiert den Durchfluss der Medien.<\/p>\r\n\r\n\r\n\r\n<h2 class=\"wp-block-heading\" id=\"h-applications-of-stainless-steel-gate-valves\">Anwendungen von Schieberventilen aus Edelstahl<\/h2>\r\n\r\n\r\n\r\n<p>Aufgrund seiner Widerstandsf\u00e4higkeit wird ein Schieber aus Edelstahl in einer Reihe von industriellen Anwendungen eingesetzt. Dazu geh\u00f6ren:<\/p>\r\n\r\n\r\n\r\n<ul class=\"wp-block-list\">\r\n<li>\u00d6l- und Gasindustrie;<\/li>\r\n<li>Chemische und pharmazeutische Erzeugnisse;<\/li>\r\n<li>Marine;<\/li>\r\n<li>Wasser- und Abwasseraufbereitung;<\/li>\r\n<li>Verarbeitendes Gewerbe.<\/li>\r\n<\/ul>\r\n\r\n\r\n\r\n<h2 class=\"wp-block-heading\" id=\"h-features-of-stainless-steel-gate-valves\">Merkmale von Schieberventilen aus Edelstahl:<\/h2>\r\n\r\n\r\n\r\n<ul class=\"wp-block-list\">\r\n<li>ZECO Edelstahlschieber haben eine Vielzahl von Edelstahlmaterialien, aus denen die Benutzer je nach den tats\u00e4chlichen Arbeitsbedingungen w\u00e4hlen k\u00f6nnen. Dazu geh\u00f6ren Gussteile wie ASTM A351 CF8, ASTM A351 CF8M, ASTM A351 CF3, ASTM A351 CF3M, Schmiedeteile wie ASTM A182 F304, ASTM A182 F304L, ASTM A182 F316, ASTM A182 F316L und Duplex-Edelstahl UNS SS32205 usw;<\/li>\r\n<li>Die Auswahl der Rohstofflieferanten f\u00fcr ZECO Edelstahlschieber orientiert sich an den Standards international bekannter Unternehmen f\u00fcr das Lieferkettensystem. Zun\u00e4chst wird der Bericht der ZECO-Qualit\u00e4tsinspektion \u00fcber die Erstmusteranalyse gepr\u00fcft, und dann bewertet die technische Abteilung das Management-System und den Produktionsprozess des Lieferanten. Erst nach der Bewertung und Genehmigung durch die beiden Abteilungen kann das Produkt in die Gesch\u00e4ftsverhandlungen der Einkaufsabteilung eintreten. Sp\u00e4ter wird jede Liefercharge des Lieferanten gepr\u00fcft, um die Beschaffung in verschiedene Stufen und Chargen zu unterteilen;<\/li>\r\n<li>Der ZECO-Edelstahlschieber ist mit einem erneuerbaren Sitz ausgestattet, der im Falle einer Besch\u00e4digung des Sitzes leicht ausgetauscht werden kann;<\/li>\r\n<li>ZECO-Edelstahlschieber haben eine hohe Korrosionsbest\u00e4ndigkeit und das Material erf\u00fcllt die Anforderungen der internationalen Normen.<\/li>\r\n<\/ul>\r\n\r\n\r\n\r\n<h2 class=\"wp-block-heading\" id=\"h-material-of-stainless-steel-gate-valve\">Material des Edelstahlschiebers:<\/h2>\r\n\r\n\r\n\r\n<figure class=\"wp-block-table\">\r\n<table>\r\n<tbody>\r\n<tr>\r\n<td>Nein<\/td>\r\n<td>Teil<\/td>\r\n<td>Material<\/td>\r\n<\/tr>\r\n<tr>\r\n<td>1<\/td>\r\n<td>K\u00f6rper<\/td>\r\n<td>ASTM A351 CF8M<\/td>\r\n<\/tr>\r\n<tr>\r\n<td>2<\/td>\r\n<td>Sitzring<\/td>\r\n<td>ASTM A182 F316 + STL<\/td>\r\n<\/tr>\r\n<tr>\r\n<td>3<\/td>\r\n<td>Keil<\/td>\r\n<td>ASTM A351 CF8M + STL<\/td>\r\n<\/tr>\r\n<tr>\r\n<td>4<\/td>\r\n<td>Vorbau<\/td>\r\n<td>ASTM A276 316<\/td>\r\n<\/tr>\r\n<tr>\r\n<td>5<\/td>\r\n<td>Dichtung der Motorhaube<\/td>\r\n<td>Graphit + SS315<\/td>\r\n<\/tr>\r\n<tr>\r\n<td>6<\/td>\r\n<td>Motorhaubenbolzen<\/td>\r\n<td>ASTM A193 B8<\/td>\r\n<\/tr>\r\n<tr>\r\n<td>7<\/td>\r\n<td>Haubenmutter<\/td>\r\n<td>ASTM A194 8<\/td>\r\n<\/tr>\r\n<tr>\r\n<td>8<\/td>\r\n<td>Motorhaube<\/td>\r\n<td>ASTM A351 CF8M<\/td>\r\n<\/tr>\r\n<tr>\r\n<td>9<\/td>\r\n<td>R\u00fccksitz<\/td>\r\n<td>ASTM A182 316<\/td>\r\n<\/tr>\r\n<tr>\r\n<td>10<\/td>\r\n<td>Spindelpackung<\/td>\r\n<td>Verst\u00e4rkter Graphit<\/td>\r\n<\/tr>\r\n<tr>\r\n<td>11<\/td>\r\n<td>Handrad<\/td>\r\n<td>KTH330-08<\/td>\r\n<\/tr>\r\n<\/tbody>\r\n<\/table>\r\n<\/figure>\r\n\r\n\r\n\r\n<h2 class=\"wp-block-heading\">Edelstahlschieber Preise<\/h2>\r\n\r\n\r\n\r\n<p>Da die Preise f\u00fcr Schieber aus rostfreiem Stahl stark schwanken, k\u00f6nnen Sie sich f\u00fcr spezifische Schieberpreise oder Schieberpreislisten an ZECO Valve wenden.<\/p>","protected":false},"excerpt":{"rendered":"<p>ZECO Valve liefert Edelstahl-Schieber in den Ausf\u00fchrungen Schieber sowie Schieber mit Flanschanschluss gr\u00f6\u00dftenteils ab Lager. \u2026 <a title=\"Schieber aus rostfreiem Stahl\" class=\"read-more\" href=\"https:\/\/zecovalve.com\/de\/produkt\/stainless-steel-gate-valve\" aria-label=\"Mehr zu Stainless Steel Gate Valve\">Weiterlesen ...<\/a><\/p>","protected":false},"featured_media":27868,"comment_status":"closed","ping_status":"closed","template":"","meta":{"_generate-full-width-content":"","kt_blocks_editor_width":""},"product_cat":[2052,2454],"product_tag":[2798],"class_list":["post-16035","product","type-product","status-publish","has-post-thumbnail","hentry","product_cat-gate-valve","product_cat-gate-valve-by-material","product_tag-osy-valve","sales-flash-overlay","woocommerce-text-align-center","woocommerce-image-align-center","do-quantity-buttons"],"featured_image_src_large":["https:\/\/zecovalve.com\/wp-content\/uploads\/2022\/06\/Stainless-Steel-Gate-Valve-1.jpg",800,600,false],"author_info":[],"comment_info":0,"taxonomy_info":{"product_cat":[{"value":2052,"label":"Gate Valve"},{"value":2454,"label":"Gate Valve By Material"}],"product_tag":[{"value":2798,"label":"OS&amp;Y Valve"}]},"yoast_head":"<!-- This site is optimized with the Yoast SEO Premium plugin v15.4 - https:\/\/yoast.com\/wordpress\/plugins\/seo\/ -->\n<title>Stainless Steel Gate Valve - Stainless Steel Valve | ZECO Valve<\/title>\n<meta name=\"robots\" content=\"index, follow, max-snippet:-1, max-image-preview:large, max-video-preview:-1\" \/>\n<link rel=\"canonical\" href=\"https:\/\/zecovalve.com\/de\/produkt\/stainless-steel-gate-valve\" \/>\n<meta property=\"og:locale\" content=\"de_DE\" \/>\n<meta property=\"og:type\" content=\"article\" \/>\n<meta property=\"og:title\" content=\"Stainless Steel Gate Valve - Stainless Steel Valve | ZECO Valve\" \/>\n<meta property=\"og:description\" content=\"ZECO Valve supplies Stainless steel gate valves in the versions gate valves as well as gate valves, flanged end mostly from stock. ... Weiterlesen ...\" \/>\n<meta property=\"og:url\" content=\"https:\/\/zecovalve.com\/de\/produkt\/stainless-steel-gate-valve\" \/>\n<meta property=\"og:site_name\" content=\"ZECO Valve\" \/>\n<meta property=\"article:modified_time\" content=\"2023-06-07T13:51:29+00:00\" \/>\n<meta property=\"og:image\" content=\"https:\/\/zecovalve.com\/wp-content\/uploads\/2022\/06\/Stainless-Steel-Gate-Valve-1.jpg\" \/>\n\t<meta property=\"og:image:width\" content=\"800\" \/>\n\t<meta property=\"og:image:height\" content=\"600\" \/>\n<meta name=\"twitter:card\" content=\"summary_large_image\" \/>\n<meta name=\"twitter:label1\" content=\"Verfasst von\">\n\t<meta name=\"twitter:data1\" content=\"Jerry\">\n\t<meta name=\"twitter:label2\" content=\"Gesch\u00e4tzte Lesezeit\">\n\t<meta name=\"twitter:data2\" content=\"2\u00a0Minuten\">\n<script type=\"application\/ld+json\" class=\"yoast-schema-graph\">{\"@context\":\"https:\/\/schema.org\",\"@graph\":[{\"@type\":\"WebSite\",\"@id\":\"https:\/\/zecovalve.com\/#website\",\"url\":\"https:\/\/zecovalve.com\/\",\"name\":\"ZECO Valve\",\"description\":\"Industrial Ball Valve, Gate Valve and Globe Valve Manufacturer\",\"potentialAction\":[{\"@type\":\"SearchAction\",\"target\":\"https:\/\/zecovalve.com\/?s={search_term_string}\",\"query-input\":\"required name=search_term_string\"}],\"inLanguage\":\"de\"},{\"@type\":\"ImageObject\",\"@id\":\"https:\/\/zecovalve.com\/product\/stainless-steel-gate-valve#primaryimage\",\"inLanguage\":\"de\",\"url\":\"https:\/\/zecovalve.com\/wp-content\/uploads\/2022\/06\/Stainless-Steel-Gate-Valve-1.jpg\",\"width\":800,\"height\":600,\"caption\":\"Stainless Steel Gate Valve\"},{\"@type\":\"WebPage\",\"@id\":\"https:\/\/zecovalve.com\/product\/stainless-steel-gate-valve#webpage\",\"url\":\"https:\/\/zecovalve.com\/product\/stainless-steel-gate-valve\",\"name\":\"Stainless Steel Gate Valve - Stainless Steel Valve | ZECO Valve\",\"isPartOf\":{\"@id\":\"https:\/\/zecovalve.com\/#website\"},\"primaryImageOfPage\":{\"@id\":\"https:\/\/zecovalve.com\/product\/stainless-steel-gate-valve#primaryimage\"},\"datePublished\":\"2022-06-18T08:33:26+00:00\",\"dateModified\":\"2023-06-07T13:51:29+00:00\",\"breadcrumb\":{\"@id\":\"https:\/\/zecovalve.com\/product\/stainless-steel-gate-valve#breadcrumb\"},\"inLanguage\":\"de\",\"potentialAction\":[{\"@type\":\"ReadAction\",\"target\":[\"https:\/\/zecovalve.com\/product\/stainless-steel-gate-valve\"]}]},{\"@type\":\"BreadcrumbList\",\"@id\":\"https:\/\/zecovalve.com\/product\/stainless-steel-gate-valve#breadcrumb\",\"itemListElement\":[{\"@type\":\"ListItem\",\"position\":1,\"item\":{\"@type\":\"WebPage\",\"@id\":\"https:\/\/zecovalve.com\/\",\"url\":\"https:\/\/zecovalve.com\/\",\"name\":\"Home\"}},{\"@type\":\"ListItem\",\"position\":2,\"item\":{\"@type\":\"WebPage\",\"@id\":\"https:\/\/zecovalve.com\/product-category\",\"url\":\"https:\/\/zecovalve.com\/product-category\",\"name\":\"Industrial Valve Manufacturer | Water Valve Manufacturer\"}},{\"@type\":\"ListItem\",\"position\":3,\"item\":{\"@type\":\"WebPage\",\"@id\":\"https:\/\/zecovalve.com\/product\/stainless-steel-gate-valve\",\"url\":\"https:\/\/zecovalve.com\/product\/stainless-steel-gate-valve\",\"name\":\"Stainless Steel Gate Valve\"}}]}]}<\/script>\n<!-- \/ Yoast SEO Premium plugin. -->","_links":{"self":[{"href":"https:\/\/zecovalve.com\/de\/wp-json\/wp\/v2\/product\/16035","targetHints":{"allow":["GET"]}}],"collection":[{"href":"https:\/\/zecovalve.com\/de\/wp-json\/wp\/v2\/product"}],"about":[{"href":"https:\/\/zecovalve.com\/de\/wp-json\/wp\/v2\/types\/product"}],"replies":[{"embeddable":true,"href":"https:\/\/zecovalve.com\/de\/wp-json\/wp\/v2\/comments?post=16035"}],"wp:featuredmedia":[{"embeddable":true,"href":"https:\/\/zecovalve.com\/de\/wp-json\/wp\/v2\/media\/27868"}],"wp:attachment":[{"href":"https:\/\/zecovalve.com\/de\/wp-json\/wp\/v2\/media?parent=16035"}],"wp:term":[{"taxonomy":"product_cat","embeddable":true,"href":"https:\/\/zecovalve.com\/de\/wp-json\/wp\/v2\/product_cat?post=16035"},{"taxonomy":"product_tag","embeddable":true,"href":"https:\/\/zecovalve.com\/de\/wp-json\/wp\/v2\/product_tag?post=16035"}],"curies":[{"name":"wp","href":"https:\/\/api.w.org\/{rel}","templated":true}]}}