{"id":16037,"date":"2022-06-18T08:40:15","date_gmt":"2022-06-18T08:40:15","guid":{"rendered":"https:\/\/zecovalve.com\/?post_type=product&#038;p=16037"},"modified":"2023-06-07T13:51:56","modified_gmt":"2023-06-07T13:51:56","slug":"motorized-gate-valve","status":"publish","type":"product","link":"https:\/\/zecovalve.com\/de\/produkt\/motorized-gate-valve","title":{"rendered":"Motorisiertes Ventil - Elektrisches Schieberventil"},"content":{"rendered":"<p>Motorisiertes Mehrwegeventil: Der Drehantrieb ist speziell f\u00fcr alle Dreharmaturenanwendungen (linear bewegte Armaturen), wie z. B. Ventile, Schieber usw. konzipiert.<\/p>\r\n\r\n\r\n\r\n<figure class=\"wp-block-image alignnone size-medium wp-image-16038\"><img loading=\"lazy\" decoding=\"async\" width=\"300\" height=\"225\" class=\"wp-image-16038\" src=\"https:\/\/zecovalve.com\/wp-content\/uploads\/2022\/06\/motorized-gate-valve-300x225.jpg\" alt=\"Motorisierter Absperrschieber\" srcset=\"https:\/\/zecovalve.com\/wp-content\/uploads\/2022\/06\/motorized-gate-valve-300x225.jpg 300w, https:\/\/zecovalve.com\/wp-content\/uploads\/2022\/06\/motorized-gate-valve-768x576.jpg 768w, https:\/\/zecovalve.com\/wp-content\/uploads\/2022\/06\/motorized-gate-valve-600x450.jpg 600w, https:\/\/zecovalve.com\/wp-content\/uploads\/2022\/06\/motorized-gate-valve.jpg 800w\" sizes=\"auto, (max-width: 300px) 100vw, 300px\" \/><\/figure>\r\n\r\n\r\n<div class=\"gb-button-wrapper gb-button-wrapper-6d8495a3\">\r\n\r\n\r\n<p><a class=\"gb-button gb-button-3d442e11 gb-button-text\" href=\"mailto:commercial@zecovalve.com\" target=\"_blank\" rel=\"noopener noreferrer\"><strong>MOTORISIERTER SCHIEBER PREIS ERHALTEN<\/strong><\/a><\/p>\r\n<\/div>\r\n\r\n\r\n\r\n\r\n<h2 class=\"wp-block-heading\" id=\"h-what-is-motorized-valve\">Was ist ein motorisiertes Ventil:<\/h2>\r\n\r\n\r\n\r\n<p>Ein motorisiertes Ventil ist ein Ventiltyp, der einen Elektromotor zum \u00d6ffnen oder Schlie\u00dfen seines Mechanismus verwendet. Dieser Ventiltyp eignet sich ideal f\u00fcr sehr gro\u00dfe Ventiltypen oder Fernsteuerungsanwendungen f\u00fcr Fl\u00fcssigkeiten wie Flugzeugenteisung, landwirtschaftliche Bew\u00e4sserung und automatische Brandbek\u00e4mpfung. Die meisten Ventiltypen sind f\u00fcr motorisierte Anwendungen geeignet, wobei einige h\u00e4ufig verwendete Typen Schieber, Kugel und Klappe sind. Motorisierte Ventile eignen sich auch f\u00fcr ferngesteuerte Durchflussregelungsanwendungen, bei denen die Systemeing\u00e4nge eine inkrementelle Ventilbet\u00e4tigung erfordern. Die internen Fluidsteuerungsmechanismen von Motorventilen sind im Allgemeinen identisch mit denen ihrer manuellen Gegenst\u00fccke; der einzige Unterschied zwischen den beiden sind die Ventilbet\u00e4tigungseing\u00e4nge.<\/p>\r\n\r\n\r\n\r\n<p>Der elektrische Schieber von ZECO wird nach der Betriebsart benannt,\u00a0 <a href=\"https:\/\/zecovalve.com\/de\/produkt\/motorized-gate-valve\" data-internallinksmanager029f6b8e52c=\"4\" title=\"Motorisierter Absperrschieber\" target=\"_blank\" rel=\"noopener\">Motorisierter Absperrschieber<\/a> wird, wie der Name schon sagt, von einem elektrisch bet\u00e4tigten Schieber angetrieben. Der von ZECO entwickelte elektrische Schieber entspricht der Sicherheits- und Integrit\u00e4tsstufe SIL 3 f\u00fcr automatisierte Armaturen. Die ZECO Valve Group setzt moderne Maschinen und die neuesten fortschrittlichen Fertigungsanlagen ein, um den Anwendern qualitativ hochwertige Produkte zur Durchflussregelung zu einem sehr wettbewerbsf\u00e4higen Preis anbieten zu k\u00f6nnen. Alle Gussteile, insbesondere Geh\u00e4use und Ventiloberteil, sind aus schweren Profilen gefertigt, um Festigkeit und Haltbarkeit sowie einen zuverl\u00e4ssigen und sicheren Einsatz in einer Vielzahl von Betriebsumgebungen zu gew\u00e4hrleisten. Die Stahllegierungen f\u00fcr Geh\u00e4use und Haube werden sorgf\u00e4ltig nach guter Gussqualit\u00e4t, struktureller Stabilit\u00e4t, mechanischer Belastbarkeit und sicherer Schwei\u00dfbarkeit ausgew\u00e4hlt. Die Gussteile werden unter strenger und kritischer metallurgischer und labortechnischer \u00dcberwachung gegossen. Sie werden w\u00e4rmebehandelt, im Stehendspritzverfahren gr\u00fcndlich gereinigt und sorgf\u00e4ltig gepr\u00fcft, um sicherzustellen, dass sie frei von Fehlern sind. Alle Gussteile dieser Ventile entsprechen den entsprechenden ASTM-Normen.<\/p>\r\n\r\n\r\n\r\n<h2 class=\"wp-block-heading\">Wie funktioniert ein motorisiertes Ventil?<\/h2>\r\n\r\n\r\n\r\n<p>Das motorisierte Ventil ist eine Stromversorgung, die die Drehung des Motors antreibt und so das Ventil eines Ger\u00e4ts \u00f6ffnet oder schlie\u00dft und Spannungsst\u00f6\u00dfen standh\u00e4lt. Der Drehbereich des elektrischen Ventils ist einstellbar. Der Drehbereich kann durch die Eingabe der angegebenen Strom- und Spannungssignale eingestellt werden. Die allgemeinen Steuersignale sind: Stromsignal (4 ~ 20mA, 0 ~ 10mA) oder Spannungssignal (0 ~ 5V, 1 ~ 5V).<\/p>\r\n\r\n\r\n\r\n<h2 class=\"wp-block-heading\">Anwendung von motorisierten Ventilen<\/h2>\r\n\r\n\r\n\r\n<p>Motorisierte Ventile sind in der Regel mit einem Elektromotor ausgestattet, der \u00fcber ein Getriebe einen fortschrittlichen Mechanismus zum \u00d6ffnen oder Schlie\u00dfen der Ventile antreibt. Der jeweilige Antriebsmechanismus h\u00e4ngt von der Art des Ventils ab. Schieber mit vertikalem Hub, wie z. B. Schieber oder Schleusen, verwenden in der Regel einen Gewindespindelmechanismus, der die Schieberplatte anhebt oder absenkt, und sind normalerweise in gr\u00f6\u00dferen Systemen, wie z. B. Wasserleitungen, zu finden. Durchgangsventile verwenden ebenfalls einen Spindelvorschubmechanismus, um den kegelf\u00f6rmigen Kegel zu positionieren, der den Fl\u00fcssigkeitsdurchfluss in hochpr\u00e4zisen Dosieranwendungen steuert.<\/p>\r\n\r\n\r\n\r\n<h2 class=\"wp-block-heading\" id=\"h-features-of-motorized-valves\">Merkmale der motorisierten Ventile:<\/h2>\r\n\r\n\r\n\r\n<ul class=\"wp-block-list\">\r\n<li>Der elektrische Schieber von ZECO kann aus der Ferne bedient werden, und der Benutzer kann den Schieberstatus im Kontrollraum \u00fcberpr\u00fcfen. Dies reduziert die Verschwendung von Personal, das zum Schlie\u00dfen von Schiebern ohne elektrische Antriebe zum Standort fahren muss, und verringert auch die Situation, dass Schieber in gef\u00e4hrlichen Situationen nicht geschlossen werden k\u00f6nnen;<\/li>\r\n<li>Der ZECO-Elektroschieber kann mit asbestfreier Packung oder Graphitpackung geliefert werden;<\/li>\r\n<li>Der elektrische Schieber von ZECO fixiert den elektrischen Antrieb w\u00e4hrend des Transports, um Besch\u00e4digungen des elektrischen Antriebs durch St\u00f6\u00dfe w\u00e4hrend des Transports zu vermeiden;<\/li>\r\n<li>Das niedrige Drehmoment des elektrischen ZECO-Schiebers kann die Kosten f\u00fcr den elektrischen Antrieb reduzieren.<\/li>\r\n<\/ul>\r\n\r\n\r\n\r\n<h2 class=\"wp-block-heading\" id=\"h-material-of-electric-gate-valve\">Material des elektrischen Absperrschiebers:<\/h2>\r\n\r\n\r\n\r\n<figure class=\"wp-block-table\">\r\n<table>\r\n<tbody>\r\n<tr>\r\n<td>Nein<\/td>\r\n<td>Teil<\/td>\r\n<td>Material<\/td>\r\n<\/tr>\r\n<tr>\r\n<td>1<\/td>\r\n<td>K\u00f6rper<\/td>\r\n<td>ASTM A351 CF8<\/td>\r\n<\/tr>\r\n<tr>\r\n<td>2<\/td>\r\n<td>Sitzring<\/td>\r\n<td>ASTM A182 F304 + 13Cr<\/td>\r\n<\/tr>\r\n<tr>\r\n<td>3<\/td>\r\n<td>Keil<\/td>\r\n<td>ASTM A351 CF8 + 13Cr<\/td>\r\n<\/tr>\r\n<tr>\r\n<td>4<\/td>\r\n<td>Vorbau<\/td>\r\n<td>ASTM A182 304<\/td>\r\n<\/tr>\r\n<tr>\r\n<td>5<\/td>\r\n<td>Dichtung der Motorhaube<\/td>\r\n<td>Graphit + SS304<\/td>\r\n<\/tr>\r\n<tr>\r\n<td>6<\/td>\r\n<td>Motorhaubenbolzen<\/td>\r\n<td>ASTM A193 B8<\/td>\r\n<\/tr>\r\n<tr>\r\n<td>7<\/td>\r\n<td>Haubenmutter<\/td>\r\n<td>ASTM A194 8<\/td>\r\n<\/tr>\r\n<tr>\r\n<td>8<\/td>\r\n<td>Motorhaube<\/td>\r\n<td>ASTM A351 CF8<\/td>\r\n<\/tr>\r\n<tr>\r\n<td>9<\/td>\r\n<td>R\u00fccksitz<\/td>\r\n<td>ASTM A182 304<\/td>\r\n<\/tr>\r\n<tr>\r\n<td>10<\/td>\r\n<td>Spindelpackung<\/td>\r\n<td>Verst\u00e4rkter Graphit<\/td>\r\n<\/tr>\r\n<tr>\r\n<td>11<\/td>\r\n<td>Motorisierter Aktuator<\/td>\r\n<td>ASTM A351 CF8<\/td>\r\n<\/tr>\r\n<\/tbody>\r\n<\/table>\r\n<\/figure>","protected":false},"excerpt":{"rendered":"<p>Motorisiertes Mehrdrehventil: Der Mehrdrehantrieb ist speziell f\u00fcr alle Mehrdrehventilanwendungen (Ventile mit linearer Bewegung) wie z. B. Absperrventile, Schieber usw. konzipiert. <a title=\"Motorisiertes Ventil - Elektrisches Schieberventil\" class=\"read-more\" href=\"https:\/\/zecovalve.com\/de\/produkt\/motorized-gate-valve\" aria-label=\"Mehr zu Motorisiertes Ventil \u2013 Elektrisches Schieberventil\">Weiterlesen ...<\/a><\/p>","protected":false},"featured_media":27869,"comment_status":"closed","ping_status":"closed","template":"","meta":{"_generate-full-width-content":"","kt_blocks_editor_width":""},"product_cat":[2052,2457],"product_tag":[2766,2727],"class_list":["post-16037","product","type-product","status-publish","has-post-thumbnail","hentry","product_cat-gate-valve","product_cat-gate-valve-by-drive-mode","product_tag-motorised-valve","product_tag-motorized-valve","sales-flash-overlay","woocommerce-text-align-center","woocommerce-image-align-center","do-quantity-buttons"],"featured_image_src_large":["https:\/\/zecovalve.com\/wp-content\/uploads\/2022\/06\/Motorized-Valve-\u2013-Electric-Gate-Valve.jpg",800,600,false],"author_info":[],"comment_info":0,"taxonomy_info":{"product_cat":[{"value":2052,"label":"Gate Valve"},{"value":2457,"label":"Gate Valve with Actuator"}],"product_tag":[{"value":2766,"label":"Motorised Valve"},{"value":2727,"label":"Motorized Valve"}]},"yoast_head":"<!-- This site is optimized with the Yoast SEO Premium plugin v15.4 - https:\/\/yoast.com\/wordpress\/plugins\/seo\/ -->\n<title>Motorized Valve - Electric Gate Valve Manufacturer | Zeco Valve<\/title>\n<meta name=\"robots\" content=\"index, follow, max-snippet:-1, max-image-preview:large, max-video-preview:-1\" \/>\n<link rel=\"canonical\" href=\"https:\/\/zecovalve.com\/de\/produkt\/motorized-gate-valve\" \/>\n<meta property=\"og:locale\" content=\"de_DE\" \/>\n<meta property=\"og:type\" content=\"article\" \/>\n<meta property=\"og:title\" content=\"Motorized Valve - Electric Gate Valve Manufacturer | Zeco Valve\" \/>\n<meta property=\"og:description\" content=\"Multi-Turn Motorized Valve: Multi-turn actuator is specially designed for all multi-turn valve applications (linear motion valves), such as globe valves, gate valves, ... Weiterlesen ...\" \/>\n<meta property=\"og:url\" content=\"https:\/\/zecovalve.com\/de\/produkt\/motorized-gate-valve\" \/>\n<meta property=\"og:site_name\" content=\"ZECO Valve\" \/>\n<meta property=\"article:modified_time\" content=\"2023-06-07T13:51:56+00:00\" \/>\n<meta property=\"og:image\" content=\"https:\/\/zecovalve.com\/wp-content\/uploads\/2022\/06\/Motorized-Valve-\u2013-Electric-Gate-Valve.jpg\" \/>\n\t<meta property=\"og:image:width\" content=\"800\" \/>\n\t<meta property=\"og:image:height\" content=\"600\" \/>\n<meta name=\"twitter:card\" content=\"summary_large_image\" \/>\n<meta name=\"twitter:label1\" content=\"Verfasst von\">\n\t<meta name=\"twitter:data1\" content=\"Jerry\">\n\t<meta name=\"twitter:label2\" content=\"Gesch\u00e4tzte Lesezeit\">\n\t<meta name=\"twitter:data2\" content=\"3\u00a0Minuten\">\n<script type=\"application\/ld+json\" class=\"yoast-schema-graph\">{\"@context\":\"https:\/\/schema.org\",\"@graph\":[{\"@type\":\"WebSite\",\"@id\":\"https:\/\/zecovalve.com\/#website\",\"url\":\"https:\/\/zecovalve.com\/\",\"name\":\"ZECO Valve\",\"description\":\"Industrial Ball Valve, Gate Valve and Globe Valve Manufacturer\",\"potentialAction\":[{\"@type\":\"SearchAction\",\"target\":\"https:\/\/zecovalve.com\/?s={search_term_string}\",\"query-input\":\"required name=search_term_string\"}],\"inLanguage\":\"de\"},{\"@type\":\"ImageObject\",\"@id\":\"https:\/\/zecovalve.com\/product\/motorized-gate-valve#primaryimage\",\"inLanguage\":\"de\",\"url\":\"https:\/\/zecovalve.com\/wp-content\/uploads\/2022\/06\/Motorized-Valve-\\u2013-Electric-Gate-Valve.jpg\",\"width\":800,\"height\":600,\"caption\":\"Motorized Valve \\u2013 Electric Gate Valve\"},{\"@type\":\"WebPage\",\"@id\":\"https:\/\/zecovalve.com\/product\/motorized-gate-valve#webpage\",\"url\":\"https:\/\/zecovalve.com\/product\/motorized-gate-valve\",\"name\":\"Motorized Valve - Electric Gate Valve Manufacturer | Zeco Valve\",\"isPartOf\":{\"@id\":\"https:\/\/zecovalve.com\/#website\"},\"primaryImageOfPage\":{\"@id\":\"https:\/\/zecovalve.com\/product\/motorized-gate-valve#primaryimage\"},\"datePublished\":\"2022-06-18T08:40:15+00:00\",\"dateModified\":\"2023-06-07T13:51:56+00:00\",\"breadcrumb\":{\"@id\":\"https:\/\/zecovalve.com\/product\/motorized-gate-valve#breadcrumb\"},\"inLanguage\":\"de\",\"potentialAction\":[{\"@type\":\"ReadAction\",\"target\":[\"https:\/\/zecovalve.com\/product\/motorized-gate-valve\"]}]},{\"@type\":\"BreadcrumbList\",\"@id\":\"https:\/\/zecovalve.com\/product\/motorized-gate-valve#breadcrumb\",\"itemListElement\":[{\"@type\":\"ListItem\",\"position\":1,\"item\":{\"@type\":\"WebPage\",\"@id\":\"https:\/\/zecovalve.com\/\",\"url\":\"https:\/\/zecovalve.com\/\",\"name\":\"Home\"}},{\"@type\":\"ListItem\",\"position\":2,\"item\":{\"@type\":\"WebPage\",\"@id\":\"https:\/\/zecovalve.com\/product-category\",\"url\":\"https:\/\/zecovalve.com\/product-category\",\"name\":\"Industrial Valve Manufacturer | Water Valve Manufacturer\"}},{\"@type\":\"ListItem\",\"position\":3,\"item\":{\"@type\":\"WebPage\",\"@id\":\"https:\/\/zecovalve.com\/product\/motorized-gate-valve\",\"url\":\"https:\/\/zecovalve.com\/product\/motorized-gate-valve\",\"name\":\"Motorized Valve &#8211; Electric Gate Valve\"}}]}]}<\/script>\n<!-- \/ Yoast SEO Premium plugin. -->","_links":{"self":[{"href":"https:\/\/zecovalve.com\/de\/wp-json\/wp\/v2\/product\/16037","targetHints":{"allow":["GET"]}}],"collection":[{"href":"https:\/\/zecovalve.com\/de\/wp-json\/wp\/v2\/product"}],"about":[{"href":"https:\/\/zecovalve.com\/de\/wp-json\/wp\/v2\/types\/product"}],"replies":[{"embeddable":true,"href":"https:\/\/zecovalve.com\/de\/wp-json\/wp\/v2\/comments?post=16037"}],"wp:featuredmedia":[{"embeddable":true,"href":"https:\/\/zecovalve.com\/de\/wp-json\/wp\/v2\/media\/27869"}],"wp:attachment":[{"href":"https:\/\/zecovalve.com\/de\/wp-json\/wp\/v2\/media?parent=16037"}],"wp:term":[{"taxonomy":"product_cat","embeddable":true,"href":"https:\/\/zecovalve.com\/de\/wp-json\/wp\/v2\/product_cat?post=16037"},{"taxonomy":"product_tag","embeddable":true,"href":"https:\/\/zecovalve.com\/de\/wp-json\/wp\/v2\/product_tag?post=16037"}],"curies":[{"name":"wp","href":"https:\/\/api.w.org\/{rel}","templated":true}]}}