{"id":16048,"date":"2022-06-18T09:25:33","date_gmt":"2022-06-18T09:25:33","guid":{"rendered":"https:\/\/zecovalve.com\/?post_type=product&#038;p=16048"},"modified":"2023-06-07T13:52:25","modified_gmt":"2023-06-07T13:52:25","slug":"gear-operated-gate-valve","status":"publish","type":"product","link":"https:\/\/zecovalve.com\/de\/produkt\/gear-operated-gate-valve","title":{"rendered":"Getriebeventil - Getriebebetriebenes Schieberventil"},"content":{"rendered":"<p><a href=\"https:\/\/zecovalve.com\/de\/produkt\/gear-operated-gate-valve\" data-internallinksmanager029f6b8e52c=\"2\" title=\"zahnradbetriebene Schieber\" target=\"_blank\" rel=\"noopener\">Getriebeventile<\/a> den Durchfluss von Fl\u00fcssigkeiten oder Gasen regeln.<\/p>\r\n\r\n\r\n\r\n<div class=\"wp-block-columns is-layout-flex wp-container-core-columns-is-layout-9d6595d7 wp-block-columns-is-layout-flex\">\r\n<div class=\"wp-block-column is-layout-flow wp-block-column-is-layout-flow\">\r\n<figure class=\"wp-block-image size-large\"><img decoding=\"async\" src=\"https:\/\/zecovalve.com\/wp-content\/uploads\/2022\/06\/gear-operated-gate-valve-1-300x225.jpg\" alt=\"\" \/><\/figure>\r\n<\/div>\r\n\r\n\r\n\r\n<div class=\"wp-block-column is-layout-flow wp-block-column-is-layout-flow\">\r\n<figure class=\"wp-block-image size-large\"><img decoding=\"async\" src=\"https:\/\/zecovalve.com\/wp-content\/uploads\/2022\/06\/gear-operated-gate-valve-3-300x225.jpg\" alt=\"\" \/><\/figure>\r\n<\/div>\r\n\r\n\r\n\r\n<div class=\"wp-block-column is-layout-flow wp-block-column-is-layout-flow\">\r\n<figure class=\"wp-block-image size-large\"><img decoding=\"async\" src=\"https:\/\/zecovalve.com\/wp-content\/uploads\/2022\/06\/gear-operated-gate-valve-2-300x225.jpg\" alt=\"\" \/><\/figure>\r\n<\/div>\r\n<\/div>\r\n\r\n\r\n\r\n<div class=\"wp-block-columns is-layout-flex wp-container-core-columns-is-layout-9d6595d7 wp-block-columns-is-layout-flex\">\r\n<div class=\"wp-block-column is-layout-flow wp-block-column-is-layout-flow\"><div class=\"wp-block-image\">\r\n<figure class=\"aligncenter size-full is-resized\"><img loading=\"lazy\" decoding=\"async\" class=\"wp-image-16052\" src=\"https:\/\/zecovalve.com\/wp-content\/uploads\/2022\/06\/gear-operated-gate-valve-4.jpg\" alt=\"\" width=\"400\" height=\"300\" srcset=\"https:\/\/zecovalve.com\/wp-content\/uploads\/2022\/06\/gear-operated-gate-valve-4.jpg 800w, https:\/\/zecovalve.com\/wp-content\/uploads\/2022\/06\/gear-operated-gate-valve-4-300x225.jpg 300w, https:\/\/zecovalve.com\/wp-content\/uploads\/2022\/06\/gear-operated-gate-valve-4-768x576.jpg 768w, https:\/\/zecovalve.com\/wp-content\/uploads\/2022\/06\/gear-operated-gate-valve-4-600x450.jpg 600w\" sizes=\"auto, (max-width: 400px) 100vw, 400px\" \/><\/figure>\r\n<\/div><\/div>\r\n\r\n\r\n\r\n<div class=\"wp-block-column is-layout-flow wp-block-column-is-layout-flow\"><div class=\"wp-block-image\">\r\n<figure class=\"aligncenter size-full is-resized\"><img loading=\"lazy\" decoding=\"async\" class=\"wp-image-16053\" src=\"https:\/\/zecovalve.com\/wp-content\/uploads\/2022\/06\/gear-operated-gate-valve-5.jpg\" alt=\"\" width=\"400\" height=\"300\" srcset=\"https:\/\/zecovalve.com\/wp-content\/uploads\/2022\/06\/gear-operated-gate-valve-5.jpg 800w, https:\/\/zecovalve.com\/wp-content\/uploads\/2022\/06\/gear-operated-gate-valve-5-300x225.jpg 300w, https:\/\/zecovalve.com\/wp-content\/uploads\/2022\/06\/gear-operated-gate-valve-5-768x576.jpg 768w, https:\/\/zecovalve.com\/wp-content\/uploads\/2022\/06\/gear-operated-gate-valve-5-600x450.jpg 600w\" sizes=\"auto, (max-width: 400px) 100vw, 400px\" \/><\/figure>\r\n<\/div><\/div>\r\n<\/div>\r\n\r\n\r\n<div class=\"gb-button-wrapper gb-button-wrapper-f8260ba6\">\r\n\r\n\r\n<p><a class=\"gb-button gb-button-e4f70767 gb-button-text\" href=\"mailto:commercial@zecovalve.com\" target=\"_blank\" rel=\"noopener noreferrer\"><strong>GETRIEBESTEUERTER ABSPERRSCHIEBER PREIS ERHALTEN<\/strong><\/a><\/p>\r\n<\/div>\r\n\r\n\r\n\r\n\r\n<h2 class=\"wp-block-heading\" id=\"h-what-is-a-gear-valve\">Was ist ein Zahnradventil?<\/h2>\r\n\r\n\r\n\r\n<p><a href=\"https:\/\/zecovalve.com\/de\/produkt\/gear-operated-gate-valve\" data-internallinksmanager029f6b8e52c=\"2\" title=\"zahnradbetriebene Schieber\" target=\"_blank\" rel=\"noopener\">Getriebeventile<\/a> sind die komplizierteren der beiden manuellen Antriebe. Ihr Einbau und ihre Bedienung sind in der Regel aufw\u00e4ndiger als bei hebelbet\u00e4tigten Ventilen. Die meisten <a href=\"https:\/\/zecovalve.com\/de\/produkt\/gear-operated-gate-valve\" data-internallinksmanager029f6b8e52c=\"2\" title=\"zahnradbetriebene Schieber\" target=\"_blank\" rel=\"noopener\">Getriebeventile<\/a> haben Schneckengetriebe, die das \u00d6ffnen und Schlie\u00dfen erleichtern. Das bedeutet, dass die Mehrheit der <a href=\"https:\/\/zecovalve.com\/de\/produkt\/gear-operated-gate-valve\" data-internallinksmanager029f6b8e52c=\"2\" title=\"zahnradbetriebene Schieber\" target=\"_blank\" rel=\"noopener\">Getriebeventile<\/a> kann mit wenigen Umdrehungen vollst\u00e4ndig ge\u00f6ffnet oder geschlossen werden.<\/p>\r\n\r\n\r\n\r\n<h2 class=\"wp-block-heading\">Wie verwendet man ein <strong>Getriebeventil<\/strong>?<\/h2>\r\n\r\n\r\n\r\n<p>Die wichtigste Eigenschaft, die zahnradgetriebene Ventile auszeichnet, ist die Art und Weise, wie sie bedient werden. Diese Art von Ventilen erfordert eine manuelle Bet\u00e4tigung. Getriebeventile regeln den Durchfluss von Fl\u00fcssigkeiten oder Gasen. Dazu wird ein Rad bet\u00e4tigt, das eine Scheibe bewegt, die die Fl\u00fcssigkeit oder das Gas in einem System h\u00e4lt oder freigibt. Diese Ventile werden von Hand bet\u00e4tigt, so dass der Durchfluss jederzeit einfach gesteuert werden kann.<\/p>\r\n\r\n\r\n\r\n<p>Typischerweise sind manuelle Antriebe, wie z. B. zahnradgetriebene Ventile, kosteng\u00fcnstig. Diese Ventile sind eine gute Wahl f\u00fcr Umgebungen mit hoher Beanspruchung und kleinen R\u00e4umen. Obwohl zahnradgetriebene Ventile etwas komplexer sind als andere handbetriebene Ventile, lassen sich die meisten mit ein paar einfachen Umdrehungen \u00f6ffnen oder schlie\u00dfen. Bei manchen Anwendungen kann dies jedoch mit der Zeit l\u00e4stig werden.<\/p>\r\n\r\n\r\n\r\n<h2 class=\"wp-block-heading\">Anwendungen von getriebebetriebenen Ventilen<\/h2>\r\n\r\n\r\n\r\n<p>Zahnradgetriebene Ventile werden in der Regel in Situationen mit hoher Belastung und gro\u00dfen Abmessungen eingesetzt.<\/p>\r\n\r\n\r\n\r\n<h2 class=\"wp-block-heading\" id=\"h-what-is-a-gear-operated-gate-valve\">Was ist ein zahnradgetriebener Absperrschieber?<\/h2>\r\n\r\n\r\n\r\n<p>ZECO <a href=\"https:\/\/zecovalve.com\/de\/produkt\/gear-operated-gate-valve\" data-internallinksmanager029f6b8e52c=\"2\" title=\"zahnradbetriebene Schieber\" target=\"_blank\" rel=\"noopener\">getriebebetriebener Absperrschieber<\/a> wird je nach Fahrmodus festgelegt. <a href=\"https:\/\/zecovalve.com\/de\/produkt\/gear-operated-gate-valve\" data-internallinksmanager029f6b8e52c=\"2\" title=\"zahnradbetriebene Schieber\" target=\"_blank\" rel=\"noopener\">Getriebebetriebener Schieber<\/a> wird haupts\u00e4chlich f\u00fcr Schieber mit gro\u00dfem Durchmesser verwendet. Aufgrund des gro\u00dfen Drehmoments ist es fast unm\u00f6glich, den Schieber von Hand zu \u00f6ffnen. ZECO, als chinesischer Hersteller von zahnradgetriebenen Schiebern, kann die Getriebe so konstruieren und herstellen, dass sie f\u00fcr den Au\u00dfeneinsatz entsprechend den Anforderungen der Kunden wasserdicht sind.ZECO <a href=\"https:\/\/zecovalve.com\/de\/produkt\/gear-operated-gate-valve\" data-internallinksmanager029f6b8e52c=\"2\" title=\"zahnradbetriebene Schieber\" target=\"_blank\" rel=\"noopener\">getriebebetriebener Absperrschieber<\/a> ist in Serien aus Kohlenstoffstahl, rostfreiem Stahl, legiertem Stahl und Tieftemperaturstahl erh\u00e4ltlich. Als Experte f\u00fcr industrielle Rohrleitungsarmaturen ist ZECO auf die Entwicklung und Herstellung von Industriearmaturen spezialisiert, um den Kunden Qualit\u00e4t zu garantieren.<\/p>\r\n\r\n\r\n\r\n<h2 class=\"wp-block-heading\" id=\"h-features-of-gear-operated-gate-valve\">Merkmale von zahnradgetriebenen Schiebern<\/h2>\r\n\r\n\r\n\r\n<ul class=\"wp-block-list\">\r\n<li>ZECO <a href=\"https:\/\/zecovalve.com\/de\/produkt\/gear-operated-gate-valve\" data-internallinksmanager029f6b8e52c=\"2\" title=\"zahnradbetriebene Schieber\" target=\"_blank\" rel=\"noopener\">getriebebetriebener Absperrschieber<\/a> nimmt die oben montierte Spindelmutter Design, wegen der Korrosion Situation im Freien, das Handrad ist wahrscheinlich die einfachste Korrosion besch\u00e4digen Teile, und beim Austausch des Handrads, ZECO Design kann die Spindel und Scheibe in den Zustand des offenen Ventils zu gew\u00e4hrleisten, auch nicht fallen aus dem Handrad, stellen Sie sicher, das Ventil in der Pipeline in den Prozess der Aufrechterhaltung der normalen Nutzung;<\/li>\r\n\r\n\r\n\r\n<li>Die Verpackung von ZECO <a href=\"https:\/\/zecovalve.com\/de\/produkt\/gear-operated-gate-valve\" data-internallinksmanager029f6b8e52c=\"2\" title=\"zahnradbetriebene Schieber\" target=\"_blank\" rel=\"noopener\">getriebebetriebener Absperrschieber<\/a> besteht aus einem flexiblen Graphitmaterial, und seine Dichtungsleistung ist nach fast 30-j\u00e4hrigem Einsatz sehr zuverl\u00e4ssig. Aber auch nach den Anforderungen des Benutzers, die Wahl der Packungsring und Fett Struktur, um sicherzustellen, dass die Ventilspindel Dichtung;<\/li>\r\n\r\n\r\n\r\n<li>Die Spindel des ZECO-Zahnradschiebers ist durch eine T-Nut mit dem Schieber verbunden, die es erm\u00f6glicht, den Schieber automatisch zu korrigieren und normal abzudichten, wenn er durch einen mittleren Sto\u00df versetzt wird;<\/li>\r\n\r\n\r\n\r\n<li>Die Gussteile der ZECO-Getriebeschieber werden von der Inspektionsabteilung streng gepr\u00fcft, um sicherzustellen, dass alle Materialien den internationalen Standards entsprechen und den Benutzern ein sicheres Gef\u00fchl bei der Verwendung geben.<\/li>\r\n<\/ul>\r\n\r\n\r\n\r\n<h2 class=\"wp-block-heading\">Was sind die verschiedenen Arten von zahnradgetriebenen Schiebern?<\/h2>\r\n\r\n\r\n\r\n<p>Es gibt drei M\u00f6glichkeiten, den Schieber zu klassifizieren.<\/p>\r\n\r\n\r\n\r\n<h3 class=\"wp-block-heading\">Arten von Disketten<\/h3>\r\n\r\n\r\n\r\n<ul class=\"wp-block-list\">\r\n<li>Solider Keil\r\n<ul class=\"wp-block-list\">\r\n<li>Der Voll- oder Einfachkeilschieber ist der am weitesten verbreitete und kosteng\u00fcnstigste Typ in der Prozessindustrie f\u00fcr \u00d6l-, Gas- und Luftanwendungen. Der Zweck der Keilform ist es, eine hohe zus\u00e4tzliche Sitzlast zu erzeugen. Der Vollkeilschieber kann in jeder Lage eingebaut werden, eignet sich f\u00fcr fast alle Fl\u00fcssigkeiten und ist f\u00fcr turbulente Str\u00f6mungen geeignet.<\/li>\r\n<\/ul>\r\n<\/li>\r\n\r\n\r\n\r\n<li>Flexibler Keil\r\n<ul class=\"wp-block-list\">\r\n<li>Der flexible Keilschieber verwendet einen flexiblen Keil, der aus einer einteiligen Scheibe mit einem Einschnitt am Umfang besteht (der Einschnitt variiert in Gr\u00f6\u00dfe, Form und Tiefe). W\u00e4rmeausdehnung und -kontraktion stellen bei dieser Art von Schiebern kein Problem dar, da die Scheibe dies kompensieren kann und leicht zu \u00f6ffnen ist. Flexible Keilschieber werden h\u00e4ufig in Dampfsystemen eingesetzt, um thermische Blendung zu verhindern.<\/li>\r\n<\/ul>\r\n<\/li>\r\n\r\n\r\n\r\n<li>Spaltkeil- oder Parallelscheibenventil\r\n<ul class=\"wp-block-list\">\r\n<li>Parallelschieber bestehen aus zwei Scheiben, die an der Schlie\u00dfstelle durch eine Feder gegen parallele Sitze auseinandergedr\u00fcckt werden. Der bekannteste Typ ist der Plattenschieber, der einen flachen Schieber zwischen zwei parallelen Sitzen (einem stromaufw\u00e4rts und einem stromabw\u00e4rts gelegenen Sitz) hat, um die gew\u00fcnschte Absperrung zu erreichen. Die Anwendung eines Parallelschiebers ist auf niedrige Dr\u00fccke und geringe Druckabf\u00e4lle beschr\u00e4nkt.<\/li>\r\n<\/ul>\r\n<\/li>\r\n<\/ul>\r\n\r\n\r\n\r\n<h3 class=\"wp-block-heading\">Arten von Motorhaubenverbindungen<\/h3>\r\n\r\n\r\n\r\n<ul class=\"wp-block-list\">\r\n<li>Geschraubte Motorhaube\r\n<ul class=\"wp-block-list\">\r\n<li>Dies ist die einfachste verf\u00fcgbare Konstruktion und wird f\u00fcr preiswerte Ventile verwendet.<\/li>\r\n<\/ul>\r\n<\/li>\r\n\r\n\r\n\r\n<li>Motorhaube mit Bolzen\r\n<ul class=\"wp-block-list\">\r\n<li>Dies ist die g\u00e4ngigste Ausf\u00fchrung und wird bei einer gro\u00dfen Anzahl von Schiebern verwendet. Sie erfordert eine Dichtung zur Abdichtung der Verbindung zwischen dem Geh\u00e4use und dem Oberteil.<\/li>\r\n<\/ul>\r\n<\/li>\r\n\r\n\r\n\r\n<li>Geschwei\u00dfte Motorhaube\r\n<ul class=\"wp-block-list\">\r\n<li>Dies ist eine beliebte Konstruktion, wenn eine Demontage nicht erforderlich ist. Sie sind leichter als ihre Gegenst\u00fccke mit verschraubter Motorhaube.<\/li>\r\n<\/ul>\r\n<\/li>\r\n\r\n\r\n\r\n<li>Haube mit Druckdichtung\r\n<ul class=\"wp-block-list\">\r\n<li>Dieser Typ wird h\u00e4ufig f\u00fcr Hochdruck- und Hochtemperaturanwendungen eingesetzt. Je h\u00f6her der K\u00f6rperinnendruck ist, desto gr\u00f6\u00dfer ist die Kraft auf die Dichtung in einem Druckdichtungsventil.<\/li>\r\n<\/ul>\r\n<\/li>\r\n<\/ul>\r\n\r\n\r\n\r\n<h3 class=\"wp-block-heading\">Arten der Stammesbewegung<\/h3>\r\n\r\n\r\n\r\n<ul class=\"wp-block-list\">\r\n<li>Steigende Spindel oder OS &amp; Y-Typ (Au\u00dfenspindel und Schraubentyp)<\/li>\r\n\r\n\r\n\r\n<li>Nicht steigender Schafttyp<\/li>\r\n<\/ul>\r\n\r\n\r\n\r\n<h2>Was sind die Vorteile eines zahnradgetriebenen Schiebers?<\/h2>\r\n\r\n\r\n\r\n<ol class=\"wp-block-list\">\r\n<li>Geringer Str\u00f6mungswiderstand;<\/li>\r\n\r\n\r\n\r\n<li>Das \u00d6ffnungs- und Schlie\u00dfmoment ist gering;<\/li>\r\n\r\n\r\n\r\n<li>Kann in dem Medium verwendet werden, um in zwei Richtungen des Ringnetzes Pipeline flie\u00dfen, das hei\u00dft, die Str\u00f6mungsrichtung des Mediums ist nicht begrenzt;<\/li>\r\n\r\n\r\n\r\n<li>Im voll ge\u00f6ffneten Zustand wird die Dichtfl\u00e4che weniger durch das Arbeitsmedium erodiert als beim Durchgangsventil;<\/li>\r\n\r\n\r\n\r\n<li>Die Karosseriestruktur ist relativ einfach, der Herstellungsprozess ist besser;<\/li>\r\n\r\n\r\n\r\n<li>Die strukturelle L\u00e4nge ist relativ kurz.<\/li>\r\n<\/ol>\r\n\r\n\r\n\r\n<h2 class=\"wp-block-heading\">Was sind die Nachteile eines zahnradgetriebenen Schiebers?<\/h2>\r\n\r\n\r\n\r\n<ul class=\"wp-block-list\">\r\n<li>Sie k\u00f6nnen nicht schnell ge\u00f6ffnet und geschlossen werden. Um Rad- oder Getriebeantriebe vollst\u00e4ndig zu \u00f6ffnen oder zu schlie\u00dfen, sollte die Welle so oft gedreht werden, wie die volle \u00d6ffnungsdrehzahl betr\u00e4gt. Die Anzahl der vollst\u00e4ndig ge\u00f6ffneten Umdrehungen ist gleich der Steigung<\/li>\r\n\r\n\r\n\r\n<li>Montage, Inbetriebnahme und Wartung ben\u00f6tigen viel Platz.<\/li>\r\n\r\n\r\n\r\n<li>In der vollst\u00e4ndig geschlossenen Stellung bewirkt die langsame Bewegung des Schiebers eine hohe Str\u00f6mungsgeschwindigkeit. Aufgrund von Vibrationen und Kollisionen kommt es zu Abrieb und Verformungen an den Sitzfl\u00e4chen und die Oberfl\u00e4che wird durch Reibung besch\u00e4digt.<\/li>\r\n\r\n\r\n\r\n<li>In Systemen, in denen sich die hohen Temperaturen aufgrund der Belastung der Rohrleitung am Schieberende unregelm\u00e4\u00dfig \u00e4ndern, kommt es zu Leckagen in Schiebern.<\/li>\r\n\r\n\r\n\r\n<li>Am Einsatzort sind Reparatur und Wartung der Sitzfl\u00e4chen schwierig.<\/li>\r\n<\/ul>\r\n\r\n\r\n\r\n<h2 class=\"wp-block-heading\" id=\"h-material-of-gear-operated-gate-valve\">Material von zahnradgetriebenen Schiebern<\/h2>\r\n\r\n\r\n\r\n<figure class=\"wp-block-table\">\r\n<table>\r\n<tbody>\r\n<tr>\r\n<td>Nein<\/td>\r\n<td>Teil<\/td>\r\n<td>Material<\/td>\r\n<\/tr>\r\n<tr>\r\n<td>1<\/td>\r\n<td>K\u00f6rper<\/td>\r\n<td>ASTM A352 LCB<\/td>\r\n<\/tr>\r\n<tr>\r\n<td>2<\/td>\r\n<td>Sitzring<\/td>\r\n<td>ASTM A182 F304 + STL<\/td>\r\n<\/tr>\r\n<tr>\r\n<td>3<\/td>\r\n<td>Keil<\/td>\r\n<td>ASTM A352 LCB + STL<\/td>\r\n<\/tr>\r\n<tr>\r\n<td>4<\/td>\r\n<td>Vorbau<\/td>\r\n<td>ASTM A276 304<\/td>\r\n<\/tr>\r\n<tr>\r\n<td>5<\/td>\r\n<td>Dichtung der Motorhaube<\/td>\r\n<td>Graphit + SS304<\/td>\r\n<\/tr>\r\n<tr>\r\n<td>6<\/td>\r\n<td>Motorhaubenbolzen<\/td>\r\n<td>ASTM A193 B8<\/td>\r\n<\/tr>\r\n<tr>\r\n<td>7<\/td>\r\n<td>Haubenmutter<\/td>\r\n<td>ASTM A194 8<\/td>\r\n<\/tr>\r\n<tr>\r\n<td>8<\/td>\r\n<td>Motorhaube<\/td>\r\n<td>ASTM A352 LCB<\/td>\r\n<\/tr>\r\n<tr>\r\n<td>9<\/td>\r\n<td>R\u00fccksitz<\/td>\r\n<td>ASTM A182 304<\/td>\r\n<\/tr>\r\n<tr>\r\n<td>10<\/td>\r\n<td>Spindelpackung<\/td>\r\n<td>Verst\u00e4rkter Graphit<\/td>\r\n<\/tr>\r\n<tr>\r\n<td>11<\/td>\r\n<td>Getriebeaktuator<\/td>\r\n<td>ASTM A352 LCB<\/td>\r\n<\/tr>\r\n<\/tbody>\r\n<\/table>\r\n<\/figure>\r\n\r\n\r\n\r\n<h2 class=\"wp-block-heading\">Unterschied zwischen zahnradgetriebenem Ventil und hebelbetriebenem Ventil<\/h2>\r\n\r\n\r\n\r\n<p>Viele Kunden sind sich nicht im Klaren dar\u00fcber, was ein Ventil mit Hebel\/Handgriff\/Handrad ist, und <a href=\"https:\/\/zecovalve.com\/de\/produkt\/gear-operated-gate-valve\" data-internallinksmanager029f6b8e52c=\"2\" title=\"zahnradbetriebene Schieber\" target=\"_blank\" rel=\"noopener\">Getriebeventil<\/a> und nicht wissen, wann sie ein mit Hebel\/Handgriff\/Handrad bet\u00e4tigtes Ventil und wann ein <a href=\"https:\/\/zecovalve.com\/de\/produkt\/gear-operated-gate-valve\" data-internallinksmanager029f6b8e52c=\"2\" title=\"zahnradbetriebene Schieber\" target=\"_blank\" rel=\"noopener\">Getriebeventil<\/a>. F\u00fcr sie gelten die folgenden Arbeitsbedingungen.<\/p>\r\n\r\n\r\n\r\n<p>Sowohl Hebel\/Handgriff\/Handrad bet\u00e4tigtes Ventil als auch <a href=\"https:\/\/zecovalve.com\/de\/produkt\/gear-operated-gate-valve\" data-internallinksmanager029f6b8e52c=\"2\" title=\"zahnradbetriebene Schieber\" target=\"_blank\" rel=\"noopener\">Getriebeventil<\/a> Wenn es sich um Ventile handelt, die manuell bet\u00e4tigt werden m\u00fcssen, werden sie im Allgemeinen als manuelle Ventile bezeichnet, aber es gibt immer noch Unterschiede zwischen den beiden Arten der Verwendung.<\/p>\r\n\r\n\r\n\r\n<p>Das Handrad eines mit Hebel\/Handgriff\/Handrad bet\u00e4tigten Ventils treibt die Klappenscheibe direkt an, was zwar schnell \u00f6ffnet und schlie\u00dft, aber m\u00fchsam ist; <a href=\"https:\/\/zecovalve.com\/de\/produkt\/gear-operated-gate-valve\" data-internallinksmanager029f6b8e52c=\"2\" title=\"zahnradbetriebene Schieber\" target=\"_blank\" rel=\"noopener\">Getriebebetriebenes Ventil<\/a> treibt die Scheibe \u00fcber das Getriebe an, das langsam \u00f6ffnet und schlie\u00dft, aber Kraft spart. Wenn der Druck in der Rohrleitung hoch ist, ist es daher besonders m\u00fchsam, ein Ventil mit Hebel\/Handgriff\/Handrad zu verwenden. Zu diesem Zeitpunkt, <a href=\"https:\/\/zecovalve.com\/de\/produkt\/gear-operated-gate-valve\" data-internallinksmanager029f6b8e52c=\"2\" title=\"zahnradbetriebene Schieber\" target=\"_blank\" rel=\"noopener\">Getriebeventil<\/a> sollte ausgew\u00e4hlt werden.<\/p>\r\n\r\n\r\n\r\n<div class=\"wp-block-columns is-layout-flex wp-container-core-columns-is-layout-9d6595d7 wp-block-columns-is-layout-flex\">\r\n<div class=\"wp-block-column is-layout-flow wp-block-column-is-layout-flow\"><div class=\"wp-block-image\">\r\n<figure class=\"aligncenter size-full is-resized\"><img loading=\"lazy\" decoding=\"async\" class=\"wp-image-16248\" src=\"https:\/\/zecovalve.com\/wp-content\/uploads\/2022\/06\/manual-gate-valve.jpg\" alt=\"Manuelles Schieberventil\" width=\"400\" height=\"300\" srcset=\"https:\/\/zecovalve.com\/wp-content\/uploads\/2022\/06\/manual-gate-valve.jpg 800w, https:\/\/zecovalve.com\/wp-content\/uploads\/2022\/06\/manual-gate-valve-300x225.jpg 300w, https:\/\/zecovalve.com\/wp-content\/uploads\/2022\/06\/manual-gate-valve-768x576.jpg 768w, https:\/\/zecovalve.com\/wp-content\/uploads\/2022\/06\/manual-gate-valve-600x450.jpg 600w\" sizes=\"auto, (max-width: 400px) 100vw, 400px\" \/>\r\n<figcaption class=\"wp-element-caption\">Manuelles Schieberventil<\/figcaption>\r\n<\/figure>\r\n<\/div><\/div>\r\n\r\n\r\n\r\n<div class=\"wp-block-column is-layout-flow wp-block-column-is-layout-flow\"><div class=\"wp-block-image\">\r\n<figure class=\"aligncenter size-full is-resized\"><img loading=\"lazy\" decoding=\"async\" class=\"wp-image-16049\" src=\"https:\/\/zecovalve.com\/wp-content\/uploads\/2022\/06\/gear-operated-gate-valve-1.jpg\" alt=\"Zahnradgetriebener Absperrschieber\" width=\"400\" height=\"300\" srcset=\"https:\/\/zecovalve.com\/wp-content\/uploads\/2022\/06\/gear-operated-gate-valve-1.jpg 800w, https:\/\/zecovalve.com\/wp-content\/uploads\/2022\/06\/gear-operated-gate-valve-1-300x225.jpg 300w, https:\/\/zecovalve.com\/wp-content\/uploads\/2022\/06\/gear-operated-gate-valve-1-768x576.jpg 768w, https:\/\/zecovalve.com\/wp-content\/uploads\/2022\/06\/gear-operated-gate-valve-1-600x450.jpg 600w\" sizes=\"auto, (max-width: 400px) 100vw, 400px\" \/>\r\n<figcaption class=\"wp-element-caption\"><a href=\"https:\/\/zecovalve.com\/de\/produkt\/gear-operated-gate-valve\" data-internallinksmanager029f6b8e52c=\"2\" title=\"zahnradbetriebene Schieber\" target=\"_blank\" rel=\"noopener\">Zahnradgetriebener Absperrschieber<\/a><\/figcaption>\r\n<\/figure>\r\n<\/div><\/div>\r\n<\/div>","protected":false},"excerpt":{"rendered":"<p>Zahnradventile regeln den Durchfluss von Fl\u00fcssigkeiten oder Gasen. Was ist ein Zahnradventil? Zahnradventile sind die komplexeren der ... <a title=\"Getriebeventil - Getriebebetriebenes Schieberventil\" class=\"read-more\" href=\"https:\/\/zecovalve.com\/de\/produkt\/gear-operated-gate-valve\" aria-label=\"Mehr zu Gear Valve - Zahnradgetriebener Schieber\">Weiterlesen ...<\/a><\/p>","protected":false},"featured_media":27870,"comment_status":"closed","ping_status":"closed","template":"","meta":{"_generate-full-width-content":"","kt_blocks_editor_width":""},"product_cat":[2052,2457],"product_tag":[2798],"class_list":["post-16048","product","type-product","status-publish","has-post-thumbnail","hentry","product_cat-gate-valve","product_cat-gate-valve-by-drive-mode","product_tag-osy-valve","sales-flash-overlay","woocommerce-text-align-center","woocommerce-image-align-center","do-quantity-buttons"],"featured_image_src_large":["https:\/\/zecovalve.com\/wp-content\/uploads\/2022\/06\/Gear-Valve-Gear-Operated-Gate-Valve.jpg",800,600,false],"author_info":[],"comment_info":0,"taxonomy_info":{"product_cat":[{"value":2052,"label":"Gate Valve"},{"value":2457,"label":"Gate Valve with Actuator"}],"product_tag":[{"value":2798,"label":"OS&amp;Y Valve"}]},"yoast_head":"<!-- This site is optimized with the Yoast SEO Premium plugin v15.4 - https:\/\/yoast.com\/wordpress\/plugins\/seo\/ -->\n<title>Gear Valve - Gear Operated Gate Valve | Zeco Valve<\/title>\n<meta name=\"robots\" content=\"index, follow, max-snippet:-1, max-image-preview:large, max-video-preview:-1\" \/>\n<link rel=\"canonical\" href=\"https:\/\/zecovalve.com\/de\/produkt\/gear-operated-gate-valve\" \/>\n<meta property=\"og:locale\" content=\"de_DE\" \/>\n<meta property=\"og:type\" content=\"article\" \/>\n<meta property=\"og:title\" content=\"Gear Valve - Gear Operated Gate Valve | Zeco Valve\" \/>\n<meta property=\"og:description\" content=\"Gear valves regulate the flow of liquid or gas. What is a Gear Valve? Gear valves are the more complex of the ... Weiterlesen ...\" \/>\n<meta property=\"og:url\" content=\"https:\/\/zecovalve.com\/de\/produkt\/gear-operated-gate-valve\" \/>\n<meta property=\"og:site_name\" content=\"ZECO Valve\" \/>\n<meta property=\"article:modified_time\" content=\"2023-06-07T13:52:25+00:00\" \/>\n<meta property=\"og:image\" content=\"https:\/\/zecovalve.com\/wp-content\/uploads\/2022\/06\/Gear-Valve-Gear-Operated-Gate-Valve.jpg\" \/>\n\t<meta property=\"og:image:width\" content=\"800\" \/>\n\t<meta property=\"og:image:height\" content=\"600\" \/>\n<meta name=\"twitter:card\" content=\"summary_large_image\" \/>\n<meta name=\"twitter:label1\" content=\"Verfasst von\">\n\t<meta name=\"twitter:data1\" content=\"Jerry\">\n\t<meta name=\"twitter:label2\" content=\"Gesch\u00e4tzte Lesezeit\">\n\t<meta name=\"twitter:data2\" content=\"5\u00a0Minuten\">\n<script type=\"application\/ld+json\" class=\"yoast-schema-graph\">{\"@context\":\"https:\/\/schema.org\",\"@graph\":[{\"@type\":\"WebSite\",\"@id\":\"https:\/\/zecovalve.com\/#website\",\"url\":\"https:\/\/zecovalve.com\/\",\"name\":\"ZECO Valve\",\"description\":\"Industrial Ball Valve, Gate Valve and Globe Valve Manufacturer\",\"potentialAction\":[{\"@type\":\"SearchAction\",\"target\":\"https:\/\/zecovalve.com\/?s={search_term_string}\",\"query-input\":\"required name=search_term_string\"}],\"inLanguage\":\"de\"},{\"@type\":\"ImageObject\",\"@id\":\"https:\/\/zecovalve.com\/product\/gear-operated-gate-valve#primaryimage\",\"inLanguage\":\"de\",\"url\":\"https:\/\/zecovalve.com\/wp-content\/uploads\/2022\/06\/Gear-Valve-Gear-Operated-Gate-Valve.jpg\",\"width\":800,\"height\":600,\"caption\":\"Gear Valve - Gear Operated Gate Valve\"},{\"@type\":\"WebPage\",\"@id\":\"https:\/\/zecovalve.com\/product\/gear-operated-gate-valve#webpage\",\"url\":\"https:\/\/zecovalve.com\/product\/gear-operated-gate-valve\",\"name\":\"Gear Valve - Gear Operated Gate Valve | Zeco Valve\",\"isPartOf\":{\"@id\":\"https:\/\/zecovalve.com\/#website\"},\"primaryImageOfPage\":{\"@id\":\"https:\/\/zecovalve.com\/product\/gear-operated-gate-valve#primaryimage\"},\"datePublished\":\"2022-06-18T09:25:33+00:00\",\"dateModified\":\"2023-06-07T13:52:25+00:00\",\"breadcrumb\":{\"@id\":\"https:\/\/zecovalve.com\/product\/gear-operated-gate-valve#breadcrumb\"},\"inLanguage\":\"de\",\"potentialAction\":[{\"@type\":\"ReadAction\",\"target\":[\"https:\/\/zecovalve.com\/product\/gear-operated-gate-valve\"]}]},{\"@type\":\"BreadcrumbList\",\"@id\":\"https:\/\/zecovalve.com\/product\/gear-operated-gate-valve#breadcrumb\",\"itemListElement\":[{\"@type\":\"ListItem\",\"position\":1,\"item\":{\"@type\":\"WebPage\",\"@id\":\"https:\/\/zecovalve.com\/\",\"url\":\"https:\/\/zecovalve.com\/\",\"name\":\"Home\"}},{\"@type\":\"ListItem\",\"position\":2,\"item\":{\"@type\":\"WebPage\",\"@id\":\"https:\/\/zecovalve.com\/product-category\",\"url\":\"https:\/\/zecovalve.com\/product-category\",\"name\":\"Industrial Valve Manufacturer | Water Valve Manufacturer\"}},{\"@type\":\"ListItem\",\"position\":3,\"item\":{\"@type\":\"WebPage\",\"@id\":\"https:\/\/zecovalve.com\/product\/gear-operated-gate-valve\",\"url\":\"https:\/\/zecovalve.com\/product\/gear-operated-gate-valve\",\"name\":\"Gear Valve &#8211; Gear Operated Gate Valve\"}}]}]}<\/script>\n<!-- \/ Yoast SEO Premium plugin. -->","_links":{"self":[{"href":"https:\/\/zecovalve.com\/de\/wp-json\/wp\/v2\/product\/16048","targetHints":{"allow":["GET"]}}],"collection":[{"href":"https:\/\/zecovalve.com\/de\/wp-json\/wp\/v2\/product"}],"about":[{"href":"https:\/\/zecovalve.com\/de\/wp-json\/wp\/v2\/types\/product"}],"replies":[{"embeddable":true,"href":"https:\/\/zecovalve.com\/de\/wp-json\/wp\/v2\/comments?post=16048"}],"wp:featuredmedia":[{"embeddable":true,"href":"https:\/\/zecovalve.com\/de\/wp-json\/wp\/v2\/media\/27870"}],"wp:attachment":[{"href":"https:\/\/zecovalve.com\/de\/wp-json\/wp\/v2\/media?parent=16048"}],"wp:term":[{"taxonomy":"product_cat","embeddable":true,"href":"https:\/\/zecovalve.com\/de\/wp-json\/wp\/v2\/product_cat?post=16048"},{"taxonomy":"product_tag","embeddable":true,"href":"https:\/\/zecovalve.com\/de\/wp-json\/wp\/v2\/product_tag?post=16048"}],"curies":[{"name":"wp","href":"https:\/\/api.w.org\/{rel}","templated":true}]}}