{"id":16054,"date":"2022-06-18T09:35:42","date_gmt":"2022-06-18T09:35:42","guid":{"rendered":"https:\/\/zecovalve.com\/?post_type=product&#038;p=16054"},"modified":"2023-06-07T06:37:47","modified_gmt":"2023-06-07T06:37:47","slug":"gear-operated-ball-valve","status":"publish","type":"product","link":"https:\/\/zecovalve.com\/de\/produkt\/gear-operated-ball-valve","title":{"rendered":"Getriebeventil - Getriebebetriebener Kugelhahn"},"content":{"rendered":"<p>A <a href=\"https:\/\/zecovalve.com\/de\/produkt\/gear-operated-gate-valve\/\" data-internallinksmanager029f6b8e52c=\"2\" title=\"zahnradbetriebene Schieber\" target=\"_blank\" rel=\"noopener\">Getriebeventil<\/a> wird \u00fcblicherweise zur manuellen Bet\u00e4tigung von Kugelh\u00e4hnen verwendet.<\/p>\r\n\r\n\r\n\r\n<div class=\"wp-block-columns is-layout-flex wp-container-core-columns-is-layout-9d6595d7 wp-block-columns-is-layout-flex\">\r\n<div class=\"wp-block-column is-layout-flow wp-block-column-is-layout-flow\">\r\n<figure class=\"wp-block-image size-large\"><img decoding=\"async\" src=\"https:\/\/zecovalve.com\/wp-content\/uploads\/2022\/06\/gear-operated-ball-valve-1-300x225.jpg\" alt=\"\" \/><\/figure>\r\n<\/div>\r\n\r\n\r\n\r\n<div class=\"wp-block-column is-layout-flow wp-block-column-is-layout-flow\">\r\n<figure class=\"wp-block-image size-large\"><img decoding=\"async\" src=\"https:\/\/zecovalve.com\/wp-content\/uploads\/2022\/06\/gear-operated-ball-valve-2-300x225.jpg\" alt=\"\" \/><\/figure>\r\n<\/div>\r\n\r\n\r\n\r\n<div class=\"wp-block-column is-layout-flow wp-block-column-is-layout-flow\">\r\n<figure class=\"wp-block-image size-large\"><img decoding=\"async\" src=\"https:\/\/zecovalve.com\/wp-content\/uploads\/2022\/06\/gear-operated-ball-valve-3-300x225.jpg\" alt=\"\" \/><\/figure>\r\n<\/div>\r\n<\/div>\r\n\r\n\r\n\r\n<div class=\"wp-block-columns is-layout-flex wp-container-core-columns-is-layout-9d6595d7 wp-block-columns-is-layout-flex\">\r\n<div class=\"wp-block-column is-layout-flow wp-block-column-is-layout-flow\"><div class=\"wp-block-image\">\r\n<figure class=\"aligncenter size-full is-resized\"><img loading=\"lazy\" decoding=\"async\" class=\"wp-image-16059\" src=\"https:\/\/zecovalve.com\/wp-content\/uploads\/2022\/06\/gear-operated-ball-valve-6.jpg\" alt=\"\" width=\"400\" height=\"300\" srcset=\"https:\/\/zecovalve.com\/wp-content\/uploads\/2022\/06\/gear-operated-ball-valve-6.jpg 800w, https:\/\/zecovalve.com\/wp-content\/uploads\/2022\/06\/gear-operated-ball-valve-6-300x225.jpg 300w, https:\/\/zecovalve.com\/wp-content\/uploads\/2022\/06\/gear-operated-ball-valve-6-768x576.jpg 768w, https:\/\/zecovalve.com\/wp-content\/uploads\/2022\/06\/gear-operated-ball-valve-6-600x450.jpg 600w\" sizes=\"auto, (max-width: 400px) 100vw, 400px\" \/><\/figure>\r\n<\/div><\/div>\r\n\r\n\r\n\r\n<div class=\"wp-block-column is-layout-flow wp-block-column-is-layout-flow\"><div class=\"wp-block-image\">\r\n<figure class=\"aligncenter size-full is-resized\"><img loading=\"lazy\" decoding=\"async\" class=\"wp-image-16648\" src=\"https:\/\/zecovalve.com\/wp-content\/uploads\/2022\/06\/gear-operated-ball-valve-5.jpg\" alt=\"\" width=\"400\" height=\"300\" srcset=\"https:\/\/zecovalve.com\/wp-content\/uploads\/2022\/06\/gear-operated-ball-valve-5.jpg 800w, https:\/\/zecovalve.com\/wp-content\/uploads\/2022\/06\/gear-operated-ball-valve-5-300x225.jpg 300w, https:\/\/zecovalve.com\/wp-content\/uploads\/2022\/06\/gear-operated-ball-valve-5-768x576.jpg 768w, https:\/\/zecovalve.com\/wp-content\/uploads\/2022\/06\/gear-operated-ball-valve-5-600x450.jpg 600w\" sizes=\"auto, (max-width: 400px) 100vw, 400px\" \/><\/figure>\r\n<\/div><\/div>\r\n<\/div>\r\n\r\n\r\n<div class=\"gb-button-wrapper gb-button-wrapper-6d8495a3\">\r\n\r\n\r\n<p><a class=\"gb-button gb-button-3d442e11 gb-button-text\" href=\"mailto:commercial@zecovalve.com\" target=\"_blank\" rel=\"noopener noreferrer\"><strong>PREIS F\u00dcR ZAHNRADBETRIEBENE KUGELH\u00c4HNE ERHALTEN<\/strong><\/a><\/p>\r\n<\/div>\r\n\r\n\r\n\r\n\r\n<h2 class=\"wp-block-heading\">Was ist ein Zahnradventil?<\/h2>\r\n\r\n\r\n\r\n<p>Dies ist ein manuelles Ventil, das zur Steigerung der Drehmomentvervielfachung Zahnr\u00e4der verwendet. <a href=\"https:\/\/zecovalve.com\/de\/produkt\/gear-operated-gate-valve\/\" data-internallinksmanager029f6b8e52c=\"2\" title=\"zahnradbetriebene Schieber\" target=\"_blank\" rel=\"noopener\">Getriebebetriebenes Ventil<\/a> Das Getriebe ist \u00fcber eine kurze Welle mit dem Handrad verbunden. Dadurch kann das vom Ventilbediener aufgebrachte Drehmoment direkt auf das Getriebe \u00fcbertragen werden. Das Drehmoment wird dann durch ein Getriebesystem vervielfacht, wodurch Ventile, die ein hohes Drehmoment erfordern, leicht zu \u00f6ffnen sind. Dadurch kann der Ventilbediener den Fl\u00fcssigkeitsfluss leicht \u00f6ffnen und schlie\u00dfen, selbst wenn das Ventil h\u00e4ufig und mit hohem Drehmoment verwendet wird.<\/p>\r\n\r\n\r\n\r\n<h2 class=\"wp-block-heading\" id=\"h-what-is-a-gear-operated-ball-valve\">Was ist ein zahnradgesteuerter Kugelhahn?<\/h2>\r\n\r\n\r\n\r\n<p>Gro\u00dfe Kugelh\u00e4hne verringern bei manueller Bedienung die Effizienz des Personals. Selbst wenn viele Leute helfen, kann es sein, dass das Ventil aufgrund des \u00fcberm\u00e4\u00dfigen Drehmoments nicht ge\u00f6ffnet oder geschlossen werden kann. Daher werden gro\u00dfe Kugelh\u00e4hne von ZECO grunds\u00e4tzlich mit Zahnr\u00e4dern betrieben. Das Zahnrad kann durch die Zahnradstruktur das Drehmoment beim \u00d6ffnen oder Schlie\u00dfen des Ventils erheblich reduzieren. Es k\u00f6nnen drei Vorg\u00e4nge ausgef\u00fchrt werden, sodass m\u00f6glicherweise nur ein Vorgang ausgef\u00fchrt werden kann. Dar\u00fcber hinaus kann ZECO Turbok\u00f6pfe je nach Kundenwunsch mit wasserdichter Qualit\u00e4t oder vollst\u00e4ndiger Spr\u00fchbeschichtung herstellen.<\/p>\r\n\r\n\r\n\r\n<h2 class=\"wp-block-heading\">Anwendungen von Zahnrad-Kugelh\u00e4hnen<\/h2>\r\n\r\n\r\n\r\n<ul class=\"wp-block-list\">\r\n<li>Kugelh\u00e4hne k\u00f6nnen f\u00fcr verschiedene Arten von Fl\u00fcssigkeitsanwendungen als Auf\/Zu-Absperrventile mit blasendichter Absperrung verwendet werden.<\/li>\r\n<li>Sie sind neben Kohlenwasserstoffsystemen auch in Luft-, Gas- und Dampfsystemen anwendbar.<\/li>\r\n<li>Sie sind n\u00fctzlich zum Verbinden von Instrumenten \u00fcber Instrumentenschl\u00e4uche.<\/li>\r\n<li>Kugelh\u00e4hne mit Metallsitz sind sowohl f\u00fcr Hochtemperatur- als auch f\u00fcr Hochdruckanwendungen geeignet.<\/li>\r\n<\/ul>\r\n\r\n\r\n\r\n<h2 class=\"wp-block-heading\" id=\"h-features-of-gear-operated-ball-valve\">Merkmale des zahnradgesteuerten Kugelhahns:<\/h2>\r\n\r\n\r\n\r\n<ul class=\"wp-block-list\">\r\n<li>Der zahnradbetriebene Kugelhahn von ZECO verf\u00fcgt \u00fcber ein Design, das ein Herausfliegen der Spindel verhindert. Wenn bei einem Kugelhahn die Packung ausgetauscht werden muss oder entsprechende Wartungsarbeiten durchgef\u00fchrt werden m\u00fcssen, muss die Stopfbuchse gereinigt werden, um zu verhindern, dass die Stopfbuchse entleert wird. Die Spindel wird durch den Druck im Lumen besch\u00e4digt und kann vom Wartungspersonal wegfliegen. ZECO hat die Spindel so eingestellt, dass die Spindel an der Stopfbuchsenstelle konvex ist. Unabh\u00e4ngig davon, wie hoch der Lumendruck ist, kommt es nicht zu Besch\u00e4digungen durch Herausfliegen der Spindel und Bersten.<\/li>\r\n<li>Die Verbindungsteile des Ventilk\u00f6rpers und des linken K\u00f6rpers des ZECO-Kugelhahns sind Polsterdichtungen. Um ein Auslaufen der Dichtung durch Feuer, hohe Temperaturen oder Vibrationen zu verhindern, hat ZECO die Verbindung zwischen dem Ventilk\u00f6rper und dem linken K\u00f6rper als Metall-Metall-Kontakt konzipiert und einen Flansch gebildet, um sicherzustellen, dass keine Leckage nach au\u00dfen erfolgt.<\/li>\r\n<li>Der zahnradbetriebene Kugelhahn von ZECO ist mit einer Antistatikvorrichtung ausgestattet. Wenn der Kugelhahn beim \u00d6ffnen oder Schlie\u00dfen reibt, erzeugen nichtmetallische Materialien auf der Oberfl\u00e4che der Kugel und der Dichtung elektrostatische Aufladungen. Wenn beispielsweise statische Medien abgeleitet werden und brennbare Materialien in die Leitung gelangen, kann dies zu sehr schwerwiegenden Zwischenf\u00e4llen f\u00fchren. Daher hat ZECO an Schaft und Kugel eine Antistatikvorrichtung entwickelt, die aus einer Feder und einer Metallkugel besteht, die elektrostatische Aufladung aus dem Ventilk\u00f6rper ableiten kann.<\/li>\r\n<li>Der zahnradbetriebene Kugelhahn von ZECO ist als Brandschutz konzipiert. Im Brandfall verbrennen nichtmetallische Materialien wie Dichtung und Ventilsitz oder einige Materialien mit niedrigem Z\u00fcndpunkt ernsthaft und f\u00fchren zu schweren Leckagen und einer Ausbreitung der Brandsituation. Die feuerfeste Struktur von ZECO kann sicherstellen, dass nach dem Abbrennen dieser nichtmetallischen Materialien Leckagen durch die Metalldichtung des Kugel- und Ventilk\u00f6rpers verhindert werden k\u00f6nnen, um den normalen Betrieb der Rohrleitung sicherzustellen.<\/li>\r\n<\/ul>\r\n\r\n\r\n\r\n<h2 class=\"wp-block-heading\" id=\"h-material-of-gear-operated-ball-valve\">Material des Zahnrad-Kugelhahns:<\/h2>\r\n\r\n\r\n\r\n<figure class=\"wp-block-table\">\r\n<table>\r\n<tbody>\r\n<tr>\r\n<td>Nein<\/td>\r\n<td>Teil<\/td>\r\n<td>Material<\/td>\r\n<\/tr>\r\n<tr>\r\n<td>1<\/td>\r\n<td>K\u00f6rper<\/td>\r\n<td>ASTM A216 WCB<\/td>\r\n<\/tr>\r\n<tr>\r\n<td>2<\/td>\r\n<td>Motorhaube<\/td>\r\n<td>ASTM A216 WCB<\/td>\r\n<\/tr>\r\n<tr>\r\n<td>3<\/td>\r\n<td>Kugel<\/td>\r\n<td>ASTM A105<\/td>\r\n<\/tr>\r\n<tr>\r\n<td>4<\/td>\r\n<td>Sitz<\/td>\r\n<td>ASTM A105 + PTFE<\/td>\r\n<\/tr>\r\n<tr>\r\n<td>5<\/td>\r\n<td>Vorbau<\/td>\r\n<td>ASTM A182 F6a<\/td>\r\n<\/tr>\r\n<tr>\r\n<td>6<\/td>\r\n<td>Antistatische Vorrichtung<\/td>\r\n<td>SS304<\/td>\r\n<\/tr>\r\n<tr>\r\n<td>7<\/td>\r\n<td>Dichtung<\/td>\r\n<td>Graphit + SS304<\/td>\r\n<\/tr>\r\n<tr>\r\n<td>8<\/td>\r\n<td>Schraube<\/td>\r\n<td>ASTM A193 B7<\/td>\r\n<\/tr>\r\n<tr>\r\n<td>9<\/td>\r\n<td>Nuss<\/td>\r\n<td>ASTM A194 2H<\/td>\r\n<\/tr>\r\n<tr>\r\n<td>10<\/td>\r\n<td>O-Ring<\/td>\r\n<td>Viton A<\/td>\r\n<\/tr>\r\n<tr>\r\n<td>11<\/td>\r\n<td>Getriebebetrieb<\/td>\r\n<td>ASTM A216 WCB<\/td>\r\n<\/tr>\r\n<\/tbody>\r\n<\/table>\r\n<\/figure>","protected":false},"excerpt":{"rendered":"<p>Ein Zahnradventil wird normalerweise f\u00fcr die manuelle Bet\u00e4tigung von Kugelh\u00e4hnen verwendet. Was ist ein Zahnradventil? Dies ist ein manuelles Ventil \u2026 <a title=\"Zahnradventil \u2013 Zahnradbetriebenes Kugelventil\" class=\"read-more\" href=\"https:\/\/zecovalve.com\/de\/produkt\/gear-operated-ball-valve\" aria-label=\"Mehr zu Gear Valve \u2013 Gear Operated Ball Valve\">Weiterlesen ...<\/a><\/p>","protected":false},"featured_media":27845,"comment_status":"closed","ping_status":"closed","template":"","meta":{"_generate-full-width-content":"","kt_blocks_editor_width":""},"product_cat":[2047,2460],"product_tag":[2802,3913],"class_list":["post-16054","product","type-product","status-publish","has-post-thumbnail","hentry","product_cat-ball-valve","product_cat-ball-valve-by-drive-mode","product_tag-ball-valve-price","product_tag-full-port-ball-valve","sales-flash-overlay","woocommerce-text-align-center","woocommerce-image-align-center","do-quantity-buttons"],"featured_image_src_large":["https:\/\/zecovalve.com\/wp-content\/uploads\/2022\/06\/Gear-Operated-Ball-Valve.jpg",800,600,false],"author_info":[],"comment_info":0,"taxonomy_info":{"product_cat":[{"value":2047,"label":"Ball Valve"},{"value":2460,"label":"Ball Valve By Drive Mode"}],"product_tag":[{"value":2802,"label":"Ball Valve Price"},{"value":3913,"label":"Full Port Ball Valve"}]},"yoast_head":"<!-- This site is optimized with the Yoast SEO Premium plugin v15.4 - https:\/\/yoast.com\/wordpress\/plugins\/seo\/ -->\n<title>Gear Valve - Gear Operated Ball Valve | Zeco Valve<\/title>\n<meta name=\"description\" content=\"ZECO Valve is a API 6D, API 607 certified Ball Valve Manfaucturer, products including Floating Ball Valve, Trunnion Ball Valve....\" \/>\n<meta name=\"robots\" content=\"index, follow, max-snippet:-1, max-image-preview:large, max-video-preview:-1\" \/>\n<link rel=\"canonical\" href=\"https:\/\/zecovalve.com\/de\/produkt\/gear-operated-ball-valve\" \/>\n<meta property=\"og:locale\" content=\"de_DE\" \/>\n<meta property=\"og:type\" content=\"article\" \/>\n<meta property=\"og:title\" content=\"Gear Valve - Gear Operated Ball Valve | Zeco Valve\" \/>\n<meta property=\"og:description\" content=\"ZECO Valve is a API 6D, API 607 certified Ball Valve Manfaucturer, products including Floating Ball Valve, Trunnion Ball Valve....\" \/>\n<meta property=\"og:url\" content=\"https:\/\/zecovalve.com\/de\/produkt\/gear-operated-ball-valve\" \/>\n<meta property=\"og:site_name\" content=\"ZECO Valve\" \/>\n<meta property=\"article:modified_time\" content=\"2023-06-07T06:37:47+00:00\" \/>\n<meta property=\"og:image\" content=\"https:\/\/zecovalve.com\/wp-content\/uploads\/2022\/06\/Gear-Operated-Ball-Valve.jpg\" \/>\n\t<meta property=\"og:image:width\" content=\"800\" \/>\n\t<meta property=\"og:image:height\" content=\"600\" \/>\n<meta name=\"twitter:card\" content=\"summary_large_image\" \/>\n<meta name=\"twitter:label1\" content=\"Verfasst von\">\n\t<meta name=\"twitter:data1\" content=\"Jerry\">\n\t<meta name=\"twitter:label2\" content=\"Gesch\u00e4tzte Lesezeit\">\n\t<meta name=\"twitter:data2\" content=\"3\u00a0Minuten\">\n<script type=\"application\/ld+json\" class=\"yoast-schema-graph\">{\"@context\":\"https:\/\/schema.org\",\"@graph\":[{\"@type\":\"WebSite\",\"@id\":\"https:\/\/zecovalve.com\/#website\",\"url\":\"https:\/\/zecovalve.com\/\",\"name\":\"ZECO Valve\",\"description\":\"Industrial Ball Valve, Gate Valve and Globe Valve Manufacturer\",\"potentialAction\":[{\"@type\":\"SearchAction\",\"target\":\"https:\/\/zecovalve.com\/?s={search_term_string}\",\"query-input\":\"required name=search_term_string\"}],\"inLanguage\":\"de\"},{\"@type\":\"ImageObject\",\"@id\":\"https:\/\/zecovalve.com\/product\/gear-operated-ball-valve#primaryimage\",\"inLanguage\":\"de\",\"url\":\"https:\/\/zecovalve.com\/wp-content\/uploads\/2022\/06\/Gear-Operated-Ball-Valve.jpg\",\"width\":800,\"height\":600,\"caption\":\"Gear Operated Ball Valve\"},{\"@type\":\"WebPage\",\"@id\":\"https:\/\/zecovalve.com\/product\/gear-operated-ball-valve#webpage\",\"url\":\"https:\/\/zecovalve.com\/product\/gear-operated-ball-valve\",\"name\":\"Gear Valve - Gear Operated Ball Valve | Zeco Valve\",\"isPartOf\":{\"@id\":\"https:\/\/zecovalve.com\/#website\"},\"primaryImageOfPage\":{\"@id\":\"https:\/\/zecovalve.com\/product\/gear-operated-ball-valve#primaryimage\"},\"datePublished\":\"2022-06-18T09:35:42+00:00\",\"dateModified\":\"2023-06-07T06:37:47+00:00\",\"description\":\"ZECO Valve is a API 6D, API 607 certified Ball Valve Manfaucturer, products including Floating Ball Valve, Trunnion Ball Valve....\",\"breadcrumb\":{\"@id\":\"https:\/\/zecovalve.com\/product\/gear-operated-ball-valve#breadcrumb\"},\"inLanguage\":\"de\",\"potentialAction\":[{\"@type\":\"ReadAction\",\"target\":[\"https:\/\/zecovalve.com\/product\/gear-operated-ball-valve\"]}]},{\"@type\":\"BreadcrumbList\",\"@id\":\"https:\/\/zecovalve.com\/product\/gear-operated-ball-valve#breadcrumb\",\"itemListElement\":[{\"@type\":\"ListItem\",\"position\":1,\"item\":{\"@type\":\"WebPage\",\"@id\":\"https:\/\/zecovalve.com\/\",\"url\":\"https:\/\/zecovalve.com\/\",\"name\":\"Home\"}},{\"@type\":\"ListItem\",\"position\":2,\"item\":{\"@type\":\"WebPage\",\"@id\":\"https:\/\/zecovalve.com\/product-category\",\"url\":\"https:\/\/zecovalve.com\/product-category\",\"name\":\"Industrial Valve Manufacturer | Water Valve Manufacturer\"}},{\"@type\":\"ListItem\",\"position\":3,\"item\":{\"@type\":\"WebPage\",\"@id\":\"https:\/\/zecovalve.com\/product\/gear-operated-ball-valve\",\"url\":\"https:\/\/zecovalve.com\/product\/gear-operated-ball-valve\",\"name\":\"Gear Valve &#8211; Gear Operated Ball Valve\"}}]}]}<\/script>\n<!-- \/ Yoast SEO Premium plugin. -->","_links":{"self":[{"href":"https:\/\/zecovalve.com\/de\/wp-json\/wp\/v2\/product\/16054","targetHints":{"allow":["GET"]}}],"collection":[{"href":"https:\/\/zecovalve.com\/de\/wp-json\/wp\/v2\/product"}],"about":[{"href":"https:\/\/zecovalve.com\/de\/wp-json\/wp\/v2\/types\/product"}],"replies":[{"embeddable":true,"href":"https:\/\/zecovalve.com\/de\/wp-json\/wp\/v2\/comments?post=16054"}],"wp:featuredmedia":[{"embeddable":true,"href":"https:\/\/zecovalve.com\/de\/wp-json\/wp\/v2\/media\/27845"}],"wp:attachment":[{"href":"https:\/\/zecovalve.com\/de\/wp-json\/wp\/v2\/media?parent=16054"}],"wp:term":[{"taxonomy":"product_cat","embeddable":true,"href":"https:\/\/zecovalve.com\/de\/wp-json\/wp\/v2\/product_cat?post=16054"},{"taxonomy":"product_tag","embeddable":true,"href":"https:\/\/zecovalve.com\/de\/wp-json\/wp\/v2\/product_tag?post=16054"}],"curies":[{"name":"wp","href":"https:\/\/api.w.org\/{rel}","templated":true}]}}