{"id":16069,"date":"2022-06-18T13:44:05","date_gmt":"2022-06-18T13:44:05","guid":{"rendered":"https:\/\/zecovalve.com\/?post_type=product&#038;p=16069"},"modified":"2023-06-07T06:39:17","modified_gmt":"2023-06-07T06:39:17","slug":"wcb-ball-valve","status":"publish","type":"product","link":"https:\/\/zecovalve.com\/de\/produkt\/wcb-ball-valve","title":{"rendered":"WCB Kugelhahn mit Flansch"},"content":{"rendered":"<p>ZECO Valve ist ein API 6D-Kugelhahnlieferant. Unter den vielen Kugelhahnlieferanten in China verf\u00fcgt ZECO Valve \u00fcber eine vollst\u00e4ndige Palette von API-Zertifizierungen und hat die API 6D-Zertifizierung sowie die Feuerzertifizierungen API 607 und API6FA erhalten.<\/p>\r\n\r\n\r\n\r\n<figure class=\"wp-block-image alignnone size-medium wp-image-16070\"><img loading=\"lazy\" decoding=\"async\" width=\"300\" height=\"225\" class=\"wp-image-16070\" src=\"https:\/\/zecovalve.com\/wp-content\/uploads\/2022\/06\/ball-valve-wcb-ball-valve-300x225.jpg\" alt=\"Wcb Kugelhahn\" srcset=\"https:\/\/zecovalve.com\/wp-content\/uploads\/2022\/06\/ball-valve-wcb-ball-valve-300x225.jpg 300w, https:\/\/zecovalve.com\/wp-content\/uploads\/2022\/06\/ball-valve-wcb-ball-valve-768x576.jpg 768w, https:\/\/zecovalve.com\/wp-content\/uploads\/2022\/06\/ball-valve-wcb-ball-valve-600x450.jpg 600w, https:\/\/zecovalve.com\/wp-content\/uploads\/2022\/06\/ball-valve-wcb-ball-valve.jpg 800w\" sizes=\"auto, (max-width: 300px) 100vw, 300px\" \/><\/figure>\r\n\r\n\r\n<div class=\"gb-button-wrapper gb-button-wrapper-6d8495a3\">\r\n\r\n\r\n<p><a class=\"gb-button gb-button-3d442e11 gb-button-text\" href=\"https:\/\/zecovalve.com\/de\/contact\/\" target=\"_blank\" rel=\"noopener noreferrer\"><strong>FLANSCHKUGELHAHN PREIS ERHALTEN<\/strong><\/a><\/p>\r\n<\/div>\r\n\r\n\r\n\r\n\r\n<h2 class=\"wp-block-heading\">Was ist ein Flanschkugelhahn?<\/h2>\r\n\r\n\r\n\r\n<p>Flanschkugelh\u00e4hne sind f\u00fcr den Anschluss des Kugelhahns benannt, Flanschkugelh\u00e4hne haben in der Regel RF-Verbindung und RTJ-Verbindung, Anschluss-Standards sind in ASME B16.5, EN1092-1 und andere Verbindungen unterteilt.<\/p>\r\n\r\n\r\n\r\n<h2 class=\"wp-block-heading\" id=\"h-applications-of-wcb-flanged-ball-valve\">Anwendungen von WCB Flanschkugelh\u00e4hnen?<\/h2>\r\n\r\n\r\n\r\n<p>ZECO WCB-Flanschkugelh\u00e4hne eignen sich f\u00fcr die Erdgas-, Erd\u00f6l-, Chemie-, Metallurgie-, Pharma- und andere Industrien, einschlie\u00dflich schwimmender Kugelh\u00e4hne, Kugelh\u00e4hne mit Zapfen und Kugelh\u00e4hne mit Zugang von oben.<\/p>\r\n\r\n\r\n\r\n<h2 class=\"wp-block-heading\">Aufbau eines schwimmenden Kugelhahns mit Flansch<\/h2>\r\n\r\n\r\n\r\n<p>Der schwimmende Kugelhahn ist einfach aufgebaut. Er hat zwei Sitze, die die Kugel st\u00fctzen. Die Kugel kann sich fest in Richtung der Dichtung bewegen, um die Abdichtung am Auslassende zu gew\u00e4hrleisten. Wenn der schwimmend gelagerte Kugelhahn in Betrieb ist, werden alle Kr\u00e4fte, die durch den Druck des Mediums vor dem Kugelhahn in der Rohrleitung auf die Kugel wirken, auf die oberen und unteren Lager \u00fcbertragen, und die Kugel bewegt sich nicht. Die Undichtigkeiten des Kugelhahns mit oberem Eintritt sind geringer als bei schwimmend gelagerten und zapfengelagerten Kugelh\u00e4hnen.<\/p>\r\n\r\n\r\n\r\n<h2 class=\"wp-block-heading\" id=\"h-features-of-wcb-flanged-ball-valve\">Merkmale des WCB-Flanschkugelhahns:<\/h2>\r\n\r\n\r\n\r\n<ul class=\"wp-block-list\">\r\n<li>In der geschlossenen Stellung sperrt jeder Sitz das Prozessmedium unabh\u00e4ngig auf jeder Seite oder gleichzeitig auf beiden Seiten der Kugel ab, der Hohlraum kann \u00fcber Entl\u00fcftungs- oder Entleerungsstopfen am Ventilgeh\u00e4use entl\u00fcftet\/entleert werden;<\/li>\r\n<li>Die antistatische Vorrichtung ist ein Standardmerkmal des ZECO WCB Flanschkugelhahns. Ein federbelasteter Stift stellt den elektrischen Durchgang zwischen Kugel, Spindel und Geh\u00e4use sicher, um Funkenbildung beim Drehen der Spindel zum \u00d6ffnen und Schlie\u00dfen des Kugelhahns zu vermeiden;<\/li>\r\n<li>Die Spindel des ZECO WCB-Flanschkugelhahns wird getrennt von der Kugel hergestellt. Das untere Ende der Spindel ist mit einer integrierten Schulter versehen, um ausblassicher zu sein;<\/li>\r\n<li>Der ZECO WCB Flanschkugelhahn hat zwei O-Ring-Dichtungen, die eine Leckage im Bereich der Spindel verhindern.<\/li>\r\n<\/ul>\r\n\r\n\r\n\r\n<h2 class=\"wp-block-heading\" id=\"h-material-of-wcb-flanged-ball-valve\">Werkstoff des WCB-Flanschkugelhahns:<\/h2>\r\n\r\n\r\n\r\n<figure class=\"wp-block-table\">\r\n<table>\r\n<tbody>\r\n<tr>\r\n<td>Nein<\/td>\r\n<td>Teil<\/td>\r\n<td>Material<\/td>\r\n<\/tr>\r\n<tr>\r\n<td>1<\/td>\r\n<td>K\u00f6rper<\/td>\r\n<td>ASTM A216 WCB<\/td>\r\n<\/tr>\r\n<tr>\r\n<td>2<\/td>\r\n<td>Motorhaube<\/td>\r\n<td>ASTM A216 WCB<\/td>\r\n<\/tr>\r\n<tr>\r\n<td>3<\/td>\r\n<td>Kugel<\/td>\r\n<td>ASTM A105<\/td>\r\n<\/tr>\r\n<tr>\r\n<td>4<\/td>\r\n<td>Sitz<\/td>\r\n<td>ASTM A105 + PTFE<\/td>\r\n<\/tr>\r\n<tr>\r\n<td>5<\/td>\r\n<td>Vorbau<\/td>\r\n<td>ASTM A182 F6a<\/td>\r\n<\/tr>\r\n<tr>\r\n<td>6<\/td>\r\n<td>Antistatische Vorrichtung<\/td>\r\n<td>SS304<\/td>\r\n<\/tr>\r\n<tr>\r\n<td>7<\/td>\r\n<td>Dichtung<\/td>\r\n<td>Graphit + SS304<\/td>\r\n<\/tr>\r\n<tr>\r\n<td>8<\/td>\r\n<td>Schraube<\/td>\r\n<td>ASTM A193 B7<\/td>\r\n<\/tr>\r\n<tr>\r\n<td>9<\/td>\r\n<td>Nuss<\/td>\r\n<td>ASTM A194 2H<\/td>\r\n<\/tr>\r\n<tr>\r\n<td>10<\/td>\r\n<td>O-Ring<\/td>\r\n<td>Viton A<\/td>\r\n<\/tr>\r\n<tr>\r\n<td>11<\/td>\r\n<td>Hebel<\/td>\r\n<td>ASTM A216 WCB<\/td>\r\n<\/tr>\r\n<\/tbody>\r\n<\/table>\r\n<\/figure>","protected":false},"excerpt":{"rendered":"<p>ZECO Valve ist ein API 6D-Kugelhahnlieferant. Unter den vielen Kugelhahnlieferanten in China verf\u00fcgt ZECO Valve \u00fcber eine vollst\u00e4ndige \u2026 <a title=\"WCB Kugelhahn mit Flansch\" class=\"read-more\" href=\"https:\/\/zecovalve.com\/de\/produkt\/wcb-ball-valve\" aria-label=\"Mehr zu WCB Flaggenkugelhahn\">Weiterlesen ...<\/a><\/p>","protected":false},"featured_media":27846,"comment_status":"closed","ping_status":"closed","template":"","meta":{"_generate-full-width-content":"","kt_blocks_editor_width":""},"product_cat":[2047,2461],"product_tag":[2804,2802,3896],"class_list":["post-16069","product","type-product","status-publish","has-post-thumbnail","hentry","product_cat-ball-valve","product_cat-ball-valve-by-material","product_tag-2-inch-ball-valve","product_tag-ball-valve-price","product_tag-flanged-ball-valve","sales-flash-overlay","woocommerce-text-align-center","woocommerce-image-align-center","do-quantity-buttons"],"featured_image_src_large":["https:\/\/zecovalve.com\/wp-content\/uploads\/2022\/06\/WCB-Flanged-Ball-Valve.jpg",800,600,false],"author_info":[],"comment_info":0,"taxonomy_info":{"product_cat":[{"value":2047,"label":"Ball Valve"},{"value":2461,"label":"Ball Valve By Material"}],"product_tag":[{"value":2804,"label":"2 inch Ball Valve"},{"value":2802,"label":"Ball Valve Price"},{"value":3896,"label":"Flanged Ball Valve"}]},"yoast_head":"<!-- This site is optimized with the Yoast SEO Premium plugin v15.4 - https:\/\/yoast.com\/wordpress\/plugins\/seo\/ -->\n<title>Flanged Ball Valve - API 6D Ball Valve Supplier | ZECO Valve<\/title>\n<meta name=\"robots\" content=\"index, follow, max-snippet:-1, max-image-preview:large, max-video-preview:-1\" \/>\n<link rel=\"canonical\" href=\"https:\/\/zecovalve.com\/de\/produkt\/wcb-ball-valve\" \/>\n<meta property=\"og:locale\" content=\"de_DE\" \/>\n<meta property=\"og:type\" content=\"article\" \/>\n<meta property=\"og:title\" content=\"Flanged Ball Valve - API 6D Ball Valve Supplier | ZECO Valve\" \/>\n<meta property=\"og:description\" content=\"ZECO Valve is a API 6D ball valve supplier. Among the many ball valve suppliers in China, ZECO Valve has a full ... Weiterlesen ...\" \/>\n<meta property=\"og:url\" content=\"https:\/\/zecovalve.com\/de\/produkt\/wcb-ball-valve\" \/>\n<meta property=\"og:site_name\" content=\"ZECO Valve\" \/>\n<meta property=\"article:modified_time\" content=\"2023-06-07T06:39:17+00:00\" \/>\n<meta property=\"og:image\" content=\"https:\/\/zecovalve.com\/wp-content\/uploads\/2022\/06\/WCB-Flanged-Ball-Valve.jpg\" \/>\n\t<meta property=\"og:image:width\" content=\"800\" \/>\n\t<meta property=\"og:image:height\" content=\"600\" \/>\n<meta name=\"twitter:card\" content=\"summary_large_image\" \/>\n<meta name=\"twitter:label1\" content=\"Verfasst von\">\n\t<meta name=\"twitter:data1\" content=\"Jerry\">\n\t<meta name=\"twitter:label2\" content=\"Gesch\u00e4tzte Lesezeit\">\n\t<meta name=\"twitter:data2\" content=\"2\u00a0Minuten\">\n<script type=\"application\/ld+json\" class=\"yoast-schema-graph\">{\"@context\":\"https:\/\/schema.org\",\"@graph\":[{\"@type\":\"WebSite\",\"@id\":\"https:\/\/zecovalve.com\/#website\",\"url\":\"https:\/\/zecovalve.com\/\",\"name\":\"ZECO Valve\",\"description\":\"Industrial Ball Valve, Gate Valve and Globe Valve Manufacturer\",\"potentialAction\":[{\"@type\":\"SearchAction\",\"target\":\"https:\/\/zecovalve.com\/?s={search_term_string}\",\"query-input\":\"required name=search_term_string\"}],\"inLanguage\":\"de\"},{\"@type\":\"ImageObject\",\"@id\":\"https:\/\/zecovalve.com\/product\/wcb-ball-valve#primaryimage\",\"inLanguage\":\"de\",\"url\":\"https:\/\/zecovalve.com\/wp-content\/uploads\/2022\/06\/WCB-Flanged-Ball-Valve.jpg\",\"width\":800,\"height\":600,\"caption\":\"WCB Flanged Ball Valve\"},{\"@type\":\"WebPage\",\"@id\":\"https:\/\/zecovalve.com\/product\/wcb-ball-valve#webpage\",\"url\":\"https:\/\/zecovalve.com\/product\/wcb-ball-valve\",\"name\":\"Flanged Ball Valve - API 6D Ball Valve Supplier | ZECO Valve\",\"isPartOf\":{\"@id\":\"https:\/\/zecovalve.com\/#website\"},\"primaryImageOfPage\":{\"@id\":\"https:\/\/zecovalve.com\/product\/wcb-ball-valve#primaryimage\"},\"datePublished\":\"2022-06-18T13:44:05+00:00\",\"dateModified\":\"2023-06-07T06:39:17+00:00\",\"breadcrumb\":{\"@id\":\"https:\/\/zecovalve.com\/product\/wcb-ball-valve#breadcrumb\"},\"inLanguage\":\"de\",\"potentialAction\":[{\"@type\":\"ReadAction\",\"target\":[\"https:\/\/zecovalve.com\/product\/wcb-ball-valve\"]}]},{\"@type\":\"BreadcrumbList\",\"@id\":\"https:\/\/zecovalve.com\/product\/wcb-ball-valve#breadcrumb\",\"itemListElement\":[{\"@type\":\"ListItem\",\"position\":1,\"item\":{\"@type\":\"WebPage\",\"@id\":\"https:\/\/zecovalve.com\/\",\"url\":\"https:\/\/zecovalve.com\/\",\"name\":\"Home\"}},{\"@type\":\"ListItem\",\"position\":2,\"item\":{\"@type\":\"WebPage\",\"@id\":\"https:\/\/zecovalve.com\/product-category\",\"url\":\"https:\/\/zecovalve.com\/product-category\",\"name\":\"Industrial Valve Manufacturer | Water Valve Manufacturer\"}},{\"@type\":\"ListItem\",\"position\":3,\"item\":{\"@type\":\"WebPage\",\"@id\":\"https:\/\/zecovalve.com\/product\/wcb-ball-valve\",\"url\":\"https:\/\/zecovalve.com\/product\/wcb-ball-valve\",\"name\":\"WCB Flagned Ball Valve\"}}]}]}<\/script>\n<!-- \/ Yoast SEO Premium plugin. -->","_links":{"self":[{"href":"https:\/\/zecovalve.com\/de\/wp-json\/wp\/v2\/product\/16069","targetHints":{"allow":["GET"]}}],"collection":[{"href":"https:\/\/zecovalve.com\/de\/wp-json\/wp\/v2\/product"}],"about":[{"href":"https:\/\/zecovalve.com\/de\/wp-json\/wp\/v2\/types\/product"}],"replies":[{"embeddable":true,"href":"https:\/\/zecovalve.com\/de\/wp-json\/wp\/v2\/comments?post=16069"}],"wp:featuredmedia":[{"embeddable":true,"href":"https:\/\/zecovalve.com\/de\/wp-json\/wp\/v2\/media\/27846"}],"wp:attachment":[{"href":"https:\/\/zecovalve.com\/de\/wp-json\/wp\/v2\/media?parent=16069"}],"wp:term":[{"taxonomy":"product_cat","embeddable":true,"href":"https:\/\/zecovalve.com\/de\/wp-json\/wp\/v2\/product_cat?post=16069"},{"taxonomy":"product_tag","embeddable":true,"href":"https:\/\/zecovalve.com\/de\/wp-json\/wp\/v2\/product_tag?post=16069"}],"curies":[{"name":"wp","href":"https:\/\/api.w.org\/{rel}","templated":true}]}}