{"id":16073,"date":"2022-06-18T13:57:28","date_gmt":"2022-06-18T13:57:28","guid":{"rendered":"https:\/\/zecovalve.com\/?post_type=product&#038;p=16073"},"modified":"2023-06-07T06:40:53","modified_gmt":"2023-06-07T06:40:53","slug":"electric-ball-valve","status":"publish","type":"product","link":"https:\/\/zecovalve.com\/de\/produkt\/electric-ball-valve","title":{"rendered":"Elektrischer Kugelhahn"},"content":{"rendered":"<p>Elektrische Kugelh\u00e4hne verwenden einen elektrischen Antrieb, um eine Kugel mit einem Loch in der Mitte zu drehen und den Durchfluss zu steuern.<\/p>\r\n\r\n\r\n\r\n<figure class=\"wp-block-image alignnone size-medium wp-image-16074\"><img loading=\"lazy\" decoding=\"async\" width=\"300\" height=\"225\" class=\"wp-image-16074\" src=\"https:\/\/zecovalve.com\/wp-content\/uploads\/2022\/06\/electric-ball-valve-300x225.jpg\" alt=\"Elektrischer Kugelhahn\" srcset=\"https:\/\/zecovalve.com\/wp-content\/uploads\/2022\/06\/electric-ball-valve-300x225.jpg 300w, https:\/\/zecovalve.com\/wp-content\/uploads\/2022\/06\/electric-ball-valve-768x576.jpg 768w, https:\/\/zecovalve.com\/wp-content\/uploads\/2022\/06\/electric-ball-valve-600x450.jpg 600w, https:\/\/zecovalve.com\/wp-content\/uploads\/2022\/06\/electric-ball-valve.jpg 800w\" sizes=\"auto, (max-width: 300px) 100vw, 300px\" \/><\/figure>\r\n\r\n\r\n<div class=\"gb-button-wrapper gb-button-wrapper-f8260ba6\">\r\n\r\n\r\n<p><a class=\"gb-button gb-button-e4f70767 gb-button-text\" href=\"mailto:commercial@zecovalve.com\" target=\"_blank\" rel=\"noopener noreferrer\"><strong>ELEKTRISCHER KUGELHAHN PREIS ERHALTEN<\/strong><\/a><\/p>\r\n<\/div>\r\n\r\n\r\n\r\n\r\n<h2 class=\"wp-block-heading\" id=\"h-what-is-an-electric-ball-valve\">Was ist ein elektrischer Kugelhahn?<\/h2>\r\n\r\n\r\n\r\n<p>Der elektrische ZECO-Kugelhahn ist nach der Kombination von elektrischem Antrieb und Kugelhahn benannt. Er wird in der Regel in mittleren Rohrleitungen eingesetzt, die eine Fernschaltung und eine Einstellsteuerung erfordern. Er ist ein wichtiges Steuerungsprodukt in der industriellen Automatisierungstechnik. Die elektrischen Stellantriebe von ZECO sind in der Regel mit deutschen AUMA-Stellantrieben ausgestattet. Wenn die Kunden andere Anforderungen haben, kann ZECO sie auch nach Kundenw\u00fcnschen anpassen. Der elektrische 2-Zoll-Kugelhahn ist einer der g\u00e4ngigsten Typen von elektrisch betriebenen Kugelh\u00e4hnen.<\/p>\r\n\r\n\r\n\r\n<h2 class=\"wp-block-heading\">Wie funktioniert ein elektrischer Kugelhahn?<\/h2>\r\n\r\n\r\n\r\n<p>Im Allgemeinen wandeln elektrische Kugelh\u00e4hne die elektrische Energie mit Hilfe eines Elektromotors in eine Drehkraft um und drehen so die Kugelh\u00e4hne. Aufgrund der sauberen elektrischen Energie und des leisen Drehens der Ventile ist dies die effizienteste Art der Ventilsteuerung.<\/p>\r\n\r\n\r\n\r\n<p>Zum besseren Verst\u00e4ndnis wird hier die Funktionsweise des elektrischen Kugelhahns erl\u00e4utert.<\/p>\r\n\r\n\r\n\r\n<h3 class=\"wp-block-heading\">Schritt eins: Einschalten des Systems<\/h3>\r\n\r\n\r\n\r\n<p>Zun\u00e4chst schalten Sie die elektrischen Kugelh\u00e4hne ein, damit der Strom richtig durch das System flie\u00dfen kann. Der elektrische Strom treibt den Elektromotor an, der ein Drehmoment erzeugt, das von einer mit dem Ventilschaft verbundenen Welle \u00fcbertragen wird.<\/p>\r\n\r\n\r\n\r\n<p>Sie werden feststellen, dass sich der Kugelhahn durch die Wirkung der Welle und des Elektromotors zu drehen beginnt. Die Leistung, die Sie ben\u00f6tigen, um den Betrieb des elektrischen Kugelhahns zu steuern, ist entsprechend unterschiedlich.<\/p>\r\n\r\n\r\n\r\n<p>F\u00fcr die Steuerung des elektrischen Kugelhahns k\u00f6nnen Sie Gleichstrom von 12 V, 24 V und 48 V ben\u00f6tigen. Andererseits k\u00f6nnen Sie auch 24 V, 48 V, 120 V, 130 V und 240 V Wechselstrom zur Steuerung des Ventils verwenden.<\/p>\r\n\r\n\r\n\r\n<h3 class=\"wp-block-heading\">Schritt zwei: Kontrolle des Drehmoments<\/h3>\r\n\r\n\r\n\r\n<p>Da der Strom durch den Motor flie\u00dft, k\u00f6nnen Sie die Kraft steuern, die der Motor erzeugt, um den Kugelhahn zu drehen. Er verf\u00fcgt \u00fcber ein System von verschiedenen Zahnr\u00e4dern, die bei der Steuerung der Welle helfen und so verschiedene Kraftniveaus erzeugen.<\/p>\r\n\r\n\r\n\r\n<p>Sie k\u00f6nnen sich f\u00fcr das Getriebe entscheiden, das die besten Kr\u00e4fte erzeugt und den elektrischen Kugelhahn entsprechend steuern kann. Die Geschwindigkeit, mit der der elektrische Kugelhahn arbeitet, ist umgekehrt proportional zum Drehmoment f des elektrischen Kugelhahns.<\/p>\r\n\r\n\r\n\r\n<h2 class=\"wp-block-heading\" id=\"h-features-of-electric-ball-valves\">Merkmale von elektrischen Kugelh\u00e4hnen:<\/h2>\r\n\r\n\r\n\r\n<ul class=\"wp-block-list\">\r\n<li>ZECO hat sich der Pr\u00e4misse verschrieben, dass die Produkte den internationalen Standards entsprechen, und tut sein Bestes in der Forschung und Entwicklung des Unternehmens, um die Kosten f\u00fcr die Benutzer zu minimieren. Aus diesem Grund hat ZECO gro\u00dfe Anstrengungen im Bereich des Kugelhahn-Drehmoments unternommen und schlie\u00dflich ein Produkt mit einem geringeren Drehmoment als der Kugelhahn auf dem Markt entwickelt, so dass es mit einem elektrischen Antrieb mit geringerem Drehmoment des ersten Gangs ausgestattet werden kann, um die Kosten f\u00fcr den Benutzer zu senken;<\/li>\r\n<li>Die elektrischen Kugelh\u00e4hne von ZECO sind in Serien mit vollem Durchgang und mit reduziertem Durchgang erh\u00e4ltlich, um den unterschiedlichen Anforderungen der Kunden gerecht zu werden. Kugelh\u00e4hne mit vollem Durchgang sind im gleichen Kanal wie der Innendurchmesser der Rohrleitung f\u00fcr minimalen Fl\u00fcssigkeitswiderstand und einfache Reinigung der Rohrleitung vorgesehen. Das Gewicht der Kugelh\u00e4hne mit reduziertem Durchmesser betr\u00e4gt nur etwa 70% des Kugelhahns mit vollem Durchgang, wodurch Kosten und Preis effektiv gesenkt werden k\u00f6nnen, w\u00e4hrend der Fl\u00fcssigkeits-Widerstands-Koeffizient nur etwa 1\/7 des Kugelhahns mit gleichem Durchmesser betr\u00e4gt;<\/li>\r\n<li>Der elektrisch bet\u00e4tigte Kugelhahn von ZECO gew\u00e4hrleistet eine zuverl\u00e4ssige Abdichtung unter Hoch-, Tief- und Vakuumbedingungen;<\/li>\r\n<li>ZECO elektrischen Kugelhahn mit automatischer Druckentlastung Struktur, wenn die Pipeline Druck abnormalen Anstieg, die Kammer Medium kann sich auf seine eigene Schubkraft, um den Sitz und die automatische Druckentlastung.<\/li>\r\n<\/ul>\r\n\r\n\r\n\r\n<h2 class=\"wp-block-heading\" id=\"h-applications-of-electric-ball-valves\">Anwendungen von elektrisch bet\u00e4tigten Kugelh\u00e4hnen<\/h2>\r\n\r\n\r\n\r\n<ul class=\"wp-block-list\">\r\n<li>Ausr\u00fcstung f\u00fcr die Gastronomie<\/li>\r\n<li>Bew\u00e4sserungsindustrie<\/li>\r\n<li>Fahrzeug-Waschanlagen<\/li>\r\n<li>Wasseraufbereitungsanlagen<\/li>\r\n<li>Fertigungseinrichtungen<\/li>\r\n<li>Mobile Anwendungen<\/li>\r\n<li>W\u00e4rmetauscher<\/li>\r\n<\/ul>\r\n\r\n\r\n\r\n<h2 class=\"wp-block-heading\" id=\"h-how-to-install-an-electric-ball-valves\">Wie installiert man einen elektrischen Kugelhahn?<\/h2>\r\n\r\n\r\n\r\n<p>Verwenden Sie bei der Montage elektrischer Stellantriebe f\u00fcr Ventile robuste Teile, die dem Industriestandard entsprechen. Viele Stellantriebe und Montageteile verwenden die ISO 5211-Normen f\u00fcr Verbindungen, wodurch sichergestellt wird, dass verschiedene Marken und Komponenten nahtlos zusammenarbeiten.<\/p>\r\n\r\n\r\n\r\n<p>Sie ben\u00f6tigen mindestens drei Komponenten f\u00fcr die Montage:<\/p>\r\n\r\n\r\n\r\n<ul class=\"wp-block-list\">\r\n<li>Eine Ansteuerung<\/li>\r\n<li>Eine Spindel zum Anschluss an den Ventilkopf<\/li>\r\n<li>Ein Flansch, mit dem der Antrieb an der Armatur befestigt wird<\/li>\r\n<li>Verschiedene Antriebe erfordern unterschiedliche Flanschtypen, je nach Drehmoment und verf\u00fcgbaren Befestigungsmitteln.<\/li>\r\n<\/ul>\r\n\r\n\r\n\r\n<h2 class=\"wp-block-heading\" id=\"h-material-of-electrically-opened-ball-valve\">Material des elektrisch ge\u00f6ffneten Kugelhahns:<\/h2>\r\n\r\n\r\n\r\n<figure class=\"wp-block-table\">\r\n<table>\r\n<tbody>\r\n<tr>\r\n<td>Nein<\/td>\r\n<td>Teil<\/td>\r\n<td>Material<\/td>\r\n<\/tr>\r\n<tr>\r\n<td>1<\/td>\r\n<td>K\u00f6rper<\/td>\r\n<td>ASTM A105<\/td>\r\n<\/tr>\r\n<tr>\r\n<td>2<\/td>\r\n<td>Motorhaube<\/td>\r\n<td>ASTM A105<\/td>\r\n<\/tr>\r\n<tr>\r\n<td>3<\/td>\r\n<td>Kugel<\/td>\r\n<td>ASTM A105<\/td>\r\n<\/tr>\r\n<tr>\r\n<td>4<\/td>\r\n<td>Sitz<\/td>\r\n<td>ASTM A105 + PTFE<\/td>\r\n<\/tr>\r\n<tr>\r\n<td>5<\/td>\r\n<td>Vorbau<\/td>\r\n<td>ASTM A182 F6a<\/td>\r\n<\/tr>\r\n<tr>\r\n<td>6<\/td>\r\n<td>Antistatische Vorrichtung<\/td>\r\n<td>SS304<\/td>\r\n<\/tr>\r\n<tr>\r\n<td>7<\/td>\r\n<td>Dichtung<\/td>\r\n<td>Graphit + SS304<\/td>\r\n<\/tr>\r\n<tr>\r\n<td>8<\/td>\r\n<td>Schraube<\/td>\r\n<td>ASTM A193 B7<\/td>\r\n<\/tr>\r\n<tr>\r\n<td>9<\/td>\r\n<td>Nuss<\/td>\r\n<td>ASTM A194 2H<\/td>\r\n<\/tr>\r\n<tr>\r\n<td>10<\/td>\r\n<td>O-Ring<\/td>\r\n<td>Viton A<\/td>\r\n<\/tr>\r\n<tr>\r\n<td>11<\/td>\r\n<td>Elektrischer Aktuator<\/td>\r\n<td>ASTM A182 F304<\/td>\r\n<\/tr>\r\n<\/tbody>\r\n<\/table>\r\n<\/figure>\r\n\r\n\r\n\r\n<h2 class=\"wp-block-heading\" id=\"faq11\">Was sind die Ursachen f\u00fcr das Versagen eines elektrischen Kugelhahns?<\/h2>\r\n\r\n\r\n\r\n<h3 class=\"wp-block-heading\">Schlechte Konstruktion des elektrischen Kugelhahns<\/h3>\r\n\r\n\r\n\r\n<p>M\u00f6glicherweise ist der elektrische Kugelhahn so schlecht konstruiert, dass er den Anforderungen der Anwendung nicht gerecht wird. Die schlechte Konstruktion kann sich in einer schlechten chemischen Vertr\u00e4glichkeit und einer schlechten Durchfluss- oder Druckrate \u00e4u\u00dfern.<\/p>\r\n\r\n\r\n\r\n<h3 class=\"wp-block-heading\">Fehlerhafte Installation<\/h3>\r\n\r\n\r\n\r\n<p>Es kann auch vorkommen, dass ein erfolgreicher Betrieb aufgrund schlechter oder fehlerhafter Installationen nicht m\u00f6glich ist. Es kann zu Leckagen oder einer falschen Position der elektrischen Kugelh\u00e4hne kommen, was schlie\u00dflich zu deren Ausfall f\u00fchrt.<\/p>\r\n\r\n\r\n\r\n<h3 class=\"wp-block-heading\">Unsachgem\u00e4\u00dfer Betrieb<\/h3>\r\n\r\n\r\n\r\n<p>Zus\u00e4tzlich zu den oben genannten Faktoren k\u00f6nnen Sie die elektrischen Kugelh\u00e4hne auch unsachgem\u00e4\u00df bedienen. Mit anderen Worten, Sie k\u00f6nnen die elektrischen Kugelh\u00e4hne f\u00fcr die falschen Vorg\u00e4nge verwenden, was zu einem vollst\u00e4ndigen Ausfall f\u00fchrt.<\/p>","protected":false},"excerpt":{"rendered":"<p>Elektrische Kugelh\u00e4hne verwenden einen elektrischen Antrieb, um eine Kugel mit einem Loch in der Mitte zu drehen und so den Durchfluss zu steuern. Was ist \u2026 <a title=\"Elektrischer Kugelhahn\" class=\"read-more\" href=\"https:\/\/zecovalve.com\/de\/produkt\/electric-ball-valve\" aria-label=\"Mehr zu Electric Ball Valve\">Weiterlesen ...<\/a><\/p>","protected":false},"featured_media":27847,"comment_status":"closed","ping_status":"closed","template":"","meta":{"_generate-full-width-content":"","kt_blocks_editor_width":""},"product_cat":[2047,2460,2465],"product_tag":[3295,3293,3869,3255,3291,3868,3294,2766,3292,2727],"class_list":["post-16073","product","type-product","status-publish","has-post-thumbnail","hentry","product_cat-ball-valve","product_cat-ball-valve-by-drive-mode","product_cat-forged-steel-ball-valve","product_tag-ball-valve-electric","product_tag-electric-actuated-ball-valve","product_tag-electric-actuator-ball-valve","product_tag-electric-ball-valve","product_tag-electrical-ball-valve","product_tag-electrically-actuated-ball-valve","product_tag-electronic-ball-valve","product_tag-motorised-valve","product_tag-motorized-ball-valve","product_tag-motorized-valve","sales-flash-overlay","woocommerce-text-align-center","woocommerce-image-align-center","do-quantity-buttons"],"featured_image_src_large":["https:\/\/zecovalve.com\/wp-content\/uploads\/2022\/06\/Electric-Ball-Valve-1.jpg",800,600,false],"author_info":[],"comment_info":0,"taxonomy_info":{"product_cat":[{"value":2047,"label":"Ball Valve"},{"value":2460,"label":"Ball Valve By Drive Mode"},{"value":2465,"label":"Forged Ball Valve"}],"product_tag":[{"value":3295,"label":"Ball Valve Electric"},{"value":3293,"label":"Electric Actuated Ball Valve"},{"value":3869,"label":"Electric Actuator Ball Valve"},{"value":3255,"label":"Electric Ball Valve"},{"value":3291,"label":"Electrical Ball Valve"},{"value":3868,"label":"Electrically Actuated Ball Valve"},{"value":3294,"label":"Electronic Ball Valve"},{"value":2766,"label":"Motorised Valve"},{"value":3292,"label":"Motorized Ball Valve"},{"value":2727,"label":"Motorized Valve"}]},"yoast_head":"<!-- This site is optimized with the Yoast SEO Premium plugin v15.4 - https:\/\/yoast.com\/wordpress\/plugins\/seo\/ -->\n<title>Electric Ball Valve - Electric Actuated Ball Valve | ZECO Valve<\/title>\n<meta name=\"robots\" content=\"index, follow, max-snippet:-1, max-image-preview:large, max-video-preview:-1\" \/>\n<link rel=\"canonical\" href=\"https:\/\/zecovalve.com\/de\/produkt\/electric-ball-valve\" \/>\n<meta property=\"og:locale\" content=\"de_DE\" \/>\n<meta property=\"og:type\" content=\"article\" \/>\n<meta property=\"og:title\" content=\"Electric Ball Valve - Electric Actuated Ball Valve | ZECO Valve\" \/>\n<meta property=\"og:description\" content=\"Electric ball valves use an electric actuator to rotate a ball with a hole in the center to control flow. What is ... Weiterlesen ...\" \/>\n<meta property=\"og:url\" content=\"https:\/\/zecovalve.com\/de\/produkt\/electric-ball-valve\" \/>\n<meta property=\"og:site_name\" content=\"ZECO Valve\" \/>\n<meta property=\"article:modified_time\" content=\"2023-06-07T06:40:53+00:00\" \/>\n<meta property=\"og:image\" content=\"https:\/\/zecovalve.com\/wp-content\/uploads\/2022\/06\/Electric-Ball-Valve-1.jpg\" \/>\n\t<meta property=\"og:image:width\" content=\"800\" \/>\n\t<meta property=\"og:image:height\" content=\"600\" \/>\n<meta name=\"twitter:card\" content=\"summary_large_image\" \/>\n<meta name=\"twitter:label1\" content=\"Verfasst von\">\n\t<meta name=\"twitter:data1\" content=\"Jerry\">\n\t<meta name=\"twitter:label2\" content=\"Gesch\u00e4tzte Lesezeit\">\n\t<meta name=\"twitter:data2\" content=\"4\u00a0Minuten\">\n<script type=\"application\/ld+json\" class=\"yoast-schema-graph\">{\"@context\":\"https:\/\/schema.org\",\"@graph\":[{\"@type\":\"WebSite\",\"@id\":\"https:\/\/zecovalve.com\/#website\",\"url\":\"https:\/\/zecovalve.com\/\",\"name\":\"ZECO Valve\",\"description\":\"Industrial Ball Valve, Gate Valve and Globe Valve Manufacturer\",\"potentialAction\":[{\"@type\":\"SearchAction\",\"target\":\"https:\/\/zecovalve.com\/?s={search_term_string}\",\"query-input\":\"required name=search_term_string\"}],\"inLanguage\":\"de\"},{\"@type\":\"ImageObject\",\"@id\":\"https:\/\/zecovalve.com\/product\/electric-ball-valve#primaryimage\",\"inLanguage\":\"de\",\"url\":\"https:\/\/zecovalve.com\/wp-content\/uploads\/2022\/06\/Electric-Ball-Valve-1.jpg\",\"width\":800,\"height\":600,\"caption\":\"Electric Ball Valve\"},{\"@type\":\"WebPage\",\"@id\":\"https:\/\/zecovalve.com\/product\/electric-ball-valve#webpage\",\"url\":\"https:\/\/zecovalve.com\/product\/electric-ball-valve\",\"name\":\"Electric Ball Valve - Electric Actuated Ball Valve | ZECO Valve\",\"isPartOf\":{\"@id\":\"https:\/\/zecovalve.com\/#website\"},\"primaryImageOfPage\":{\"@id\":\"https:\/\/zecovalve.com\/product\/electric-ball-valve#primaryimage\"},\"datePublished\":\"2022-06-18T13:57:28+00:00\",\"dateModified\":\"2023-06-07T06:40:53+00:00\",\"breadcrumb\":{\"@id\":\"https:\/\/zecovalve.com\/product\/electric-ball-valve#breadcrumb\"},\"inLanguage\":\"de\",\"potentialAction\":[{\"@type\":\"ReadAction\",\"target\":[\"https:\/\/zecovalve.com\/product\/electric-ball-valve\"]}]},{\"@type\":\"BreadcrumbList\",\"@id\":\"https:\/\/zecovalve.com\/product\/electric-ball-valve#breadcrumb\",\"itemListElement\":[{\"@type\":\"ListItem\",\"position\":1,\"item\":{\"@type\":\"WebPage\",\"@id\":\"https:\/\/zecovalve.com\/\",\"url\":\"https:\/\/zecovalve.com\/\",\"name\":\"Home\"}},{\"@type\":\"ListItem\",\"position\":2,\"item\":{\"@type\":\"WebPage\",\"@id\":\"https:\/\/zecovalve.com\/product-category\",\"url\":\"https:\/\/zecovalve.com\/product-category\",\"name\":\"Industrial Valve Manufacturer | Water Valve Manufacturer\"}},{\"@type\":\"ListItem\",\"position\":3,\"item\":{\"@type\":\"WebPage\",\"@id\":\"https:\/\/zecovalve.com\/product\/electric-ball-valve\",\"url\":\"https:\/\/zecovalve.com\/product\/electric-ball-valve\",\"name\":\"Electric Ball Valve\"}}]}]}<\/script>\n<!-- \/ Yoast SEO Premium plugin. -->","_links":{"self":[{"href":"https:\/\/zecovalve.com\/de\/wp-json\/wp\/v2\/product\/16073","targetHints":{"allow":["GET"]}}],"collection":[{"href":"https:\/\/zecovalve.com\/de\/wp-json\/wp\/v2\/product"}],"about":[{"href":"https:\/\/zecovalve.com\/de\/wp-json\/wp\/v2\/types\/product"}],"replies":[{"embeddable":true,"href":"https:\/\/zecovalve.com\/de\/wp-json\/wp\/v2\/comments?post=16073"}],"wp:featuredmedia":[{"embeddable":true,"href":"https:\/\/zecovalve.com\/de\/wp-json\/wp\/v2\/media\/27847"}],"wp:attachment":[{"href":"https:\/\/zecovalve.com\/de\/wp-json\/wp\/v2\/media?parent=16073"}],"wp:term":[{"taxonomy":"product_cat","embeddable":true,"href":"https:\/\/zecovalve.com\/de\/wp-json\/wp\/v2\/product_cat?post=16073"},{"taxonomy":"product_tag","embeddable":true,"href":"https:\/\/zecovalve.com\/de\/wp-json\/wp\/v2\/product_tag?post=16073"}],"curies":[{"name":"wp","href":"https:\/\/api.w.org\/{rel}","templated":true}]}}