{"id":16075,"date":"2022-06-18T14:00:20","date_gmt":"2022-06-18T14:00:20","guid":{"rendered":"https:\/\/zecovalve.com\/?post_type=product&#038;p=16075"},"modified":"2023-06-07T06:43:13","modified_gmt":"2023-06-07T06:43:13","slug":"metal-seated-ball-valve","status":"publish","type":"product","link":"https:\/\/zecovalve.com\/de\/produkt\/metal-seated-ball-valve","title":{"rendered":"Metallisch dichtender Kugelhahn"},"content":{"rendered":"<p>Metallisch dichtende Kugelh\u00e4hne sind f\u00fcr hohe Temperaturen bis zu 540\u2103 (kann je nach Material des Geh\u00e4uses und der Verkleidung h\u00f6her sein) oder Abriebfestigkeit ausgelegt.<\/p>\r\n\r\n\r\n\r\n<div class=\"wp-block-columns is-layout-flex wp-container-core-columns-is-layout-9d6595d7 wp-block-columns-is-layout-flex\">\r\n<div class=\"wp-block-column is-layout-flow wp-block-column-is-layout-flow\">\r\n<figure class=\"wp-block-image size-large\"><img decoding=\"async\" src=\"https:\/\/zecovalve.com\/wp-content\/uploads\/2022\/06\/metal-seated-ball-valve-1-300x225.jpg\" alt=\"\" \/><\/figure>\r\n<\/div>\r\n\r\n\r\n\r\n<div class=\"wp-block-column is-layout-flow wp-block-column-is-layout-flow\">\r\n<figure class=\"wp-block-image size-large\"><img decoding=\"async\" src=\"https:\/\/zecovalve.com\/wp-content\/uploads\/2022\/06\/metal-seated-ball-valve-2-300x225.jpg\" alt=\"\" \/><\/figure>\r\n<\/div>\r\n\r\n\r\n\r\n<div class=\"wp-block-column is-layout-flow wp-block-column-is-layout-flow\">\r\n<figure class=\"wp-block-image size-large\"><img decoding=\"async\" src=\"https:\/\/zecovalve.com\/wp-content\/uploads\/2022\/06\/metal-seated-ball-valve-3-300x225.jpg\" alt=\"\" \/><\/figure>\r\n<\/div>\r\n\r\n\r\n\r\n<div class=\"wp-block-column is-layout-flow wp-block-column-is-layout-flow\">\r\n<figure class=\"wp-block-image size-large\"><img decoding=\"async\" src=\"https:\/\/zecovalve.com\/wp-content\/uploads\/2022\/06\/metal-seated-ball-valve-4-300x225.jpg\" alt=\"\" \/><\/figure>\r\n<\/div>\r\n<\/div>\r\n\r\n\r\n<div class=\"gb-button-wrapper gb-button-wrapper-31f123f4\">\r\n\r\n\r\n<p><a class=\"gb-button gb-button-504ddfe8 gb-button-text\" href=\"mailto:commercial@zecovalve.com\" target=\"_blank\" rel=\"noopener noreferrer\"><strong><strong>METALLISCH DICHTENDEN KUGELHAHN PREIS ERHALTEN<\/strong><\/strong><\/a><\/p>\r\n<\/div>\r\n\r\n\r\n\r\n\r\n<h2 class=\"wp-block-heading\" id=\"h-what-is-a-metal-seated-ball-valve\">Was ist ein metallisch dichtender Kugelhahn?<\/h2>\r\n\r\n\r\n\r\n<p>ZECO metallisch dichtenden Kugelhahn ist geeignet f\u00fcr hohe Temperatur und hohen Druck spezielle Medium oder Medium mit Partikeln in der Pipeline. Metall sitzenden Kugelhahn Typ Auswahl auf verschiedenen Arbeitsbedingungen der Analyse und Berechnung, die Auswahl geeigneter Arbeitsbedingungen der H\u00e4rte des Materials H\u00e4rte, um fortschrittliche Technologie der Spritzschwei\u00dfen auf der Oberfl\u00e4che einer Kugel und Ventilsitz Dichtfl\u00e4che f\u00fcr spezielle Verarbeitung, Schleifen mit hart-Kugel, und Sitz Dichtfl\u00e4che macht die Passgenauigkeit keine Leckage.<\/p>\r\n\r\n\r\n\r\n<h2 class=\"wp-block-heading\">Arten von metallisch dichtenden Kugelh\u00e4hnen<\/h2>\r\n\r\n\r\n\r\n<ul class=\"wp-block-list\">\r\n<li>Metallisch dichtende, schwenkbare Kugelh\u00e4hne sind geteilte, schwenkbare Kugelh\u00e4hne mit federbelasteten Sitzen mit Hohlraumentlastung, sie sind doppelt blockier- und entl\u00fcftbar.<\/li>\r\n\r\n\r\n\r\n<li>Metallisch dichtende Schwimmerkugelh\u00e4hne sind leckagefrei und f\u00fcr den Betrieb bei hohen Temperaturen geeignet. Dar\u00fcber hinaus sind auch Sitze mit harten Oberfl\u00e4chenmaterialien aus Chromkarbid, Wolframkarbid oder Stellit erh\u00e4ltlich. Alle schwimmend gelagerten Kugelh\u00e4hne von Relia sind antistatisch und verf\u00fcgen \u00fcber eine automatische Entlastung des Geh\u00e4usehohlraums.<\/li>\r\n<\/ul>\r\n\r\n\r\n\r\n<h2 class=\"wp-block-heading\">Anwendungen von metallisch dichtenden Kugelh\u00e4hnen<\/h2>\r\n\r\n\r\n\r\n<ul class=\"wp-block-list\">\r\n<li>\u00d6l und Gas<\/li>\r\n\r\n\r\n\r\n<li>Raffination \/ Petrochemie<\/li>\r\n\r\n\r\n\r\n<li>Chemischer Prozess<\/li>\r\n\r\n\r\n\r\n<li>Stromerzeugung<\/li>\r\n\r\n\r\n\r\n<li>Zellstoff und Papier<\/li>\r\n\r\n\r\n\r\n<li>Bergbau<\/li>\r\n<\/ul>\r\n\r\n\r\n\r\n<h2 class=\"wp-block-heading\" id=\"h-features-of-metal-seat-ball-valve\">Eigenschaften von Metall-Sitz-Kugelhahn:<\/h2>\r\n\r\n\r\n\r\n<ul class=\"wp-block-list\">\r\n<li>Absolute Feuersicherheitsgarantie. ZECO metallisch dichtende Kugelh\u00e4hne sind absolut feuersicher konstruiert. Der Metall-zu-Metall-Kontakt zwischen der Kugel und dem Sitz ist so konstruiert, dass eine bedingungslose Brandsicherheit gegeben ist. Die flexible Graphitdichtung kann verhindern, dass Fl\u00fcssigkeit zwischen Geh\u00e4use und Sitz oder Geh\u00e4use und Adapter austritt, selbst wenn die Umgebungstemperaturen hoch sind, um feuersichere Bedingungen zu erreichen. Dar\u00fcber hinaus k\u00f6nnen andere Dichtungskomponenten, wie z.B. die Spindelpackung, ebenfalls eine feuersichere Funktion erf\u00fcllen und externe Leckagen verhindern. So werden alle Teile des Ventils nicht durch hohe Temperaturen beeintr\u00e4chtigt werden.<\/li>\r\n\r\n\r\n\r\n<li>Zuverl\u00e4ssige Abdichtung bei niedrigem Druck. ZECO-Kugelh\u00e4hne mit Metallsitz verf\u00fcgen \u00fcber eine Sitzfederstruktur, die den stromaufw\u00e4rts gelegenen Sitz fest gegen die Kugeloberfl\u00e4che dr\u00fcckt und so eine zuverl\u00e4ssige Abdichtung auch bei extrem niedrigem Druck gew\u00e4hrleistet.<\/li>\r\n\r\n\r\n\r\n<li>ZECO Metall sitzenden Kugelhahn Schalter Drehmoment Licht. Da die Unterseite des Dichtungsrings Feder Dichtungsring mit dem Ball eng zusammen, solange der Schalter Drehmoment \u00fcbersteigt die Vorspannung der Feder, wenn der Schalter wird sehr leicht sein, und in der Konfiguration des elektrischen Antriebs, kann man als andere Marken der Metall-Kugelhahn eine kleine Anzahl von der elektrischen Antrieb w\u00e4hlen;<\/li>\r\n\r\n\r\n\r\n<li>ZECO metallisch dichtende Kugelh\u00e4hne f\u00fcr hohe Temperaturen haben eine lange Lebensdauer. Allgemeine weichdichtende Kugelh\u00e4hne Arbeitstemperatur ist bis zu 400 \u00b0F begrenzt, aber metallisch dichtende Kugelh\u00e4hne sind eine maximale Betriebstemperatur von 800 \u00b0F garantiert.<\/li>\r\n\r\n\r\n\r\n<li>Ausblassichere Spindel und antistatische Vorrichtung. Wie die allgemeinen Kugelh\u00e4hne sind auch die metallisch dichtenden ZECO-Kugelh\u00e4hne mit einer ausblassicheren Spindel und einer antistatischen Vorrichtung ausgestattet.<\/li>\r\n<\/ul>\r\n\r\n\r\n\r\n<h2 class=\"wp-block-heading\" id=\"h-product-range-of-metal-seated-ball-valves\">Produktpalette der metallisch dichtenden Kugelh\u00e4hne<\/h2>\r\n\r\n\r\n\r\n<figure class=\"wp-block-table is-style-stripes\">\r\n<table>\r\n<tbody>\r\n<tr>\r\n<td>\u00a0Typ<\/td>\r\n<td>\u00a0Metallisch dichtender schwimmender Kugelhahn\/Metallisch dichtender Kugelhahn mit Zapfen<\/td>\r\n<\/tr>\r\n<tr>\r\n<td>\u00a0Material des Geh\u00e4uses<\/td>\r\n<td>\u00a0Kohlenstoffstahl, Niedrigtemperatur-Kohlenstoffstahl, Edelstahl, Duplexstahl<\/td>\r\n<\/tr>\r\n<tr>\r\n<td>\u00a0Kugel\/Sitzfl\u00e4che<\/td>\r\n<td>\u00a0Stellit, Wolframkarbid, Chromkarbid<\/td>\r\n<\/tr>\r\n<tr>\r\n<td>\u00a0Gr\u00f6\u00dfenbereich<\/td>\r\n<td>\u00a01\/2\"-48\" (DN15-DN600)<\/td>\r\n<\/tr>\r\n<tr>\r\n<td>\u00a0Klasse Bewertung<\/td>\r\n<td>\u00a0ANSI-Klasse 150-2500 (PN20-PN420)<\/td>\r\n<\/tr>\r\n<tr>\r\n<td>\u00a0Endverbindung<\/td>\r\n<td>\u00a0Stumpfschwei\u00dfung, Flansch, Nabe<\/td>\r\n<\/tr>\r\n<tr>\r\n<td>\u00a0Betreiber<\/td>\r\n<td>\u00a0Hebel, Schneckengetriebe, elektrisch, pneumatisch, hydraulisch<\/td>\r\n<\/tr>\r\n<tr>\r\n<td>Temperatur<\/td>\r\n<td>-196\u00b0C - 816\u00b0C (-320\u00b0F - 1.500\u00b0F)<\/td>\r\n<\/tr>\r\n<\/tbody>\r\n<\/table>\r\n<\/figure>\r\n\r\n\r\n\r\n<h2 class=\"wp-block-heading\">Anwendbare Normen f\u00fcr metallisch dichtende Kugelh\u00e4hne<\/h2>\r\n\r\n\r\n\r\n<figure class=\"wp-block-table is-style-stripes\">\r\n<table>\r\n<tbody>\r\n<tr>\r\n<td>KONSTRUKTION<\/td>\r\n<td>Zweiteiliger K\u00f6rper oder dreiteiliger K\u00f6rper<br \/>Ausblassicherer Vorbau<\/td>\r\n<\/tr>\r\n<tr>\r\n<td>DICHTUNG<\/td>\r\n<td>Unidirektional oder bidirektional<\/td>\r\n<\/tr>\r\n<tr>\r\n<td>DESIGN<\/td>\r\n<td>API6D<br \/>ASME B16.34<\/td>\r\n<\/tr>\r\n<tr>\r\n<td>TESTING<\/td>\r\n<td>API6D<br \/>API598<br \/>EN12266<br \/>MSS SP82<br \/>ISO5208<\/td>\r\n<\/tr>\r\n<tr>\r\n<td>VON ANGESICHT ZU ANGESICHT<\/td>\r\n<td>ASME B16.10<br \/>EN558<br \/>JIS B2002<br \/>MSS SP72<\/td>\r\n<\/tr>\r\n<tr>\r\n<td>BRANDSICHERHEIT<\/td>\r\n<td>Konstruktion und Zertifizierung API607, API6Fa, ISO10497<\/td>\r\n<\/tr>\r\n<tr>\r\n<td>FL\u00dcCHTIGE EMISSION<\/td>\r\n<td>ISO EN15848-1<br \/>ISO EN15848-2<\/td>\r\n<\/tr>\r\n<tr>\r\n<td>OPTIONEN<\/td>\r\n<td>Verl\u00e4ngerte Motorhaube<br \/>Lippendichtungen<br \/>Einspritzdichtung Sitz &amp; Packung<br \/>Heizungsmantel<br \/>Abfluss &amp; Entl\u00fcftung<br \/>AED-Dichtungen<br \/>DBB- DIB1 - DIB2 gem\u00e4\u00df API6D<\/td>\r\n<\/tr>\r\n<\/tbody>\r\n<\/table>\r\n<\/figure>\r\n\r\n\r\n\r\n<h2 class=\"wp-block-heading\">Material des Metallsitz-Kugelhahns<\/h2>\r\n\r\n\r\n\r\n<figure class=\"wp-block-table is-style-stripes\">\r\n<table>\r\n<tbody>\r\n<tr>\r\n<td>Nein<\/td>\r\n<td>Teil<\/td>\r\n<td>Material<\/td>\r\n<\/tr>\r\n<tr>\r\n<td>1<\/td>\r\n<td>K\u00f6rper<\/td>\r\n<td>ASTM A105<\/td>\r\n<\/tr>\r\n<tr>\r\n<td>2<\/td>\r\n<td>Motorhaube<\/td>\r\n<td>ASTM A105<\/td>\r\n<\/tr>\r\n<tr>\r\n<td>3<\/td>\r\n<td>Kugel<\/td>\r\n<td>ASTM A105 + Wolframkarbid<\/td>\r\n<\/tr>\r\n<tr>\r\n<td>4<\/td>\r\n<td>Sitz<\/td>\r\n<td>ASTM A105 + STL<\/td>\r\n<\/tr>\r\n<tr>\r\n<td>5<\/td>\r\n<td>Vorbau<\/td>\r\n<td>ASTM A182 F6a<\/td>\r\n<\/tr>\r\n<tr>\r\n<td>6<\/td>\r\n<td>Antistatische Vorrichtung<\/td>\r\n<td>SS304<\/td>\r\n<\/tr>\r\n<tr>\r\n<td>7<\/td>\r\n<td>Dichtung<\/td>\r\n<td>Graphit + SS304<\/td>\r\n<\/tr>\r\n<tr>\r\n<td>8<\/td>\r\n<td>Schraube<\/td>\r\n<td>ASTM A193 B7<\/td>\r\n<\/tr>\r\n<tr>\r\n<td>9<\/td>\r\n<td>Nuss<\/td>\r\n<td>ASTM A194 2H<\/td>\r\n<\/tr>\r\n<tr>\r\n<td>10<\/td>\r\n<td>O-Ring<\/td>\r\n<td>Viton A<\/td>\r\n<\/tr>\r\n<tr>\r\n<td>11<\/td>\r\n<td>Hebel<\/td>\r\n<td>ASTM A216 WCB<\/td>\r\n<\/tr>\r\n<\/tbody>\r\n<\/table>\r\n<\/figure>\r\n\r\n\r\n\r\n<p>Wenn Sie auf der Suche nach zuverl\u00e4ssigen Herstellern von metallisch dichtenden Kugelh\u00e4hnen sind, ist ZECO die beste Wahl f\u00fcr Sie.<\/p>\r\n\r\n\r\n\r\n<p>ZECO Valve bietet eine Vielzahl von metallisch dichtenden Kugelh\u00e4hnen an, darunter dreiteilige, geflanschte, geschwei\u00dfte Zapfenventile und doppelt dichtende Metallzapfenventile. Der Hauptvorteil metallisch dichtender Ventile ist ihre F\u00e4higkeit, hohen Temperaturen und schwierigen Betriebsbedingungen zu widerstehen. Metallsitze k\u00f6nnen starkem Flashen, hydraulischen St\u00f6\u00dfen, abrasiven Prozessfl\u00fcssigkeiten und hohen Temperaturen standhalten. Sie sind auch ideal f\u00fcr Anwendungen mit hoher Erosion oder Korrosion.<\/p>","protected":false},"excerpt":{"rendered":"<p>Kugelh\u00e4hne mit Metallsitz sind f\u00fcr hohe Temperaturen bis zu 540 \u00b0C ausgelegt (k\u00f6nnen je nach Geh\u00e4usematerial h\u00f6her sein \u2026) <a title=\"Metallisch dichtender Kugelhahn\" class=\"read-more\" href=\"https:\/\/zecovalve.com\/de\/produkt\/metal-seated-ball-valve\" aria-label=\"Mehr zu Metallsitzender Kugelhahn\">Weiterlesen ...<\/a><\/p>","protected":false},"featured_media":27848,"comment_status":"closed","ping_status":"closed","template":"","meta":{"_generate-full-width-content":"","kt_blocks_editor_width":""},"product_cat":[2047,2459,2465],"product_tag":[3920,3896,3922,3921,3914],"class_list":["post-16075","product","type-product","status-publish","has-post-thumbnail","hentry","product_cat-ball-valve","product_cat-ball-valve-by-form","product_cat-forged-steel-ball-valve","product_tag-api-6d-ball-valve","product_tag-flanged-ball-valve","product_tag-metal-seat-ball-valve","product_tag-metal-seated-ball-valve","product_tag-reduced-bore-ball-valve","sales-flash-overlay","woocommerce-text-align-center","woocommerce-image-align-center","do-quantity-buttons"],"featured_image_src_large":["https:\/\/zecovalve.com\/wp-content\/uploads\/2022\/06\/Metal-Seated-Ball-Valve.jpg",800,600,false],"author_info":[],"comment_info":0,"taxonomy_info":{"product_cat":[{"value":2047,"label":"Ball Valve"},{"value":2459,"label":"Ball Valve By Form"},{"value":2465,"label":"Forged Ball Valve"}],"product_tag":[{"value":3920,"label":"API 6D Ball Valve"},{"value":3896,"label":"Flanged Ball Valve"},{"value":3922,"label":"Metal Seat Ball Valve"},{"value":3921,"label":"Metal Seated Ball Valve"},{"value":3914,"label":"Reduced Bore Ball Valve"}]},"yoast_head":"<!-- This site is optimized with the Yoast SEO Premium plugin v15.4 - https:\/\/yoast.com\/wordpress\/plugins\/seo\/ -->\n<title>Metal Seat Ball Valve - Metal Seated Ball Valves Manufacturer | ZECO Valve<\/title>\n<meta name=\"robots\" content=\"index, follow, max-snippet:-1, max-image-preview:large, max-video-preview:-1\" \/>\n<link rel=\"canonical\" href=\"https:\/\/zecovalve.com\/de\/produkt\/metal-seated-ball-valve\" \/>\n<meta property=\"og:locale\" content=\"de_DE\" \/>\n<meta property=\"og:type\" content=\"article\" \/>\n<meta property=\"og:title\" content=\"Metal Seat Ball Valve - Metal Seated Ball Valves Manufacturer | ZECO Valve\" \/>\n<meta property=\"og:description\" content=\"Metal Seated Ball Valve is manufactured for high temperatures up to 540\u2103 (may be higher based on the material of the body ... Weiterlesen ...\" \/>\n<meta property=\"og:url\" content=\"https:\/\/zecovalve.com\/de\/produkt\/metal-seated-ball-valve\" \/>\n<meta property=\"og:site_name\" content=\"ZECO Valve\" \/>\n<meta property=\"article:modified_time\" content=\"2023-06-07T06:43:13+00:00\" \/>\n<meta property=\"og:image\" content=\"https:\/\/zecovalve.com\/wp-content\/uploads\/2022\/06\/Metal-Seated-Ball-Valve.jpg\" \/>\n\t<meta property=\"og:image:width\" content=\"800\" \/>\n\t<meta property=\"og:image:height\" content=\"600\" \/>\n<meta name=\"twitter:card\" content=\"summary_large_image\" \/>\n<meta name=\"twitter:label1\" content=\"Verfasst von\">\n\t<meta name=\"twitter:data1\" content=\"Jerry\">\n\t<meta name=\"twitter:label2\" content=\"Gesch\u00e4tzte Lesezeit\">\n\t<meta name=\"twitter:data2\" content=\"3\u00a0Minuten\">\n<script type=\"application\/ld+json\" class=\"yoast-schema-graph\">{\"@context\":\"https:\/\/schema.org\",\"@graph\":[{\"@type\":\"WebSite\",\"@id\":\"https:\/\/zecovalve.com\/#website\",\"url\":\"https:\/\/zecovalve.com\/\",\"name\":\"ZECO Valve\",\"description\":\"Industrial Ball Valve, Gate Valve and Globe Valve Manufacturer\",\"potentialAction\":[{\"@type\":\"SearchAction\",\"target\":\"https:\/\/zecovalve.com\/?s={search_term_string}\",\"query-input\":\"required name=search_term_string\"}],\"inLanguage\":\"de\"},{\"@type\":\"ImageObject\",\"@id\":\"https:\/\/zecovalve.com\/product\/metal-seated-ball-valve#primaryimage\",\"inLanguage\":\"de\",\"url\":\"https:\/\/zecovalve.com\/wp-content\/uploads\/2022\/06\/Metal-Seated-Ball-Valve.jpg\",\"width\":800,\"height\":600,\"caption\":\"Metal Seated Ball Valve\"},{\"@type\":\"WebPage\",\"@id\":\"https:\/\/zecovalve.com\/product\/metal-seated-ball-valve#webpage\",\"url\":\"https:\/\/zecovalve.com\/product\/metal-seated-ball-valve\",\"name\":\"Metal Seat Ball Valve - Metal Seated Ball Valves Manufacturer | ZECO Valve\",\"isPartOf\":{\"@id\":\"https:\/\/zecovalve.com\/#website\"},\"primaryImageOfPage\":{\"@id\":\"https:\/\/zecovalve.com\/product\/metal-seated-ball-valve#primaryimage\"},\"datePublished\":\"2022-06-18T14:00:20+00:00\",\"dateModified\":\"2023-06-07T06:43:13+00:00\",\"breadcrumb\":{\"@id\":\"https:\/\/zecovalve.com\/product\/metal-seated-ball-valve#breadcrumb\"},\"inLanguage\":\"de\",\"potentialAction\":[{\"@type\":\"ReadAction\",\"target\":[\"https:\/\/zecovalve.com\/product\/metal-seated-ball-valve\"]}]},{\"@type\":\"BreadcrumbList\",\"@id\":\"https:\/\/zecovalve.com\/product\/metal-seated-ball-valve#breadcrumb\",\"itemListElement\":[{\"@type\":\"ListItem\",\"position\":1,\"item\":{\"@type\":\"WebPage\",\"@id\":\"https:\/\/zecovalve.com\/\",\"url\":\"https:\/\/zecovalve.com\/\",\"name\":\"Home\"}},{\"@type\":\"ListItem\",\"position\":2,\"item\":{\"@type\":\"WebPage\",\"@id\":\"https:\/\/zecovalve.com\/product-category\",\"url\":\"https:\/\/zecovalve.com\/product-category\",\"name\":\"Industrial Valve Manufacturer | Water Valve Manufacturer\"}},{\"@type\":\"ListItem\",\"position\":3,\"item\":{\"@type\":\"WebPage\",\"@id\":\"https:\/\/zecovalve.com\/product\/metal-seated-ball-valve\",\"url\":\"https:\/\/zecovalve.com\/product\/metal-seated-ball-valve\",\"name\":\"Metal Seated Ball Valve\"}}]}]}<\/script>\n<!-- \/ Yoast SEO Premium plugin. -->","_links":{"self":[{"href":"https:\/\/zecovalve.com\/de\/wp-json\/wp\/v2\/product\/16075","targetHints":{"allow":["GET"]}}],"collection":[{"href":"https:\/\/zecovalve.com\/de\/wp-json\/wp\/v2\/product"}],"about":[{"href":"https:\/\/zecovalve.com\/de\/wp-json\/wp\/v2\/types\/product"}],"replies":[{"embeddable":true,"href":"https:\/\/zecovalve.com\/de\/wp-json\/wp\/v2\/comments?post=16075"}],"wp:featuredmedia":[{"embeddable":true,"href":"https:\/\/zecovalve.com\/de\/wp-json\/wp\/v2\/media\/27848"}],"wp:attachment":[{"href":"https:\/\/zecovalve.com\/de\/wp-json\/wp\/v2\/media?parent=16075"}],"wp:term":[{"taxonomy":"product_cat","embeddable":true,"href":"https:\/\/zecovalve.com\/de\/wp-json\/wp\/v2\/product_cat?post=16075"},{"taxonomy":"product_tag","embeddable":true,"href":"https:\/\/zecovalve.com\/de\/wp-json\/wp\/v2\/product_tag?post=16075"}],"curies":[{"name":"wp","href":"https:\/\/api.w.org\/{rel}","templated":true}]}}