{"id":16083,"date":"2022-06-19T03:24:25","date_gmt":"2022-06-19T03:24:25","guid":{"rendered":"https:\/\/zecovalve.com\/?post_type=product&#038;p=16083"},"modified":"2023-06-07T14:08:05","modified_gmt":"2023-06-07T14:08:05","slug":"3-inch-gate-valve","status":"publish","type":"product","link":"https:\/\/zecovalve.com\/de\/produkt\/3-inch-gate-valve","title":{"rendered":"3-Zoll-Absperrschieber"},"content":{"rendered":"<p>Schieber 3 Zoll unterscheidet sich durch die Gr\u00f6\u00dfe des Schiebers, 3 Zoll Schieber mit DN zu sagen DN80.<\/p>\r\n\r\n\r\n\r\n<figure class=\"wp-block-image size-full is-resized\">\r\n<p><img loading=\"lazy\" decoding=\"async\" class=\"wp-image-27876 size-medium\" src=\"https:\/\/zecovalve.com\/wp-content\/uploads\/2022\/06\/3-Inch-Bronze-Gate-Valve-300x225.jpg\" alt=\"3-Zoll-Bronze-Absperrschieber\" width=\"300\" height=\"225\" srcset=\"https:\/\/zecovalve.com\/wp-content\/uploads\/2022\/06\/3-Inch-Bronze-Gate-Valve-300x225.jpg 300w, https:\/\/zecovalve.com\/wp-content\/uploads\/2022\/06\/3-Inch-Bronze-Gate-Valve-768x576.jpg 768w, https:\/\/zecovalve.com\/wp-content\/uploads\/2022\/06\/3-Inch-Bronze-Gate-Valve-600x450.jpg 600w, https:\/\/zecovalve.com\/wp-content\/uploads\/2022\/06\/3-Inch-Bronze-Gate-Valve.jpg 800w\" sizes=\"auto, (max-width: 300px) 100vw, 300px\" \/><\/p>\r\n<\/figure>\r\n\r\n\r\n<div class=\"gb-button-wrapper gb-button-wrapper-6d8495a3\">\r\n\r\n\r\n<p><a class=\"gb-button gb-button-3d442e11 gb-button-text\" href=\"mailto:commercial@zecovalve.com\" target=\"_blank\" rel=\"noopener noreferrer\"><strong>GET 3 Zoll TORVENTIL PREIS<\/strong><\/a><\/p>\r\n<\/div>\r\n\r\n\r\n\r\n\r\n<h2 class=\"wp-block-heading\" id=\"h-what-is-a-3-inch-gate-valve\">Was ist ein 3-Zoll-Absperrschieber?<\/h2>\r\n\r\n\r\n\r\n<p>ZECO 3-Zoll-Absperrschieber werden haupts\u00e4chlich f\u00fcr vollst\u00e4ndig ge\u00f6ffnete oder vollst\u00e4ndig geschlossene Schaltventile verwendet. Sie werden in der Regel nicht f\u00fcr Drosselzwecke, sondern f\u00fcr Schl\u00e4mme, viskose Fl\u00fcssigkeiten usw. verwendet. Absperrschieber haben einen abnehmbaren Keil, der sich mit der Spindelmutter bewegt. Der Keil bewegt sich rechtwinklig zur Str\u00f6mungsrichtung. Schieber haben in der Regel einen minimalen Druckabfall, wenn sie vollst\u00e4ndig ge\u00f6ffnet sind, schlie\u00dfen dicht ab, wenn sie vollst\u00e4ndig geschlossen sind, und sind relativ frei von Verschmutzungen.<\/p>\r\n\r\n\r\n\r\n<h2 class=\"wp-block-heading\" id=\"h-features-of-3-inch-gate-valves\">Merkmale von 3-Zoll-Schiebern<\/h2>\r\n\r\n\r\n\r\n<ul class=\"wp-block-list\">\r\n<li>Der Keil des ZECO 3-Zoll-Absperrschiebers wird vollst\u00e4ndig an den Sitzen gef\u00fchrt. Zu diesem Zweck ist der ZECO 3-Zoll-Schieber mit einem integrierten Gussschieber ausgestattet, der in einem bestimmten Winkel zur vertikalen Mittellinie verkeilt ist und dessen Funktion darin besteht, w\u00e4hrend des Schlie\u00dfvorgangs immer fester zu schlie\u00dfen. Der Schieber wird als Ganzes gegossen, maschinell bearbeitet und automatisch oberfl\u00e4chenbehandelt und hat eine Ringnut auf der Oberfl\u00e4che f\u00fcr einen besseren Sitz auf der Sitzoberfl\u00e4che;<\/li>\r\n<li>ZECO wird nicht wegen der dringenden Auftr\u00e4ge, und ignorieren die Produktion technologischen Prozess, ZECO jeder Produktionslinie Arbeitnehmer, alle Schritte auf der Grundlage von Technologie-Abteilung gemeinsame Prozesse f\u00fcr die Produktion und Technologie-Abteilung, in der gleichen Zeit, der Ingenieur der Qualit\u00e4tsabteilung ist auf der Grundlage der internationalen Standards f\u00fcr die Produktion von jedem Schritt f\u00fcr die Pr\u00fcfung, um sicherzustellen, dass Produkte qualifiziert sind;<\/li>\r\n<li>Der Sitzring des 3-Zoll-Schiebers von ZECO ist geschmiedet und so konstruiert, dass er den Verschlei\u00df beim Schalten reduziert und den Verschlei\u00df des Ventilk\u00f6rpers und der Dichtungsringe w\u00e4hrend des Durchflusses verhindert;<\/li>\r\n<li>Nach dem Schwei\u00dfen und der erforderlichen W\u00e4rmebehandlung wird der Sitzring des ZECO 3-Zoll-Absperrschiebers mit der CNC-Maschine gr\u00fcndlich gereinigt und von Inspektoren gepr\u00fcft, bevor die Montage erlaubt wird.<\/li>\r\n<\/ul>\r\n\r\n\r\n\r\n<h2 class=\"wp-block-heading\">Abmessungen und Gewicht eines 3-Zoll-Absperrschiebers<\/h2>\r\n\r\n\r\n\r\n<table border=\"=1\" width=\"800\">\r\n<tbody>\r\n<tr>\r\n<td rowspan=\"2\">Druckstufe<\/td>\r\n<td style=\"text-align: center;\">Bohrung<\/td>\r\n<td style=\"text-align: center;\" colspan=\"3\">\u00a0Abmessung von Fl\u00e4che zu Fl\u00e4che (in mm)<\/td>\r\n<td style=\"text-align: center;\">Gewicht<\/td>\r\n<\/tr>\r\n<tr>\r\n<td style=\"text-align: center;\">(in mm)<\/td>\r\n<td style=\"text-align: center;\">RF<\/td>\r\n<td style=\"text-align: center;\">BW<\/td>\r\n<td style=\"text-align: center;\">RTJ<\/td>\r\n<td style=\"text-align: center;\">kg<\/td>\r\n<\/tr>\r\n<tr>\r\n<td>KLASSE 150<\/td>\r\n<td style=\"text-align: center;\">76<\/td>\r\n<td style=\"text-align: center;\">203<\/td>\r\n<td style=\"text-align: center;\">283<\/td>\r\n<td style=\"text-align: center;\">216<\/td>\r\n<td style=\"text-align: center;\">40<\/td>\r\n<\/tr>\r\n<tr>\r\n<td>KLASSE 300<\/td>\r\n<td style=\"text-align: center;\">76<\/td>\r\n<td style=\"text-align: center;\">283<\/td>\r\n<td style=\"text-align: center;\">283<\/td>\r\n<td style=\"text-align: center;\">298<\/td>\r\n<td style=\"text-align: center;\">52<\/td>\r\n<\/tr>\r\n<tr>\r\n<td>KLASSE 600<\/td>\r\n<td style=\"text-align: center;\">76<\/td>\r\n<td style=\"text-align: center;\">356<\/td>\r\n<td style=\"text-align: center;\">356<\/td>\r\n<td style=\"text-align: center;\">359<\/td>\r\n<td style=\"text-align: center;\">85<\/td>\r\n<\/tr>\r\n<tr>\r\n<td>KLASSE 900<\/td>\r\n<td style=\"text-align: center;\">72<\/td>\r\n<td style=\"text-align: center;\">381<\/td>\r\n<td style=\"text-align: center;\">381<\/td>\r\n<td style=\"text-align: center;\">384<\/td>\r\n<td style=\"text-align: center;\">165<\/td>\r\n<\/tr>\r\n<tr>\r\n<td>KLASSE 1500<\/td>\r\n<td style=\"text-align: center;\">69<\/td>\r\n<td style=\"text-align: center;\">470<\/td>\r\n<td style=\"text-align: center;\">470<\/td>\r\n<td style=\"text-align: center;\">473<\/td>\r\n<td style=\"text-align: center;\">182<\/td>\r\n<\/tr>\r\n<tr>\r\n<td>KLASSE 2500<\/td>\r\n<td style=\"text-align: center;\">57<\/td>\r\n<td style=\"text-align: center;\">578<\/td>\r\n<td style=\"text-align: center;\">578<\/td>\r\n<td style=\"text-align: center;\">584<\/td>\r\n<td style=\"text-align: center;\">201<\/td>\r\n<\/tr>\r\n<\/tbody>\r\n<\/table>\r\n\r\n\r\n\r\n<h2 class=\"wp-block-heading\" id=\"h-material-of-3-inch-gate-valve\">Material des 3-Zoll-Absperrschiebers:<\/h2>\r\n\r\n\r\n\r\n<figure class=\"wp-block-table\">\r\n<table>\r\n<tbody>\r\n<tr>\r\n<td>Nein<\/td>\r\n<td>Teil<\/td>\r\n<td>Material<\/td>\r\n<\/tr>\r\n<tr>\r\n<td>1<\/td>\r\n<td>K\u00f6rper<\/td>\r\n<td>C95800<\/td>\r\n<\/tr>\r\n<tr>\r\n<td>2<\/td>\r\n<td>Sitzring<\/td>\r\n<td>C95800<\/td>\r\n<\/tr>\r\n<tr>\r\n<td>3<\/td>\r\n<td>Keil<\/td>\r\n<td>C95800<\/td>\r\n<\/tr>\r\n<tr>\r\n<td>4<\/td>\r\n<td>Vorbau<\/td>\r\n<td>C95800<\/td>\r\n<\/tr>\r\n<tr>\r\n<td>5<\/td>\r\n<td>Dichtung der Motorhaube<\/td>\r\n<td>SS316+Graphit<\/td>\r\n<\/tr>\r\n<tr>\r\n<td>6<\/td>\r\n<td>Motorhaubenbolzen<\/td>\r\n<td>ASTM A193 B8<\/td>\r\n<\/tr>\r\n<tr>\r\n<td>7<\/td>\r\n<td>Haubenmutter<\/td>\r\n<td>ASTM A194 8<\/td>\r\n<\/tr>\r\n<tr>\r\n<td>8<\/td>\r\n<td>Motorhaube<\/td>\r\n<td>C95800<\/td>\r\n<\/tr>\r\n<tr>\r\n<td>9<\/td>\r\n<td>R\u00fccksitz<\/td>\r\n<td>C95800<\/td>\r\n<\/tr>\r\n<tr>\r\n<td>10<\/td>\r\n<td>Spindelpackung<\/td>\r\n<td>Graphit<\/td>\r\n<\/tr>\r\n<tr>\r\n<td>11<\/td>\r\n<td>Handrad<\/td>\r\n<td>KTH330-08<\/td>\r\n<\/tr>\r\n<\/tbody>\r\n<\/table>\r\n<\/figure>","protected":false},"excerpt":{"rendered":"<p>Schieber 3 Zoll unterscheidet man nach der Gr\u00f6\u00dfe des Schiebers, 3 Zoll Schieber mit DN also DN80. \u2026 <a title=\"3-Zoll-Absperrschieber\" class=\"read-more\" href=\"https:\/\/zecovalve.com\/de\/produkt\/3-inch-gate-valve\" aria-label=\"Mehr zu 3 Zoll Schieberventil\">Weiterlesen ...<\/a><\/p>","protected":false},"featured_media":27876,"comment_status":"closed","ping_status":"closed","template":"","meta":{"_generate-full-width-content":"","kt_blocks_editor_width":""},"product_cat":[2052,2458],"product_tag":[],"class_list":["post-16083","product","type-product","status-publish","has-post-thumbnail","hentry","product_cat-gate-valve","product_cat-gate-valve-by-inch","sales-flash-overlay","woocommerce-text-align-center","woocommerce-image-align-center","do-quantity-buttons"],"featured_image_src_large":["https:\/\/zecovalve.com\/wp-content\/uploads\/2022\/06\/3-Inch-Bronze-Gate-Valve.jpg",800,600,false],"author_info":[],"comment_info":0,"taxonomy_info":{"product_cat":[{"value":2052,"label":"Gate Valve"},{"value":2458,"label":"Gate Valve By Inch"}]},"yoast_head":"<!-- This site is optimized with the Yoast SEO Premium plugin v15.4 - https:\/\/yoast.com\/wordpress\/plugins\/seo\/ -->\n<title>Gate Valve 3 inch - 3 inch Gate Valve Manufacturer | ZECO Valve<\/title>\n<meta name=\"robots\" content=\"index, follow, max-snippet:-1, max-image-preview:large, max-video-preview:-1\" \/>\n<link rel=\"canonical\" href=\"https:\/\/zecovalve.com\/de\/produkt\/3-inch-gate-valve\" \/>\n<meta property=\"og:locale\" content=\"de_DE\" \/>\n<meta property=\"og:type\" content=\"article\" \/>\n<meta property=\"og:title\" content=\"Gate Valve 3 inch - 3 inch Gate Valve Manufacturer | ZECO Valve\" \/>\n<meta property=\"og:description\" content=\"Gate valve 3 inch is distinguished by the size of the gate valve, 3 inch gate valve with DN to say DN80. ... Weiterlesen ...\" \/>\n<meta property=\"og:url\" content=\"https:\/\/zecovalve.com\/de\/produkt\/3-inch-gate-valve\" \/>\n<meta property=\"og:site_name\" content=\"ZECO Valve\" \/>\n<meta property=\"article:modified_time\" content=\"2023-06-07T14:08:05+00:00\" \/>\n<meta property=\"og:image\" content=\"https:\/\/zecovalve.com\/wp-content\/uploads\/2022\/06\/3-Inch-Bronze-Gate-Valve.jpg\" \/>\n\t<meta property=\"og:image:width\" content=\"800\" \/>\n\t<meta property=\"og:image:height\" content=\"600\" \/>\n<meta name=\"twitter:card\" content=\"summary_large_image\" \/>\n<meta name=\"twitter:label1\" content=\"Verfasst von\">\n\t<meta name=\"twitter:data1\" content=\"Jerry\">\n\t<meta name=\"twitter:label2\" content=\"Gesch\u00e4tzte Lesezeit\">\n\t<meta name=\"twitter:data2\" content=\"2\u00a0Minuten\">\n<script type=\"application\/ld+json\" class=\"yoast-schema-graph\">{\"@context\":\"https:\/\/schema.org\",\"@graph\":[{\"@type\":\"WebSite\",\"@id\":\"https:\/\/zecovalve.com\/#website\",\"url\":\"https:\/\/zecovalve.com\/\",\"name\":\"ZECO Valve\",\"description\":\"Industrial Ball Valve, Gate Valve and Globe Valve Manufacturer\",\"potentialAction\":[{\"@type\":\"SearchAction\",\"target\":\"https:\/\/zecovalve.com\/?s={search_term_string}\",\"query-input\":\"required name=search_term_string\"}],\"inLanguage\":\"de\"},{\"@type\":\"ImageObject\",\"@id\":\"https:\/\/zecovalve.com\/product\/3-inch-gate-valve#primaryimage\",\"inLanguage\":\"de\",\"url\":\"https:\/\/zecovalve.com\/wp-content\/uploads\/2022\/06\/3-Inch-Bronze-Gate-Valve.jpg\",\"width\":800,\"height\":600,\"caption\":\"3 Inch Bronze Gate Valve\"},{\"@type\":\"WebPage\",\"@id\":\"https:\/\/zecovalve.com\/product\/3-inch-gate-valve#webpage\",\"url\":\"https:\/\/zecovalve.com\/product\/3-inch-gate-valve\",\"name\":\"Gate Valve 3 inch - 3 inch Gate Valve Manufacturer | ZECO Valve\",\"isPartOf\":{\"@id\":\"https:\/\/zecovalve.com\/#website\"},\"primaryImageOfPage\":{\"@id\":\"https:\/\/zecovalve.com\/product\/3-inch-gate-valve#primaryimage\"},\"datePublished\":\"2022-06-19T03:24:25+00:00\",\"dateModified\":\"2023-06-07T14:08:05+00:00\",\"breadcrumb\":{\"@id\":\"https:\/\/zecovalve.com\/product\/3-inch-gate-valve#breadcrumb\"},\"inLanguage\":\"de\",\"potentialAction\":[{\"@type\":\"ReadAction\",\"target\":[\"https:\/\/zecovalve.com\/product\/3-inch-gate-valve\"]}]},{\"@type\":\"BreadcrumbList\",\"@id\":\"https:\/\/zecovalve.com\/product\/3-inch-gate-valve#breadcrumb\",\"itemListElement\":[{\"@type\":\"ListItem\",\"position\":1,\"item\":{\"@type\":\"WebPage\",\"@id\":\"https:\/\/zecovalve.com\/\",\"url\":\"https:\/\/zecovalve.com\/\",\"name\":\"Home\"}},{\"@type\":\"ListItem\",\"position\":2,\"item\":{\"@type\":\"WebPage\",\"@id\":\"https:\/\/zecovalve.com\/product-category\",\"url\":\"https:\/\/zecovalve.com\/product-category\",\"name\":\"Industrial Valve Manufacturer | Water Valve Manufacturer\"}},{\"@type\":\"ListItem\",\"position\":3,\"item\":{\"@type\":\"WebPage\",\"@id\":\"https:\/\/zecovalve.com\/product\/3-inch-gate-valve\",\"url\":\"https:\/\/zecovalve.com\/product\/3-inch-gate-valve\",\"name\":\"3 inch Gate Valve\"}}]}]}<\/script>\n<!-- \/ Yoast SEO Premium plugin. -->","_links":{"self":[{"href":"https:\/\/zecovalve.com\/de\/wp-json\/wp\/v2\/product\/16083","targetHints":{"allow":["GET"]}}],"collection":[{"href":"https:\/\/zecovalve.com\/de\/wp-json\/wp\/v2\/product"}],"about":[{"href":"https:\/\/zecovalve.com\/de\/wp-json\/wp\/v2\/types\/product"}],"replies":[{"embeddable":true,"href":"https:\/\/zecovalve.com\/de\/wp-json\/wp\/v2\/comments?post=16083"}],"wp:featuredmedia":[{"embeddable":true,"href":"https:\/\/zecovalve.com\/de\/wp-json\/wp\/v2\/media\/27876"}],"wp:attachment":[{"href":"https:\/\/zecovalve.com\/de\/wp-json\/wp\/v2\/media?parent=16083"}],"wp:term":[{"taxonomy":"product_cat","embeddable":true,"href":"https:\/\/zecovalve.com\/de\/wp-json\/wp\/v2\/product_cat?post=16083"},{"taxonomy":"product_tag","embeddable":true,"href":"https:\/\/zecovalve.com\/de\/wp-json\/wp\/v2\/product_tag?post=16083"}],"curies":[{"name":"wp","href":"https:\/\/api.w.org\/{rel}","templated":true}]}}