{"id":16087,"date":"2022-06-19T03:36:22","date_gmt":"2022-06-19T03:36:22","guid":{"rendered":"https:\/\/zecovalve.com\/?post_type=product&#038;p=16087"},"modified":"2023-06-07T06:43:42","modified_gmt":"2023-06-07T06:43:42","slug":"floating-ball-valve","status":"publish","type":"product","link":"https:\/\/zecovalve.com\/de\/produkt\/floating-ball-valve","title":{"rendered":"Schwimmender Kugelhahn"},"content":{"rendered":"<p>In der Welt der Ventile sind Kugelh\u00e4hne f\u00fcr ihre kompakte, langlebige Konstruktion und ihre zuverl\u00e4ssige, schnell wirkende Ein\/Aus-Regelung bekannt. Kugelventile verwenden eine Kugel mit einem Loch (bekannt als Anschluss), das durch die Mitte gebohrt wird, um den Durchfluss von Medien zu steuern. Die Kugel wird um 90 Grad gedreht, um die \u00d6ffnung mit dem Ventilk\u00f6rper auszurichten und den Durchfluss des Mediums durch das Ventil zu erm\u00f6glichen. Um das Ventil zu schlie\u00dfen, wird die Kugel um 90 Grad zur\u00fcck in die geschlossene Position gedreht. Alle Kugelh\u00e4hne sind mit zwei Sitzen ausgestattet, die in der Regel aus Polytetrafluorethylen (PTFE) bestehen, um die Kugel in ihrer Position zu halten und eine dichte Abdichtung zu schaffen, die verhindert, dass Medien durch das Ventil entweichen.<\/p>\r\n\r\n\r\n\r\n<div class=\"wp-block-columns is-layout-flex wp-container-core-columns-is-layout-9d6595d7 wp-block-columns-is-layout-flex\">\r\n<div class=\"wp-block-column is-layout-flow wp-block-column-is-layout-flow\">\r\n<figure class=\"wp-block-image size-large\"><img decoding=\"async\" src=\"https:\/\/zecovalve.com\/wp-content\/uploads\/2022\/06\/floating-ball-valve-1_1636964328-300x225.jpg\" alt=\"\" \/><\/figure>\r\n<\/div>\r\n\r\n\r\n\r\n<div class=\"wp-block-column is-layout-flow wp-block-column-is-layout-flow\">\r\n<figure class=\"wp-block-image size-large\"><img decoding=\"async\" src=\"https:\/\/zecovalve.com\/wp-content\/uploads\/2022\/06\/floating-ball-valve-2-300x225.jpg\" alt=\"\" \/><\/figure>\r\n<\/div>\r\n\r\n\r\n\r\n<div class=\"wp-block-column is-layout-flow wp-block-column-is-layout-flow\">\r\n<figure class=\"wp-block-image size-large\"><img decoding=\"async\" src=\"https:\/\/zecovalve.com\/wp-content\/uploads\/2022\/06\/floating-ball-valve-3-300x225.jpg\" alt=\"\" \/><\/figure>\r\n<\/div>\r\n<\/div>\r\n\r\n\r\n\r\n<div class=\"wp-block-columns is-layout-flex wp-container-core-columns-is-layout-9d6595d7 wp-block-columns-is-layout-flex\">\r\n<div class=\"wp-block-column is-layout-flow wp-block-column-is-layout-flow\"><div class=\"wp-block-image\">\r\n<figure class=\"aligncenter size-full is-resized\"><img loading=\"lazy\" decoding=\"async\" class=\"wp-image-16091\" src=\"https:\/\/zecovalve.com\/wp-content\/uploads\/2022\/06\/floating-ball-valve-4.jpg\" alt=\"\" width=\"400\" height=\"300\" srcset=\"https:\/\/zecovalve.com\/wp-content\/uploads\/2022\/06\/floating-ball-valve-4.jpg 800w, https:\/\/zecovalve.com\/wp-content\/uploads\/2022\/06\/floating-ball-valve-4-300x225.jpg 300w, https:\/\/zecovalve.com\/wp-content\/uploads\/2022\/06\/floating-ball-valve-4-768x576.jpg 768w, https:\/\/zecovalve.com\/wp-content\/uploads\/2022\/06\/floating-ball-valve-4-600x450.jpg 600w\" sizes=\"auto, (max-width: 400px) 100vw, 400px\" \/><\/figure>\r\n<\/div><\/div>\r\n\r\n\r\n\r\n<div class=\"wp-block-column is-layout-flow wp-block-column-is-layout-flow\"><div class=\"wp-block-image\">\r\n<figure class=\"aligncenter size-full is-resized\"><img loading=\"lazy\" decoding=\"async\" class=\"wp-image-16092\" src=\"https:\/\/zecovalve.com\/wp-content\/uploads\/2022\/06\/floating-ball-valve-5.jpg\" alt=\"\" width=\"400\" height=\"300\" srcset=\"https:\/\/zecovalve.com\/wp-content\/uploads\/2022\/06\/floating-ball-valve-5.jpg 800w, https:\/\/zecovalve.com\/wp-content\/uploads\/2022\/06\/floating-ball-valve-5-300x225.jpg 300w, https:\/\/zecovalve.com\/wp-content\/uploads\/2022\/06\/floating-ball-valve-5-768x576.jpg 768w, https:\/\/zecovalve.com\/wp-content\/uploads\/2022\/06\/floating-ball-valve-5-600x450.jpg 600w\" sizes=\"auto, (max-width: 400px) 100vw, 400px\" \/><\/figure>\r\n<\/div><\/div>\r\n<\/div>\r\n\r\n\r\n<div class=\"gb-button-wrapper gb-button-wrapper-6d8495a3\">\r\n\r\n\r\n<p><a class=\"gb-button gb-button-3d442e11 gb-button-text\" href=\"mailto:commercial@zecovalve.com\" target=\"_blank\" rel=\"noopener noreferrer\"><strong>SCHWIMMENDER KUGELHAHN PREIS ERHALTEN<\/strong><\/a><\/p>\r\n<\/div>\r\n\r\n\r\n\r\n\r\n<h2 class=\"wp-block-heading\" id=\"h-what-is-a-floating-ball-valve\">Was ist ein schwimmender Kugelhahn?<\/h2>\r\n\r\n\r\n\r\n<p>Schwimmend gelagerte und mit Zapfen versehene Kugelh\u00e4hne sind zwei Grundtypen von Kugelh\u00e4hnen.<\/p>\r\n\r\n\r\n\r\n<p>Schwimmend gelagerte Kugelh\u00e4hne sind die in industriellen Rohrleitungssystemen am h\u00e4ufigsten verwendeten Armaturentypen. Diese Ventile sind so konstruiert, dass bei beginnender Abnutzung der Sitze der Druck des durch das Ventil flie\u00dfenden Mediums die Kugel gegen den stromabw\u00e4rts gelegenen Sitz dr\u00fcckt, um eine dichte Abdichtung zu gew\u00e4hrleisten.<\/p>\r\n\r\n\r\n\r\n<p>Der schwimmende Kugelhahn von ZECO hat zwei Sitze, die die Kugel st\u00fctzen. Unter mittlerem Druck kann die Kugel zur Abdichtung am Auslassende fest an die Dichtfl\u00e4che gedr\u00fcckt werden.<\/p>\r\n\r\n\r\n\r\n<div class=\"wp-block-columns is-layout-flex wp-container-core-columns-is-layout-9d6595d7 wp-block-columns-is-layout-flex\">\r\n<div class=\"wp-block-column is-vertically-aligned-center is-layout-flow wp-block-column-is-layout-flow\">\r\n<p class=\"has-text-align-left\">Bei schwimmend gelagerten Kugelh\u00e4hnen wird die Kugel durch den Leitungsdruck gegen den stromabw\u00e4rts gelegenen Sitz gedr\u00fcckt, was zu einer Dichtheit f\u00fchrt.<\/p>\r\n\r\n\r\n<div class=\"wp-block-image\">\r\n<figure class=\"aligncenter size-full is-resized\"><img loading=\"lazy\" decoding=\"async\" class=\"wp-image-18011\" src=\"https:\/\/zecovalve.com\/wp-content\/uploads\/2022\/07\/Floating-Ball-Valve.png\" alt=\"\" width=\"727\" height=\"350\" srcset=\"https:\/\/zecovalve.com\/wp-content\/uploads\/2022\/07\/Floating-Ball-Valve.png 800w, https:\/\/zecovalve.com\/wp-content\/uploads\/2022\/07\/Floating-Ball-Valve-300x144.png 300w, https:\/\/zecovalve.com\/wp-content\/uploads\/2022\/07\/Floating-Ball-Valve-768x370.png 768w, https:\/\/zecovalve.com\/wp-content\/uploads\/2022\/07\/Floating-Ball-Valve-600x289.png 600w\" sizes=\"auto, (max-width: 727px) 100vw, 727px\" \/><\/figure>\r\n<\/div><\/div>\r\n\r\n\r\n\r\n<div class=\"wp-block-column is-vertically-aligned-center is-layout-flow wp-block-column-is-layout-flow\">\r\n<p>Bei Kugelh\u00e4hnen mit Zapfen ist die Kugel durch Lager fixiert, die ein Aufschwimmen der Kugel stromabw\u00e4rts verhindern. Ein federbelasteter Sitzmechanismus sorgt daf\u00fcr, dass das Ventil auch dann noch dicht bleibt, wenn der Sitz unweigerlich zu verschlei\u00dfen beginnt.<\/p>\r\n\r\n\r\n<div class=\"wp-block-image\">\r\n<figure class=\"aligncenter size-large is-resized\"><img loading=\"lazy\" decoding=\"async\" src=\"https:\/\/zecovalve.com\/wp-content\/uploads\/2022\/07\/Trunnion-Ball-Valve-1024x700.png\" alt=\"\" width=\"512\" height=\"350\" \/><\/figure>\r\n<\/div><\/div>\r\n<\/div>\r\n\r\n\r\n\r\n<h2 class=\"wp-block-heading\" id=\"h-how-does-a-floating-ball-valve-work\">Wie funktioniert ein schwimmender Kugelhahn?<\/h2>\r\n\r\n\r\n\r\n<p>Die Welle des schwimmenden Kugelhahns ist oben mit der Kugel verbunden und erm\u00f6glicht den \u00dcbergang von einer offenen in eine geschlossene Position mit einer Vierteldrehung (90 Grad). Wenn die Welle bewegt wird, wird eine Last auf die Kugel ausge\u00fcbt, die gegen ihre Sitze gedr\u00fcckt wird.<\/p>\r\n\r\n\r\n\r\n<p>Bei der Bet\u00e4tigung von der geschlossenen in die ge\u00f6ffnete Stellung muss die Kugel sowohl gegen den Leitungsdruck (\u2206p) als auch gegen die Reibung der Sitze gedreht werden. Mit anderen Worten: Das zur Bet\u00e4tigung der Armatur erforderliche Drehmoment wird sowohl durch den Leitungsdruck als auch durch die Beschaffenheit der Ventilsitze erzeugt. Das erforderliche Drehmoment erh\u00f6ht sich erheblich, wenn der Betriebsdruck (\u2206p) und\/oder die Ventilgr\u00f6\u00dfe zunehmen und\/oder wenn die Beschaffenheit des Sitzes robuster wird. Letzteres ist bei metallisch dichtenden Ventilen der Fall.<\/p>\r\n\r\n\r\n\r\n<p>Diese Konstruktion, die leicht und wirtschaftlich ist, eignet sich f\u00fcr Bohrungen bis zu 10 Zoll: \u00dcber diese Bohrungsgr\u00f6\u00dfe hinaus w\u00e4ren die Ventilsitze nicht in der Lage, immer schwereren Kugeln standzuhalten, und das Ventil w\u00fcrde nicht sicher und effizient arbeiten.<\/p>\r\n\r\n\r\n\r\n<h2 class=\"wp-block-heading\">Schwimmender Kugelhahn Normen<\/h2>\r\n\r\n\r\n\r\n<figure class=\"wp-block-table\">\r\n<table>\r\n<tbody>\r\n<tr>\r\n<td><strong>Gestaltung<\/strong><\/td>\r\n<td>API 6D, API 6DSS, ASME B16.34, ISO 14313, ISO 17292<\/td>\r\n<\/tr>\r\n<tr>\r\n<td><strong>Auslegungsdruck<\/strong><\/td>\r\n<td>ASME B16.34, EN 1092-1, ISO 17292<\/td>\r\n<\/tr>\r\n<tr>\r\n<td><strong>Wandst\u00e4rke des Geh\u00e4uses<\/strong><\/td>\r\n<td>ASME B16.34, ASME VIII Div. I, ISO 17292<\/td>\r\n<\/tr>\r\n<tr>\r\n<td><strong>Von Angesicht zu Angesicht<\/strong><\/td>\r\n<td>API 6D, ASME B16.10 Lange Form<\/td>\r\n<\/tr>\r\n<tr>\r\n<td><strong>Temperaturbereich<\/strong><\/td>\r\n<td>-50\u00b0 bis 200\u00b0C (-58\u00b0 bis 392\u00b0F)<\/td>\r\n<\/tr>\r\n<tr>\r\n<td><strong>Bereich der Dr\u00fccke<\/strong><\/td>\r\n<td>PN10 (ANSI 150) bis PN420 (ANSI 2500)<\/td>\r\n<\/tr>\r\n<tr>\r\n<td><strong>Gr\u00f6\u00dfenbereich<\/strong><\/td>\r\n<td>DN15 (1\/2\u2033) bis DN250 (10\u2033)<\/td>\r\n<\/tr>\r\n<tr>\r\n<td><strong>Endverbindungen<\/strong><\/td>\r\n<td>ASME B16.5 Flansche RF, FF, RTJ<br \/>ASME B16.25 Stumpfschwei\u00dfung BW<br \/>ASME B16.11 Muffenschwei\u00dfung SW<br \/>ASME B36.10 PE mit glattem Ende<br \/>ASME B1.20.1 NPT-Gewinde (F\/M)<\/td>\r\n<\/tr>\r\n<\/tbody>\r\n<\/table>\r\n<\/figure>\r\n\r\n\r\n\r\n<h2 class=\"wp-block-heading\" id=\"h-advantages-of-floating-ball-valves\">Vorteile von schwimmenden Kugelh\u00e4hnen<\/h2>\r\n\r\n\r\n\r\n<ul class=\"wp-block-list\">\r\n<li>Der schwimmende Kugelhahn von ZECO hat die Funktion, einen Schalter anzuzeigen. Die Kugel, die Spindel und der Griff sind die beweglichen Teile des schwimmenden Kugelhahns. ZECO Design \u00e4ndert die Oberseite der Spindel in eine flache quadratische Struktur, Dies bietet eine klare Anzeige des Ventils in der offenen Position w\u00e4hrend des Betriebs, wenn der Griff parallel zur Linie ist; Wenn der Griff senkrecht zur Linie ist, zeigt an, dass das Ventil geschlossen ist;<\/li>\r\n<li>Der schwimmende Kugelhahn von ZECO ist mit einer Verriegelungsvorrichtung ausgestattet. ZECO f\u00fcgt zwei Begrenzungsschrauben in die Stopfbuchsbrille ein und koordiniert die Positionierungslasche des Schalters mit einem Verriegelungsloch, um die Besch\u00e4digung des Ventils durch \u00fcberm\u00e4\u00dfiges \u00d6ffnen zu verhindern. Andererseits ist gew\u00e4hrleistet, dass das Ventil im vollst\u00e4ndig ge\u00f6ffneten oder geschlossenen Zustand verriegelt werden kann und nicht von anderem Personal falsch bedient werden kann;<\/li>\r\n<li>ZECO schwimmenden Kugelhahn mit dem Ventilschaft ausblasen Beweis Struktur, um zu verhindern, dass die Wartung des Ventils, der Druck des Mediums, um die Sch\u00e4den an das Wartungspersonal, ZECO eine konvexe Plattform an der Unterseite des Schaftes Struktur, auf der einen Seite, um sicherzustellen, dass der Schaft wird nicht aus dem K\u00f6rper, auf der anderen Seite, stellen Sie sicher, auch Verpackung Sch\u00e4den, die Ventilschaft konvexe S\u00e4tze und engen Kontakt zwischen dem K\u00f6rper und wird nicht dazu f\u00fchren, dass ein Medium-gro\u00dfe Auslaufen;<\/li>\r\n<li>Die Reibung zwischen der Kugel, PTFE und anderen nicht-metallischen Materialien erzeugt eine elektrostatische Ansammlung auf der Kugel, ohne dass die Gefahr eines elektrostatischen Funkens durch die Arbeitsbedingungen verhindert wird. ZECO hat eine antistatische Vorrichtung an der Ventilstange angebracht, die die statische Elektrizit\u00e4t durch die Ventilstange ableiten kann.<\/li>\r\n<\/ul>\r\n\r\n\r\n\r\n<h2 class=\"wp-block-heading\">Nachteile von schwimmenden Kugelh\u00e4hnen<\/h2>\r\n\r\n\r\n\r\n<ul class=\"wp-block-list\">\r\n<li>Vollst\u00e4ndiges Vertrauen in die nachgelagerten Sitze, wenn eine mittlere Last getragen wird.<\/li>\r\n<li>Schwierig zu bedienen, wenn der Druck vor dem Ventil hoch ist.<\/li>\r\n<li>Die Sitze nehmen die Schwerkraft des Balls direkt auf und sind daher nicht in der Lage, einem h\u00f6heren Druck oder gr\u00f6\u00dferen B\u00e4llen zuverl\u00e4ssig standzuhalten.<\/li>\r\n<\/ul>\r\n\r\n\r\n\r\n<h2 class=\"wp-block-heading\" id=\"h-applications-of-floating-ball-valve\">Anwendungen von schwimmenden Kugelh\u00e4hnen<\/h2>\r\n\r\n\r\n\r\n<ul class=\"wp-block-list\">\r\n<li>Notabschaltsysteme - Rohrleitungssysteme, z. B. f\u00fcr Kraftstoffe, Wasser oder kritische Gase, erfordern in Notf\u00e4llen oft ein schnell reagierendes Absperrventil. Da diese Art von Kugelhahn unmontiert ist, arbeitet er schnell und ist daher f\u00fcr SIL 3-Notabschaltungen geeignet.<\/li>\r\n<li>Wassersysteme - Wasserverteilungssysteme erfordern, dass der Druck auf einem optimalen Niveau gehalten wird, um den Durchfluss aufrechtzuerhalten und zu verhindern, dass Lufteinschl\u00fcsse den Wasserfluss behindern. Der Wasserdurchfluss muss auch kontrolliert werden, um ein \u00dcberlaufen zu verhindern. Ein schwimmender Kugelhahn ist eine gute Wahl f\u00fcr die Steuerung von Wassersystemen, da er druckempfindlich ist und sich je nach Druckverh\u00e4ltnissen \u00f6ffnen und schlie\u00dfen kann.<\/li>\r\n<li>Druckentlastung in Rohrleitungen - Druckmanagement in Rohrleitungen ist unerl\u00e4sslich, um Rohrbr\u00fcche und \u00e4hnliche Missgeschicke zu vermeiden. Ein schwimmender Kugelhahn kann in einer Rohrleitung als Druckablassventil eingesetzt werden, da er den Druck aufnimmt und dabei intakt bleibt, im Gegensatz zu einem montierten Kugelhahn, der manchmal durchbrennen kann.<\/li>\r\n<\/ul>\r\n\r\n\r\n\r\n<h2 class=\"wp-block-heading\" id=\"h-material-of-floating-ball-valve\">Material des schwimmenden Kugelhahns:<\/h2>\r\n\r\n\r\n\r\n<figure class=\"wp-block-table is-style-stripes\">\r\n<table>\r\n<tbody>\r\n<tr>\r\n<td>Nein<\/td>\r\n<td>Teil<\/td>\r\n<td>Material<\/td>\r\n<\/tr>\r\n<tr>\r\n<td>1<\/td>\r\n<td>K\u00f6rper<\/td>\r\n<td>ASTM A216 WCB<\/td>\r\n<\/tr>\r\n<tr>\r\n<td>2<\/td>\r\n<td>Motorhaube<\/td>\r\n<td>ASTM A216 WCB<\/td>\r\n<\/tr>\r\n<tr>\r\n<td>3<\/td>\r\n<td>Kugel<\/td>\r\n<td>ASTM A105<\/td>\r\n<\/tr>\r\n<tr>\r\n<td>4<\/td>\r\n<td>Sitz<\/td>\r\n<td>ASTM A105 + PTFE<\/td>\r\n<\/tr>\r\n<tr>\r\n<td>5<\/td>\r\n<td>Vorbau<\/td>\r\n<td>ASTM A182 F6a<\/td>\r\n<\/tr>\r\n<tr>\r\n<td>6<\/td>\r\n<td>Antistatische Vorrichtung<\/td>\r\n<td>SS304<\/td>\r\n<\/tr>\r\n<tr>\r\n<td>7<\/td>\r\n<td>Dichtung<\/td>\r\n<td>Graphit + SS304<\/td>\r\n<\/tr>\r\n<tr>\r\n<td>8<\/td>\r\n<td>Schraube<\/td>\r\n<td>ASTM A193 B7<\/td>\r\n<\/tr>\r\n<tr>\r\n<td>9<\/td>\r\n<td>Nuss<\/td>\r\n<td>ASTM A194 2H<\/td>\r\n<\/tr>\r\n<tr>\r\n<td>10<\/td>\r\n<td>O-Ring<\/td>\r\n<td>Viton A<\/td>\r\n<\/tr>\r\n<tr>\r\n<td>11<\/td>\r\n<td>Hebel<\/td>\r\n<td>ASTM A216 WCB<\/td>\r\n<\/tr>\r\n<\/tbody>\r\n<\/table>\r\n<\/figure>","protected":false},"excerpt":{"rendered":"<p>In der Welt der Ventile sind Kugelh\u00e4hne f\u00fcr ihr kompaktes, langlebiges Design und ihre zuverl\u00e4ssige, schnell wirkende Ein-\/Aus-Steuerung bekannt. Kugelh\u00e4hne nutzen \u2026 <a title=\"Schwimmender Kugelhahn\" class=\"read-more\" href=\"https:\/\/zecovalve.com\/de\/produkt\/floating-ball-valve\" aria-label=\"Mehr zu Floating Ball Valve\">Weiterlesen ...<\/a><\/p>","protected":false},"featured_media":27849,"comment_status":"closed","ping_status":"closed","template":"","meta":{"_generate-full-width-content":"","kt_blocks_editor_width":""},"product_cat":[2047,2459],"product_tag":[2655,2804,2656,3920],"class_list":["post-16087","product","type-product","status-publish","has-post-thumbnail","hentry","product_cat-ball-valve","product_cat-ball-valve-by-form","product_tag-1-2-ball-valve","product_tag-2-inch-ball-valve","product_tag-3-4-ball-valve","product_tag-api-6d-ball-valve","sales-flash-overlay","woocommerce-text-align-center","woocommerce-image-align-center","do-quantity-buttons"],"featured_image_src_large":["https:\/\/zecovalve.com\/wp-content\/uploads\/2022\/06\/Floating-Ball-Valve.jpg",800,600,false],"author_info":[],"comment_info":0,"taxonomy_info":{"product_cat":[{"value":2047,"label":"Ball Valve"},{"value":2459,"label":"Ball Valve By Form"}],"product_tag":[{"value":2655,"label":"1 2 ball valve"},{"value":2804,"label":"2 inch Ball Valve"},{"value":2656,"label":"3 4 ball valve"},{"value":3920,"label":"API 6D Ball Valve"}]},"yoast_head":"<!-- This site is optimized with the Yoast SEO Premium plugin v15.4 - https:\/\/yoast.com\/wordpress\/plugins\/seo\/ -->\n<title>Floating Ball Valve - Competitive Ball Valve Price | Ball Valve Supplier | ZECO<\/title>\n<meta name=\"robots\" content=\"index, follow, max-snippet:-1, max-image-preview:large, max-video-preview:-1\" \/>\n<link rel=\"canonical\" href=\"https:\/\/zecovalve.com\/de\/produkt\/floating-ball-valve\" \/>\n<meta property=\"og:locale\" content=\"de_DE\" \/>\n<meta property=\"og:type\" content=\"article\" \/>\n<meta property=\"og:title\" content=\"Floating Ball Valve - Competitive Ball Valve Price | Ball Valve Supplier | ZECO\" \/>\n<meta property=\"og:description\" content=\"In the world of valves, ball valves are known for their compact, durable design and reliable, fast-acting on\/off control. Ball valves utilize ... Weiterlesen ...\" \/>\n<meta property=\"og:url\" content=\"https:\/\/zecovalve.com\/de\/produkt\/floating-ball-valve\" \/>\n<meta property=\"og:site_name\" content=\"ZECO Valve\" \/>\n<meta property=\"article:modified_time\" content=\"2023-06-07T06:43:42+00:00\" \/>\n<meta property=\"og:image\" content=\"https:\/\/zecovalve.com\/wp-content\/uploads\/2022\/06\/Floating-Ball-Valve.jpg\" \/>\n\t<meta property=\"og:image:width\" content=\"800\" \/>\n\t<meta property=\"og:image:height\" content=\"600\" \/>\n<meta name=\"twitter:card\" content=\"summary_large_image\" \/>\n<meta name=\"twitter:label1\" content=\"Verfasst von\">\n\t<meta name=\"twitter:data1\" content=\"Jerry\">\n\t<meta name=\"twitter:label2\" content=\"Gesch\u00e4tzte Lesezeit\">\n\t<meta name=\"twitter:data2\" content=\"4\u00a0Minuten\">\n<script type=\"application\/ld+json\" class=\"yoast-schema-graph\">{\"@context\":\"https:\/\/schema.org\",\"@graph\":[{\"@type\":\"WebSite\",\"@id\":\"https:\/\/zecovalve.com\/#website\",\"url\":\"https:\/\/zecovalve.com\/\",\"name\":\"ZECO Valve\",\"description\":\"Industrial Ball Valve, Gate Valve and Globe Valve Manufacturer\",\"potentialAction\":[{\"@type\":\"SearchAction\",\"target\":\"https:\/\/zecovalve.com\/?s={search_term_string}\",\"query-input\":\"required name=search_term_string\"}],\"inLanguage\":\"de\"},{\"@type\":\"ImageObject\",\"@id\":\"https:\/\/zecovalve.com\/product\/floating-ball-valve#primaryimage\",\"inLanguage\":\"de\",\"url\":\"https:\/\/zecovalve.com\/wp-content\/uploads\/2022\/06\/Floating-Ball-Valve.jpg\",\"width\":800,\"height\":600,\"caption\":\"Floating Ball Valve\"},{\"@type\":\"WebPage\",\"@id\":\"https:\/\/zecovalve.com\/product\/floating-ball-valve#webpage\",\"url\":\"https:\/\/zecovalve.com\/product\/floating-ball-valve\",\"name\":\"Floating Ball Valve - Competitive Ball Valve Price | Ball Valve Supplier | ZECO\",\"isPartOf\":{\"@id\":\"https:\/\/zecovalve.com\/#website\"},\"primaryImageOfPage\":{\"@id\":\"https:\/\/zecovalve.com\/product\/floating-ball-valve#primaryimage\"},\"datePublished\":\"2022-06-19T03:36:22+00:00\",\"dateModified\":\"2023-06-07T06:43:42+00:00\",\"breadcrumb\":{\"@id\":\"https:\/\/zecovalve.com\/product\/floating-ball-valve#breadcrumb\"},\"inLanguage\":\"de\",\"potentialAction\":[{\"@type\":\"ReadAction\",\"target\":[\"https:\/\/zecovalve.com\/product\/floating-ball-valve\"]}]},{\"@type\":\"BreadcrumbList\",\"@id\":\"https:\/\/zecovalve.com\/product\/floating-ball-valve#breadcrumb\",\"itemListElement\":[{\"@type\":\"ListItem\",\"position\":1,\"item\":{\"@type\":\"WebPage\",\"@id\":\"https:\/\/zecovalve.com\/\",\"url\":\"https:\/\/zecovalve.com\/\",\"name\":\"Home\"}},{\"@type\":\"ListItem\",\"position\":2,\"item\":{\"@type\":\"WebPage\",\"@id\":\"https:\/\/zecovalve.com\/product-category\",\"url\":\"https:\/\/zecovalve.com\/product-category\",\"name\":\"Industrial Valve Manufacturer | Water Valve Manufacturer\"}},{\"@type\":\"ListItem\",\"position\":3,\"item\":{\"@type\":\"WebPage\",\"@id\":\"https:\/\/zecovalve.com\/product\/floating-ball-valve\",\"url\":\"https:\/\/zecovalve.com\/product\/floating-ball-valve\",\"name\":\"Floating Ball Valve\"}}]}]}<\/script>\n<!-- \/ Yoast SEO Premium plugin. -->","_links":{"self":[{"href":"https:\/\/zecovalve.com\/de\/wp-json\/wp\/v2\/product\/16087","targetHints":{"allow":["GET"]}}],"collection":[{"href":"https:\/\/zecovalve.com\/de\/wp-json\/wp\/v2\/product"}],"about":[{"href":"https:\/\/zecovalve.com\/de\/wp-json\/wp\/v2\/types\/product"}],"replies":[{"embeddable":true,"href":"https:\/\/zecovalve.com\/de\/wp-json\/wp\/v2\/comments?post=16087"}],"wp:featuredmedia":[{"embeddable":true,"href":"https:\/\/zecovalve.com\/de\/wp-json\/wp\/v2\/media\/27849"}],"wp:attachment":[{"href":"https:\/\/zecovalve.com\/de\/wp-json\/wp\/v2\/media?parent=16087"}],"wp:term":[{"taxonomy":"product_cat","embeddable":true,"href":"https:\/\/zecovalve.com\/de\/wp-json\/wp\/v2\/product_cat?post=16087"},{"taxonomy":"product_tag","embeddable":true,"href":"https:\/\/zecovalve.com\/de\/wp-json\/wp\/v2\/product_tag?post=16087"}],"curies":[{"name":"wp","href":"https:\/\/api.w.org\/{rel}","templated":true}]}}