{"id":16093,"date":"2022-06-19T03:39:21","date_gmt":"2022-06-19T03:39:21","guid":{"rendered":"https:\/\/zecovalve.com\/?post_type=product&#038;p=16093"},"modified":"2023-06-15T12:37:34","modified_gmt":"2023-06-15T12:37:34","slug":"wedge-gate-valve","status":"publish","type":"product","link":"https:\/\/zecovalve.com\/de\/produkt\/wedge-gate-valve","title":{"rendered":"Keilschieber"},"content":{"rendered":"<p>Ein Keilschieber ist ein linear bewegliches, mehrg\u00e4ngiges Ventil f\u00fcr den allgemeinen Gebrauch.<\/p>\r\n\r\n\r\n\r\n<div class=\"wp-block-columns is-layout-flex wp-container-core-columns-is-layout-9d6595d7 wp-block-columns-is-layout-flex\">\r\n<div class=\"wp-block-column is-layout-flow wp-block-column-is-layout-flow\">\r\n<figure class=\"wp-block-image size-large\"><img decoding=\"async\" src=\"https:\/\/zecovalve.com\/wp-content\/uploads\/2022\/06\/wedge-gate-valve-1-300x225.jpg\" alt=\"\" \/><\/figure>\r\n<\/div>\r\n\r\n\r\n\r\n<div class=\"wp-block-column is-layout-flow wp-block-column-is-layout-flow\">\r\n<figure class=\"wp-block-image size-large\"><img decoding=\"async\" src=\"https:\/\/zecovalve.com\/wp-content\/uploads\/2022\/06\/wedge-gate-valve-2-300x225.jpg\" alt=\"\" \/><\/figure>\r\n<\/div>\r\n\r\n\r\n\r\n<div class=\"wp-block-column is-layout-flow wp-block-column-is-layout-flow\">\r\n<figure class=\"wp-block-image size-large\"><img decoding=\"async\" src=\"https:\/\/zecovalve.com\/wp-content\/uploads\/2022\/06\/wedge-gate-valve-3-300x225.jpg\" alt=\"\" \/><\/figure>\r\n<\/div>\r\n<\/div>\r\n\r\n\r\n\r\n<div class=\"wp-block-columns is-layout-flex wp-container-core-columns-is-layout-9d6595d7 wp-block-columns-is-layout-flex\">\r\n<div class=\"wp-block-column is-layout-flow wp-block-column-is-layout-flow\">\r\n<figure class=\"wp-block-image size-full is-resized\"><img loading=\"lazy\" decoding=\"async\" class=\"wp-image-16097\" src=\"https:\/\/zecovalve.com\/wp-content\/uploads\/2022\/06\/wedge-gate-valve-4.jpg\" alt=\"\" width=\"400\" height=\"300\" srcset=\"https:\/\/zecovalve.com\/wp-content\/uploads\/2022\/06\/wedge-gate-valve-4.jpg 800w, https:\/\/zecovalve.com\/wp-content\/uploads\/2022\/06\/wedge-gate-valve-4-300x225.jpg 300w, https:\/\/zecovalve.com\/wp-content\/uploads\/2022\/06\/wedge-gate-valve-4-768x576.jpg 768w, https:\/\/zecovalve.com\/wp-content\/uploads\/2022\/06\/wedge-gate-valve-4-600x450.jpg 600w\" sizes=\"auto, (max-width: 400px) 100vw, 400px\" \/><\/figure>\r\n<\/div>\r\n\r\n\r\n\r\n<div class=\"wp-block-column is-layout-flow wp-block-column-is-layout-flow\">\r\n<figure class=\"wp-block-image size-full is-resized\"><img loading=\"lazy\" decoding=\"async\" class=\"wp-image-16098\" src=\"https:\/\/zecovalve.com\/wp-content\/uploads\/2022\/06\/wedge-gate-valve-5_1636963499.jpg\" alt=\"\" width=\"400\" height=\"300\" srcset=\"https:\/\/zecovalve.com\/wp-content\/uploads\/2022\/06\/wedge-gate-valve-5_1636963499.jpg 800w, https:\/\/zecovalve.com\/wp-content\/uploads\/2022\/06\/wedge-gate-valve-5_1636963499-300x225.jpg 300w, https:\/\/zecovalve.com\/wp-content\/uploads\/2022\/06\/wedge-gate-valve-5_1636963499-768x576.jpg 768w, https:\/\/zecovalve.com\/wp-content\/uploads\/2022\/06\/wedge-gate-valve-5_1636963499-600x450.jpg 600w\" sizes=\"auto, (max-width: 400px) 100vw, 400px\" \/><\/figure>\r\n<\/div>\r\n<\/div>\r\n\r\n\r\n<div class=\"gb-button-wrapper gb-button-wrapper-6d8495a3\">\r\n\r\n\r\n<p><a class=\"gb-button gb-button-3d442e11 gb-button-text\" href=\"mailto:commercial@zecovalve.com\" target=\"_blank\" rel=\"noopener noreferrer\"><strong>PREIS F\u00dcR KEILSCHIEBER ERHALTEN<\/strong><\/a><\/p>\r\n<\/div>\r\n\r\n\r\n\r\n\r\n<h2 class=\"wp-block-heading\">Schiebertypen nach Art des Schlie\u00dfelements<\/h2>\r\n\r\n\r\n\r\n<ul class=\"wp-block-list\">\r\n<li>Paralleler Scheibenschieber<\/li>\r\n<li>Keilschieber<\/li>\r\n<\/ul>\r\n\r\n\r\n\r\n<h2 class=\"wp-block-heading\" id=\"h-what-is-a-wedge-gate-valve\">Was ist ein Keilschieber?<\/h2>\r\n\r\n\r\n\r\n<p>Der Keilschieber von ZECO ist einer der Schiebertypen. Keilschieber werden so genannt, weil die beiden Dichtfl\u00e4chen im K\u00f6rper Keilen \u00e4hneln. Im Allgemeinen betr\u00e4gt der Winkel der beiden Keilschieberdichtfl\u00e4chen und der vertikalen Mittellinie 2 \u00b0 52 &#039;, 3 &#039; 30 \u00b0, 5 \u00b0, 8 \u00b0 usw. Keilschieber k\u00f6nnen je nach Schaftstruktur in Schieber mit steigender Spindel und Schieber mit nicht steigender Spindel und je nach Schieberstruktur in Keilschieber und Doppelscheibenschieber unterteilt werden. ZECO ist ein professioneller Schieberhersteller in China mit fast 30 Jahren Erfahrung und Geschichte in der Herstellung von Schiebern.<\/p>\r\n\r\n\r\n\r\n<h2 class=\"wp-block-heading\">Arten von Keilschiebern<\/h2>\r\n\r\n\r\n\r\n<h3 class=\"wp-block-heading\">Massiver Keilschieber<\/h3>\r\n\r\n\r\n\r\n<p>Der Vollkeilschieber ist der am weitesten verbreitete und kosteng\u00fcnstigste Schiebertyp in der Prozessindustrie f\u00fcr \u00d6l-, Gas- und Luftanwendungen. Der Zweck der Keilform besteht darin, eine hohe zus\u00e4tzliche Sitzlast einzuf\u00fchren. Der Vollkeilschieber kann in jeder Position installiert werden, ist f\u00fcr fast alle Fl\u00fcssigkeiten geeignet und praktisch f\u00fcr Anwendungen mit turbulenter Str\u00f6mung.<\/p>\r\n\r\n\r\n\r\n<p>In manchen Situationen kann das Ventil erst wieder ge\u00f6ffnet werden, wenn die Systemtemperatur das Ventil wieder erw\u00e4rmt. Dieses Ph\u00e4nomen wird als \u201ethermisches Blockieren\u201c bezeichnet. Keilschieber k\u00f6nnen weiter als Innenschrauben- oder Au\u00dfenschraubenmuster beschrieben werden. Massive Keilschieber werden in der Wasserwerkindustrie h\u00e4ufig als Absperrschieber verwendet.<\/p>\r\n\r\n\r\n<div class=\"wp-block-image\">\r\n<figure class=\"aligncenter size-full is-resized\"><img loading=\"lazy\" decoding=\"async\" class=\"wp-image-19454\" src=\"https:\/\/zecovalve.com\/wp-content\/uploads\/2022\/07\/GATE-VALVE-SOLID-WEDGE.webp\" alt=\"\" width=\"506\" height=\"386\" \/><\/figure>\r\n<\/div>\r\n\r\n\r\n<h3 class=\"wp-block-heading\" id=\"h-flexible-wedge-gate-valve\">Flexibler Keilschieber<\/h3>\r\n\r\n\r\n\r\n<p>Der flexible Keil ist eine einteilige, massive Scheibe mit einem Schnitt um den Umfang. Diese Schnitte variieren in Gr\u00f6\u00dfe, Form und Tiefe. Ein flacher, schmaler Schnitt am Umfang des Keils sorgt f\u00fcr weniger Flexibilit\u00e4t, beh\u00e4lt aber seine Festigkeit. Eine eingegossene Aussparung oder ein tieferer und breiterer Schnitt am Umfang des Keils sorgt f\u00fcr mehr Flexibilit\u00e4t, beeintr\u00e4chtigt jedoch die Festigkeit.<\/p>\r\n\r\n\r\n\r\n<p>Dieses Design verbessert die Sitzausrichtung und bietet eine bessere Dichtheit. Es verbessert auch die Leistung in Situationen, in denen eine thermische Bindung m\u00f6glich ist. Flexible Keilschieber werden in Dampfsystemen verwendet.<\/p>\r\n\r\n\r\n<div class=\"wp-block-image\">\r\n<figure class=\"aligncenter size-full is-resized\"><img loading=\"lazy\" decoding=\"async\" class=\"wp-image-19455\" src=\"https:\/\/zecovalve.com\/wp-content\/uploads\/2022\/07\/FLEBILE-WEDGE-GATE-VALVE.webp\" alt=\"\" width=\"285\" height=\"362\" \/><\/figure>\r\n<\/div>\r\n\r\n\r\n<h2 class=\"wp-block-heading\">Anwendungen von Keilschiebern<\/h2>\r\n\r\n\r\n\r\n<p>Geeignet f\u00fcr allgemeine Anwendungen als Ein-\/Aus- und Absperrventile, nicht empfohlen f\u00fcr Drossel- und\/oder Regelzwecke. Sie sind \u00e4u\u00dferst widerstandsf\u00e4hig gegen Erdbeben, St\u00f6\u00dfe, Vibrationen, Druck und Schl\u00e4ge und k\u00f6nnen bei Temperaturen zwischen -196 \u00b0C und 595 \u00b0C zuverl\u00e4ssig betrieben werden.<\/p>\r\n\r\n\r\n\r\n<h2 class=\"wp-block-heading\" id=\"h-features-of-wedge-gate-valve\">Merkmale des Keilschiebers:<\/h2>\r\n\r\n\r\n\r\n<ul class=\"wp-block-list\">\r\n<li>Das Keilschieberventil von ZECO verwendet ein Keilschieberventil. Da der Winkel des Schiebers keilf\u00f6rmig ist und die Mittellinie vertikal verl\u00e4uft, kann es beim Schlie\u00dfvorgang immer fester geschlossen werden, wodurch die Dichtwirkung weiter gew\u00e4hrleistet wird.<\/li>\r\n<li>Das Keilschieberventil von ZECO verf\u00fcgt \u00fcber eine Hubspindel, die den \u00d6ffnungs- oder Schlie\u00dfzustand des Ventils aus der Ferne optisch erkennen l\u00e4sst und leichter zu beurteilen ist. Spindel und Schieber sind durch eine T-Nut verbunden, und der T-Kopf der Spindel ist als Ganzes geschmiedet, um eine ausreichende Verbindungsfestigkeit zu gew\u00e4hrleisten.<\/li>\r\n<li>Das Keilschieberventil von ZECO ist mit einem abgedichteten Design ausgestattet, das den Austausch der Packung bei vollst\u00e4ndiger \u00d6ffnung erm\u00f6glicht. Dieses Design stellt sicher, dass die Packung online ausgetauscht werden kann, wenn sie besch\u00e4digt ist, und verhindert so Personalverlust durch die Demontage des Ventils.<\/li>\r\n<li>Der Keilschieber von ZECO ist ab Werk mit einem Kollisionsschutz auf der Flanschoberfl\u00e4che ausgestattet, der die mit dem Rohrflansch verbundene konvexe Oberfl\u00e4che w\u00e4hrend des Transports sch\u00fctzt und eine Besch\u00e4digung des Ventils bei einer Kollision verhindert.<\/li>\r\n<\/ul>\r\n\r\n\r\n\r\n<h2 class=\"wp-block-heading\" id=\"h-material-of-wedge-gate-valve\">Werkstoff des Keilschiebers:<\/h2>\r\n\r\n\r\n\r\n<figure class=\"wp-block-table is-style-stripes\">\r\n<table>\r\n<tbody>\r\n<tr>\r\n<td>Nein<\/td>\r\n<td>Teil<\/td>\r\n<td>Material<\/td>\r\n<\/tr>\r\n<tr>\r\n<td>1<\/td>\r\n<td>K\u00f6rper<\/td>\r\n<td>ASTM A216 WCB<\/td>\r\n<\/tr>\r\n<tr>\r\n<td>2<\/td>\r\n<td>Sitzring<\/td>\r\n<td>ASTM A105 + 13Cr<\/td>\r\n<\/tr>\r\n<tr>\r\n<td>3<\/td>\r\n<td>Keil<\/td>\r\n<td>ASTM A216 WCB + 13Cr<\/td>\r\n<\/tr>\r\n<tr>\r\n<td>4<\/td>\r\n<td>Vorbau<\/td>\r\n<td>ASTM A276 410<\/td>\r\n<\/tr>\r\n<tr>\r\n<td>5<\/td>\r\n<td>Dichtung der Motorhaube<\/td>\r\n<td>Graphit + SS304<\/td>\r\n<\/tr>\r\n<tr>\r\n<td>6<\/td>\r\n<td>Motorhaubenbolzen<\/td>\r\n<td>ASTM A193 B7<\/td>\r\n<\/tr>\r\n<tr>\r\n<td>7<\/td>\r\n<td>Haubenmutter<\/td>\r\n<td>ASTM A194 2H<\/td>\r\n<\/tr>\r\n<tr>\r\n<td>8<\/td>\r\n<td>Motorhaube<\/td>\r\n<td>ASTM A216 WCB<\/td>\r\n<\/tr>\r\n<tr>\r\n<td>9<\/td>\r\n<td>R\u00fccksitz<\/td>\r\n<td>ASTM A182 F6a<\/td>\r\n<\/tr>\r\n<tr>\r\n<td>10<\/td>\r\n<td>Spindelpackung<\/td>\r\n<td>Verst\u00e4rkter Graphit<\/td>\r\n<\/tr>\r\n<tr>\r\n<td>11<\/td>\r\n<td>Handrad<\/td>\r\n<td>KTH330-08<\/td>\r\n<\/tr>\r\n<\/tbody>\r\n<\/table>\r\n<\/figure>\r\n\r\n\r\n\r\n<h2 class=\"wp-block-heading\" id=\"h-zeco-wedge-gate-valve-licence-approvals\">Lizenzen und Zulassungen f\u00fcr ZECO Keilschieberventile<\/h2>\r\n\r\n\r\n\r\n<figure class=\"wp-block-table is-style-stripes\">\r\n<table>\r\n<tbody>\r\n<tr>\r\n<td>ZERTIFIKATNAME<\/td>\r\n<td>INSTITUTION<\/td>\r\n<\/tr>\r\n<tr>\r\n<td>API 600-0351<\/td>\r\n<td>Amerikanisches Erd\u00f6linstitut<\/td>\r\n<\/tr>\r\n<tr>\r\n<td>API 6D-1225<\/td>\r\n<td>Amerikanisches Erd\u00f6linstitut<\/td>\r\n<\/tr>\r\n<tr>\r\n<td>ISO 9001:2015<\/td>\r\n<td>TQCS INTERNATIONAL (GRUPPE) PTY LTD\\<\/td>\r\n<\/tr>\r\n<tr>\r\n<td>ISO 14001:2015<\/td>\r\n<td>TQCS INTERNATIONAL (GRUPPE) PTY LTD\\<\/td>\r\n<\/tr>\r\n<tr>\r\n<td>ISO 45001:2018<\/td>\r\n<td>TQCS INTERNATIONAL (GRUPPE) PTY LTD\\<\/td>\r\n<\/tr>\r\n<tr>\r\n<td>Brandtest-Zertifikat API 6FA<\/td>\r\n<td>T\u00dcV S\u00dcD SERVICE GMBH<\/td>\r\n<\/tr>\r\n<tr>\r\n<td>CE-2810<\/td>\r\n<td>DRUCKGER\u00c4TERICHTLINIE 2014\/68\/EU<\/td>\r\n<\/tr>\r\n<\/tbody>\r\n<\/table>\r\n<\/figure>","protected":false},"excerpt":{"rendered":"<p>Ein Keilschieber ist ein Mehrdrehventil mit linearer Bewegung f\u00fcr den allgemeinen Gebrauch. Schiebertypen nach Art des Schlie\u00dfelements Parallele Scheibe \u2026 <a title=\"Keilschieber\" class=\"read-more\" href=\"https:\/\/zecovalve.com\/de\/produkt\/wedge-gate-valve\" aria-label=\"Mehr zu Wedge Gate Valve\">Weiterlesen ...<\/a><\/p>","protected":false},"featured_media":27870,"comment_status":"closed","ping_status":"closed","template":"","meta":{"_generate-full-width-content":"","kt_blocks_editor_width":""},"product_cat":[2052,2456],"product_tag":[2798,2723],"class_list":["post-16093","product","type-product","status-publish","has-post-thumbnail","hentry","product_cat-gate-valve","product_cat-gate-valve-by-form","product_tag-osy-valve","product_tag-what-is-a-valve","sales-flash-overlay","woocommerce-text-align-center","woocommerce-image-align-center","do-quantity-buttons"],"featured_image_src_large":["https:\/\/zecovalve.com\/wp-content\/uploads\/2022\/06\/Gear-Valve-Gear-Operated-Gate-Valve.jpg",800,600,false],"author_info":[],"comment_info":0,"taxonomy_info":{"product_cat":[{"value":2052,"label":"Gate Valve"},{"value":2456,"label":"Gate Valve By Form"}],"product_tag":[{"value":2798,"label":"OS&amp;Y Valve"},{"value":2723,"label":"What is a Valve"}]},"yoast_head":"<!-- This site is optimized with the Yoast SEO Premium plugin v15.4 - https:\/\/yoast.com\/wordpress\/plugins\/seo\/ -->\n<title>Wedge Gate Valve - Various Gate Vave Types | ZECO Valve<\/title>\n<meta name=\"robots\" content=\"index, follow, max-snippet:-1, max-image-preview:large, max-video-preview:-1\" \/>\n<link rel=\"canonical\" href=\"https:\/\/zecovalve.com\/de\/produkt\/wedge-gate-valve\" \/>\n<meta property=\"og:locale\" content=\"de_DE\" \/>\n<meta property=\"og:type\" content=\"article\" \/>\n<meta property=\"og:title\" content=\"Wedge Gate Valve - Various Gate Vave Types | ZECO Valve\" \/>\n<meta property=\"og:description\" content=\"Wedge gate valve is a linear motion, multi-turn general service valve. Gate valve Types as per Type of Closing Element Parallel disk ... Weiterlesen ...\" \/>\n<meta property=\"og:url\" content=\"https:\/\/zecovalve.com\/de\/produkt\/wedge-gate-valve\" \/>\n<meta property=\"og:site_name\" content=\"ZECO Valve\" \/>\n<meta property=\"article:modified_time\" content=\"2023-06-15T12:37:34+00:00\" \/>\n<meta property=\"og:image\" content=\"https:\/\/zecovalve.com\/wp-content\/uploads\/2022\/06\/Gear-Valve-Gear-Operated-Gate-Valve.jpg\" \/>\n\t<meta property=\"og:image:width\" content=\"800\" \/>\n\t<meta property=\"og:image:height\" content=\"600\" \/>\n<meta name=\"twitter:card\" content=\"summary_large_image\" \/>\n<meta name=\"twitter:label1\" content=\"Verfasst von\">\n\t<meta name=\"twitter:data1\" content=\"Jerry\">\n\t<meta name=\"twitter:label2\" content=\"Gesch\u00e4tzte Lesezeit\">\n\t<meta name=\"twitter:data2\" content=\"3\u00a0Minuten\">\n<script type=\"application\/ld+json\" class=\"yoast-schema-graph\">{\"@context\":\"https:\/\/schema.org\",\"@graph\":[{\"@type\":\"WebSite\",\"@id\":\"https:\/\/zecovalve.com\/#website\",\"url\":\"https:\/\/zecovalve.com\/\",\"name\":\"ZECO Valve\",\"description\":\"Industrial Ball Valve, Gate Valve and Globe Valve Manufacturer\",\"potentialAction\":[{\"@type\":\"SearchAction\",\"target\":\"https:\/\/zecovalve.com\/?s={search_term_string}\",\"query-input\":\"required name=search_term_string\"}],\"inLanguage\":\"de\"},{\"@type\":\"ImageObject\",\"@id\":\"https:\/\/zecovalve.com\/product\/wedge-gate-valve#primaryimage\",\"inLanguage\":\"de\",\"url\":\"https:\/\/zecovalve.com\/wp-content\/uploads\/2022\/06\/Gear-Valve-Gear-Operated-Gate-Valve.jpg\",\"width\":800,\"height\":600,\"caption\":\"Gear Valve - Gear Operated Gate Valve\"},{\"@type\":\"WebPage\",\"@id\":\"https:\/\/zecovalve.com\/product\/wedge-gate-valve#webpage\",\"url\":\"https:\/\/zecovalve.com\/product\/wedge-gate-valve\",\"name\":\"Wedge Gate Valve - Various Gate Vave Types | ZECO Valve\",\"isPartOf\":{\"@id\":\"https:\/\/zecovalve.com\/#website\"},\"primaryImageOfPage\":{\"@id\":\"https:\/\/zecovalve.com\/product\/wedge-gate-valve#primaryimage\"},\"datePublished\":\"2022-06-19T03:39:21+00:00\",\"dateModified\":\"2023-06-15T12:37:34+00:00\",\"breadcrumb\":{\"@id\":\"https:\/\/zecovalve.com\/product\/wedge-gate-valve#breadcrumb\"},\"inLanguage\":\"de\",\"potentialAction\":[{\"@type\":\"ReadAction\",\"target\":[\"https:\/\/zecovalve.com\/product\/wedge-gate-valve\"]}]},{\"@type\":\"BreadcrumbList\",\"@id\":\"https:\/\/zecovalve.com\/product\/wedge-gate-valve#breadcrumb\",\"itemListElement\":[{\"@type\":\"ListItem\",\"position\":1,\"item\":{\"@type\":\"WebPage\",\"@id\":\"https:\/\/zecovalve.com\/\",\"url\":\"https:\/\/zecovalve.com\/\",\"name\":\"Home\"}},{\"@type\":\"ListItem\",\"position\":2,\"item\":{\"@type\":\"WebPage\",\"@id\":\"https:\/\/zecovalve.com\/product-category\",\"url\":\"https:\/\/zecovalve.com\/product-category\",\"name\":\"Industrial Valve Manufacturer | Water Valve Manufacturer\"}},{\"@type\":\"ListItem\",\"position\":3,\"item\":{\"@type\":\"WebPage\",\"@id\":\"https:\/\/zecovalve.com\/product\/wedge-gate-valve\",\"url\":\"https:\/\/zecovalve.com\/product\/wedge-gate-valve\",\"name\":\"Wedge Gate Valve\"}}]}]}<\/script>\n<!-- \/ Yoast SEO Premium plugin. -->","_links":{"self":[{"href":"https:\/\/zecovalve.com\/de\/wp-json\/wp\/v2\/product\/16093","targetHints":{"allow":["GET"]}}],"collection":[{"href":"https:\/\/zecovalve.com\/de\/wp-json\/wp\/v2\/product"}],"about":[{"href":"https:\/\/zecovalve.com\/de\/wp-json\/wp\/v2\/types\/product"}],"replies":[{"embeddable":true,"href":"https:\/\/zecovalve.com\/de\/wp-json\/wp\/v2\/comments?post=16093"}],"wp:featuredmedia":[{"embeddable":true,"href":"https:\/\/zecovalve.com\/de\/wp-json\/wp\/v2\/media\/27870"}],"wp:attachment":[{"href":"https:\/\/zecovalve.com\/de\/wp-json\/wp\/v2\/media?parent=16093"}],"wp:term":[{"taxonomy":"product_cat","embeddable":true,"href":"https:\/\/zecovalve.com\/de\/wp-json\/wp\/v2\/product_cat?post=16093"},{"taxonomy":"product_tag","embeddable":true,"href":"https:\/\/zecovalve.com\/de\/wp-json\/wp\/v2\/product_tag?post=16093"}],"curies":[{"name":"wp","href":"https:\/\/api.w.org\/{rel}","templated":true}]}}