{"id":16099,"date":"2022-06-19T03:41:54","date_gmt":"2022-06-19T03:41:54","guid":{"rendered":"https:\/\/zecovalve.com\/?post_type=product&#038;p=16099"},"modified":"2023-06-07T07:37:46","modified_gmt":"2023-06-07T07:37:46","slug":"6-inch-ball-valve","status":"publish","type":"product","link":"https:\/\/zecovalve.com\/de\/produkt\/6-inch-ball-valve","title":{"rendered":"6 Zoll Kugelhahn"},"content":{"rendered":"<p>Kugelhahn 6 Zoll bedeutet, dass die Ventilgr\u00f6\u00dfe 6 Zoll betr\u00e4gt, und in DN ist es DN150.<\/p>\r\n\r\n\r\n\r\n<figure class=\"wp-block-image alignnone size-medium wp-image-16100\">\r\n<p><img loading=\"lazy\" decoding=\"async\" class=\"size-medium wp-image-19559\" src=\"https:\/\/zecovalve.com\/wp-content\/uploads\/2022\/06\/6-inch-Ball-Valve-1-208x300.jpg\" alt=\"6 Zoll Kugelhahn\" width=\"208\" height=\"300\" srcset=\"https:\/\/zecovalve.com\/wp-content\/uploads\/2022\/06\/6-inch-Ball-Valve-1-208x300.jpg 208w, https:\/\/zecovalve.com\/wp-content\/uploads\/2022\/06\/6-inch-Ball-Valve-1-708x1024.jpg 708w, https:\/\/zecovalve.com\/wp-content\/uploads\/2022\/06\/6-inch-Ball-Valve-1-768x1110.jpg 768w, https:\/\/zecovalve.com\/wp-content\/uploads\/2022\/06\/6-inch-Ball-Valve-1-1062x1536.jpg 1062w, https:\/\/zecovalve.com\/wp-content\/uploads\/2022\/06\/6-inch-Ball-Valve-1-1417x2048.jpg 1417w, https:\/\/zecovalve.com\/wp-content\/uploads\/2022\/06\/6-inch-Ball-Valve-1-600x867.jpg 600w, https:\/\/zecovalve.com\/wp-content\/uploads\/2022\/06\/6-inch-Ball-Valve-1-scaled.jpg 1771w\" sizes=\"auto, (max-width: 208px) 100vw, 208px\" \/><\/p>\r\n<\/figure>\r\n\r\n\r\n<div class=\"gb-button-wrapper gb-button-wrapper-6d8495a3\">\r\n\r\n\r\n<p><a class=\"gb-button gb-button-3d442e11 gb-button-text\" href=\"mailto:commercial@zecovalve.com\" target=\"_blank\" rel=\"noopener noreferrer\"><strong>ERHALTEN SIE DEN PREIS F\u00dcR 6-ZOLL-KUGELHAHN<\/strong><\/a><\/p>\r\n<\/div>\r\n\r\n\r\n\r\n\r\n<h2 class=\"wp-block-heading\" id=\"h-what-is-a-6-inch-ball-valve\">Was ist ein 6-Zoll-Kugelhahn?<\/h2>\r\n\r\n\r\n\r\n<p>6 Zoll Kugelh\u00e4hne sind Kugeln mit einem Loch in der Mitte. Bei einer 90\u00b0-Drehung der Kugel wird die vollst\u00e4ndig ge\u00f6ffnete Stellung in die geschlossene Stellung geschaltet.<\/p>\r\n\r\n\r\n\r\n<p>Die ZECO Valve Group ist ein bekannter Kugelhahnhersteller in China. Seit ihrer Gr\u00fcndung im Jahr 1991 produziert sie seit fast 30 Jahren Kugelh\u00e4hne. Im Produktionsprozess betrachtet ZECO jeden Hahn als Handwerkskunst, die st\u00e4ndig verbessert werden muss. Mit der Unterst\u00fctzung von Hightech-Produktionsanlagen und Hightech-Personal kann jedes Produkt internationale Qualit\u00e4t erreichen. ZECO ist seit vielen Jahren ein Hightech-Unternehmen in China. Jedes Jahr widmet sich ZECO der Forschung und Entwicklung von Hahnen mit effizienterer Leistung und l\u00e4ngerer Lebensdauer. Die Forschungs- und Entwicklungskosten von ZECO machen fast 81 TP3T der Vertriebskosten des Unternehmens aus.<\/p>\r\n\r\n\r\n\r\n<h2 class=\"wp-block-heading\">Arten von 6\u2033 Kugelh\u00e4hnen<\/h2>\r\n\r\n\r\n\r\n<ul class=\"wp-block-list\">\r\n<li>6 Zoll schwimmender Kugelhahn<\/li>\r\n<li>6-Zoll-Zapfenkugelhahn<\/li>\r\n<li>6-Zoll-Kugelhahn mit oberem Eingang<\/li>\r\n<\/ul>\r\n\r\n\r\n\r\n<h2 class=\"wp-block-heading\">Produktpalette des 6-Zoll-Kugelhahns<\/h2>\r\n\r\n\r\n\r\n<ul class=\"wp-block-list\">\r\n<li>Geh\u00e4usematerial: Kohlenstoffstahl, Edelstahl, legierter Stahl.<\/li>\r\n<li>Normaler Durchmesser: 6 Zoll (DN150).<\/li>\r\n<li>Endanschluss: BW, Flansch.<\/li>\r\n<li>Druckbereich: 150 \u2013 2500 LB (PN16 \u2013 PN420).<\/li>\r\n<li>Betriebstemperatur: -46 \u00b0C \u2013 +540 \u00b0C.<\/li>\r\n<\/ul>\r\n\r\n\r\n\r\n<h2 class=\"wp-block-heading\">Abmessungen und Gewicht des 6-Zoll-Kugelhahns<\/h2>\r\n\r\n\r\n\r\n<table border=\"=1\" width=\"800\">\r\n<tbody>\r\n<tr>\r\n<td rowspan=\"2\">Druckstufe<\/td>\r\n<td style=\"text-align: center;\">Bohrung<\/td>\r\n<td style=\"text-align: center;\" colspan=\"3\">\u00a0Abmessung von Fl\u00e4che zu Fl\u00e4che (in mm)<\/td>\r\n<td style=\"text-align: center;\">Gewicht<\/td>\r\n<\/tr>\r\n<tr>\r\n<td style=\"text-align: center;\">(in mm)<\/td>\r\n<td style=\"text-align: center;\">RF<\/td>\r\n<td style=\"text-align: center;\">BW<\/td>\r\n<td style=\"text-align: center;\">RTJ<\/td>\r\n<td style=\"text-align: center;\">kg<\/td>\r\n<\/tr>\r\n<tr>\r\n<td>KLASSE 150<\/td>\r\n<td style=\"text-align: center;\">150<\/td>\r\n<td style=\"text-align: center;\">394<\/td>\r\n<td style=\"text-align: center;\">457<\/td>\r\n<td style=\"text-align: center;\">406<\/td>\r\n<td style=\"text-align: center;\">74<\/td>\r\n<\/tr>\r\n<tr>\r\n<td>KLASSE 300<\/td>\r\n<td style=\"text-align: center;\">150<\/td>\r\n<td style=\"text-align: center;\">403<\/td>\r\n<td style=\"text-align: center;\">457<\/td>\r\n<td style=\"text-align: center;\">419<\/td>\r\n<td style=\"text-align: center;\">118<\/td>\r\n<\/tr>\r\n<tr>\r\n<td>KLASSE 600<\/td>\r\n<td style=\"text-align: center;\">150<\/td>\r\n<td style=\"text-align: center;\">559<\/td>\r\n<td style=\"text-align: center;\">559<\/td>\r\n<td style=\"text-align: center;\">562<\/td>\r\n<td style=\"text-align: center;\">160<\/td>\r\n<\/tr>\r\n<tr>\r\n<td>KLASSE 900<\/td>\r\n<td style=\"text-align: center;\">150<\/td>\r\n<td style=\"text-align: center;\">610<\/td>\r\n<td style=\"text-align: center;\">610<\/td>\r\n<td style=\"text-align: center;\">613<\/td>\r\n<td style=\"text-align: center;\">339<\/td>\r\n<\/tr>\r\n<tr>\r\n<td>KLASSE 1500<\/td>\r\n<td style=\"text-align: center;\">144<\/td>\r\n<td style=\"text-align: center;\">705<\/td>\r\n<td style=\"text-align: center;\">705<\/td>\r\n<td style=\"text-align: center;\">711<\/td>\r\n<td style=\"text-align: center;\">532<\/td>\r\n<\/tr>\r\n<tr>\r\n<td>KLASSE 2500<\/td>\r\n<td style=\"text-align: center;\">131<\/td>\r\n<td style=\"text-align: center;\">914<\/td>\r\n<td style=\"text-align: center;\">914<\/td>\r\n<td style=\"text-align: center;\">927<\/td>\r\n<td style=\"text-align: center;\">800<\/td>\r\n<\/tr>\r\n<\/tbody>\r\n<\/table>\r\n\r\n\r\n\r\n<h2 class=\"wp-block-heading\" id=\"h-features-of-6-ball-valve\">Merkmale des 6\u2033-Kugelhahns:<\/h2>\r\n\r\n\r\n\r\n<ul class=\"wp-block-list\">\r\n<li>Das 6-Zoll-Ventil von ZECO ist mit einem Notdichtungssystem f\u00fcr den Hilfssitz ausgestattet. Wenn der weiche Dichtungssitz besch\u00e4digt ist, kann eine Notabdichtung durch Einspritzen des entsprechenden Dichtungsmittels in das Hilfsdichtungssystem erfolgen. Notdichtungen k\u00f6nnen auch verwendet werden, um Sitzbereiche nach Bedarf zu sp\u00fclen und zu schmieren, um die Sitzbereiche sauber zu halten, ohne die Abdichtung zu beeintr\u00e4chtigen. Der Schaft verf\u00fcgt auch \u00fcber ein Notdichtungsdesign zum Notf\u00fcllen mit Dichtungsmittel und Sp\u00fclschmierung;<\/li>\r\n<li>ZECO 6-Zoll-Ventil mit Brandschutzkonstruktion. Die Brandschutzkonstruktion des 6-Zoll-Kugelhahns ist gem\u00e4\u00df API 607 ausgelegt. Im Brandfall kommt der Metallsitz nach dem Verbrennen des Weichdichtungssitzes sofort mit der Kugel in Kontakt, um ein Auslaufen des Ventils durch gr\u00f6\u00dfere St\u00f6\u00dfe zu verhindern.<\/li>\r\n<li>Die Wandst\u00e4rke des 6-Zoll-Ventilk\u00f6rpers von ZECO weist ein bestimmtes Design auf. K\u00f6rper, Sitz und Bodenabdeckung aus Kohlenstoffstahl sind gem\u00e4\u00df ASTM B733 chemisch beschichtet. Wenn der Benutzer au\u00dferdem spezielle Anpassungen ben\u00f6tigt, bietet ZECO eine Auswahl an Korrosionsschutzmaterialien, um den Arbeitsbedingungen gerecht zu werden.<\/li>\r\n<li>Um zu verhindern, dass der Ventilschaft aufgrund von zu hohem Druck in der Hohlraumkammer in Mitleidenschaft gezogen wird und herausfliegt, gibt es beim 6-Zoll-Ventil von ZECO ein Design, das das Herausfliegen des Schafts verhindert.<\/li>\r\n<\/ul>\r\n\r\n\r\n\r\n<h2 class=\"wp-block-heading\" id=\"h-material-of-6-ball-valve\">Material des 6\u2033 Kugelhahns:<\/h2>\r\n\r\n\r\n\r\n<figure class=\"wp-block-table is-style-stripes\">\r\n<table>\r\n<tbody>\r\n<tr>\r\n<td>Nein<\/td>\r\n<td>Teil<\/td>\r\n<td>Material<\/td>\r\n<\/tr>\r\n<tr>\r\n<td>1<\/td>\r\n<td>K\u00f6rper<\/td>\r\n<td>ASTM A216 WCB<\/td>\r\n<\/tr>\r\n<tr>\r\n<td>2<\/td>\r\n<td>Motorhaube<\/td>\r\n<td>ASTM A216 WCB<\/td>\r\n<\/tr>\r\n<tr>\r\n<td>3<\/td>\r\n<td>Kugel<\/td>\r\n<td>ASTM A105<\/td>\r\n<\/tr>\r\n<tr>\r\n<td>4<\/td>\r\n<td>Sitz<\/td>\r\n<td>ASTM A105 +PTFE<\/td>\r\n<\/tr>\r\n<tr>\r\n<td>5<\/td>\r\n<td>Vorbau<\/td>\r\n<td>ASTM A182 F6a<\/td>\r\n<\/tr>\r\n<tr>\r\n<td>6<\/td>\r\n<td>Antistatische Vorrichtung<\/td>\r\n<td>SS304<\/td>\r\n<\/tr>\r\n<tr>\r\n<td>7<\/td>\r\n<td>Dichtung<\/td>\r\n<td>Graphit + SS304<\/td>\r\n<\/tr>\r\n<tr>\r\n<td>8<\/td>\r\n<td>Schraube<\/td>\r\n<td>ASTM A193 B7<\/td>\r\n<\/tr>\r\n<tr>\r\n<td>9<\/td>\r\n<td>Nuss<\/td>\r\n<td>ASTM A194 2H<\/td>\r\n<\/tr>\r\n<tr>\r\n<td>10<\/td>\r\n<td>O-Ring<\/td>\r\n<td>Viton A<\/td>\r\n<\/tr>\r\n<tr>\r\n<td>11<\/td>\r\n<td>Hebel<\/td>\r\n<td>ASTM A216 WCB<\/td>\r\n<\/tr>\r\n<\/tbody>\r\n<\/table>\r\n<\/figure>","protected":false},"excerpt":{"rendered":"<p>Kugelhahn 6 Zoll bedeutet, dass die Ventilgr\u00f6\u00dfe 6 Zoll betr\u00e4gt, und in DN ist es DN150. Was ist ein 6-Zoll-Kugelhahn \u2026 <a title=\"6 Zoll Kugelhahn\" class=\"read-more\" href=\"https:\/\/zecovalve.com\/de\/produkt\/6-inch-ball-valve\" aria-label=\"Mehr zu 6 Zoll Kugelhahn\">Weiterlesen ...<\/a><\/p>","protected":false},"featured_media":27867,"comment_status":"closed","ping_status":"closed","template":"","meta":{"_generate-full-width-content":"","kt_blocks_editor_width":""},"product_cat":[2047,2462],"product_tag":[3896,3914],"class_list":["post-16099","product","type-product","status-publish","has-post-thumbnail","hentry","product_cat-ball-valve","product_cat-ball-valve-by-size","product_tag-flanged-ball-valve","product_tag-reduced-bore-ball-valve","sales-flash-overlay","woocommerce-text-align-center","woocommerce-image-align-center","do-quantity-buttons"],"featured_image_src_large":["https:\/\/zecovalve.com\/wp-content\/uploads\/2022\/06\/6-Inch-Ball-Valve-2.jpg",800,600,false],"author_info":[],"comment_info":0,"taxonomy_info":{"product_cat":[{"value":2047,"label":"Ball Valve"},{"value":2462,"label":"Ball Valve By Size"}],"product_tag":[{"value":3896,"label":"Flanged Ball Valve"},{"value":3914,"label":"Reduced Bore Ball Valve"}]},"yoast_head":"<!-- This site is optimized with the Yoast SEO Premium plugin v15.4 - https:\/\/yoast.com\/wordpress\/plugins\/seo\/ -->\n<title>6 inch Ball Valve - 6&quot; Ball Valve Manufacturer | Competitive Ball Valve Price<\/title>\n<meta name=\"robots\" content=\"index, follow, max-snippet:-1, max-image-preview:large, max-video-preview:-1\" \/>\n<link rel=\"canonical\" href=\"https:\/\/zecovalve.com\/de\/produkt\/6-inch-ball-valve\" \/>\n<meta property=\"og:locale\" content=\"de_DE\" \/>\n<meta property=\"og:type\" content=\"article\" \/>\n<meta property=\"og:title\" content=\"6 inch Ball Valve - 6&quot; Ball Valve Manufacturer | Competitive Ball Valve Price\" \/>\n<meta property=\"og:description\" content=\"Ball valve 6 inch means the valve size is 6 inch, and in DN it is DN150. What is a 6 Inch ... Weiterlesen ...\" \/>\n<meta property=\"og:url\" content=\"https:\/\/zecovalve.com\/de\/produkt\/6-inch-ball-valve\" \/>\n<meta property=\"og:site_name\" content=\"ZECO Valve\" \/>\n<meta property=\"article:modified_time\" content=\"2023-06-07T07:37:46+00:00\" \/>\n<meta property=\"og:image\" content=\"https:\/\/zecovalve.com\/wp-content\/uploads\/2022\/06\/6-Inch-Ball-Valve-2.jpg\" \/>\n\t<meta property=\"og:image:width\" content=\"800\" \/>\n\t<meta property=\"og:image:height\" content=\"600\" \/>\n<meta name=\"twitter:card\" content=\"summary_large_image\" \/>\n<meta name=\"twitter:label1\" content=\"Verfasst von\">\n\t<meta name=\"twitter:data1\" content=\"Jerry\">\n\t<meta name=\"twitter:label2\" content=\"Gesch\u00e4tzte Lesezeit\">\n\t<meta name=\"twitter:data2\" content=\"2\u00a0Minuten\">\n<script type=\"application\/ld+json\" class=\"yoast-schema-graph\">{\"@context\":\"https:\/\/schema.org\",\"@graph\":[{\"@type\":\"WebSite\",\"@id\":\"https:\/\/zecovalve.com\/#website\",\"url\":\"https:\/\/zecovalve.com\/\",\"name\":\"ZECO Valve\",\"description\":\"Industrial Ball Valve, Gate Valve and Globe Valve Manufacturer\",\"potentialAction\":[{\"@type\":\"SearchAction\",\"target\":\"https:\/\/zecovalve.com\/?s={search_term_string}\",\"query-input\":\"required name=search_term_string\"}],\"inLanguage\":\"de\"},{\"@type\":\"ImageObject\",\"@id\":\"https:\/\/zecovalve.com\/product\/6-inch-ball-valve#primaryimage\",\"inLanguage\":\"de\",\"url\":\"https:\/\/zecovalve.com\/wp-content\/uploads\/2022\/06\/6-Inch-Ball-Valve-2.jpg\",\"width\":800,\"height\":600,\"caption\":\"6 Inch Ball Valve\"},{\"@type\":\"WebPage\",\"@id\":\"https:\/\/zecovalve.com\/product\/6-inch-ball-valve#webpage\",\"url\":\"https:\/\/zecovalve.com\/product\/6-inch-ball-valve\",\"name\":\"6 inch Ball Valve - 6\\\" Ball Valve Manufacturer | Competitive Ball Valve Price\",\"isPartOf\":{\"@id\":\"https:\/\/zecovalve.com\/#website\"},\"primaryImageOfPage\":{\"@id\":\"https:\/\/zecovalve.com\/product\/6-inch-ball-valve#primaryimage\"},\"datePublished\":\"2022-06-19T03:41:54+00:00\",\"dateModified\":\"2023-06-07T07:37:46+00:00\",\"breadcrumb\":{\"@id\":\"https:\/\/zecovalve.com\/product\/6-inch-ball-valve#breadcrumb\"},\"inLanguage\":\"de\",\"potentialAction\":[{\"@type\":\"ReadAction\",\"target\":[\"https:\/\/zecovalve.com\/product\/6-inch-ball-valve\"]}]},{\"@type\":\"BreadcrumbList\",\"@id\":\"https:\/\/zecovalve.com\/product\/6-inch-ball-valve#breadcrumb\",\"itemListElement\":[{\"@type\":\"ListItem\",\"position\":1,\"item\":{\"@type\":\"WebPage\",\"@id\":\"https:\/\/zecovalve.com\/\",\"url\":\"https:\/\/zecovalve.com\/\",\"name\":\"Home\"}},{\"@type\":\"ListItem\",\"position\":2,\"item\":{\"@type\":\"WebPage\",\"@id\":\"https:\/\/zecovalve.com\/product-category\",\"url\":\"https:\/\/zecovalve.com\/product-category\",\"name\":\"Industrial Valve Manufacturer | Water Valve Manufacturer\"}},{\"@type\":\"ListItem\",\"position\":3,\"item\":{\"@type\":\"WebPage\",\"@id\":\"https:\/\/zecovalve.com\/product\/6-inch-ball-valve\",\"url\":\"https:\/\/zecovalve.com\/product\/6-inch-ball-valve\",\"name\":\"6 inch Ball Valve\"}}]}]}<\/script>\n<!-- \/ Yoast SEO Premium plugin. -->","_links":{"self":[{"href":"https:\/\/zecovalve.com\/de\/wp-json\/wp\/v2\/product\/16099","targetHints":{"allow":["GET"]}}],"collection":[{"href":"https:\/\/zecovalve.com\/de\/wp-json\/wp\/v2\/product"}],"about":[{"href":"https:\/\/zecovalve.com\/de\/wp-json\/wp\/v2\/types\/product"}],"replies":[{"embeddable":true,"href":"https:\/\/zecovalve.com\/de\/wp-json\/wp\/v2\/comments?post=16099"}],"wp:featuredmedia":[{"embeddable":true,"href":"https:\/\/zecovalve.com\/de\/wp-json\/wp\/v2\/media\/27867"}],"wp:attachment":[{"href":"https:\/\/zecovalve.com\/de\/wp-json\/wp\/v2\/media?parent=16099"}],"wp:term":[{"taxonomy":"product_cat","embeddable":true,"href":"https:\/\/zecovalve.com\/de\/wp-json\/wp\/v2\/product_cat?post=16099"},{"taxonomy":"product_tag","embeddable":true,"href":"https:\/\/zecovalve.com\/de\/wp-json\/wp\/v2\/product_tag?post=16099"}],"curies":[{"name":"wp","href":"https:\/\/api.w.org\/{rel}","templated":true}]}}