{"id":16101,"date":"2022-06-19T03:44:20","date_gmt":"2022-06-19T03:44:20","guid":{"rendered":"https:\/\/zecovalve.com\/?post_type=product&#038;p=16101"},"modified":"2023-06-07T07:01:41","modified_gmt":"2023-06-07T07:01:41","slug":"motorized-ball-valve","status":"publish","type":"product","link":"https:\/\/zecovalve.com\/de\/produkt\/motorized-ball-valve","title":{"rendered":"Motorisierter Kugelhahn"},"content":{"rendered":"<p>Zur Automatisierung und\/oder Fernsteuerung k\u00f6nnen Kugelh\u00e4hne mit einem elektrischen Antrieb (motorisierte Kugelh\u00e4hne) kombiniert werden.<\/p>\r\n\r\n\r\n\r\n<figure class=\"wp-block-image alignnone size-medium wp-image-16102\"><img loading=\"lazy\" decoding=\"async\" width=\"300\" height=\"225\" class=\"wp-image-16102\" src=\"https:\/\/zecovalve.com\/wp-content\/uploads\/2022\/06\/motorized-ball-valve-300x225.jpg\" alt=\"Motorisierter Kugelhahn\" srcset=\"https:\/\/zecovalve.com\/wp-content\/uploads\/2022\/06\/motorized-ball-valve-300x225.jpg 300w, https:\/\/zecovalve.com\/wp-content\/uploads\/2022\/06\/motorized-ball-valve-768x576.jpg 768w, https:\/\/zecovalve.com\/wp-content\/uploads\/2022\/06\/motorized-ball-valve-600x450.jpg 600w, https:\/\/zecovalve.com\/wp-content\/uploads\/2022\/06\/motorized-ball-valve.jpg 800w\" sizes=\"auto, (max-width: 300px) 100vw, 300px\" \/>\r\n<figcaption>Motorisierter Kugelhahn<\/figcaption>\r\n<\/figure>\r\n\r\n\r\n<div class=\"gb-button-wrapper gb-button-wrapper-6d8495a3\">\r\n\r\n\r\n<p><a class=\"gb-button gb-button-3d442e11 gb-button-text\" href=\"https:\/\/zecovalve.com\/de\/contact\/\" target=\"_blank\" rel=\"noopener noreferrer\"><strong>PREIS F\u00dcR MOTORISIERTES KUGELHAHN ERHALTEN<\/strong><\/a><\/p>\r\n<\/div>\r\n\r\n\r\n\r\n\r\n<h2 class=\"wp-block-heading\" id=\"h-what-is-an-motorized-ball-valve\">Was ist ein motorisierter Kugelhahn?<\/h2>\r\n\r\n\r\n\r\n<p>Die Funktionsweise eines motorisierten Kugelhahns ist \u00e4hnlich wie die seines manuellen Gegenst\u00fccks, aber bei diesem Hahn ist anstelle eines Hebels ein elektrischer Antrieb montiert, um den Schaft (der mit der Kugel verbunden ist) anzutreiben, der wiederum die Kugel dreht, um den gew\u00fcnschten Vorgang auszuf\u00fchren. Wenn der elektrische Antrieb ein Signal von der Fernbedienung empf\u00e4ngt, dreht er sich je nach seiner Position, um den Fl\u00fcssigkeitsfluss durch den Kugelhahn zu starten oder zu stoppen.<\/p>\r\n\r\n\r\n\r\n<p>Ein motorisierter Kugelhahn kann so konstruiert werden, dass er seine Position auf der Grundlage von Sensorwerten \u00e4ndert. Ein Sensor kann Temperatur- oder Druck\u00e4nderungen erkennen und melden. Der motorisierte Kugelhahn wird ausgel\u00f6st, wenn der Sensor einen vom Maschinenmanagementpersonal festgelegten vorbestimmten Punkt erreicht. Dies k\u00f6nnte wichtige Funktionen erf\u00fcllen, z. B. verhindern, dass mehr Prozessfl\u00fcssigkeit in einen bereits vollen Bereich gelangt. Wenn der Sensor erkennt, dass der Bereich f\u00fcr mehr Fl\u00fcssigkeit verf\u00fcgbar ist, aktiviert er den motorisierten Kugelhahn, der seine Position \u00e4ndert, damit Prozessfl\u00fcssigkeit diesen Ort erreichen kann.<\/p>\r\n\r\n\r\n\r\n<h2 class=\"wp-block-heading\">Wie funktioniert ein motorisierter Kugelhahn?<\/h2>\r\n\r\n\r\n\r\n<p>Motorisierte Kugelh\u00e4hne bestehen haupts\u00e4chlich aus zwei Teilen, n\u00e4mlich einem elektrischen Antrieb und einem Ventil. Nach einer gewissen Installation und Fehlerbehebung kann der Schalter des Ger\u00e4ts normal eingestellt und gesteuert werden. Die motorisierten Kugelh\u00e4hne sind haupts\u00e4chlich auf den Motor angewiesen, um den Betrieb anzutreiben und auszuf\u00fchren. Die Gr\u00f6\u00dfe der \u00d6ffnung kann auch entsprechend der tats\u00e4chlichen Situation angepasst werden, um den Durchfluss des Ger\u00e4tevermittlers zu steuern. Dies ist ein sehr humanes Betriebssystem.<\/p>\r\n\r\n\r\n\r\n<h2 class=\"wp-block-heading\" id=\"h-what-are-motorized-ball-valves-used-for\">Wof\u00fcr werden motorisierte Kugelh\u00e4hne verwendet?<\/h2>\r\n\r\n\r\n\r\n<h3 class=\"wp-block-heading\">Ein\/Aus-Steuerung<\/h3>\r\n\r\n\r\n\r\n<p>Motorisierte Kugelh\u00e4hne k\u00f6nnen von offen bis vollst\u00e4ndig geschlossen umgeschaltet werden, ohne dass in irgendeiner Zwischenposition ein Stopp erfolgt. Jedes Mal, wenn der bet\u00e4tigte Kugelhahn den \u00d6ffnungs- und Schlie\u00dfzyklus beendet, wird der Elektromotor durch interne Nocken abgeschaltet, die die Endschalter treffen.<\/p>\r\n\r\n\r\n\r\n<p>Wenn der Elektromotor beispielsweise ein Signal zum Schlie\u00dfen des motorisierten Kugelhahns empf\u00e4ngt, wird der Motor aktiviert und dreht sich, um die Kugelh\u00e4hne zu schlie\u00dfen. Anschlie\u00dfend bewegen sich die Endschalter auf der Nocke, w\u00e4hrend sich die innere Nocke auf der Welle dreht, bis der Nocken den Schalter bet\u00e4tigt, um den Elektromotor anzuhalten und den Stromkreis zu unterbrechen.<\/p>\r\n\r\n\r\n\r\n<h3 class=\"wp-block-heading\">Positioniersteuerung<\/h3>\r\n\r\n\r\n\r\n<p>Bei einer anderen Art von Anwendung m\u00fcssen die motorisierten Kugelh\u00e4hne teilweise ge\u00f6ffnet oder geschlossen werden, wobei sie die verschiedenen Bedingungen des Wasserflusses erkennen und darauf reagieren m\u00fcssen. In diesem Fall kann das Ziel durch die Integration eines digitalen Positionssensors erreicht werden.<\/p>\r\n\r\n\r\n\r\n<p>Abh\u00e4ngig von den speziellen Durchflussanforderungen wird das externe Steuerbefehlssignal erzeugt. Dieses Eingangssignal wird vom Antrieb der motorisierten Kugelh\u00e4hne \u00fcber das Ausgangsr\u00fcckmeldeelement konsequent mit der tats\u00e4chlichen Position verglichen. Anschlie\u00dfend werden die bet\u00e4tigten Kugelh\u00e4hne angetrieben, um die Befehle auszugleichen und die erforderliche Position zu erreichen. Ein Signal von ungef\u00e4hr 4 mA oder 0 V wird normalerweise verwendet, um die motorisierten Kugelh\u00e4hne zu schlie\u00dfen.<\/p>\r\n\r\n\r\n\r\n<h2 class=\"wp-block-heading\">Anwendungen von motorisierten Kugelh\u00e4hnen<\/h2>\r\n\r\n\r\n\r\n<p>Motorisierte Kugelh\u00e4hne werden in die Systeme eingebaut, um das \u00d6ffnen und Schlie\u00dfen von Ventilen zu steuern. Um den Durchfluss zu messen, sind sie h\u00e4ufig mit Manometern oder Durchflussmessern ausgestattet. Industrielle Prozesse, Fertigungsfabriken, der Umgang mit Chemikalien, Lebensmittel- und Getr\u00e4nkeanlagen, Bergbaubetriebe, Kraftwerke und der Energiesektor verwenden angetriebene Kugelh\u00e4hne. Sie werden auch in der Abwasserbehandlung, in kommunalen Behandlungszentren, bei der Erzeugung von sauberem Wasser, in Aquarien, in der Wasser- und Tierpflege, in der chemischen Produktion, in Metall- und Beschichtungsbetrieben und bei der chemischen Synthese eingesetzt.<\/p>\r\n\r\n\r\n\r\n<h2 class=\"wp-block-heading\" id=\"h-features-of-motorized-ball-valves\">Merkmale motorisierter Kugelh\u00e4hne:<\/h2>\r\n\r\n\r\n\r\n<ol class=\"wp-block-list\">\r\n<li>Wenn Medium durch das Ventil flie\u00dft, kann der Druck im Ventilk\u00f6rper den Schaft m\u00f6glicherweise herausdr\u00fccken. Wenn bei einer Reparatur des Ventils Druck im mittleren Hohlraum herrscht, scheint es, als ob der Schaft oder das Medium beim Zerlegen des Ventils leicht herausgeschleudert werden, was zu Verletzungen f\u00fchren kann. Um dies zu verhindern, wird am unteren Teil des Schafts ein Blindkeil angebracht. Auf diese Weise bringt der Druck des Mediums im Ventilk\u00f6rper den Blindkeil des Ventilschafts in engen Kontakt mit der oberen Dichtungsfl\u00e4che des Ventilk\u00f6rpers, selbst wenn es zu einem Brand kommt, die Packung und das Axiallager verbrennen oder die Packung aus anderen Gr\u00fcnden besch\u00e4digt wird. So wird verhindert, dass Medium aus der besch\u00e4digten Packungsposition austritt.<\/li>\r\n<li>Der motorisierte Kugelhahn von ZECO l\u00e4sst sich einfach und schnell per Fernzugriff bedienen.<\/li>\r\n<li>Der Standard-Elektroantrieb des motorisierten Kugelhahns von ZECO ist der Elektroantrieb von AUMA. Andere Arten von Elektroantrieben k\u00f6nnen je nach Kundenwunsch ausgew\u00e4hlt werden.<\/li>\r\n<li>Der motorisierte Kugelhahn von ZECO ist mit einem geschmiedeten oder einem gegossenen K\u00f6rper erh\u00e4ltlich. ZECO achtet sehr auf die Kontrolle der Rohstoffe und erf\u00fcllt unabh\u00e4ngig vom verwendeten Material die Anforderungen internationaler Normen und chemischer Analysen in vollem Umfang.<\/li>\r\n<\/ol>\r\n\r\n\r\n\r\n<h2 class=\"wp-block-heading\" id=\"h-material-of-motorized-ball-valves\">Material der motorisierten Kugelh\u00e4hne:<\/h2>\r\n\r\n\r\n\r\n<figure class=\"wp-block-table\">\r\n<table>\r\n<tbody>\r\n<tr>\r\n<td>Nein<\/td>\r\n<td>Teil<\/td>\r\n<td>Material<\/td>\r\n<\/tr>\r\n<tr>\r\n<td>1<\/td>\r\n<td>K\u00f6rper<\/td>\r\n<td>ASTM A105<\/td>\r\n<\/tr>\r\n<tr>\r\n<td>2<\/td>\r\n<td>Motorhaube<\/td>\r\n<td>ASTM A105<\/td>\r\n<\/tr>\r\n<tr>\r\n<td>3<\/td>\r\n<td>Kugel<\/td>\r\n<td>ASTM A182 F316<\/td>\r\n<\/tr>\r\n<tr>\r\n<td>4<\/td>\r\n<td>Sitz<\/td>\r\n<td>ASTM A182 F316 + NYLON<\/td>\r\n<\/tr>\r\n<tr>\r\n<td>5<\/td>\r\n<td>Vorbau<\/td>\r\n<td>ASTM A276 316<\/td>\r\n<\/tr>\r\n<tr>\r\n<td>6<\/td>\r\n<td>Antistatische Vorrichtung<\/td>\r\n<td>SS316<\/td>\r\n<\/tr>\r\n<tr>\r\n<td>7<\/td>\r\n<td>Dichtung<\/td>\r\n<td>Graphit + SS316<\/td>\r\n<\/tr>\r\n<tr>\r\n<td>8<\/td>\r\n<td>Schraube<\/td>\r\n<td>ASTM A193 B7<\/td>\r\n<\/tr>\r\n<tr>\r\n<td>9<\/td>\r\n<td>Nuss<\/td>\r\n<td>ASTM A194 2H<\/td>\r\n<\/tr>\r\n<tr>\r\n<td>10<\/td>\r\n<td>O-Ring<\/td>\r\n<td>Viton A<\/td>\r\n<\/tr>\r\n<tr>\r\n<td>11<\/td>\r\n<td>Motorisierter Aktuator<\/td>\r\n<td>Aluminium<\/td>\r\n<\/tr>\r\n<\/tbody>\r\n<\/table>\r\n<\/figure>","protected":false},"excerpt":{"rendered":"<p>Kugelh\u00e4hne k\u00f6nnen mit einem elektrischen Antrieb (motorisierte Kugelh\u00e4hne) zur Automatisierung und\/oder Fernsteuerung kombiniert werden. Was ist ein motorisierter \u2026 <a title=\"Motorisierter Kugelhahn\" class=\"read-more\" href=\"https:\/\/zecovalve.com\/de\/produkt\/motorized-ball-valve\" aria-label=\"Mehr zu Motorisierter Kugelhahn\">Weiterlesen ...<\/a><\/p>","protected":false},"featured_media":27850,"comment_status":"closed","ping_status":"closed","template":"","meta":{"_generate-full-width-content":"","kt_blocks_editor_width":""},"product_cat":[2047,2460,2465],"product_tag":[3295,3293,3869,3255,3291,3868,3294,2766,3292,2727],"class_list":["post-16101","product","type-product","status-publish","has-post-thumbnail","hentry","product_cat-ball-valve","product_cat-ball-valve-by-drive-mode","product_cat-forged-steel-ball-valve","product_tag-ball-valve-electric","product_tag-electric-actuated-ball-valve","product_tag-electric-actuator-ball-valve","product_tag-electric-ball-valve","product_tag-electrical-ball-valve","product_tag-electrically-actuated-ball-valve","product_tag-electronic-ball-valve","product_tag-motorised-valve","product_tag-motorized-ball-valve","product_tag-motorized-valve","sales-flash-overlay","woocommerce-text-align-center","woocommerce-image-align-center","do-quantity-buttons"],"featured_image_src_large":["https:\/\/zecovalve.com\/wp-content\/uploads\/2022\/06\/Motorized-Ball-Valve-1.jpg",800,600,false],"author_info":[],"comment_info":0,"taxonomy_info":{"product_cat":[{"value":2047,"label":"Ball Valve"},{"value":2460,"label":"Ball Valve By Drive Mode"},{"value":2465,"label":"Forged Ball Valve"}],"product_tag":[{"value":3295,"label":"Ball Valve Electric"},{"value":3293,"label":"Electric Actuated Ball Valve"},{"value":3869,"label":"Electric Actuator Ball Valve"},{"value":3255,"label":"Electric Ball Valve"},{"value":3291,"label":"Electrical Ball Valve"},{"value":3868,"label":"Electrically Actuated Ball Valve"},{"value":3294,"label":"Electronic Ball Valve"},{"value":2766,"label":"Motorised Valve"},{"value":3292,"label":"Motorized Ball Valve"},{"value":2727,"label":"Motorized Valve"}]},"yoast_head":"<!-- This site is optimized with the Yoast SEO Premium plugin v15.4 - https:\/\/yoast.com\/wordpress\/plugins\/seo\/ -->\n<title>Motorized Ball Valve - Motorized Ball Valve Supplier | ZECO Valve<\/title>\n<meta name=\"robots\" content=\"index, follow, max-snippet:-1, max-image-preview:large, max-video-preview:-1\" \/>\n<link rel=\"canonical\" href=\"https:\/\/zecovalve.com\/de\/produkt\/motorized-ball-valve\" \/>\n<meta property=\"og:locale\" content=\"de_DE\" \/>\n<meta property=\"og:type\" content=\"article\" \/>\n<meta property=\"og:title\" content=\"Motorized Ball Valve - Motorized Ball Valve Supplier | ZECO Valve\" \/>\n<meta property=\"og:description\" content=\"Ball valves can be combined with a electric actuator (motorized ball valves) for automation and\/or for controlling remotely. What is an Motorized ... Weiterlesen ...\" \/>\n<meta property=\"og:url\" content=\"https:\/\/zecovalve.com\/de\/produkt\/motorized-ball-valve\" \/>\n<meta property=\"og:site_name\" content=\"ZECO Valve\" \/>\n<meta property=\"article:modified_time\" content=\"2023-06-07T07:01:41+00:00\" \/>\n<meta property=\"og:image\" content=\"https:\/\/zecovalve.com\/wp-content\/uploads\/2022\/06\/Motorized-Ball-Valve-1.jpg\" \/>\n\t<meta property=\"og:image:width\" content=\"800\" \/>\n\t<meta property=\"og:image:height\" content=\"600\" \/>\n<meta name=\"twitter:card\" content=\"summary_large_image\" \/>\n<meta name=\"twitter:label1\" content=\"Verfasst von\">\n\t<meta name=\"twitter:data1\" content=\"Jerry\">\n\t<meta name=\"twitter:label2\" content=\"Gesch\u00e4tzte Lesezeit\">\n\t<meta name=\"twitter:data2\" content=\"3\u00a0Minuten\">\n<script type=\"application\/ld+json\" class=\"yoast-schema-graph\">{\"@context\":\"https:\/\/schema.org\",\"@graph\":[{\"@type\":\"WebSite\",\"@id\":\"https:\/\/zecovalve.com\/#website\",\"url\":\"https:\/\/zecovalve.com\/\",\"name\":\"ZECO Valve\",\"description\":\"Industrial Ball Valve, Gate Valve and Globe Valve Manufacturer\",\"potentialAction\":[{\"@type\":\"SearchAction\",\"target\":\"https:\/\/zecovalve.com\/?s={search_term_string}\",\"query-input\":\"required name=search_term_string\"}],\"inLanguage\":\"de\"},{\"@type\":\"ImageObject\",\"@id\":\"https:\/\/zecovalve.com\/product\/motorized-ball-valve#primaryimage\",\"inLanguage\":\"de\",\"url\":\"https:\/\/zecovalve.com\/wp-content\/uploads\/2022\/06\/Motorized-Ball-Valve-1.jpg\",\"width\":800,\"height\":600,\"caption\":\"Motorized Ball Valve\"},{\"@type\":\"WebPage\",\"@id\":\"https:\/\/zecovalve.com\/product\/motorized-ball-valve#webpage\",\"url\":\"https:\/\/zecovalve.com\/product\/motorized-ball-valve\",\"name\":\"Motorized Ball Valve - Motorized Ball Valve Supplier | ZECO Valve\",\"isPartOf\":{\"@id\":\"https:\/\/zecovalve.com\/#website\"},\"primaryImageOfPage\":{\"@id\":\"https:\/\/zecovalve.com\/product\/motorized-ball-valve#primaryimage\"},\"datePublished\":\"2022-06-19T03:44:20+00:00\",\"dateModified\":\"2023-06-07T07:01:41+00:00\",\"breadcrumb\":{\"@id\":\"https:\/\/zecovalve.com\/product\/motorized-ball-valve#breadcrumb\"},\"inLanguage\":\"de\",\"potentialAction\":[{\"@type\":\"ReadAction\",\"target\":[\"https:\/\/zecovalve.com\/product\/motorized-ball-valve\"]}]},{\"@type\":\"BreadcrumbList\",\"@id\":\"https:\/\/zecovalve.com\/product\/motorized-ball-valve#breadcrumb\",\"itemListElement\":[{\"@type\":\"ListItem\",\"position\":1,\"item\":{\"@type\":\"WebPage\",\"@id\":\"https:\/\/zecovalve.com\/\",\"url\":\"https:\/\/zecovalve.com\/\",\"name\":\"Home\"}},{\"@type\":\"ListItem\",\"position\":2,\"item\":{\"@type\":\"WebPage\",\"@id\":\"https:\/\/zecovalve.com\/product-category\",\"url\":\"https:\/\/zecovalve.com\/product-category\",\"name\":\"Industrial Valve Manufacturer | Water Valve Manufacturer\"}},{\"@type\":\"ListItem\",\"position\":3,\"item\":{\"@type\":\"WebPage\",\"@id\":\"https:\/\/zecovalve.com\/product\/motorized-ball-valve\",\"url\":\"https:\/\/zecovalve.com\/product\/motorized-ball-valve\",\"name\":\"Motorized Ball Valve\"}}]}]}<\/script>\n<!-- \/ Yoast SEO Premium plugin. -->","_links":{"self":[{"href":"https:\/\/zecovalve.com\/de\/wp-json\/wp\/v2\/product\/16101","targetHints":{"allow":["GET"]}}],"collection":[{"href":"https:\/\/zecovalve.com\/de\/wp-json\/wp\/v2\/product"}],"about":[{"href":"https:\/\/zecovalve.com\/de\/wp-json\/wp\/v2\/types\/product"}],"replies":[{"embeddable":true,"href":"https:\/\/zecovalve.com\/de\/wp-json\/wp\/v2\/comments?post=16101"}],"wp:featuredmedia":[{"embeddable":true,"href":"https:\/\/zecovalve.com\/de\/wp-json\/wp\/v2\/media\/27850"}],"wp:attachment":[{"href":"https:\/\/zecovalve.com\/de\/wp-json\/wp\/v2\/media?parent=16101"}],"wp:term":[{"taxonomy":"product_cat","embeddable":true,"href":"https:\/\/zecovalve.com\/de\/wp-json\/wp\/v2\/product_cat?post=16101"},{"taxonomy":"product_tag","embeddable":true,"href":"https:\/\/zecovalve.com\/de\/wp-json\/wp\/v2\/product_tag?post=16101"}],"curies":[{"name":"wp","href":"https:\/\/api.w.org\/{rel}","templated":true}]}}