{"id":16105,"date":"2022-06-19T03:50:30","date_gmt":"2022-06-19T03:50:30","guid":{"rendered":"https:\/\/zecovalve.com\/?post_type=product&#038;p=16105"},"modified":"2023-06-15T13:56:21","modified_gmt":"2023-06-15T13:56:21","slug":"cryogenic-globe-valve","status":"publish","type":"product","link":"https:\/\/zecovalve.com\/de\/produkt\/cryogenic-globe-valve","title":{"rendered":"Kryogenes Durchgangsventil"},"content":{"rendered":"<p>Kryogene Ventile sind, wie der Name schon sagt, Ventile, die in extrem kalten Anwendungen eingesetzt werden.<\/p>\r\n\r\n\r\n\r\n<figure class=\"wp-block-image alignnone size-medium wp-image-16107\">\r\n<p><img loading=\"lazy\" decoding=\"async\" class=\"wp-image-27903 size-medium\" src=\"https:\/\/zecovalve.com\/wp-content\/uploads\/2022\/06\/Cryogenic-Globe-Valve-1-300x225.jpg\" alt=\"Kryogenes Durchgangsventil\" width=\"300\" height=\"225\" srcset=\"https:\/\/zecovalve.com\/wp-content\/uploads\/2022\/06\/Cryogenic-Globe-Valve-1-300x225.jpg 300w, https:\/\/zecovalve.com\/wp-content\/uploads\/2022\/06\/Cryogenic-Globe-Valve-1-768x576.jpg 768w, https:\/\/zecovalve.com\/wp-content\/uploads\/2022\/06\/Cryogenic-Globe-Valve-1-600x450.jpg 600w, https:\/\/zecovalve.com\/wp-content\/uploads\/2022\/06\/Cryogenic-Globe-Valve-1.jpg 800w\" sizes=\"auto, (max-width: 300px) 100vw, 300px\" \/><\/p>\r\n<\/figure>\r\n\r\n\r\n<div class=\"gb-button-wrapper gb-button-wrapper-6d8495a3\">\r\n\r\n\r\n<p><a class=\"gb-button gb-button-3d442e11 gb-button-text\" href=\"https:\/\/zecovalve.com\/de\/contact\/\" target=\"_blank\" rel=\"noopener noreferrer\"><strong>PREIS F\u00dcR KRYOGENES KUGELVENTIL ERHALTEN<\/strong><\/a><\/p>\r\n<\/div>\r\n\r\n\r\n\r\n\r\n<h2 class=\"wp-block-heading\">Was ist ein Kryogenventil?<\/h2>\r\n\r\n\r\n\r\n<p>Kryogene Ventile sind f\u00fcr den Einsatz in sehr kalten Anwendungen konzipiert.<\/p>\r\n\r\n\r\n\r\n<p>Kryogene Ventile dienen dazu, den sicheren und effizienten Transport und die Lagerung solcher kryogenen Gase zu unterst\u00fctzen.<\/p>\r\n\r\n\r\n\r\n<h2 class=\"wp-block-heading\">Wie funktionieren kryogene Ventile?<\/h2>\r\n\r\n\r\n\r\n<p>Kryogene Ventile werden in einer nat\u00fcrlichen geschlossenen Position gehalten, um kryogene Gase oder andere Medien sicher und gesch\u00fctzt aufzubewahren. Ein kryogenes Ventil ist im Allgemeinen so ausgelegt, dass es auf hohen Druck reagiert, der das Ventil in die offene Position dr\u00fcckt, damit das Gas oder andere Medien problemlos durchflie\u00dfen k\u00f6nnen. Dieser offene Durchfluss wird fortgesetzt, bis der Druck wieder abnimmt. An diesem Punkt schwingt das Ventil zur\u00fcck und wird mit einem speziellen blasendichten Verschluss mit Metallsitz abgedichtet, um jegliches Auslaufen zu verhindern.<\/p>\r\n\r\n\r\n\r\n<h2 class=\"wp-block-heading\" id=\"h-applications-of-cryogenic-valves\">Anwendungen von kryogenen Ventilen<\/h2>\r\n\r\n\r\n\r\n<ul class=\"wp-block-list\">\r\n<li>LNG (Fl\u00fcssigerdgas): LNG-Verfl\u00fcssigungsanlagen, Terminal<\/li>\r\n<li>Ethylenanlagen<\/li>\r\n<li>Industrielle Niedertemperaturgaseanlage<\/li>\r\n<\/ul>\r\n\r\n\r\n\r\n<h2 class=\"wp-block-heading\" id=\"h-what-is-a-cryogenic-globe-valve\">Was ist ein kryogenes Absperrventil?<\/h2>\r\n\r\n\r\n\r\n<p>Das kryogene Absperrventil von ZECO ist f\u00fcr niedrige Temperaturen von -196 \u00b0C mit einem ultraniedrigen Drehmoment erh\u00e4ltlich, das einen stabilen Betrieb unter Bedingungen niedriger Temperaturen gew\u00e4hrleistet. Das gepr\u00fcfte Dichtungsmaterial aus Niedertemperaturmaterialien stellt auch sicher, dass das kryogene Absperrventil von ZECO auch in Extremf\u00e4llen eine gute Dichtungsleistung und lange Lebensdauer aufweist. ZECO ist ein professioneller Exporteur von kryogenen Absperrventilen. Die Produkte werden h\u00e4ufig in LNG, LPG und anderen industriellen Bedingungen bei niedrigen Temperaturen verwendet. Die Lagerung von kryogenen Absperrventilen ist ebenfalls sehr wichtig. Wenn Sie das Ventil nur f\u00fcr einige Wochen oder Monate lagern m\u00f6chten, m\u00fcssen Sie die urspr\u00fcnglichen Lagerbedingungen verbessern. Ventile werden normalerweise in Innenr\u00e4umen gelagert, sodass die tats\u00e4chliche Temperatur des Ventils h\u00f6her als die Taupunkttemperatur ist. Wenn das Ventil im Freien gelagert werden muss, sollte es abgest\u00fctzt werden, keinen Bodenkontakt haben und mit einer wasserdichten Abdeckung gesch\u00fctzt werden.<\/p>\r\n\r\n\r\n\r\n<h2 class=\"wp-block-heading\" id=\"h-features-of-cryogenic-globe-valve\">Merkmale des kryogenen Absperrventils:<\/h2>\r\n\r\n\r\n\r\n<ul class=\"wp-block-list\">\r\n<li>Die Kegelsitzfl\u00e4che des kryogenen Absperrventils von ZECO ist eine Standardscheibenausf\u00fchrung; auf Kundenwunsch ist jedoch optional eine kugelf\u00f6rmige, parabelf\u00f6rmige oder flache Sitzfl\u00e4che erh\u00e4ltlich;<\/li>\r\n<li>Da sich Mittel- und Niederdruckleitungen durch Flanschverbindungen gut verbinden und abdichten lassen, werden kryogene ZECO-Absperrventile unter 600 lb normalerweise mit Flanschverbindungen verbunden, w\u00e4hrend \u00fcber 600 lb normalerweise mit RTJ-Verbindungen verbunden werden, um das Ventil aufgrund des hohen Drucks besser mit der Rohrleitung verbinden zu k\u00f6nnen;<\/li>\r\n<li>Um die Stopfbuchse von Medien mit niedrigen Temperaturen fernzuhalten und langfristige Kontaktsch\u00e4den zu vermeiden, die die Dichtungsleistung beeintr\u00e4chtigen, wird der Schaft des kryogenen Absperrventils von ZECO verl\u00e4ngert, um die Lebensdauer der Packung zu verl\u00e4ngern.<\/li>\r\n<li>Der Schaft des kryogenen Absperrventils von ZECO ist so konstruiert, dass er nicht ausbl\u00e4st.<\/li>\r\n<\/ul>\r\n\r\n\r\n\r\n<h2 class=\"wp-block-heading\" id=\"h-material-of-cryogenic-globe-valve\">Material des kryogenen Durchgangsventils:<\/h2>\r\n\r\n\r\n\r\n<figure class=\"wp-block-table\">\r\n<table>\r\n<tbody>\r\n<tr>\r\n<td>Nein<\/td>\r\n<td>Teil<\/td>\r\n<td>Material<\/td>\r\n<\/tr>\r\n<tr>\r\n<td>1<\/td>\r\n<td>K\u00f6rper<\/td>\r\n<td>ASTM A352 LCC<\/td>\r\n<\/tr>\r\n<tr>\r\n<td>2<\/td>\r\n<td>Scheibe<\/td>\r\n<td>ASTM A182 F316<\/td>\r\n<\/tr>\r\n<tr>\r\n<td>3<\/td>\r\n<td>Vorbau<\/td>\r\n<td>ASTM A276 316<\/td>\r\n<\/tr>\r\n<tr>\r\n<td>4<\/td>\r\n<td>Dichtung der Motorhaube<\/td>\r\n<td>Graphit + SS316<\/td>\r\n<\/tr>\r\n<tr>\r\n<td>5<\/td>\r\n<td>Motorhaube<\/td>\r\n<td>ASTM A352 LCC<\/td>\r\n<\/tr>\r\n<tr>\r\n<td>6<\/td>\r\n<td>Motorhaubenbolzen<\/td>\r\n<td>ASTM A320 L7M<\/td>\r\n<\/tr>\r\n<tr>\r\n<td>7<\/td>\r\n<td>Haubenmutter<\/td>\r\n<td>ASTM A194 7M<\/td>\r\n<\/tr>\r\n<tr>\r\n<td>8<\/td>\r\n<td>Spindelpackung<\/td>\r\n<td>Verst\u00e4rkter Graphit<\/td>\r\n<\/tr>\r\n<tr>\r\n<td>9<\/td>\r\n<td>Dr\u00fcse<\/td>\r\n<td>ASTM A276 316<\/td>\r\n<\/tr>\r\n<tr>\r\n<td>10<\/td>\r\n<td>Stopfbuchse Augenschraube<\/td>\r\n<td>ASTM A320 L7M<\/td>\r\n<\/tr>\r\n<tr>\r\n<td>11<\/td>\r\n<td>Spindelmutter<\/td>\r\n<td>ASTM B148<\/td>\r\n<\/tr>\r\n<\/tbody>\r\n<\/table>\r\n<\/figure>","protected":false},"excerpt":{"rendered":"<p>Kryogene Ventile sind, wie der Name schon sagt, Ventile, die in extrem kalten Anwendungen eingesetzt werden. Was ist ein kryogenes Ventil? Kryogene Ventile \u2026 <a title=\"Kryogenes Durchgangsventil\" class=\"read-more\" href=\"https:\/\/zecovalve.com\/de\/produkt\/cryogenic-globe-valve\" aria-label=\"Mehr zu Cryogenic Globe Valve\">Weiterlesen ...<\/a><\/p>","protected":false},"featured_media":27903,"comment_status":"closed","ping_status":"closed","template":"","meta":{"_generate-full-width-content":"","kt_blocks_editor_width":""},"product_cat":[2457,2049],"product_tag":[3988,3989],"class_list":["post-16105","product","type-product","status-publish","has-post-thumbnail","hentry","product_cat-gate-valve-by-drive-mode","product_cat-globe-valve","product_tag-wholesale-abs-double-union-ball-check-valve-factory","product_tag-wholesale-abs-double-union-ball-check-valve-suppliers","sales-flash-overlay","woocommerce-text-align-center","woocommerce-image-align-center","do-quantity-buttons"],"featured_image_src_large":["https:\/\/zecovalve.com\/wp-content\/uploads\/2022\/06\/Cryogenic-Globe-Valve-1.jpg",800,600,false],"author_info":[],"comment_info":0,"taxonomy_info":{"product_cat":[{"value":2457,"label":"Gate Valve with Actuator"},{"value":2049,"label":"Globe Valve"}],"product_tag":[{"value":3988,"label":"wholesale abs double union ball check valve factory"},{"value":3989,"label":"wholesale abs double union ball check valve suppliers"}]},"yoast_head":"<!-- This site is optimized with the Yoast SEO Premium plugin v15.4 - https:\/\/yoast.com\/wordpress\/plugins\/seo\/ -->\n<title>Cryogenic Globe Valve - Cryogenic Valve Manufacturer | ZECO Valve<\/title>\n<meta name=\"robots\" content=\"index, follow, max-snippet:-1, max-image-preview:large, max-video-preview:-1\" \/>\n<link rel=\"canonical\" href=\"https:\/\/zecovalve.com\/de\/produkt\/cryogenic-globe-valve\" \/>\n<meta property=\"og:locale\" content=\"de_DE\" \/>\n<meta property=\"og:type\" content=\"article\" \/>\n<meta property=\"og:title\" content=\"Cryogenic Globe Valve - Cryogenic Valve Manufacturer | ZECO Valve\" \/>\n<meta property=\"og:description\" content=\"Cryogenic valves, as the name indicates, are valves that are used in extremely cold applications. What is a Cryogenic Valve? Cryogenic valves ... Weiterlesen ...\" \/>\n<meta property=\"og:url\" content=\"https:\/\/zecovalve.com\/de\/produkt\/cryogenic-globe-valve\" \/>\n<meta property=\"og:site_name\" content=\"ZECO Valve\" \/>\n<meta property=\"article:modified_time\" content=\"2023-06-15T13:56:21+00:00\" \/>\n<meta property=\"og:image\" content=\"https:\/\/zecovalve.com\/wp-content\/uploads\/2022\/06\/Cryogenic-Globe-Valve-1.jpg\" \/>\n\t<meta property=\"og:image:width\" content=\"800\" \/>\n\t<meta property=\"og:image:height\" content=\"600\" \/>\n<meta name=\"twitter:card\" content=\"summary_large_image\" \/>\n<meta name=\"twitter:label1\" content=\"Verfasst von\">\n\t<meta name=\"twitter:data1\" content=\"Jerry\">\n\t<meta name=\"twitter:label2\" content=\"Gesch\u00e4tzte Lesezeit\">\n\t<meta name=\"twitter:data2\" content=\"2\u00a0Minuten\">\n<script type=\"application\/ld+json\" class=\"yoast-schema-graph\">{\"@context\":\"https:\/\/schema.org\",\"@graph\":[{\"@type\":\"WebSite\",\"@id\":\"https:\/\/zecovalve.com\/#website\",\"url\":\"https:\/\/zecovalve.com\/\",\"name\":\"ZECO Valve\",\"description\":\"Industrial Ball Valve, Gate Valve and Globe Valve Manufacturer\",\"potentialAction\":[{\"@type\":\"SearchAction\",\"target\":\"https:\/\/zecovalve.com\/?s={search_term_string}\",\"query-input\":\"required name=search_term_string\"}],\"inLanguage\":\"de\"},{\"@type\":\"ImageObject\",\"@id\":\"https:\/\/zecovalve.com\/product\/cryogenic-globe-valve#primaryimage\",\"inLanguage\":\"de\",\"url\":\"https:\/\/zecovalve.com\/wp-content\/uploads\/2022\/06\/Cryogenic-Globe-Valve-1.jpg\",\"width\":800,\"height\":600,\"caption\":\"Cryogenic Globe Valve\"},{\"@type\":\"WebPage\",\"@id\":\"https:\/\/zecovalve.com\/product\/cryogenic-globe-valve#webpage\",\"url\":\"https:\/\/zecovalve.com\/product\/cryogenic-globe-valve\",\"name\":\"Cryogenic Globe Valve - Cryogenic Valve Manufacturer | ZECO Valve\",\"isPartOf\":{\"@id\":\"https:\/\/zecovalve.com\/#website\"},\"primaryImageOfPage\":{\"@id\":\"https:\/\/zecovalve.com\/product\/cryogenic-globe-valve#primaryimage\"},\"datePublished\":\"2022-06-19T03:50:30+00:00\",\"dateModified\":\"2023-06-15T13:56:21+00:00\",\"breadcrumb\":{\"@id\":\"https:\/\/zecovalve.com\/product\/cryogenic-globe-valve#breadcrumb\"},\"inLanguage\":\"de\",\"potentialAction\":[{\"@type\":\"ReadAction\",\"target\":[\"https:\/\/zecovalve.com\/product\/cryogenic-globe-valve\"]}]},{\"@type\":\"BreadcrumbList\",\"@id\":\"https:\/\/zecovalve.com\/product\/cryogenic-globe-valve#breadcrumb\",\"itemListElement\":[{\"@type\":\"ListItem\",\"position\":1,\"item\":{\"@type\":\"WebPage\",\"@id\":\"https:\/\/zecovalve.com\/\",\"url\":\"https:\/\/zecovalve.com\/\",\"name\":\"Home\"}},{\"@type\":\"ListItem\",\"position\":2,\"item\":{\"@type\":\"WebPage\",\"@id\":\"https:\/\/zecovalve.com\/product-category\",\"url\":\"https:\/\/zecovalve.com\/product-category\",\"name\":\"Industrial Valve Manufacturer | Water Valve Manufacturer\"}},{\"@type\":\"ListItem\",\"position\":3,\"item\":{\"@type\":\"WebPage\",\"@id\":\"https:\/\/zecovalve.com\/product\/cryogenic-globe-valve\",\"url\":\"https:\/\/zecovalve.com\/product\/cryogenic-globe-valve\",\"name\":\"Cryogenic Globe Valve\"}}]}]}<\/script>\n<!-- \/ Yoast SEO Premium plugin. -->","_links":{"self":[{"href":"https:\/\/zecovalve.com\/de\/wp-json\/wp\/v2\/product\/16105","targetHints":{"allow":["GET"]}}],"collection":[{"href":"https:\/\/zecovalve.com\/de\/wp-json\/wp\/v2\/product"}],"about":[{"href":"https:\/\/zecovalve.com\/de\/wp-json\/wp\/v2\/types\/product"}],"replies":[{"embeddable":true,"href":"https:\/\/zecovalve.com\/de\/wp-json\/wp\/v2\/comments?post=16105"}],"wp:featuredmedia":[{"embeddable":true,"href":"https:\/\/zecovalve.com\/de\/wp-json\/wp\/v2\/media\/27903"}],"wp:attachment":[{"href":"https:\/\/zecovalve.com\/de\/wp-json\/wp\/v2\/media?parent=16105"}],"wp:term":[{"taxonomy":"product_cat","embeddable":true,"href":"https:\/\/zecovalve.com\/de\/wp-json\/wp\/v2\/product_cat?post=16105"},{"taxonomy":"product_tag","embeddable":true,"href":"https:\/\/zecovalve.com\/de\/wp-json\/wp\/v2\/product_tag?post=16105"}],"curies":[{"name":"wp","href":"https:\/\/api.w.org\/{rel}","templated":true}]}}