{"id":16108,"date":"2022-06-19T03:52:47","date_gmt":"2022-06-19T03:52:47","guid":{"rendered":"https:\/\/zecovalve.com\/?post_type=product&#038;p=16108"},"modified":"2023-06-15T13:57:03","modified_gmt":"2023-06-15T13:57:03","slug":"cast-steel-globe-valve","status":"publish","type":"product","link":"https:\/\/zecovalve.com\/de\/produkt\/cast-steel-globe-valve","title":{"rendered":"Stahlguss-Durchgangsventil"},"content":{"rendered":"<p>Das Absperrventil aus Gussstahl von ZECO ist ein zwangsverschlossenes Ventil. Beim Schlie\u00dfen des Ventils muss auf die Scheibe Druck ausge\u00fcbt werden, damit die Dichtfl\u00e4che nicht leckt.<\/p>\r\n\r\n\r\n\r\n<figure class=\"wp-block-image alignnone size-medium wp-image-16109\">\r\n<p><img loading=\"lazy\" decoding=\"async\" class=\"wp-image-27904 size-medium\" src=\"https:\/\/zecovalve.com\/wp-content\/uploads\/2022\/06\/Cast-Steel-Globe-Valve-1-300x225.jpg\" alt=\"Stahlguss-Durchgangsventil\" width=\"300\" height=\"225\" srcset=\"https:\/\/zecovalve.com\/wp-content\/uploads\/2022\/06\/Cast-Steel-Globe-Valve-1-300x225.jpg 300w, https:\/\/zecovalve.com\/wp-content\/uploads\/2022\/06\/Cast-Steel-Globe-Valve-1-768x576.jpg 768w, https:\/\/zecovalve.com\/wp-content\/uploads\/2022\/06\/Cast-Steel-Globe-Valve-1-600x450.jpg 600w, https:\/\/zecovalve.com\/wp-content\/uploads\/2022\/06\/Cast-Steel-Globe-Valve-1.jpg 800w\" sizes=\"auto, (max-width: 300px) 100vw, 300px\" \/><\/p>\r\n<\/figure>\r\n\r\n\r\n<div class=\"gb-button-wrapper gb-button-wrapper-6d8495a3\">\r\n\r\n\r\n<p><a class=\"gb-button gb-button-3d442e11 gb-button-text\" href=\"https:\/\/zecovalve.com\/de\/contact\/\" target=\"_blank\" rel=\"noopener noreferrer\"><strong>PREIS F\u00dcR STAHLGUSS-ABsperrventile ERHALTEN<\/strong><\/a><\/p>\r\n<\/div>\r\n\r\n\r\n\r\n\r\n<h2 class=\"wp-block-heading\" id=\"h-what-is-a-cast-steel-globe-valve\">Was ist ein Absperrventil aus Stahlguss?<\/h2>\r\n\r\n\r\n\r\n<p>Absperrventile aus Stahlguss werden haupts\u00e4chlich bei hohem Druck und kleiner Gr\u00f6\u00dfe eingesetzt. Ihre Funktion besteht darin, Rohrleitungsmedien zu verbinden oder abzuschneiden.<\/p>\r\n\r\n\r\n\r\n<p>Absperrventile aus Gussstahl sind so konstruiert und hergestellt, dass eine Leckage von weniger als 100 ppm (parts per million) fl\u00fcchtiger organischer Verbindungen gew\u00e4hrleistet ist.<\/p>\r\n\r\n\r\n\r\n<p>Beim \u00d6ffnen und Schlie\u00dfen wird der Schaft um die Welle gedreht, um eine lineare Bewegung zu erzielen. Zwischen den Dichtfl\u00e4chen entsteht nahezu keine Reibung und die \u00d6ffnungsh\u00f6he ist gering (theoretisch betr\u00e4gt die H\u00f6he der \u00d6ffnung 1\/4 des Sitzdurchmessers). Daher ist die Gesamth\u00f6he des Ventils relativ gering. Der Nachteil liegt darin, dass der Str\u00f6mungswiderstand und das Drehmoment beim \u00d6ffnen und Schlie\u00dfen aufgrund der Struktur des Ventils etwas zu gro\u00df sind und eine mittlere Str\u00f6mungsrichtung erforderlich ist (normalerweise von niedrig nach hoch). Der Anwendungsbereich von Absperrventilen ist gro\u00df, aber sie werden im Allgemeinen f\u00fcr Rohre mittlerer und kleiner Gr\u00f6\u00dfe verwendet.<\/p>\r\n\r\n\r\n\r\n<h2 class=\"wp-block-heading\">Wie funktioniert ein Absperrventil aus Gussstahl?<\/h2>\r\n\r\n\r\n\r\n<p>Wenn das Medium von unterhalb der Scheibe in den Ventilk\u00f6rper eindringt, ist der von der Bet\u00e4tigungskraft zu \u00fcberwindende Widerstand die Reibungskraft zwischen Schaft und Dichtung sowie die durch den Druck des Mediums erzeugte Schubkraft. Daher muss der Durchmesser des Ventilschafts gro\u00df sein, was zu einer Biegung des Ventilschafts f\u00fchrt. Die K\u00f6rper von Durchgangsventilen werden unter Ber\u00fccksichtigung der gleichen Eigenschaften wie Schieberventile konstruiert. In diesem Fall bedeutet dies, dass die Scheibe bei gr\u00f6\u00dferen Ventilgr\u00f6\u00dfen oder Hochdruckbetrieb gef\u00fchrt wird, um Vibrationen zu vermeiden und einen besseren Sitz zu erzielen.<\/p>\r\n\r\n\r\n\r\n<h2 class=\"wp-block-heading\" id=\"h-features-of-cast-steel-globe-valves\">Merkmale von Absperrventilen aus Stahlguss<\/h2>\r\n\r\n\r\n\r\n<ul class=\"wp-block-list\">\r\n<li>Das ZECO-Absperrventil aus Stahlguss ist mit einer ausblassicheren Spindel ausgestattet, um zu verhindern, dass die Ventilspindel vom Wartungspersonal besch\u00e4digt wird, wenn die Packung w\u00e4hrend der Wartung ausgetauscht werden muss.<\/li>\r\n<li>Die Kegelsitzfl\u00e4che des ZECO-Absperrventils aus Stahlguss kann auf Kundenwunsch kugelf\u00f6rmig, parabelf\u00f6rmig oder flach oder in anderen optionalen Formen ausgef\u00fchrt werden.<\/li>\r\n<li>Die Stopfbuchsen\u00f6sen des ZECO-Absperrventils aus Stahlguss sind so montiert, dass sie zur Seite schwenken k\u00f6nnen, um die Wartung der Packung zu erleichtern.<\/li>\r\n<li>Die Dichtfl\u00e4che des ZECO-Absperrventils aus Stahlguss ist verschlei\u00df- und abriebfest und weist eine gute Dichtleistung auf. Beim \u00d6ffnen und Schlie\u00dfen tritt kein relatives Gleiten zwischen der Dichtfl\u00e4che des Kolbens und des Sitzes auf, sodass Verschlei\u00df und Abrieb nicht schwerwiegend sind; die Dichtleistung ist gut und die Lebensdauer ist lang.<\/li>\r\n<li>Gut konstruierte Geh\u00e4use minimieren Turbulenzen und Str\u00f6mungsverluste;<\/li>\r\n<li>Die R\u00fccksitzanordnung erm\u00f6glicht den Austausch der Packung, w\u00e4hrend sich das Ventil in vollst\u00e4ndig ge\u00f6ffneter Stellung befindet, und es ist mit zwei verschiedenen Scheibendesigns vom Typ \u201eEIN\/AUS\u201c und \u201eDurchflussregelung\u201c erh\u00e4ltlich;<\/li>\r\n<li>Um eine st\u00f6rungsfreie Leistung zu gew\u00e4hrleisten, werden die Sitzfl\u00e4chen pr\u00e4zise bearbeitet und perfekt gel\u00e4ppt.<\/li>\r\n<li>Optionale Verriegelungsvorrichtung oder Spindelverl\u00e4ngerung, druckdichte Haube;<\/li>\r\n<li>Optionale Direktmontage nach ISO 5211.<\/li>\r\n<\/ul>\r\n\r\n\r\n\r\n<h2 class=\"wp-block-heading\" id=\"h-product-range-of-cast-steel-globe-valves\">Produktpalette an Absperrventilen aus Stahlguss<\/h2>\r\n\r\n\r\n\r\n<ul class=\"wp-block-list\">\r\n<li><span style=\"background-color: var(--base-3); color: var(--contrast);\">Nenndurchmesser: 1\/2\u2033\uff5e24\u2033<\/span><\/li>\r\n<li>Druckbereich: Klasse 150\uff5e2500<\/li>\r\n<li>Endanschluss: Flansch (FF, RF, RTJ) nach internationalen Standards<\/li>\r\n<li>Arbeitstemperatur: -29 \u00b0C bis 425 \u00b0C.<\/li>\r\n<li>OS&amp;Y, Au\u00dfenschaft und Joch<\/li>\r\n<li>Metallisch versiegelt (API Trim # 1, #5, #8, #10 usw.)<\/li>\r\n<li>Port reduzieren<\/li>\r\n<li>Bedienung: Handrad, Getriebe, elektrischer Antrieb usw.<\/li>\r\n<li>Optionale Feststellvorrichtung oder Schaftverl\u00e4ngerung<\/li>\r\n<li>Optionale Direktmontage nach ISO 5211<\/li>\r\n<\/ul>\r\n\r\n\r\n\r\n<h2 class=\"wp-block-heading\" id=\"h-material-of-cast-steel-globe-valves\">Material der Absperrventile aus Stahlguss<\/h2>\r\n\r\n\r\n\r\n<figure class=\"wp-block-table is-style-stripes\">\r\n<table>\r\n<tbody>\r\n<tr>\r\n<td>Nein<\/td>\r\n<td>Teil<\/td>\r\n<td>Material<\/td>\r\n<\/tr>\r\n<tr>\r\n<td>1<\/td>\r\n<td>K\u00f6rper<\/td>\r\n<td>ASTM A216 WCB + 13Cr<\/td>\r\n<\/tr>\r\n<tr>\r\n<td>2<\/td>\r\n<td>Scheibe<\/td>\r\n<td>ASTM A105 + 13Cr<\/td>\r\n<\/tr>\r\n<tr>\r\n<td>3<\/td>\r\n<td>Vorbau<\/td>\r\n<td>ASTM A276 410<\/td>\r\n<\/tr>\r\n<tr>\r\n<td>4<\/td>\r\n<td>Dichtung der Motorhaube<\/td>\r\n<td>Graphit + SS304<\/td>\r\n<\/tr>\r\n<tr>\r\n<td>5<\/td>\r\n<td>Motorhaube<\/td>\r\n<td>ASTM A216 WCB<\/td>\r\n<\/tr>\r\n<tr>\r\n<td>6<\/td>\r\n<td>Motorhaubenbolzen<\/td>\r\n<td>ASTM A193 B7<\/td>\r\n<\/tr>\r\n<tr>\r\n<td>7<\/td>\r\n<td>Haubenmutter<\/td>\r\n<td>ASTM A194 2H<\/td>\r\n<\/tr>\r\n<tr>\r\n<td>8<\/td>\r\n<td>Spindelpackung<\/td>\r\n<td>Verst\u00e4rkter Graphit<\/td>\r\n<\/tr>\r\n<tr>\r\n<td>9<\/td>\r\n<td>Dr\u00fcse<\/td>\r\n<td>ASTM A276 410<\/td>\r\n<\/tr>\r\n<tr>\r\n<td>10<\/td>\r\n<td>Stopfbuchse Augenschraube<\/td>\r\n<td>ASTM A193 B7<\/td>\r\n<\/tr>\r\n<tr>\r\n<td>11<\/td>\r\n<td>Spindelmutter<\/td>\r\n<td>ASTM B148<\/td>\r\n<\/tr>\r\n<\/tbody>\r\n<\/table>\r\n<h2>Details zum Kauf eines Absperrventils aus Stahlguss<\/h2>\r\n<\/figure>\r\n\r\n\r\n\r\n<figure class=\"wp-block-table is-style-stripes\">\r\n<table>\r\n<tbody>\r\n<tr>\r\n<td>Durchgangsventil Hersteller<\/td>\r\n<td>ZECO<\/td>\r\n<\/tr>\r\n<tr>\r\n<td>Ventil Typ<\/td>\r\n<td>Stahlguss-Durchgangsventil<\/td>\r\n<\/tr>\r\n<tr>\r\n<td>Ventilmaterial<\/td>\r\n<td>Stahlguss usw.<\/td>\r\n<\/tr>\r\n<tr>\r\n<td>Ventiltest<\/td>\r\n<td>100% Menge vor Auslieferung getestet<\/td>\r\n<\/tr>\r\n<tr>\r\n<td>Ventilgarantie<\/td>\r\n<td>18 Monate ab Versanddatum ab Werk oder 12 Monate ab Installationsdatum der Ware.<\/td>\r\n<\/tr>\r\n<tr>\r\n<td>Ventillackierung<\/td>\r\n<td>Kundenanfrage<\/td>\r\n<\/tr>\r\n<tr>\r\n<td>Ventilpaket<\/td>\r\n<td>Holzkiste<\/td>\r\n<\/tr>\r\n<tr>\r\n<td>Mindestbestellmenge<\/td>\r\n<td>Keine Anforderung<\/td>\r\n<\/tr>\r\n<tr>\r\n<td>Ventilzertifikat<\/td>\r\n<td>API 623, BS1873, ASME B16.34 oder gleichwertig<\/td>\r\n<\/tr>\r\n<tr>\r\n<td>Lieferdetails<\/td>\r\n<td>Versand innerhalb von 4 oder 6 Wochen nach Zahlungseingang<\/td>\r\n<\/tr>\r\n<tr>\r\n<td>Hafen<\/td>\r\n<td>SCHANGHAI<\/td>\r\n<\/tr>\r\n<tr>\r\n<td>Zahlungsbedingungen<\/td>\r\n<td>L\/C, D\/A, D\/P, T\/T<\/td>\r\n<\/tr>\r\n<tr>\r\n<td>Zertifikat angeboten<\/td>\r\n<td>Packliste, Handelsrechnung, Pr\u00fcfberichte und Materialzertifikate, Qualit\u00e4ts- und Quantit\u00e4tszertifikat, Garantiezertifikat des Verk\u00e4ufers<\/td>\r\n<\/tr>\r\n<\/tbody>\r\n<\/table>\r\n<\/figure>","protected":false},"excerpt":{"rendered":"<p>Das Absperrventil aus Gussstahl von ZECO ist ein zwangsversiegeltes Ventil. Beim Schlie\u00dfen des Ventils muss auf die Scheibe Druck ausge\u00fcbt werden, um die Versiegelung zu erzwingen \u2026 <a title=\"Stahlguss-Durchgangsventil\" class=\"read-more\" href=\"https:\/\/zecovalve.com\/de\/produkt\/cast-steel-globe-valve\" aria-label=\"Mehr zu Cast Steel Globe Valve\">Weiterlesen ...<\/a><\/p>","protected":false},"featured_media":27904,"comment_status":"closed","ping_status":"closed","template":"","meta":{"_generate-full-width-content":"","kt_blocks_editor_width":""},"product_cat":[2049],"product_tag":[],"class_list":["post-16108","product","type-product","status-publish","has-post-thumbnail","hentry","product_cat-globe-valve","sales-flash-overlay","woocommerce-text-align-center","woocommerce-image-align-center","do-quantity-buttons"],"featured_image_src_large":["https:\/\/zecovalve.com\/wp-content\/uploads\/2022\/06\/Cast-Steel-Globe-Valve-1.jpg",800,600,false],"author_info":[],"comment_info":0,"taxonomy_info":{"product_cat":[{"value":2049,"label":"Globe Valve"}]},"yoast_head":"<!-- This site is optimized with the Yoast SEO Premium plugin v15.4 - https:\/\/yoast.com\/wordpress\/plugins\/seo\/ -->\n<title>Cast Steel Globe Valve - Globe Valve Manufacturer | ZECO Valve<\/title>\n<meta name=\"robots\" content=\"index, follow, max-snippet:-1, max-image-preview:large, max-video-preview:-1\" \/>\n<link rel=\"canonical\" href=\"https:\/\/zecovalve.com\/de\/produkt\/cast-steel-globe-valve\" \/>\n<meta property=\"og:locale\" content=\"de_DE\" \/>\n<meta property=\"og:type\" content=\"article\" \/>\n<meta property=\"og:title\" content=\"Cast Steel Globe Valve - Globe Valve Manufacturer | ZECO Valve\" \/>\n<meta property=\"og:description\" content=\"ZECO cast steel globe valve is forced sealed valve, valve closure, must be applied to the disc pressure to force the sealing ... Weiterlesen ...\" \/>\n<meta property=\"og:url\" content=\"https:\/\/zecovalve.com\/de\/produkt\/cast-steel-globe-valve\" \/>\n<meta property=\"og:site_name\" content=\"ZECO Valve\" \/>\n<meta property=\"article:modified_time\" content=\"2023-06-15T13:57:03+00:00\" \/>\n<meta property=\"og:image\" content=\"https:\/\/zecovalve.com\/wp-content\/uploads\/2022\/06\/Cast-Steel-Globe-Valve-1.jpg\" \/>\n\t<meta property=\"og:image:width\" content=\"800\" \/>\n\t<meta property=\"og:image:height\" content=\"600\" \/>\n<meta name=\"twitter:card\" content=\"summary_large_image\" \/>\n<meta name=\"twitter:label1\" content=\"Verfasst von\">\n\t<meta name=\"twitter:data1\" content=\"Jerry\">\n\t<meta name=\"twitter:label2\" content=\"Gesch\u00e4tzte Lesezeit\">\n\t<meta name=\"twitter:data2\" content=\"3\u00a0Minuten\">\n<script type=\"application\/ld+json\" class=\"yoast-schema-graph\">{\"@context\":\"https:\/\/schema.org\",\"@graph\":[{\"@type\":\"WebSite\",\"@id\":\"https:\/\/zecovalve.com\/#website\",\"url\":\"https:\/\/zecovalve.com\/\",\"name\":\"ZECO Valve\",\"description\":\"Industrial Ball Valve, Gate Valve and Globe Valve Manufacturer\",\"potentialAction\":[{\"@type\":\"SearchAction\",\"target\":\"https:\/\/zecovalve.com\/?s={search_term_string}\",\"query-input\":\"required name=search_term_string\"}],\"inLanguage\":\"de\"},{\"@type\":\"ImageObject\",\"@id\":\"https:\/\/zecovalve.com\/product\/cast-steel-globe-valve#primaryimage\",\"inLanguage\":\"de\",\"url\":\"https:\/\/zecovalve.com\/wp-content\/uploads\/2022\/06\/Cast-Steel-Globe-Valve-1.jpg\",\"width\":800,\"height\":600,\"caption\":\"Cast Steel Globe Valve\"},{\"@type\":\"WebPage\",\"@id\":\"https:\/\/zecovalve.com\/product\/cast-steel-globe-valve#webpage\",\"url\":\"https:\/\/zecovalve.com\/product\/cast-steel-globe-valve\",\"name\":\"Cast Steel Globe Valve - Globe Valve Manufacturer | ZECO Valve\",\"isPartOf\":{\"@id\":\"https:\/\/zecovalve.com\/#website\"},\"primaryImageOfPage\":{\"@id\":\"https:\/\/zecovalve.com\/product\/cast-steel-globe-valve#primaryimage\"},\"datePublished\":\"2022-06-19T03:52:47+00:00\",\"dateModified\":\"2023-06-15T13:57:03+00:00\",\"breadcrumb\":{\"@id\":\"https:\/\/zecovalve.com\/product\/cast-steel-globe-valve#breadcrumb\"},\"inLanguage\":\"de\",\"potentialAction\":[{\"@type\":\"ReadAction\",\"target\":[\"https:\/\/zecovalve.com\/product\/cast-steel-globe-valve\"]}]},{\"@type\":\"BreadcrumbList\",\"@id\":\"https:\/\/zecovalve.com\/product\/cast-steel-globe-valve#breadcrumb\",\"itemListElement\":[{\"@type\":\"ListItem\",\"position\":1,\"item\":{\"@type\":\"WebPage\",\"@id\":\"https:\/\/zecovalve.com\/\",\"url\":\"https:\/\/zecovalve.com\/\",\"name\":\"Home\"}},{\"@type\":\"ListItem\",\"position\":2,\"item\":{\"@type\":\"WebPage\",\"@id\":\"https:\/\/zecovalve.com\/product-category\",\"url\":\"https:\/\/zecovalve.com\/product-category\",\"name\":\"Industrial Valve Manufacturer | Water Valve Manufacturer\"}},{\"@type\":\"ListItem\",\"position\":3,\"item\":{\"@type\":\"WebPage\",\"@id\":\"https:\/\/zecovalve.com\/product\/cast-steel-globe-valve\",\"url\":\"https:\/\/zecovalve.com\/product\/cast-steel-globe-valve\",\"name\":\"Cast Steel Globe Valve\"}}]}]}<\/script>\n<!-- \/ Yoast SEO Premium plugin. -->","_links":{"self":[{"href":"https:\/\/zecovalve.com\/de\/wp-json\/wp\/v2\/product\/16108","targetHints":{"allow":["GET"]}}],"collection":[{"href":"https:\/\/zecovalve.com\/de\/wp-json\/wp\/v2\/product"}],"about":[{"href":"https:\/\/zecovalve.com\/de\/wp-json\/wp\/v2\/types\/product"}],"replies":[{"embeddable":true,"href":"https:\/\/zecovalve.com\/de\/wp-json\/wp\/v2\/comments?post=16108"}],"wp:featuredmedia":[{"embeddable":true,"href":"https:\/\/zecovalve.com\/de\/wp-json\/wp\/v2\/media\/27904"}],"wp:attachment":[{"href":"https:\/\/zecovalve.com\/de\/wp-json\/wp\/v2\/media?parent=16108"}],"wp:term":[{"taxonomy":"product_cat","embeddable":true,"href":"https:\/\/zecovalve.com\/de\/wp-json\/wp\/v2\/product_cat?post=16108"},{"taxonomy":"product_tag","embeddable":true,"href":"https:\/\/zecovalve.com\/de\/wp-json\/wp\/v2\/product_tag?post=16108"}],"curies":[{"name":"wp","href":"https:\/\/api.w.org\/{rel}","templated":true}]}}