{"id":16110,"date":"2022-06-19T03:54:59","date_gmt":"2022-06-19T03:54:59","guid":{"rendered":"https:\/\/zecovalve.com\/?post_type=product&#038;p=16110"},"modified":"2022-09-01T00:52:31","modified_gmt":"2022-09-01T00:52:31","slug":"double-offset-butterfly-valve","status":"publish","type":"product","link":"https:\/\/zecovalve.com\/de\/produkt\/double-offset-butterfly-valve","title":{"rendered":"Doppelt gekr\u00f6pfte Absperrklappe"},"content":{"rendered":"<p>Die Konstruktion der doppelt gekr\u00f6pften Absperrklappe bietet robuste Zuverl\u00e4ssigkeit und extrem einfache Wartung im Feld<\/p>\r\n\r\n\r\n\r\n<figure class=\"wp-block-image alignnone size-medium wp-image-16111\"><img loading=\"lazy\" decoding=\"async\" width=\"300\" height=\"225\" class=\"wp-image-16111\" src=\"https:\/\/zecovalve.com\/wp-content\/uploads\/2022\/06\/double-offset-butterfly-valve-300x225.jpg\" alt=\"Doppelt gekr\u00f6pfte Absperrklappe\" srcset=\"https:\/\/zecovalve.com\/wp-content\/uploads\/2022\/06\/double-offset-butterfly-valve-300x225.jpg 300w, https:\/\/zecovalve.com\/wp-content\/uploads\/2022\/06\/double-offset-butterfly-valve-768x576.jpg 768w, https:\/\/zecovalve.com\/wp-content\/uploads\/2022\/06\/double-offset-butterfly-valve-600x450.jpg 600w, https:\/\/zecovalve.com\/wp-content\/uploads\/2022\/06\/double-offset-butterfly-valve.jpg 800w\" sizes=\"auto, (max-width: 300px) 100vw, 300px\" \/><\/figure>\r\n\r\n\r\n<div class=\"gb-button-wrapper gb-button-wrapper-6d8495a3\">\r\n\r\n\r\n<p><a class=\"gb-button gb-button-3d442e11 gb-button-text\" href=\"mailto:commercial@zecovalve.com\" target=\"_blank\" rel=\"noopener noreferrer\"><strong>DOPPELT GEKR\u00d6PFTE ABSPERRKLAPPE PREIS ERHALTEN<\/strong><\/a><\/p>\r\n<\/div>\r\n\r\n\r\n\r\n\r\n<h2 class=\"wp-block-heading\" id=\"h-what-is-a-double-offset-butterfly-valve\">Was ist eine doppelt gekr\u00f6pfte Absperrklappe?<\/h2>\r\n\r\n\r\n\r\n<p>Die doppelt gekr\u00f6pfte Absperrklappe ist im Volksmund als Hochleistungsklappe bekannt und weist zwei Kr\u00f6pfungen zur Mitte des Ventilk\u00f6rpers auf:<\/p>\r\n\r\n\r\n\r\n<ul class=\"wp-block-list\">\r\n<li>Die Wellenachse ist gegen\u00fcber der Mittellinie des Sitzes der Scheibe und der Geh\u00e4usedichtung versetzt<\/li>\r\n<li>Die Achse der Welle ist exzentrisch zur Mittellinie der Rohrleitung\/des Ventils.<\/li>\r\n<\/ul>\r\n\r\n\r\n\r\n<p>Die Stellung der Klappenscheibe in einer doppelt gekr\u00f6pften Absperrklappe bewirkt bei der Bet\u00e4tigung der Klappe eine Nockenwirkung. Der Sitz wird von der Dichtung abgehoben, was dazu f\u00fchrt, dass auf den ersten 10\u00b0 und den letzten 10\u00b0 des \u00d6ffnungs- und Schlie\u00dfvorgangs Reibung auftritt.<\/p>\r\n\r\n\r\n\r\n<h2 class=\"wp-block-heading\">Wie funktionieren doppelt gekr\u00f6pfte Absperrklappen?<\/h2>\r\n\r\n\r\n\r\n<p>Die Bewegung einer doppelt gekr\u00f6pften Absperrklappe folgt einem konischen Profil beim Abdichten der Klappe. Die Anordnung des Versatzes von Klappenscheibe und Welle erzeugt eine Nockenbewegung der Klappenscheibe in den Sitz, wodurch das zum Schlie\u00dfen oder \u00d6ffnen der Klappe erforderliche Drehmoment reduziert wird.<\/p>\r\n\r\n\r\n\r\n<p>Diese versetzte Geometrie erm\u00f6glicht auch, dass die 90\u00b0-Drehung der Klappenscheibe nur auf den ersten 1\u00b0 bis 3\u00b0 der Drehung mit dem Sitz in Kontakt kommt. Au\u00dferdem minimiert die Konstruktion der doppelt gekr\u00f6pften Absperrklappen den Verschlei\u00df an den Ber\u00fchrungspunkten von Sitz und Klappenscheibe, der bei herk\u00f6mmlichen Absperrklappen auftritt.<\/p>\r\n\r\n\r\n\r\n<p>Beim \u00d6ffnen der Klappe sind die oberen und unteren Enden der Klappenscheibe nicht mehr so m\u00fchsam wie bei der Zentralklappe, aber die Reibung mit dem Sitz besteht weiterhin. Das verbesserte Merkmal der doppelt exzentrischen Absperrklappe ist, dass die Spindelachse von der Mitte der Scheibe und der Mitte der Spindel selbst abweicht, genau wie bei der einfach exzentrischen Absperrklappe. Durch diese Struktur kann die Scheibe sofort nach dem \u00d6ffnen des Ventils aus dem Sitz austreten, und es entsteht keine Reibung zwischen der Scheibe und dem Sitz, nachdem die einfache exzentrische Absperrklappe ge\u00f6ffnet wurde.<\/p>\r\n\r\n\r\n\r\n<h2 class=\"wp-block-heading\">Typen von doppelt gekr\u00f6pften Absperrklappen nach Anschlussart<\/h2>\r\n\r\n\r\n\r\n<h3 class=\"wp-block-heading\">Doppelt gekr\u00f6pfte Absperrklappe mit Zwischenflansch<\/h3>\r\n\r\n\r\n\r\n<p>Die Zwischenflanschklappe der doppelt gekr\u00f6pften Absperrklappen ist so konstruiert, dass sie eine starke Dichtung bietet, gegen Druckunterschiede in beiden Richtungen sch\u00fctzt und einen R\u00fcckfluss in Ger\u00e4ten verhindert, die f\u00fcr einen unidirektionalen Durchfluss gebaut wurden. Dies wird durch die Verwendung eines fest sitzenden Dichtungsmaterials, wie z. B. eines O-Rings oder einer Dichtung, erreicht, die zusammen mit einer glatten Ventilfl\u00e4che auf dem stromabw\u00e4rts und stromaufw\u00e4rts gelegenen Teil des Ventils pr\u00e4zise bearbeitet werden.<\/p>\r\n\r\n\r\n\r\n<h3 class=\"wp-block-heading\">Doppelt gekr\u00f6pfte Absperrklappe Typ Lug<\/h3>\r\n\r\n\r\n\r\n<p>Bei der Ausf\u00fchrung mit Ansatzgeh\u00e4use der doppelt gekr\u00f6pften Absperrklappe kann ein Ende der Rohrleitung entfernt werden, ohne die andere Seite der Klappe zu beeintr\u00e4chtigen. Dies kann durch Gewindeeins\u00e4tze, Flansche und zwei S\u00e4tze von Laschen (Bolzen) erreicht werden, die keine Muttern verwenden, so dass jeder Flansch seine Bolzen hat. Bei einem Anschluss des Typs \"Lug\" muss nicht die gesamte Anlage abgeschaltet werden, um die Absperrklappe mit Lasche zu inspizieren, zu reinigen, zu reparieren oder zu ersetzen.<\/p>\r\n\r\n\r\n\r\n<h3 class=\"wp-block-heading\">Geflanschte doppelt gekr\u00f6pfte Absperrklappe<\/h3>\r\n\r\n\r\n\r\n<p>Die geflanschte, doppelt gekr\u00f6pfte Absperrklappe hat an beiden Enden der Armatur einen Flansch, der an Rohrleitungsflansche angeschlossen wird. Diese Art der Endverbindung wird f\u00fcr die sehr gro\u00dfen Abmessungen der Absperrklappe verwendet.<\/p>\r\n\r\n\r\n\r\n<h3 class=\"wp-block-heading\">Doppelt gekr\u00f6pfte Absperrklappe mit geschwei\u00dftem Ende<\/h3>\r\n\r\n\r\n\r\n<p>Die doppelt gekr\u00f6pfte Absperrklappe mit geschwei\u00dftem Ende wird verwendet, wenn das System unter sehr hohem Druck steht. Diese Typen werden im Allgemeinen f\u00fcr kleine Absperrklappen verwendet.<\/p>\r\n\r\n\r\n\r\n<h2 class=\"wp-block-heading\">Anwendungen von doppelt exzentrischen Absperrklappen<\/h2>\r\n\r\n\r\n\r\n<p>Die doppelt gekr\u00f6pfte Absperrklappe wird im Allgemeinen in:<\/p>\r\n\r\n\r\n\r\n<ul class=\"wp-block-list\">\r\n<li>Stromerzeugung<\/li>\r\n<li>Zellstoff und Papier<\/li>\r\n<li>HVAC<\/li>\r\n<li>Chemisch<\/li>\r\n<li>\u00d6l und Gas<\/li>\r\n<li>Wasser- und Abwasseraufbereitung<\/li>\r\n<li>Schiffbau<\/li>\r\n<\/ul>\r\n\r\n\r\n\r\n<h2 class=\"wp-block-heading\">Merkmale der doppelt exzentrischen Absperrklappe:<\/h2>\r\n\r\n\r\n\r\n<ul class=\"wp-block-list\">\r\n<li>Die Anordnung von Welle und Klappenscheibe der ZECO-Doppelexzenterklappe erm\u00f6glicht eine Nockenwirkung auf die Klappenscheibe, die sich bei minimaler Drehung vom Sitz l\u00f6st. Diese Konstruktion minimiert die bei herk\u00f6mmlichen Absperrklappen \u00fcblichen War-Points am oberen und unteren Ende des Sitzes;<\/li>\r\n<li>Die ZECO-Absperrklappe mit doppeltem Offset hat zwei Offsets. Der erste Versatz besteht darin, dass die Welle stromabw\u00e4rts von der Mittellinie des Sitzes positioniert ist. Der zweite Versatz besteht darin, dass die Welle nicht in der Mitte der vertikalen Achse des Sitzes liegt;<\/li>\r\n<li>ZECOs doppelt gekr\u00f6pfte Absperrklappe kann mit einem Gummi-, PTFE- oder feuersicheren PTFE-Sitz ausgestattet werden;<\/li>\r\n<li>Der feuersichere Sitz der ZECO-Doppelexzenter-Absperrklappe mit Doppeldichtung umfasst einen prim\u00e4ren PTFE-Sitzeinsatz und einen Metallsitz. Sollte der PTFE-Einsatz zerst\u00f6rt werden, sorgt der sekund\u00e4re Metallsitz f\u00fcr eine wirksame Absperrung.<\/li>\r\n<\/ul>\r\n\r\n\r\n\r\n<h2 class=\"wp-block-heading\" id=\"h-material-of-double-offset-butterfly-valve\">Material der doppelt exzentrischen Absperrklappe:<\/h2>\r\n\r\n\r\n\r\n<figure class=\"wp-block-table is-style-stripes\">\r\n<table>\r\n<tbody>\r\n<tr>\r\n<td>Nein<\/td>\r\n<td>Teil<\/td>\r\n<td>Material<\/td>\r\n<\/tr>\r\n<tr>\r\n<td>1<\/td>\r\n<td>K\u00f6rper<\/td>\r\n<td>ASTM A351 CF8<\/td>\r\n<\/tr>\r\n<tr>\r\n<td>2<\/td>\r\n<td>Dichtungsring<\/td>\r\n<td>PTFE<\/td>\r\n<\/tr>\r\n<tr>\r\n<td>3<\/td>\r\n<td>Halteflansch<\/td>\r\n<td>ASTM A182 F304<\/td>\r\n<\/tr>\r\n<tr>\r\n<td>4<\/td>\r\n<td>Stift<\/td>\r\n<td>ASTM A276 304<\/td>\r\n<\/tr>\r\n<tr>\r\n<td>5<\/td>\r\n<td>Scheibe<\/td>\r\n<td>ASTM A351 CF8<\/td>\r\n<\/tr>\r\n<tr>\r\n<td>6<\/td>\r\n<td>Vorbau<\/td>\r\n<td>ASTM A276 304<\/td>\r\n<\/tr>\r\n<tr>\r\n<td>7<\/td>\r\n<td>Spindelpackung<\/td>\r\n<td>PTFE<\/td>\r\n<\/tr>\r\n<tr>\r\n<td>8<\/td>\r\n<td>Vorbauklopfen<\/td>\r\n<td>SS304 + PTFE<\/td>\r\n<\/tr>\r\n<tr>\r\n<td>9<\/td>\r\n<td>Schraube<\/td>\r\n<td>ASTM A193 B8<\/td>\r\n<\/tr>\r\n<tr>\r\n<td>10<\/td>\r\n<td>Nuss<\/td>\r\n<td>ASTM A194 8<\/td>\r\n<\/tr>\r\n<tr>\r\n<td>11<\/td>\r\n<td>Joch<\/td>\r\n<td>ASTM A351 CF8<\/td>\r\n<\/tr>\r\n<\/tbody>\r\n<\/table>\r\n<\/figure>\r\n\r\n\r\n\r\n<p>ZECO Valve ist ein Hersteller, der sich auf die Produktion von Absperrklappen f\u00fcr hohe Temperaturen spezialisiert hat. Die doppelt exzentrische Absperrklappe mit RPTFE-Sitz eignet sich besser f\u00fcr 230\u2103-Bedingungen, was zur Anwendung von doppelt exzentrischen Absperrklappen im Hochtemperaturbereich beigetragen hat.<\/p>","protected":false},"excerpt":{"rendered":"<p>Das Design des doppelt versetzten Absperrventils bietet robuste Zuverl\u00e4ssigkeit und eine \u00e4u\u00dferst einfache Wartung vor Ort. Was ist ein doppelt versetztes Absperrventil \u2026 <a title=\"Doppelt gekr\u00f6pfte Absperrklappe\" class=\"read-more\" href=\"https:\/\/zecovalve.com\/de\/produkt\/double-offset-butterfly-valve\" aria-label=\"Mehr zu Doppelt versetzte Absperrklappe\">Weiterlesen ...<\/a><\/p>","protected":false},"featured_media":16111,"comment_status":"closed","ping_status":"closed","template":"","meta":{"_generate-full-width-content":"","kt_blocks_editor_width":""},"product_cat":[2044,2467],"product_tag":[],"class_list":["post-16110","product","type-product","status-publish","has-post-thumbnail","hentry","product_cat-butterfly-valve","product_cat-butterfly-valve-by-form","sales-flash-overlay","woocommerce-text-align-center","woocommerce-image-align-center","do-quantity-buttons"],"featured_image_src_large":["https:\/\/zecovalve.com\/wp-content\/uploads\/2022\/06\/double-offset-butterfly-valve.jpg",800,600,false],"author_info":[],"comment_info":0,"taxonomy_info":{"product_cat":[{"value":2044,"label":"Butterfly Valve"},{"value":2467,"label":"Butterfly Valve By Form"}]},"yoast_head":"<!-- This site is optimized with the Yoast SEO Premium plugin v15.4 - https:\/\/yoast.com\/wordpress\/plugins\/seo\/ -->\n<title>Double Offset Butterfly Valve - Double Eccentric Butterfly Valve | ZECO Valve<\/title>\n<meta name=\"robots\" content=\"index, follow, max-snippet:-1, max-image-preview:large, max-video-preview:-1\" \/>\n<link rel=\"canonical\" href=\"https:\/\/zecovalve.com\/de\/produkt\/double-offset-butterfly-valve\" \/>\n<meta property=\"og:locale\" content=\"de_DE\" \/>\n<meta property=\"og:type\" content=\"article\" \/>\n<meta property=\"og:title\" content=\"Double Offset Butterfly Valve - Double Eccentric Butterfly Valve | ZECO Valve\" \/>\n<meta property=\"og:description\" content=\"Double Offset Butterfly Valve is design offers rugged reliability and extremely easy maintenance in the field What is a Double Offset Butterfly ... Weiterlesen ...\" \/>\n<meta property=\"og:url\" content=\"https:\/\/zecovalve.com\/de\/produkt\/double-offset-butterfly-valve\" \/>\n<meta property=\"og:site_name\" content=\"ZECO Valve\" \/>\n<meta property=\"article:modified_time\" content=\"2022-09-01T00:52:31+00:00\" \/>\n<meta property=\"og:image\" content=\"https:\/\/zecovalve.com\/wp-content\/uploads\/2022\/06\/double-offset-butterfly-valve.jpg\" \/>\n\t<meta property=\"og:image:width\" content=\"800\" \/>\n\t<meta property=\"og:image:height\" content=\"600\" \/>\n<meta name=\"twitter:card\" content=\"summary_large_image\" \/>\n<meta name=\"twitter:label1\" content=\"Verfasst von\">\n\t<meta name=\"twitter:data1\" content=\"Jerry\">\n\t<meta name=\"twitter:label2\" content=\"Gesch\u00e4tzte Lesezeit\">\n\t<meta name=\"twitter:data2\" content=\"3\u00a0Minuten\">\n<script type=\"application\/ld+json\" class=\"yoast-schema-graph\">{\"@context\":\"https:\/\/schema.org\",\"@graph\":[{\"@type\":\"WebSite\",\"@id\":\"https:\/\/zecovalve.com\/#website\",\"url\":\"https:\/\/zecovalve.com\/\",\"name\":\"ZECO Valve\",\"description\":\"Industrial Ball Valve, Gate Valve and Globe Valve Manufacturer\",\"potentialAction\":[{\"@type\":\"SearchAction\",\"target\":\"https:\/\/zecovalve.com\/?s={search_term_string}\",\"query-input\":\"required name=search_term_string\"}],\"inLanguage\":\"de\"},{\"@type\":\"ImageObject\",\"@id\":\"https:\/\/zecovalve.com\/product\/double-offset-butterfly-valve#primaryimage\",\"inLanguage\":\"de\",\"url\":\"https:\/\/zecovalve.com\/wp-content\/uploads\/2022\/06\/double-offset-butterfly-valve.jpg\",\"width\":800,\"height\":600,\"caption\":\"Double Offset Butterfly Valve\"},{\"@type\":\"WebPage\",\"@id\":\"https:\/\/zecovalve.com\/product\/double-offset-butterfly-valve#webpage\",\"url\":\"https:\/\/zecovalve.com\/product\/double-offset-butterfly-valve\",\"name\":\"Double Offset Butterfly Valve - Double Eccentric Butterfly Valve | ZECO Valve\",\"isPartOf\":{\"@id\":\"https:\/\/zecovalve.com\/#website\"},\"primaryImageOfPage\":{\"@id\":\"https:\/\/zecovalve.com\/product\/double-offset-butterfly-valve#primaryimage\"},\"datePublished\":\"2022-06-19T03:54:59+00:00\",\"dateModified\":\"2022-09-01T00:52:31+00:00\",\"breadcrumb\":{\"@id\":\"https:\/\/zecovalve.com\/product\/double-offset-butterfly-valve#breadcrumb\"},\"inLanguage\":\"de\",\"potentialAction\":[{\"@type\":\"ReadAction\",\"target\":[\"https:\/\/zecovalve.com\/product\/double-offset-butterfly-valve\"]}]},{\"@type\":\"BreadcrumbList\",\"@id\":\"https:\/\/zecovalve.com\/product\/double-offset-butterfly-valve#breadcrumb\",\"itemListElement\":[{\"@type\":\"ListItem\",\"position\":1,\"item\":{\"@type\":\"WebPage\",\"@id\":\"https:\/\/zecovalve.com\/\",\"url\":\"https:\/\/zecovalve.com\/\",\"name\":\"Home\"}},{\"@type\":\"ListItem\",\"position\":2,\"item\":{\"@type\":\"WebPage\",\"@id\":\"https:\/\/zecovalve.com\/product-category\",\"url\":\"https:\/\/zecovalve.com\/product-category\",\"name\":\"Industrial Valve Manufacturer | Water Valve Manufacturer\"}},{\"@type\":\"ListItem\",\"position\":3,\"item\":{\"@type\":\"WebPage\",\"@id\":\"https:\/\/zecovalve.com\/product\/double-offset-butterfly-valve\",\"url\":\"https:\/\/zecovalve.com\/product\/double-offset-butterfly-valve\",\"name\":\"Double Offset Butterfly Valve\"}}]}]}<\/script>\n<!-- \/ Yoast SEO Premium plugin. -->","_links":{"self":[{"href":"https:\/\/zecovalve.com\/de\/wp-json\/wp\/v2\/product\/16110","targetHints":{"allow":["GET"]}}],"collection":[{"href":"https:\/\/zecovalve.com\/de\/wp-json\/wp\/v2\/product"}],"about":[{"href":"https:\/\/zecovalve.com\/de\/wp-json\/wp\/v2\/types\/product"}],"replies":[{"embeddable":true,"href":"https:\/\/zecovalve.com\/de\/wp-json\/wp\/v2\/comments?post=16110"}],"wp:featuredmedia":[{"embeddable":true,"href":"https:\/\/zecovalve.com\/de\/wp-json\/wp\/v2\/media\/16111"}],"wp:attachment":[{"href":"https:\/\/zecovalve.com\/de\/wp-json\/wp\/v2\/media?parent=16110"}],"wp:term":[{"taxonomy":"product_cat","embeddable":true,"href":"https:\/\/zecovalve.com\/de\/wp-json\/wp\/v2\/product_cat?post=16110"},{"taxonomy":"product_tag","embeddable":true,"href":"https:\/\/zecovalve.com\/de\/wp-json\/wp\/v2\/product_tag?post=16110"}],"curies":[{"name":"wp","href":"https:\/\/api.w.org\/{rel}","templated":true}]}}