{"id":16112,"date":"2022-06-19T03:57:44","date_gmt":"2022-06-19T03:57:44","guid":{"rendered":"https:\/\/zecovalve.com\/?post_type=product&#038;p=16112"},"modified":"2023-06-15T12:44:16","modified_gmt":"2023-06-15T12:44:16","slug":"cryogenic-gate-valve","status":"publish","type":"product","link":"https:\/\/zecovalve.com\/de\/produkt\/cryogenic-gate-valve","title":{"rendered":"Kryogenes Schieberventil"},"content":{"rendered":"<p>Kryogene Schieber sind an spezielle Betriebsbedingungen angepasst und f\u00fcr einen effektiven Betrieb bei Temperaturen unter -40 \u00b0C ausgelegt. Sie werden haupts\u00e4chlich in Gasverfl\u00fcssigungssystemen eingesetzt.<\/p>\r\n\r\n\r\n\r\n<figure class=\"wp-block-image alignnone size-medium wp-image-16113\">\r\n<p><img loading=\"lazy\" decoding=\"async\" class=\"wp-image-27885 size-medium\" src=\"https:\/\/zecovalve.com\/wp-content\/uploads\/2022\/06\/Cryogenic-Gate-Valve-1-300x225.jpg\" alt=\"Kryogenes Schieberventil\" width=\"300\" height=\"225\" srcset=\"https:\/\/zecovalve.com\/wp-content\/uploads\/2022\/06\/Cryogenic-Gate-Valve-1-300x225.jpg 300w, https:\/\/zecovalve.com\/wp-content\/uploads\/2022\/06\/Cryogenic-Gate-Valve-1-768x576.jpg 768w, https:\/\/zecovalve.com\/wp-content\/uploads\/2022\/06\/Cryogenic-Gate-Valve-1-600x450.jpg 600w, https:\/\/zecovalve.com\/wp-content\/uploads\/2022\/06\/Cryogenic-Gate-Valve-1.jpg 800w\" sizes=\"auto, (max-width: 300px) 100vw, 300px\" \/><\/p>\r\n<\/figure>\r\n\r\n\r\n<div class=\"gb-button-wrapper gb-button-wrapper-6d8495a3\">\r\n\r\n\r\n<p><a class=\"gb-button gb-button-3d442e11 gb-button-text\" href=\"https:\/\/zecovalve.com\/de\/contact\/\" target=\"_blank\" rel=\"noopener noreferrer\"><strong>PREIS F\u00dcR KRYOGENE SCHIEBERVENTILE ERHALTEN<\/strong><\/a><\/p>\r\n<\/div>\r\n\r\n\r\n\r\n\r\n<h2 class=\"wp-block-heading\">Was ist ein kryogenes Ventil?<\/h2>\r\n\r\n\r\n\r\n<p>Rohrleitungssysteme, die fl\u00fcssigen Wasserstoff, Sauerstoff, Helium, Stickstoff, verfl\u00fcssigtes Erdgas oder \u00e4hnliche sehr kalte Fl\u00fcssigkeiten handhaben, erfordern den Einsatz von kryogenen Ventilen. Der Begriff Kryotechnik bezieht sich auf Materialien und Prozesse unter -1010 \u00b0C (-2390 \u00b0F). Daher m\u00fcssen kryogene Ventile so konstruiert sein, dass sie mit derart niedrigen Temperaturen zurechtkommen. Der Hauptunterschied zwischen kryogenen Ventilen und Standardventilen besteht darin, dass sie bei derart niedrigen Temperaturen und hohem Druck arbeiten k\u00f6nnen.<\/p>\r\n\r\n\r\n\r\n<h2 class=\"wp-block-heading\">Warum haben kryogene Ventile lange Sch\u00e4fte?<\/h2>\r\n\r\n\r\n\r\n<p>Alle kryogenen Ventile f\u00fcr Anwendungen mit fl\u00fcssigem Erdgas, Methan, Sauerstoff, Ammoniak usw. sind speziell konstruiert. Kryogene Ventile haben normalerweise verl\u00e4ngerte Ventildeckel, sodass die Ventilschaftdichtungen von der K\u00e4ltequelle ferngehalten werden. Dies dient zwei wichtigen Zwecken:<\/p>\r\n\r\n\r\n\r\n<ul class=\"wp-block-list\">\r\n<li>Die Ventilschaftdichtungen werden einer relativ h\u00f6heren Temperatur ausgesetzt.<\/li>\r\n<li>Es ist ausreichend Platz vorhanden, um zwischen der Rohrleitung und dem Hebel\/Handrad zum Bedienen des Ventils eine Isolierung vorzusehen.<\/li>\r\n<\/ul>\r\n\r\n\r\n\r\n<h2 class=\"wp-block-heading\">Werkstoffe f\u00fcr Kryoventile<\/h2>\r\n\r\n\r\n\r\n<p>\u00dcbliche Materialien, die zum Bau eines Kryoventils verwendet werden, sind Aluminium, Monel, Messing, Bronze, Edelstahl, Incoly, Zirkonium usw. Als Dichtungsmaterial wird normalerweise PTFE oder Graphit verwendet.<\/p>\r\n\r\n\r\n\r\n<h2 class=\"wp-block-heading\" id=\"h-what-is-a-cryogenic-gate-valve\">Was ist ein kryogenes Absperrventil?<\/h2>\r\n\r\n\r\n\r\n<p>Mit ZECO Tieftemperatur-Schieberventilen ist der Durchfluss drei- bis f\u00fcnfmal h\u00f6her als bei Absperrventilen vergleichbarer Gr\u00f6\u00dfe. Dies beschleunigt das Bef\u00fcllen von Tanks und Trailern und spart wertvolle Zeit bei der Lieferung tiefkalt verfl\u00fcssigter Gase.<\/p>\r\n\r\n\r\n\r\n<p>Die kryogenen Schieber sind in den Gr\u00f6\u00dfen 1\u2033 bis 24\u2033 erh\u00e4ltlich und sichern Dr\u00fccke bis zu 1500 LB bei Betriebstemperaturen von -196 \u00b0C bis +120 \u00b0C. Die Schieber sind aus rostfreiem Stahl gefertigt.<\/p>\r\n\r\n\r\n\r\n<h2 class=\"wp-block-heading\" id=\"h-features-of-cryogenic-gate-valve\">Merkmale des kryogenen Schieberventils:<\/h2>\r\n\r\n\r\n\r\n<p>Alle grundlegenden Konstruktionsmerkmale der ZECO-Stahlguss-Schieber sind an die besonderen Betriebsbedingungen bei kryogenen Temperaturen angepasst.<\/p>\r\n\r\n\r\n\r\n<p>ZUS\u00c4TZLICHE DESIGNMERKMALE:<\/p>\r\n\r\n\r\n\r\n<ul class=\"wp-block-list\">\r\n<li>F\u00fcr alle Ventile werden verl\u00e4ngerte Hauben mit ausreichender Gass\u00e4ulenl\u00e4nge (normalerweise vom Kunden angegeben) mitgeliefert, um die Schaftdichtung in ausreichendem Abstand von der kalten Fl\u00fcssigkeit zu halten, damit die Funktionsf\u00e4higkeit erhalten bleibt.<\/li>\r\n<li>Flexible Keile mit Sitzfl\u00e4chen aus CoCr-Legierung f\u00fcr den Tieftemperatureinsatz.<\/li>\r\n<li>Reinigung: Alle Kryoventile werden gr\u00fcndlich entfettet und gereinigt und die Rohrenden werden versiegelt, um Verunreinigungen zu verhindern.<\/li>\r\n<li>Emissionsarme Verpackung<\/li>\r\n<li>Entl\u00fcftungsloch zwischen Vor- und R\u00fccksitz, um einen Druckanstieg in der K\u00f6rperh\u00f6hle zu verhindern.<\/li>\r\n<li>Verhindern Sie eine instabile Stammstruktur<\/li>\r\n<\/ul>\r\n\r\n\r\n\r\n<h2 class=\"wp-block-heading\" id=\"h-material-of-cryogenic-gate-valve\">Material des kryogenen Schieberventils:<\/h2>\r\n\r\n\r\n\r\n<figure class=\"wp-block-table is-style-stripes\">\r\n<table>\r\n<tbody>\r\n<tr>\r\n<td>Nein<\/td>\r\n<td>Teil<\/td>\r\n<td>Material<\/td>\r\n<\/tr>\r\n<tr>\r\n<td>1<\/td>\r\n<td>K\u00f6rper<\/td>\r\n<td>ASTM A350 LF3<\/td>\r\n<\/tr>\r\n<tr>\r\n<td>2<\/td>\r\n<td>Sitzring<\/td>\r\n<td>ASTM A276 410 + STL<\/td>\r\n<\/tr>\r\n<tr>\r\n<td>3<\/td>\r\n<td>Keil<\/td>\r\n<td>ASTM A350 LF3 + STL<\/td>\r\n<\/tr>\r\n<tr>\r\n<td>4<\/td>\r\n<td>Vorbau<\/td>\r\n<td>ASTM A182 F6<\/td>\r\n<\/tr>\r\n<tr>\r\n<td>5<\/td>\r\n<td>Dichtung der Motorhaube<\/td>\r\n<td>Graphit + SS316<\/td>\r\n<\/tr>\r\n<tr>\r\n<td>6<\/td>\r\n<td>Motorhaubenbolzen<\/td>\r\n<td>ASTM A193 B16<\/td>\r\n<\/tr>\r\n<tr>\r\n<td>7<\/td>\r\n<td>Haubenmutter<\/td>\r\n<td>ASTM A194 4<\/td>\r\n<\/tr>\r\n<tr>\r\n<td>8<\/td>\r\n<td>Motorhaube<\/td>\r\n<td>ASTM A350 LF3<\/td>\r\n<\/tr>\r\n<tr>\r\n<td>9<\/td>\r\n<td>R\u00fccksitz<\/td>\r\n<td>ASTM A182 410<\/td>\r\n<\/tr>\r\n<tr>\r\n<td>10<\/td>\r\n<td>Spindelpackung<\/td>\r\n<td>Verst\u00e4rkter Graphit<\/td>\r\n<\/tr>\r\n<tr>\r\n<td>11<\/td>\r\n<td>Handrad<\/td>\r\n<td>KTH330-08<\/td>\r\n<\/tr>\r\n<\/tbody>\r\n<\/table>\r\n<\/figure>","protected":false},"excerpt":{"rendered":"<p>Kryogene Schieber sind an spezielle Betriebsbedingungen angepasst und f\u00fcr einen effektiven Betrieb bei Temperaturen unter -40\u00baC ausgelegt. Sie werden haupts\u00e4chlich in \u2026 eingesetzt. <a title=\"Kryogenes Schieberventil\" class=\"read-more\" href=\"https:\/\/zecovalve.com\/de\/produkt\/cryogenic-gate-valve\" aria-label=\"Mehr zu Cryogenic Gate Valve\">Weiterlesen ...<\/a><\/p>","protected":false},"featured_media":27885,"comment_status":"closed","ping_status":"closed","template":"","meta":{"_generate-full-width-content":"","kt_blocks_editor_width":""},"product_cat":[2052,2454],"product_tag":[2798],"class_list":["post-16112","product","type-product","status-publish","has-post-thumbnail","hentry","product_cat-gate-valve","product_cat-gate-valve-by-material","product_tag-osy-valve","sales-flash-overlay","woocommerce-text-align-center","woocommerce-image-align-center","do-quantity-buttons"],"featured_image_src_large":["https:\/\/zecovalve.com\/wp-content\/uploads\/2022\/06\/Cryogenic-Gate-Valve-1.jpg",800,600,false],"author_info":[],"comment_info":0,"taxonomy_info":{"product_cat":[{"value":2052,"label":"Gate Valve"},{"value":2454,"label":"Gate Valve By Material"}],"product_tag":[{"value":2798,"label":"OS&amp;Y Valve"}]},"yoast_head":"<!-- This site is optimized with the Yoast SEO Premium plugin v15.4 - https:\/\/yoast.com\/wordpress\/plugins\/seo\/ -->\n<title>Cryogenic Gate Valve - Cryogenic Valve Manufacturer | ZECO Valve<\/title>\n<meta name=\"robots\" content=\"index, follow, max-snippet:-1, max-image-preview:large, max-video-preview:-1\" \/>\n<link rel=\"canonical\" href=\"https:\/\/zecovalve.com\/de\/produkt\/cryogenic-gate-valve\" \/>\n<meta property=\"og:locale\" content=\"de_DE\" \/>\n<meta property=\"og:type\" content=\"article\" \/>\n<meta property=\"og:title\" content=\"Cryogenic Gate Valve - Cryogenic Valve Manufacturer | ZECO Valve\" \/>\n<meta property=\"og:description\" content=\"Cryogenic gate valves are adapted to special conditions of service, being designed to operate effectively at temperatures below -40\u00baC, mainly used in ... Weiterlesen ...\" \/>\n<meta property=\"og:url\" content=\"https:\/\/zecovalve.com\/de\/produkt\/cryogenic-gate-valve\" \/>\n<meta property=\"og:site_name\" content=\"ZECO Valve\" \/>\n<meta property=\"article:modified_time\" content=\"2023-06-15T12:44:16+00:00\" \/>\n<meta property=\"og:image\" content=\"https:\/\/zecovalve.com\/wp-content\/uploads\/2022\/06\/Cryogenic-Gate-Valve-1.jpg\" \/>\n\t<meta property=\"og:image:width\" content=\"800\" \/>\n\t<meta property=\"og:image:height\" content=\"600\" \/>\n<meta name=\"twitter:card\" content=\"summary_large_image\" \/>\n<meta name=\"twitter:label1\" content=\"Verfasst von\">\n\t<meta name=\"twitter:data1\" content=\"Jerry\">\n\t<meta name=\"twitter:label2\" content=\"Gesch\u00e4tzte Lesezeit\">\n\t<meta name=\"twitter:data2\" content=\"2\u00a0Minuten\">\n<script type=\"application\/ld+json\" class=\"yoast-schema-graph\">{\"@context\":\"https:\/\/schema.org\",\"@graph\":[{\"@type\":\"WebSite\",\"@id\":\"https:\/\/zecovalve.com\/#website\",\"url\":\"https:\/\/zecovalve.com\/\",\"name\":\"ZECO Valve\",\"description\":\"Industrial Ball Valve, Gate Valve and Globe Valve Manufacturer\",\"potentialAction\":[{\"@type\":\"SearchAction\",\"target\":\"https:\/\/zecovalve.com\/?s={search_term_string}\",\"query-input\":\"required name=search_term_string\"}],\"inLanguage\":\"de\"},{\"@type\":\"ImageObject\",\"@id\":\"https:\/\/zecovalve.com\/product\/cryogenic-gate-valve#primaryimage\",\"inLanguage\":\"de\",\"url\":\"https:\/\/zecovalve.com\/wp-content\/uploads\/2022\/06\/Cryogenic-Gate-Valve-1.jpg\",\"width\":800,\"height\":600,\"caption\":\"Cryogenic Gate Valve\"},{\"@type\":\"WebPage\",\"@id\":\"https:\/\/zecovalve.com\/product\/cryogenic-gate-valve#webpage\",\"url\":\"https:\/\/zecovalve.com\/product\/cryogenic-gate-valve\",\"name\":\"Cryogenic Gate Valve - Cryogenic Valve Manufacturer | ZECO Valve\",\"isPartOf\":{\"@id\":\"https:\/\/zecovalve.com\/#website\"},\"primaryImageOfPage\":{\"@id\":\"https:\/\/zecovalve.com\/product\/cryogenic-gate-valve#primaryimage\"},\"datePublished\":\"2022-06-19T03:57:44+00:00\",\"dateModified\":\"2023-06-15T12:44:16+00:00\",\"breadcrumb\":{\"@id\":\"https:\/\/zecovalve.com\/product\/cryogenic-gate-valve#breadcrumb\"},\"inLanguage\":\"de\",\"potentialAction\":[{\"@type\":\"ReadAction\",\"target\":[\"https:\/\/zecovalve.com\/product\/cryogenic-gate-valve\"]}]},{\"@type\":\"BreadcrumbList\",\"@id\":\"https:\/\/zecovalve.com\/product\/cryogenic-gate-valve#breadcrumb\",\"itemListElement\":[{\"@type\":\"ListItem\",\"position\":1,\"item\":{\"@type\":\"WebPage\",\"@id\":\"https:\/\/zecovalve.com\/\",\"url\":\"https:\/\/zecovalve.com\/\",\"name\":\"Home\"}},{\"@type\":\"ListItem\",\"position\":2,\"item\":{\"@type\":\"WebPage\",\"@id\":\"https:\/\/zecovalve.com\/product-category\",\"url\":\"https:\/\/zecovalve.com\/product-category\",\"name\":\"Industrial Valve Manufacturer | Water Valve Manufacturer\"}},{\"@type\":\"ListItem\",\"position\":3,\"item\":{\"@type\":\"WebPage\",\"@id\":\"https:\/\/zecovalve.com\/product\/cryogenic-gate-valve\",\"url\":\"https:\/\/zecovalve.com\/product\/cryogenic-gate-valve\",\"name\":\"Cryogenic Gate Valve\"}}]}]}<\/script>\n<!-- \/ Yoast SEO Premium plugin. -->","_links":{"self":[{"href":"https:\/\/zecovalve.com\/de\/wp-json\/wp\/v2\/product\/16112","targetHints":{"allow":["GET"]}}],"collection":[{"href":"https:\/\/zecovalve.com\/de\/wp-json\/wp\/v2\/product"}],"about":[{"href":"https:\/\/zecovalve.com\/de\/wp-json\/wp\/v2\/types\/product"}],"replies":[{"embeddable":true,"href":"https:\/\/zecovalve.com\/de\/wp-json\/wp\/v2\/comments?post=16112"}],"wp:featuredmedia":[{"embeddable":true,"href":"https:\/\/zecovalve.com\/de\/wp-json\/wp\/v2\/media\/27885"}],"wp:attachment":[{"href":"https:\/\/zecovalve.com\/de\/wp-json\/wp\/v2\/media?parent=16112"}],"wp:term":[{"taxonomy":"product_cat","embeddable":true,"href":"https:\/\/zecovalve.com\/de\/wp-json\/wp\/v2\/product_cat?post=16112"},{"taxonomy":"product_tag","embeddable":true,"href":"https:\/\/zecovalve.com\/de\/wp-json\/wp\/v2\/product_tag?post=16112"}],"curies":[{"name":"wp","href":"https:\/\/api.w.org\/{rel}","templated":true}]}}