{"id":16114,"date":"2022-06-19T04:02:31","date_gmt":"2022-06-19T04:02:31","guid":{"rendered":"https:\/\/zecovalve.com\/?post_type=product&#038;p=16114"},"modified":"2023-06-07T07:02:13","modified_gmt":"2023-06-07T07:02:13","slug":"stainless-steel-ball-valve","status":"publish","type":"product","link":"https:\/\/zecovalve.com\/de\/produkt\/stainless-steel-ball-valve","title":{"rendered":"2\u2033-Edelstahl-Kugelhahn"},"content":{"rendered":"<p>ZECO Valve ist ein professioneller Hersteller von Kugelh\u00e4hnen, der verschiedene Arten von Kugelh\u00e4hnen herstellt, darunter Edelstahlkugelh\u00e4hne, Kugelh\u00e4hne aus Kohlenstoffstahl und Duplex-Edelstahlkugelh\u00e4hne.<\/p>\r\n\r\n\r\n\r\n<div class=\"wp-block-columns is-layout-flex wp-container-core-columns-is-layout-9d6595d7 wp-block-columns-is-layout-flex\">\r\n<div class=\"wp-block-column is-layout-flow wp-block-column-is-layout-flow\">\r\n<figure class=\"wp-block-image size-large\"><img decoding=\"async\" src=\"https:\/\/zecovalve.com\/wp-content\/uploads\/2022\/06\/stainless-steel-ball-valve-1-300x225.jpg\" alt=\"\" \/><\/figure>\r\n<\/div>\r\n\r\n\r\n\r\n<div class=\"wp-block-column is-layout-flow wp-block-column-is-layout-flow\">\r\n<figure class=\"wp-block-image size-large\"><img decoding=\"async\" src=\"https:\/\/zecovalve.com\/wp-content\/uploads\/2022\/06\/stainless-steel-ball-valve-2-300x225.jpg\" alt=\"\" \/><\/figure>\r\n<\/div>\r\n\r\n\r\n\r\n<div class=\"wp-block-column is-layout-flow wp-block-column-is-layout-flow\">\r\n<figure class=\"wp-block-image size-large\"><img decoding=\"async\" src=\"https:\/\/zecovalve.com\/wp-content\/uploads\/2022\/06\/stainless-steel-ball-valve-3-300x225.jpg\" alt=\"\" \/><\/figure>\r\n<\/div>\r\n\r\n\r\n\r\n<div class=\"wp-block-column is-layout-flow wp-block-column-is-layout-flow\">\r\n<figure class=\"wp-block-image size-large\"><img decoding=\"async\" src=\"https:\/\/zecovalve.com\/wp-content\/uploads\/2022\/06\/stainless-steel-ball-valve-4-300x225.jpg\" alt=\"\" \/><\/figure>\r\n<\/div>\r\n<\/div>\r\n\r\n\r\n\r\n<div class=\"wp-block-columns is-layout-flex wp-container-core-columns-is-layout-9d6595d7 wp-block-columns-is-layout-flex\">\r\n<div class=\"wp-block-column is-layout-flow wp-block-column-is-layout-flow\">\r\n<figure class=\"wp-block-image size-full is-resized\"><img loading=\"lazy\" decoding=\"async\" class=\"wp-image-16119\" src=\"https:\/\/zecovalve.com\/wp-content\/uploads\/2022\/06\/stainless-steel-ball-valve-5.jpg\" alt=\"\" width=\"400\" height=\"300\" srcset=\"https:\/\/zecovalve.com\/wp-content\/uploads\/2022\/06\/stainless-steel-ball-valve-5.jpg 800w, https:\/\/zecovalve.com\/wp-content\/uploads\/2022\/06\/stainless-steel-ball-valve-5-300x225.jpg 300w, https:\/\/zecovalve.com\/wp-content\/uploads\/2022\/06\/stainless-steel-ball-valve-5-768x576.jpg 768w, https:\/\/zecovalve.com\/wp-content\/uploads\/2022\/06\/stainless-steel-ball-valve-5-600x450.jpg 600w\" sizes=\"auto, (max-width: 400px) 100vw, 400px\" \/><\/figure>\r\n<\/div>\r\n\r\n\r\n\r\n<div class=\"wp-block-column is-layout-flow wp-block-column-is-layout-flow\">\r\n<figure class=\"wp-block-image size-full is-resized\"><img loading=\"lazy\" decoding=\"async\" class=\"wp-image-16120\" src=\"https:\/\/zecovalve.com\/wp-content\/uploads\/2022\/06\/stainless-steel-ball-valve-6.jpg\" alt=\"\" width=\"400\" height=\"300\" srcset=\"https:\/\/zecovalve.com\/wp-content\/uploads\/2022\/06\/stainless-steel-ball-valve-6.jpg 800w, https:\/\/zecovalve.com\/wp-content\/uploads\/2022\/06\/stainless-steel-ball-valve-6-300x225.jpg 300w, https:\/\/zecovalve.com\/wp-content\/uploads\/2022\/06\/stainless-steel-ball-valve-6-768x576.jpg 768w, https:\/\/zecovalve.com\/wp-content\/uploads\/2022\/06\/stainless-steel-ball-valve-6-600x450.jpg 600w\" sizes=\"auto, (max-width: 400px) 100vw, 400px\" \/><\/figure>\r\n<\/div>\r\n\r\n\r\n\r\n<div class=\"wp-block-column is-layout-flow wp-block-column-is-layout-flow\">\r\n<figure class=\"wp-block-image size-full is-resized\"><img loading=\"lazy\" decoding=\"async\" class=\"wp-image-16121\" src=\"https:\/\/zecovalve.com\/wp-content\/uploads\/2022\/06\/stainless-steel-ball-valve-7.jpg\" alt=\"\" width=\"400\" height=\"300\" srcset=\"https:\/\/zecovalve.com\/wp-content\/uploads\/2022\/06\/stainless-steel-ball-valve-7.jpg 800w, https:\/\/zecovalve.com\/wp-content\/uploads\/2022\/06\/stainless-steel-ball-valve-7-300x225.jpg 300w, https:\/\/zecovalve.com\/wp-content\/uploads\/2022\/06\/stainless-steel-ball-valve-7-768x576.jpg 768w, https:\/\/zecovalve.com\/wp-content\/uploads\/2022\/06\/stainless-steel-ball-valve-7-600x450.jpg 600w\" sizes=\"auto, (max-width: 400px) 100vw, 400px\" \/><\/figure>\r\n<\/div>\r\n<\/div>\r\n\r\n\r\n<div class=\"gb-button-wrapper gb-button-wrapper-6d8495a3\">\r\n\r\n\r\n<p><a class=\"gb-button gb-button-3d442e11 gb-button-text\" href=\"https:\/\/zecovalve.com\/de\/contact\/\" target=\"_blank\" rel=\"noopener noreferrer\"><strong>EDELSTAHL-KUGELHAHN PREIS ERHALTEN<\/strong><\/a><\/p>\r\n<\/div>\r\n\r\n\r\n\r\n\r\n<h2 class=\"wp-block-heading\" id=\"h-what-is-a-2-stainless-steel-ball-valve\">Was ist ein 2\u2033-Edelstahl-Kugelhahn?<\/h2>\r\n\r\n\r\n\r\n<p>ZECO-Kugelh\u00e4hne aus Edelstahl werden h\u00e4ufig in Rohrleitungen mit korrosiven Medien eingesetzt. Edelstahlwerkstoffe k\u00f6nnen die Kugelh\u00e4hne in ihren spezifischen Medien mit antikorrosiven Eigenschaften f\u00fcr eine lange Zeit sch\u00fctzen, um zu verhindern, dass das Ventilgeh\u00e4use, die Kugel und die Dichtfl\u00e4che durch korrosive Medien stark korrodiert werden, was zu einem Versagen der Abdichtung oder sogar zu Leckagen f\u00fchrt. ZECO verf\u00fcgt \u00fcber ein spezielles Eingangskontrollverfahren f\u00fcr alle Edelstahl-Rohmaterialien. Durch eine Spektralanalyse kann festgestellt werden, dass die Materialien den internationalen Normen entsprechen, bevor sie eingelagert und verarbeitet werden. Dar\u00fcber hinaus verf\u00fcgt ZECO \u00fcber Aufzeichnungen zur R\u00fcckverfolgbarkeit des Rohmaterials nach der Kontrolle. Wenn das Produkt an die Benutzer geliefert wird, wird es angezeigt und \u00fcber MTC an die Benutzer gesendet.<\/p>\r\n\r\n\r\n\r\n<h2 class=\"wp-block-heading\">Anwendungen von 2\u2033-Edelstahl-Kugelhahn<\/h2>\r\n\r\n\r\n\r\n<ul class=\"wp-block-list\">\r\n<li>Heizungs-\/K\u00fchlungsleitungen<\/li>\r\n<li>Einrichtungen f\u00fcr Lebensmittel<\/li>\r\n<li>Chemische Industrie<\/li>\r\n<li>Schiffbau<\/li>\r\n<li>Papierfabriken<\/li>\r\n<\/ul>\r\n\r\n\r\n\r\n<h2 class=\"wp-block-heading\" id=\"h-features-of-2-stainless-steel-ball-valves\">Merkmale von 2\u2033-Edelstahl-Kugelh\u00e4hnen:<\/h2>\r\n\r\n\r\n\r\n<ul class=\"wp-block-list\">\r\n<li>Die beweglichen Teile des Edelstahlkugelhahns, die Kugel, die Spindel und der Griff sind eine Einheit. Der Kopf der Ventilspindel ist diploid geformt, so dass leicht zu unterscheiden, ob das Ventil in der \"ON\"-Position oder \"OFF\"-Position von der Griffposition ist. Wenn der Griff oder die Spindel parallel zur Rohrachse steht, ist das Ventil in \"EIN\"-Stellung; wenn der Griff oder die Spindel senkrecht zur Rohrachse steht, ist das Ventil in \"AUS\"-Stellung;<\/li>\r\n<li>Obwohl ZECO-Edelstahlkugelh\u00e4hne korrosionsbest\u00e4ndig sind, werden sie haupts\u00e4chlich in korrosiven Medien eingesetzt, bei denen Korrosion schwer zu vermeiden ist. Daher l\u00e4sst ZECO eine gewisse Korrosionsmarge bei der Gestaltung der Ventilst\u00e4rke, um die langfristige Lebensdauer des Produkts frei von den Einfl\u00fcssen des korrosiven Mediums zu gew\u00e4hrleisten;<\/li>\r\n<li>ZECO-Kugelh\u00e4hne aus rostfreiem Stahl k\u00f6nnen auch nach der Norm NACE MR0175 entsprechend den Anforderungen der Benutzer verarbeitet werden. Die Qualit\u00e4tskontrolle und -pr\u00fcfung wird w\u00e4hrend des Herstellungsprozesses streng durchgef\u00fchrt, um die technologischen Anforderungen der sulfidischen Umweltbedingungen zu erf\u00fcllen;<\/li>\r\n<li>ZECO-Kugelh\u00e4hne aus rostfreiem Stahl verf\u00fcgen au\u00dferdem \u00fcber eine Brandschutzkonstruktion und eine antistatische Struktur.<\/li>\r\n<\/ul>\r\n\r\n\r\n\r\n<h2 class=\"wp-block-heading\" id=\"h-material-of-2-stainless-steel-ball-valves\">Material der 2\u2033-Edelstahl-Kugelh\u00e4hne:<\/h2>\r\n\r\n\r\n\r\n<figure class=\"wp-block-table is-style-stripes\">\r\n<table>\r\n<tbody>\r\n<tr>\r\n<td>Nein<\/td>\r\n<td>Teil<\/td>\r\n<td>Material<\/td>\r\n<\/tr>\r\n<tr>\r\n<td>1<\/td>\r\n<td>K\u00f6rper<\/td>\r\n<td>ASTM A182 F316<\/td>\r\n<\/tr>\r\n<tr>\r\n<td>2<\/td>\r\n<td>Motorhaube<\/td>\r\n<td>ASTM A182 F316<\/td>\r\n<\/tr>\r\n<tr>\r\n<td>3<\/td>\r\n<td>Kugel<\/td>\r\n<td>ASTM A182 F316<\/td>\r\n<\/tr>\r\n<tr>\r\n<td>4<\/td>\r\n<td>Sitz<\/td>\r\n<td>ASTM A182 F316<\/td>\r\n<\/tr>\r\n<tr>\r\n<td>5<\/td>\r\n<td>Vorbau<\/td>\r\n<td>ASTM A276 316<\/td>\r\n<\/tr>\r\n<tr>\r\n<td>6<\/td>\r\n<td>Antistatische Vorrichtung<\/td>\r\n<td>SS316<\/td>\r\n<\/tr>\r\n<tr>\r\n<td>7<\/td>\r\n<td>Dichtung<\/td>\r\n<td>Graphit + SS316<\/td>\r\n<\/tr>\r\n<tr>\r\n<td>8<\/td>\r\n<td>Schraube<\/td>\r\n<td>ASTM A193 B8M<\/td>\r\n<\/tr>\r\n<tr>\r\n<td>9<\/td>\r\n<td>Nuss<\/td>\r\n<td>ASTM A194 8M<\/td>\r\n<\/tr>\r\n<tr>\r\n<td>10<\/td>\r\n<td>O-Ring<\/td>\r\n<td>Viton A<\/td>\r\n<\/tr>\r\n<tr>\r\n<td>11<\/td>\r\n<td>Hebel<\/td>\r\n<td>ASTM A276 304<\/td>\r\n<\/tr>\r\n<\/tbody>\r\n<\/table>\r\n<\/figure>","protected":false},"excerpt":{"rendered":"<p>ZECO Valve ist ein professioneller Hersteller von Kugelh\u00e4hnen und produziert Kugelh\u00e4hne unterschiedlicher Art, darunter Kugelh\u00e4hne aus Edelstahl und Kohlenstoffstahl. <a title=\"2\u2033-Edelstahl-Kugelhahn\" class=\"read-more\" href=\"https:\/\/zecovalve.com\/de\/produkt\/stainless-steel-ball-valve\" aria-label=\"Mehr zu 2\u2033-Edelstahl-Kugelhahn\">Weiterlesen ...<\/a><\/p>","protected":false},"featured_media":27851,"comment_status":"closed","ping_status":"closed","template":"","meta":{"_generate-full-width-content":"","kt_blocks_editor_width":""},"product_cat":[2047,2461,2465],"product_tag":[2804,3254,3244,2832],"class_list":["post-16114","product","type-product","status-publish","has-post-thumbnail","hentry","product_cat-ball-valve","product_cat-ball-valve-by-material","product_cat-forged-steel-ball-valve","product_tag-2-inch-ball-valve","product_tag-ball-valve-stainless-steel","product_tag-stainless-ball-valve","product_tag-stainless-steel-ball-valve","sales-flash-overlay","woocommerce-text-align-center","woocommerce-image-align-center","do-quantity-buttons"],"featured_image_src_large":["https:\/\/zecovalve.com\/wp-content\/uploads\/2022\/06\/2-Stainlesss-Stell-Ball-Valve.jpg",800,600,false],"author_info":[],"comment_info":0,"taxonomy_info":{"product_cat":[{"value":2047,"label":"Ball Valve"},{"value":2461,"label":"Ball Valve By Material"},{"value":2465,"label":"Forged Ball Valve"}],"product_tag":[{"value":2804,"label":"2 inch Ball Valve"},{"value":3254,"label":"Ball Valve Stainless Steel"},{"value":3244,"label":"Stainless Ball Valve"},{"value":2832,"label":"Stainless Steel Ball Valve"}]},"yoast_head":"<!-- This site is optimized with the Yoast SEO Premium plugin v15.4 - https:\/\/yoast.com\/wordpress\/plugins\/seo\/ -->\n<title>2&quot; Stainless Steel Ball Valve - Stainless Steel Ball Valve Manufacturer | ZECO<\/title>\n<meta name=\"robots\" content=\"index, follow, max-snippet:-1, max-image-preview:large, max-video-preview:-1\" \/>\n<link rel=\"canonical\" href=\"https:\/\/zecovalve.com\/de\/produkt\/stainless-steel-ball-valve\" \/>\n<meta property=\"og:locale\" content=\"de_DE\" \/>\n<meta property=\"og:type\" content=\"article\" \/>\n<meta property=\"og:title\" content=\"2&quot; Stainless Steel Ball Valve - Stainless Steel Ball Valve Manufacturer | ZECO\" \/>\n<meta property=\"og:description\" content=\"ZECO Valve is a professional ball valve manufacturer, producing various types of ball valves which including stainless stell ball valve, carbon steel ... Weiterlesen ...\" \/>\n<meta property=\"og:url\" content=\"https:\/\/zecovalve.com\/de\/produkt\/stainless-steel-ball-valve\" \/>\n<meta property=\"og:site_name\" content=\"ZECO Valve\" \/>\n<meta property=\"article:modified_time\" content=\"2023-06-07T07:02:13+00:00\" \/>\n<meta property=\"og:image\" content=\"https:\/\/zecovalve.com\/wp-content\/uploads\/2022\/06\/2-Stainlesss-Stell-Ball-Valve.jpg\" \/>\n\t<meta property=\"og:image:width\" content=\"800\" \/>\n\t<meta property=\"og:image:height\" content=\"600\" \/>\n<meta name=\"twitter:card\" content=\"summary_large_image\" \/>\n<meta name=\"twitter:label1\" content=\"Verfasst von\">\n\t<meta name=\"twitter:data1\" content=\"Jerry\">\n\t<meta name=\"twitter:label2\" content=\"Gesch\u00e4tzte Lesezeit\">\n\t<meta name=\"twitter:data2\" content=\"2\u00a0Minuten\">\n<script type=\"application\/ld+json\" class=\"yoast-schema-graph\">{\"@context\":\"https:\/\/schema.org\",\"@graph\":[{\"@type\":\"WebSite\",\"@id\":\"https:\/\/zecovalve.com\/#website\",\"url\":\"https:\/\/zecovalve.com\/\",\"name\":\"ZECO Valve\",\"description\":\"Industrial Ball Valve, Gate Valve and Globe Valve Manufacturer\",\"potentialAction\":[{\"@type\":\"SearchAction\",\"target\":\"https:\/\/zecovalve.com\/?s={search_term_string}\",\"query-input\":\"required name=search_term_string\"}],\"inLanguage\":\"de\"},{\"@type\":\"ImageObject\",\"@id\":\"https:\/\/zecovalve.com\/product\/stainless-steel-ball-valve#primaryimage\",\"inLanguage\":\"de\",\"url\":\"https:\/\/zecovalve.com\/wp-content\/uploads\/2022\/06\/2-Stainlesss-Stell-Ball-Valve.jpg\",\"width\":800,\"height\":600,\"caption\":\"2 Stainlesss Stell Ball Valve\"},{\"@type\":\"WebPage\",\"@id\":\"https:\/\/zecovalve.com\/product\/stainless-steel-ball-valve#webpage\",\"url\":\"https:\/\/zecovalve.com\/product\/stainless-steel-ball-valve\",\"name\":\"2\\\" Stainless Steel Ball Valve - Stainless Steel Ball Valve Manufacturer | ZECO\",\"isPartOf\":{\"@id\":\"https:\/\/zecovalve.com\/#website\"},\"primaryImageOfPage\":{\"@id\":\"https:\/\/zecovalve.com\/product\/stainless-steel-ball-valve#primaryimage\"},\"datePublished\":\"2022-06-19T04:02:31+00:00\",\"dateModified\":\"2023-06-07T07:02:13+00:00\",\"breadcrumb\":{\"@id\":\"https:\/\/zecovalve.com\/product\/stainless-steel-ball-valve#breadcrumb\"},\"inLanguage\":\"de\",\"potentialAction\":[{\"@type\":\"ReadAction\",\"target\":[\"https:\/\/zecovalve.com\/product\/stainless-steel-ball-valve\"]}]},{\"@type\":\"BreadcrumbList\",\"@id\":\"https:\/\/zecovalve.com\/product\/stainless-steel-ball-valve#breadcrumb\",\"itemListElement\":[{\"@type\":\"ListItem\",\"position\":1,\"item\":{\"@type\":\"WebPage\",\"@id\":\"https:\/\/zecovalve.com\/\",\"url\":\"https:\/\/zecovalve.com\/\",\"name\":\"Home\"}},{\"@type\":\"ListItem\",\"position\":2,\"item\":{\"@type\":\"WebPage\",\"@id\":\"https:\/\/zecovalve.com\/product-category\",\"url\":\"https:\/\/zecovalve.com\/product-category\",\"name\":\"Industrial Valve Manufacturer | Water Valve Manufacturer\"}},{\"@type\":\"ListItem\",\"position\":3,\"item\":{\"@type\":\"WebPage\",\"@id\":\"https:\/\/zecovalve.com\/product\/stainless-steel-ball-valve\",\"url\":\"https:\/\/zecovalve.com\/product\/stainless-steel-ball-valve\",\"name\":\"2&#8243; Stainless Steel Ball Valve\"}}]}]}<\/script>\n<!-- \/ Yoast SEO Premium plugin. -->","_links":{"self":[{"href":"https:\/\/zecovalve.com\/de\/wp-json\/wp\/v2\/product\/16114","targetHints":{"allow":["GET"]}}],"collection":[{"href":"https:\/\/zecovalve.com\/de\/wp-json\/wp\/v2\/product"}],"about":[{"href":"https:\/\/zecovalve.com\/de\/wp-json\/wp\/v2\/types\/product"}],"replies":[{"embeddable":true,"href":"https:\/\/zecovalve.com\/de\/wp-json\/wp\/v2\/comments?post=16114"}],"wp:featuredmedia":[{"embeddable":true,"href":"https:\/\/zecovalve.com\/de\/wp-json\/wp\/v2\/media\/27851"}],"wp:attachment":[{"href":"https:\/\/zecovalve.com\/de\/wp-json\/wp\/v2\/media?parent=16114"}],"wp:term":[{"taxonomy":"product_cat","embeddable":true,"href":"https:\/\/zecovalve.com\/de\/wp-json\/wp\/v2\/product_cat?post=16114"},{"taxonomy":"product_tag","embeddable":true,"href":"https:\/\/zecovalve.com\/de\/wp-json\/wp\/v2\/product_tag?post=16114"}],"curies":[{"name":"wp","href":"https:\/\/api.w.org\/{rel}","templated":true}]}}