{"id":16125,"date":"2022-06-19T04:25:15","date_gmt":"2022-06-19T04:25:15","guid":{"rendered":"https:\/\/zecovalve.com\/?post_type=product&#038;p=16125"},"modified":"2023-06-07T14:06:21","modified_gmt":"2023-06-07T14:06:21","slug":"6-inch-gate-valve","status":"publish","type":"product","link":"https:\/\/zecovalve.com\/de\/produkt\/6-inch-gate-valve","title":{"rendered":"6-Zoll-Absperrschieber"},"content":{"rendered":"<p>Absperrschieber 6 Zoll bedeutet, dass die Schiebergr\u00f6\u00dfe 6 Zoll betr\u00e4gt, und in DN ist sie DN150.<\/p>\r\n\r\n\r\n\r\n<figure class=\"wp-block-image alignnone size-medium wp-image-16126\">\r\n<p><img loading=\"lazy\" decoding=\"async\" class=\"wp-image-27875 size-medium\" src=\"https:\/\/zecovalve.com\/wp-content\/uploads\/2022\/06\/High-Pressure-Gate-Valve-1-300x225.jpg\" alt=\"6-Zoll-Absperrschieber\" width=\"300\" height=\"225\" srcset=\"https:\/\/zecovalve.com\/wp-content\/uploads\/2022\/06\/High-Pressure-Gate-Valve-1-300x225.jpg 300w, https:\/\/zecovalve.com\/wp-content\/uploads\/2022\/06\/High-Pressure-Gate-Valve-1-768x576.jpg 768w, https:\/\/zecovalve.com\/wp-content\/uploads\/2022\/06\/High-Pressure-Gate-Valve-1-600x450.jpg 600w, https:\/\/zecovalve.com\/wp-content\/uploads\/2022\/06\/High-Pressure-Gate-Valve-1.jpg 800w\" sizes=\"auto, (max-width: 300px) 100vw, 300px\" \/><\/p>\r\n<\/figure>\r\n\r\n\r\n<div class=\"gb-button-wrapper gb-button-wrapper-6d8495a3\">\r\n\r\n\r\n<p><a class=\"gb-button gb-button-3d442e11 gb-button-text\" href=\"mailto:commercial@zecovalve.com\" target=\"_blank\" rel=\"noopener noreferrer\"><strong>6\u2033-ABSPERRSCHIEBER PREIS ERHALTEN<\/strong><\/a><\/p>\r\n<\/div>\r\n\r\n\r\n\r\n\r\n<h2 class=\"wp-block-heading\" id=\"h-what-is-a-6-inch-gate-valve\">Was ist ein 6-Zoll-Absperrschieber?<\/h2>\r\n\r\n\r\n\r\n<p>Alle Guss- und Schmiedeteile des ZECO 6-Zoll-Schiebers, insbesondere der K\u00f6rper und die Abdeckung zwei der wichtigsten Druck-Komponenten, werden verwendet, um die Intensit\u00e4t der schweren Abschnitte zu st\u00e4rken, obwohl ZECO K\u00f6rper, die Abdeckung Dicke ist bis zu Standard, die schweren Abschnitte des Designs kann das Produkt mehr garantiert, Zulage in korrosiven Medium zu gew\u00e4hrleisten lange Lebensdauer des Produkts.ZECO legt gro\u00dfen Wert auf den Einkauf und die Kontrolle der Rohstoffe, denn ZECO wei\u00df sehr genau, dass, wenn die Rohstoffe nicht streng kontrolliert werden, keine noch so gute Verarbeitungstechnologie und keine noch so guten Pr\u00fcfmittel in der sp\u00e4teren Phase aus den unqualifizierten Produkten aus der Quelle hervorragende Produkte machen k\u00f6nnen. Deshalb bewegt sich ZECO bei den Ventilprodukten langsam und Schritt f\u00fcr Schritt in Richtung handwerkliche Produkte.<\/p>\r\n\r\n\r\n\r\n<h2 class=\"wp-block-heading\" id=\"h-features-of-6-inch-gate-valve\">Merkmale des 6-Zoll-Schiebers:<\/h2>\r\n\r\n\r\n\r\n<ul class=\"wp-block-list\">\r\n<li>Der ZECO 6-Zoll-Absperrschieber hat eine sehr zuverl\u00e4ssige Wartungsleistung. Der austauschbare Ventilsitz gew\u00e4hrleistet, dass sp\u00e4tere Sitzsch\u00e4den vor Ort ausgetauscht werden k\u00f6nnen. Die umgekehrte Dichtungskonstruktion gew\u00e4hrleistet einen Online-Austausch, wenn die Packung ausgetauscht wird;<\/li>\r\n<li>Wenn ZECO 6-Zoll-Schieber transportiert wird, werden das Edelstahlventil und das Kohlenstoffstahlventil getrennt verpackt, weil bei Raumtemperatur, wenn das Kohlenstoffstahlventil und das Edelstahlventil in Kontakt kommen, kein unmittelbares Aufkohlungsph\u00e4nomen auftritt und das Edelstahlventil Korrosionsflecken hat, die nach einer gewissen Zeit auftreten. In einer feuchten Umgebung, wenn die Kohlenstoff-Ventil und Edelstahl-Ventil zusammen gestapelt sind, ist leicht zu chemischen Reaktionen zu produzieren, so dass die Schutzschicht des Edelstahl-Ventil besch\u00e4digt, was in Edelstahl-Ventil Rost;<\/li>\r\n<li>Nach fast 30 Jahren Entwicklung von Schieberventilen haben ZECO 6-Zoll-Schieberprodukte eine stabile Leistung und ein geringes Schaltmoment;<\/li>\r\n<li>ZECO 6-Zoll-Schieber ist eine eigene Pr\u00e4zisionsgussform, und der Gusssand ist feiner Sand, hat ein sch\u00f6nes Aussehen und klare Gussmerkmale.<\/li>\r\n<\/ul>\r\n\r\n\r\n\r\n<h2 class=\"wp-block-heading\">Spezifikation des 6\u2033-Schiebers<\/h2>\r\n\r\n\r\n\r\n<figure class=\"wp-block-table\">\r\n<table>\r\n<tbody>\r\n<tr>\r\n<td>Design Best\u00e4tigt<\/td>\r\n<td>API 6D, API 600, BS 5163<\/td>\r\n<\/tr>\r\n<tr>\r\n<td>Flansche gebohrt Best\u00e4tigt<\/td>\r\n<td>ASME B16.5, EN 1092-1, EN 1092-2<\/td>\r\n<\/tr>\r\n<tr>\r\n<td>Dichtheitspr\u00fcfung<\/td>\r\n<td>API 598, ISO 5208, EN 12266-1<\/td>\r\n<\/tr>\r\n<tr>\r\n<td>Von Angesicht zu Angesicht Best\u00e4tigungen<\/td>\r\n<td>API 6D, ASME B16.10, BS 5163, EN 558-1<\/td>\r\n<\/tr>\r\n<tr>\r\n<td>Normaler Druck<\/td>\r\n<td>Klasse 150 ~ Klasse 2500, PN10 ~ PN16<\/td>\r\n<\/tr>\r\n<tr>\r\n<td>Schalenpr\u00fcfdruck<\/td>\r\n<td>1,5 * Auslegungsdruck<\/td>\r\n<\/tr>\r\n<tr>\r\n<td>Siegelpr\u00fcfdruck<\/td>\r\n<td>1,1 * Auslegungsdruck (Wasser)<\/td>\r\n<\/tr>\r\n<tr>\r\n<td>Dichtungstestdruck (Niederdruck)<\/td>\r\n<td>6 Bar (Luft)<\/td>\r\n<\/tr>\r\n<\/tbody>\r\n<\/table>\r\n<\/figure>\r\n\r\n\r\n\r\n<h2 class=\"wp-block-heading\">Anwendungen von 6\u2033-Schiebern<\/h2>\r\n\r\n\r\n\r\n<ul class=\"wp-block-list\">\r\n<li>Chemisch,<\/li>\r\n<li>Petrochemie,<\/li>\r\n<li>\u00d6l und Gas,<\/li>\r\n<li>Kraftwerk,<\/li>\r\n<li>Allgemeine Industrie.<\/li>\r\n<\/ul>\r\n\r\n\r\n\r\n<h2 class=\"wp-block-heading\">Abmessungen und Gewicht eines 6\u2033-Schiebers<\/h2>\r\n\r\n<table border=\"=1\" width=\"800\">\r\n<tbody>\r\n<tr>\r\n<td rowspan=\"2\">Druckstufe\u00a0<\/td>\r\n<td>Bohrung<\/td>\r\n<td colspan=\"3\">\u00a0Abmessung von Fl\u00e4che zu Fl\u00e4che (in mm)\u00a0 \u00a0<\/td>\r\n<td>Gewicht<\/td>\r\n<\/tr>\r\n<tr>\r\n<td>(in mm)<\/td>\r\n<td>RF<\/td>\r\n<td>BW<\/td>\r\n<td>RTJ<\/td>\r\n<td>kg<\/td>\r\n<\/tr>\r\n<tr>\r\n<td>KLASSE 150<\/td>\r\n<td>150<\/td>\r\n<td>267<\/td>\r\n<td>403<\/td>\r\n<td>279<\/td>\r\n<td>85<\/td>\r\n<\/tr>\r\n<tr>\r\n<td>KLASSE 300<\/td>\r\n<td>150<\/td>\r\n<td>403<\/td>\r\n<td>403<\/td>\r\n<td>419<\/td>\r\n<td>142<\/td>\r\n<\/tr>\r\n<tr>\r\n<td>KLASSE 600<\/td>\r\n<td>150<\/td>\r\n<td>559<\/td>\r\n<td>559<\/td>\r\n<td>562<\/td>\r\n<td>285<\/td>\r\n<\/tr>\r\n<tr>\r\n<td>KLASSE 900<\/td>\r\n<td>146<\/td>\r\n<td>610<\/td>\r\n<td>610<\/td>\r\n<td>613<\/td>\r\n<td>453<\/td>\r\n<\/tr>\r\n<tr>\r\n<td>KLASSE 1500<\/td>\r\n<td>136<\/td>\r\n<td>705<\/td>\r\n<td>705<\/td>\r\n<td>711<\/td>\r\n<td>617<\/td>\r\n<\/tr>\r\n<tr>\r\n<td>KLASSE 2500<\/td>\r\n<td>111<\/td>\r\n<td>914<\/td>\r\n<td>914<\/td>\r\n<td>927<\/td>\r\n<td>1590<\/td>\r\n<\/tr>\r\n<\/tbody>\r\n<\/table>\r\n\r\n<h2 class=\"wp-block-heading\" id=\"h-material-of-6-inch-gate-valve\">Material des 6-Zoll-Absperrschiebers:<\/h2>\r\n\r\n\r\n\r\n<figure class=\"wp-block-table is-style-stripes\">\r\n<table>\r\n<tbody>\r\n<tr>\r\n<td>Nein<\/td>\r\n<td>Teil<\/td>\r\n<td>Material<\/td>\r\n<\/tr>\r\n<tr>\r\n<td>1<\/td>\r\n<td>K\u00f6rper<\/td>\r\n<td>ASTM A351 CF3<\/td>\r\n<\/tr>\r\n<tr>\r\n<td>2<\/td>\r\n<td>Sitzring<\/td>\r\n<td>ASTM A182 F304L + STL<\/td>\r\n<\/tr>\r\n<tr>\r\n<td>3<\/td>\r\n<td>Keil<\/td>\r\n<td>ASTM A351 CF3 + STL<\/td>\r\n<\/tr>\r\n<tr>\r\n<td>4<\/td>\r\n<td>Vorbau<\/td>\r\n<td>ASTM A276 304L<\/td>\r\n<\/tr>\r\n<tr>\r\n<td>5<\/td>\r\n<td>Dichtung der Motorhaube<\/td>\r\n<td>Graphit + SS304L<\/td>\r\n<\/tr>\r\n<tr>\r\n<td>6<\/td>\r\n<td>Motorhaubenbolzen<\/td>\r\n<td>ASTM A193 B8<\/td>\r\n<\/tr>\r\n<tr>\r\n<td>7<\/td>\r\n<td>Haubenmutter<\/td>\r\n<td>ASTM A194 8<\/td>\r\n<\/tr>\r\n<tr>\r\n<td>8<\/td>\r\n<td>Motorhaube<\/td>\r\n<td>ASTM A351 CF3<\/td>\r\n<\/tr>\r\n<tr>\r\n<td>9<\/td>\r\n<td>R\u00fccksitz<\/td>\r\n<td>ASTM A182 304L<\/td>\r\n<\/tr>\r\n<tr>\r\n<td>10<\/td>\r\n<td>Spindelpackung<\/td>\r\n<td>Verst\u00e4rkter Graphit<\/td>\r\n<\/tr>\r\n<tr>\r\n<td>11<\/td>\r\n<td>Handrad<\/td>\r\n<td>KTH330-08<\/td>\r\n<\/tr>\r\n<\/tbody>\r\n<\/table>\r\n<\/figure>","protected":false},"excerpt":{"rendered":"<p>Schieberventil 6 Zoll bedeutet, dass die Ventilgr\u00f6\u00dfe 6 Zoll betr\u00e4gt, und in DN ist es DN150. Was ist ein 6-Zoll-Ventil \u2026 <a title=\"6-Zoll-Absperrschieber\" class=\"read-more\" href=\"https:\/\/zecovalve.com\/de\/produkt\/6-inch-gate-valve\" aria-label=\"Mehr zu 6 Zoll Schieberventil\">Weiterlesen ...<\/a><\/p>","protected":false},"featured_media":27875,"comment_status":"closed","ping_status":"closed","template":"","meta":{"_generate-full-width-content":"","kt_blocks_editor_width":""},"product_cat":[2052,2458],"product_tag":[],"class_list":["post-16125","product","type-product","status-publish","has-post-thumbnail","hentry","product_cat-gate-valve","product_cat-gate-valve-by-inch","sales-flash-overlay","woocommerce-text-align-center","woocommerce-image-align-center","do-quantity-buttons"],"featured_image_src_large":["https:\/\/zecovalve.com\/wp-content\/uploads\/2022\/06\/High-Pressure-Gate-Valve-1.jpg",800,600,false],"author_info":[],"comment_info":0,"taxonomy_info":{"product_cat":[{"value":2052,"label":"Gate Valve"},{"value":2458,"label":"Gate Valve By Inch"}]},"yoast_head":"<!-- This site is optimized with the Yoast SEO Premium plugin v15.4 - https:\/\/yoast.com\/wordpress\/plugins\/seo\/ -->\n<title>Gate Valve 6 inch - Competitive 6&quot; Gate Valve Price | ZECO Valve<\/title>\n<meta name=\"robots\" content=\"index, follow, max-snippet:-1, max-image-preview:large, max-video-preview:-1\" \/>\n<link rel=\"canonical\" href=\"https:\/\/zecovalve.com\/de\/produkt\/6-inch-gate-valve\" \/>\n<meta property=\"og:locale\" content=\"de_DE\" \/>\n<meta property=\"og:type\" content=\"article\" \/>\n<meta property=\"og:title\" content=\"Gate Valve 6 inch - Competitive 6&quot; Gate Valve Price | ZECO Valve\" \/>\n<meta property=\"og:description\" content=\"Gate valve 6 inch means the valve size is 6 inch, and in DN it is DN150. What is a 6 inch ... Weiterlesen ...\" \/>\n<meta property=\"og:url\" content=\"https:\/\/zecovalve.com\/de\/produkt\/6-inch-gate-valve\" \/>\n<meta property=\"og:site_name\" content=\"ZECO Valve\" \/>\n<meta property=\"article:modified_time\" content=\"2023-06-07T14:06:21+00:00\" \/>\n<meta property=\"og:image\" content=\"https:\/\/zecovalve.com\/wp-content\/uploads\/2022\/06\/High-Pressure-Gate-Valve-1.jpg\" \/>\n\t<meta property=\"og:image:width\" content=\"800\" \/>\n\t<meta property=\"og:image:height\" content=\"600\" \/>\n<meta name=\"twitter:card\" content=\"summary_large_image\" \/>\n<meta name=\"twitter:label1\" content=\"Verfasst von\">\n\t<meta name=\"twitter:data1\" content=\"Jerry\">\n\t<meta name=\"twitter:label2\" content=\"Gesch\u00e4tzte Lesezeit\">\n\t<meta name=\"twitter:data2\" content=\"2\u00a0Minuten\">\n<script type=\"application\/ld+json\" class=\"yoast-schema-graph\">{\"@context\":\"https:\/\/schema.org\",\"@graph\":[{\"@type\":\"WebSite\",\"@id\":\"https:\/\/zecovalve.com\/#website\",\"url\":\"https:\/\/zecovalve.com\/\",\"name\":\"ZECO Valve\",\"description\":\"Industrial Ball Valve, Gate Valve and Globe Valve Manufacturer\",\"potentialAction\":[{\"@type\":\"SearchAction\",\"target\":\"https:\/\/zecovalve.com\/?s={search_term_string}\",\"query-input\":\"required name=search_term_string\"}],\"inLanguage\":\"de\"},{\"@type\":\"ImageObject\",\"@id\":\"https:\/\/zecovalve.com\/product\/6-inch-gate-valve#primaryimage\",\"inLanguage\":\"de\",\"url\":\"https:\/\/zecovalve.com\/wp-content\/uploads\/2022\/06\/High-Pressure-Gate-Valve-1.jpg\",\"width\":800,\"height\":600,\"caption\":\"6 inch Gate Valve\"},{\"@type\":\"WebPage\",\"@id\":\"https:\/\/zecovalve.com\/product\/6-inch-gate-valve#webpage\",\"url\":\"https:\/\/zecovalve.com\/product\/6-inch-gate-valve\",\"name\":\"Gate Valve 6 inch - Competitive 6\\\" Gate Valve Price | ZECO Valve\",\"isPartOf\":{\"@id\":\"https:\/\/zecovalve.com\/#website\"},\"primaryImageOfPage\":{\"@id\":\"https:\/\/zecovalve.com\/product\/6-inch-gate-valve#primaryimage\"},\"datePublished\":\"2022-06-19T04:25:15+00:00\",\"dateModified\":\"2023-06-07T14:06:21+00:00\",\"breadcrumb\":{\"@id\":\"https:\/\/zecovalve.com\/product\/6-inch-gate-valve#breadcrumb\"},\"inLanguage\":\"de\",\"potentialAction\":[{\"@type\":\"ReadAction\",\"target\":[\"https:\/\/zecovalve.com\/product\/6-inch-gate-valve\"]}]},{\"@type\":\"BreadcrumbList\",\"@id\":\"https:\/\/zecovalve.com\/product\/6-inch-gate-valve#breadcrumb\",\"itemListElement\":[{\"@type\":\"ListItem\",\"position\":1,\"item\":{\"@type\":\"WebPage\",\"@id\":\"https:\/\/zecovalve.com\/\",\"url\":\"https:\/\/zecovalve.com\/\",\"name\":\"Home\"}},{\"@type\":\"ListItem\",\"position\":2,\"item\":{\"@type\":\"WebPage\",\"@id\":\"https:\/\/zecovalve.com\/product-category\",\"url\":\"https:\/\/zecovalve.com\/product-category\",\"name\":\"Industrial Valve Manufacturer | Water Valve Manufacturer\"}},{\"@type\":\"ListItem\",\"position\":3,\"item\":{\"@type\":\"WebPage\",\"@id\":\"https:\/\/zecovalve.com\/product\/6-inch-gate-valve\",\"url\":\"https:\/\/zecovalve.com\/product\/6-inch-gate-valve\",\"name\":\"6 inch Gate Valve\"}}]}]}<\/script>\n<!-- \/ Yoast SEO Premium plugin. -->","_links":{"self":[{"href":"https:\/\/zecovalve.com\/de\/wp-json\/wp\/v2\/product\/16125","targetHints":{"allow":["GET"]}}],"collection":[{"href":"https:\/\/zecovalve.com\/de\/wp-json\/wp\/v2\/product"}],"about":[{"href":"https:\/\/zecovalve.com\/de\/wp-json\/wp\/v2\/types\/product"}],"replies":[{"embeddable":true,"href":"https:\/\/zecovalve.com\/de\/wp-json\/wp\/v2\/comments?post=16125"}],"wp:featuredmedia":[{"embeddable":true,"href":"https:\/\/zecovalve.com\/de\/wp-json\/wp\/v2\/media\/27875"}],"wp:attachment":[{"href":"https:\/\/zecovalve.com\/de\/wp-json\/wp\/v2\/media?parent=16125"}],"wp:term":[{"taxonomy":"product_cat","embeddable":true,"href":"https:\/\/zecovalve.com\/de\/wp-json\/wp\/v2\/product_cat?post=16125"},{"taxonomy":"product_tag","embeddable":true,"href":"https:\/\/zecovalve.com\/de\/wp-json\/wp\/v2\/product_tag?post=16125"}],"curies":[{"name":"wp","href":"https:\/\/api.w.org\/{rel}","templated":true}]}}