{"id":16127,"date":"2022-06-19T13:33:53","date_gmt":"2022-06-19T13:33:53","guid":{"rendered":"https:\/\/zecovalve.com\/?post_type=product&#038;p=16127"},"modified":"2023-06-15T12:38:01","modified_gmt":"2023-06-15T12:38:01","slug":"industrial-gate-valve","status":"publish","type":"product","link":"https:\/\/zecovalve.com\/de\/produkt\/industrial-gate-valve","title":{"rendered":"Industrieller Absperrschieber"},"content":{"rendered":"<p>ZECO Valve ist ein nach API 600 zugelassener Hersteller von Schieberventilen.<\/p>\r\n\r\n\r\n\r\n<figure class=\"wp-block-image alignnone size-medium wp-image-16128\"><img loading=\"lazy\" decoding=\"async\" width=\"300\" height=\"225\" class=\"wp-image-16128\" src=\"https:\/\/zecovalve.com\/wp-content\/uploads\/2022\/06\/industrial-gate-valve-300x225.jpg\" alt=\"Industrieller Absperrschieber\" srcset=\"https:\/\/zecovalve.com\/wp-content\/uploads\/2022\/06\/industrial-gate-valve-300x225.jpg 300w, https:\/\/zecovalve.com\/wp-content\/uploads\/2022\/06\/industrial-gate-valve-768x576.jpg 768w, https:\/\/zecovalve.com\/wp-content\/uploads\/2022\/06\/industrial-gate-valve-600x450.jpg 600w, https:\/\/zecovalve.com\/wp-content\/uploads\/2022\/06\/industrial-gate-valve.jpg 800w\" sizes=\"auto, (max-width: 300px) 100vw, 300px\" \/><\/figure>\r\n\r\n\r\n<div class=\"gb-button-wrapper gb-button-wrapper-6d8495a3\">\r\n\r\n\r\n<p><a class=\"gb-button gb-button-3d442e11 gb-button-text\" href=\"https:\/\/zecovalve.com\/de\/contact\/\" target=\"_blank\" rel=\"noopener noreferrer\"><strong>PREIS F\u00dcR INDUSTRIELLE SCHIEBERVENTILE ERHALTEN<\/strong><\/a><\/p>\r\n<\/div>\r\n\r\n\r\n\r\n\r\n<h2 class=\"wp-block-heading\">Was sind Industrieventile?<\/h2>\r\n\r\n\r\n\r\n<p>In industriellen Anwendungen spielen Ventile eine wichtige Rolle bei der Steuerung oder Regulierung der Medienbewegung in Rohrleitungssystemen. Das breite Spektrum industrieller Anwendungen erm\u00f6glicht eine gr\u00f6\u00dfere Vielfalt bei der Ventilkonstruktion.<\/p>\r\n\r\n\r\n\r\n<p>W\u00e4hrend die meisten f\u00fcr den Stopp-Start-Mechanismus vorgesehen sind, verf\u00fcgen bestimmte Ventile auch \u00fcber Drosselfunktionen. Dar\u00fcber hinaus werden Ventile entweder manuell oder mithilfe eines Getriebes bet\u00e4tigt, das den Aktuator bewegt.<\/p>\r\n\r\n\r\n\r\n<p>Jeder, der im Rohrleitungsbau t\u00e4tig ist, sollte die Bedeutung von Ventilen verstehen. Kenntnisse \u00fcber die Funktionsweise und Wartung von Ventilen stellen sicher, dass diese l\u00e4nger halten. Au\u00dferdem wird dadurch sichergestellt, dass der gesamte Rohrleitungsprozess ohne Verz\u00f6gerungen abl\u00e4uft.<\/p>\r\n\r\n\r\n\r\n<p>In diesem Artikel erfahren Sie alles, was Sie \u00fcber Industrieventile wissen m\u00fcssen. In diesem Artikel werden die verschiedenen Ventilfunktionen und die allgemeinen Ventilteile beschrieben. In diesem Artikel werden auch die in industriellen Anwendungen h\u00e4ufig verwendeten Ventile beschrieben.<\/p>\r\n\r\n\r\n\r\n<h2 class=\"wp-block-heading\" id=\"h-what-is-industrial-gate-valve\">Was ist ein Industrie-Schieber?<\/h2>\r\n\r\n\r\n\r\n<p>Industrielle Schieberventile oder \u201eBlockventile\u201c sind die am h\u00e4ufigsten verwendeten Ventiltypen in der \u00d6l- und Gasindustrie. Schieberventile sind f\u00fcr die Ein-Aus-Durchflussregelung vorgesehen. Wenn sie vollst\u00e4ndig ge\u00f6ffnet sind, flie\u00dft die Fl\u00fcssigkeit in einer geraden Linie durch das Ventil, was zu einem minimalen Druckabfall \u00fcber das Ventil f\u00fchrt.<\/p>\r\n\r\n\r\n\r\n<p>Industrielle Schieber sind sowohl f\u00fcr den oberirdischen als auch unterirdischen Einbau geeignet und f\u00fcr den vollst\u00e4ndig ge\u00f6ffneten oder vollst\u00e4ndig geschlossenen Betrieb ausgelegt. Sie werden in Rohrleitungen als Absperrventile eingebaut und sollten nicht als Steuer- oder Regelventil verwendet werden.<\/p>\r\n\r\n\r\n\r\n<p>Diese Ventile k\u00f6nnen in zwei Haupttypen unterteilt werden, n\u00e4mlich parallel und keilf\u00f6rmig. Parallele Industrieschieber verwenden ein flaches Schieberventil zwischen zwei parallelen Sitzen. Das Plattenschieberventil ist ein beliebtes Ventil dieser Bauart mit einer scharfen Kante an der Unterseite des Schiebers. Keilf\u00f6rmige Industrieschieber verwenden zwei geneigte Sitze und ein leicht versetztes geneigtes Schieberventil.<\/p>\r\n\r\n\r\n\r\n<p>Industrielle Schieberventile bestanden fr\u00fcher aus einem Keil mit Metallsitz und konischem Keildesign und eckigen Dichtungsvorrichtungen, die eine Vertiefung im Ventilboden ben\u00f6tigten, um einen dichten Verschluss zu gew\u00e4hrleisten. Heutzutage haben Schieberventile mit elastischem Sitz einen glatten Ventilboden, der den ungehinderten Durchgang von Sand und Kieselsteinen im Ventil erm\u00f6glicht.<\/p>\r\n\r\n\r\n\r\n<p>An Industrieschiebern sind Hubspindeln befestigt, die sich beim Bet\u00e4tigen des Schiebers heben oder senken. Dies ist eine optische Anzeige der Position des Industrieschiebers und erleichtert das Einfetten der Spindel. Diese Art von Industrieschieber ist normalerweise nur f\u00fcr oberirdische Installationen geeignet.<\/p>\r\n\r\n\r\n\r\n<p>Nicht steigende Spindeln werden in das Tor selbst eingeschraubt und nehmen weniger vertikalen Raum ein. Diese Ventile sind sowohl f\u00fcr oberirdische als auch f\u00fcr unterirdische Installationen geeignet.<\/p>\r\n\r\n\r\n\r\n<p>Industrielle Schieber sind langlebig und robust und erfordern keinen gro\u00dfen Wartungsaufwand.<\/p>\r\n\r\n\r\n\r\n<h2 class=\"wp-block-heading\">Spezifikationen des industriellen Schieberventils<\/h2>\r\n\r\n\r\n\r\n<figure class=\"wp-block-table\">\r\n<table>\r\n<tbody>\r\n<tr>\r\n<td>GR\u00d6SSENBEREICH<\/td>\r\n<td>Gr\u00f6\u00dfenbereich von 1\/4\u201d \u2013 60\u201d<\/td>\r\n<\/tr>\r\n<tr>\r\n<td>DRUCKBEREICH<\/td>\r\n<td>Gr\u00f6\u00dfenbereich Druckbereich ANSI 150# bis ANSI 1500# Druckstufe<\/td>\r\n<\/tr>\r\n<tr>\r\n<td>MATERIALQUALIT\u00c4TEN<\/td>\r\n<td>WCB, A105N, LF2, LCC, CF8M, 316, 316L, A20, Hastelloy C, andere exotische Materialien<\/td>\r\n<\/tr>\r\n<tr>\r\n<td>VERKLEIDUNGSMATERIALIEN<\/td>\r\n<td>13Cr, SS 316, A20, Monel, Hastelloy C Schaft und Keil<\/td>\r\n<\/tr>\r\n<tr>\r\n<td>VERPACKUNGS- UND DICHTUNGSMATERIAL<\/td>\r\n<td>Graphit oder Teflon<\/td>\r\n<\/tr>\r\n<tr>\r\n<td>ENDE DER KONFIGURATIONEN<\/td>\r\n<td>Erh\u00f6hte Dichtleiste, RTJ, Gewinde, Einschwei\u00dfmuffe, Gewinde-X-Muffe<\/td>\r\n<\/tr>\r\n<tr>\r\n<td>NORMEN<\/td>\r\n<td>Geringe Emissionen, NACE-zertifiziert<\/td>\r\n<\/tr>\r\n<\/tbody>\r\n<\/table>\r\n<\/figure>\r\n\r\n\r\n\r\n<h2 class=\"wp-block-heading\">Teile und Komponenten f\u00fcr industrielle Schieberventile<\/h2>\r\n\r\n\r\n\r\n<p>Das Industrieventil ist eine Ansammlung kleinerer Teile. Es gibt interne und externe Teile. W\u00e4hrend bestimmte Ventiltypen bestimmte f\u00fcr dieses Design typische Komponenten enthalten, haben alle Industrieventile dieselben Hauptkomponenten. In diesem Abschnitt werden die verschiedenen Ventilteile erl\u00e4utert.<\/p>\r\n\r\n\r\n\r\n<h3 class=\"wp-block-heading\">K\u00f6rper<\/h3>\r\n\r\n\r\n\r\n<p>Der K\u00f6rper beherbergt die Innenteile des Ventils, einschlie\u00dflich der Innengarnitur. Dies ist auch der Durchgang f\u00fcr die Fl\u00fcssigkeit. <a href=\"https:\/\/zecovalve.com\/de\/\" data-internallinksmanager029f6b8e52c=\"9\" title=\"Hersteller von Industrieventilen\" target=\"_blank\" rel=\"noopener\">Hersteller von Industriearmaturen<\/a> Dies kann auf eine der drei Arten erfolgen: gegossen, geschmiedet oder hergestellt. Der K\u00f6rper verbindet das Ventil au\u00dferdem an beiden Enden mit dem Rohrsystem.<\/p>\r\n\r\n\r\n\r\n<h3 class=\"wp-block-heading\">Motorhaube<\/h3>\r\n\r\n\r\n\r\n<p>Die beiden Funktionen der Motorhaube sind:<\/p>\r\n\r\n\r\n\r\n<p>Es beherbergt die Innenteile der Ventile.<\/p>\r\n\r\n\r\n\r\n<p>Es st\u00fctzt den Schaft, da es sich bei vielen Ventiltypen im oberen Bereich der Ventilhaube befindet.<\/p>\r\n\r\n\r\n\r\n<h3 class=\"wp-block-heading\">Ventilverkleidung<\/h3>\r\n\r\n\r\n\r\n<p>Die Ventilinnenverkleidung bezieht sich auf alle Ventilteile, die mit dem Durchflussmedium in Kontakt kommen. Dies sind die Scheibe, der Ventilsitz und der Schaft. Beachten Sie, dass einige Ventile zus\u00e4tzliche Teile haben k\u00f6nnen, aber im Allgemeinen sind diese drei bei den meisten Ventilen immer vorhanden.<\/p>\r\n\r\n\r\n\r\n<p>Die Art des Ventilsitzes und der Ventilscheibe sowie die Platzierung der Ventilscheibe im Verh\u00e4ltnis zum Ventilsitz bestimmen die Leistung der Ventilinnenverkleidung. Die Kombination aus Ventilscheibe, Ventilsitz und Ventilschaft bestimmt au\u00dferdem die Bewegung und Steuerung des Ventils.<\/p>\r\n\r\n\r\n\r\n<ul class=\"wp-block-list\">\r\n<li>Scheibe\r\n<ul>\r\n<li>Die Scheibe hat je nach Ventiltyp alternative Namen. Kugel und Schieber sind zwei weitere Namen f\u00fcr die Scheibe. Dieser Teil kann als Drossel fungieren oder den Medienfluss vom Ventil zu den Rohren stoppen\/zulassen.<\/li>\r\n<\/ul>\r\n<\/li>\r\n<li>Sitz\r\n<ul>\r\n<li>Der Sitz dient als Polster f\u00fcr die Scheibe. Ein anderer Name daf\u00fcr ist Dichtungsringe. Einige Ventiltypen haben einen Sitz, andere zwei oder mehr. Je mehr Sitze, desto besser die Abdichtung. Mehrwegeventile haben mehr Sitze, da sie mehr als einen Ausgang haben. Einige Sitze sind in die Ventilstruktur integriert. Andere sind austauschbar.<\/li>\r\n<li>Die Qualit\u00e4t des Ventilsitzes wirkt sich direkt auf die Wirksamkeit der Leckageverhinderung aus. Abh\u00e4ngig von den Anforderungen wie der Art des Durchflussmediums, der Temperatur- und Druckanzeige usw. bestehen Ventile entweder aus Elastomeren wie Teflon oder aus Metall.<\/li>\r\n<\/ul>\r\n<\/li>\r\n<li>Vorbau\r\n<ul>\r\n<li>Der Schaft ist die Welle, die die Scheibe mit dem Antrieb verbindet. Dieser Teil liefert die zum \u00d6ffnen oder Schlie\u00dfen der Scheibe erforderliche Bewegung. Die \u00d6ffnungs- und Schlie\u00dfbewegungen sind entweder linear wie bei Schieber- oder Kugelh\u00e4hnen oder rotierend wie bei Absperrklappen und Kugelh\u00e4hnen.<\/li>\r\n<\/ul>\r\n<\/li>\r\n<li>Bolzen\r\n<ul>\r\n<li>Bolzen halten ein Ventilteil an einem anderen, z. B. die Haube am K\u00f6rper. Die Bolzen sorgen f\u00fcr eine bessere Abdichtung.<\/li>\r\n<\/ul>\r\n<\/li>\r\n<li>Bet\u00e4tigungselement\r\n<ul>\r\n<li>Der Antrieb hat viele Namen, beispielsweise R\u00e4der, Hebel und Griffe. Meistens folgen die Namen dem Design des Antriebs. Schieber und Kugelh\u00e4hne haben manuelle Handr\u00e4der als Antriebe. Kugelh\u00e4hne, K\u00fckenh\u00e4hne und Absperrklappen hingegen haben Hebel, die als Antriebe fungieren. W\u00e4hrend manuelle Antriebe \u00fcblich sind, gibt es Umst\u00e4nde, unter denen Automatisierung oder Strom die ideale Art der Bet\u00e4tigung sind. Es gibt Probleme mit der Ventilposition, beispielsweise wenn sie entfernt ist. Die Zeit l\u00e4sst es nicht zu, dass die Ventile mit manuellen Methoden schnell ge\u00f6ffnet werden.<\/li>\r\n<li>Das Ventil ist gro\u00df und der Druck zu hoch; das manuelle \u00d6ffnen wird riskant.<\/li>\r\n<\/ul>\r\n<\/li>\r\n<li>Verpackung\r\n<ul>\r\n<li>Dies wird auch als Dichtung bezeichnet. Die Packung dient als Dichtung zwischen Schaft und Deckel. Dies spielt eine wichtige Rolle, da die ordnungsgem\u00e4\u00dfe Installation der Packung die Lebensdauer des Ventils verl\u00e4ngert.<\/li>\r\n<li>Wird das Ventil zu locker eingebaut, leckt es. Wird es zu fest eingebaut, kann sich das Ventil nicht bewegen. Mit anderen Worten: Eine Stopfbuchse verringert Sch\u00e4den und erh\u00f6ht die Dichtf\u00e4higkeit des Ventils. Sie besteht aus f\u00fcnf Komponenten, n\u00e4mlich der Stopfbuchsenbrille, der Stopfbuchse, der Stopfbuchse und dem R\u00fccksitz.<\/li>\r\n<\/ul>\r\n<\/li>\r\n<li>Joch\r\n<ul>\r\n<li>Das Joch ist der Arm, der das Geh\u00e4use und die Haube mit dem Antrieb verbindet. Das Joch ist einteilig mit der Haube gefertigt und muss der auf den Antrieb ausge\u00fcbten Kraft standhalten. Das Joch enth\u00e4lt die Muttern und Buchsen, die als Verbindungsst\u00fccke zu anderen Teilen des Ventils dienen.<\/li>\r\n<\/ul>\r\n<\/li>\r\n<\/ul>\r\n\r\n\r\n\r\n<h2 class=\"wp-block-heading\" id=\"h-features-of-industrial-gate-valves\">Merkmale von Industrie-Schieberventilen<\/h2>\r\n\r\n\r\n\r\n<ul class=\"wp-block-list\">\r\n<li>Das ZECO-Industrieschieberventil ist mit einer Dichtung ausgestattet, die den Anforderungen des Austauschs von Packungen unter Druck im Wartungsbereich gerecht wird und beim Austauschen der Packung keine Leckagen gew\u00e4hrleistet. Im Vergleich zum urspr\u00fcnglichen Austauschprozess durch Demontage des Ventils ist die Geschwindigkeit erheblich h\u00f6her, das Personal spart Zeit und die Betriebszeit der Rohrleitung wird optimiert.<\/li>\r\n<li>Die Spindelmutter mit langem Gewinde verl\u00e4ngert die Lebensdauer des Gewindes und erm\u00f6glicht das Entfernen des Handrads in der vollst\u00e4ndig ge\u00f6ffneten Position.<\/li>\r\n<li>Flexible Graphitdichtung f\u00fcr Schieber der Klasse 150, Spiraldichtung f\u00fcr Schieber der Klassen 300 und 600 und Metallringdichtung f\u00fcr Schieber der Klasse 900 oder h\u00f6her (Klasse 600 ist auf Kundenwunsch erh\u00e4ltlich);<\/li>\r\n<li>W\u00e4hrend des \u00d6ffnens und Schlie\u00dfens des Ventils h\u00e4lt die integrierte F\u00fchrung im Ventilk\u00f6rper den Keil von der Mitte fern. Ohne die integrierte F\u00fchrung wird die Schieberdichtung verschoben, und die Struktur des ZECO-Industrieschiebers stabilisiert die Dichtleistung.<\/li>\r\n<\/ul>\r\n\r\n\r\n\r\n<h2 class=\"wp-block-heading\">Anwendungen von industriellen Schieberventilen<\/h2>\r\n\r\n\r\n\r\n<ul class=\"wp-block-list\">\r\n<li>Kosten- und Energieeffizienz<\/li>\r\n<li>Einfaches Geh\u00e4usedesign und einfache Bedienung<\/li>\r\n<li>Duale Durchflussrichtung, abh\u00e4ngig vom Medium<\/li>\r\n<li>Minimale Erosion<\/li>\r\n<li>Minimaler Druck durch Optimierung der Str\u00f6mung<\/li>\r\n<\/ul>\r\n\r\n\r\n\r\n<h2 class=\"wp-block-heading\" id=\"h-product-overview-of-industrial-gate-valves\">Produkt\u00fcbersicht Industrie-Schieber<\/h2>\r\n\r\n\r\n\r\n<figure class=\"wp-block-table is-style-stripes\">\r\n<table>\r\n<tbody>\r\n<tr>\r\n<td>GR\u00d6SSENBEREICH<\/td>\r\n<td>Gr\u00f6\u00dfenbereich von 1\/4\u201d \u2013 60\u201d<\/td>\r\n<\/tr>\r\n<tr>\r\n<td>DRUCKBEREICH<\/td>\r\n<td>Gr\u00f6\u00dfenbereich Druckbereich ANSI 150# bis ANSI 1500# Druckstufe<\/td>\r\n<\/tr>\r\n<tr>\r\n<td>MATERIALQUALIT\u00c4TEN<\/td>\r\n<td>WCB, A105N, LF2, LCC, CF8M, 316, 316L, A20, Hastelloy C, andere exotische Materialien<\/td>\r\n<\/tr>\r\n<tr>\r\n<td>VERKLEIDUNGSMATERIALIEN<\/td>\r\n<td>13Cr, SS 316, A20, Monel, Hastelloy C Schaft und Keil<\/td>\r\n<\/tr>\r\n<tr>\r\n<td>VERPACKUNGS- UND DICHTUNGSMATERIAL<\/td>\r\n<td>Graphit oder Teflon<\/td>\r\n<\/tr>\r\n<tr>\r\n<td>ENDE DER KONFIGURATIONEN<\/td>\r\n<td>Erh\u00f6hte Dichtleiste, RTJ, Gewinde, Einschwei\u00dfmuffe, Gewinde-X-Muffe<\/td>\r\n<\/tr>\r\n<tr>\r\n<td>NORMEN<\/td>\r\n<td>Geringe Emissionen, NACE-zertifiziert<\/td>\r\n<\/tr>\r\n<\/tbody>\r\n<\/table>\r\n<\/figure>\r\n\r\n\r\n\r\n<h2 class=\"wp-block-heading\">Hersteller von Industrieventilen<\/h2>\r\n\r\n\r\n\r\n<p>ZECO Valve ist ein Hersteller von Industriearmaturen, darunter Kugelh\u00e4hne, Schieber, Absperrventile, R\u00fcckschlagventile, Absperrklappen, K\u00fckenh\u00e4hne und Siebe. Unsere Armaturenfabrik in China erf\u00fcllt die Normen ANSI, API, DIN, GOST, BS, JIS, China GB und kundenspezifische Anforderungen. Unsere Produkte werden weltweit f\u00fcr eine breite Palette von Anwendungen in den Bereichen Erdgas, \u00d6l, \u00d6lraffination, Chemie, Schifffahrt, Stromerzeugung und Pipeline-Transport verkauft.<\/p>","protected":false},"excerpt":{"rendered":"<p>ZECO Valve ist ein nach API 600 zugelassener Hersteller von Schieberventilen. Was sind Industrieventile? In industriellen Anwendungen spielen Ventile eine wichtige Rolle \u2026 <a title=\"Industrieller Absperrschieber\" class=\"read-more\" href=\"https:\/\/zecovalve.com\/de\/produkt\/industrial-gate-valve\" aria-label=\"Mehr zu Industrial Gate Valve\">Weiterlesen ...<\/a><\/p>","protected":false},"featured_media":27878,"comment_status":"closed","ping_status":"closed","template":"","meta":{"_generate-full-width-content":"","kt_blocks_editor_width":""},"product_cat":[2052,2456],"product_tag":[2798],"class_list":["post-16127","product","type-product","status-publish","has-post-thumbnail","hentry","product_cat-gate-valve","product_cat-gate-valve-by-form","product_tag-osy-valve","sales-flash-overlay","woocommerce-text-align-center","woocommerce-image-align-center","do-quantity-buttons"],"featured_image_src_large":["https:\/\/zecovalve.com\/wp-content\/uploads\/2022\/06\/Industrial-Gate-Valve-1.jpg",800,600,false],"author_info":[],"comment_info":0,"taxonomy_info":{"product_cat":[{"value":2052,"label":"Gate Valve"},{"value":2456,"label":"Gate Valve By Form"}],"product_tag":[{"value":2798,"label":"OS&amp;Y Valve"}]},"yoast_head":"<!-- This site is optimized with the Yoast SEO Premium plugin v15.4 - https:\/\/yoast.com\/wordpress\/plugins\/seo\/ -->\n<title>Industrial Gate Valve - Gate Valve Manufacturer | ZECO Valve<\/title>\n<meta name=\"robots\" content=\"index, follow, max-snippet:-1, max-image-preview:large, max-video-preview:-1\" \/>\n<link rel=\"canonical\" href=\"https:\/\/zecovalve.com\/de\/produkt\/industrial-gate-valve\" \/>\n<meta property=\"og:locale\" content=\"de_DE\" \/>\n<meta property=\"og:type\" content=\"article\" \/>\n<meta property=\"og:title\" content=\"Industrial Gate Valve - Gate Valve Manufacturer | ZECO Valve\" \/>\n<meta property=\"og:description\" content=\"ZECO Valve is an API 600 approved Gate Valve Manufacturer. What are Industrial Valves? In industrial applications, valves play a vital role ... Weiterlesen ...\" \/>\n<meta property=\"og:url\" content=\"https:\/\/zecovalve.com\/de\/produkt\/industrial-gate-valve\" \/>\n<meta property=\"og:site_name\" content=\"ZECO Valve\" \/>\n<meta property=\"article:modified_time\" content=\"2023-06-15T12:38:01+00:00\" \/>\n<meta property=\"og:image\" content=\"https:\/\/zecovalve.com\/wp-content\/uploads\/2022\/06\/Industrial-Gate-Valve-1.jpg\" \/>\n\t<meta property=\"og:image:width\" content=\"800\" \/>\n\t<meta property=\"og:image:height\" content=\"600\" \/>\n<meta name=\"twitter:card\" content=\"summary_large_image\" \/>\n<meta name=\"twitter:label1\" content=\"Verfasst von\">\n\t<meta name=\"twitter:data1\" content=\"Jerry\">\n\t<meta name=\"twitter:label2\" content=\"Gesch\u00e4tzte Lesezeit\">\n\t<meta name=\"twitter:data2\" content=\"6\u00a0Minuten\">\n<script type=\"application\/ld+json\" class=\"yoast-schema-graph\">{\"@context\":\"https:\/\/schema.org\",\"@graph\":[{\"@type\":\"WebSite\",\"@id\":\"https:\/\/zecovalve.com\/#website\",\"url\":\"https:\/\/zecovalve.com\/\",\"name\":\"ZECO Valve\",\"description\":\"Industrial Ball Valve, Gate Valve and Globe Valve Manufacturer\",\"potentialAction\":[{\"@type\":\"SearchAction\",\"target\":\"https:\/\/zecovalve.com\/?s={search_term_string}\",\"query-input\":\"required name=search_term_string\"}],\"inLanguage\":\"de\"},{\"@type\":\"ImageObject\",\"@id\":\"https:\/\/zecovalve.com\/product\/industrial-gate-valve#primaryimage\",\"inLanguage\":\"de\",\"url\":\"https:\/\/zecovalve.com\/wp-content\/uploads\/2022\/06\/Industrial-Gate-Valve-1.jpg\",\"width\":800,\"height\":600,\"caption\":\"Industrial Gate Valve\"},{\"@type\":\"WebPage\",\"@id\":\"https:\/\/zecovalve.com\/product\/industrial-gate-valve#webpage\",\"url\":\"https:\/\/zecovalve.com\/product\/industrial-gate-valve\",\"name\":\"Industrial Gate Valve - Gate Valve Manufacturer | ZECO Valve\",\"isPartOf\":{\"@id\":\"https:\/\/zecovalve.com\/#website\"},\"primaryImageOfPage\":{\"@id\":\"https:\/\/zecovalve.com\/product\/industrial-gate-valve#primaryimage\"},\"datePublished\":\"2022-06-19T13:33:53+00:00\",\"dateModified\":\"2023-06-15T12:38:01+00:00\",\"breadcrumb\":{\"@id\":\"https:\/\/zecovalve.com\/product\/industrial-gate-valve#breadcrumb\"},\"inLanguage\":\"de\",\"potentialAction\":[{\"@type\":\"ReadAction\",\"target\":[\"https:\/\/zecovalve.com\/product\/industrial-gate-valve\"]}]},{\"@type\":\"BreadcrumbList\",\"@id\":\"https:\/\/zecovalve.com\/product\/industrial-gate-valve#breadcrumb\",\"itemListElement\":[{\"@type\":\"ListItem\",\"position\":1,\"item\":{\"@type\":\"WebPage\",\"@id\":\"https:\/\/zecovalve.com\/\",\"url\":\"https:\/\/zecovalve.com\/\",\"name\":\"Home\"}},{\"@type\":\"ListItem\",\"position\":2,\"item\":{\"@type\":\"WebPage\",\"@id\":\"https:\/\/zecovalve.com\/product-category\",\"url\":\"https:\/\/zecovalve.com\/product-category\",\"name\":\"Industrial Valve Manufacturer | Water Valve Manufacturer\"}},{\"@type\":\"ListItem\",\"position\":3,\"item\":{\"@type\":\"WebPage\",\"@id\":\"https:\/\/zecovalve.com\/product\/industrial-gate-valve\",\"url\":\"https:\/\/zecovalve.com\/product\/industrial-gate-valve\",\"name\":\"Industrial Gate Valve\"}}]}]}<\/script>\n<!-- \/ Yoast SEO Premium plugin. -->","_links":{"self":[{"href":"https:\/\/zecovalve.com\/de\/wp-json\/wp\/v2\/product\/16127","targetHints":{"allow":["GET"]}}],"collection":[{"href":"https:\/\/zecovalve.com\/de\/wp-json\/wp\/v2\/product"}],"about":[{"href":"https:\/\/zecovalve.com\/de\/wp-json\/wp\/v2\/types\/product"}],"replies":[{"embeddable":true,"href":"https:\/\/zecovalve.com\/de\/wp-json\/wp\/v2\/comments?post=16127"}],"wp:featuredmedia":[{"embeddable":true,"href":"https:\/\/zecovalve.com\/de\/wp-json\/wp\/v2\/media\/27878"}],"wp:attachment":[{"href":"https:\/\/zecovalve.com\/de\/wp-json\/wp\/v2\/media?parent=16127"}],"wp:term":[{"taxonomy":"product_cat","embeddable":true,"href":"https:\/\/zecovalve.com\/de\/wp-json\/wp\/v2\/product_cat?post=16127"},{"taxonomy":"product_tag","embeddable":true,"href":"https:\/\/zecovalve.com\/de\/wp-json\/wp\/v2\/product_tag?post=16127"}],"curies":[{"name":"wp","href":"https:\/\/api.w.org\/{rel}","templated":true}]}}