{"id":16131,"date":"2022-06-19T13:46:32","date_gmt":"2022-06-19T13:46:32","guid":{"rendered":"https:\/\/zecovalve.com\/?post_type=product&#038;p=16131"},"modified":"2022-09-01T00:48:37","modified_gmt":"2022-09-01T00:48:37","slug":"3-inch-butterfly-valve","status":"publish","type":"product","link":"https:\/\/zecovalve.com\/de\/produkt\/3-inch-butterfly-valve","title":{"rendered":"3-Zoll-Drosselklappe"},"content":{"rendered":"<figure class=\"wp-block-image alignnone size-full is-resized size-medium wp-image-16132\"><img loading=\"lazy\" decoding=\"async\" class=\"wp-image-14003\" src=\"https:\/\/zecovalve.com\/wp-content\/uploads\/2022\/01\/20220105083946-61d55952c8bd2.jpg\" alt=\"\" width=\"449\" height=\"350\" srcset=\"https:\/\/zecovalve.com\/wp-content\/uploads\/2022\/01\/20220105083946-61d55952c8bd2.jpg 898w, https:\/\/zecovalve.com\/wp-content\/uploads\/2022\/01\/20220105083946-61d55952c8bd2-600x468.jpg 600w, https:\/\/zecovalve.com\/wp-content\/uploads\/2022\/01\/20220105083946-61d55952c8bd2-300x234.jpg 300w, https:\/\/zecovalve.com\/wp-content\/uploads\/2022\/01\/20220105083946-61d55952c8bd2-768x599.jpg 768w\" sizes=\"auto, (max-width: 449px) 100vw, 449px\" \/><\/figure>\r\n\r\n\r\n<div class=\"gb-button-wrapper gb-button-wrapper-6d8495a3\">\r\n\r\n\r\n<p><a class=\"gb-button gb-button-3d442e11 gb-button-text\" href=\"mailto:commercial@zecovalve.com\" target=\"_blank\" rel=\"noopener noreferrer\"><strong>ERHALTEN SIE DEN PREIS F\u00dcR 3-ZOLL-WAFER-ABSCHEIDVENTILE<\/strong><\/a><\/p>\r\n<\/div>\r\n\r\n\r\n\r\n\r\n<h2 class=\"wp-block-heading\" id=\"h-what-is-3-inch-wafer-type-butterfly-valve\">Was ist ein 3-Zoll-Wafer-Absperrventil?<\/h2>\r\n\r\n\r\n\r\n<p>Das 3-Zoll-Wafer-Absperrventil ist ein Durchflussregelmechanismus, der eine rotierende Scheibe verwendet, um das Durchflussmedium im System zu steuern. Die Scheibe bleibt im Durchgang, bietet aber aufgrund ihrer D\u00fcnnheit nur sehr geringen Widerstand gegen den Durchfluss.<\/p>\r\n\r\n\r\n\r\n<p>Die h\u00e4ufigste Art von Absperrklappen ist eine zentrische oder konzentrische Absperrklappe. Diese Art von Absperrklappe besteht aus einem Schaft, der entlang der Mittellinie der Scheibe in der Mitte der Rohrbohrung verl\u00e4uft, und einem Sitz im Innendurchmesser des Ventilk\u00f6rpers. Diese Ventilkonfiguration ohne Versatz wird auch als Ventil mit elastischem Sitz bezeichnet, da die Zuverl\u00e4ssigkeit der Abdichtung von der Flexibilit\u00e4t des Sitzgummis abh\u00e4ngt, wenn der Durchfluss geschlossen ist. Bei dieser Art von Ventil interagiert die Scheibe bei einer 90\u00b0-Drehung zun\u00e4chst bei etwa 85\u00b0 mit dem Sitz. Konzentrische Absperrklappen werden h\u00e4ufig in Niederdruckanwendungen eingesetzt.<\/p>\r\n\r\n\r\n\r\n<h2 class=\"wp-block-heading\">Abmessungen und Gewicht des 3-Zoll-Absperrventils<\/h2>\r\n\r\n\r\n\r\n<table border=\"=1\" width=\"800\">\r\n<tbody>\r\n<tr>\r\n<td rowspan=\"2\">Druckstufe<\/td>\r\n<td style=\"text-align: center;\" colspan=\"3\">\u00a0Abmessung von Fl\u00e4che zu Fl\u00e4che (in mm)<\/td>\r\n<td style=\"text-align: center;\">Gewicht<\/td>\r\n<\/tr>\r\n<tr>\r\n<td style=\"text-align: center;\">RF<\/td>\r\n<td style=\"text-align: center;\">WAFER<\/td>\r\n<td style=\"text-align: center;\">SCHLEPPEN<\/td>\r\n<td style=\"text-align: center;\">kg<\/td>\r\n<\/tr>\r\n<tr>\r\n<td>KLASSE 150<\/td>\r\n<td style=\"text-align: center;\">114<\/td>\r\n<td style=\"text-align: center;\">46<\/td>\r\n<td style=\"text-align: center;\">46<\/td>\r\n<td style=\"text-align: center;\">8<\/td>\r\n<\/tr>\r\n<\/tbody>\r\n<\/table>\r\n\r\n\r\n\r\n<h2 class=\"wp-block-heading\">Anwendungen von 3 Absperrklappen vom Wafertyp<\/h2>\r\n\r\n\r\n\r\n<ul class=\"wp-block-list\">\r\n<li>Allgemeine Industrie<\/li>\r\n<li>HVAC<\/li>\r\n<li>Wasser<\/li>\r\n<li>Chemische\/Petrochemische Verarbeitung<\/li>\r\n<li>Nahrungsmittel und Getr\u00e4nke<\/li>\r\n<li>Energie und Versorgung<\/li>\r\n<li>Zellstoff und Papier<\/li>\r\n<li>Marine- und Handelsschiffbau<\/li>\r\n<\/ul>\r\n\r\n\r\n\r\n<h2 class=\"wp-block-heading\" id=\"h-features-of-3-inch-wafer-type-butterfly-valve\">Merkmale des 3-Zoll-Wafer-Absperrventils:<\/h2>\r\n\r\n\r\n\r\n<ul class=\"wp-block-list\">\r\n<li>Geeignet f\u00fcr den Einsatz mit Gasen und Fl\u00fcssigkeiten.<\/li>\r\n<li>Sitz mit Phenolr\u00fccken f\u00fcr optimale Abdichtung und Langzeitgebrauch.<\/li>\r\n<li>Das einteilige Schaftdesign gew\u00e4hrleistet eine gleichm\u00e4\u00dfige Drehmomentverteilung.<\/li>\r\n<li>Positive Absperrung in beide Richtungen.<\/li>\r\n<li>Direktmontage-Automatisierung.<\/li>\r\n<\/ul>\r\n\r\n\r\n\r\n<h2 class=\"wp-block-heading\" id=\"h-material-of-3-inch-butterfly-valve\">Material des 3-Zoll-Absperrventils:<\/h2>\r\n\r\n\r\n\r\n<figure class=\"wp-block-table is-style-stripes\">\r\n<table>\r\n<tbody>\r\n<tr>\r\n<td>Nein<\/td>\r\n<td>Teil<\/td>\r\n<td>Material<\/td>\r\n<\/tr>\r\n<tr>\r\n<td>1<\/td>\r\n<td>K\u00f6rper<\/td>\r\n<td>GGG50 \/ ASTM A126 B<\/td>\r\n<\/tr>\r\n<tr>\r\n<td>2<\/td>\r\n<td>Dichtungsring<\/td>\r\n<td>EPDM \/ NBR<\/td>\r\n<\/tr>\r\n<tr>\r\n<td>3<\/td>\r\n<td>Stift<\/td>\r\n<td>ASTM A276 304<\/td>\r\n<\/tr>\r\n<tr>\r\n<td>4<\/td>\r\n<td>Scheibe<\/td>\r\n<td>ASTM A351 CF8<\/td>\r\n<\/tr>\r\n<tr>\r\n<td>5<\/td>\r\n<td>Vorbau<\/td>\r\n<td>ASTM A276 420<\/td>\r\n<\/tr>\r\n<tr>\r\n<td>6<\/td>\r\n<td>Spindelpackung<\/td>\r\n<td>EPDM<\/td>\r\n<\/tr>\r\n<tr>\r\n<td>7<\/td>\r\n<td>Schraube<\/td>\r\n<td>ASTM A193 B8<\/td>\r\n<\/tr>\r\n<tr>\r\n<td>8<\/td>\r\n<td>Nuss<\/td>\r\n<td>ASTM A194 8<\/td>\r\n<\/tr>\r\n<\/tbody>\r\n<\/table>\r\n<\/figure>","protected":false},"excerpt":{"rendered":"<p>Was ist ein 3-Zoll-Wafer-Drosselventil? Ein 3-Zoll-Wafer-Drosselventil ist ein Durchflusskontrollmechanismus, der einen \u2026 verwendet. <a title=\"3-Zoll-Drosselklappe\" class=\"read-more\" href=\"https:\/\/zecovalve.com\/de\/produkt\/3-inch-butterfly-valve\" aria-label=\"Mehr zu 3 Zoll Absperrklappe\">Weiterlesen ...<\/a><\/p>","protected":false},"featured_media":14003,"comment_status":"closed","ping_status":"closed","template":"","meta":{"_generate-full-width-content":"","kt_blocks_editor_width":""},"product_cat":[2044,2470],"product_tag":[2806,2801],"class_list":["post-16131","product","type-product","status-publish","has-post-thumbnail","hentry","product_cat-butterfly-valve","product_cat-butterfly-valve-by-inch","product_tag-butterfly-valve-wafer-type","product_tag-wafer-type-butterfly-valve","sales-flash-overlay","woocommerce-text-align-center","woocommerce-image-align-center","do-quantity-buttons"],"featured_image_src_large":["https:\/\/zecovalve.com\/wp-content\/uploads\/2022\/01\/20220105083946-61d55952c8bd2.jpg",898,700,false],"author_info":[],"comment_info":0,"taxonomy_info":{"product_cat":[{"value":2044,"label":"Butterfly Valve"},{"value":2470,"label":"Butterfly Valve By Inch"}],"product_tag":[{"value":2806,"label":"Butterfly Valve Wafer Type"},{"value":2801,"label":"Wafer Type Butterfly Valve"}]},"yoast_head":"<!-- This site is optimized with the Yoast SEO Premium plugin v15.4 - https:\/\/yoast.com\/wordpress\/plugins\/seo\/ -->\n<title>3 inch Wafer Type Butterfly Valve - 3 Butterfly Valve Manufacturer | ZECO<\/title>\n<meta name=\"robots\" content=\"index, follow, max-snippet:-1, max-image-preview:large, max-video-preview:-1\" \/>\n<link rel=\"canonical\" href=\"https:\/\/zecovalve.com\/de\/produkt\/3-inch-butterfly-valve\" \/>\n<meta property=\"og:locale\" content=\"de_DE\" \/>\n<meta property=\"og:type\" content=\"article\" \/>\n<meta property=\"og:title\" content=\"3 inch Wafer Type Butterfly Valve - 3 Butterfly Valve Manufacturer | ZECO\" \/>\n<meta property=\"og:description\" content=\"What is 3 Inch Wafer Type Butterfly Valve? 3 inch Wafer Type Butterfly Valve is a flow control mechanism that uses a ... Weiterlesen ...\" \/>\n<meta property=\"og:url\" content=\"https:\/\/zecovalve.com\/de\/produkt\/3-inch-butterfly-valve\" \/>\n<meta property=\"og:site_name\" content=\"ZECO Valve\" \/>\n<meta property=\"article:modified_time\" content=\"2022-09-01T00:48:37+00:00\" \/>\n<meta property=\"og:image\" content=\"https:\/\/zecovalve.com\/wp-content\/uploads\/2022\/01\/20220105083946-61d55952c8bd2.jpg\" \/>\n\t<meta property=\"og:image:width\" content=\"898\" \/>\n\t<meta property=\"og:image:height\" content=\"700\" \/>\n<meta name=\"twitter:card\" content=\"summary_large_image\" \/>\n<meta name=\"twitter:label1\" content=\"Verfasst von\">\n\t<meta name=\"twitter:data1\" content=\"Jerry\">\n\t<meta name=\"twitter:label2\" content=\"Gesch\u00e4tzte Lesezeit\">\n\t<meta name=\"twitter:data2\" content=\"1\u00a0Minute\">\n<script type=\"application\/ld+json\" class=\"yoast-schema-graph\">{\"@context\":\"https:\/\/schema.org\",\"@graph\":[{\"@type\":\"WebSite\",\"@id\":\"https:\/\/zecovalve.com\/#website\",\"url\":\"https:\/\/zecovalve.com\/\",\"name\":\"ZECO Valve\",\"description\":\"Industrial Ball Valve, Gate Valve and Globe Valve Manufacturer\",\"potentialAction\":[{\"@type\":\"SearchAction\",\"target\":\"https:\/\/zecovalve.com\/?s={search_term_string}\",\"query-input\":\"required name=search_term_string\"}],\"inLanguage\":\"de\"},{\"@type\":\"ImageObject\",\"@id\":\"https:\/\/zecovalve.com\/product\/3-inch-butterfly-valve#primaryimage\",\"inLanguage\":\"de\",\"url\":\"https:\/\/zecovalve.com\/wp-content\/uploads\/2022\/01\/20220105083946-61d55952c8bd2.jpg\",\"width\":898,\"height\":700},{\"@type\":\"WebPage\",\"@id\":\"https:\/\/zecovalve.com\/product\/3-inch-butterfly-valve#webpage\",\"url\":\"https:\/\/zecovalve.com\/product\/3-inch-butterfly-valve\",\"name\":\"3 inch Wafer Type Butterfly Valve - 3 Butterfly Valve Manufacturer | ZECO\",\"isPartOf\":{\"@id\":\"https:\/\/zecovalve.com\/#website\"},\"primaryImageOfPage\":{\"@id\":\"https:\/\/zecovalve.com\/product\/3-inch-butterfly-valve#primaryimage\"},\"datePublished\":\"2022-06-19T13:46:32+00:00\",\"dateModified\":\"2022-09-01T00:48:37+00:00\",\"breadcrumb\":{\"@id\":\"https:\/\/zecovalve.com\/product\/3-inch-butterfly-valve#breadcrumb\"},\"inLanguage\":\"de\",\"potentialAction\":[{\"@type\":\"ReadAction\",\"target\":[\"https:\/\/zecovalve.com\/product\/3-inch-butterfly-valve\"]}]},{\"@type\":\"BreadcrumbList\",\"@id\":\"https:\/\/zecovalve.com\/product\/3-inch-butterfly-valve#breadcrumb\",\"itemListElement\":[{\"@type\":\"ListItem\",\"position\":1,\"item\":{\"@type\":\"WebPage\",\"@id\":\"https:\/\/zecovalve.com\/\",\"url\":\"https:\/\/zecovalve.com\/\",\"name\":\"Home\"}},{\"@type\":\"ListItem\",\"position\":2,\"item\":{\"@type\":\"WebPage\",\"@id\":\"https:\/\/zecovalve.com\/product-category\",\"url\":\"https:\/\/zecovalve.com\/product-category\",\"name\":\"Industrial Valve Manufacturer | Water Valve Manufacturer\"}},{\"@type\":\"ListItem\",\"position\":3,\"item\":{\"@type\":\"WebPage\",\"@id\":\"https:\/\/zecovalve.com\/product\/3-inch-butterfly-valve\",\"url\":\"https:\/\/zecovalve.com\/product\/3-inch-butterfly-valve\",\"name\":\"3 inch Butterfly Valve\"}}]}]}<\/script>\n<!-- \/ Yoast SEO Premium plugin. -->","_links":{"self":[{"href":"https:\/\/zecovalve.com\/de\/wp-json\/wp\/v2\/product\/16131","targetHints":{"allow":["GET"]}}],"collection":[{"href":"https:\/\/zecovalve.com\/de\/wp-json\/wp\/v2\/product"}],"about":[{"href":"https:\/\/zecovalve.com\/de\/wp-json\/wp\/v2\/types\/product"}],"replies":[{"embeddable":true,"href":"https:\/\/zecovalve.com\/de\/wp-json\/wp\/v2\/comments?post=16131"}],"wp:featuredmedia":[{"embeddable":true,"href":"https:\/\/zecovalve.com\/de\/wp-json\/wp\/v2\/media\/14003"}],"wp:attachment":[{"href":"https:\/\/zecovalve.com\/de\/wp-json\/wp\/v2\/media?parent=16131"}],"wp:term":[{"taxonomy":"product_cat","embeddable":true,"href":"https:\/\/zecovalve.com\/de\/wp-json\/wp\/v2\/product_cat?post=16131"},{"taxonomy":"product_tag","embeddable":true,"href":"https:\/\/zecovalve.com\/de\/wp-json\/wp\/v2\/product_tag?post=16131"}],"curies":[{"name":"wp","href":"https:\/\/api.w.org\/{rel}","templated":true}]}}