{"id":16135,"date":"2022-06-19T13:59:36","date_gmt":"2022-06-19T13:59:36","guid":{"rendered":"https:\/\/zecovalve.com\/?post_type=product&#038;p=16135"},"modified":"2023-06-15T12:44:49","modified_gmt":"2023-06-15T12:44:49","slug":"8-inch-gate-valve","status":"publish","type":"product","link":"https:\/\/zecovalve.com\/de\/produkt\/8-inch-gate-valve","title":{"rendered":"8-Zoll-Absperrschieber"},"content":{"rendered":"<p>8\u2033-Schieber sind Ventile mit linearer Bewegung, die den Druckabfall bei Anwendungen mit viskosen Fl\u00fcssigkeiten minimieren.<\/p>\r\n\r\n\r\n\r\n<figure class=\"wp-block-image size-full is-resized\">\r\n<p><img loading=\"lazy\" decoding=\"async\" class=\"wp-image-27874 size-medium\" src=\"https:\/\/zecovalve.com\/wp-content\/uploads\/2022\/06\/Through-Conduit-Gate-Valve-2-300x225.jpg\" alt=\"Schieber f\u00fcr Durchgangsrohre\" width=\"300\" height=\"225\" srcset=\"https:\/\/zecovalve.com\/wp-content\/uploads\/2022\/06\/Through-Conduit-Gate-Valve-2-300x225.jpg 300w, https:\/\/zecovalve.com\/wp-content\/uploads\/2022\/06\/Through-Conduit-Gate-Valve-2-768x576.jpg 768w, https:\/\/zecovalve.com\/wp-content\/uploads\/2022\/06\/Through-Conduit-Gate-Valve-2-600x450.jpg 600w, https:\/\/zecovalve.com\/wp-content\/uploads\/2022\/06\/Through-Conduit-Gate-Valve-2.jpg 800w\" sizes=\"auto, (max-width: 300px) 100vw, 300px\" \/><\/p>\r\n<\/figure>\r\n\r\n\r\n<div class=\"gb-button-wrapper gb-button-wrapper-6d8495a3\">\r\n\r\n\r\n<p><a class=\"gb-button gb-button-3d442e11 gb-button-text\" href=\"mailto:commercial@zecovalve.com\" target=\"_blank\" rel=\"noopener noreferrer\"><strong>GET 8 Zoll TORVENTIL PREIS<\/strong><\/a><\/p>\r\n<\/div>\r\n\r\n\r\n\r\n\r\n<h2 class=\"wp-block-heading\" id=\"h-description-of-8-inch-gate-valve\">Beschreibung des 8-Zoll-Absperrschiebers:<\/h2>\r\n\r\n\r\n\r\n<p>Die Innenteile des ZECO 8-Zoll-Absperrschiebers werden von der Technologie-Abteilung gemacht, um die meisten Korrosionsbest\u00e4ndigkeit und Verschlei\u00dffestigkeit des Materials f\u00fcr die Produktion zu w\u00e4hlen, um sicherzustellen, dass alle Arten von korrosiven Medien in verschiedenen Druck verschiedenen Temperaturumgebungen Pipeline-Sicherheitsbetrieb f\u00fcr eine lange Zeit, nat\u00fcrlich, kann auch nach den tats\u00e4chlichen Bed\u00fcrfnissen der Nutzer und Anforderungen f\u00fcr die Produktion, Innenteile Material ZECO kann Edelstahl Innenteile, Duplex-Edelstahl Innenteile, und Tieftemperatur-Stahl Innenteile, um die Bed\u00fcrfnisse der verschiedenen Arbeitsbedingungen zu erf\u00fcllen bieten. F\u00fcr einige spezielle Arbeitsbedingungen kann ZECO den Anwendern ein komplettes Set von Rohrleitungsventill\u00f6sungen anbieten, so dass die Anwender die Konstruktion des Ventilsystems ZECO \u00fcberlassen und andere Rohrleitungsprobleme selbst l\u00f6sen k\u00f6nnen.<\/p>\r\n\r\n\r\n\r\n<h2 class=\"wp-block-heading\">Spezifikationen des 8\u2033-Schiebers<\/h2>\r\n\r\n\r\n\r\n<ul class=\"wp-block-list\">\r\n<li><strong>Material des Geh\u00e4uses:\u00a0<\/strong>Stahlguss<\/li>\r\n<li><strong>Ende Stil:\u00a0<\/strong>Geflanscht<\/li>\r\n<li><strong>Nenngr\u00f6\u00dfe:\u00a0<\/strong>8 in<\/li>\r\n<li><strong>Aktuator Typ:\u00a0<\/strong>Handrad<\/li>\r\n<li><strong>Softgoods Material:\u00a0<\/strong>Graphit-Packung<\/li>\r\n<li><strong>Standard: <\/strong>API 600-konform<\/li>\r\n<li><strong>Standard: <\/strong>NACE MR0175<\/li>\r\n<\/ul>\r\n\r\n\r\n\r\n<h2 class=\"wp-block-heading\" id=\"h-features-of-8-inch-gate-valves\">Merkmale von 8-Zoll-Schiebern<\/h2>\r\n\r\n\r\n\r\n<ul class=\"wp-block-list\">\r\n<li>Das Handrad des 8-Zoll-Schiebers von ZECO ist lange Zeit offen, was zu Rostsch\u00e4den f\u00fchren kann und ersetzt werden muss. In Anbetracht dieses Problems hat ZECO das Handrad so konstruiert, dass es abnehmbar ist, wenn das Ventil vollst\u00e4ndig ge\u00f6ffnet ist, und sichergestellt, dass sich der Schieber in der offenen Position befindet. Dar\u00fcber hinaus kann ZECO auch ein lackiertes Handrad verwenden, um den Korrosionsschutz des Handrads zu gew\u00e4hrleisten;<\/li>\r\n<li>ASTM A194 2H und ASTM A193B7 Muttern und Stehbolzen f\u00fcr normale Betriebsbedingungen; ZECO bietet ASTM A194 4 und ASTM A193B16 Muttern und Stehbolzen oder h\u00f6here Konfigurationen, wenn sie f\u00fcr den Einsatz bei hohen Temperaturen spezifiziert sind. ZECO-Edelstahlventile werden mit Standardschrauben aus ASTM A194 8 und ASTM A193 B8 Muttern und Bolzen geliefert;<\/li>\r\n<li>Die Ventilspindel des 8-Zoll-Schiebers von ZECO ist so konstruiert, dass ein Ausblasen der Ventilspindel verhindert wird, um Personen vor Verletzungen zu sch\u00fctzen, die durch das Herausfliegen der Ventilspindel aufgrund von Innendruckproblemen verursacht werden, wenn im Notfall Packungen oder andere Teile unter Druck ausgetauscht werden m\u00fcssen;<\/li>\r\n<li>ZECO 8 Zoll Schieber k\u00f6nnen bis 150LB ~2500LB, sicher und zuverl\u00e4ssig produziert werden.<\/li>\r\n<li>\u00c4u\u00dfere Schraube und Joch<\/li>\r\n<li>Flexible Keilscheibe<\/li>\r\n<li>Alle Sitzringe sind standardm\u00e4\u00dfig dichtgeschwei\u00dft<\/li>\r\n<li>Qualit\u00e4tsprozess vollst\u00e4ndig dokumentiert, Material vollst\u00e4ndig r\u00fcckverfolgbar<\/li>\r\n<li>Vollst\u00e4ndige Palette an Sonderausstattungen und Optionen verf\u00fcgbar<\/li>\r\n<li>Standardausf\u00fchrung: wcb-trim 8, andere Optionen sind m\u00f6glich<\/li>\r\n<\/ul>\r\n\r\n\r\n\r\n<h2 class=\"wp-block-heading\">Anwendungen von 8\u2033 Schieberventilen<\/h2>\r\n\r\n\r\n\r\n<p>Schieber erf\u00fcllen eine breite Palette von Anwendungen in der \u00d6l- und Gasindustrie, der pharmazeutischen Industrie und der Fertigungsindustrie.<\/p>\r\n\r\n\r\n\r\n<h2 class=\"wp-block-heading\" id=\"h-material-of-8-inch-gate-valves\">Material von 8 Zoll Schieberventilen<\/h2>\r\n\r\n\r\n\r\n<figure class=\"wp-block-table\">\r\n<table>\r\n<tbody>\r\n<tr>\r\n<td>Nein<\/td>\r\n<td>Teil<\/td>\r\n<td>Material<\/td>\r\n<\/tr>\r\n<tr>\r\n<td>1<\/td>\r\n<td>K\u00f6rper<\/td>\r\n<td>ASTM A351 CF3M<\/td>\r\n<\/tr>\r\n<tr>\r\n<td>2<\/td>\r\n<td>Sitzring<\/td>\r\n<td>ASTM A182 F316L + STL<\/td>\r\n<\/tr>\r\n<tr>\r\n<td>3<\/td>\r\n<td>Keil<\/td>\r\n<td>ASTM A351 CF3M + STL<\/td>\r\n<\/tr>\r\n<tr>\r\n<td>4<\/td>\r\n<td>Vorbau<\/td>\r\n<td>ASTM A276 316L<\/td>\r\n<\/tr>\r\n<tr>\r\n<td>5<\/td>\r\n<td>Dichtung der Motorhaube<\/td>\r\n<td>Graphit + SS316L<\/td>\r\n<\/tr>\r\n<tr>\r\n<td>6<\/td>\r\n<td>Motorhaubenbolzen<\/td>\r\n<td>ASTM A193 B8M<\/td>\r\n<\/tr>\r\n<tr>\r\n<td>7<\/td>\r\n<td>Haubenmutter<\/td>\r\n<td>ASTM A194 8M<\/td>\r\n<\/tr>\r\n<tr>\r\n<td>8<\/td>\r\n<td>Motorhaube<\/td>\r\n<td>ASTM A351 CF3M<\/td>\r\n<\/tr>\r\n<tr>\r\n<td>9<\/td>\r\n<td>R\u00fccksitz<\/td>\r\n<td>ASTM A182 F316L<\/td>\r\n<\/tr>\r\n<tr>\r\n<td>10<\/td>\r\n<td>Spindelpackung<\/td>\r\n<td>Verst\u00e4rkter Graphit<\/td>\r\n<\/tr>\r\n<tr>\r\n<td>11<\/td>\r\n<td>Handrad<\/td>\r\n<td>KTH330-08<\/td>\r\n<\/tr>\r\n<\/tbody>\r\n<\/table>\r\n<\/figure>","protected":false},"excerpt":{"rendered":"<p>8-Zoll-Schieber sind leistungsstarke Linearbewegungsventile, die darauf ausgelegt sind, den Druckabfall bei Anwendungen mit viskosen Medien zu minimieren \u2026 <a title=\"8-Zoll-Absperrschieber\" class=\"read-more\" href=\"https:\/\/zecovalve.com\/de\/produkt\/8-inch-gate-valve\" aria-label=\"Mehr zu 8 Zoll Schieberventil\">Weiterlesen ...<\/a><\/p>","protected":false},"featured_media":27874,"comment_status":"closed","ping_status":"closed","template":"","meta":{"_generate-full-width-content":"","kt_blocks_editor_width":""},"product_cat":[2052,2458],"product_tag":[],"class_list":["post-16135","product","type-product","status-publish","has-post-thumbnail","hentry","product_cat-gate-valve","product_cat-gate-valve-by-inch","sales-flash-overlay","woocommerce-text-align-center","woocommerce-image-align-center","do-quantity-buttons"],"featured_image_src_large":["https:\/\/zecovalve.com\/wp-content\/uploads\/2022\/06\/Through-Conduit-Gate-Valve-2.jpg",800,600,false],"author_info":[],"comment_info":0,"taxonomy_info":{"product_cat":[{"value":2052,"label":"Gate Valve"},{"value":2458,"label":"Gate Valve By Inch"}]},"yoast_head":"<!-- This site is optimized with the Yoast SEO Premium plugin v15.4 - https:\/\/yoast.com\/wordpress\/plugins\/seo\/ -->\n<title>8&quot; Gate Valve - Competitive 8 inch Gate Valve Price | ZECO Valve<\/title>\n<meta name=\"robots\" content=\"index, follow, max-snippet:-1, max-image-preview:large, max-video-preview:-1\" \/>\n<link rel=\"canonical\" href=\"https:\/\/zecovalve.com\/de\/produkt\/8-inch-gate-valve\" \/>\n<meta property=\"og:locale\" content=\"de_DE\" \/>\n<meta property=\"og:type\" content=\"article\" \/>\n<meta property=\"og:title\" content=\"8&quot; Gate Valve - Competitive 8 inch Gate Valve Price | ZECO Valve\" \/>\n<meta property=\"og:description\" content=\"8&#8243; Gate Valves are linear motion valves that perform and are designed to minimize the pressure drop in applications that involve viscous ... Weiterlesen ...\" \/>\n<meta property=\"og:url\" content=\"https:\/\/zecovalve.com\/de\/produkt\/8-inch-gate-valve\" \/>\n<meta property=\"og:site_name\" content=\"ZECO Valve\" \/>\n<meta property=\"article:modified_time\" content=\"2023-06-15T12:44:49+00:00\" \/>\n<meta property=\"og:image\" content=\"https:\/\/zecovalve.com\/wp-content\/uploads\/2022\/06\/Through-Conduit-Gate-Valve-2.jpg\" \/>\n\t<meta property=\"og:image:width\" content=\"800\" \/>\n\t<meta property=\"og:image:height\" content=\"600\" \/>\n<meta name=\"twitter:card\" content=\"summary_large_image\" \/>\n<meta name=\"twitter:label1\" content=\"Verfasst von\">\n\t<meta name=\"twitter:data1\" content=\"Jerry\">\n\t<meta name=\"twitter:label2\" content=\"Gesch\u00e4tzte Lesezeit\">\n\t<meta name=\"twitter:data2\" content=\"2\u00a0Minuten\">\n<script type=\"application\/ld+json\" class=\"yoast-schema-graph\">{\"@context\":\"https:\/\/schema.org\",\"@graph\":[{\"@type\":\"WebSite\",\"@id\":\"https:\/\/zecovalve.com\/#website\",\"url\":\"https:\/\/zecovalve.com\/\",\"name\":\"ZECO Valve\",\"description\":\"Industrial Ball Valve, Gate Valve and Globe Valve Manufacturer\",\"potentialAction\":[{\"@type\":\"SearchAction\",\"target\":\"https:\/\/zecovalve.com\/?s={search_term_string}\",\"query-input\":\"required name=search_term_string\"}],\"inLanguage\":\"de\"},{\"@type\":\"ImageObject\",\"@id\":\"https:\/\/zecovalve.com\/product\/8-inch-gate-valve#primaryimage\",\"inLanguage\":\"de\",\"url\":\"https:\/\/zecovalve.com\/wp-content\/uploads\/2022\/06\/Through-Conduit-Gate-Valve-2.jpg\",\"width\":800,\"height\":600,\"caption\":\"Through Conduit Gate Valve\"},{\"@type\":\"WebPage\",\"@id\":\"https:\/\/zecovalve.com\/product\/8-inch-gate-valve#webpage\",\"url\":\"https:\/\/zecovalve.com\/product\/8-inch-gate-valve\",\"name\":\"8\\\" Gate Valve - Competitive 8 inch Gate Valve Price | ZECO Valve\",\"isPartOf\":{\"@id\":\"https:\/\/zecovalve.com\/#website\"},\"primaryImageOfPage\":{\"@id\":\"https:\/\/zecovalve.com\/product\/8-inch-gate-valve#primaryimage\"},\"datePublished\":\"2022-06-19T13:59:36+00:00\",\"dateModified\":\"2023-06-15T12:44:49+00:00\",\"breadcrumb\":{\"@id\":\"https:\/\/zecovalve.com\/product\/8-inch-gate-valve#breadcrumb\"},\"inLanguage\":\"de\",\"potentialAction\":[{\"@type\":\"ReadAction\",\"target\":[\"https:\/\/zecovalve.com\/product\/8-inch-gate-valve\"]}]},{\"@type\":\"BreadcrumbList\",\"@id\":\"https:\/\/zecovalve.com\/product\/8-inch-gate-valve#breadcrumb\",\"itemListElement\":[{\"@type\":\"ListItem\",\"position\":1,\"item\":{\"@type\":\"WebPage\",\"@id\":\"https:\/\/zecovalve.com\/\",\"url\":\"https:\/\/zecovalve.com\/\",\"name\":\"Home\"}},{\"@type\":\"ListItem\",\"position\":2,\"item\":{\"@type\":\"WebPage\",\"@id\":\"https:\/\/zecovalve.com\/product-category\",\"url\":\"https:\/\/zecovalve.com\/product-category\",\"name\":\"Industrial Valve Manufacturer | Water Valve Manufacturer\"}},{\"@type\":\"ListItem\",\"position\":3,\"item\":{\"@type\":\"WebPage\",\"@id\":\"https:\/\/zecovalve.com\/product\/8-inch-gate-valve\",\"url\":\"https:\/\/zecovalve.com\/product\/8-inch-gate-valve\",\"name\":\"8 inch Gate Valve\"}}]}]}<\/script>\n<!-- \/ Yoast SEO Premium plugin. -->","_links":{"self":[{"href":"https:\/\/zecovalve.com\/de\/wp-json\/wp\/v2\/product\/16135","targetHints":{"allow":["GET"]}}],"collection":[{"href":"https:\/\/zecovalve.com\/de\/wp-json\/wp\/v2\/product"}],"about":[{"href":"https:\/\/zecovalve.com\/de\/wp-json\/wp\/v2\/types\/product"}],"replies":[{"embeddable":true,"href":"https:\/\/zecovalve.com\/de\/wp-json\/wp\/v2\/comments?post=16135"}],"wp:featuredmedia":[{"embeddable":true,"href":"https:\/\/zecovalve.com\/de\/wp-json\/wp\/v2\/media\/27874"}],"wp:attachment":[{"href":"https:\/\/zecovalve.com\/de\/wp-json\/wp\/v2\/media?parent=16135"}],"wp:term":[{"taxonomy":"product_cat","embeddable":true,"href":"https:\/\/zecovalve.com\/de\/wp-json\/wp\/v2\/product_cat?post=16135"},{"taxonomy":"product_tag","embeddable":true,"href":"https:\/\/zecovalve.com\/de\/wp-json\/wp\/v2\/product_tag?post=16135"}],"curies":[{"name":"wp","href":"https:\/\/api.w.org\/{rel}","templated":true}]}}