{"id":16139,"date":"2022-06-19T14:04:52","date_gmt":"2022-06-19T14:04:52","guid":{"rendered":"https:\/\/zecovalve.com\/?post_type=product&#038;p=16139"},"modified":"2023-06-15T13:57:33","modified_gmt":"2023-06-15T13:57:33","slug":"a105-globe-valve","status":"publish","type":"product","link":"https:\/\/zecovalve.com\/de\/produkt\/a105-globe-valve","title":{"rendered":"Dampf-Durchgangsventil"},"content":{"rendered":"<p>ZECO-Dampfstahl-Absperrventile, Konstruktion und Herstellung gem\u00e4\u00df den internationalen Standards API 602, API 623, DIN3202 oder gleichwertig.<\/p>\r\n\r\n\r\n\r\n<figure id=\"attachment_17566\" class=\"wp-block-image\">\r\n<p><img loading=\"lazy\" decoding=\"async\" class=\"wp-image-27905 size-medium\" src=\"https:\/\/zecovalve.com\/wp-content\/uploads\/2022\/06\/Steam-Globe-Valve-1-300x225.jpg\" alt=\"Dampf-Durchgangsventil\" width=\"300\" height=\"225\" srcset=\"https:\/\/zecovalve.com\/wp-content\/uploads\/2022\/06\/Steam-Globe-Valve-1-300x225.jpg 300w, https:\/\/zecovalve.com\/wp-content\/uploads\/2022\/06\/Steam-Globe-Valve-1-768x576.jpg 768w, https:\/\/zecovalve.com\/wp-content\/uploads\/2022\/06\/Steam-Globe-Valve-1-600x450.jpg 600w, https:\/\/zecovalve.com\/wp-content\/uploads\/2022\/06\/Steam-Globe-Valve-1.jpg 800w\" sizes=\"auto, (max-width: 300px) 100vw, 300px\" \/><\/p>\r\n<\/figure>\r\n\r\n\r\n<div class=\"gb-button-wrapper gb-button-wrapper-6d8495a3\">\r\n\r\n\r\n<p><a class=\"gb-button gb-button-3d442e11 gb-button-text\" href=\"https:\/\/zecovalve.com\/de\/contact\/\" target=\"_blank\" rel=\"noopener noreferrer\"><strong>PREIS F\u00dcR DAMPFVENTIL ERHALTEN<\/strong><\/a><\/p>\r\n<\/div>\r\n\r\n\r\n\r\n\r\n<h2 class=\"wp-block-heading\">Was ist ein Dampfabsperrventil?<\/h2>\r\n\r\n\r\n\r\n<p>Ein Dampf-Durchgangsventil ist eine Art Durchgangsventil, das zur Steuerung des Dampfflusses verwendet wird. Dampf-Durchgangsventile werden zum Drosseln, \u00d6ffnen und Schlie\u00dfen des Fl\u00fcssigkeitsflusses verwendet. Diese Ventile werden auch zur Steuerung des Dampfdruckflusses verwendet. Dampf-Durchgangsventile werden in verschiedenen Anwendungen wie Lebensmitteln und Getr\u00e4nken, Pharmazeutika und Dampfkraftwerken verwendet. Bei Anwendungen wie Hygiene (z. B. in Lebensmitteln und Pharmazeutika) werden diese Ventile verwendet, um den Dampf freizusetzen, damit er mit dem Endprodukt in Kontakt kommt und sehr sauber sein muss. Hersteller von Dampf-Durchgangsventilen konstruieren den K\u00f6rper dieser Ventile aus starkem Metallmaterial. Dies verleiht dem K\u00f6rper eine hohe Festigkeit, um hohem Druck und hohen Temperaturen wie 700 \u00b0C standzuhalten. Zu den von Herstellern von Dampf-Durchgangsventilen verwendeten Materialien f\u00fcr den K\u00f6rper geh\u00f6ren Gusseisen, Sph\u00e4roguss, Edelstahl und Kohlenstoffstahl. Dampf-Durchgangsventile sind entweder manuelle oder automatische Ventile. Die manuellen Dampf-Durchgangsventile werden vom Ventilbediener mit dem Handrad bedient, w\u00e4hrend die automatischen Ventile mit Ventilantrieben bedient werden. Als Ventilantriebe kommen in Dampfventilen elektrische, pneumatische und hydraulische Antriebe zum Einsatz.<\/p>\r\n\r\n\r\n\r\n<h2 class=\"wp-block-heading\" id=\"h-steam-globe-valve-operations\">Betrieb von Dampfventilen<\/h2>\r\n\r\n\r\n\r\n<p>Dampf-Absperrventile werden \u00fcblicherweise zur Regulierung des Durchflusses in Rohrleitungen verwendet. Anstatt dem \u201eAlles oder Nichts\u201c-Ansatz eines Schieberventils zu folgen, regeln Absperrventile durch die Position einer beweglichen Scheibe (oder eines Stopfens) im Verh\u00e4ltnis zum station\u00e4ren Ringsitz.<\/p>\r\n\r\n\r\n\r\n<p>Die typischste Funktion eines Absperrventils ist die Drosselung der Durchflussmenge. Sie sind daf\u00fcr ausgelegt, den Durchfluss eines bestimmten Mediums in linearer Bewegung zu stoppen, zu starten und zu regulieren. Sie k\u00f6nnen jedoch auch Richtungs\u00e4nderungen ber\u00fccksichtigen, die zu einem gr\u00f6\u00dferen Durchflusswiderstand und h\u00f6heren Druckabf\u00e4llen f\u00fchren.<\/p>\r\n\r\n\r\n\r\n<p>W\u00e4hrend sie sich hervorragend f\u00fcr Ein-\/Aus-Anwendungen eignen, sind Durchgangsventile viel besser f\u00fcr h\u00e4ufiges Schalten und die Steuerung von Medien zwischen der offenen und geschlossenen Position geeignet. Durchgangsventile sind \u00e4u\u00dferst vielseitig, was bedeutet, dass sie eine gro\u00dfe Bandbreite an Durchflussbereichen in verschiedenen Anwendungen abdecken k\u00f6nnen. Eine h\u00e4ufige Anwendung f\u00fcr Durchgangsventile ist die Dampfsteuerung.<\/p>\r\n\r\n\r\n\r\n<p>Das kompakte, aber aufgrund der hohen Festigkeit sehr robuste Design gew\u00e4hrleistet der Keil aus hochfester CoCr-Legierung (optional) geringe Reibung und lange Lebensdauer, die Vorspannung des Packungsrings auf 4000 psi mit hochdichter, verschwei\u00dfter Ventilhaube, Innengewinde des Ventildeckels, Drehmoment gem\u00e4\u00df technischem Drehmomentwert, die Ventilhaubenverbindung aus Schwei\u00dffestigkeit kann verdoppelt werden, um Leckagen zu verhindern. (Gewinde von K\u00f6rper\/Haube und Festigkeitsschwei\u00dfn\u00e4hte), der vollst\u00e4ndig gef\u00fchrte Keil verringert den Verschlei\u00df der Sitzfl\u00e4chen, optionale Doppelpackung, leckagefreie Verbindung, Nutzlast und Packungsausblasung zum einfachen Entfernen der alten Packung.<\/p>\r\n\r\n\r\n\r\n<h2 class=\"wp-block-heading\" id=\"h-advantages-of-steam-globe-valves\">Vorteile von Dampfventilen<\/h2>\r\n\r\n\r\n\r\n<ul class=\"wp-block-list\">\r\n<li>Die Sitzfl\u00e4chen sind gel\u00e4ppt, um eine glatte Oberfl\u00e4che und optimale Abdichtung zu gew\u00e4hrleisten.<\/li>\r\n<li>Schwenkbare Scheibe f\u00fcr optimalen Sitz und l\u00e4ngere Sitzlebensdauer;<\/li>\r\n<li>Die Spindeln von handradbet\u00e4tigten Ventilen sind drehbar\/steigend ausgef\u00fchrt.<\/li>\r\n<li>Bei jedem Ventil wird ein Geh\u00e4use-, Sitz- und R\u00fccksitzdrucktest gem\u00e4\u00df Industriestandard API 598 durchgef\u00fchrt.<\/li>\r\n<li>Die Stopfbuchse hat eine zweiteilige Stopfbuchsen-\/Stopfbuchsenflansch-Konstruktion f\u00fcr optimale Ausrichtung und gleichm\u00e4\u00dfige Packungskompression;<\/li>\r\n<li>Alternative Ventilmaterialien wie Chrom und Edelstahllegierungen \u2013 Alternative Verkleidungsmaterialien \u2013 Bypass-, Abfluss- und andere Zusatzanschl\u00fcsse \u2013 Getriebe-, Motor- und Zylinderantriebe verf\u00fcgbar.<\/li>\r\n<\/ul>\r\n\r\n\r\n\r\n<h2 class=\"wp-block-heading\">Absperrventile f\u00fcr Dampfanwendungen<\/h2>\r\n\r\n\r\n\r\n<p>Wenn Sie ein Regelventil f\u00fcr Dampfanwendungen in Betracht ziehen, spielen Temperatur und Druck eine wichtige Rolle bei Ihrer Entscheidungsfindung. Je h\u00f6her diese beiden Werte bei Ihrer gew\u00e4hlten Anwendung sind, desto st\u00e4rker wirkt sich dies auf den Dampf und das eingesetzte Ventil aus.<\/p>\r\n\r\n\r\n\r\n<p>W\u00e4hrend bei den meisten anderen Ventilen der Dampf durchbrechen und sie auseinanderrei\u00dfen w\u00fcrde, bieten Absperrventile eine h\u00f6here Widerstandsf\u00e4higkeit und k\u00f6nnten bei manchen Anwendungen theoretisch jahrelang halten.<\/p>\r\n\r\n\r\n\r\n<p>Der Ventiltyp, der am h\u00e4ufigsten mit Absperrventilen verglichen wird, ist der Schieber. Beide haben denselben Zweck, n\u00e4mlich den Medienfluss zu steuern. Schieber sollten jedoch immer entweder ge\u00f6ffnet oder geschlossen bleiben. Wenn Schieber wie Absperrventile teilweise ge\u00f6ffnet bleiben, werden sie mit der Zeit unbrauchbar.<\/p>\r\n\r\n\r\n\r\n<p>Dar\u00fcber hinaus sind Schieberventile nicht gut zum Drosseln geeignet, da dies zu \u00fcberm\u00e4\u00dfigem Verschlei\u00df durch Drahtziehen und Sitzerosion f\u00fchren w\u00fcrde. Ebenso w\u00fcrden Kugelh\u00e4hne besch\u00e4digt, wenn sie bei Dampfanwendungen teilweise ge\u00f6ffnet blieben, da ihnen die Feinsteuerung fehlt.<\/p>\r\n\r\n\r\n\r\n<p>Der zus\u00e4tzliche Vorteil von Absperrventilen bei Dampfanwendungen ist ihre F\u00e4higkeit, den Durchfluss pr\u00e4zise zu reduzieren. Sie werden h\u00e4ufig verwendet, um einen Durchfluss zu erzielen, der mit au\u00dfergew\u00f6hnlicher Genauigkeit berechnet werden kann. Dies ist bei Dampfregelungsanwendungen \u00e4u\u00dferst w\u00fcnschenswert.<\/p>\r\n\r\n\r\n\r\n<h2 class=\"wp-block-heading\" id=\"h-product-range-of-steam-globe-valves\">Lieferprogramm Dampfventile<\/h2>\r\n\r\n\r\n\r\n<ul class=\"wp-block-list\">\r\n<li>Geh\u00e4usematerial: Schmiedestahl, Kohlenstoffstahl, Edelstahl<\/li>\r\n<li>Nenndurchmesser: 1\/2\u2033\uff5e2 1\/2\u2033<\/li>\r\n<li>Druckbereich: Klasse 150\u20132500 (PN10\u2013PN420)<\/li>\r\n<li>Endanschluss: RF, RTJ, BW<\/li>\r\n<li>Arbeitstemperatur: -29 \u00b0C bis 560 \u00b0C.<\/li>\r\n<li>Bedienung: Handrad, Getriebe, elektrischer Antrieb usw.<\/li>\r\n<\/ul>\r\n\r\n\r\n\r\n<h2 class=\"wp-block-heading\" id=\"h-material-of-one-of-steam-globe-valves\">Material eines Dampfventils<\/h2>\r\n\r\n\r\n\r\n<figure class=\"wp-block-table\">\r\n<table>\r\n<tbody>\r\n<tr>\r\n<td>Nein<\/td>\r\n<td>Teil<\/td>\r\n<td>Material<\/td>\r\n<\/tr>\r\n<tr>\r\n<td>1<\/td>\r\n<td>K\u00f6rper<\/td>\r\n<td>ASTM A105<\/td>\r\n<\/tr>\r\n<tr>\r\n<td>2<\/td>\r\n<td>Sitzring<\/td>\r\n<td>ASTM A105 +13Cr<\/td>\r\n<\/tr>\r\n<tr>\r\n<td>3<\/td>\r\n<td>Scheibe<\/td>\r\n<td>ASTM A105 +13Cr<\/td>\r\n<\/tr>\r\n<tr>\r\n<td>4<\/td>\r\n<td>Dichtung<\/td>\r\n<td>Graphit + SS304<\/td>\r\n<\/tr>\r\n<tr>\r\n<td>5<\/td>\r\n<td>Vorbau<\/td>\r\n<td>ASTM A276 410<\/td>\r\n<\/tr>\r\n<tr>\r\n<td>6<\/td>\r\n<td>Motorhaube<\/td>\r\n<td>ASTM A105<\/td>\r\n<\/tr>\r\n<tr>\r\n<td>7<\/td>\r\n<td>Motorhaubenbolzen<\/td>\r\n<td>ASTM A193 B7<\/td>\r\n<\/tr>\r\n<tr>\r\n<td>8<\/td>\r\n<td>Spindelpackung<\/td>\r\n<td>Verst\u00e4rkter Graphit<\/td>\r\n<\/tr>\r\n<tr>\r\n<td>9<\/td>\r\n<td>Dr\u00fcse<\/td>\r\n<td>ASTM A276 410<\/td>\r\n<\/tr>\r\n<tr>\r\n<td>10<\/td>\r\n<td>Stopfbuchsenflansch<\/td>\r\n<td>ASTM A105<\/td>\r\n<\/tr>\r\n<tr>\r\n<td>11<\/td>\r\n<td>Handrad<\/td>\r\n<td>ASTM A197<\/td>\r\n<\/tr>\r\n<\/tbody>\r\n<\/table>\r\n<\/figure>\r\n\r\n\r\n\r\n<h2 class=\"wp-block-heading\">Details zum Kauf eines Dampfventils<\/h2>\r\n\r\n\r\n\r\n<figure class=\"wp-block-table\">\r\n<table>\r\n<tbody>\r\n<tr>\r\n<td>Marke<\/td>\r\n<td>ZECO<\/td>\r\n<\/tr>\r\n<tr>\r\n<td>Ventil Typ<\/td>\r\n<td>Dampf-Durchgangsventil<\/td>\r\n<\/tr>\r\n<tr>\r\n<td>Ventilmaterial<\/td>\r\n<td>Geschmiedeter Stahl, Kohlenstoffstahl, Edelstahl<\/td>\r\n<\/tr>\r\n<tr>\r\n<td>Ventiltest<\/td>\r\n<td>100% Menge vor Auslieferung getestet<\/td>\r\n<\/tr>\r\n<tr>\r\n<td>Ventilgarantie<\/td>\r\n<td>18 Monate ab Versanddatum ab Werk oder 12 Monate ab Installationsdatum der Ware.<\/td>\r\n<\/tr>\r\n<tr>\r\n<td>Ventillackierung<\/td>\r\n<td>Kundenanfrage<\/td>\r\n<\/tr>\r\n<tr>\r\n<td>Ventilpaket<\/td>\r\n<td>Holzkiste<\/td>\r\n<\/tr>\r\n<tr>\r\n<td>Mindestbestellmenge<\/td>\r\n<td>Keine Anforderung<\/td>\r\n<\/tr>\r\n<tr>\r\n<td>Ventilzertifikat<\/td>\r\n<td>API 623 \/ API 602 \/ BS 1873 \/ CE \/ ISO9001 \/ ISO14001<\/td>\r\n<\/tr>\r\n<tr>\r\n<td>Lieferdetails<\/td>\r\n<td>Versand innerhalb von 4 oder 6 Wochen nach Zahlungseingang<\/td>\r\n<\/tr>\r\n<tr>\r\n<td>Hafen<\/td>\r\n<td>SCHANGHAI<\/td>\r\n<\/tr>\r\n<tr>\r\n<td>Zahlungsbedingungen<\/td>\r\n<td>Akkreditiv, T\/T<\/td>\r\n<\/tr>\r\n<tr>\r\n<td>Zertifikat angeboten<\/td>\r\n<td>Packliste, Handelsrechnung, Pr\u00fcfberichte und Materialzertifikate, Qualit\u00e4ts- und Quantit\u00e4tszertifikat, Garantiezertifikat des Verk\u00e4ufers<\/td>\r\n<\/tr>\r\n<\/tbody>\r\n<\/table>\r\n<\/figure>","protected":false},"excerpt":{"rendered":"<p>ZECO Dampf-Stahl-Absperrventile, Konstruktion und Herstellung nach den internationalen Standards API 602, API 623, DIN3202 oder gleichwertig. Was ist ein Dampf \u2026 <a title=\"Dampf-Durchgangsventil\" class=\"read-more\" href=\"https:\/\/zecovalve.com\/de\/produkt\/a105-globe-valve\" aria-label=\"Mehr zu Steam Globe Valve\">Weiterlesen ...<\/a><\/p>","protected":false},"featured_media":27905,"comment_status":"closed","ping_status":"closed","template":"","meta":{"_generate-full-width-content":"","kt_blocks_editor_width":""},"product_cat":[2466,2049],"product_tag":[2723],"class_list":["post-16139","product","type-product","status-publish","has-post-thumbnail","hentry","product_cat-forged-steel-globe-valve","product_cat-globe-valve","product_tag-what-is-a-valve","sales-flash-overlay","woocommerce-text-align-center","woocommerce-image-align-center","do-quantity-buttons"],"featured_image_src_large":["https:\/\/zecovalve.com\/wp-content\/uploads\/2022\/06\/Steam-Globe-Valve-1.jpg",800,600,false],"author_info":[],"comment_info":0,"taxonomy_info":{"product_cat":[{"value":2466,"label":"Forged Steel Globe Valve"},{"value":2049,"label":"Globe Valve"}],"product_tag":[{"value":2723,"label":"What is a Valve"}]},"yoast_head":"<!-- This site is optimized with the Yoast SEO Premium plugin v15.4 - https:\/\/yoast.com\/wordpress\/plugins\/seo\/ -->\n<title>Steam Globe Valve - Globe Valve China Manufacturer | ZECO Valve<\/title>\n<meta name=\"robots\" content=\"index, follow, max-snippet:-1, max-image-preview:large, max-video-preview:-1\" \/>\n<link rel=\"canonical\" href=\"https:\/\/zecovalve.com\/de\/produkt\/a105-globe-valve\" \/>\n<meta property=\"og:locale\" content=\"de_DE\" \/>\n<meta property=\"og:type\" content=\"article\" \/>\n<meta property=\"og:title\" content=\"Steam Globe Valve - Globe Valve China Manufacturer | ZECO Valve\" \/>\n<meta property=\"og:description\" content=\"ZECO Steam steel globe valve design and manufacturing of API 602 international standards, API 623, DIN3202, or equivalent. What is a Steam ... Weiterlesen ...\" \/>\n<meta property=\"og:url\" content=\"https:\/\/zecovalve.com\/de\/produkt\/a105-globe-valve\" \/>\n<meta property=\"og:site_name\" content=\"ZECO Valve\" \/>\n<meta property=\"article:modified_time\" content=\"2023-06-15T13:57:33+00:00\" \/>\n<meta property=\"og:image\" content=\"https:\/\/zecovalve.com\/wp-content\/uploads\/2022\/06\/Steam-Globe-Valve-1.jpg\" \/>\n\t<meta property=\"og:image:width\" content=\"800\" \/>\n\t<meta property=\"og:image:height\" content=\"600\" \/>\n<meta name=\"twitter:card\" content=\"summary_large_image\" \/>\n<meta name=\"twitter:label1\" content=\"Verfasst von\">\n\t<meta name=\"twitter:data1\" content=\"Jerry\">\n\t<meta name=\"twitter:label2\" content=\"Gesch\u00e4tzte Lesezeit\">\n\t<meta name=\"twitter:data2\" content=\"4\u00a0Minuten\">\n<script type=\"application\/ld+json\" class=\"yoast-schema-graph\">{\"@context\":\"https:\/\/schema.org\",\"@graph\":[{\"@type\":\"WebSite\",\"@id\":\"https:\/\/zecovalve.com\/#website\",\"url\":\"https:\/\/zecovalve.com\/\",\"name\":\"ZECO Valve\",\"description\":\"Industrial Ball Valve, Gate Valve and Globe Valve Manufacturer\",\"potentialAction\":[{\"@type\":\"SearchAction\",\"target\":\"https:\/\/zecovalve.com\/?s={search_term_string}\",\"query-input\":\"required name=search_term_string\"}],\"inLanguage\":\"de\"},{\"@type\":\"ImageObject\",\"@id\":\"https:\/\/zecovalve.com\/product\/a105-globe-valve#primaryimage\",\"inLanguage\":\"de\",\"url\":\"https:\/\/zecovalve.com\/wp-content\/uploads\/2022\/06\/Steam-Globe-Valve-1.jpg\",\"width\":800,\"height\":600,\"caption\":\"Steam Globe Valve\"},{\"@type\":\"WebPage\",\"@id\":\"https:\/\/zecovalve.com\/product\/a105-globe-valve#webpage\",\"url\":\"https:\/\/zecovalve.com\/product\/a105-globe-valve\",\"name\":\"Steam Globe Valve - Globe Valve China Manufacturer | ZECO Valve\",\"isPartOf\":{\"@id\":\"https:\/\/zecovalve.com\/#website\"},\"primaryImageOfPage\":{\"@id\":\"https:\/\/zecovalve.com\/product\/a105-globe-valve#primaryimage\"},\"datePublished\":\"2022-06-19T14:04:52+00:00\",\"dateModified\":\"2023-06-15T13:57:33+00:00\",\"breadcrumb\":{\"@id\":\"https:\/\/zecovalve.com\/product\/a105-globe-valve#breadcrumb\"},\"inLanguage\":\"de\",\"potentialAction\":[{\"@type\":\"ReadAction\",\"target\":[\"https:\/\/zecovalve.com\/product\/a105-globe-valve\"]}]},{\"@type\":\"BreadcrumbList\",\"@id\":\"https:\/\/zecovalve.com\/product\/a105-globe-valve#breadcrumb\",\"itemListElement\":[{\"@type\":\"ListItem\",\"position\":1,\"item\":{\"@type\":\"WebPage\",\"@id\":\"https:\/\/zecovalve.com\/\",\"url\":\"https:\/\/zecovalve.com\/\",\"name\":\"Home\"}},{\"@type\":\"ListItem\",\"position\":2,\"item\":{\"@type\":\"WebPage\",\"@id\":\"https:\/\/zecovalve.com\/product-category\",\"url\":\"https:\/\/zecovalve.com\/product-category\",\"name\":\"Industrial Valve Manufacturer | Water Valve Manufacturer\"}},{\"@type\":\"ListItem\",\"position\":3,\"item\":{\"@type\":\"WebPage\",\"@id\":\"https:\/\/zecovalve.com\/product\/a105-globe-valve\",\"url\":\"https:\/\/zecovalve.com\/product\/a105-globe-valve\",\"name\":\"Steam Globe Valve\"}}]}]}<\/script>\n<!-- \/ Yoast SEO Premium plugin. -->","_links":{"self":[{"href":"https:\/\/zecovalve.com\/de\/wp-json\/wp\/v2\/product\/16139","targetHints":{"allow":["GET"]}}],"collection":[{"href":"https:\/\/zecovalve.com\/de\/wp-json\/wp\/v2\/product"}],"about":[{"href":"https:\/\/zecovalve.com\/de\/wp-json\/wp\/v2\/types\/product"}],"replies":[{"embeddable":true,"href":"https:\/\/zecovalve.com\/de\/wp-json\/wp\/v2\/comments?post=16139"}],"wp:featuredmedia":[{"embeddable":true,"href":"https:\/\/zecovalve.com\/de\/wp-json\/wp\/v2\/media\/27905"}],"wp:attachment":[{"href":"https:\/\/zecovalve.com\/de\/wp-json\/wp\/v2\/media?parent=16139"}],"wp:term":[{"taxonomy":"product_cat","embeddable":true,"href":"https:\/\/zecovalve.com\/de\/wp-json\/wp\/v2\/product_cat?post=16139"},{"taxonomy":"product_tag","embeddable":true,"href":"https:\/\/zecovalve.com\/de\/wp-json\/wp\/v2\/product_tag?post=16139"}],"curies":[{"name":"wp","href":"https:\/\/api.w.org\/{rel}","templated":true}]}}