{"id":16141,"date":"2022-06-19T14:07:25","date_gmt":"2022-06-19T14:07:25","guid":{"rendered":"https:\/\/zecovalve.com\/?post_type=product&#038;p=16141"},"modified":"2022-09-01T00:42:57","modified_gmt":"2022-09-01T00:42:57","slug":"12-inch-butterfly-valve","status":"publish","type":"product","link":"https:\/\/zecovalve.com\/de\/produkt\/12-inch-butterfly-valve","title":{"rendered":"12\u2033 Absperrklappe"},"content":{"rendered":"<p>\u201eAbsperrklappe 12 Zoll\u201c bedeutet, dass die Ventilgr\u00f6\u00dfe 12 Zoll betr\u00e4gt und in DN DN300 entspricht.<\/p>\r\n\r\n\r\n\r\n<figure class=\"wp-block-image alignnone size-medium wp-image-16142\"><img loading=\"lazy\" decoding=\"async\" class=\"alignnone\" src=\"https:\/\/zecovalve.com\/wp-content\/uploads\/2021\/12\/\u51f8\u8033\u8776\u9600C95800-2-scaled.jpg\" width=\"303\" height=\"404\" \/><\/figure>\r\n\r\n\r\n<div class=\"gb-button-wrapper gb-button-wrapper-6d8495a3\">\r\n\r\n\r\n<p><a class=\"gb-button gb-button-3d442e11 gb-button-text\" href=\"mailto:commercial@zecovalve.com\" target=\"_blank\" rel=\"noopener noreferrer\"><strong>ERHALTEN SIE DEN PREIS F\u00dcR 12\u2033 ABSPERRKLAPPE<\/strong><\/a><\/p>\r\n<\/div>\r\n\r\n\r\n\r\n\r\n<h2 class=\"wp-block-heading\" id=\"h-what-is-a-12-butterfly-valve\">Was ist ein 12\u2033-Absperrventil?<\/h2>\r\n\r\n\r\n\r\n<p>Absperrklappen sind eine Familie von Ventilen mit Vierteldrehung, die in Rohrleitungen zum Absperren des Durchflusses verwendet werden. Es wird oft gesagt, dass Absperrklappen zur Regulierung des Durchflusses verwendet werden k\u00f6nnen.<\/p>\r\n\r\n\r\n\r\n<p>Die meisten 12-Zoll-Absperrklappen von ZECO werden mit Handrad, Schraubenschl\u00fcssel und Griff bedient. Achten Sie auf die Betriebsgeschwindigkeit, weder zu schnell noch zu langsam, und \u00fcben Sie die Kraft in der richtigen Position aus. Die Endposition ist f\u00fcr die Ventilleistung von entscheidender Bedeutung. In der Schlie\u00dfposition muss sich die Kugel in der richtigen Position zum Sitz befinden. Wenn sich die Verschlussteile des Ventilsitzes so nahe an der Kampagne befinden und den Ventilsitz verlassen, h\u00e4ngt die Dichtleistung des Ventils teilweise von den relativen, vom Schaft angetriebenen Verschlussteilen des Ventilsitzes ab, damit dieser abgedichtet bleibt, und von der daraus resultierenden mechanischen Kraft. Wenn ein bestimmter Vorfall in Richtung des Verschlusses auftritt, ist der Druck, der das Geh\u00e4use vom Sitz weg schlie\u00dft, von entscheidender Bedeutung. Die meisten inneren Verschlussteile des Gleitst\u00fccks im Ventilsitz sind nicht auf die Kraft der Schaftdichtung angewiesen, aber diese Art von Ventilposition ist sehr wichtig, um die richtige Schlie\u00dfposition zu erreichen oder nicht. In einigen F\u00e4llen kann die zum Schlie\u00dfen des Geh\u00e4uses erforderliche Antriebskraft stark erh\u00f6ht sein, wenn sich die Verschlussteile der endg\u00fcltigen Schlie\u00dfposition n\u00e4hern, und um die erforderliche Position zu erreichen, muss das heruntergefahrene Teil mit einer zus\u00e4tzlichen Kompression geschlossen werden. Wenn das Geh\u00e4use nicht zug\u00e4nglich ist oder nicht an der Zollstelle angehalten wird, kann es zu Undichtigkeiten und Besch\u00e4digungen der Dichtung kommen. Absperrklappen m\u00fcssen richtig positioniert sein, um die Abdichtung zu gew\u00e4hrleisten. Wenn die Anzeige die Position \u201eGeschlossen\u201c anzeigt, muss die Bewegung gestoppt werden.<\/p>\r\n\r\n\r\n\r\n<h2 class=\"wp-block-heading\">Wie funktioniert ein 12\u2033-Absperrventil?<\/h2>\r\n\r\n\r\n\r\n<p>Ein Absperrventil besteht aus einer Metallscheibe, die sich um die Spindel dreht und am Umfang ihres elastischen Sitzes eine dichte Absperrung bewirkt. Die Spindel kann in der Mitte montiert oder versetzt angebracht sein. Es gibt auch eine Packungskomponente, die eine zus\u00e4tzliche Abdichtung zum Schutz bietet, falls der Gummisitz durch Feuer besch\u00e4digt wird.<\/p>\r\n\r\n\r\n\r\n<h2 class=\"wp-block-heading\">Abmessungen und Gewicht des 12-Zoll-Absperrventils<\/h2>\r\n\r\n\r\n\r\n<table border=\"=1\" width=\"800\">\r\n<tbody>\r\n<tr>\r\n<td rowspan=\"2\">Druckstufe<\/td>\r\n<td style=\"text-align: center;\" colspan=\"4\">\u00a0Abmessung von Fl\u00e4che zu Fl\u00e4che (in mm)<\/td>\r\n<td style=\"text-align: center;\">Gewicht<\/td>\r\n<\/tr>\r\n<tr>\r\n<td style=\"text-align: center;\">RF Langes Muster<\/td>\r\n<td style=\"text-align: center;\">RF-Kurzmuster<\/td>\r\n<td style=\"text-align: center;\">WAFER<\/td>\r\n<td style=\"text-align: center;\">SCHLEPPEN<\/td>\r\n<td style=\"text-align: center;\">kg<\/td>\r\n<\/tr>\r\n<tr>\r\n<td>KLASSE 150<\/td>\r\n<td style=\"text-align: center;\">356<\/td>\r\n<td style=\"text-align: center;\">178<\/td>\r\n<td style=\"text-align: center;\">81<\/td>\r\n<td style=\"text-align: center;\">81<\/td>\r\n<td style=\"text-align: center;\">160<\/td>\r\n<\/tr>\r\n<tr>\r\n<td>KLASSE 300<\/td>\r\n<td style=\"text-align: center;\">502<\/td>\r\n<td style=\"text-align: center;\">270<\/td>\r\n<td style=\"text-align: center;\">92<\/td>\r\n<td style=\"text-align: center;\">92<\/td>\r\n<td style=\"text-align: center;\">230<\/td>\r\n<\/tr>\r\n<tr>\r\n<td>KLASSE 600<\/td>\r\n<td style=\"text-align: center;\">838<\/td>\r\n<td style=\"text-align: center;\">270<\/td>\r\n<td style=\"text-align: center;\">140<\/td>\r\n<td style=\"text-align: center;\">140<\/td>\r\n<td style=\"text-align: center;\">310<\/td>\r\n<\/tr>\r\n<\/tbody>\r\n<\/table>\r\n\r\n\r\n\r\n<h2 class=\"wp-block-heading\" id=\"h-features-of-12-inch-butterfly-valve\">Merkmale des 12-Zoll-Absperrventils:<\/h2>\r\n\r\n\r\n\r\n<ul class=\"wp-block-list\">\r\n<li>Das 12-Zoll-Absperrventil von ZECO hat ein Totzonen-Design;<\/li>\r\n<li>Das 12-Zoll-Absperrventil von ZECO verf\u00fcgt \u00fcber ein stromf\u00fchrendes Stopfsystem.<\/li>\r\n<li>Das 12-Zoll-Absperrventil von ZECO verf\u00fcgt \u00fcber eine Brandschutzstruktur.<\/li>\r\n<li>Das 12-Zoll-Absperrventil von ZECO verf\u00fcgt \u00fcber ein doppeltes Sicherheitsdichtungsdesign.<\/li>\r\n<\/ul>\r\n\r\n\r\n\r\n<h2 class=\"wp-block-heading\" id=\"h-material-of-12-butterfly-valve\">Material des 12\u2033 Absperrschiebers:<\/h2>\r\n\r\n\r\n\r\n<figure class=\"wp-block-table\">\r\n<table>\r\n<tbody>\r\n<tr>\r\n<td>Nein<\/td>\r\n<td>Teil<\/td>\r\n<td>Material<\/td>\r\n<\/tr>\r\n<tr>\r\n<td>1<\/td>\r\n<td>K\u00f6rper<\/td>\r\n<td>ASTM A216 WCB + 13Cr<\/td>\r\n<\/tr>\r\n<tr>\r\n<td>2<\/td>\r\n<td>Dichtungsring<\/td>\r\n<td>Graphit + SS304<\/td>\r\n<\/tr>\r\n<tr>\r\n<td>3<\/td>\r\n<td>Halteflansch<\/td>\r\n<td>ASTM A105<\/td>\r\n<\/tr>\r\n<tr>\r\n<td>4<\/td>\r\n<td>Stift<\/td>\r\n<td>ASTM A276 410<\/td>\r\n<\/tr>\r\n<tr>\r\n<td>5<\/td>\r\n<td>Scheibe<\/td>\r\n<td>ASTM A216 WCB<\/td>\r\n<\/tr>\r\n<tr>\r\n<td>6<\/td>\r\n<td>Vorbau<\/td>\r\n<td>ASTM A276 410<\/td>\r\n<\/tr>\r\n<tr>\r\n<td>7<\/td>\r\n<td>Spindelpackung<\/td>\r\n<td>Graphit<\/td>\r\n<\/tr>\r\n<tr>\r\n<td>8<\/td>\r\n<td>Vorbauklopfen<\/td>\r\n<td>SS304 + PTFE<\/td>\r\n<\/tr>\r\n<tr>\r\n<td>9<\/td>\r\n<td>Schraube<\/td>\r\n<td>ASTM A193 B7<\/td>\r\n<\/tr>\r\n<tr>\r\n<td>10<\/td>\r\n<td>Nuss<\/td>\r\n<td>ASTM A194 2H<\/td>\r\n<\/tr>\r\n<tr>\r\n<td>11<\/td>\r\n<td>Joch<\/td>\r\n<td>ASTM A216 WCB<\/td>\r\n<\/tr>\r\n<\/tbody>\r\n<\/table>\r\n<\/figure>","protected":false},"excerpt":{"rendered":"<p>Absperrklappe 12 Zoll bedeutet, dass die Ventilgr\u00f6\u00dfe 12 Zoll betr\u00e4gt, und in DN ist es DN300. Was ist eine 12-Zoll-Absperrklappe \u2026 <a title=\"12\u2033 Absperrklappe\" class=\"read-more\" href=\"https:\/\/zecovalve.com\/de\/produkt\/12-inch-butterfly-valve\" aria-label=\"Mehr zu 12\u2033 Butterfly Valve\">Weiterlesen ...<\/a><\/p>","protected":false},"featured_media":15338,"comment_status":"closed","ping_status":"closed","template":"","meta":{"_generate-full-width-content":"","kt_blocks_editor_width":""},"product_cat":[2044,2470],"product_tag":[],"class_list":["post-16141","product","type-product","status-publish","has-post-thumbnail","hentry","product_cat-butterfly-valve","product_cat-butterfly-valve-by-inch","sales-flash-overlay","woocommerce-text-align-center","woocommerce-image-align-center","do-quantity-buttons"],"featured_image_src_large":["https:\/\/zecovalve.com\/wp-content\/uploads\/2021\/12\/\u51f8\u8033\u8776\u9600C95800-2-768x1024.jpg",768,1024,true],"author_info":[],"comment_info":0,"taxonomy_info":{"product_cat":[{"value":2044,"label":"Butterfly Valve"},{"value":2470,"label":"Butterfly Valve By Inch"}]},"yoast_head":"<!-- This site is optimized with the Yoast SEO Premium plugin v15.4 - https:\/\/yoast.com\/wordpress\/plugins\/seo\/ -->\n<title>12&quot; Butterfly Valve - Competitive 12 inch Butterfly Valve Price | ZECO Valve<\/title>\n<meta name=\"robots\" content=\"index, follow, max-snippet:-1, max-image-preview:large, max-video-preview:-1\" \/>\n<link rel=\"canonical\" href=\"https:\/\/zecovalve.com\/de\/produkt\/12-inch-butterfly-valve\" \/>\n<meta property=\"og:locale\" content=\"de_DE\" \/>\n<meta property=\"og:type\" content=\"article\" \/>\n<meta property=\"og:title\" content=\"12&quot; Butterfly Valve - Competitive 12 inch Butterfly Valve Price | ZECO Valve\" \/>\n<meta property=\"og:description\" content=\"Butterflly valve 12 inch means the valve size is 12 inch, and in DN it is DN300. What is a 12&#8243; Butterfly ... Weiterlesen ...\" \/>\n<meta property=\"og:url\" content=\"https:\/\/zecovalve.com\/de\/produkt\/12-inch-butterfly-valve\" \/>\n<meta property=\"og:site_name\" content=\"ZECO Valve\" \/>\n<meta property=\"article:modified_time\" content=\"2022-09-01T00:42:57+00:00\" \/>\n<meta property=\"og:image\" content=\"https:\/\/zecovalve.com\/wp-content\/uploads\/2021\/12\/\u51f8\u8033\u8776\u9600C95800-2-scaled.jpg\" \/>\n\t<meta property=\"og:image:width\" content=\"1920\" \/>\n\t<meta property=\"og:image:height\" content=\"2560\" \/>\n<meta name=\"twitter:card\" content=\"summary_large_image\" \/>\n<meta name=\"twitter:label1\" content=\"Verfasst von\">\n\t<meta name=\"twitter:data1\" content=\"Jerry\">\n\t<meta name=\"twitter:label2\" content=\"Gesch\u00e4tzte Lesezeit\">\n\t<meta name=\"twitter:data2\" content=\"2\u00a0Minuten\">\n<script type=\"application\/ld+json\" class=\"yoast-schema-graph\">{\"@context\":\"https:\/\/schema.org\",\"@graph\":[{\"@type\":\"WebSite\",\"@id\":\"https:\/\/zecovalve.com\/#website\",\"url\":\"https:\/\/zecovalve.com\/\",\"name\":\"ZECO Valve\",\"description\":\"Industrial Ball Valve, Gate Valve and Globe Valve Manufacturer\",\"potentialAction\":[{\"@type\":\"SearchAction\",\"target\":\"https:\/\/zecovalve.com\/?s={search_term_string}\",\"query-input\":\"required name=search_term_string\"}],\"inLanguage\":\"de\"},{\"@type\":\"ImageObject\",\"@id\":\"https:\/\/zecovalve.com\/product\/12-inch-butterfly-valve#primaryimage\",\"inLanguage\":\"de\",\"url\":\"https:\/\/zecovalve.com\/wp-content\/uploads\/2021\/12\/\\u51f8\\u8033\\u8776\\u9600C95800-2-scaled.jpg\",\"width\":1920,\"height\":2560,\"caption\":\"BUTTERFLY VALVE\"},{\"@type\":\"WebPage\",\"@id\":\"https:\/\/zecovalve.com\/product\/12-inch-butterfly-valve#webpage\",\"url\":\"https:\/\/zecovalve.com\/product\/12-inch-butterfly-valve\",\"name\":\"12\\\" Butterfly Valve - Competitive 12 inch Butterfly Valve Price | ZECO Valve\",\"isPartOf\":{\"@id\":\"https:\/\/zecovalve.com\/#website\"},\"primaryImageOfPage\":{\"@id\":\"https:\/\/zecovalve.com\/product\/12-inch-butterfly-valve#primaryimage\"},\"datePublished\":\"2022-06-19T14:07:25+00:00\",\"dateModified\":\"2022-09-01T00:42:57+00:00\",\"breadcrumb\":{\"@id\":\"https:\/\/zecovalve.com\/product\/12-inch-butterfly-valve#breadcrumb\"},\"inLanguage\":\"de\",\"potentialAction\":[{\"@type\":\"ReadAction\",\"target\":[\"https:\/\/zecovalve.com\/product\/12-inch-butterfly-valve\"]}]},{\"@type\":\"BreadcrumbList\",\"@id\":\"https:\/\/zecovalve.com\/product\/12-inch-butterfly-valve#breadcrumb\",\"itemListElement\":[{\"@type\":\"ListItem\",\"position\":1,\"item\":{\"@type\":\"WebPage\",\"@id\":\"https:\/\/zecovalve.com\/\",\"url\":\"https:\/\/zecovalve.com\/\",\"name\":\"Home\"}},{\"@type\":\"ListItem\",\"position\":2,\"item\":{\"@type\":\"WebPage\",\"@id\":\"https:\/\/zecovalve.com\/product-category\",\"url\":\"https:\/\/zecovalve.com\/product-category\",\"name\":\"Industrial Valve Manufacturer | Water Valve Manufacturer\"}},{\"@type\":\"ListItem\",\"position\":3,\"item\":{\"@type\":\"WebPage\",\"@id\":\"https:\/\/zecovalve.com\/product\/12-inch-butterfly-valve\",\"url\":\"https:\/\/zecovalve.com\/product\/12-inch-butterfly-valve\",\"name\":\"12&#8243; Butterfly Valve\"}}]}]}<\/script>\n<!-- \/ Yoast SEO Premium plugin. -->","_links":{"self":[{"href":"https:\/\/zecovalve.com\/de\/wp-json\/wp\/v2\/product\/16141","targetHints":{"allow":["GET"]}}],"collection":[{"href":"https:\/\/zecovalve.com\/de\/wp-json\/wp\/v2\/product"}],"about":[{"href":"https:\/\/zecovalve.com\/de\/wp-json\/wp\/v2\/types\/product"}],"replies":[{"embeddable":true,"href":"https:\/\/zecovalve.com\/de\/wp-json\/wp\/v2\/comments?post=16141"}],"wp:featuredmedia":[{"embeddable":true,"href":"https:\/\/zecovalve.com\/de\/wp-json\/wp\/v2\/media\/15338"}],"wp:attachment":[{"href":"https:\/\/zecovalve.com\/de\/wp-json\/wp\/v2\/media?parent=16141"}],"wp:term":[{"taxonomy":"product_cat","embeddable":true,"href":"https:\/\/zecovalve.com\/de\/wp-json\/wp\/v2\/product_cat?post=16141"},{"taxonomy":"product_tag","embeddable":true,"href":"https:\/\/zecovalve.com\/de\/wp-json\/wp\/v2\/product_tag?post=16141"}],"curies":[{"name":"wp","href":"https:\/\/api.w.org\/{rel}","templated":true}]}}