{"id":16143,"date":"2022-06-19T14:10:13","date_gmt":"2022-06-19T14:10:13","guid":{"rendered":"https:\/\/zecovalve.com\/?post_type=product&#038;p=16143"},"modified":"2022-07-31T02:32:33","modified_gmt":"2022-07-31T02:32:33","slug":"triple-offset-butterfly-valve","status":"publish","type":"product","link":"https:\/\/zecovalve.com\/de\/produkt\/triple-offset-butterfly-valve","title":{"rendered":"Dreifach gekr\u00f6pfte Absperrklappe"},"content":{"rendered":"<p>Das Dreifach-Offset-Ventil oder Dreifach-Exzenterventil verf\u00fcgt \u00fcber einen Schaft, der sowohl auf der X- als auch der Y-Achse der Mittellinie des Absperrventils versetzt ist. Dadurch entsteht beim Betrieb des Ventils eine nocken\u00e4hnliche Bewegung.<\/p>\r\n\r\n\r\n\r\n<figure class=\"wp-block-image alignnone size-medium wp-image-16144\"><img loading=\"lazy\" decoding=\"async\" width=\"300\" height=\"225\" class=\"wp-image-16144\" src=\"https:\/\/zecovalve.com\/wp-content\/uploads\/2022\/06\/triple-offset-butterfly-valve-300x225.jpg\" alt=\"Dreifach gekr\u00f6pfte Absperrklappe\" srcset=\"https:\/\/zecovalve.com\/wp-content\/uploads\/2022\/06\/triple-offset-butterfly-valve-300x225.jpg 300w, https:\/\/zecovalve.com\/wp-content\/uploads\/2022\/06\/triple-offset-butterfly-valve-768x576.jpg 768w, https:\/\/zecovalve.com\/wp-content\/uploads\/2022\/06\/triple-offset-butterfly-valve-600x450.jpg 600w, https:\/\/zecovalve.com\/wp-content\/uploads\/2022\/06\/triple-offset-butterfly-valve.jpg 800w\" sizes=\"auto, (max-width: 300px) 100vw, 300px\" \/><\/figure>\r\n\r\n\r\n<div class=\"gb-button-wrapper gb-button-wrapper-6d8495a3\">\r\n\r\n\r\n<p><a class=\"gb-button gb-button-3d442e11 gb-button-text\" href=\"https:\/\/zecovalve.com\/de\/contact\/\" target=\"_blank\" rel=\"noopener noreferrer\"><strong>PREIS F\u00dcR TRIPLE OFFSET-VENTIL ERHALTEN<\/strong><\/a><\/p>\r\n<\/div>\r\n\r\n\r\n\r\n\r\n<h2 class=\"wp-block-heading\" id=\"h-what-is-a-triple-offset-butterfly-valve\">Was ist ein dreifach versetztes Absperrventil?<\/h2>\r\n\r\n\r\n\r\n<p>Das dreifach versetzte Absperrventil von ZECO hat eine dreifach exzentrische Struktur, die die Winkelexzentrizit\u00e4t mit der Zeit auf der Grundlage eines doppelt versetzten Absperrventils mit Metall-Metall-Dichtung erh\u00f6ht. Winkelexzentrizit\u00e4t bedeutet, dass die konische Achse der Dichtfl\u00e4che der Absperrklappe zur Achse des K\u00f6rperzylinders geneigt ist. Zu diesem Zeitpunkt wird der Abschnitt der Dichtfl\u00e4che zu einer Ellipse, sodass die Form der Dichtfl\u00e4che asymmetrisch ist. Eine Seite ist zur Mittellinie des K\u00f6rpers geneigt und die andere Seite ist parallel zur Mittellinie des K\u00f6rpers. Die Hauptaufgabe dieser Winkelexzentrizit\u00e4t besteht darin, beim \u00d6ffnen oder Schlie\u00dfen des Ventils daf\u00fcr zu sorgen, dass sich jeder Punkt zwischen dem Dichtring und dem Ventilsitz schnell l\u00f6st oder ber\u00fchrt, sodass keine Reibung zwischen der Dichtfl\u00e4che entsteht und die Lebensdauer des Ventils verl\u00e4ngert wird.<\/p>\r\n\r\n\r\n\r\n<h2 class=\"wp-block-heading\">Was ist eine Triple-Offset-Struktur?<\/h2>\r\n\r\n\r\n\r\n<p>Ein dreifach versetztes Absperrventil hat drei separate Vers\u00e4tze. Zwei der Vers\u00e4tze beziehen sich auf die Position der Welle in Bezug auf die Mittellinie der Bohrung und die Mittellinie der Dichtfl\u00e4chen von Scheibe und Sitz. Der dritte Versatz ist die Konstruktion in der Achse des Sitzkegelwinkels.<\/p>\r\n\r\n\r\n\r\n<p>Nullversatz: Die Scheibe dreht sich um die Mittelachse und kann um 360\u00ba gedreht werden. Die Abdichtung wird dadurch erreicht, dass die Scheibe die weiche Dichtung verformt, was zu voller Reibung w\u00e4hrend des gesamten Betriebszyklus f\u00fchrt.<\/p>\r\n\r\n\r\n\r\n<p>Doppelter Versatz: Um eine Verschiebung des Sitzes zu erm\u00f6glichen, ist die Welle von der Mittellinie des Scheibensitzes und der K\u00f6rperdichtung (Versatz eins) und der Mittellinie der Bohrung (Versatz zwei) versetzt. Dadurch entsteht w\u00e4hrend des Betriebs eine Nockenwirkung, die den Sitz aus der Dichtung hebt, was zu Reibung w\u00e4hrend der ersten 10 Grad der \u00d6ffnung und der letzten 10 Grad der Schlie\u00dfung f\u00fchrt.<\/p>\r\n\r\n\r\n\r\n<p>Der dreifache Versatz ist die geometrische Gestaltung der Dichtungskomponenten. Die Dichtungskomponenten sind jeweils in ein versetztes konisches Profil eingearbeitet, das einen rechtwinkligen Kegel ergibt. Dies gew\u00e4hrleistet einen reibungslosen Hub w\u00e4hrend des gesamten Betriebszyklus. Der Kontakt erfolgt nur am endg\u00fcltigen Schlie\u00dfpunkt, wobei der 90\u00b0-Winkel als mechanischer Anschlag fungiert; dadurch wird ein \u00dcberhub des Scheibensitzes vermieden.<\/p>\r\n\r\n\r\n<div class=\"wp-block-image\">\r\n<figure class=\"aligncenter size-full\"><img loading=\"lazy\" decoding=\"async\" width=\"605\" height=\"210\" class=\"wp-image-19466\" src=\"https:\/\/zecovalve.com\/wp-content\/uploads\/2022\/07\/Triple-Offset-Butterfly-Valve.png\" alt=\"\" srcset=\"https:\/\/zecovalve.com\/wp-content\/uploads\/2022\/07\/Triple-Offset-Butterfly-Valve.png 605w, https:\/\/zecovalve.com\/wp-content\/uploads\/2022\/07\/Triple-Offset-Butterfly-Valve-300x104.png 300w, https:\/\/zecovalve.com\/wp-content\/uploads\/2022\/07\/Triple-Offset-Butterfly-Valve-600x208.png 600w\" sizes=\"auto, (max-width: 605px) 100vw, 605px\" \/><\/figure>\r\n<\/div>\r\n\r\n\r\n<h2 class=\"wp-block-heading\">Anwendungen von dreifach versetzten Absperrklappen<\/h2>\r\n\r\n\r\n\r\n<p>Dreifach versetzte Absperrklappen sind effizient bei Anwendungen mit besonderen Herausforderungen, wie abrasivem Material, hohem Druck oder hohen Temperaturen, und sogar bei Anwendungen, bei denen die Gefahr fl\u00fcchtiger Emissionen besteht.<\/p>\r\n\r\n\r\n\r\n<p>Dreifach versetzte Absperrklappen finden Sie in Anwendungen wie Dampf mit \u00fcber 150 psi oder hochtemperierten reinen Gasen oder Fl\u00fcssigkeiten. In solchen F\u00e4llen sind die Metallsitztypen ohne weiche Beschichtung wirtschaftlicher.<\/p>\r\n\r\n\r\n\r\n<p>Diese Ventile werden h\u00e4ufig in Branchen wie der \u00d6l- und Gasverarbeitung, Raffination, chemischen und petrochemischen Anwendungen, Stromerzeugung, Offshore-Anwendungen, Zellstoff- und Papierherstellung usw. verwendet.<\/p>\r\n\r\n\r\n\r\n<h2 class=\"wp-block-heading\" id=\"h-features-of-triple-offset-butterfly-valve\">Merkmale des dreifach versetzten Absperrventils:<\/h2>\r\n\r\n\r\n\r\n<ul class=\"wp-block-list\">\r\n<li>Das dreifach versetzte Absperrventil von ZECO verf\u00fcgt \u00fcber einen austauschbaren Ventilsitz. So k\u00f6nnen Ventilsitz und Dichtring im Falle einer Besch\u00e4digung des Sitzes oder bei Wartungsarbeiten direkt nach dem Ausbau des Ventils vor Ort ausgetauscht werden, ohne dass Zeit und Kosten f\u00fcr den normalen Betrieb der Rohrleitung verloren gehen.<\/li>\r\n<li>Um die Anforderungen des Benutzers zu erf\u00fcllen, k\u00f6nnen beim dreifach versetzten Absperrventil von ZECO verschiedene Materialien f\u00fcr Ventilk\u00f6rper, Absperrplatte und Dichtungsoberfl\u00e4chenmaterial entsprechend den tats\u00e4chlichen Arbeitsbedingungen des Benutzers gew\u00e4hlt werden.<\/li>\r\n<li>Die ZECO-Absperrklappenhalterung entspricht dem ISO 5211-Standard mit einheitlicher Gr\u00f6\u00dfe und kann am ZECO-Standort oder am Benutzerstandort verwendet werden, um die gew\u00fcnschten elektrischen, pneumatischen, hydraulischen oder Turbinenantriebe zu \u00e4ndern.<\/li>\r\n<li>Das ZECO-Absperrventil verwendet ein kombiniertes Stopfdichtungssystem, um eine maximale Leckage des Ventils von \u2264 20 ppm sicherzustellen. Benutzer k\u00f6nnen die dynamische Lastdichtungsstruktur entsprechend den Arbeitsbedingungen w\u00e4hlen, um die Nutzungsdauer der Stopfdichtung durch h\u00e4ufige Wartung zu verl\u00e4ngern.<\/li>\r\n<\/ul>\r\n\r\n\r\n\r\n<h2 class=\"wp-block-heading\" id=\"h-material-of-triple-offset-butterfly-valve\">Material der dreifach versetzten Absperrklappe:<\/h2>\r\n\r\n\r\n\r\n<figure class=\"wp-block-table is-style-stripes\">\r\n<table>\r\n<tbody>\r\n<tr>\r\n<td>Nein<\/td>\r\n<td>Teil<\/td>\r\n<td>Material<\/td>\r\n<\/tr>\r\n<tr>\r\n<td>1<\/td>\r\n<td>K\u00f6rper<\/td>\r\n<td>ASTM A216 WCB + 13Cr<\/td>\r\n<\/tr>\r\n<tr>\r\n<td>2<\/td>\r\n<td>Dichtungsring<\/td>\r\n<td>Graphit + SS304<\/td>\r\n<\/tr>\r\n<tr>\r\n<td>3<\/td>\r\n<td>Halteflansch<\/td>\r\n<td>ASTM A105<\/td>\r\n<\/tr>\r\n<tr>\r\n<td>4<\/td>\r\n<td>Stift<\/td>\r\n<td>ASTM A276 410<\/td>\r\n<\/tr>\r\n<tr>\r\n<td>5<\/td>\r\n<td>Scheibe<\/td>\r\n<td>ASTM A216 WCB<\/td>\r\n<\/tr>\r\n<tr>\r\n<td>6<\/td>\r\n<td>Vorbau<\/td>\r\n<td>ASTM A276 410<\/td>\r\n<\/tr>\r\n<tr>\r\n<td>7<\/td>\r\n<td>Spindelpackung<\/td>\r\n<td>Graphit<\/td>\r\n<\/tr>\r\n<tr>\r\n<td>8<\/td>\r\n<td>Vorbauklopfen<\/td>\r\n<td>SS304 + PTFE<\/td>\r\n<\/tr>\r\n<tr>\r\n<td>9<\/td>\r\n<td>Schraube<\/td>\r\n<td>ASTM A193 B7<\/td>\r\n<\/tr>\r\n<tr>\r\n<td>10<\/td>\r\n<td>Nuss<\/td>\r\n<td>ASTM A194 2H<\/td>\r\n<\/tr>\r\n<tr>\r\n<td>11<\/td>\r\n<td>Joch<\/td>\r\n<td>ASTM A216 WCB<\/td>\r\n<\/tr>\r\n<\/tbody>\r\n<\/table>\r\n<\/figure>","protected":false},"excerpt":{"rendered":"<p>Das Dreifach-Offset-Ventil oder Dreifach-Exzenterventil verf\u00fcgt \u00fcber einen Schaft, der sowohl auf der X- als auch der Y-Achse versetzt ist \u2026 <a title=\"Dreifach gekr\u00f6pfte Absperrklappe\" class=\"read-more\" href=\"https:\/\/zecovalve.com\/de\/produkt\/triple-offset-butterfly-valve\" aria-label=\"Mehr zu Triple Offset Butterfly Valve\">Weiterlesen ...<\/a><\/p>","protected":false},"featured_media":16144,"comment_status":"closed","ping_status":"closed","template":"","meta":{"_generate-full-width-content":"","kt_blocks_editor_width":""},"product_cat":[2044,2467,2604],"product_tag":[2723],"class_list":["post-16143","product","type-product","status-publish","has-post-thumbnail","hentry","product_cat-butterfly-valve","product_cat-butterfly-valve-by-form","product_cat-triple-offset-butterfly-valve","product_tag-what-is-a-valve","sales-flash-overlay","woocommerce-text-align-center","woocommerce-image-align-center","do-quantity-buttons"],"featured_image_src_large":["https:\/\/zecovalve.com\/wp-content\/uploads\/2022\/06\/triple-offset-butterfly-valve.jpg",800,600,false],"author_info":[],"comment_info":0,"taxonomy_info":{"product_cat":[{"value":2044,"label":"Butterfly Valve"},{"value":2467,"label":"Butterfly Valve By Form"},{"value":2604,"label":"Triple Offset Butterfly Valve"}],"product_tag":[{"value":2723,"label":"What is a Valve"}]},"yoast_head":"<!-- This site is optimized with the Yoast SEO Premium plugin v15.4 - https:\/\/yoast.com\/wordpress\/plugins\/seo\/ -->\n<title>Triple Offset Butterfly Valve - Butterfly Valve Triple Offset Structure | ZECO<\/title>\n<meta name=\"robots\" content=\"index, follow, max-snippet:-1, max-image-preview:large, max-video-preview:-1\" \/>\n<link rel=\"canonical\" href=\"https:\/\/zecovalve.com\/de\/produkt\/triple-offset-butterfly-valve\" \/>\n<meta property=\"og:locale\" content=\"de_DE\" \/>\n<meta property=\"og:type\" content=\"article\" \/>\n<meta property=\"og:title\" content=\"Triple Offset Butterfly Valve - Butterfly Valve Triple Offset Structure | ZECO\" \/>\n<meta property=\"og:description\" content=\"The Triple offset valve or triple eccentric valve features a stem that is offset on both the X and Y axis of ... Weiterlesen ...\" \/>\n<meta property=\"og:url\" content=\"https:\/\/zecovalve.com\/de\/produkt\/triple-offset-butterfly-valve\" \/>\n<meta property=\"og:site_name\" content=\"ZECO Valve\" \/>\n<meta property=\"article:modified_time\" content=\"2022-07-31T02:32:33+00:00\" \/>\n<meta property=\"og:image\" content=\"https:\/\/zecovalve.com\/wp-content\/uploads\/2022\/06\/triple-offset-butterfly-valve.jpg\" \/>\n\t<meta property=\"og:image:width\" content=\"800\" \/>\n\t<meta property=\"og:image:height\" content=\"600\" \/>\n<meta name=\"twitter:card\" content=\"summary_large_image\" \/>\n<meta name=\"twitter:label1\" content=\"Verfasst von\">\n\t<meta name=\"twitter:data1\" content=\"Jerry\">\n\t<meta name=\"twitter:label2\" content=\"Gesch\u00e4tzte Lesezeit\">\n\t<meta name=\"twitter:data2\" content=\"3\u00a0Minuten\">\n<script type=\"application\/ld+json\" class=\"yoast-schema-graph\">{\"@context\":\"https:\/\/schema.org\",\"@graph\":[{\"@type\":\"WebSite\",\"@id\":\"https:\/\/zecovalve.com\/#website\",\"url\":\"https:\/\/zecovalve.com\/\",\"name\":\"ZECO Valve\",\"description\":\"Industrial Ball Valve, Gate Valve and Globe Valve Manufacturer\",\"potentialAction\":[{\"@type\":\"SearchAction\",\"target\":\"https:\/\/zecovalve.com\/?s={search_term_string}\",\"query-input\":\"required name=search_term_string\"}],\"inLanguage\":\"de\"},{\"@type\":\"ImageObject\",\"@id\":\"https:\/\/zecovalve.com\/product\/triple-offset-butterfly-valve#primaryimage\",\"inLanguage\":\"de\",\"url\":\"https:\/\/zecovalve.com\/wp-content\/uploads\/2022\/06\/triple-offset-butterfly-valve.jpg\",\"width\":800,\"height\":600,\"caption\":\"Triple Offset Butterfly Valve\"},{\"@type\":\"WebPage\",\"@id\":\"https:\/\/zecovalve.com\/product\/triple-offset-butterfly-valve#webpage\",\"url\":\"https:\/\/zecovalve.com\/product\/triple-offset-butterfly-valve\",\"name\":\"Triple Offset Butterfly Valve - Butterfly Valve Triple Offset Structure | ZECO\",\"isPartOf\":{\"@id\":\"https:\/\/zecovalve.com\/#website\"},\"primaryImageOfPage\":{\"@id\":\"https:\/\/zecovalve.com\/product\/triple-offset-butterfly-valve#primaryimage\"},\"datePublished\":\"2022-06-19T14:10:13+00:00\",\"dateModified\":\"2022-07-31T02:32:33+00:00\",\"breadcrumb\":{\"@id\":\"https:\/\/zecovalve.com\/product\/triple-offset-butterfly-valve#breadcrumb\"},\"inLanguage\":\"de\",\"potentialAction\":[{\"@type\":\"ReadAction\",\"target\":[\"https:\/\/zecovalve.com\/product\/triple-offset-butterfly-valve\"]}]},{\"@type\":\"BreadcrumbList\",\"@id\":\"https:\/\/zecovalve.com\/product\/triple-offset-butterfly-valve#breadcrumb\",\"itemListElement\":[{\"@type\":\"ListItem\",\"position\":1,\"item\":{\"@type\":\"WebPage\",\"@id\":\"https:\/\/zecovalve.com\/\",\"url\":\"https:\/\/zecovalve.com\/\",\"name\":\"Home\"}},{\"@type\":\"ListItem\",\"position\":2,\"item\":{\"@type\":\"WebPage\",\"@id\":\"https:\/\/zecovalve.com\/product-category\",\"url\":\"https:\/\/zecovalve.com\/product-category\",\"name\":\"Industrial Valve Manufacturer | Water Valve Manufacturer\"}},{\"@type\":\"ListItem\",\"position\":3,\"item\":{\"@type\":\"WebPage\",\"@id\":\"https:\/\/zecovalve.com\/product\/triple-offset-butterfly-valve\",\"url\":\"https:\/\/zecovalve.com\/product\/triple-offset-butterfly-valve\",\"name\":\"Triple Offset Butterfly Valve\"}}]}]}<\/script>\n<!-- \/ Yoast SEO Premium plugin. -->","_links":{"self":[{"href":"https:\/\/zecovalve.com\/de\/wp-json\/wp\/v2\/product\/16143","targetHints":{"allow":["GET"]}}],"collection":[{"href":"https:\/\/zecovalve.com\/de\/wp-json\/wp\/v2\/product"}],"about":[{"href":"https:\/\/zecovalve.com\/de\/wp-json\/wp\/v2\/types\/product"}],"replies":[{"embeddable":true,"href":"https:\/\/zecovalve.com\/de\/wp-json\/wp\/v2\/comments?post=16143"}],"wp:featuredmedia":[{"embeddable":true,"href":"https:\/\/zecovalve.com\/de\/wp-json\/wp\/v2\/media\/16144"}],"wp:attachment":[{"href":"https:\/\/zecovalve.com\/de\/wp-json\/wp\/v2\/media?parent=16143"}],"wp:term":[{"taxonomy":"product_cat","embeddable":true,"href":"https:\/\/zecovalve.com\/de\/wp-json\/wp\/v2\/product_cat?post=16143"},{"taxonomy":"product_tag","embeddable":true,"href":"https:\/\/zecovalve.com\/de\/wp-json\/wp\/v2\/product_tag?post=16143"}],"curies":[{"name":"wp","href":"https:\/\/api.w.org\/{rel}","templated":true}]}}