{"id":16145,"date":"2022-06-19T14:13:26","date_gmt":"2022-06-19T14:13:26","guid":{"rendered":"https:\/\/zecovalve.com\/?post_type=product&#038;p=16145"},"modified":"2022-07-16T08:10:36","modified_gmt":"2022-07-16T08:10:36","slug":"metal-seated-butterfly-valve","status":"publish","type":"product","link":"https:\/\/zecovalve.com\/de\/produkt\/metal-seated-butterfly-valve","title":{"rendered":"Metallisch dichtende Absperrklappe"},"content":{"rendered":"Absperrklappen mit Metallsitz sind neu entwickelte langlebige und energiesparende Produkte.\r\n\r\n\r\n\r\n\r\n<figure class=\"wp-block-image alignnone size-medium wp-image-16146\"><img loading=\"lazy\" decoding=\"async\" width=\"300\" height=\"225\" class=\"wp-image-16146\" src=\"https:\/\/zecovalve.com\/wp-content\/uploads\/2022\/06\/metal-seated-butterfly-valve-300x225.jpg\" alt=\"Metallisch dichtende Absperrklappe\" srcset=\"https:\/\/zecovalve.com\/wp-content\/uploads\/2022\/06\/metal-seated-butterfly-valve-300x225.jpg 300w, https:\/\/zecovalve.com\/wp-content\/uploads\/2022\/06\/metal-seated-butterfly-valve-768x576.jpg 768w, https:\/\/zecovalve.com\/wp-content\/uploads\/2022\/06\/metal-seated-butterfly-valve-600x450.jpg 600w, https:\/\/zecovalve.com\/wp-content\/uploads\/2022\/06\/metal-seated-butterfly-valve.jpg 800w\" sizes=\"auto, (max-width: 300px) 100vw, 300px\" \/><\/figure>\r\n\r\n\r\n<div class=\"gb-button-wrapper gb-button-wrapper-6d8495a3\">\r\n\r\n<a class=\"gb-button gb-button-3d442e11 gb-button-text\" href=\"https:\/\/zecovalve.com\/de\/contact\/\" target=\"_blank\" rel=\"noopener noreferrer\"><strong>PREIS F\u00dcR SCHIEBERVENTILE MIT METALLISCHEM SITZ ERHALTEN<\/strong><\/a>\r\n\r\n<\/div>\r\n\r\n\r\n\r\n\r\n<h2 class=\"wp-block-heading\" id=\"h-what-is-a-metal-seated-butterfly-valve\">Was ist eine Absperrklappe mit Metallsitz?<\/h2>\r\n\r\n\r\n\r\n\r\nEin Absperrventil mit Metallsitz ist ein Ventiltyp, der zum Absperren oder Regeln des Durchflusses verwendet werden kann. Der Schlie\u00dfmechanismus ist die Scheibe, die sich in der Mitte des Ventilk\u00f6rpers befindet. Die Scheibe ist \u00fcber die Welle, die von der Scheibe durch die Oberseite des Ventilk\u00f6rpers verl\u00e4uft, mit einem Griff oder Antrieb verbunden. Anders als bei einem Kugelhahn ist die Scheibe des Absperrventils immer im Durchfluss vorhanden, was zu einem Druckabfall f\u00fchrt.\r\n\r\n\r\n\r\n\r\n<h2 class=\"wp-block-heading\">Wie funktioniert eine Absperrklappe mit Metallsitz?<\/h2>\r\n\r\n\r\n\r\n\r\nEin Absperrventil mit Metallsitz arbeitet mit einer Vierteldrehung, d. h., wenn die geschlossene Scheibe um 90\u00b0 gedreht wird, \u00f6ffnet sich das Ventil vollst\u00e4ndig und umgekehrt. Sie k\u00f6nnen auch schrittweise ge\u00f6ffnet werden, um den Durchfluss zu drosseln. Dies kann manuell erfolgen, aber die Drosselung des Durchflusses ist pr\u00e4ziser, wenn sie in Verbindung mit einem Aktuator verwendet wird. Aktuatoren k\u00f6nnen angepasst werden, um einen schrittweisen Durchfluss zu erm\u00f6glichen, indem bei pneumatischen und hydraulischen Aktuatoren Stellungsregler oder bei elektrischen Aktuatoren Modulationsplatinen verwendet werden.\r\n\r\n\r\n\r\n\r\n<h2 class=\"wp-block-heading\" id=\"h-features-of-metal-seated-butterfly-valves\">Merkmale von Absperrklappen mit Metallsitz<\/h2>\r\n\r\n\r\n\r\n<ul class=\"wp-block-list\">\r\n \t<li>Das ZECO-Absperrventil mit Metallsitz erm\u00f6glicht eine bidirektionale Abdichtung. Das Konzept der bidirektionalen Abdichtung besteht darin, dass keine interne Leckage im Ventilk\u00f6rper garantiert werden kann, unabh\u00e4ngig vom Vorw\u00e4rtsdruck oder R\u00fcckw\u00e4rtsdruck des Ventilk\u00f6rpers, und die Null-Leckage-Anforderung des internationalen Standards API 598 erf\u00fcllt werden kann.<\/li>\r\n \t<li>Die Absperrklappe mit Metallsitz von ZECO verf\u00fcgt \u00fcber eine doppelte Sicherheitsarchitektur. Scheibe, Schaft und Dichtfl\u00e4che stehen direkt unter dem Mediendruck in der Rohrleitung und werden dadurch abgenutzt. Um m\u00f6gliche Probleme in der Rohrleitung aufgrund von Verformungen der Absperrklappe, Verschiebung des Schafts und Ph\u00e4nomenen wie Passung der Dichtfl\u00e4che zu verhindern, ist die Absperrklappe oben und unten mit zwei separaten, unabh\u00e4ngigen Druckringen ausgestattet, um einen normalen Betrieb zu gew\u00e4hrleisten.<\/li>\r\n \t<li>\u00a0Das ZECO-Absperrventil mit Metallsitz ist mit einem austauschbaren Dichtungsring ausgestattet. Die Dichtungsfl\u00e4che der Absperrklappe und der Absperrklappe sind voneinander unabh\u00e4ngig, und der Ventilsitz und der Ventilk\u00f6rper sind voneinander unabh\u00e4ngig, sodass der Dichtungsring der Absperrklappe und der Ventilsitz gleichzeitig ausgetauscht werden k\u00f6nnen. Wenn der Dichtungsring oder der Sitz besch\u00e4digt ist, m\u00fcssen nur der Dichtungsring und der Sitz ausgetauscht werden.<\/li>\r\n \t<li>Der Ventilsitz des ZECO-Absperrventils hat die Struktur eines geschmiedeten Ventilsitzes aus Ganzmetalllegierungsstahl. Er hat eine extrem hohe H\u00e4rte, kann in abrasiven Medien verwendet werden und ist best\u00e4ndig gegen hohe Temperaturen und hohen Druck.<\/li>\r\n \t<li>Das ZECO-Absperrventil mit Metallsitz bietet eine leichte, kosteng\u00fcnstige, robuste und wartungsfreie L\u00f6sung f\u00fcr Hochdruckanwendungen.<\/li>\r\n<\/ul>\r\n\r\n\r\n\r\n<h2 class=\"wp-block-heading\">Anwendungen von Absperrklappen mit Metallsitz<\/h2>\r\n\r\n\r\n\r\n\r\nAbsperrklappen mit Metallsitz werden h\u00e4ufig in der Erd\u00f6l-, Erdgas-, Gaspipeline- und Medizin-, Lebensmittelindustrie, industriellen Umweltwasseraufbereitung und Schifffahrtsindustrie eingesetzt.\r\n\r\n\r\n\r\n\r\n<h2 class=\"wp-block-heading\" id=\"h-material-of-metal-seated-butterfly-valves\">Material von Absperrklappen mit Metallsitz<\/h2>\r\n\r\n\r\n\r\n<figure class=\"wp-block-table\">\r\n<table>\r\n<tbody>\r\n<tr>\r\n<td>Nein<\/td>\r\n<td>Teil<\/td>\r\n<td>Material<\/td>\r\n<\/tr>\r\n<tr>\r\n<td>1<\/td>\r\n<td>K\u00f6rper<\/td>\r\n<td>ASTM A351 CF8<\/td>\r\n<\/tr>\r\n<tr>\r\n<td>2<\/td>\r\n<td>Dichtungsring<\/td>\r\n<td>Graphit + SS304<\/td>\r\n<\/tr>\r\n<tr>\r\n<td>3<\/td>\r\n<td>Halteflansch<\/td>\r\n<td>ASTM A182 F304<\/td>\r\n<\/tr>\r\n<tr>\r\n<td>4<\/td>\r\n<td>Stift<\/td>\r\n<td>ASTM A276 304<\/td>\r\n<\/tr>\r\n<tr>\r\n<td>5<\/td>\r\n<td>Scheibe<\/td>\r\n<td>ASTM A351 CF8<\/td>\r\n<\/tr>\r\n<tr>\r\n<td>6<\/td>\r\n<td>Vorbau<\/td>\r\n<td>ASTM A276 304<\/td>\r\n<\/tr>\r\n<tr>\r\n<td>7<\/td>\r\n<td>Spindelpackung<\/td>\r\n<td>Graphit<\/td>\r\n<\/tr>\r\n<tr>\r\n<td>8<\/td>\r\n<td>Vorbauklopfen<\/td>\r\n<td>SS304 + PTFE<\/td>\r\n<\/tr>\r\n<tr>\r\n<td>9<\/td>\r\n<td>Schraube<\/td>\r\n<td>ASTM A193 B8<\/td>\r\n<\/tr>\r\n<tr>\r\n<td>10<\/td>\r\n<td>Nuss<\/td>\r\n<td>ASTM A194 8<\/td>\r\n<\/tr>\r\n<tr>\r\n<td>11<\/td>\r\n<td>Joch<\/td>\r\n<td>ASTM A216 WCB<\/td>\r\n<\/tr>\r\n<\/tbody>\r\n<\/table>\r\n<\/figure>","protected":false},"excerpt":{"rendered":"<p>Absperrklappen mit Metallsitz sind neu entwickelte langlebige und energiesparende Produkte. Was ist eine Absperrklappe mit Metallsitz? Eine Absperrklappe mit Metallsitz \u2026 <a title=\"Metallisch dichtende Absperrklappe\" class=\"read-more\" href=\"https:\/\/zecovalve.com\/de\/produkt\/metal-seated-butterfly-valve\" aria-label=\"Mehr zu Metallsitzende Absperrklappe\">Weiterlesen ...<\/a><\/p>","protected":false},"featured_media":16146,"comment_status":"closed","ping_status":"closed","template":"","meta":{"_generate-full-width-content":"","kt_blocks_editor_width":""},"product_cat":[2044,2467,2604],"product_tag":[],"class_list":["post-16145","product","type-product","status-publish","has-post-thumbnail","hentry","product_cat-butterfly-valve","product_cat-butterfly-valve-by-form","product_cat-triple-offset-butterfly-valve","sales-flash-overlay","woocommerce-text-align-center","woocommerce-image-align-center","do-quantity-buttons"],"featured_image_src_large":["https:\/\/zecovalve.com\/wp-content\/uploads\/2022\/06\/metal-seated-butterfly-valve.jpg",800,600,false],"author_info":[],"comment_info":0,"taxonomy_info":{"product_cat":[{"value":2044,"label":"Butterfly Valve"},{"value":2467,"label":"Butterfly Valve By Form"},{"value":2604,"label":"Triple Offset Butterfly Valve"}]},"yoast_head":"<!-- This site is optimized with the Yoast SEO Premium plugin v15.4 - https:\/\/yoast.com\/wordpress\/plugins\/seo\/ -->\n<title>Metal Seated Butterfly Valve - Butterfly Valve Manufacturer | ZECO Valve<\/title>\n<meta name=\"robots\" content=\"index, follow, max-snippet:-1, max-image-preview:large, max-video-preview:-1\" \/>\n<link rel=\"canonical\" href=\"https:\/\/zecovalve.com\/de\/produkt\/metal-seated-butterfly-valve\" \/>\n<meta property=\"og:locale\" content=\"de_DE\" \/>\n<meta property=\"og:type\" content=\"article\" \/>\n<meta property=\"og:title\" content=\"Metal Seated Butterfly Valve - Butterfly Valve Manufacturer | ZECO Valve\" \/>\n<meta property=\"og:description\" content=\"Metal seated butterfly valve is the newly-developed long-life and energy-saving products. What is a Metal Seated Butterfly Valve? A metal seated butterfly ... Weiterlesen ...\" \/>\n<meta property=\"og:url\" content=\"https:\/\/zecovalve.com\/de\/produkt\/metal-seated-butterfly-valve\" \/>\n<meta property=\"og:site_name\" content=\"ZECO Valve\" \/>\n<meta property=\"article:modified_time\" content=\"2022-07-16T08:10:36+00:00\" \/>\n<meta property=\"og:image\" content=\"https:\/\/zecovalve.com\/wp-content\/uploads\/2022\/06\/metal-seated-butterfly-valve.jpg\" \/>\n\t<meta property=\"og:image:width\" content=\"800\" \/>\n\t<meta property=\"og:image:height\" content=\"600\" \/>\n<meta name=\"twitter:card\" content=\"summary_large_image\" \/>\n<meta name=\"twitter:label1\" content=\"Verfasst von\">\n\t<meta name=\"twitter:data1\" content=\"Jerry\">\n\t<meta name=\"twitter:label2\" content=\"Gesch\u00e4tzte Lesezeit\">\n\t<meta name=\"twitter:data2\" content=\"2\u00a0Minuten\">\n<script type=\"application\/ld+json\" class=\"yoast-schema-graph\">{\"@context\":\"https:\/\/schema.org\",\"@graph\":[{\"@type\":\"WebSite\",\"@id\":\"https:\/\/zecovalve.com\/#website\",\"url\":\"https:\/\/zecovalve.com\/\",\"name\":\"ZECO Valve\",\"description\":\"Industrial Ball Valve, Gate Valve and Globe Valve Manufacturer\",\"potentialAction\":[{\"@type\":\"SearchAction\",\"target\":\"https:\/\/zecovalve.com\/?s={search_term_string}\",\"query-input\":\"required name=search_term_string\"}],\"inLanguage\":\"de\"},{\"@type\":\"ImageObject\",\"@id\":\"https:\/\/zecovalve.com\/product\/metal-seated-butterfly-valve#primaryimage\",\"inLanguage\":\"de\",\"url\":\"https:\/\/zecovalve.com\/wp-content\/uploads\/2022\/06\/metal-seated-butterfly-valve.jpg\",\"width\":800,\"height\":600,\"caption\":\"Metal Seated Butterfly Valve\"},{\"@type\":\"WebPage\",\"@id\":\"https:\/\/zecovalve.com\/product\/metal-seated-butterfly-valve#webpage\",\"url\":\"https:\/\/zecovalve.com\/product\/metal-seated-butterfly-valve\",\"name\":\"Metal Seated Butterfly Valve - Butterfly Valve Manufacturer | ZECO Valve\",\"isPartOf\":{\"@id\":\"https:\/\/zecovalve.com\/#website\"},\"primaryImageOfPage\":{\"@id\":\"https:\/\/zecovalve.com\/product\/metal-seated-butterfly-valve#primaryimage\"},\"datePublished\":\"2022-06-19T14:13:26+00:00\",\"dateModified\":\"2022-07-16T08:10:36+00:00\",\"breadcrumb\":{\"@id\":\"https:\/\/zecovalve.com\/product\/metal-seated-butterfly-valve#breadcrumb\"},\"inLanguage\":\"de\",\"potentialAction\":[{\"@type\":\"ReadAction\",\"target\":[\"https:\/\/zecovalve.com\/product\/metal-seated-butterfly-valve\"]}]},{\"@type\":\"BreadcrumbList\",\"@id\":\"https:\/\/zecovalve.com\/product\/metal-seated-butterfly-valve#breadcrumb\",\"itemListElement\":[{\"@type\":\"ListItem\",\"position\":1,\"item\":{\"@type\":\"WebPage\",\"@id\":\"https:\/\/zecovalve.com\/\",\"url\":\"https:\/\/zecovalve.com\/\",\"name\":\"Home\"}},{\"@type\":\"ListItem\",\"position\":2,\"item\":{\"@type\":\"WebPage\",\"@id\":\"https:\/\/zecovalve.com\/product-category\",\"url\":\"https:\/\/zecovalve.com\/product-category\",\"name\":\"Industrial Valve Manufacturer | Water Valve Manufacturer\"}},{\"@type\":\"ListItem\",\"position\":3,\"item\":{\"@type\":\"WebPage\",\"@id\":\"https:\/\/zecovalve.com\/product\/metal-seated-butterfly-valve\",\"url\":\"https:\/\/zecovalve.com\/product\/metal-seated-butterfly-valve\",\"name\":\"Metal Seated Butterfly Valve\"}}]}]}<\/script>\n<!-- \/ Yoast SEO Premium plugin. -->","_links":{"self":[{"href":"https:\/\/zecovalve.com\/de\/wp-json\/wp\/v2\/product\/16145","targetHints":{"allow":["GET"]}}],"collection":[{"href":"https:\/\/zecovalve.com\/de\/wp-json\/wp\/v2\/product"}],"about":[{"href":"https:\/\/zecovalve.com\/de\/wp-json\/wp\/v2\/types\/product"}],"replies":[{"embeddable":true,"href":"https:\/\/zecovalve.com\/de\/wp-json\/wp\/v2\/comments?post=16145"}],"wp:featuredmedia":[{"embeddable":true,"href":"https:\/\/zecovalve.com\/de\/wp-json\/wp\/v2\/media\/16146"}],"wp:attachment":[{"href":"https:\/\/zecovalve.com\/de\/wp-json\/wp\/v2\/media?parent=16145"}],"wp:term":[{"taxonomy":"product_cat","embeddable":true,"href":"https:\/\/zecovalve.com\/de\/wp-json\/wp\/v2\/product_cat?post=16145"},{"taxonomy":"product_tag","embeddable":true,"href":"https:\/\/zecovalve.com\/de\/wp-json\/wp\/v2\/product_tag?post=16145"}],"curies":[{"name":"wp","href":"https:\/\/api.w.org\/{rel}","templated":true}]}}