{"id":16147,"date":"2022-06-19T14:16:02","date_gmt":"2022-06-19T14:16:02","guid":{"rendered":"https:\/\/zecovalve.com\/?post_type=product&#038;p=16147"},"modified":"2023-06-07T07:02:42","modified_gmt":"2023-06-07T07:02:42","slug":"top-entry-ball-valve","status":"publish","type":"product","link":"https:\/\/zecovalve.com\/de\/produkt\/top-entry-ball-valve","title":{"rendered":"Top Entry Kugelhahn"},"content":{"rendered":"<p>Aufgrund der besonderen Umgebungs- und Betriebsbedingungen des Prozesses reicht ein herk\u00f6mmlicher Kugelhahn nicht aus und das System erfordert hohe Leistung. Durch die obere Zugangsstruktur muss der Kugelhahn nicht aus der Leitung entfernt werden, wenn der Sitz gewartet oder ausgetauscht wird. Daher ist die \u00dcberpr\u00fcfung und Wartung des Kugelhahns einfach.<\/p>\r\n\r\n\r\n\r\n<figure class=\"wp-block-image alignnone size-medium wp-image-16148\"><img loading=\"lazy\" decoding=\"async\" width=\"300\" height=\"225\" class=\"wp-image-16148\" src=\"https:\/\/zecovalve.com\/wp-content\/uploads\/2022\/06\/top-entry-ball-valve-300x225.jpg\" alt=\"Top Entry Kugelhahn\" srcset=\"https:\/\/zecovalve.com\/wp-content\/uploads\/2022\/06\/top-entry-ball-valve-300x225.jpg 300w, https:\/\/zecovalve.com\/wp-content\/uploads\/2022\/06\/top-entry-ball-valve-768x576.jpg 768w, https:\/\/zecovalve.com\/wp-content\/uploads\/2022\/06\/top-entry-ball-valve-600x450.jpg 600w, https:\/\/zecovalve.com\/wp-content\/uploads\/2022\/06\/top-entry-ball-valve.jpg 800w\" sizes=\"auto, (max-width: 300px) 100vw, 300px\" \/><\/figure>\r\n\r\n\r\n<div class=\"gb-button-wrapper gb-button-wrapper-6d8495a3\">\r\n\r\n\r\n<p><a class=\"gb-button gb-button-3d442e11 gb-button-text\" href=\"https:\/\/zecovalve.com\/de\/contact\/\" target=\"_blank\" rel=\"noopener noreferrer\"><strong>ERHALTEN SIE DEN PREIS F\u00dcR DEN TOP-ENTRY-KUGELHAHN<\/strong><\/a><\/p>\r\n<\/div>\r\n\r\n\r\n\r\n\r\n<h2 class=\"wp-block-heading\" id=\"h-what-is-a-top-entry-ball-valve\">Was ist ein Top-Entry-Kugelhahn?<\/h2>\r\n\r\n\r\n\r\n<p>Die Kugelh\u00e4hne mit oberem Zugang sind die Ventile, bei denen die Kugel vom oberen Ende aus montiert wird. Sie \u00e4hneln einem Kugelhahn mit einem K\u00f6rper und einer Kappe, mit der Ausnahme, dass der Verkleidungsteil eine Kugelart verwendet. Sie bestehen aus einer einzigen Einheit. Normalerweise bestehen die Kugelh\u00e4hne mit oberem Zugang aus Gussmetall.<\/p>\r\n\r\n\r\n\r\n<h2 class=\"wp-block-heading\">Geh\u00e4usekonstruktion des Top-Entry-Kugelhahns<\/h2>\r\n\r\n\r\n\r\n<ul class=\"wp-block-list\">\r\n<li>Die Konstruktion der Geh\u00e4usehaube ist verschraubt und ihre Dimensionierung entspricht den Anforderungen der ASME VIII Div. 1<\/li>\r\n<li>Die verschraubte Konstruktion erm\u00f6glicht die Demontage w\u00e4hrend der Montage f\u00fcr Inspektionen und eventuelle Reparaturen<\/li>\r\n<li>Durch Abnehmen des Ventildeckels erh\u00e4lt man freien Zugang zur Kugel und den Ventilsitzen, die gleichzeitig ohne spezielle Wartungswerkzeuge herausgenommen werden k\u00f6nnen.<\/li>\r\n<li>Nach der Wartung kann die Integrit\u00e4t der Sitzfl\u00e4che beurteilt werden, indem nur der K\u00f6rperhohlraum unter Druck gesetzt wird, bevor die Rohrleitung erneut unter Druck gesetzt wird (Standard-DPE-Design).<\/li>\r\n<li>K\u00f6rperablass im untersten Teil der K\u00f6rperh\u00f6hle, ausgestattet mit einem NPT-Ablassventil mit Sicherheitsstopfen<\/li>\r\n<\/ul>\r\n\r\n\r\n\r\n<h2 class=\"wp-block-heading\">Design des Top-Entry-Kugelhahns<\/h2>\r\n\r\n\r\n\r\n<ul class=\"wp-block-list\">\r\n<li>Top-Eintrag<\/li>\r\n<li>Auf Zapfen montiert<\/li>\r\n<li>Hebel- oder Zahnradbet\u00e4tigung<\/li>\r\n<li>Einsitzer mit DPE-Sitz<\/li>\r\n<li>Feuersichere graphitfreie Spindelabdichtung<\/li>\r\n<li>Doppelt abgedichtete Verbindung zwischen Geh\u00e4use und Haube<\/li>\r\n<li>Verl\u00e4ngerte Schwei\u00dfenden<\/li>\r\n<li>Optionale Anschwei\u00dfflansche mit R\u00f6ntgenpr\u00fcfung der Schwei\u00dfkonstruktionen<\/li>\r\n<li>Produktionspr\u00fcfungen nach EN 12266-1, API 598, API 6D<\/li>\r\n<li>Kryogene Pr\u00fcfungen (auf Anfrage): BS 6364<\/li>\r\n<\/ul>\r\n\r\n\r\n\r\n<h2 class=\"wp-block-heading\">Wie funktioniert ein Top-Entry-Kugelhahn?<\/h2>\r\n\r\n\r\n\r\n<p>Kugelh\u00e4hne haben eine Kugel, die unten von einem Zapfen gest\u00fctzt wird. Wenn die Bohrung in Richtung der Leitung zeigt, ist das Ventil in einer offenen Position und l\u00e4sst die Fl\u00fcssigkeit einstr\u00f6men. Der Schaft beginnt sich nach unten zu bewegen und dreht sich aufgrund der darin eingearbeiteten Kan\u00e4le um 90\u00b0, wodurch sich die Kugel in die gleiche Richtung dreht. Dann sind einige der Kan\u00e4le gerade eingearbeitet und der Schaft kann nicht einfach nach unten gehen.<\/p>\r\n\r\n\r\n\r\n<p>In diesem Fall treibt der Schaft die Kugel dank der abgewinkelten Oberfl\u00e4che zum unteren Zapfen und zum Sitz. Die Kugel trifft den Sitz nur in dieser Position und w\u00e4hrend der restlichen Bewegung entsteht kein Druck.<\/p>\r\n\r\n\r\n\r\n<p>Kugelh\u00e4hne mit Top-Entry-Einstieg gibt es in zwei Hauptkonfigurationen:<\/p>\r\n\r\n\r\n\r\n<p>Vollbohrung: Die Gr\u00f6\u00dfe der Verkleidung ist f\u00fcr die Leitung gleich. In diesem Fall ist das Ventil ideal f\u00fcr <a href=\"https:\/\/zecovalve.com\/de\/understanding-pigging-and-pig-valves-in-industrial-pipelines-zeco-valve-blog.html\/\" data-internallinksmanager029f6b8e52c=\"12\" title=\"Molchen\" target=\"_blank\" rel=\"noopener\">Molchen<\/a>. Reduzierte Bohrung: Die H\u00f6he der Verkleidung ist geringer als die Gr\u00f6\u00dfe der Rohrleitung.<\/p>\r\n\r\n\r\n\r\n<h2 class=\"wp-block-heading\" id=\"h-features-of-top-entry-ball-valves\">Merkmale von Top-Entry-Kugelh\u00e4hnen<\/h2>\r\n\r\n\r\n\r\n<ul class=\"wp-block-list\">\r\n<li>Sitz aus weichem Metall oder Verbundmaterial.<\/li>\r\n<li>Beidseitig dichte Absperrung.<\/li>\r\n<li>Doppelt blockieren und entl\u00fcften.<\/li>\r\n<li>Feuersicher und feuergepr\u00fcft.<\/li>\r\n<li>Design mit niedrigem Betriebsdrehmoment.<\/li>\r\n<li>Gro\u00dfe Auswahl an Materialien und Gr\u00f6\u00dfen.<\/li>\r\n<li>Gefederte Sitze.<\/li>\r\n<li>Zapfenmontiert mit energetischen Sitzen.<\/li>\r\n<li>Anti-Blowout-Design des Schafts.<\/li>\r\n<li>Geeignet f\u00fcr die ober- und unterirdische Installation.<\/li>\r\n<li>Sitz aus weichem Metall oder Verbundmaterial.<\/li>\r\n<li>Leichtgewichtiger Gussk\u00f6rper.<\/li>\r\n<li>Absperrung der Klasse V.<\/li>\r\n<li>Graphit-Schaftdichtung.<\/li>\r\n<li>Geschmiedete Ausf\u00fchrung.<\/li>\r\n<li>Keine Trimmung im Dampfstrom.<\/li>\r\n<li>Konisches Profil zur Minimierung durch den Durchfluss verursachter Vibrationen.<\/li>\r\n<li>Variable Spr\u00fchd\u00fcse.<\/li>\r\n<\/ul>\r\n\r\n\r\n\r\n<h2 class=\"wp-block-heading\">Anwendungsbereiche von Top Entry-Kugelh\u00e4hnen<\/h2>\r\n\r\n\r\n\r\n<ul class=\"wp-block-list\">\r\n<li>\u00c4tzende Fl\u00fcssigkeiten<\/li>\r\n<li>Erdgaspipelines<\/li>\r\n<li>\u00d6lpipelines<\/li>\r\n<li>Raffinerien<\/li>\r\n<\/ul>\r\n\r\n\r\n\r\n<h2 class=\"wp-block-heading\" id=\"h-material-of-top-entry-ball-valve\">Material des Top Entry-Kugelhahns:<\/h2>\r\n\r\n\r\n\r\n<figure class=\"wp-block-table\">\r\n<table>\r\n<tbody>\r\n<tr>\r\n<td>Nein<\/td>\r\n<td>Teil<\/td>\r\n<td>Material<\/td>\r\n<\/tr>\r\n<tr>\r\n<td>1<\/td>\r\n<td>K\u00f6rper<\/td>\r\n<td>ASTM A351 CF8M<\/td>\r\n<\/tr>\r\n<tr>\r\n<td>2<\/td>\r\n<td>Motorhaube<\/td>\r\n<td>ASTM A351 CF8M<\/td>\r\n<\/tr>\r\n<tr>\r\n<td>3<\/td>\r\n<td>Kugel<\/td>\r\n<td>ASTM A182 F316<\/td>\r\n<\/tr>\r\n<tr>\r\n<td>4<\/td>\r\n<td>Sitz<\/td>\r\n<td>ASTM A182 F316 + DEVLON<\/td>\r\n<\/tr>\r\n<tr>\r\n<td>5<\/td>\r\n<td>Vorbau<\/td>\r\n<td>ASTM A276 316<\/td>\r\n<\/tr>\r\n<tr>\r\n<td>6<\/td>\r\n<td>Antistatische Vorrichtung<\/td>\r\n<td>SS316<\/td>\r\n<\/tr>\r\n<tr>\r\n<td>7<\/td>\r\n<td>Dichtung<\/td>\r\n<td>Graphit + SS316<\/td>\r\n<\/tr>\r\n<tr>\r\n<td>8<\/td>\r\n<td>Schraube<\/td>\r\n<td>ASTM A193 B8M<\/td>\r\n<\/tr>\r\n<tr>\r\n<td>9<\/td>\r\n<td>Nuss<\/td>\r\n<td>ASTM A194 8M<\/td>\r\n<\/tr>\r\n<tr>\r\n<td>10<\/td>\r\n<td>O-Ring<\/td>\r\n<td>Viton A<\/td>\r\n<\/tr>\r\n<tr>\r\n<td>11<\/td>\r\n<td>Getriebe<\/td>\r\n<td>Montage<\/td>\r\n<\/tr>\r\n<\/tbody>\r\n<\/table>\r\n<\/figure>","protected":false},"excerpt":{"rendered":"<p>Aufgrund der besonderen Umgebungs- und Betriebsbedingungen des Prozesses reicht ein herk\u00f6mmlicher Kugelhahn nicht aus \u2026 <a title=\"Top Entry Kugelhahn\" class=\"read-more\" href=\"https:\/\/zecovalve.com\/de\/produkt\/top-entry-ball-valve\" aria-label=\"Mehr zu Top Entry Ball Valve\">Weiterlesen ...<\/a><\/p>","protected":false},"featured_media":27852,"comment_status":"closed","ping_status":"closed","template":"","meta":{"_generate-full-width-content":"","kt_blocks_editor_width":""},"product_cat":[2047,2459],"product_tag":[3896,3913],"class_list":["post-16147","product","type-product","status-publish","has-post-thumbnail","hentry","product_cat-ball-valve","product_cat-ball-valve-by-form","product_tag-flanged-ball-valve","product_tag-full-port-ball-valve","sales-flash-overlay","woocommerce-text-align-center","woocommerce-image-align-center","do-quantity-buttons"],"featured_image_src_large":["https:\/\/zecovalve.com\/wp-content\/uploads\/2022\/06\/Top-Entry-Ball-Valve-1.jpg",800,600,false],"author_info":[],"comment_info":0,"taxonomy_info":{"product_cat":[{"value":2047,"label":"Ball Valve"},{"value":2459,"label":"Ball Valve By Form"}],"product_tag":[{"value":3896,"label":"Flanged Ball Valve"},{"value":3913,"label":"Full Port Ball Valve"}]},"yoast_head":"<!-- This site is optimized with the Yoast SEO Premium plugin v15.4 - https:\/\/yoast.com\/wordpress\/plugins\/seo\/ -->\n<title>Top Entry Ball Valve - Top Entry Ball Valve Manufacturers | ZECO Valve<\/title>\n<meta name=\"robots\" content=\"index, follow, max-snippet:-1, max-image-preview:large, max-video-preview:-1\" \/>\n<link rel=\"canonical\" href=\"https:\/\/zecovalve.com\/de\/produkt\/top-entry-ball-valve\" \/>\n<meta property=\"og:locale\" content=\"de_DE\" \/>\n<meta property=\"og:type\" content=\"article\" \/>\n<meta property=\"og:title\" content=\"Top Entry Ball Valve - Top Entry Ball Valve Manufacturers | ZECO Valve\" \/>\n<meta property=\"og:description\" content=\"Due to the distinctive nature of the environmental conditions and operating conditions of the process, a typical ball valve is not sufficient ... Weiterlesen ...\" \/>\n<meta property=\"og:url\" content=\"https:\/\/zecovalve.com\/de\/produkt\/top-entry-ball-valve\" \/>\n<meta property=\"og:site_name\" content=\"ZECO Valve\" \/>\n<meta property=\"article:modified_time\" content=\"2023-06-07T07:02:42+00:00\" \/>\n<meta property=\"og:image\" content=\"https:\/\/zecovalve.com\/wp-content\/uploads\/2022\/06\/Top-Entry-Ball-Valve-1.jpg\" \/>\n\t<meta property=\"og:image:width\" content=\"800\" \/>\n\t<meta property=\"og:image:height\" content=\"600\" \/>\n<meta name=\"twitter:card\" content=\"summary_large_image\" \/>\n<meta name=\"twitter:label1\" content=\"Verfasst von\">\n\t<meta name=\"twitter:data1\" content=\"Jerry\">\n\t<meta name=\"twitter:label2\" content=\"Gesch\u00e4tzte Lesezeit\">\n\t<meta name=\"twitter:data2\" content=\"2\u00a0Minuten\">\n<script type=\"application\/ld+json\" class=\"yoast-schema-graph\">{\"@context\":\"https:\/\/schema.org\",\"@graph\":[{\"@type\":\"WebSite\",\"@id\":\"https:\/\/zecovalve.com\/#website\",\"url\":\"https:\/\/zecovalve.com\/\",\"name\":\"ZECO Valve\",\"description\":\"Industrial Ball Valve, Gate Valve and Globe Valve Manufacturer\",\"potentialAction\":[{\"@type\":\"SearchAction\",\"target\":\"https:\/\/zecovalve.com\/?s={search_term_string}\",\"query-input\":\"required name=search_term_string\"}],\"inLanguage\":\"de\"},{\"@type\":\"ImageObject\",\"@id\":\"https:\/\/zecovalve.com\/product\/top-entry-ball-valve#primaryimage\",\"inLanguage\":\"de\",\"url\":\"https:\/\/zecovalve.com\/wp-content\/uploads\/2022\/06\/Top-Entry-Ball-Valve-1.jpg\",\"width\":800,\"height\":600,\"caption\":\"Top Entry Ball Valve\"},{\"@type\":\"WebPage\",\"@id\":\"https:\/\/zecovalve.com\/product\/top-entry-ball-valve#webpage\",\"url\":\"https:\/\/zecovalve.com\/product\/top-entry-ball-valve\",\"name\":\"Top Entry Ball Valve - Top Entry Ball Valve Manufacturers | ZECO Valve\",\"isPartOf\":{\"@id\":\"https:\/\/zecovalve.com\/#website\"},\"primaryImageOfPage\":{\"@id\":\"https:\/\/zecovalve.com\/product\/top-entry-ball-valve#primaryimage\"},\"datePublished\":\"2022-06-19T14:16:02+00:00\",\"dateModified\":\"2023-06-07T07:02:42+00:00\",\"breadcrumb\":{\"@id\":\"https:\/\/zecovalve.com\/product\/top-entry-ball-valve#breadcrumb\"},\"inLanguage\":\"de\",\"potentialAction\":[{\"@type\":\"ReadAction\",\"target\":[\"https:\/\/zecovalve.com\/product\/top-entry-ball-valve\"]}]},{\"@type\":\"BreadcrumbList\",\"@id\":\"https:\/\/zecovalve.com\/product\/top-entry-ball-valve#breadcrumb\",\"itemListElement\":[{\"@type\":\"ListItem\",\"position\":1,\"item\":{\"@type\":\"WebPage\",\"@id\":\"https:\/\/zecovalve.com\/\",\"url\":\"https:\/\/zecovalve.com\/\",\"name\":\"Home\"}},{\"@type\":\"ListItem\",\"position\":2,\"item\":{\"@type\":\"WebPage\",\"@id\":\"https:\/\/zecovalve.com\/product-category\",\"url\":\"https:\/\/zecovalve.com\/product-category\",\"name\":\"Industrial Valve Manufacturer | Water Valve Manufacturer\"}},{\"@type\":\"ListItem\",\"position\":3,\"item\":{\"@type\":\"WebPage\",\"@id\":\"https:\/\/zecovalve.com\/product\/top-entry-ball-valve\",\"url\":\"https:\/\/zecovalve.com\/product\/top-entry-ball-valve\",\"name\":\"Top Entry Ball Valve\"}}]}]}<\/script>\n<!-- \/ Yoast SEO Premium plugin. -->","_links":{"self":[{"href":"https:\/\/zecovalve.com\/de\/wp-json\/wp\/v2\/product\/16147","targetHints":{"allow":["GET"]}}],"collection":[{"href":"https:\/\/zecovalve.com\/de\/wp-json\/wp\/v2\/product"}],"about":[{"href":"https:\/\/zecovalve.com\/de\/wp-json\/wp\/v2\/types\/product"}],"replies":[{"embeddable":true,"href":"https:\/\/zecovalve.com\/de\/wp-json\/wp\/v2\/comments?post=16147"}],"wp:featuredmedia":[{"embeddable":true,"href":"https:\/\/zecovalve.com\/de\/wp-json\/wp\/v2\/media\/27852"}],"wp:attachment":[{"href":"https:\/\/zecovalve.com\/de\/wp-json\/wp\/v2\/media?parent=16147"}],"wp:term":[{"taxonomy":"product_cat","embeddable":true,"href":"https:\/\/zecovalve.com\/de\/wp-json\/wp\/v2\/product_cat?post=16147"},{"taxonomy":"product_tag","embeddable":true,"href":"https:\/\/zecovalve.com\/de\/wp-json\/wp\/v2\/product_tag?post=16147"}],"curies":[{"name":"wp","href":"https:\/\/api.w.org\/{rel}","templated":true}]}}