{"id":16151,"date":"2022-06-19T14:22:43","date_gmt":"2022-06-19T14:22:43","guid":{"rendered":"https:\/\/zecovalve.com\/?post_type=product&#038;p=16151"},"modified":"2023-06-07T07:03:04","modified_gmt":"2023-06-07T07:03:04","slug":"2pc-ball-valve","status":"publish","type":"product","link":"https:\/\/zecovalve.com\/de\/produkt\/2pc-ball-valve","title":{"rendered":"2-teiliger Kugelhahn"},"content":{"rendered":"<p>Der 2-teilige Edelstahl-Kugelhahn ist wahrscheinlich der am h\u00e4ufigsten verwendete Kugelhahn. Der 2-teilige Kugelhahn \u00f6ffnet oder schlie\u00dft den Durchfluss der meisten Fl\u00fcssigkeiten und Gase schnell und einfach und eignet sich f\u00fcr nahezu jede Anwendung, bei der eine einfache Ein-\/Aus-Funktion erforderlich ist.<\/p>\r\n\r\n\r\n\r\n<figure class=\"wp-block-image alignnone size-medium wp-image-16152\"><img loading=\"lazy\" decoding=\"async\" width=\"300\" height=\"225\" class=\"wp-image-16152\" src=\"https:\/\/zecovalve.com\/wp-content\/uploads\/2022\/06\/2pc-ball-vlave-300x225.jpg\" alt=\"2-teiliges Kugelventil\" srcset=\"https:\/\/zecovalve.com\/wp-content\/uploads\/2022\/06\/2pc-ball-vlave-300x225.jpg 300w, https:\/\/zecovalve.com\/wp-content\/uploads\/2022\/06\/2pc-ball-vlave-768x576.jpg 768w, https:\/\/zecovalve.com\/wp-content\/uploads\/2022\/06\/2pc-ball-vlave-600x450.jpg 600w, https:\/\/zecovalve.com\/wp-content\/uploads\/2022\/06\/2pc-ball-vlave.jpg 800w\" sizes=\"auto, (max-width: 300px) 100vw, 300px\" \/><\/figure>\r\n\r\n\r\n<div class=\"gb-button-wrapper gb-button-wrapper-6d8495a3\">\r\n\r\n\r\n<p><a class=\"gb-button gb-button-3d442e11 gb-button-text\" href=\"https:\/\/zecovalve.com\/de\/contact\/\" target=\"_blank\" rel=\"noopener noreferrer\"><strong>ERHALTEN SIE DEN PREIS F\u00dcR 2 ST\u00dcCKE KUGELHAHN<\/strong><\/a><\/p>\r\n<\/div>\r\n\r\n\r\n\r\n\r\n<h2 class=\"wp-block-heading\" id=\"h-what-is-a-2-piece-ball-valve\">Was ist ein zweiteiliger Kugelhahn?<\/h2>\r\n\r\n\r\n\r\n<p>Zweiteilige Kugelh\u00e4hne geh\u00f6ren zu den am h\u00e4ufigsten verwendeten Kugelh\u00e4hnen. Wie der Name schon sagt, besteht der zweiteilige Kugelhahn aus zwei Teilen, einem Teil mit einem Endanschluss und dem K\u00f6rper. Das zweite Teil passt in das erste, h\u00e4lt die Verkleidung an Ort und Stelle und umfasst den zweiten Endanschluss. Nach der Installation k\u00f6nnen diese Ventile normalerweise nicht repariert werden, es sei denn, sie werden au\u00dfer Betrieb genommen.<\/p>\r\n\r\n\r\n\r\n<p>Der Kugelhahn von ZECO ist derselbe wie der normale, der die Feder mit dem Schaft verbindet, um den Zweck des \u00d6ffnens\/Schlie\u00dfens zu erreichen. Er wird haupts\u00e4chlich verwendet, um das Medium auf dem Rohr abzusperren. Er zeichnet sich durch einfache Struktur, gute Dichtf\u00e4higkeit, Flexibilit\u00e4t, geringen Blockierkoeffizienten, einfache Bedienung usw. aus. ZECO ist der weltweite Lieferant von 2-teiligen Kugelh\u00e4hnen, die in 2-teilige schwimmende Kugelh\u00e4hne und 2-teilige zapfengelagerte Kugelh\u00e4hne unterteilt werden k\u00f6nnen.<\/p>\r\n\r\n\r\n\r\n<h2 class=\"wp-block-heading\">Aufbau eines 2-teiligen Kugelhahns<\/h2>\r\n\r\n\r\n\r\n<p>Die Kugelh\u00e4hne sind zweiteilig und haben eine durchgehende Kugelbohrung. Relevante Konstruktionsnormen sind EN ISO 17292, EN 12516, ASME B16.34 und API 608.<\/p>\r\n\r\n\r\n\r\n<h2 class=\"wp-block-heading\">Anwendungen von 2-teiligen Kugelh\u00e4hnen<\/h2>\r\n\r\n\r\n\r\n<p>Die 2-teiligen Kugelh\u00e4hne sind als Absperrventile f\u00fcr aggressive und nicht aggressive Fl\u00fcssigkeiten, Gase, D\u00e4mpfe und Sch\u00fcttg\u00fcter konzipiert. Das Medium kann in beide Richtungen durch die Kugelh\u00e4hne flie\u00dfen.<\/p>\r\n\r\n\r\n\r\n<h2 class=\"wp-block-heading\" id=\"h-features-of-2-piece-ball-valve\">Merkmale von 2-teiligen Kugelh\u00e4hnen<\/h2>\r\n\r\n\r\n\r\n<ul class=\"wp-block-list\">\r\n<li>Da die beweglichen Teile von Ventil, Kugel, Ventilschaft und Griff eine Baugruppe bilden, ist der Kopf des Ventilschafts diploid geformt, sodass leicht zu unterscheiden ist, ob sich das Ventil in der Stellung \u201eEIN\u201c oder in der Stellung des Griffs befindet. Wenn der Griff- oder Schaftdiploid parallel zur Rohrachse liegt, befindet sich das Ventil in der Stellung \u201eEIN\u201c, wenn der Griff- oder Schaftdiploid senkrecht zur Rohrachse steht, befindet sich das Ventil in der Stellung \u201eAUS\u201c;<\/li>\r\n<li>Wenn das Medium durch das Ventil flie\u00dft, w\u00fcrde der Druck im mittleren Hohlraum den Schaft herausziehen. Um dies zu verhindern, wurde eine Konvexit\u00e4t vorgesehen. Gleichzeitig wurde eine Schmiervorrichtung hinzugef\u00fcgt, sodass selbst wenn der O-Ring durch einen Brand besch\u00e4digt wird, die Schmiervorrichtung Dichtungs\u00f6l einspritzt, um ein Austreten des Mediums zu verhindern.<\/li>\r\n<li>Beim Bet\u00e4tigen des Ventils entsteht durch die Reibung zwischen der Kugel und dem nichtmetallischen Ventilsitz (z. B. PTFE o. \u00c4.) elektrostatische Ladung, die sich auf der Kugel ansammeln kann. Um statische Funken zu verhindern, wird an den Ventilen ein antistatisches Ger\u00e4t angebracht, um die in der Kugel angesammelte elektrische Ladung aus dem statischen Kanal zwischen der Kugel und dem Schaft oder zwischen dem Schaft und dem Ventilk\u00f6rper abzuleiten.<\/li>\r\n<li>Um Fehlfunktionen des Ventils zu vermeiden, kann die \u00d6ffnungs-\/Schlie\u00dfposition mit einer Sperrvorrichtung ausgestattet werden, insbesondere bei Verwendung im Freien oder bei Prozessen, bei denen eine Fehlfunktion verboten ist.<\/li>\r\n<\/ul>\r\n\r\n\r\n\r\n<h2 class=\"wp-block-heading\" id=\"h-material-of-2-piece-ball-valve\">Material der 2-teiligen Kugelh\u00e4hne<\/h2>\r\n\r\n\r\n\r\n<figure class=\"wp-block-table\">\r\n<table>\r\n<tbody>\r\n<tr>\r\n<td>Nein<\/td>\r\n<td>Teil<\/td>\r\n<td>Material<\/td>\r\n<\/tr>\r\n<tr>\r\n<td>1<\/td>\r\n<td>K\u00f6rper<\/td>\r\n<td>ASTM A182 F316<\/td>\r\n<\/tr>\r\n<tr>\r\n<td>2<\/td>\r\n<td>Motorhaube<\/td>\r\n<td>ASTM A182 F316<\/td>\r\n<\/tr>\r\n<tr>\r\n<td>3<\/td>\r\n<td>Motorhaubenbolzen<\/td>\r\n<td>ASTM A193 B8M<\/td>\r\n<\/tr>\r\n<tr>\r\n<td>4<\/td>\r\n<td>Haubenmutter<\/td>\r\n<td>ASTM A194 8M<\/td>\r\n<\/tr>\r\n<tr>\r\n<td>5<\/td>\r\n<td>Dichtung der Motorhaube<\/td>\r\n<td>Graphit +SS316<\/td>\r\n<\/tr>\r\n<tr>\r\n<td>6<\/td>\r\n<td>Sitzring<\/td>\r\n<td>VITON<\/td>\r\n<\/tr>\r\n<tr>\r\n<td>7<\/td>\r\n<td>Kugel<\/td>\r\n<td>ASTM A182 F316<\/td>\r\n<\/tr>\r\n<tr>\r\n<td>8<\/td>\r\n<td>Vorbau<\/td>\r\n<td>ASTM A276 316<\/td>\r\n<\/tr>\r\n<tr>\r\n<td>9<\/td>\r\n<td>Spindelpackung<\/td>\r\n<td>Graphit<\/td>\r\n<\/tr>\r\n<tr>\r\n<td>10<\/td>\r\n<td>Dr\u00fcse<\/td>\r\n<td>ASTM A351 CF8M<\/td>\r\n<\/tr>\r\n<tr>\r\n<td>11<\/td>\r\n<td>Stoppkragen<\/td>\r\n<td>ANSI 1025<\/td>\r\n<\/tr>\r\n<\/tbody>\r\n<\/table>\r\n<\/figure>","protected":false},"excerpt":{"rendered":"<p>Der 2-teilige Edelstahl-Kugelhahn ist wahrscheinlich der am h\u00e4ufigsten verwendete Kugelhahn. Der 2-teilige Kugelhahn \u00f6ffnet \u2026 <a title=\"2-teiliger Kugelhahn\" class=\"read-more\" href=\"https:\/\/zecovalve.com\/de\/produkt\/2pc-ball-valve\" aria-label=\"Mehr zu 2 Piece Ball Valve\">Weiterlesen ...<\/a><\/p>","protected":false},"featured_media":27853,"comment_status":"closed","ping_status":"closed","template":"","meta":{"_generate-full-width-content":"","kt_blocks_editor_width":""},"product_cat":[2047,2465],"product_tag":[2655,2804,2656],"class_list":["post-16151","product","type-product","status-publish","has-post-thumbnail","hentry","product_cat-ball-valve","product_cat-forged-steel-ball-valve","product_tag-1-2-ball-valve","product_tag-2-inch-ball-valve","product_tag-3-4-ball-valve","sales-flash-overlay","woocommerce-text-align-center","woocommerce-image-align-center","do-quantity-buttons"],"featured_image_src_large":["https:\/\/zecovalve.com\/wp-content\/uploads\/2022\/06\/2-Piece-Ball-Valve.jpg",800,600,false],"author_info":[],"comment_info":0,"taxonomy_info":{"product_cat":[{"value":2047,"label":"Ball Valve"},{"value":2465,"label":"Forged Ball Valve"}],"product_tag":[{"value":2655,"label":"1 2 ball valve"},{"value":2804,"label":"2 inch Ball Valve"},{"value":2656,"label":"3 4 ball valve"}]},"yoast_head":"<!-- This site is optimized with the Yoast SEO Premium plugin v15.4 - https:\/\/yoast.com\/wordpress\/plugins\/seo\/ -->\n<title>Ball Valve 2 Piece - 2 Piece Ball Valve Manufacturer | ZECO Valve<\/title>\n<meta name=\"robots\" content=\"index, follow, max-snippet:-1, max-image-preview:large, max-video-preview:-1\" \/>\n<link rel=\"canonical\" href=\"https:\/\/zecovalve.com\/de\/produkt\/2pc-ball-valve\" \/>\n<meta property=\"og:locale\" content=\"de_DE\" \/>\n<meta property=\"og:type\" content=\"article\" \/>\n<meta property=\"og:title\" content=\"Ball Valve 2 Piece - 2 Piece Ball Valve Manufacturer | ZECO Valve\" \/>\n<meta property=\"og:description\" content=\"The 2 piece stainless steel ball valve is probably the most widely used ball valve. The 2 piece ball valve will open ... Weiterlesen ...\" \/>\n<meta property=\"og:url\" content=\"https:\/\/zecovalve.com\/de\/produkt\/2pc-ball-valve\" \/>\n<meta property=\"og:site_name\" content=\"ZECO Valve\" \/>\n<meta property=\"article:modified_time\" content=\"2023-06-07T07:03:04+00:00\" \/>\n<meta property=\"og:image\" content=\"https:\/\/zecovalve.com\/wp-content\/uploads\/2022\/06\/2-Piece-Ball-Valve.jpg\" \/>\n\t<meta property=\"og:image:width\" content=\"800\" \/>\n\t<meta property=\"og:image:height\" content=\"600\" \/>\n<meta name=\"twitter:card\" content=\"summary_large_image\" \/>\n<meta name=\"twitter:label1\" content=\"Verfasst von\">\n\t<meta name=\"twitter:data1\" content=\"Jerry\">\n\t<meta name=\"twitter:label2\" content=\"Gesch\u00e4tzte Lesezeit\">\n\t<meta name=\"twitter:data2\" content=\"2\u00a0Minuten\">\n<script type=\"application\/ld+json\" class=\"yoast-schema-graph\">{\"@context\":\"https:\/\/schema.org\",\"@graph\":[{\"@type\":\"WebSite\",\"@id\":\"https:\/\/zecovalve.com\/#website\",\"url\":\"https:\/\/zecovalve.com\/\",\"name\":\"ZECO Valve\",\"description\":\"Industrial Ball Valve, Gate Valve and Globe Valve Manufacturer\",\"potentialAction\":[{\"@type\":\"SearchAction\",\"target\":\"https:\/\/zecovalve.com\/?s={search_term_string}\",\"query-input\":\"required name=search_term_string\"}],\"inLanguage\":\"de\"},{\"@type\":\"ImageObject\",\"@id\":\"https:\/\/zecovalve.com\/product\/2pc-ball-valve#primaryimage\",\"inLanguage\":\"de\",\"url\":\"https:\/\/zecovalve.com\/wp-content\/uploads\/2022\/06\/2-Piece-Ball-Valve.jpg\",\"width\":800,\"height\":600,\"caption\":\"2 Piece Ball Valve\"},{\"@type\":\"WebPage\",\"@id\":\"https:\/\/zecovalve.com\/product\/2pc-ball-valve#webpage\",\"url\":\"https:\/\/zecovalve.com\/product\/2pc-ball-valve\",\"name\":\"Ball Valve 2 Piece - 2 Piece Ball Valve Manufacturer | ZECO Valve\",\"isPartOf\":{\"@id\":\"https:\/\/zecovalve.com\/#website\"},\"primaryImageOfPage\":{\"@id\":\"https:\/\/zecovalve.com\/product\/2pc-ball-valve#primaryimage\"},\"datePublished\":\"2022-06-19T14:22:43+00:00\",\"dateModified\":\"2023-06-07T07:03:04+00:00\",\"breadcrumb\":{\"@id\":\"https:\/\/zecovalve.com\/product\/2pc-ball-valve#breadcrumb\"},\"inLanguage\":\"de\",\"potentialAction\":[{\"@type\":\"ReadAction\",\"target\":[\"https:\/\/zecovalve.com\/product\/2pc-ball-valve\"]}]},{\"@type\":\"BreadcrumbList\",\"@id\":\"https:\/\/zecovalve.com\/product\/2pc-ball-valve#breadcrumb\",\"itemListElement\":[{\"@type\":\"ListItem\",\"position\":1,\"item\":{\"@type\":\"WebPage\",\"@id\":\"https:\/\/zecovalve.com\/\",\"url\":\"https:\/\/zecovalve.com\/\",\"name\":\"Home\"}},{\"@type\":\"ListItem\",\"position\":2,\"item\":{\"@type\":\"WebPage\",\"@id\":\"https:\/\/zecovalve.com\/product-category\",\"url\":\"https:\/\/zecovalve.com\/product-category\",\"name\":\"Industrial Valve Manufacturer | Water Valve Manufacturer\"}},{\"@type\":\"ListItem\",\"position\":3,\"item\":{\"@type\":\"WebPage\",\"@id\":\"https:\/\/zecovalve.com\/product\/2pc-ball-valve\",\"url\":\"https:\/\/zecovalve.com\/product\/2pc-ball-valve\",\"name\":\"2 Piece Ball Valve\"}}]}]}<\/script>\n<!-- \/ Yoast SEO Premium plugin. -->","_links":{"self":[{"href":"https:\/\/zecovalve.com\/de\/wp-json\/wp\/v2\/product\/16151","targetHints":{"allow":["GET"]}}],"collection":[{"href":"https:\/\/zecovalve.com\/de\/wp-json\/wp\/v2\/product"}],"about":[{"href":"https:\/\/zecovalve.com\/de\/wp-json\/wp\/v2\/types\/product"}],"replies":[{"embeddable":true,"href":"https:\/\/zecovalve.com\/de\/wp-json\/wp\/v2\/comments?post=16151"}],"wp:featuredmedia":[{"embeddable":true,"href":"https:\/\/zecovalve.com\/de\/wp-json\/wp\/v2\/media\/27853"}],"wp:attachment":[{"href":"https:\/\/zecovalve.com\/de\/wp-json\/wp\/v2\/media?parent=16151"}],"wp:term":[{"taxonomy":"product_cat","embeddable":true,"href":"https:\/\/zecovalve.com\/de\/wp-json\/wp\/v2\/product_cat?post=16151"},{"taxonomy":"product_tag","embeddable":true,"href":"https:\/\/zecovalve.com\/de\/wp-json\/wp\/v2\/product_tag?post=16151"}],"curies":[{"name":"wp","href":"https:\/\/api.w.org\/{rel}","templated":true}]}}