{"id":16155,"date":"2022-06-19T14:28:37","date_gmt":"2022-06-19T14:28:37","guid":{"rendered":"https:\/\/zecovalve.com\/?post_type=product&#038;p=16155"},"modified":"2023-06-07T14:00:52","modified_gmt":"2023-06-07T14:00:52","slug":"through-conduit-gate-valve","status":"publish","type":"product","link":"https:\/\/zecovalve.com\/de\/produkt\/through-conduit-gate-valve","title":{"rendered":"Schieber f\u00fcr Durchgangsrohre"},"content":{"rendered":"<p>ZECO Valve produziert einige der zuverl\u00e4ssigsten Durchgangsschieber aus Gussstahl der Branche.<\/p>\r\n\r\n\r\n\r\n<figure class=\"wp-block-image alignnone size-medium wp-image-17929\"><img loading=\"lazy\" decoding=\"async\" width=\"300\" height=\"225\" class=\"wp-image-17929\" src=\"https:\/\/zecovalve.com\/wp-content\/uploads\/2022\/06\/Through-Conduit-Gate-Valve-1-300x225.jpg\" alt=\"Schieber f\u00fcr Durchgangsrohre\" srcset=\"https:\/\/zecovalve.com\/wp-content\/uploads\/2022\/06\/Through-Conduit-Gate-Valve-1-300x225.jpg 300w, https:\/\/zecovalve.com\/wp-content\/uploads\/2022\/06\/Through-Conduit-Gate-Valve-1-768x576.jpg 768w, https:\/\/zecovalve.com\/wp-content\/uploads\/2022\/06\/Through-Conduit-Gate-Valve-1-600x450.jpg 600w, https:\/\/zecovalve.com\/wp-content\/uploads\/2022\/06\/Through-Conduit-Gate-Valve-1.jpg 800w\" sizes=\"auto, (max-width: 300px) 100vw, 300px\" \/><\/figure>\r\n\r\n\r\n<div class=\"gb-button-wrapper gb-button-wrapper-6d8495a3\">\r\n\r\n\r\n<p><a class=\"gb-button gb-button-3d442e11 gb-button-text\" href=\"https:\/\/zecovalve.com\/de\/contact\/\" target=\"_blank\" rel=\"noopener noreferrer\"><strong>PREIS F\u00dcR DURCHGANGSROHR-SCHIEBER<\/strong><\/a><\/p>\r\n<\/div>\r\n\r\n\r\n\r\n\r\n<h2 class=\"wp-block-heading\" id=\"h-what-is-a-through-conduit-gate-valve\">Was ist ein Durchgangsrohr-Schieber?<\/h2>\r\n\r\n\r\n\r\n<p>Durchgangsschieber sind Absperrventile, die zum vollst\u00e4ndigen Absperren des Arbeitsmediumstroms ausgelegt sind. Sie k\u00f6nnen f\u00fcr Temperaturen bis zu 200 \u00b0C eingesetzt werden. Werden die Schieber zu Regel- oder Drosselzwecken eingesetzt, \u00fcbernimmt der Hersteller keine Garantie f\u00fcr die Dichtheit. Die Schieber sind molchbare Volldurchgangsventile mit einem Durchflusswiderstandskoeffizienten, der dem der Rohrleitung entspricht. Daher eignen sie sich insbesondere f\u00fcr Fernleitungssysteme.<\/p>\r\n\r\n\r\n\r\n<p>Das ZECO-Durchgangsrohr-Schieberventil ist ein gerades Rohrventil. Das Design ist ideal, um den Druckabfall zu minimieren und die Ansammlung von Fremdmaterial wie Schlamm in der Ventilkammer zu verhindern. Dieser Ventiltyp wird h\u00e4ufig beim \u00d6l- und Gastransport verwendet und entspricht dem API 6D-Standard. Das ZECO-Durchgangsrohr-Schieberventil ist in drei Ausf\u00fchrungen erh\u00e4ltlich: mit Umleitungsloch, ohne Umleitungsloch und mit Einstellverengung. Der Druckbereich liegt zwischen 150 lb und 900 lb und die Gr\u00f6\u00dfe reicht von 1 Zoll bis 48 Zoll. Als Hightech-Unternehmen in China ist ZECO bestrebt, die Marke ZECO durch Technologie und Innovation aufzubauen, und wir glauben, dass wir in der Lage sind, erstklassige Produkte zu entwickeln und herzustellen, um mit internationalen Marken zu konkurrieren.<\/p>\r\n\r\n\r\n\r\n<h2 class=\"wp-block-heading\">Konstruktions- und Fertigungsnormen f\u00fcr Durchgangsrohr-Schieber<\/h2>\r\n\r\n\r\n\r\n<p>Beide Ausf\u00fchrungen verwenden Flansch- und Stumpfschwei\u00dfanschl\u00fcsse und werden gem\u00e4\u00df API 6D hergestellt und getestet. Die bidirektionale Durchflussf\u00e4higkeit des gesamten Anschlusses minimiert Druckabfall und Turbulenzen.<\/p>\r\n\r\n\r\n\r\n<figure class=\"wp-block-table is-style-stripes\">\r\n<table>\r\n<tbody>\r\n<tr>\r\n<td>Grundlegende Gestaltung<\/td>\r\n<td>API 6D<\/td>\r\n<\/tr>\r\n<tr>\r\n<td>Face-to-Face-Dimension<\/td>\r\n<td>ANSI B16.10<\/td>\r\n<\/tr>\r\n<tr>\r\n<td>Flanschendma\u00df<\/td>\r\n<td>ANSI\/ASME B16.5 (2\u201d bis 24\u201d) ANSI\/ASME B16.47 und MSS SP-44 (26\u201d und h\u00f6her)<\/td>\r\n<\/tr>\r\n<tr>\r\n<td>Abmessung des Stumpfschwei\u00dfendes<\/td>\r\n<td>ANSI\/ASME B16.25<\/td>\r\n<\/tr>\r\n<tr>\r\n<td>Inspektion und Pr\u00fcfung<\/td>\r\n<td>API 6D<\/td>\r\n<\/tr>\r\n<tr>\r\n<td>Feuersicheres Design<\/td>\r\n<td>API 6FA<\/td>\r\n<\/tr>\r\n<\/tbody>\r\n<\/table>\r\n<\/figure>\r\n\r\n\r\n\r\n<h2 class=\"wp-block-heading\">Arten von Durchgangsrohrschiebern<\/h2>\r\n\r\n\r\n\r\n<h3 class=\"wp-block-heading\">Doppelter Block und Entl\u00fcftung (DBB)<\/h3>\r\n\r\n\r\n\r\n<p>Ventile mit zwei Sitzfl\u00e4chen blockieren in geschlossener Stellung den Durchfluss von beiden Ventilenden und erm\u00f6glichen die Entl\u00fcftung des Hohlraums zwischen den Sitzfl\u00e4chen durch einen Entl\u00fcftungsanschluss am Geh\u00e4usehohlraum. Falls beide Sitze dicht sind, sorgt DBB f\u00fcr die Entleerung des Geh\u00e4usehohlraums und die Druckreduzierung. Somit ist es m\u00f6glich, die Leistung der Ventilsitze zu \u00fcberwachen und eine sichere Arbeitsumgebung auf der anderen Seite der Leitung bereitzustellen.<\/p>\r\n\r\n\r\n\r\n<h3 class=\"wp-block-heading\">Doppelt isolierende Entl\u00fcftung (DIB)<\/h3>\r\n\r\n\r\n\r\n<p>Dadurch wird auch die Ventilkammer entleert und der Druck reduziert. Wenn jedoch der Druck auf der stromaufw\u00e4rtigen Seite abgelassen wird und sich die in der Geh\u00e4usekammer eingeschlossene Fl\u00fcssigkeit aufgrund von W\u00e4rme\u00e4nderungen vergr\u00f6\u00dfert, erfolgt eine Entleerung auf der stromaufw\u00e4rtigen Seite. Dies ist ein wichtiges Design f\u00fcr die Absperrventile von Rohrleitungen. Je nach Art der Anwendung muss die richtige Auswahl getroffen werden.<\/p>\r\n\r\n\r\n\r\n<h2 class=\"wp-block-heading\">Anwendungen von Durchgangskanal-Schieberventilen<\/h2>\r\n\r\n\r\n\r\n<p>Durchgangskanal-Schieber werden beispielsweise auf Offshore-Plattformen, an Land gelegenen Terminals und in \u00dcbertragungsleitungen eingesetzt.<\/p>\r\n\r\n\r\n\r\n<p>Die in diesen Anwendungen am h\u00e4ufigsten verwendeten Medien sind: nicht korrosive Fl\u00fcssigkeiten, Gas, Wasser, saure Fl\u00fcssigkeiten, Kohlenwasserstofffl\u00fcssigkeiten oder Gas<\/p>\r\n\r\n\r\n\r\n<h2 class=\"wp-block-heading\" id=\"h-features-of-through-conduit-gate-valves\">Merkmale von Durchgangskanal-Schieberventilen<\/h2>\r\n\r\n\r\n\r\n<ul class=\"wp-block-list\">\r\n<li>Effiziente Strangulation mit minimaler Dehnung oder Erosion der Bandscheibe oder des Sitzes.<\/li>\r\n<li>Kurzer Hub der Scheibe und wenige Umdrehungen zur Bet\u00e4tigung, dadurch Zeitersparnis und Verschlei\u00df an Schaft und Haube.<\/li>\r\n<li>Pr\u00e4zise Verkehrssteuerung.<\/li>\r\n<li>Mit mehreren Bohrern erh\u00e4ltlich.<\/li>\r\n<\/ul>\r\n\r\n\r\n\r\n<h2 class=\"wp-block-heading\" id=\"h-material-of-through-conduit-gate-valve\">Material des Durchgangsrohrschiebers:<\/h2>\r\n\r\n\r\n\r\n<figure class=\"wp-block-table\">\r\n<table>\r\n<tbody>\r\n<tr>\r\n<td>Nein<\/td>\r\n<td>Teil<\/td>\r\n<td>Material<\/td>\r\n<\/tr>\r\n<tr>\r\n<td>1<\/td>\r\n<td>K\u00f6rper<\/td>\r\n<td>ASTM A216 WCB<\/td>\r\n<\/tr>\r\n<tr>\r\n<td>2<\/td>\r\n<td>Sitz<\/td>\r\n<td>ASTM A105 + PTFE<\/td>\r\n<\/tr>\r\n<tr>\r\n<td>3<\/td>\r\n<td>Keil<\/td>\r\n<td>ASTM A105<\/td>\r\n<\/tr>\r\n<tr>\r\n<td>4<\/td>\r\n<td>Vorbau<\/td>\r\n<td>ASTM A182 F6a<\/td>\r\n<\/tr>\r\n<tr>\r\n<td>5<\/td>\r\n<td>Dichtung<\/td>\r\n<td>Graphit + SS304<\/td>\r\n<\/tr>\r\n<tr>\r\n<td>6<\/td>\r\n<td>Motorhaubenbolzen<\/td>\r\n<td>ASTM A193 B7<\/td>\r\n<\/tr>\r\n<tr>\r\n<td>7<\/td>\r\n<td>Haubenmutter<\/td>\r\n<td>ASTM A194 2H<\/td>\r\n<\/tr>\r\n<tr>\r\n<td>8<\/td>\r\n<td>Motorhaube<\/td>\r\n<td>ASTM A216 WCB<\/td>\r\n<\/tr>\r\n<tr>\r\n<td>9<\/td>\r\n<td>Obere Verpackung<\/td>\r\n<td>PTFE<\/td>\r\n<\/tr>\r\n<tr>\r\n<td>10<\/td>\r\n<td>Untere Verpackung<\/td>\r\n<td>PTFE<\/td>\r\n<\/tr>\r\n<tr>\r\n<td>11<\/td>\r\n<td>Handrad<\/td>\r\n<td>ASTM A536-60-40-18<\/td>\r\n<\/tr>\r\n<\/tbody>\r\n<\/table>\r\n<\/figure>","protected":false},"excerpt":{"rendered":"<p>ZECO Valve stellt einige der zuverl\u00e4ssigsten Durchgangskanal-Schieber aus Gussstahl der Branche her. Was ist ein Durchgangskanal \u2026 <a title=\"Schieber f\u00fcr Durchgangsrohre\" class=\"read-more\" href=\"https:\/\/zecovalve.com\/de\/produkt\/through-conduit-gate-valve\" aria-label=\"Mehr zu Through Conduit Gate Valve\">Weiterlesen ...<\/a><\/p>","protected":false},"featured_media":27874,"comment_status":"closed","ping_status":"closed","template":"","meta":{"_generate-full-width-content":"","kt_blocks_editor_width":""},"product_cat":[2052,2456],"product_tag":[2798],"class_list":["post-16155","product","type-product","status-publish","has-post-thumbnail","hentry","product_cat-gate-valve","product_cat-gate-valve-by-form","product_tag-osy-valve","sales-flash-overlay","woocommerce-text-align-center","woocommerce-image-align-center","do-quantity-buttons"],"featured_image_src_large":["https:\/\/zecovalve.com\/wp-content\/uploads\/2022\/06\/Through-Conduit-Gate-Valve-2.jpg",800,600,false],"author_info":[],"comment_info":0,"taxonomy_info":{"product_cat":[{"value":2052,"label":"Gate Valve"},{"value":2456,"label":"Gate Valve By Form"}],"product_tag":[{"value":2798,"label":"OS&amp;Y Valve"}]},"yoast_head":"<!-- This site is optimized with the Yoast SEO Premium plugin v15.4 - https:\/\/yoast.com\/wordpress\/plugins\/seo\/ -->\n<title>Through Conduit Gate Valve - Gate Valve Manufacturer | ZECO Valve<\/title>\n<meta name=\"robots\" content=\"index, follow, max-snippet:-1, max-image-preview:large, max-video-preview:-1\" \/>\n<link rel=\"canonical\" href=\"https:\/\/zecovalve.com\/de\/produkt\/through-conduit-gate-valve\" \/>\n<meta property=\"og:locale\" content=\"de_DE\" \/>\n<meta property=\"og:type\" content=\"article\" \/>\n<meta property=\"og:title\" content=\"Through Conduit Gate Valve - Gate Valve Manufacturer | ZECO Valve\" \/>\n<meta property=\"og:description\" content=\"ZECO Valve \u200bmanufactures some of the most dependable cast steel Though Conduit Gate Valves in the industry. What is a Through Conduit ... Weiterlesen ...\" \/>\n<meta property=\"og:url\" content=\"https:\/\/zecovalve.com\/de\/produkt\/through-conduit-gate-valve\" \/>\n<meta property=\"og:site_name\" content=\"ZECO Valve\" \/>\n<meta property=\"article:modified_time\" content=\"2023-06-07T14:00:52+00:00\" \/>\n<meta property=\"og:image\" content=\"https:\/\/zecovalve.com\/wp-content\/uploads\/2022\/06\/Through-Conduit-Gate-Valve-2.jpg\" \/>\n\t<meta property=\"og:image:width\" content=\"800\" \/>\n\t<meta property=\"og:image:height\" content=\"600\" \/>\n<meta name=\"twitter:card\" content=\"summary_large_image\" \/>\n<meta name=\"twitter:label1\" content=\"Verfasst von\">\n\t<meta name=\"twitter:data1\" content=\"Jerry\">\n\t<meta name=\"twitter:label2\" content=\"Gesch\u00e4tzte Lesezeit\">\n\t<meta name=\"twitter:data2\" content=\"2\u00a0Minuten\">\n<script type=\"application\/ld+json\" class=\"yoast-schema-graph\">{\"@context\":\"https:\/\/schema.org\",\"@graph\":[{\"@type\":\"WebSite\",\"@id\":\"https:\/\/zecovalve.com\/#website\",\"url\":\"https:\/\/zecovalve.com\/\",\"name\":\"ZECO Valve\",\"description\":\"Industrial Ball Valve, Gate Valve and Globe Valve Manufacturer\",\"potentialAction\":[{\"@type\":\"SearchAction\",\"target\":\"https:\/\/zecovalve.com\/?s={search_term_string}\",\"query-input\":\"required name=search_term_string\"}],\"inLanguage\":\"de\"},{\"@type\":\"ImageObject\",\"@id\":\"https:\/\/zecovalve.com\/product\/through-conduit-gate-valve#primaryimage\",\"inLanguage\":\"de\",\"url\":\"https:\/\/zecovalve.com\/wp-content\/uploads\/2022\/06\/Through-Conduit-Gate-Valve-2.jpg\",\"width\":800,\"height\":600,\"caption\":\"Through Conduit Gate Valve\"},{\"@type\":\"WebPage\",\"@id\":\"https:\/\/zecovalve.com\/product\/through-conduit-gate-valve#webpage\",\"url\":\"https:\/\/zecovalve.com\/product\/through-conduit-gate-valve\",\"name\":\"Through Conduit Gate Valve - Gate Valve Manufacturer | ZECO Valve\",\"isPartOf\":{\"@id\":\"https:\/\/zecovalve.com\/#website\"},\"primaryImageOfPage\":{\"@id\":\"https:\/\/zecovalve.com\/product\/through-conduit-gate-valve#primaryimage\"},\"datePublished\":\"2022-06-19T14:28:37+00:00\",\"dateModified\":\"2023-06-07T14:00:52+00:00\",\"breadcrumb\":{\"@id\":\"https:\/\/zecovalve.com\/product\/through-conduit-gate-valve#breadcrumb\"},\"inLanguage\":\"de\",\"potentialAction\":[{\"@type\":\"ReadAction\",\"target\":[\"https:\/\/zecovalve.com\/product\/through-conduit-gate-valve\"]}]},{\"@type\":\"BreadcrumbList\",\"@id\":\"https:\/\/zecovalve.com\/product\/through-conduit-gate-valve#breadcrumb\",\"itemListElement\":[{\"@type\":\"ListItem\",\"position\":1,\"item\":{\"@type\":\"WebPage\",\"@id\":\"https:\/\/zecovalve.com\/\",\"url\":\"https:\/\/zecovalve.com\/\",\"name\":\"Home\"}},{\"@type\":\"ListItem\",\"position\":2,\"item\":{\"@type\":\"WebPage\",\"@id\":\"https:\/\/zecovalve.com\/product-category\",\"url\":\"https:\/\/zecovalve.com\/product-category\",\"name\":\"Industrial Valve Manufacturer | Water Valve Manufacturer\"}},{\"@type\":\"ListItem\",\"position\":3,\"item\":{\"@type\":\"WebPage\",\"@id\":\"https:\/\/zecovalve.com\/product\/through-conduit-gate-valve\",\"url\":\"https:\/\/zecovalve.com\/product\/through-conduit-gate-valve\",\"name\":\"Through Conduit Gate Valve\"}}]}]}<\/script>\n<!-- \/ Yoast SEO Premium plugin. -->","_links":{"self":[{"href":"https:\/\/zecovalve.com\/de\/wp-json\/wp\/v2\/product\/16155","targetHints":{"allow":["GET"]}}],"collection":[{"href":"https:\/\/zecovalve.com\/de\/wp-json\/wp\/v2\/product"}],"about":[{"href":"https:\/\/zecovalve.com\/de\/wp-json\/wp\/v2\/types\/product"}],"replies":[{"embeddable":true,"href":"https:\/\/zecovalve.com\/de\/wp-json\/wp\/v2\/comments?post=16155"}],"wp:featuredmedia":[{"embeddable":true,"href":"https:\/\/zecovalve.com\/de\/wp-json\/wp\/v2\/media\/27874"}],"wp:attachment":[{"href":"https:\/\/zecovalve.com\/de\/wp-json\/wp\/v2\/media?parent=16155"}],"wp:term":[{"taxonomy":"product_cat","embeddable":true,"href":"https:\/\/zecovalve.com\/de\/wp-json\/wp\/v2\/product_cat?post=16155"},{"taxonomy":"product_tag","embeddable":true,"href":"https:\/\/zecovalve.com\/de\/wp-json\/wp\/v2\/product_tag?post=16155"}],"curies":[{"name":"wp","href":"https:\/\/api.w.org\/{rel}","templated":true}]}}