{"id":16157,"date":"2022-06-19T14:31:25","date_gmt":"2022-06-19T14:31:25","guid":{"rendered":"https:\/\/zecovalve.com\/?post_type=product&#038;p=16157"},"modified":"2023-06-07T07:03:30","modified_gmt":"2023-06-07T07:03:30","slug":"12-inch-ball-valve","status":"publish","type":"product","link":"https:\/\/zecovalve.com\/de\/produkt\/12-inch-ball-valve","title":{"rendered":"12 Zoll Kugelhahn"},"content":{"rendered":"<p>12-Zoll-Kugelh\u00e4hne sind normalerweise Zapfenkugelh\u00e4hne, Kugelh\u00e4hne mit seitlichem Eingang oder Kugelh\u00e4hne mit Eingang von oben. Konstruktion, Herstellung und Pr\u00fcfung erfolgen streng nach dem API 6D\/API 598-Standard.<\/p>\r\n\r\n\r\n\r\n<figure class=\"wp-block-image alignnone size-medium wp-image-16158\">\r\n<p><img loading=\"lazy\" decoding=\"async\" class=\"wp-image-27831 size-medium\" src=\"https:\/\/zecovalve.com\/wp-content\/uploads\/2022\/06\/12-inch-Ball-Valve-3-300x300.jpg\" alt=\"12 Zoll Kugelhahn\" width=\"300\" height=\"300\" srcset=\"https:\/\/zecovalve.com\/wp-content\/uploads\/2022\/06\/12-inch-Ball-Valve-3-300x300.jpg 300w, https:\/\/zecovalve.com\/wp-content\/uploads\/2022\/06\/12-inch-Ball-Valve-3-150x150.jpg 150w, https:\/\/zecovalve.com\/wp-content\/uploads\/2022\/06\/12-inch-Ball-Valve-3-400x400.jpg 400w, https:\/\/zecovalve.com\/wp-content\/uploads\/2022\/06\/12-inch-Ball-Valve-3-100x100.jpg 100w, https:\/\/zecovalve.com\/wp-content\/uploads\/2022\/06\/12-inch-Ball-Valve-3.jpg 600w\" sizes=\"auto, (max-width: 300px) 100vw, 300px\" \/><\/p>\r\n<\/figure>\r\n\r\n\r\n<div class=\"gb-button-wrapper gb-button-wrapper-6d8495a3\">\r\n\r\n\r\n<p><a class=\"gb-button gb-button-3d442e11 gb-button-text\" href=\"https:\/\/zecovalve.com\/de\/contact\/\" target=\"_blank\" rel=\"noopener noreferrer\"><strong>ERHALTEN SIE DEN PREIS F\u00dcR 12-ZOLL-KUGELHAHN<\/strong><\/a><\/p>\r\n<\/div>\r\n\r\n\r\n\r\n\r\n<h2 class=\"wp-block-heading\" id=\"h-what-is-12-inch-ball-valve\">Was ist ein 12-Zoll-Kugelhahn?<\/h2>\r\n\r\n\r\n\r\n<p>ZECO 12 Zoll Kugelhahn kann zwischen schwimmendem Kugelhahn, zapfenmontiertem Kugelhahn oder Kugelhahn mit oberem Eingang w\u00e4hlen. Als einer der einzigen Kugelh\u00e4hne <a href=\"https:\/\/zecovalve.com\/de\/\" data-internallinksmanager029f6b8e52c=\"9\" title=\"Hersteller von Industrieventilen\" target=\"_blank\" rel=\"noopener\">Ventilhersteller in China<\/a> Mit einer Geschichte von fast 30 Jahren hat ZECO mit der historischen Mission der kontinuierlichen Innovation und technologischen Innovation die Kugelhahnprodukte von ZECO erfolgreich an eine der \u00d6lfirmen, Offshore-Plattformen und Industrieprojekte geliefert und wurde von den Eigent\u00fcmern voll anerkannt. ZECO widmet sich der Forschung und Entwicklung der Produktleistung und der Produktmaterialforschung und -entwicklung und ist bestrebt, einen international renommierten chinesischen Ventilhersteller aufzubauen.<\/p>\r\n\r\n\r\n\r\n<h2 class=\"wp-block-heading\">Abmessungen und Gewicht des 12-Zoll-Kugelhahns<\/h2>\r\n\r\n\r\n\r\n<table border=\"=1\" width=\"800\">\r\n<tbody>\r\n<tr>\r\n<td rowspan=\"2\">Druckstufe<\/td>\r\n<td>Bohrung<\/td>\r\n<td colspan=\"3\">\u00a0Abmessung von Fl\u00e4che zu Fl\u00e4che (in mm)<\/td>\r\n<td>Gewicht<\/td>\r\n<\/tr>\r\n<tr>\r\n<td>(in mm)<\/td>\r\n<td>RF<\/td>\r\n<td>BW<\/td>\r\n<td>RTJ<\/td>\r\n<td>kg<\/td>\r\n<\/tr>\r\n<tr>\r\n<td>KLASSE 150<\/td>\r\n<td>303<\/td>\r\n<td>610<\/td>\r\n<td>635<\/td>\r\n<td>622<\/td>\r\n<td>596<\/td>\r\n<\/tr>\r\n<tr>\r\n<td>KLASSE 300<\/td>\r\n<td>303<\/td>\r\n<td>648<\/td>\r\n<td>635<\/td>\r\n<td>664<\/td>\r\n<td>658<\/td>\r\n<\/tr>\r\n<tr>\r\n<td>KLASSE 600<\/td>\r\n<td>303<\/td>\r\n<td>838<\/td>\r\n<td>838<\/td>\r\n<td>841<\/td>\r\n<td>1075<\/td>\r\n<\/tr>\r\n<tr>\r\n<td>KLASSE 900<\/td>\r\n<td>303<\/td>\r\n<td>965<\/td>\r\n<td>965<\/td>\r\n<td>968<\/td>\r\n<td>1378<\/td>\r\n<\/tr>\r\n<tr>\r\n<td>KLASSE 1500<\/td>\r\n<td>287<\/td>\r\n<td>1130<\/td>\r\n<td>1130<\/td>\r\n<td>1146<\/td>\r\n<td>2348<\/td>\r\n<\/tr>\r\n<tr>\r\n<td>KLASSE 2500<\/td>\r\n<td>265<\/td>\r\n<td>1422<\/td>\r\n<td>1422<\/td>\r\n<td>1445<\/td>\r\n<td>3500<\/td>\r\n<\/tr>\r\n<\/tbody>\r\n<\/table>\r\n\r\n\r\n\r\n<h2 class=\"wp-block-heading\" id=\"specification-of-6-gate-valve\">Spezifikation des 12\u2033 Kugelhahns<\/h2>\r\n\r\n\r\n\r\n<figure class=\"wp-block-table\">\r\n<table>\r\n<tbody>\r\n<tr>\r\n<td>Design Best\u00e4tigt<\/td>\r\n<td>API 6D, API 608<\/td>\r\n<\/tr>\r\n<tr>\r\n<td>Flansche gebohrt Best\u00e4tigt<\/td>\r\n<td>ASME B16.5, EN 1092-1<\/td>\r\n<\/tr>\r\n<tr>\r\n<td>Dichtheitspr\u00fcfung<\/td>\r\n<td>API 598, ISO 5208, EN 12266-1<\/td>\r\n<\/tr>\r\n<tr>\r\n<td>Von Angesicht zu Angesicht Best\u00e4tigungen<\/td>\r\n<td>API 6D, ASME B16.10, EN 558-1<\/td>\r\n<\/tr>\r\n<tr>\r\n<td>Normaler Druck<\/td>\r\n<td>Klasse 150 \u2013 Klasse 2500, PN10 \u2013 PN400<\/td>\r\n<\/tr>\r\n<tr>\r\n<td>Schalenpr\u00fcfdruck<\/td>\r\n<td>1,5 * Auslegungsdruck<\/td>\r\n<\/tr>\r\n<tr>\r\n<td>Siegelpr\u00fcfdruck<\/td>\r\n<td>1,1 * Auslegungsdruck (Wasser)<\/td>\r\n<\/tr>\r\n<tr>\r\n<td>Dichtungstestdruck (Niederdruck)<\/td>\r\n<td>6 Bar (Luft)<\/td>\r\n<\/tr>\r\n<\/tbody>\r\n<\/table>\r\n<\/figure>\r\n\r\n\r\n\r\n<h2 class=\"wp-block-heading\" id=\"h-features-of-12-inch-ball-valve\">Merkmale des 12-Zoll-Kugelhahns:<\/h2>\r\n\r\n\r\n\r\n<ul class=\"wp-block-list\">\r\n<li>Der 12-Zoll-Kugelhahn von ZECO hat einen Metall-Metall-Sitz. Wenn der Kugelhahn bei hohen Abrieb- oder Hochtemperaturbedingungen eingesetzt wird, muss der Metall-Metall-Sitz gew\u00e4hlt werden.<\/li>\r\n<li>ZECO achtet auf den Durchflusskoeffizienten des Ventils, da dieser der Index ist, der die Stromkapazit\u00e4t des Ventils misst. Je h\u00f6her der Durchflusskoeffizient, desto geringer ist der Druckverlust, der anzeigt, dass das Medium durch das Ventil flie\u00dft. ZECO testet regelm\u00e4\u00dfig den Durchflusskoeffizienten der neu entwickelten Produkte und alten Produkte jeder Serie und jedes Durchmessers, um sicherzustellen, dass den Benutzern bei der Verwendung von ZECO-Produkten keine zus\u00e4tzlichen Kosten aufgrund des Ventildurchflusses entstehen.<\/li>\r\n<li>ZECO achtet auf die Untersuchung der Produktmaterialien und wird die von den Kunden ben\u00f6tigten Informationen best\u00e4tigen, bevor die Bestellung best\u00e4tigt wird. Der Grad der Druck- und Temperaturtoleranz des Kugelhahns h\u00e4ngt nicht nur vom Geh\u00e4usematerial ab, sondern auch vom Sitz, der Packung, der Dichtung und anderen Dichtungen. Dichtungen k\u00f6nnen aus Polymermaterialien, Graphitasbest oder Gummi bestehen. Das Dichtungsmaterial h\u00e4ngt vom Medium in der Rohrleitung ab.<\/li>\r\n<li>Der 12-Zoll-Kugelhahn von ZECO verf\u00fcgt \u00fcber eine emissionsarme Regelung. Es wird eine emissionsarme Packung montiert, deren maximale Leckrate gem\u00e4\u00df Konstruktion und Pr\u00fcfung bei 100 ppm liegt.<\/li>\r\n<\/ul>\r\n\r\n\r\n\r\n<h2 class=\"wp-block-heading\" id=\"h-material-of-12-inch-ball-valve\">Material des 12-Zoll-Kugelhahns:<\/h2>\r\n\r\n\r\n\r\n<figure class=\"wp-block-table\">\r\n<table>\r\n<tbody>\r\n<tr>\r\n<td>Nein<\/td>\r\n<td>Teil<\/td>\r\n<td>Material<\/td>\r\n<\/tr>\r\n<tr>\r\n<td>1<\/td>\r\n<td>K\u00f6rper<\/td>\r\n<td>ASTM A350 LF2<\/td>\r\n<\/tr>\r\n<tr>\r\n<td>2<\/td>\r\n<td>Motorhaube<\/td>\r\n<td>ASTM A350 LF2<\/td>\r\n<\/tr>\r\n<tr>\r\n<td>3<\/td>\r\n<td>Kugel<\/td>\r\n<td>ASTM A182 F316<\/td>\r\n<\/tr>\r\n<tr>\r\n<td>4<\/td>\r\n<td>Sitz<\/td>\r\n<td>ASTM A182 F316<\/td>\r\n<\/tr>\r\n<tr>\r\n<td>5<\/td>\r\n<td>Vorbau<\/td>\r\n<td>ASTM A276 316<\/td>\r\n<\/tr>\r\n<tr>\r\n<td>6<\/td>\r\n<td>Antistatische Vorrichtung<\/td>\r\n<td>SS316<\/td>\r\n<\/tr>\r\n<tr>\r\n<td>7<\/td>\r\n<td>Dichtung<\/td>\r\n<td>Graphit + SS316<\/td>\r\n<\/tr>\r\n<tr>\r\n<td>8<\/td>\r\n<td>Schraube<\/td>\r\n<td>ASTM A193 B8<\/td>\r\n<\/tr>\r\n<tr>\r\n<td>9<\/td>\r\n<td>Nuss<\/td>\r\n<td>ASTM A194 8<\/td>\r\n<\/tr>\r\n<tr>\r\n<td>10<\/td>\r\n<td>O-Ring<\/td>\r\n<td>Viton A<\/td>\r\n<\/tr>\r\n<tr>\r\n<td>11<\/td>\r\n<td>Getriebeaktuator<\/td>\r\n<td>ASTM A216 WCB<\/td>\r\n<\/tr>\r\n<\/tbody>\r\n<\/table>\r\n<\/figure>","protected":false},"excerpt":{"rendered":"<p>12-Zoll-Kugelh\u00e4hne sind normalerweise Zapfenkugelh\u00e4hne, Kugelh\u00e4hne mit seitlichem Eingang oder Kugelh\u00e4hne mit Eingang von oben; das Design, die Herstellung und \u2026 <a title=\"12 Zoll Kugelhahn\" class=\"read-more\" href=\"https:\/\/zecovalve.com\/de\/produkt\/12-inch-ball-valve\" aria-label=\"Mehr zu 12 Zoll Kugelhahn\">Weiterlesen ...<\/a><\/p>","protected":false},"featured_media":27854,"comment_status":"closed","ping_status":"closed","template":"","meta":{"_generate-full-width-content":"","kt_blocks_editor_width":""},"product_cat":[2047,2462,2465],"product_tag":[2802],"class_list":["post-16157","product","type-product","status-publish","has-post-thumbnail","hentry","product_cat-ball-valve","product_cat-ball-valve-by-size","product_cat-forged-steel-ball-valve","product_tag-ball-valve-price","sales-flash-overlay","woocommerce-text-align-center","woocommerce-image-align-center","do-quantity-buttons"],"featured_image_src_large":["https:\/\/zecovalve.com\/wp-content\/uploads\/2022\/06\/12-inch-Ball-Valve-4.jpg",800,600,false],"author_info":[],"comment_info":0,"taxonomy_info":{"product_cat":[{"value":2047,"label":"Ball Valve"},{"value":2462,"label":"Ball Valve By Size"},{"value":2465,"label":"Forged Ball Valve"}],"product_tag":[{"value":2802,"label":"Ball Valve Price"}]},"yoast_head":"<!-- This site is optimized with the Yoast SEO Premium plugin v15.4 - https:\/\/yoast.com\/wordpress\/plugins\/seo\/ -->\n<title>12&quot; Ball Valve - 12 inch Ball Valve | Competitive Ball Valve Price - ZECO<\/title>\n<meta name=\"robots\" content=\"index, follow, max-snippet:-1, max-image-preview:large, max-video-preview:-1\" \/>\n<link rel=\"canonical\" href=\"https:\/\/zecovalve.com\/de\/produkt\/12-inch-ball-valve\" \/>\n<meta property=\"og:locale\" content=\"de_DE\" \/>\n<meta property=\"og:type\" content=\"article\" \/>\n<meta property=\"og:title\" content=\"12&quot; Ball Valve - 12 inch Ball Valve | Competitive Ball Valve Price - ZECO\" \/>\n<meta property=\"og:description\" content=\"12 inch Ball Valves are normally trunnion ball valves, side entry ball valves, or top entry ball valves; the design, manufacture, and ... Weiterlesen ...\" \/>\n<meta property=\"og:url\" content=\"https:\/\/zecovalve.com\/de\/produkt\/12-inch-ball-valve\" \/>\n<meta property=\"og:site_name\" content=\"ZECO Valve\" \/>\n<meta property=\"article:modified_time\" content=\"2023-06-07T07:03:30+00:00\" \/>\n<meta property=\"og:image\" content=\"https:\/\/zecovalve.com\/wp-content\/uploads\/2022\/06\/12-inch-Ball-Valve-4.jpg\" \/>\n\t<meta property=\"og:image:width\" content=\"800\" \/>\n\t<meta property=\"og:image:height\" content=\"600\" \/>\n<meta name=\"twitter:card\" content=\"summary_large_image\" \/>\n<meta name=\"twitter:label1\" content=\"Verfasst von\">\n\t<meta name=\"twitter:data1\" content=\"Jerry\">\n\t<meta name=\"twitter:label2\" content=\"Gesch\u00e4tzte Lesezeit\">\n\t<meta name=\"twitter:data2\" content=\"2\u00a0Minuten\">\n<script type=\"application\/ld+json\" class=\"yoast-schema-graph\">{\"@context\":\"https:\/\/schema.org\",\"@graph\":[{\"@type\":\"WebSite\",\"@id\":\"https:\/\/zecovalve.com\/#website\",\"url\":\"https:\/\/zecovalve.com\/\",\"name\":\"ZECO Valve\",\"description\":\"Industrial Ball Valve, Gate Valve and Globe Valve Manufacturer\",\"potentialAction\":[{\"@type\":\"SearchAction\",\"target\":\"https:\/\/zecovalve.com\/?s={search_term_string}\",\"query-input\":\"required name=search_term_string\"}],\"inLanguage\":\"de\"},{\"@type\":\"ImageObject\",\"@id\":\"https:\/\/zecovalve.com\/product\/12-inch-ball-valve#primaryimage\",\"inLanguage\":\"de\",\"url\":\"https:\/\/zecovalve.com\/wp-content\/uploads\/2022\/06\/12-inch-Ball-Valve-4.jpg\",\"width\":800,\"height\":600,\"caption\":\"12 inch Ball Valve\"},{\"@type\":\"WebPage\",\"@id\":\"https:\/\/zecovalve.com\/product\/12-inch-ball-valve#webpage\",\"url\":\"https:\/\/zecovalve.com\/product\/12-inch-ball-valve\",\"name\":\"12\\\" Ball Valve - 12 inch Ball Valve | Competitive Ball Valve Price - ZECO\",\"isPartOf\":{\"@id\":\"https:\/\/zecovalve.com\/#website\"},\"primaryImageOfPage\":{\"@id\":\"https:\/\/zecovalve.com\/product\/12-inch-ball-valve#primaryimage\"},\"datePublished\":\"2022-06-19T14:31:25+00:00\",\"dateModified\":\"2023-06-07T07:03:30+00:00\",\"breadcrumb\":{\"@id\":\"https:\/\/zecovalve.com\/product\/12-inch-ball-valve#breadcrumb\"},\"inLanguage\":\"de\",\"potentialAction\":[{\"@type\":\"ReadAction\",\"target\":[\"https:\/\/zecovalve.com\/product\/12-inch-ball-valve\"]}]},{\"@type\":\"BreadcrumbList\",\"@id\":\"https:\/\/zecovalve.com\/product\/12-inch-ball-valve#breadcrumb\",\"itemListElement\":[{\"@type\":\"ListItem\",\"position\":1,\"item\":{\"@type\":\"WebPage\",\"@id\":\"https:\/\/zecovalve.com\/\",\"url\":\"https:\/\/zecovalve.com\/\",\"name\":\"Home\"}},{\"@type\":\"ListItem\",\"position\":2,\"item\":{\"@type\":\"WebPage\",\"@id\":\"https:\/\/zecovalve.com\/product-category\",\"url\":\"https:\/\/zecovalve.com\/product-category\",\"name\":\"Industrial Valve Manufacturer | Water Valve Manufacturer\"}},{\"@type\":\"ListItem\",\"position\":3,\"item\":{\"@type\":\"WebPage\",\"@id\":\"https:\/\/zecovalve.com\/product\/12-inch-ball-valve\",\"url\":\"https:\/\/zecovalve.com\/product\/12-inch-ball-valve\",\"name\":\"12 inch Ball Valve\"}}]}]}<\/script>\n<!-- \/ Yoast SEO Premium plugin. -->","_links":{"self":[{"href":"https:\/\/zecovalve.com\/de\/wp-json\/wp\/v2\/product\/16157","targetHints":{"allow":["GET"]}}],"collection":[{"href":"https:\/\/zecovalve.com\/de\/wp-json\/wp\/v2\/product"}],"about":[{"href":"https:\/\/zecovalve.com\/de\/wp-json\/wp\/v2\/types\/product"}],"replies":[{"embeddable":true,"href":"https:\/\/zecovalve.com\/de\/wp-json\/wp\/v2\/comments?post=16157"}],"wp:featuredmedia":[{"embeddable":true,"href":"https:\/\/zecovalve.com\/de\/wp-json\/wp\/v2\/media\/27854"}],"wp:attachment":[{"href":"https:\/\/zecovalve.com\/de\/wp-json\/wp\/v2\/media?parent=16157"}],"wp:term":[{"taxonomy":"product_cat","embeddable":true,"href":"https:\/\/zecovalve.com\/de\/wp-json\/wp\/v2\/product_cat?post=16157"},{"taxonomy":"product_tag","embeddable":true,"href":"https:\/\/zecovalve.com\/de\/wp-json\/wp\/v2\/product_tag?post=16157"}],"curies":[{"name":"wp","href":"https:\/\/api.w.org\/{rel}","templated":true}]}}