{"id":16159,"date":"2022-06-19T14:34:00","date_gmt":"2022-06-19T14:34:00","guid":{"rendered":"https:\/\/zecovalve.com\/?post_type=product&#038;p=16159"},"modified":"2023-06-15T12:39:53","modified_gmt":"2023-06-15T12:39:53","slug":"sw-gate-valve","status":"publish","type":"product","link":"https:\/\/zecovalve.com\/de\/produkt\/sw-gate-valve","title":{"rendered":"Geschmiedetes Stahlschieberventil"},"content":{"rendered":"<p>Die Fertigungskapazit\u00e4ten von ZECO f\u00fcr geschmiedete API 602-Schieber umfassen 1\/2\u201d-2\u201d, ANSI-Druckklasse 150#-2500#. Zu den Baumaterialien geh\u00f6ren Kohlenstoffstahl, Edelstahl, Legierung 20 und andere exotische Materialien.<\/p>\r\n\r\n\r\n\r\n<figure class=\"wp-block-image alignnone size-medium wp-image-16160\">\r\n<p><img loading=\"lazy\" decoding=\"async\" class=\"wp-image-27879 size-medium\" src=\"https:\/\/zecovalve.com\/wp-content\/uploads\/2022\/06\/Forged-Steel-Gate-Valve-300x225.jpg\" alt=\"Geschmiedetes Stahlschieberventil\" width=\"300\" height=\"225\" srcset=\"https:\/\/zecovalve.com\/wp-content\/uploads\/2022\/06\/Forged-Steel-Gate-Valve-300x225.jpg 300w, https:\/\/zecovalve.com\/wp-content\/uploads\/2022\/06\/Forged-Steel-Gate-Valve-768x576.jpg 768w, https:\/\/zecovalve.com\/wp-content\/uploads\/2022\/06\/Forged-Steel-Gate-Valve-600x450.jpg 600w, https:\/\/zecovalve.com\/wp-content\/uploads\/2022\/06\/Forged-Steel-Gate-Valve.jpg 800w\" sizes=\"auto, (max-width: 300px) 100vw, 300px\" \/><\/p>\r\n<\/figure>\r\n\r\n\r\n<div class=\"gb-button-wrapper gb-button-wrapper-6d8495a3\">\r\n\r\n\r\n<p><a class=\"gb-button gb-button-3d442e11 gb-button-text\" href=\"mailto:commercial@zecovalve.com\" target=\"_blank\" rel=\"noopener noreferrer\"><strong>PREIS F\u00dcR SCHIEBERVENTILE AUS GESCHMIEDETEM STAHL ERHALTEN<\/strong><\/a><\/p>\r\n<\/div>\r\n\r\n\r\n\r\n\r\n<h2 class=\"wp-block-heading\" id=\"h-what-is-a-forged-steel-gate-valve\">Was ist ein Absperrschieber aus geschmiedetem Stahl?<\/h2>\r\n\r\n\r\n\r\n<p>Geschmiedete Schieberventile werden aus den hochwertigsten Komponenten und unter strenger Aufsicht erfahrener Qualit\u00e4tskontrolleure hergestellt. Sie werden unter Verwendung der hochwertigsten Komponenten und gem\u00e4\u00df internationaler Industriestandards konstruiert.<\/p>\r\n\r\n\r\n\r\n<p>Das Schieberventil aus geschmiedetem Stahl ist f\u00fcr API602 ausgelegt und verf\u00fcgt \u00fcber eine erh\u00f6hte Spindelau\u00dfenschraube und ein Joch. Zur Isolierung beider Str\u00f6mungsrichtungen vorgesehen.<\/p>\r\n\r\n\r\n\r\n<h2 class=\"wp-block-heading\">Warum sollten Schieber aus Schmiedestahl verwendet werden?<\/h2>\r\n\r\n\r\n\r\n<p>Geschmiedete Schieber eignen sich hervorragend f\u00fcr die Verarbeitung von Fl\u00fcssigkeiten in Rohrleitungen. Diese geschmiedeten Schieber sorgen sowohl in horizontaler als auch in vertikaler Lage f\u00fcr eine g\u00fcnstige, dichte Absperrung.<\/p>\r\n\r\n\r\n\r\n<p>Geschmiedete Schieber bieten ebenfalls eine gewisse Kontrolle und werden zum Drosseln von Dampf, Gas oder Fl\u00fcssigkeiten verwendet. Sie sind einfach zu bedienen und werden von Ingenieuren gegen\u00fcber Kugelh\u00e4hnen bevorzugt, um Auffangstationen zu isolieren.<\/p>\r\n\r\n\r\n\r\n<h2 class=\"wp-block-heading\" id=\"h-features-of-forged-steel-gate-valve\">Merkmale des Schieberventils aus geschmiedetem Stahl<\/h2>\r\n\r\n\r\n\r\n<ul class=\"wp-block-list\">\r\n<li><span style=\"background-color: var(--base-3); color: var(--contrast);\">OS&amp;Y, steigender Stiel<\/span><\/li>\r\n<li>Massiver Keil<\/li>\r\n<li>Graphitpackung und Dichtung<\/li>\r\n<li>Zweiteilige selbstausrichtende Stopfbuchse<\/li>\r\n<li>Verschraubte Haube mit Spiraldichtung<\/li>\r\n<li>Integrierte R\u00fcckbank<\/li>\r\n<\/ul>\r\n\r\n\r\n\r\n<h2 class=\"wp-block-heading\">Optionale Funktionen von Schieberventilen aus geschmiedetem Stahl<\/h2>\r\n\r\n\r\n\r\n<ul class=\"wp-block-list\">\r\n<li>Voller Portwein oder normaler Portwein<\/li>\r\n<li>Verl\u00e4ngerter Schaft oder Dichtung darunter<\/li>\r\n<li>Geschwei\u00dfte Haube oder Haube mit Druckverschluss<\/li>\r\n<li>Abschlie\u00dfvorrichtung auf Anfrage<\/li>\r\n<li>Fertigung nach NACE MR0175 auf Anfrage<\/li>\r\n<li>Geringe fl\u00fcchtige Emissionen<\/li>\r\n<\/ul>\r\n\r\n\r\n\r\n<h2 class=\"wp-block-heading\">Anwendungen von Schieberventilen aus geschmiedetem Stahl<\/h2>\r\n\r\n\r\n\r\n<ul class=\"wp-block-list\">\r\n<li>Turbinenraum<\/li>\r\n<li>Isolierung<\/li>\r\n<li>Kondensatleitungen<\/li>\r\n<li>Vor der teuren Anlagenausr\u00fcstung \u00d6lbrennerleitungen<\/li>\r\n<li>Kesselanlagen Brennstoffleitungen Recyclinganlagen Chemische Industrie Dampfanlagen Krankenh\u00e4user, Schulen und Heizungs-, L\u00fcftungs- und Klimatechnik<\/li>\r\n<\/ul>\r\n\r\n\r\n\r\n<h2 class=\"wp-block-heading\" id=\"h-product-details-of-forged-steel-gate-valve\">Produktdetails zum Absperrschieber aus geschmiedetem Stahl<\/h2>\r\n\r\n\r\n\r\n<figure class=\"wp-block-table is-style-stripes\">\r\n<table>\r\n<tbody>\r\n<tr>\r\n<td><strong>ANSI-Klasse\/Bewertung<\/strong><\/td>\r\n<td>800#, 1500#, 2500#<\/td>\r\n<\/tr>\r\n<tr>\r\n<td><strong>Entwurf Standard<\/strong><\/td>\r\n<td>API 602<\/td>\r\n<\/tr>\r\n<tr>\r\n<td><strong>Pr\u00fcfung Standard<\/strong><\/td>\r\n<td>API 598<\/td>\r\n<\/tr>\r\n<tr>\r\n<td><strong>Gr\u00f6\u00dfe<\/strong><\/td>\r\n<td>1\/2\u2033 -2\u2033<\/td>\r\n<\/tr>\r\n<tr>\r\n<td><strong>Materialien<\/strong><\/td>\r\n<td>Karosserie: A105, F11, F22, F51, LF2, F304, F304L, F316, F316L Verkleidung: 13 % Cr, Stellite usw.<\/td>\r\n<\/tr>\r\n<tr>\r\n<td><strong>Ende<\/strong><\/td>\r\n<td>Gewindeenden (NPT) nach ANSI\/ASME B1.20.1 Muffenschwei\u00dfenden nach ASME B16.11 Stumpfschwei\u00dfenden nach ASME B16.25 Endflansch: ANSI B16.5<\/td>\r\n<\/tr>\r\n<tr>\r\n<td><strong>Betrieb<\/strong><\/td>\r\n<td>Manuell, Elektrisch<\/td>\r\n<\/tr>\r\n<tr>\r\n<td><strong>H\u00e4fen<\/strong><\/td>\r\n<td>Standard- und Vollport<\/td>\r\n<\/tr>\r\n<\/tbody>\r\n<\/table>\r\n<\/figure>","protected":false},"excerpt":{"rendered":"<p>Die Fertigungskapazit\u00e4ten von ZECO f\u00fcr geschmiedete API 602-Schieber umfassen 1\/2\u201d-2\u201d, ANSI-Druckklasse 150#-2500#. Zu den Baumaterialien geh\u00f6ren Kohlenstoffstahl, Edelstahl \u2026 <a title=\"Geschmiedetes Stahlschieberventil\" class=\"read-more\" href=\"https:\/\/zecovalve.com\/de\/produkt\/sw-gate-valve\" aria-label=\"Mehr zu Forged Steel Gate Valve\">Weiterlesen ...<\/a><\/p>","protected":false},"featured_media":27879,"comment_status":"closed","ping_status":"closed","template":"","meta":{"_generate-full-width-content":"","kt_blocks_editor_width":""},"product_cat":[2464,2052],"product_tag":[2798],"class_list":["post-16159","product","type-product","status-publish","has-post-thumbnail","hentry","product_cat-forged-steel-gate-valve","product_cat-gate-valve","product_tag-osy-valve","sales-flash-overlay","woocommerce-text-align-center","woocommerce-image-align-center","do-quantity-buttons"],"featured_image_src_large":["https:\/\/zecovalve.com\/wp-content\/uploads\/2022\/06\/Forged-Steel-Gate-Valve.jpg",800,600,false],"author_info":[],"comment_info":0,"taxonomy_info":{"product_cat":[{"value":2464,"label":"Forged Steel Gate Valve"},{"value":2052,"label":"Gate Valve"}],"product_tag":[{"value":2798,"label":"OS&amp;Y Valve"}]},"yoast_head":"<!-- This site is optimized with the Yoast SEO Premium plugin v15.4 - https:\/\/yoast.com\/wordpress\/plugins\/seo\/ -->\n<title>Forged Steel Gate Valve - OS&amp;Y Gate Valve Manufacturer | ZECO Valve<\/title>\n<meta name=\"robots\" content=\"index, follow, max-snippet:-1, max-image-preview:large, max-video-preview:-1\" \/>\n<link rel=\"canonical\" href=\"https:\/\/zecovalve.com\/de\/produkt\/sw-gate-valve\" \/>\n<meta property=\"og:locale\" content=\"de_DE\" \/>\n<meta property=\"og:type\" content=\"article\" \/>\n<meta property=\"og:title\" content=\"Forged Steel Gate Valve - OS&amp;Y Gate Valve Manufacturer | ZECO Valve\" \/>\n<meta property=\"og:description\" content=\"ZECO manufacturing capabilities for API 602 Forged Gate valves include 1\/2\u201d-2\u201d, ANSI Pressure class 150#-2500#. Materials of construction include Carbon Steel, Stainless ... Weiterlesen ...\" \/>\n<meta property=\"og:url\" content=\"https:\/\/zecovalve.com\/de\/produkt\/sw-gate-valve\" \/>\n<meta property=\"og:site_name\" content=\"ZECO Valve\" \/>\n<meta property=\"article:modified_time\" content=\"2023-06-15T12:39:53+00:00\" \/>\n<meta property=\"og:image\" content=\"https:\/\/zecovalve.com\/wp-content\/uploads\/2022\/06\/Forged-Steel-Gate-Valve.jpg\" \/>\n\t<meta property=\"og:image:width\" content=\"800\" \/>\n\t<meta property=\"og:image:height\" content=\"600\" \/>\n<meta name=\"twitter:card\" content=\"summary_large_image\" \/>\n<meta name=\"twitter:label1\" content=\"Verfasst von\">\n\t<meta name=\"twitter:data1\" content=\"Jerry\">\n\t<meta name=\"twitter:label2\" content=\"Gesch\u00e4tzte Lesezeit\">\n\t<meta name=\"twitter:data2\" content=\"1\u00a0Minute\">\n<script type=\"application\/ld+json\" class=\"yoast-schema-graph\">{\"@context\":\"https:\/\/schema.org\",\"@graph\":[{\"@type\":\"WebSite\",\"@id\":\"https:\/\/zecovalve.com\/#website\",\"url\":\"https:\/\/zecovalve.com\/\",\"name\":\"ZECO Valve\",\"description\":\"Industrial Ball Valve, Gate Valve and Globe Valve Manufacturer\",\"potentialAction\":[{\"@type\":\"SearchAction\",\"target\":\"https:\/\/zecovalve.com\/?s={search_term_string}\",\"query-input\":\"required name=search_term_string\"}],\"inLanguage\":\"de\"},{\"@type\":\"ImageObject\",\"@id\":\"https:\/\/zecovalve.com\/product\/sw-gate-valve#primaryimage\",\"inLanguage\":\"de\",\"url\":\"https:\/\/zecovalve.com\/wp-content\/uploads\/2022\/06\/Forged-Steel-Gate-Valve.jpg\",\"width\":800,\"height\":600,\"caption\":\"Forged Steel Gate Valve\"},{\"@type\":\"WebPage\",\"@id\":\"https:\/\/zecovalve.com\/product\/sw-gate-valve#webpage\",\"url\":\"https:\/\/zecovalve.com\/product\/sw-gate-valve\",\"name\":\"Forged Steel Gate Valve - OS&Y Gate Valve Manufacturer | ZECO Valve\",\"isPartOf\":{\"@id\":\"https:\/\/zecovalve.com\/#website\"},\"primaryImageOfPage\":{\"@id\":\"https:\/\/zecovalve.com\/product\/sw-gate-valve#primaryimage\"},\"datePublished\":\"2022-06-19T14:34:00+00:00\",\"dateModified\":\"2023-06-15T12:39:53+00:00\",\"breadcrumb\":{\"@id\":\"https:\/\/zecovalve.com\/product\/sw-gate-valve#breadcrumb\"},\"inLanguage\":\"de\",\"potentialAction\":[{\"@type\":\"ReadAction\",\"target\":[\"https:\/\/zecovalve.com\/product\/sw-gate-valve\"]}]},{\"@type\":\"BreadcrumbList\",\"@id\":\"https:\/\/zecovalve.com\/product\/sw-gate-valve#breadcrumb\",\"itemListElement\":[{\"@type\":\"ListItem\",\"position\":1,\"item\":{\"@type\":\"WebPage\",\"@id\":\"https:\/\/zecovalve.com\/\",\"url\":\"https:\/\/zecovalve.com\/\",\"name\":\"Home\"}},{\"@type\":\"ListItem\",\"position\":2,\"item\":{\"@type\":\"WebPage\",\"@id\":\"https:\/\/zecovalve.com\/product-category\",\"url\":\"https:\/\/zecovalve.com\/product-category\",\"name\":\"Industrial Valve Manufacturer | Water Valve Manufacturer\"}},{\"@type\":\"ListItem\",\"position\":3,\"item\":{\"@type\":\"WebPage\",\"@id\":\"https:\/\/zecovalve.com\/product\/sw-gate-valve\",\"url\":\"https:\/\/zecovalve.com\/product\/sw-gate-valve\",\"name\":\"Forged Steel Gate Valve\"}}]}]}<\/script>\n<!-- \/ Yoast SEO Premium plugin. -->","_links":{"self":[{"href":"https:\/\/zecovalve.com\/de\/wp-json\/wp\/v2\/product\/16159","targetHints":{"allow":["GET"]}}],"collection":[{"href":"https:\/\/zecovalve.com\/de\/wp-json\/wp\/v2\/product"}],"about":[{"href":"https:\/\/zecovalve.com\/de\/wp-json\/wp\/v2\/types\/product"}],"replies":[{"embeddable":true,"href":"https:\/\/zecovalve.com\/de\/wp-json\/wp\/v2\/comments?post=16159"}],"wp:featuredmedia":[{"embeddable":true,"href":"https:\/\/zecovalve.com\/de\/wp-json\/wp\/v2\/media\/27879"}],"wp:attachment":[{"href":"https:\/\/zecovalve.com\/de\/wp-json\/wp\/v2\/media?parent=16159"}],"wp:term":[{"taxonomy":"product_cat","embeddable":true,"href":"https:\/\/zecovalve.com\/de\/wp-json\/wp\/v2\/product_cat?post=16159"},{"taxonomy":"product_tag","embeddable":true,"href":"https:\/\/zecovalve.com\/de\/wp-json\/wp\/v2\/product_tag?post=16159"}],"curies":[{"name":"wp","href":"https:\/\/api.w.org\/{rel}","templated":true}]}}