{"id":16161,"date":"2022-06-19T14:36:10","date_gmt":"2022-06-19T14:36:10","guid":{"rendered":"https:\/\/zecovalve.com\/?post_type=product&#038;p=16161"},"modified":"2023-06-07T07:16:30","modified_gmt":"2023-06-07T07:16:30","slug":"two-piece-ball-valve","status":"publish","type":"product","link":"https:\/\/zecovalve.com\/de\/produkt\/two-piece-ball-valve","title":{"rendered":"Zweiteiliger Kugelhahn"},"content":{"rendered":"<p>Zweiteilige Kugelh\u00e4hne mit Flansch und vollem Durchgang sind brandsicher und TA-Luft-zertifiziert. Die standardm\u00e4\u00dfige ISO-Direktmontage erm\u00f6glicht eine einfache Installation jedes Antriebs, selbst nach der Erstinbetriebnahme in einer manuellen Konfiguration.<\/p>\r\n\r\n\r\n\r\n<figure class=\"wp-block-image alignnone size-medium wp-image-16162\"><img loading=\"lazy\" decoding=\"async\" width=\"300\" height=\"225\" class=\"wp-image-16162\" src=\"https:\/\/zecovalve.com\/wp-content\/uploads\/2022\/06\/two-piece-ball-valve-300x225.jpg\" alt=\"Zweiteiliger Kugelhahn\" srcset=\"https:\/\/zecovalve.com\/wp-content\/uploads\/2022\/06\/two-piece-ball-valve-300x225.jpg 300w, https:\/\/zecovalve.com\/wp-content\/uploads\/2022\/06\/two-piece-ball-valve-768x576.jpg 768w, https:\/\/zecovalve.com\/wp-content\/uploads\/2022\/06\/two-piece-ball-valve-600x450.jpg 600w, https:\/\/zecovalve.com\/wp-content\/uploads\/2022\/06\/two-piece-ball-valve.jpg 800w\" sizes=\"auto, (max-width: 300px) 100vw, 300px\" \/><\/figure>\r\n\r\n\r\n<div class=\"gb-button-wrapper gb-button-wrapper-6d8495a3\">\r\n\r\n\r\n<p><a class=\"gb-button gb-button-3d442e11 gb-button-text\" href=\"https:\/\/zecovalve.com\/de\/contact\/\" target=\"_blank\" rel=\"noopener noreferrer\"><strong>PREIS F\u00dcR ZWEITEILIGES KUGELHAHN ERHALTEN<\/strong><\/a><\/p>\r\n<\/div>\r\n\r\n\r\n\r\n\r\n<h2 class=\"wp-block-heading\" id=\"h-what-is-a-two-piece-ball-valve\">Was ist ein zweiteiliger Kugelhahn?<\/h2>\r\n\r\n\r\n\r\n<p>Der zweiteilige Kugelhahn von ZECO ist in einen zweiteiligen zapfengelagerten Kugelhahn und einen zweiteiligen schwimmenden Kugelhahn unterteilt. Der zweiteilige schwimmende Kugelhahn wird so genannt, weil die Kugel schwimmt. Unter dem Druck des Mediums erzeugt die Kugel eine gewisse Verschiebung und die Dichtfl\u00e4che des Auslassendes kann in engem Kontakt gehalten werden, um die Abdichtung sicherzustellen. Der zweiteilige zapfengelagerte Kugelhahn eignet sich f\u00fcr Fernrohrleitungen und allgemeine Industrierohrleitungen. Der zapfengelagerte Kugelhahn bewegt sich aufgrund des Drucks des Mediums nicht zur Kugel, sondern \u00fcbertr\u00e4gt den Druck des Mediums auf das Lager. Daher ist das Drehmoment des zapfengelagerten Kugelhahns viel geringer als das des schwimmenden Kugelhahns und die Lebensdauer ist l\u00e4nger.<\/p>\r\n\r\n\r\n\r\n<h2 class=\"wp-block-heading\">Zweiteilige Kugelhahnteile<\/h2>\r\n\r\n\r\n\r\n<ul class=\"wp-block-list\">\r\n<li>Kugel\r\n<ul>\r\n<li>Die hochglanzpolierte Vollkugel verf\u00fcgt \u00fcber eine Druckentlastungsbohrung im Schaftschlitz, um einen Druckaufbau im K\u00f6rperhohlraum zu vermeiden. Dies gew\u00e4hrleistet einen dichten Verschluss und eine lange Lebensdauer.<\/li>\r\n<\/ul>\r\n<\/li>\r\n<li>Vorbau\r\n<ul>\r\n<li>Die Ventilschaftbaugruppe ist ausblassicher konstruiert und hat einen quadratischen oberen Anschluss. Eine PTFE-Anlaufscheibendichtung tr\u00e4gt dazu bei, ein niedriges Betriebsdrehmoment zu erreichen.<\/li>\r\n<\/ul>\r\n<\/li>\r\n<li>Sitzpl\u00e4tze\r\n<ul>\r\n<li>Ein flexibles Sitzdesign sorgt f\u00fcr dichten Verschluss bei hohen und niedrigen Dr\u00fccken. Die spezielle Sitzkonstruktion reduziert den Verschlei\u00df auf ein Minimum und gew\u00e4hrleistet niedrige Drehmomentwerte unter allen Betriebsbedingungen. Das Standardsitzmaterial ist ein hochwertiges PTFE TFM1600. Neben den bew\u00e4hrten mechanischen und chemischen Eigenschaften von PTFE bietet diese chemisch verst\u00e4rkte Version Eignung f\u00fcr ein breiteres Anwendungsspektrum in Bezug auf Druck und Temperatur.<\/li>\r\n<\/ul>\r\n<\/li>\r\n<\/ul>\r\n\r\n\r\n\r\n<h2 class=\"wp-block-heading\">Beschreibung der 2PC-Kugelh\u00e4hne<\/h2>\r\n\r\n\r\n\r\n<ul class=\"wp-block-list\">\r\n<li>2-teilige Kugelh\u00e4hne mit vollem Durchgang<\/li>\r\n<li>Kohlenstoffstahl und Edelstahl<\/li>\r\n<li>Flanschverbindungen ASME B16.5<\/li>\r\n<li>Druckstufe von ASME CLASS 150 bis ASME CLASS 2500<\/li>\r\n<li>Gr\u00f6\u00dfe 1\/2\u2033 \u2013 16\u2033<\/li>\r\n<li>Ausf\u00fchrung ASME B16.34, API 608, API 6D<\/li>\r\n<li>Baul\u00e4nge ASME B16.10 langes Muster<\/li>\r\n<li>ISO 5211 Direktmontage<\/li>\r\n<li>API 607 6. Ausgabe Fire Safe zertifiziert<\/li>\r\n<li>Antistatikger\u00e4t<\/li>\r\n<\/ul>\r\n\r\n\r\n\r\n<h2 class=\"wp-block-heading\" id=\"h-features-of-2pc-ball-valves\">Merkmale der 2PC-Kugelh\u00e4hne<\/h2>\r\n\r\n\r\n\r\n<ul class=\"wp-block-list\">\r\n<li>Der Ventilsitz des zweiteiligen Kugelhahns von ZECO ist mit einer Frontkonstruktion ausgestattet. Diese Konstruktion hat beidseitige Dichtf\u00e4higkeit und eine selbstentlastende Funktion. Der Sitz aus Verbundmaterial ist schwimmend und mit einer Feder belastbar. In der geschlossenen Position bleibt die Dichtfl\u00e4che in engem Kontakt mit der Kugel, um sicherzustellen, dass es zwischen hohem und niedrigem Druck zu keiner Leckage kommt.<\/li>\r\n<li>Zweiteiliges Kugelhahndesign von ZECO mit Notdichtungssystem und Hilfssitz. Wenn die Dichtung besch\u00e4digt ist oder die Dichtfl\u00e4chenkapazit\u00e4t beeintr\u00e4chtigt ist, kann sie durch Einspritzen von Dichtungsmittel in das Hilfssystem notd\u00fcrftig abgedichtet werden. Das Notdichtungsger\u00e4t kann auch zum Reinigen oder Schmieren verwendet werden. Der Schaft ist auch mit einem Notdichtungssystem ausgestattet;<\/li>\r\n<li>Gem\u00e4\u00df den Bedingungen des Wortlauts wurde das zweiteilige Kugelventil von ZECO als feuerfeste Konstruktion konzipiert. Diese Konstruktion entspricht API 607. Wenn ein Feuer auftritt, kann die feuerfeste Konstruktion Massenlecks verhindern.<\/li>\r\n<li>Wenn das Ventil geschlossen ist, kann Fl\u00fcssigkeit, die den Sitz blockiert, und in K\u00f6rperh\u00f6hlen angesammelter Bodensatz durch die Entlastungsvorrichtung abgelassen werden.<\/li>\r\n<\/ul>\r\n\r\n\r\n\r\n<h2 class=\"wp-block-heading\" id=\"h-material-of-two-piece-ball-valve\">Material des zweiteiligen Kugelhahns:<\/h2>\r\n\r\n\r\n\r\n<figure class=\"wp-block-table\">\r\n<table>\r\n<tbody>\r\n<tr>\r\n<td>Nein<\/td>\r\n<td>Teil<\/td>\r\n<td>Material<\/td>\r\n<\/tr>\r\n<tr>\r\n<td>1<\/td>\r\n<td>K\u00f6rper<\/td>\r\n<td>ASTM A182 F304<\/td>\r\n<\/tr>\r\n<tr>\r\n<td>2<\/td>\r\n<td>Motorhaube<\/td>\r\n<td>ASTM A182 F304<\/td>\r\n<\/tr>\r\n<tr>\r\n<td>3<\/td>\r\n<td>Motorhaubenbolzen<\/td>\r\n<td>ASTM A193 B8<\/td>\r\n<\/tr>\r\n<tr>\r\n<td>4<\/td>\r\n<td>Haubenmutter<\/td>\r\n<td>ASTM A194 8<\/td>\r\n<\/tr>\r\n<tr>\r\n<td>5<\/td>\r\n<td>Dichtung der Motorhaube<\/td>\r\n<td>Graphit +SS304<\/td>\r\n<\/tr>\r\n<tr>\r\n<td>6<\/td>\r\n<td>Sitzring<\/td>\r\n<td>VITON<\/td>\r\n<\/tr>\r\n<tr>\r\n<td>7<\/td>\r\n<td>Kugel<\/td>\r\n<td>ASTM A182 F304<\/td>\r\n<\/tr>\r\n<tr>\r\n<td>8<\/td>\r\n<td>Vorbau<\/td>\r\n<td>ASTM A276 304<\/td>\r\n<\/tr>\r\n<tr>\r\n<td>9<\/td>\r\n<td>Spindelpackung<\/td>\r\n<td>Graphit<\/td>\r\n<\/tr>\r\n<tr>\r\n<td>10<\/td>\r\n<td>Dr\u00fcse<\/td>\r\n<td>ASTM A351 CF8<\/td>\r\n<\/tr>\r\n<tr>\r\n<td>11<\/td>\r\n<td>Stoppkragen<\/td>\r\n<td>ANSI 1025<\/td>\r\n<\/tr>\r\n<\/tbody>\r\n<\/table>\r\n<\/figure>","protected":false},"excerpt":{"rendered":"<p>Zweiteilige Kugelh\u00e4hne mit Flansch und vollem Durchgang sind brandsicher und TA-Luft-zertifiziert. Die standardm\u00e4\u00dfige ISO-Direktmontagefunktion \u2026 <a title=\"Zweiteiliger Kugelhahn\" class=\"read-more\" href=\"https:\/\/zecovalve.com\/de\/produkt\/two-piece-ball-valve\" aria-label=\"Mehr zu Two Piece Ball Valve\">Weiterlesen ...<\/a><\/p>","protected":false},"featured_media":27866,"comment_status":"closed","ping_status":"closed","template":"","meta":{"_generate-full-width-content":"","kt_blocks_editor_width":""},"product_cat":[2047,2465],"product_tag":[2655,2804,2656],"class_list":["post-16161","product","type-product","status-publish","has-post-thumbnail","hentry","product_cat-ball-valve","product_cat-forged-steel-ball-valve","product_tag-1-2-ball-valve","product_tag-2-inch-ball-valve","product_tag-3-4-ball-valve","sales-flash-overlay","woocommerce-text-align-center","woocommerce-image-align-center","do-quantity-buttons"],"featured_image_src_large":["https:\/\/zecovalve.com\/wp-content\/uploads\/2022\/06\/Two-Piece-Ball-Valve-1.jpg",800,600,false],"author_info":[],"comment_info":0,"taxonomy_info":{"product_cat":[{"value":2047,"label":"Ball Valve"},{"value":2465,"label":"Forged Ball Valve"}],"product_tag":[{"value":2655,"label":"1 2 ball valve"},{"value":2804,"label":"2 inch Ball Valve"},{"value":2656,"label":"3 4 ball valve"}]},"yoast_head":"<!-- This site is optimized with the Yoast SEO Premium plugin v15.4 - https:\/\/yoast.com\/wordpress\/plugins\/seo\/ -->\n<title>Two Piece Ball Valve - 2PC Ball Valve Manufacturer | ZECO Valve<\/title>\n<meta name=\"robots\" content=\"index, follow, max-snippet:-1, max-image-preview:large, max-video-preview:-1\" \/>\n<link rel=\"canonical\" href=\"https:\/\/zecovalve.com\/de\/produkt\/two-piece-ball-valve\" \/>\n<meta property=\"og:locale\" content=\"de_DE\" \/>\n<meta property=\"og:type\" content=\"article\" \/>\n<meta property=\"og:title\" content=\"Two Piece Ball Valve - 2PC Ball Valve Manufacturer | ZECO Valve\" \/>\n<meta property=\"og:description\" content=\"Two Piece Ball Valve flanged full bore ball valves are fire safe and TA Luft certified. The standard ISO direct mount feature ... Weiterlesen ...\" \/>\n<meta property=\"og:url\" content=\"https:\/\/zecovalve.com\/de\/produkt\/two-piece-ball-valve\" \/>\n<meta property=\"og:site_name\" content=\"ZECO Valve\" \/>\n<meta property=\"article:modified_time\" content=\"2023-06-07T07:16:30+00:00\" \/>\n<meta property=\"og:image\" content=\"https:\/\/zecovalve.com\/wp-content\/uploads\/2022\/06\/Two-Piece-Ball-Valve-1.jpg\" \/>\n\t<meta property=\"og:image:width\" content=\"800\" \/>\n\t<meta property=\"og:image:height\" content=\"600\" \/>\n<meta name=\"twitter:card\" content=\"summary_large_image\" \/>\n<meta name=\"twitter:label1\" content=\"Verfasst von\">\n\t<meta name=\"twitter:data1\" content=\"Jerry\">\n\t<meta name=\"twitter:label2\" content=\"Gesch\u00e4tzte Lesezeit\">\n\t<meta name=\"twitter:data2\" content=\"2\u00a0Minuten\">\n<script type=\"application\/ld+json\" class=\"yoast-schema-graph\">{\"@context\":\"https:\/\/schema.org\",\"@graph\":[{\"@type\":\"WebSite\",\"@id\":\"https:\/\/zecovalve.com\/#website\",\"url\":\"https:\/\/zecovalve.com\/\",\"name\":\"ZECO Valve\",\"description\":\"Industrial Ball Valve, Gate Valve and Globe Valve Manufacturer\",\"potentialAction\":[{\"@type\":\"SearchAction\",\"target\":\"https:\/\/zecovalve.com\/?s={search_term_string}\",\"query-input\":\"required name=search_term_string\"}],\"inLanguage\":\"de\"},{\"@type\":\"ImageObject\",\"@id\":\"https:\/\/zecovalve.com\/product\/two-piece-ball-valve#primaryimage\",\"inLanguage\":\"de\",\"url\":\"https:\/\/zecovalve.com\/wp-content\/uploads\/2022\/06\/Two-Piece-Ball-Valve-1.jpg\",\"width\":800,\"height\":600,\"caption\":\"Two Piece Ball Valve\"},{\"@type\":\"WebPage\",\"@id\":\"https:\/\/zecovalve.com\/product\/two-piece-ball-valve#webpage\",\"url\":\"https:\/\/zecovalve.com\/product\/two-piece-ball-valve\",\"name\":\"Two Piece Ball Valve - 2PC Ball Valve Manufacturer | ZECO Valve\",\"isPartOf\":{\"@id\":\"https:\/\/zecovalve.com\/#website\"},\"primaryImageOfPage\":{\"@id\":\"https:\/\/zecovalve.com\/product\/two-piece-ball-valve#primaryimage\"},\"datePublished\":\"2022-06-19T14:36:10+00:00\",\"dateModified\":\"2023-06-07T07:16:30+00:00\",\"breadcrumb\":{\"@id\":\"https:\/\/zecovalve.com\/product\/two-piece-ball-valve#breadcrumb\"},\"inLanguage\":\"de\",\"potentialAction\":[{\"@type\":\"ReadAction\",\"target\":[\"https:\/\/zecovalve.com\/product\/two-piece-ball-valve\"]}]},{\"@type\":\"BreadcrumbList\",\"@id\":\"https:\/\/zecovalve.com\/product\/two-piece-ball-valve#breadcrumb\",\"itemListElement\":[{\"@type\":\"ListItem\",\"position\":1,\"item\":{\"@type\":\"WebPage\",\"@id\":\"https:\/\/zecovalve.com\/\",\"url\":\"https:\/\/zecovalve.com\/\",\"name\":\"Home\"}},{\"@type\":\"ListItem\",\"position\":2,\"item\":{\"@type\":\"WebPage\",\"@id\":\"https:\/\/zecovalve.com\/product-category\",\"url\":\"https:\/\/zecovalve.com\/product-category\",\"name\":\"Industrial Valve Manufacturer | Water Valve Manufacturer\"}},{\"@type\":\"ListItem\",\"position\":3,\"item\":{\"@type\":\"WebPage\",\"@id\":\"https:\/\/zecovalve.com\/product\/two-piece-ball-valve\",\"url\":\"https:\/\/zecovalve.com\/product\/two-piece-ball-valve\",\"name\":\"Two Piece Ball Valve\"}}]}]}<\/script>\n<!-- \/ Yoast SEO Premium plugin. -->","_links":{"self":[{"href":"https:\/\/zecovalve.com\/de\/wp-json\/wp\/v2\/product\/16161","targetHints":{"allow":["GET"]}}],"collection":[{"href":"https:\/\/zecovalve.com\/de\/wp-json\/wp\/v2\/product"}],"about":[{"href":"https:\/\/zecovalve.com\/de\/wp-json\/wp\/v2\/types\/product"}],"replies":[{"embeddable":true,"href":"https:\/\/zecovalve.com\/de\/wp-json\/wp\/v2\/comments?post=16161"}],"wp:featuredmedia":[{"embeddable":true,"href":"https:\/\/zecovalve.com\/de\/wp-json\/wp\/v2\/media\/27866"}],"wp:attachment":[{"href":"https:\/\/zecovalve.com\/de\/wp-json\/wp\/v2\/media?parent=16161"}],"wp:term":[{"taxonomy":"product_cat","embeddable":true,"href":"https:\/\/zecovalve.com\/de\/wp-json\/wp\/v2\/product_cat?post=16161"},{"taxonomy":"product_tag","embeddable":true,"href":"https:\/\/zecovalve.com\/de\/wp-json\/wp\/v2\/product_tag?post=16161"}],"curies":[{"name":"wp","href":"https:\/\/api.w.org\/{rel}","templated":true}]}}