{"id":16167,"date":"2022-06-19T14:50:15","date_gmt":"2022-06-19T14:50:15","guid":{"rendered":"https:\/\/zecovalve.com\/?post_type=product&#038;p=16167"},"modified":"2022-07-18T14:23:16","modified_gmt":"2022-07-18T14:23:16","slug":"stainless-steel-butterfly-valve","status":"publish","type":"product","link":"https:\/\/zecovalve.com\/de\/produkt\/stainless-steel-butterfly-valve","title":{"rendered":"Absperrklappe aus Edelstahl"},"content":{"rendered":"Absperrklappen haben einen sehr einfachen Funktionsmechanismus, der f\u00fcr die Anwendungen, in denen sie zum Einsatz kommen, \u00e4u\u00dferst vorteilhaft ist. Wenn Sie mehr \u00fcber Absperrklappen erfahren m\u00f6chten, wenden Sie sich an ZECO Valve, einen renommierten Hersteller von Absperrklappen.\r\n\r\n\r\n\r\n\r\n<figure class=\"wp-block-image alignnone size-medium wp-image-16168\"><img loading=\"lazy\" decoding=\"async\" width=\"300\" height=\"225\" class=\"wp-image-16168\" src=\"https:\/\/zecovalve.com\/wp-content\/uploads\/2022\/06\/stainless-steel-butterfly-valve-300x225.jpg\" alt=\"Absperrklappe aus Edelstahl\" srcset=\"https:\/\/zecovalve.com\/wp-content\/uploads\/2022\/06\/stainless-steel-butterfly-valve-300x225.jpg 300w, https:\/\/zecovalve.com\/wp-content\/uploads\/2022\/06\/stainless-steel-butterfly-valve-768x576.jpg 768w, https:\/\/zecovalve.com\/wp-content\/uploads\/2022\/06\/stainless-steel-butterfly-valve-600x450.jpg 600w, https:\/\/zecovalve.com\/wp-content\/uploads\/2022\/06\/stainless-steel-butterfly-valve.jpg 800w\" sizes=\"auto, (max-width: 300px) 100vw, 300px\" \/><\/figure>\r\n\r\n\r\n<div class=\"gb-button-wrapper gb-button-wrapper-6d8495a3\">\r\n\r\n<a class=\"gb-button gb-button-3d442e11 gb-button-text\" href=\"https:\/\/zecovalve.com\/de\/contact\/\" target=\"_blank\" rel=\"noopener noreferrer\"><strong>PREIS F\u00dcR EDELSTAHL-ABSCHLAGVENTILE ERHALTEN<\/strong><\/a>\r\n\r\n<\/div>\r\n\r\n\r\n\r\n\r\n<h2 class=\"wp-block-heading\" id=\"h-what-is-a-stainless-steel-butterfly-valve\">Was ist ein Absperrventil aus Edelstahl?<\/h2>\r\n\r\n\r\n\r\n\r\nEin Edelstahl-Absperrventil ist ein Ventil, das aus Edelstahl gefertigt ist. Obwohl dieses Ventil aus Stahl gefertigt ist, k\u00f6nnen andere Innenkomponenten wie Ventilsitze, Dichtungen, O-Ringe und Dichtungsringe aus anderen Materialien wie Kunststoff, Gummi oder anderen Materialien gefertigt sein. Die Art des Materials, aus dem diese Innenkomponenten hergestellt sind, bestimmt die Art des Mediums und die Temperatur, bei der das Ventil eingesetzt werden kann. Edelstahl-Absperrventile aus vollmetallischen Materialien sind f\u00fcr den Einsatz bei niedrigen und hohen Temperaturen geeignet, da metallische Materialien hohen thermischen Temperaturen standhalten k\u00f6nnen. Hersteller von Edelstahl-Absperrventilen konstruieren diese Ventile f\u00fcr schwere und raue Bedingungen. Daher sind diese Ventile sehr robust und k\u00f6nnen hohem Druck und Schl\u00e4mmen problemlos standhalten. Edelstahl-Absperrventile werden manuell oder automatisch bedient. Die Bedienung dieser Ventile h\u00e4ngt von der Vierteldrehung des Handrads ab, um den Fl\u00fcssigkeitsfluss zu starten oder zu stoppen. Die Vierteldrehung des Handrads macht diese Ventile schnell und weniger m\u00fchsam im Vergleich zu anderen Ventilen, die mehrere Drehungen zum Bedienen ben\u00f6tigen.\r\n\r\n\r\n\r\n\r\n<h2 class=\"wp-block-heading\">Wie funktioniert ein Absperrventil aus Edelstahl?<\/h2>\r\n\r\n\r\n\r\n\r\nAbsperrklappen aus Edelstahl haben eine relativ einfache Konstruktion. Die Hauptkomponenten einer Absperrklappe sind K\u00f6rper, Dichtung, Scheibe und Schaft. Bei einer typischen Absperrklappe befindet sich die Scheibe in der Mitte des angeschlossenen Rohrs und ein Schaft ist mit einem Stellantrieb oder Griff an der Au\u00dfenseite des Ventils verbunden. In der geschlossenen Position steht die Scheibe senkrecht zum Durchfluss und wird durch den Ventilsitz abgedichtet. Der Schaft wird zus\u00e4tzlich durch einen O-Ring abgedichtet. Wenn der Stellantrieb oder Griff den Schaft der Absperrklappe um 90 Grad zur\u00fcckdreht, bewegt sich die Scheibe vom Sitz der Absperrklappe weg und positioniert sich parallel zum Durchfluss. Durch eine teilweise Drehung kann der Durchfluss gedrosselt oder proportional eingestellt werden.\r\n\r\n\r\n\r\n\r\n<h2 class=\"wp-block-heading\" id=\"h-features-of-stainless-steel-butterfly-valves\">Merkmale von Absperrklappen aus Edelstahl<\/h2>\r\n\r\n\r\n\r\n<ul class=\"wp-block-list\">\r\n \t<li>Das ZECO-Absperrventil aus Edelstahl kombiniert die drei Vers\u00e4tze der Sitzfl\u00e4che mit der Flexibilit\u00e4t einer Graphitbeschichtung, um eine dichte und gleichm\u00e4\u00dfige Abdichtung bei geringem Drehmoment zu erreichen.<\/li>\r\n \t<li>Das doppelte Anti-Blow-Out-Design des ZECO-Absperrventils aus Edelstahl erf\u00fcllt die Anforderungen von API 609 und ASME B31.1 durch sowohl interne als auch externe Schaftretention;<\/li>\r\n \t<li>Die laminierten Dichtungsringe der ZECO-Absperrklappen aus Edelstahl sind so konzipiert, dass sie sich selbst ausrichten und so eine Null-Leckage der Klappen gem\u00e4\u00df API 598 gew\u00e4hrleisten.<\/li>\r\n \t<li>Die Welle der ZECO-Absperrklappe aus Edelstahl wird vollst\u00e4ndig durch Wellenlager und Stopfbuchsenbrille gef\u00fchrt, um die seitliche Belastung durch den Leitungsdruckschub zu verringern.<\/li>\r\n<\/ul>\r\n\r\n\r\n\r\n<h2 class=\"wp-block-heading\">Anwendungen von SS-Absperrklappen<\/h2>\r\n\r\n\r\n\r\n\r\nSS-Absperrklappen werden h\u00e4ufig in der Pharma-, Chemie- und Lebensmittelindustrie verwendet. Diese Klappe kann auch in Abwasseraufbereitungsanlagen, Brandschutzdiensten und bei der Kraftstoffhandhabung eingesetzt werden. Im Allgemeinen kann die Absperrklappe gro\u00dfe Mengen und Schl\u00e4mme verarbeiten.\r\n\r\n\r\n\r\n\r\n<h2 class=\"wp-block-heading\" id=\"h-material-of-stainless-steel-butterfly-valve\">Material der Edelstahl-Absperrklappe:<\/h2>\r\n\r\n\r\n\r\n<figure class=\"wp-block-table\">\r\n<table>\r\n<tbody>\r\n<tr>\r\n<td>Nein<\/td>\r\n<td>Teil<\/td>\r\n<td>Material<\/td>\r\n<\/tr>\r\n<tr>\r\n<td>1<\/td>\r\n<td>K\u00f6rper<\/td>\r\n<td>ASTM A351 CF8<\/td>\r\n<\/tr>\r\n<tr>\r\n<td>2<\/td>\r\n<td>Dichtungsring<\/td>\r\n<td>Graphit + SS304<\/td>\r\n<\/tr>\r\n<tr>\r\n<td>3<\/td>\r\n<td>Halteflansch<\/td>\r\n<td>ASTM A182 F304<\/td>\r\n<\/tr>\r\n<tr>\r\n<td>4<\/td>\r\n<td>Stift<\/td>\r\n<td>ASTM A276 304<\/td>\r\n<\/tr>\r\n<tr>\r\n<td>5<\/td>\r\n<td>Scheibe<\/td>\r\n<td>ASTM A351 CF8<\/td>\r\n<\/tr>\r\n<tr>\r\n<td>6<\/td>\r\n<td>Vorbau<\/td>\r\n<td>ASTM A276 304<\/td>\r\n<\/tr>\r\n<tr>\r\n<td>7<\/td>\r\n<td>Spindelpackung<\/td>\r\n<td>Graphit<\/td>\r\n<\/tr>\r\n<tr>\r\n<td>8<\/td>\r\n<td>Vorbauklopfen<\/td>\r\n<td>SS304 + PTFE<\/td>\r\n<\/tr>\r\n<tr>\r\n<td>9<\/td>\r\n<td>Schraube<\/td>\r\n<td>ASTM A193 B8<\/td>\r\n<\/tr>\r\n<tr>\r\n<td>10<\/td>\r\n<td>Nuss<\/td>\r\n<td>ASTM A194 8<\/td>\r\n<\/tr>\r\n<tr>\r\n<td>11<\/td>\r\n<td>Joch<\/td>\r\n<td>ASTM A216 WCB<\/td>\r\n<\/tr>\r\n<\/tbody>\r\n<\/table>\r\n<\/figure>","protected":false},"excerpt":{"rendered":"<p>Absperrklappen haben einen sehr einfachen Funktionsmechanismus, der f\u00fcr die Anwendungen, denen sie dienen, \u00e4u\u00dferst vorteilhaft ist. Wenn Sie lernen m\u00fcssen \u2026 <a title=\"Absperrklappe aus Edelstahl\" class=\"read-more\" href=\"https:\/\/zecovalve.com\/de\/produkt\/stainless-steel-butterfly-valve\" aria-label=\"Mehr zu Edelstahl-Absperrklappe\">Weiterlesen ...<\/a><\/p>","protected":false},"featured_media":16168,"comment_status":"closed","ping_status":"closed","template":"","meta":{"_generate-full-width-content":"","kt_blocks_editor_width":""},"product_cat":[2044,2469,2604],"product_tag":[],"class_list":["post-16167","product","type-product","status-publish","has-post-thumbnail","hentry","product_cat-butterfly-valve","product_cat-butterfly-valve-by-material","product_cat-triple-offset-butterfly-valve","sales-flash-overlay","woocommerce-text-align-center","woocommerce-image-align-center","do-quantity-buttons"],"featured_image_src_large":["https:\/\/zecovalve.com\/wp-content\/uploads\/2022\/06\/stainless-steel-butterfly-valve.jpg",800,600,false],"author_info":[],"comment_info":0,"taxonomy_info":{"product_cat":[{"value":2044,"label":"Butterfly Valve"},{"value":2469,"label":"Butterfly Valve By Material"},{"value":2604,"label":"Triple Offset Butterfly Valve"}]},"yoast_head":"<!-- This site is optimized with the Yoast SEO Premium plugin v15.4 - https:\/\/yoast.com\/wordpress\/plugins\/seo\/ -->\n<title>Stainless Steel Butterfly Valve - SS Butterfly Valve Manufacturer | ZECO<\/title>\n<meta name=\"robots\" content=\"index, follow, max-snippet:-1, max-image-preview:large, max-video-preview:-1\" \/>\n<link rel=\"canonical\" href=\"https:\/\/zecovalve.com\/de\/produkt\/stainless-steel-butterfly-valve\" \/>\n<meta property=\"og:locale\" content=\"de_DE\" \/>\n<meta property=\"og:type\" content=\"article\" \/>\n<meta property=\"og:title\" content=\"Stainless Steel Butterfly Valve - SS Butterfly Valve Manufacturer | ZECO\" \/>\n<meta property=\"og:description\" content=\"Butterfly valves have a very simple working mechanism that is extremely advantageous to the applications it services. If you need to learn ... Weiterlesen ...\" \/>\n<meta property=\"og:url\" content=\"https:\/\/zecovalve.com\/de\/produkt\/stainless-steel-butterfly-valve\" \/>\n<meta property=\"og:site_name\" content=\"ZECO Valve\" \/>\n<meta property=\"article:modified_time\" content=\"2022-07-18T14:23:16+00:00\" \/>\n<meta property=\"og:image\" content=\"https:\/\/zecovalve.com\/wp-content\/uploads\/2022\/06\/stainless-steel-butterfly-valve.jpg\" \/>\n\t<meta property=\"og:image:width\" content=\"800\" \/>\n\t<meta property=\"og:image:height\" content=\"600\" \/>\n<meta name=\"twitter:card\" content=\"summary_large_image\" \/>\n<meta name=\"twitter:label1\" content=\"Verfasst von\">\n\t<meta name=\"twitter:data1\" content=\"Jerry\">\n\t<meta name=\"twitter:label2\" content=\"Gesch\u00e4tzte Lesezeit\">\n\t<meta name=\"twitter:data2\" content=\"2\u00a0Minuten\">\n<script type=\"application\/ld+json\" class=\"yoast-schema-graph\">{\"@context\":\"https:\/\/schema.org\",\"@graph\":[{\"@type\":\"WebSite\",\"@id\":\"https:\/\/zecovalve.com\/#website\",\"url\":\"https:\/\/zecovalve.com\/\",\"name\":\"ZECO Valve\",\"description\":\"Industrial Ball Valve, Gate Valve and Globe Valve Manufacturer\",\"potentialAction\":[{\"@type\":\"SearchAction\",\"target\":\"https:\/\/zecovalve.com\/?s={search_term_string}\",\"query-input\":\"required name=search_term_string\"}],\"inLanguage\":\"de\"},{\"@type\":\"ImageObject\",\"@id\":\"https:\/\/zecovalve.com\/product\/stainless-steel-butterfly-valve#primaryimage\",\"inLanguage\":\"de\",\"url\":\"https:\/\/zecovalve.com\/wp-content\/uploads\/2022\/06\/stainless-steel-butterfly-valve.jpg\",\"width\":800,\"height\":600,\"caption\":\"Stainless Steel Butterfly Valve\"},{\"@type\":\"WebPage\",\"@id\":\"https:\/\/zecovalve.com\/product\/stainless-steel-butterfly-valve#webpage\",\"url\":\"https:\/\/zecovalve.com\/product\/stainless-steel-butterfly-valve\",\"name\":\"Stainless Steel Butterfly Valve - SS Butterfly Valve Manufacturer | ZECO\",\"isPartOf\":{\"@id\":\"https:\/\/zecovalve.com\/#website\"},\"primaryImageOfPage\":{\"@id\":\"https:\/\/zecovalve.com\/product\/stainless-steel-butterfly-valve#primaryimage\"},\"datePublished\":\"2022-06-19T14:50:15+00:00\",\"dateModified\":\"2022-07-18T14:23:16+00:00\",\"breadcrumb\":{\"@id\":\"https:\/\/zecovalve.com\/product\/stainless-steel-butterfly-valve#breadcrumb\"},\"inLanguage\":\"de\",\"potentialAction\":[{\"@type\":\"ReadAction\",\"target\":[\"https:\/\/zecovalve.com\/product\/stainless-steel-butterfly-valve\"]}]},{\"@type\":\"BreadcrumbList\",\"@id\":\"https:\/\/zecovalve.com\/product\/stainless-steel-butterfly-valve#breadcrumb\",\"itemListElement\":[{\"@type\":\"ListItem\",\"position\":1,\"item\":{\"@type\":\"WebPage\",\"@id\":\"https:\/\/zecovalve.com\/\",\"url\":\"https:\/\/zecovalve.com\/\",\"name\":\"Home\"}},{\"@type\":\"ListItem\",\"position\":2,\"item\":{\"@type\":\"WebPage\",\"@id\":\"https:\/\/zecovalve.com\/product-category\",\"url\":\"https:\/\/zecovalve.com\/product-category\",\"name\":\"Industrial Valve Manufacturer | Water Valve Manufacturer\"}},{\"@type\":\"ListItem\",\"position\":3,\"item\":{\"@type\":\"WebPage\",\"@id\":\"https:\/\/zecovalve.com\/product\/stainless-steel-butterfly-valve\",\"url\":\"https:\/\/zecovalve.com\/product\/stainless-steel-butterfly-valve\",\"name\":\"Stainless Steel Butterfly Valve\"}}]}]}<\/script>\n<!-- \/ Yoast SEO Premium plugin. -->","_links":{"self":[{"href":"https:\/\/zecovalve.com\/de\/wp-json\/wp\/v2\/product\/16167","targetHints":{"allow":["GET"]}}],"collection":[{"href":"https:\/\/zecovalve.com\/de\/wp-json\/wp\/v2\/product"}],"about":[{"href":"https:\/\/zecovalve.com\/de\/wp-json\/wp\/v2\/types\/product"}],"replies":[{"embeddable":true,"href":"https:\/\/zecovalve.com\/de\/wp-json\/wp\/v2\/comments?post=16167"}],"wp:featuredmedia":[{"embeddable":true,"href":"https:\/\/zecovalve.com\/de\/wp-json\/wp\/v2\/media\/16168"}],"wp:attachment":[{"href":"https:\/\/zecovalve.com\/de\/wp-json\/wp\/v2\/media?parent=16167"}],"wp:term":[{"taxonomy":"product_cat","embeddable":true,"href":"https:\/\/zecovalve.com\/de\/wp-json\/wp\/v2\/product_cat?post=16167"},{"taxonomy":"product_tag","embeddable":true,"href":"https:\/\/zecovalve.com\/de\/wp-json\/wp\/v2\/product_tag?post=16167"}],"curies":[{"name":"wp","href":"https:\/\/api.w.org\/{rel}","templated":true}]}}