{"id":16179,"date":"2022-06-19T15:07:41","date_gmt":"2022-06-19T15:07:41","guid":{"rendered":"https:\/\/zecovalve.com\/?post_type=product&#038;p=16179"},"modified":"2023-06-15T13:58:41","modified_gmt":"2023-06-15T13:58:41","slug":"stainless-steel-globe-valve","status":"publish","type":"product","link":"https:\/\/zecovalve.com\/de\/produkt\/stainless-steel-globe-valve","title":{"rendered":"Edelstahl-Durchgangsventil"},"content":{"rendered":"<p>Wenn Sie den Durchfluss durch eine Rohrleitung stoppen und starten und die Durchflussrate einer Fl\u00fcssigkeit oder eines Gases steuern m\u00fcssen, w\u00e4hlen Sie dieses Absperrventil von ZECO.<\/p>\r\n\r\n\r\n\r\n<figure class=\"wp-block-image alignnone size-medium wp-image-16180\">\r\n<p><img loading=\"lazy\" decoding=\"async\" class=\"wp-image-27907 size-medium\" src=\"https:\/\/zecovalve.com\/wp-content\/uploads\/2022\/06\/Stainless-Steel-Globe-Valve-1-300x225.jpg\" alt=\"Edelstahl-Durchgangsventil\" width=\"300\" height=\"225\" srcset=\"https:\/\/zecovalve.com\/wp-content\/uploads\/2022\/06\/Stainless-Steel-Globe-Valve-1-300x225.jpg 300w, https:\/\/zecovalve.com\/wp-content\/uploads\/2022\/06\/Stainless-Steel-Globe-Valve-1-768x576.jpg 768w, https:\/\/zecovalve.com\/wp-content\/uploads\/2022\/06\/Stainless-Steel-Globe-Valve-1-600x450.jpg 600w, https:\/\/zecovalve.com\/wp-content\/uploads\/2022\/06\/Stainless-Steel-Globe-Valve-1.jpg 800w\" sizes=\"auto, (max-width: 300px) 100vw, 300px\" \/><\/p>\r\n<\/figure>\r\n\r\n\r\n<div class=\"gb-button-wrapper gb-button-wrapper-6d8495a3\">\r\n\r\n\r\n<p><a class=\"gb-button gb-button-3d442e11 gb-button-text\" href=\"https:\/\/zecovalve.com\/de\/contact\/\" target=\"_blank\" rel=\"noopener noreferrer\"><strong>PREIS F\u00dcR EDELSTAHL-KUGELVENTILE ERHALTEN<\/strong><\/a><\/p>\r\n<\/div>\r\n\r\n\r\n\r\n\r\n<h2 class=\"wp-block-heading\" id=\"h-what-is-a-stainless-steel-globe-valve\">Was ist ein Absperrventil aus Edelstahl?<\/h2>\r\n\r\n\r\n\r\n<p>Das Prinzip des ZECO-Absperrventils aus Edelstahl besteht darin, dass der Antriebsmechanismus die Spindel und die Radmutter relativ zueinander rotieren l\u00e4sst, die Spindel den Kolben antreibt und ihn entlang der Achse auf und ab bewegt, was beim Umschalten eine Rolle spielt. Die Abdichtung erfolgt durch Spindel und Radmutter, die eine gegenseitige Vorspannkraft auf die Dichtfl\u00e4che von Kolben und Sitz aus\u00fcben. Je nach Position der Spindel kann das Gewinde in zwei Arten unterteilt werden: Spindel mit Aufw\u00e4rtsgewinde und Spindel mit Abw\u00e4rtsgewinde. Spindel mit Aufw\u00e4rtsgewinde: Das Spindelgewinde befindet sich au\u00dferhalb des Mediums, die Spindel wird vom Medium erodiert, leichte Schmierung. Spindel mit Abw\u00e4rtsgewinde: Das Spindelgewinde befindet sich im Ventilk\u00f6rper und steht in direktem Kontakt mit dem Medium, die Spindel wird vom Medium leicht erodiert, keine Schmierung.<\/p>\r\n\r\n\r\n\r\n<h2 class=\"wp-block-heading\" id=\"h-features-of-stainless-steel-globe-valves\">Merkmale von Edelstahl-Absperrventilen<\/h2>\r\n\r\n\r\n\r\n<ul class=\"wp-block-list\">\r\n<li>Beim \u00d6ffnen oder Schlie\u00dfen des ZECO-Absperrventils aus Edelstahl ist der Bewegungsweg der Ventilscheibe gering, sodass die \u00d6ffnungs- und Schlie\u00dfzeit im Vergleich zum Schieberventil verk\u00fcrzt wird und die Ventilh\u00f6he wesentlich k\u00fcrzer, die Baul\u00e4nge jedoch l\u00e4nger ist.<\/li>\r\n<li>Die Dichtfl\u00e4che des ZECO-Durchgangsventils aus Edelstahl ist nicht so leicht verschlei\u00dfend und zerkratzt, da die Dichtfl\u00e4che der Durchgangsventilscheibe und des Ventilsitzes durch das starre Drehmoment des Ventilschafts abgedichtet werden und es im Gegensatz zu einem Schieberventil \u00fcber l\u00e4ngere Zeit zu keinem gegenseitigen Reibungskontakt kommt. Daher hat das Durchgangsventil eine l\u00e4ngere Lebensdauer und ben\u00f6tigt f\u00fcr die Aufrechterhaltung des normalen Betriebs des Ventils keine langfristige Wartung.<\/li>\r\n<li>Das Absperrventil aus Edelstahl von ZECO hat eine einfache Struktur, ist leicht herzustellen und zu warten.<\/li>\r\n<li>Der Schaft des ZECO-Absperrventils aus Edelstahl ist mit einer ausblassicheren, konischen R\u00fccksitzfl\u00e4che ausgestattet, um das erneute Verpacken des Ventils in der vollst\u00e4ndig ge\u00f6ffneten Position zu erm\u00f6glichen.<\/li>\r\n<\/ul>\r\n\r\n\r\n\r\n<h2 class=\"wp-block-heading\">Anwendungen von Edelstahl-Absperrventilen<\/h2>\r\n\r\n\r\n\r\n<p>Das Absperrventil aus Edelstahl ist f\u00fcr leicht aggressive und korrosive Fl\u00fcssigkeiten geeignet; ideal geeignet f\u00fcr Isolationsaufgaben und Medien wie Luft, Gas, \u00d6l und Wasser.<\/p>\r\n\r\n\r\n\r\n<h2 class=\"wp-block-heading\" id=\"h-material-of-stainless-steel-globe-valve\">Material des Edelstahl-Absperrventils:<\/h2>\r\n\r\n\r\n\r\n<figure class=\"wp-block-table\">\r\n<table>\r\n<tbody>\r\n<tr>\r\n<td>Nein<\/td>\r\n<td>Teil<\/td>\r\n<td>Material<\/td>\r\n<\/tr>\r\n<tr>\r\n<td>1<\/td>\r\n<td>K\u00f6rper<\/td>\r\n<td>ASTM A351 CF8<\/td>\r\n<\/tr>\r\n<tr>\r\n<td>2<\/td>\r\n<td>Scheibe<\/td>\r\n<td>ASTM A182 F304<\/td>\r\n<\/tr>\r\n<tr>\r\n<td>3<\/td>\r\n<td>Vorbau<\/td>\r\n<td>ASTM A276 304<\/td>\r\n<\/tr>\r\n<tr>\r\n<td>4<\/td>\r\n<td>Dichtung der Motorhaube<\/td>\r\n<td>Graphit + SS304<\/td>\r\n<\/tr>\r\n<tr>\r\n<td>5<\/td>\r\n<td>Motorhaube<\/td>\r\n<td>ASTM A351 CF8<\/td>\r\n<\/tr>\r\n<tr>\r\n<td>6<\/td>\r\n<td>Motorhaubenbolzen<\/td>\r\n<td>ASTM A193 B8<\/td>\r\n<\/tr>\r\n<tr>\r\n<td>7<\/td>\r\n<td>Haubenmutter<\/td>\r\n<td>ASTM A194 8<\/td>\r\n<\/tr>\r\n<tr>\r\n<td>8<\/td>\r\n<td>Spindelpackung<\/td>\r\n<td>Verst\u00e4rkter Graphit<\/td>\r\n<\/tr>\r\n<tr>\r\n<td>9<\/td>\r\n<td>Dr\u00fcse<\/td>\r\n<td>ASTM A276 304<\/td>\r\n<\/tr>\r\n<tr>\r\n<td>10<\/td>\r\n<td>Stopfbuchse Augenschraube<\/td>\r\n<td>ASTM A193 B8<\/td>\r\n<\/tr>\r\n<tr>\r\n<td>11<\/td>\r\n<td>Spindelmutter<\/td>\r\n<td>ASTM B148<\/td>\r\n<\/tr>\r\n<\/tbody>\r\n<\/table>\r\n<\/figure>","protected":false},"excerpt":{"rendered":"<p>Wenn Sie den Durchfluss durch eine Rohrleitung stoppen und starten und die Durchflussrate einer Fl\u00fcssigkeit oder eines Gases steuern m\u00fcssen, \u2026 <a title=\"Edelstahl-Durchgangsventil\" class=\"read-more\" href=\"https:\/\/zecovalve.com\/de\/produkt\/stainless-steel-globe-valve\" aria-label=\"Mehr zu Stainless Steel Globe Valve\">Weiterlesen ...<\/a><\/p>","protected":false},"featured_media":27907,"comment_status":"closed","ping_status":"closed","template":"","meta":{"_generate-full-width-content":"","kt_blocks_editor_width":""},"product_cat":[2049],"product_tag":[],"class_list":["post-16179","product","type-product","status-publish","has-post-thumbnail","hentry","product_cat-globe-valve","sales-flash-overlay","woocommerce-text-align-center","woocommerce-image-align-center","do-quantity-buttons"],"featured_image_src_large":["https:\/\/zecovalve.com\/wp-content\/uploads\/2022\/06\/Stainless-Steel-Globe-Valve-1.jpg",800,600,false],"author_info":[],"comment_info":0,"taxonomy_info":{"product_cat":[{"value":2049,"label":"Globe Valve"}]},"yoast_head":"<!-- This site is optimized with the Yoast SEO Premium plugin v15.4 - https:\/\/yoast.com\/wordpress\/plugins\/seo\/ -->\n<title>Stainless Steel Globe Valve - Globe Valve Manufacturer | ZECO Valve<\/title>\n<meta name=\"robots\" content=\"index, follow, max-snippet:-1, max-image-preview:large, max-video-preview:-1\" \/>\n<link rel=\"canonical\" href=\"https:\/\/zecovalve.com\/de\/produkt\/stainless-steel-globe-valve\" \/>\n<meta property=\"og:locale\" content=\"de_DE\" \/>\n<meta property=\"og:type\" content=\"article\" \/>\n<meta property=\"og:title\" content=\"Stainless Steel Globe Valve - Globe Valve Manufacturer | ZECO Valve\" \/>\n<meta property=\"og:description\" content=\"When you need to stop and start the flow through a pipeline and control the flow rate of a liquid or gas, ... Weiterlesen ...\" \/>\n<meta property=\"og:url\" content=\"https:\/\/zecovalve.com\/de\/produkt\/stainless-steel-globe-valve\" \/>\n<meta property=\"og:site_name\" content=\"ZECO Valve\" \/>\n<meta property=\"article:modified_time\" content=\"2023-06-15T13:58:41+00:00\" \/>\n<meta property=\"og:image\" content=\"https:\/\/zecovalve.com\/wp-content\/uploads\/2022\/06\/Stainless-Steel-Globe-Valve-1.jpg\" \/>\n\t<meta property=\"og:image:width\" content=\"800\" \/>\n\t<meta property=\"og:image:height\" content=\"600\" \/>\n<meta name=\"twitter:card\" content=\"summary_large_image\" \/>\n<meta name=\"twitter:label1\" content=\"Verfasst von\">\n\t<meta name=\"twitter:data1\" content=\"Jerry\">\n\t<meta name=\"twitter:label2\" content=\"Gesch\u00e4tzte Lesezeit\">\n\t<meta name=\"twitter:data2\" content=\"2\u00a0Minuten\">\n<script type=\"application\/ld+json\" class=\"yoast-schema-graph\">{\"@context\":\"https:\/\/schema.org\",\"@graph\":[{\"@type\":\"WebSite\",\"@id\":\"https:\/\/zecovalve.com\/#website\",\"url\":\"https:\/\/zecovalve.com\/\",\"name\":\"ZECO Valve\",\"description\":\"Industrial Ball Valve, Gate Valve and Globe Valve Manufacturer\",\"potentialAction\":[{\"@type\":\"SearchAction\",\"target\":\"https:\/\/zecovalve.com\/?s={search_term_string}\",\"query-input\":\"required name=search_term_string\"}],\"inLanguage\":\"de\"},{\"@type\":\"ImageObject\",\"@id\":\"https:\/\/zecovalve.com\/product\/stainless-steel-globe-valve#primaryimage\",\"inLanguage\":\"de\",\"url\":\"https:\/\/zecovalve.com\/wp-content\/uploads\/2022\/06\/Stainless-Steel-Globe-Valve-1.jpg\",\"width\":800,\"height\":600,\"caption\":\"Stainless Steel Globe Valve\"},{\"@type\":\"WebPage\",\"@id\":\"https:\/\/zecovalve.com\/product\/stainless-steel-globe-valve#webpage\",\"url\":\"https:\/\/zecovalve.com\/product\/stainless-steel-globe-valve\",\"name\":\"Stainless Steel Globe Valve - Globe Valve Manufacturer | ZECO Valve\",\"isPartOf\":{\"@id\":\"https:\/\/zecovalve.com\/#website\"},\"primaryImageOfPage\":{\"@id\":\"https:\/\/zecovalve.com\/product\/stainless-steel-globe-valve#primaryimage\"},\"datePublished\":\"2022-06-19T15:07:41+00:00\",\"dateModified\":\"2023-06-15T13:58:41+00:00\",\"breadcrumb\":{\"@id\":\"https:\/\/zecovalve.com\/product\/stainless-steel-globe-valve#breadcrumb\"},\"inLanguage\":\"de\",\"potentialAction\":[{\"@type\":\"ReadAction\",\"target\":[\"https:\/\/zecovalve.com\/product\/stainless-steel-globe-valve\"]}]},{\"@type\":\"BreadcrumbList\",\"@id\":\"https:\/\/zecovalve.com\/product\/stainless-steel-globe-valve#breadcrumb\",\"itemListElement\":[{\"@type\":\"ListItem\",\"position\":1,\"item\":{\"@type\":\"WebPage\",\"@id\":\"https:\/\/zecovalve.com\/\",\"url\":\"https:\/\/zecovalve.com\/\",\"name\":\"Home\"}},{\"@type\":\"ListItem\",\"position\":2,\"item\":{\"@type\":\"WebPage\",\"@id\":\"https:\/\/zecovalve.com\/product-category\",\"url\":\"https:\/\/zecovalve.com\/product-category\",\"name\":\"Industrial Valve Manufacturer | Water Valve Manufacturer\"}},{\"@type\":\"ListItem\",\"position\":3,\"item\":{\"@type\":\"WebPage\",\"@id\":\"https:\/\/zecovalve.com\/product\/stainless-steel-globe-valve\",\"url\":\"https:\/\/zecovalve.com\/product\/stainless-steel-globe-valve\",\"name\":\"Stainless Steel Globe Valve\"}}]}]}<\/script>\n<!-- \/ Yoast SEO Premium plugin. -->","_links":{"self":[{"href":"https:\/\/zecovalve.com\/de\/wp-json\/wp\/v2\/product\/16179","targetHints":{"allow":["GET"]}}],"collection":[{"href":"https:\/\/zecovalve.com\/de\/wp-json\/wp\/v2\/product"}],"about":[{"href":"https:\/\/zecovalve.com\/de\/wp-json\/wp\/v2\/types\/product"}],"replies":[{"embeddable":true,"href":"https:\/\/zecovalve.com\/de\/wp-json\/wp\/v2\/comments?post=16179"}],"wp:featuredmedia":[{"embeddable":true,"href":"https:\/\/zecovalve.com\/de\/wp-json\/wp\/v2\/media\/27907"}],"wp:attachment":[{"href":"https:\/\/zecovalve.com\/de\/wp-json\/wp\/v2\/media?parent=16179"}],"wp:term":[{"taxonomy":"product_cat","embeddable":true,"href":"https:\/\/zecovalve.com\/de\/wp-json\/wp\/v2\/product_cat?post=16179"},{"taxonomy":"product_tag","embeddable":true,"href":"https:\/\/zecovalve.com\/de\/wp-json\/wp\/v2\/product_tag?post=16179"}],"curies":[{"name":"wp","href":"https:\/\/api.w.org\/{rel}","templated":true}]}}