{"id":16181,"date":"2022-06-19T15:12:21","date_gmt":"2022-06-19T15:12:21","guid":{"rendered":"https:\/\/zecovalve.com\/?post_type=product&#038;p=16181"},"modified":"2023-06-15T12:40:17","modified_gmt":"2023-06-15T12:40:17","slug":"carbon-steel-gate-valve","status":"publish","type":"product","link":"https:\/\/zecovalve.com\/de\/produkt\/carbon-steel-gate-valve","title":{"rendered":"Absperrschieber aus Kohlenstoffstahl"},"content":{"rendered":"<p>Die Produktlinie der ZECO-Schieber aus Kohlenstoffstahl umfasst 1\/2\u201d-48\u201d, ANSI-Druckklasse 150# \u2013 300# \u2013 600# \u2013 900# \u2013 1500# \u2013 2500#. Die Konstruktionsmaterialien umfassen WCB-Guss und niedrigtemperaturbest\u00e4ndigen Kohlenstoffstahl LCC und LCB. Zu den Optionen geh\u00f6ren NACE-Konformit\u00e4t, Kegelr\u00e4der, betriebsbereite Montagepads, thermische Entlastungssysteme DTR und doppelte F\u00fchrungsspindel f\u00fcr schnelle Hubzeiten.<\/p>\r\n\r\n\r\n\r\n<figure class=\"wp-block-image alignnone size-medium wp-image-16182\"><img loading=\"lazy\" decoding=\"async\" width=\"300\" height=\"225\" class=\"wp-image-16182\" src=\"https:\/\/zecovalve.com\/wp-content\/uploads\/2022\/06\/carbon-steel-gate-valve-300x225.jpg\" alt=\"Absperrschieber aus Kohlenstoffstahl\" srcset=\"https:\/\/zecovalve.com\/wp-content\/uploads\/2022\/06\/carbon-steel-gate-valve-300x225.jpg 300w, https:\/\/zecovalve.com\/wp-content\/uploads\/2022\/06\/carbon-steel-gate-valve-768x576.jpg 768w, https:\/\/zecovalve.com\/wp-content\/uploads\/2022\/06\/carbon-steel-gate-valve-600x450.jpg 600w, https:\/\/zecovalve.com\/wp-content\/uploads\/2022\/06\/carbon-steel-gate-valve.jpg 800w\" sizes=\"auto, (max-width: 300px) 100vw, 300px\" \/><\/figure>\r\n\r\n\r\n<div class=\"gb-button-wrapper gb-button-wrapper-6d8495a3\">\r\n\r\n\r\n<p><a class=\"gb-button gb-button-3d442e11 gb-button-text\" href=\"https:\/\/zecovalve.com\/de\/contact\/\" target=\"_blank\" rel=\"noopener noreferrer\"><strong>PREIS F\u00dcR SCHIEBERVENTILE AUS KOHLENSTOFFSTAHL ERHALTEN<\/strong><\/a><\/p>\r\n<\/div>\r\n\r\n\r\n\r\n\r\n<h2 class=\"wp-block-heading\" id=\"h-what-is-a-carbon-steel-gate-valve\">Was ist ein Absperrschieber aus Kohlenstoffstahl?<\/h2>\r\n\r\n\r\n\r\n<p>ZECO-Schieber aus Kohlenstoffstahl sind bestrebt, den Benutzern ein Produktdesign mit der l\u00e4ngsten und zuverl\u00e4ssigsten Dichtungsleistung \u00fcber die gesamte Lebensdauer hinweg zu bieten. Sie verwenden ein Design in voller Gr\u00f6\u00dfe, das API 6D, API 600 sowie den Designanforderungen von BS 1414 und EN 1984 entspricht. ZECO-K\u00f6rper und -Haube bestehen aus insgesamt drei Kohlenstoffstahlmaterialien: ASTM A216 WCA, ASTM A216 WCB und ASTM A216 WCC. Das am h\u00e4ufigsten verwendete Material ist ASTM A216 WCB. Der geeignete Temperaturbereich liegt zwischen \u201329 \u00b0C und 425 \u00b0C. Aufgrund der geringen Festigkeit von Graphit wird Kohlenstoffstahl bei hohen Temperaturen stark angegriffen. Die Festigkeit von Kohlenstoffstahl bei hohen Temperaturen wird stark reduziert und die Spr\u00f6digkeit nimmt zu.<\/p>\r\n\r\n\r\n\r\n<p>K\u00f6rper und Hauben sind hochwertig gegossen und anschlie\u00dfend pr\u00e4zise bearbeitet, um Spannungskonzentrationen vorzubeugen. Die K\u00f6rper von Schiebern aus Kohlenstoffstahl bestehen aus einem geraden Durchgang, der minimale Turbulenzen und Str\u00f6mungswiderstand garantiert. In beiden Ausf\u00fchrungen, verschraubte Haube und Druckdichtung, bestehen die K\u00f6rper aus F\u00fchrungsschlitzen, um den Keil beim \u00d6ffnen oder Schlie\u00dfen des Ventils aufzunehmen. Hauben bestehen entweder nur aus einem St\u00fcck \u2013 das Joch ist dann ein integraler Bestandteil davon \u2013 oder aus zwei Teilen, je nach Gr\u00f6\u00dfe des Schiebers aus Kohlenstoffstahl. Dies gew\u00e4hrleistet die perfekte Ausrichtung mit dem K\u00f6rper, was zu einem genauen \u00d6ffnen und Schlie\u00dfen f\u00fchrt.<\/p>\r\n\r\n\r\n\r\n<h2 class=\"wp-block-heading\" id=\"h-features-of-carbon-steel-gate-valve\">Merkmale des Absperrschiebers aus Kohlenstoffstahl:<\/h2>\r\n\r\n\r\n\r\n<ul class=\"wp-block-list\">\r\n<li>Das Kohlenstoffstahlmaterial des ZECO-Schiebers aus Kohlenstoffstahl wird nach strenger chemischer und mechanischer Analyse importiert. ASTM A216 WCB hat eine Zugfestigkeit von 485 bis 655 MPa, eine Streckgrenze von mehr als 250 MPa, eine Dehnung von mehr als 221 TP3T und eine Querschnittsschrumpfung von mehr als 351 TP3T;<\/li>\r\n<li>Das ZECO-Schieberventil aus Kohlenstoffstahl verf\u00fcgt \u00fcber ein Axiallagerdesign an der Schaftmutter f\u00fcr einfaches und flexibles \u00d6ffnen des Ventils.<\/li>\r\n<li>Der ZECO-Schieber aus Kohlenstoffstahl ist mit einer abgedichteten Struktur am oberen Ende der Haube ausgestattet, die es dem Wartungspersonal erm\u00f6glicht, die Packung w\u00e4hrend der Wartung sicher auszutauschen, ohne dass Leckagen entstehen. Auf diese Weise wird ein gr\u00f6\u00dferes Leckagerisiko durch den Austausch der Packung vermieden.<\/li>\r\n<li>Beim \u00d6ffnen oder Schlie\u00dfen des ZECO-Schiebers aus Kohlenstoffstahl ist der Keil immer in der F\u00fchrungsschiene des Ventilk\u00f6rpers befestigt. Wenn keine F\u00fchrungsschiene des Ventilk\u00f6rpers vorhanden ist, bleibt der Schieber beim \u00d6ffnen oder Schlie\u00dfen h\u00e4ngen und wird unbrauchbar.<\/li>\r\n<li>Sitzfl\u00e4che aus Legierung, hartbeschichtet, geschliffen und auf Hochglanz gel\u00e4ppt;<\/li>\r\n<li>Flexibler Keil mit niedrigem Keilkontakt im Mittelschaft, aus massivem CA15 (13Cr) oder mit 13Cr, SS 316, Monel oder Legierung gepanzert. Der Keil ist geschliffen und auf Hochglanz gel\u00e4ppt und wird fest gef\u00fchrt, um Schleifen und Sitzsch\u00e4den zu verhindern. Ein mit Legierung gepanzerter CF8M-Keil ist ebenfalls erh\u00e4ltlich;<\/li>\r\n<li>Nicht rotierender Schaft mit pr\u00e4zisem Acme-Gewinde und br\u00fcniertem Finish. Doppeltes Acme f\u00fcr schnelleren Betrieb;<\/li>\r\n<li>Karosserie- und Motorhaubenverbindung pr\u00e4zise bearbeitet;<\/li>\r\n<li>Geh\u00e4use- und Oberteilgussteile sind pr\u00e4zisionsgefertigt. Einteiliges Oberteil bis NPS 12 (DN 300) f\u00fcr bessere Ausrichtung und weniger Teile;<\/li>\r\n<li>Optionale Feststellvorrichtung oder Schaftverl\u00e4ngerung;<\/li>\r\n<li>Optionale Direktmontage nach ISO 5211.<\/li>\r\n<\/ul>\r\n\r\n\r\n\r\n<h2 class=\"wp-block-heading\" id=\"h-product-range-of-carbon-steel-gate-valve\">Produktpalette an Absperrschiebern aus Kohlenstoffstahl<\/h2>\r\n\r\n\r\n\r\n<figure class=\"wp-block-table is-style-stripes\">\r\n<table>\r\n<tbody>\r\n<tr>\r\n<td>GR\u00d6SSEN<\/td>\r\n<td>2\u2033 - 48\u2033<\/td>\r\n<\/tr>\r\n<tr>\r\n<td>DRUCK<\/td>\r\n<td>150# - 2500#<\/td>\r\n<\/tr>\r\n<tr>\r\n<td>MATERIALQUALIT\u00c4TEN<\/td>\r\n<td>WCB, WCC, LCB, LCC usw.<\/td>\r\n<\/tr>\r\n<tr>\r\n<td>ENDE DER VERBINDUNG<\/td>\r\n<td>RF, RTJ, BW usw.<\/td>\r\n<\/tr>\r\n<tr>\r\n<td>VERKLEIDUNGSMATERIALIEN<\/td>\r\n<td>TRIM 5, 8, 12, 16 und Sondermaterialien<\/td>\r\n<\/tr>\r\n<tr>\r\n<td>BETRIEB<\/td>\r\n<td>Handrad, Getriebe, elektrischer Antrieb, pneumatischer Antrieb usw.<\/td>\r\n<\/tr>\r\n<tr>\r\n<td>OPTIONEN<\/td>\r\n<td>NACE, Kegelr\u00e4der, bet\u00e4tigungsbereite Montagepads, DTR-Systeme mit thermischer Entlastung, doppelter F\u00fchrungsschaft f\u00fcr schnelle Laufzeit<\/td>\r\n<\/tr>\r\n<tr>\r\n<td>MERKMALE<\/td>\r\n<td>OS&amp;Y, steigende Spindel, flexibler Keil, verschraubte Haube, Stopfpackung und Dichtung (geringe fl\u00fcchtige Emissionen) *Auch in unserer Contractor-Serie 2\u201d\u201312\u201d erh\u00e4ltlich<\/td>\r\n<\/tr>\r\n<\/tbody>\r\n<\/table>\r\n<\/figure>\r\n\r\n\r\n\r\n<h2 class=\"wp-block-heading\">Ventilgeh\u00e4usematerialien von Absperrschiebern aus Kohlenstoffstahl<\/h2>\r\n\r\n\r\n\r\n<figure class=\"wp-block-table\">\r\n<table>\r\n<tbody>\r\n<tr>\r\n<td>ASTM-Spezifikation<\/td>\r\n<td>Werkstoffbezeichnung<\/td>\r\n<td>Arbeitstemperatur \u2103<\/td>\r\n<\/tr>\r\n<tr>\r\n<td>A216 WCB \/ A216 WCC<\/td>\r\n<td>Kohlenstoffstahl<\/td>\r\n<td>538 Maximal<\/td>\r\n<\/tr>\r\n<tr>\r\n<td>A217 WC1<\/td>\r\n<td>C \u2013 1\/2 Mo<\/td>\r\n<td>538 Maximal<\/td>\r\n<\/tr>\r\n<tr>\r\n<td>A217 WC6<\/td>\r\n<td>1 1\/4 Cr - 1\/2 Mo<\/td>\r\n<td>593 Maximal<\/td>\r\n<\/tr>\r\n<tr>\r\n<td>A217 WC9<\/td>\r\n<td>2 1\/4 Cr \u2013 1 Mo<\/td>\r\n<td>593 Maximal<\/td>\r\n<\/tr>\r\n<tr>\r\n<td>A217 C5<\/td>\r\n<td>5Cr \u2013 1\/2 Mo<\/td>\r\n<td>649 Maximal<\/td>\r\n<\/tr>\r\n<tr>\r\n<td>A217 C12<\/td>\r\n<td>9Cr \u2013 1 Mo<\/td>\r\n<td>649 Maximal<\/td>\r\n<\/tr>\r\n<tr>\r\n<td>A352 LCB<\/td>\r\n<td>Kohlenstoffstahl<\/td>\r\n<td>-46 Mindestens<\/td>\r\n<\/tr>\r\n<tr>\r\n<td>A352 LCC<\/td>\r\n<td>Kohlenstoffstahl<\/td>\r\n<td>-46 Mindestens<\/td>\r\n<\/tr>\r\n<tr>\r\n<td>A352 LC1<\/td>\r\n<td>C \u2013 1\/2 Mo<\/td>\r\n<td>-59 Mindestens<\/td>\r\n<\/tr>\r\n<tr>\r\n<td>A352 LC2<\/td>\r\n<td>2 1\/2 Ni \u2013 100<\/td>\r\n<td>-73 Mindestens<\/td>\r\n<\/tr>\r\n<tr>\r\n<td>A352 LC3<\/td>\r\n<td>3 1\/2 Ni \u2013 150<\/td>\r\n<td>-101 Mindestens<\/td>\r\n<\/tr>\r\n<\/tbody>\r\n<\/table>\r\n<\/figure>","protected":false},"excerpt":{"rendered":"<p>Die Produktlinie der ZECO-Schieber aus Kohlenstoffstahl umfasst 1\/2\u201d-48\u201d, ANSI-Druckklasse 150# \u2013 300# \u2013 600# \u2013 900# \u2013 1500# \u2013 \u2026 <a title=\"Absperrschieber aus Kohlenstoffstahl\" class=\"read-more\" href=\"https:\/\/zecovalve.com\/de\/produkt\/carbon-steel-gate-valve\" aria-label=\"Mehr zu Carbon Steel Gate Valve\">Weiterlesen ...<\/a><\/p>","protected":false},"featured_media":27880,"comment_status":"closed","ping_status":"closed","template":"","meta":{"_generate-full-width-content":"","kt_blocks_editor_width":""},"product_cat":[2052,2454],"product_tag":[2798],"class_list":["post-16181","product","type-product","status-publish","has-post-thumbnail","hentry","product_cat-gate-valve","product_cat-gate-valve-by-material","product_tag-osy-valve","sales-flash-overlay","woocommerce-text-align-center","woocommerce-image-align-center","do-quantity-buttons"],"featured_image_src_large":["https:\/\/zecovalve.com\/wp-content\/uploads\/2022\/06\/Carbon-Steel-Gate-Valve-1.jpg",800,600,false],"author_info":[],"comment_info":0,"taxonomy_info":{"product_cat":[{"value":2052,"label":"Gate Valve"},{"value":2454,"label":"Gate Valve By Material"}],"product_tag":[{"value":2798,"label":"OS&amp;Y Valve"}]},"yoast_head":"<!-- This site is optimized with the Yoast SEO Premium plugin v15.4 - https:\/\/yoast.com\/wordpress\/plugins\/seo\/ -->\n<title>Carbon Steel Gate Valve - Carbon Steel Valve | ZECO Valve<\/title>\n<meta name=\"robots\" content=\"index, follow, max-snippet:-1, max-image-preview:large, max-video-preview:-1\" \/>\n<link rel=\"canonical\" href=\"https:\/\/zecovalve.com\/de\/produkt\/carbon-steel-gate-valve\" \/>\n<meta property=\"og:locale\" content=\"de_DE\" \/>\n<meta property=\"og:type\" content=\"article\" \/>\n<meta property=\"og:title\" content=\"Carbon Steel Gate Valve - Carbon Steel Valve | ZECO Valve\" \/>\n<meta property=\"og:description\" content=\"ZECO carbon steel gate valve product line includes 1\/2\u201d-48\u201d, ANSI Pressure class 150# &#8211; 300# &#8211; 600# &#8211; 900# &#8211; 1500# &#8211; ... Weiterlesen ...\" \/>\n<meta property=\"og:url\" content=\"https:\/\/zecovalve.com\/de\/produkt\/carbon-steel-gate-valve\" \/>\n<meta property=\"og:site_name\" content=\"ZECO Valve\" \/>\n<meta property=\"article:modified_time\" content=\"2023-06-15T12:40:17+00:00\" \/>\n<meta property=\"og:image\" content=\"https:\/\/zecovalve.com\/wp-content\/uploads\/2022\/06\/Carbon-Steel-Gate-Valve-1.jpg\" \/>\n\t<meta property=\"og:image:width\" content=\"800\" \/>\n\t<meta property=\"og:image:height\" content=\"600\" \/>\n<meta name=\"twitter:card\" content=\"summary_large_image\" \/>\n<meta name=\"twitter:label1\" content=\"Verfasst von\">\n\t<meta name=\"twitter:data1\" content=\"Jerry\">\n\t<meta name=\"twitter:label2\" content=\"Gesch\u00e4tzte Lesezeit\">\n\t<meta name=\"twitter:data2\" content=\"3\u00a0Minuten\">\n<script type=\"application\/ld+json\" class=\"yoast-schema-graph\">{\"@context\":\"https:\/\/schema.org\",\"@graph\":[{\"@type\":\"WebSite\",\"@id\":\"https:\/\/zecovalve.com\/#website\",\"url\":\"https:\/\/zecovalve.com\/\",\"name\":\"ZECO Valve\",\"description\":\"Industrial Ball Valve, Gate Valve and Globe Valve Manufacturer\",\"potentialAction\":[{\"@type\":\"SearchAction\",\"target\":\"https:\/\/zecovalve.com\/?s={search_term_string}\",\"query-input\":\"required name=search_term_string\"}],\"inLanguage\":\"de\"},{\"@type\":\"ImageObject\",\"@id\":\"https:\/\/zecovalve.com\/product\/carbon-steel-gate-valve#primaryimage\",\"inLanguage\":\"de\",\"url\":\"https:\/\/zecovalve.com\/wp-content\/uploads\/2022\/06\/Carbon-Steel-Gate-Valve-1.jpg\",\"width\":800,\"height\":600,\"caption\":\"Carbon Steel Gate Valve\"},{\"@type\":\"WebPage\",\"@id\":\"https:\/\/zecovalve.com\/product\/carbon-steel-gate-valve#webpage\",\"url\":\"https:\/\/zecovalve.com\/product\/carbon-steel-gate-valve\",\"name\":\"Carbon Steel Gate Valve - Carbon Steel Valve | ZECO Valve\",\"isPartOf\":{\"@id\":\"https:\/\/zecovalve.com\/#website\"},\"primaryImageOfPage\":{\"@id\":\"https:\/\/zecovalve.com\/product\/carbon-steel-gate-valve#primaryimage\"},\"datePublished\":\"2022-06-19T15:12:21+00:00\",\"dateModified\":\"2023-06-15T12:40:17+00:00\",\"breadcrumb\":{\"@id\":\"https:\/\/zecovalve.com\/product\/carbon-steel-gate-valve#breadcrumb\"},\"inLanguage\":\"de\",\"potentialAction\":[{\"@type\":\"ReadAction\",\"target\":[\"https:\/\/zecovalve.com\/product\/carbon-steel-gate-valve\"]}]},{\"@type\":\"BreadcrumbList\",\"@id\":\"https:\/\/zecovalve.com\/product\/carbon-steel-gate-valve#breadcrumb\",\"itemListElement\":[{\"@type\":\"ListItem\",\"position\":1,\"item\":{\"@type\":\"WebPage\",\"@id\":\"https:\/\/zecovalve.com\/\",\"url\":\"https:\/\/zecovalve.com\/\",\"name\":\"Home\"}},{\"@type\":\"ListItem\",\"position\":2,\"item\":{\"@type\":\"WebPage\",\"@id\":\"https:\/\/zecovalve.com\/product-category\",\"url\":\"https:\/\/zecovalve.com\/product-category\",\"name\":\"Industrial Valve Manufacturer | Water Valve Manufacturer\"}},{\"@type\":\"ListItem\",\"position\":3,\"item\":{\"@type\":\"WebPage\",\"@id\":\"https:\/\/zecovalve.com\/product\/carbon-steel-gate-valve\",\"url\":\"https:\/\/zecovalve.com\/product\/carbon-steel-gate-valve\",\"name\":\"Carbon Steel Gate Valve\"}}]}]}<\/script>\n<!-- \/ Yoast SEO Premium plugin. -->","_links":{"self":[{"href":"https:\/\/zecovalve.com\/de\/wp-json\/wp\/v2\/product\/16181","targetHints":{"allow":["GET"]}}],"collection":[{"href":"https:\/\/zecovalve.com\/de\/wp-json\/wp\/v2\/product"}],"about":[{"href":"https:\/\/zecovalve.com\/de\/wp-json\/wp\/v2\/types\/product"}],"replies":[{"embeddable":true,"href":"https:\/\/zecovalve.com\/de\/wp-json\/wp\/v2\/comments?post=16181"}],"wp:featuredmedia":[{"embeddable":true,"href":"https:\/\/zecovalve.com\/de\/wp-json\/wp\/v2\/media\/27880"}],"wp:attachment":[{"href":"https:\/\/zecovalve.com\/de\/wp-json\/wp\/v2\/media?parent=16181"}],"wp:term":[{"taxonomy":"product_cat","embeddable":true,"href":"https:\/\/zecovalve.com\/de\/wp-json\/wp\/v2\/product_cat?post=16181"},{"taxonomy":"product_tag","embeddable":true,"href":"https:\/\/zecovalve.com\/de\/wp-json\/wp\/v2\/product_tag?post=16181"}],"curies":[{"name":"wp","href":"https:\/\/api.w.org\/{rel}","templated":true}]}}