{"id":16188,"date":"2022-06-19T15:33:39","date_gmt":"2022-06-19T15:33:39","guid":{"rendered":"https:\/\/zecovalve.com\/?post_type=product&#038;p=16188"},"modified":"2023-06-16T13:39:22","modified_gmt":"2023-06-16T13:39:22","slug":"high-temperature-check-valve","status":"publish","type":"product","link":"https:\/\/zecovalve.com\/de\/produkt\/high-temperature-check-valve","title":{"rendered":"Hochtemperatur-R\u00fcckschlagventil"},"content":{"rendered":"<figure class=\"wp-block-image alignnone size-medium wp-image-16189\"><img loading=\"lazy\" decoding=\"async\" class=\"alignnone wp-image-27914 size-medium\" src=\"https:\/\/zecovalve.com\/wp-content\/uploads\/2022\/06\/High-Temperature-Check-Valve-1-300x225.jpg\" alt=\"Hochtemperatur-R\u00fcckschlagventil\" width=\"300\" height=\"225\" srcset=\"https:\/\/zecovalve.com\/wp-content\/uploads\/2022\/06\/High-Temperature-Check-Valve-1-300x225.jpg 300w, https:\/\/zecovalve.com\/wp-content\/uploads\/2022\/06\/High-Temperature-Check-Valve-1-768x576.jpg 768w, https:\/\/zecovalve.com\/wp-content\/uploads\/2022\/06\/High-Temperature-Check-Valve-1-600x450.jpg 600w, https:\/\/zecovalve.com\/wp-content\/uploads\/2022\/06\/High-Temperature-Check-Valve-1.jpg 800w\" sizes=\"auto, (max-width: 300px) 100vw, 300px\" \/><\/figure>\r\n\r\n\r\n<div class=\"gb-button-wrapper gb-button-wrapper-6d8495a3\">\r\n\r\n\r\n<p><a class=\"gb-button gb-button-3d442e11 gb-button-text\" href=\"mailto:commercial@zecovalve.com\" target=\"_blank\" rel=\"noopener noreferrer\"><strong>PREIS F\u00dcR HOCHTEMPERATUR-R\u00dcCKSCHLAGVENTIL ERHALTEN<\/strong><\/a><\/p>\r\n<\/div>\r\n\r\n\r\n\r\n\r\n<h2 class=\"wp-block-heading\" id=\"h-what-is-a-high-temperature-valve\">Was ist ein Hochtemperaturventil?<\/h2>\r\n\r\n\r\n\r\n<p>Bei der Auswahl eines Ventildesigns und eines Materials muss die Betriebstemperatur des Ventils mit dem Ventilk\u00f6rper und den Materialien der Innengarnitur kompatibel sein. Hochtemperaturventile werden in der Petrochemie, Chemie, D\u00fcngemittelindustrie, Stromerzeugung und Metallurgie eingesetzt. Die Materialeigenschaften von Nichteisenmetallen, Kohlenstoffstahl und Legierungssorten werden entsprechend den Grenzen des Materials angegeben. Bronze beispielsweise darf 550 \u00b0F nicht \u00fcberschreiten und gilt daher nicht als Hochtemperatur. Hochtemperatursorten sind:<\/p>\r\n\r\n\r\n\r\n<h3 class=\"wp-block-heading\">Unterhohe Temperatur<\/h3>\r\n\r\n\r\n\r\n<p>Bei Subhochtemperaturventilen liegt die Betriebstemperatur des Ventils zwischen 625 und 800 Grad Fahrenheit.<\/p>\r\n\r\n\r\n\r\n<p>WCB, WCC, A105, WC6 und WC9 werden haupts\u00e4chlich f\u00fcr korrosive Anwendungen in diesem Bereich verwendet: C5, CF8, CF3, CF8M und CF3M werden verwendet<\/p>\r\n\r\n\r\n\r\n<h3 class=\"wp-block-heading\">Hochtemperaturstufe I<\/h3>\r\n\r\n\r\n\r\n<p>Hochtemperaturstufe I ist die Betriebstemperatur des Ventils im Bereich zwischen 800 und 1025 Grad Fahrenheit.<\/p>\r\n\r\n\r\n\r\n<p>Die Materialien in diesem Bereich basieren auf CF8-Edelstahl der ASTM A351-Familie.<\/p>\r\n\r\n\r\n\r\n<h3 class=\"wp-block-heading\">Hochtemperaturstufe II und Stufe III<\/h3>\r\n\r\n\r\n\r\n<p>Hochtemperaturstufe II und Stufe III liegen innerhalb der Arbeitstemperaturen des Ventils im Bereich zwischen 1025\u00b0F und 1350\u00b0F.<\/p>\r\n\r\n\r\n\r\n<p>Die Materialien in diesem Bereich basieren auf CF8-Edelstahl der ASTM A351-Familie.<\/p>\r\n\r\n\r\n\r\n<p>Bei Temperaturen \u00fcber 1350 \u00b0F wird die Betriebstemperatur des Ventils als Hochtemperaturklasse IV und Klasse V eingestuft. Dies erfordert anwendungsspezifische Empfehlungen und kann nicht routinem\u00e4\u00dfig angegeben werden, da das Druck-Temperatur-Niveau zu plastischen Verformungen f\u00fchren kann.<\/p>\r\n\r\n\r\n\r\n<h3 class=\"wp-block-heading\">Druck-\/Temperaturmatrix<\/h3>\r\n\r\n\r\n\r\n<p>Ventile aus Gussstahl oder Schmiedestahl k\u00f6nnen aus Kohlenstoffstahl oder Edelstahllegierungen hergestellt werden und die Ventile sind f\u00fcr Temperaturen von 1000 \u00b0F bei bis zu 10.000 psi geeignet. Diese Ventile werden mit vollgepanzerten Metall-Metall-Sitzen oder verschiedenen Chrom-Molybd\u00e4n-Legierungen und exotischen Materialien wie Monel 400, Hastelloy C276, Inconel 600 und Inconel 625 hergestellt.<\/p>\r\n\r\n\r\n\r\n<p>Wie werden Ventile hinsichtlich Druck und Temperatur spezifiziert?<\/p>\r\n\r\n\r\n\r\n<p>Die Druck-Temperatur-Tabelle ASME B16.34 gruppiert Materialien nach Druck und Temperatur f\u00fcr die empfohlene Anwendung.<\/p>\r\n\r\n\r\n\r\n<h2 class=\"wp-block-heading\">Materialien f\u00fcr Hochtemperaturgruppen<\/h2>\r\n\r\n\r\n\r\n<p>Beispielsweise gibt es f\u00fcr Schieber, Kugelh\u00e4hne, R\u00fcckschlagventile und R\u00fcckschlagventile empfohlene Materialkombinationen auf Grundlage der Druck-Temperatur-Tabelle ASME B16.34. SA 182 F11, SA 182 F22, SA 182 F316, ASTM A351 CF8M, A 351 CN7M, C-276, A217 WC6, A217 WC9, A216 WCB, A352 LCB, A352 LCC, A352 LC2, A352 LC3, A217 WC1, A217 WC4, A217 WC6, A217 WC9, A 217 C5 weisen alle unterschiedliche Eigenschaften hinsichtlich Druck, Temperatur und Korrosionsbest\u00e4ndigkeit auf.<\/p>\r\n\r\n\r\n\r\n<p>Ein weiterer Faktor, der die Ventilbeschr\u00e4nkungen bestimmt, sind Packungs- und Dichtungsmaterialien, die aus Grafoil oder Graphit f\u00fcr h\u00f6here Temperaturen, Teflon f\u00fcr Temperaturen unter 260 \u00b0C (500 \u00b0F) und zwei- und dreilagigen Monel-Faltenb\u00e4lgen f\u00fcr hohe Temperaturen bestehen k\u00f6nnen.<\/p>\r\n\r\n\r\n\r\n<h2 class=\"wp-block-heading\" id=\"h-features-of-high-temperature-check-valve\">Merkmale des Hochtemperatur-R\u00fcckschlagventils<\/h2>\r\n\r\n\r\n\r\n<ul class=\"wp-block-list\">\r\n<li>F\u00fcr extrem hohe Temperaturen oder kryogene Anwendungen k\u00f6nnen Ventile mit Hochtemperaturverl\u00e4ngerungen ausgestattet werden.<\/li>\r\n<li>Dabei wird die Stopfpackung aus dem Hoch- bzw. Niedertemperatur-Ventilk\u00f6rper entfernt.<\/li>\r\n<li>Ventilk\u00f6rper aus Edelstahl AISI 316Ti.<\/li>\r\n<li>Zweiteiliger Schaft mit nicht rotierendem unteren Schaft erh\u00f6ht die Lebensdauer von Packung und Sitz.<\/li>\r\n<li>Gro\u00dfer Griff f\u00fcr einfache Bedienung bei h\u00f6chstem Druck. Minimales erforderliches Drehmoment und keine Spielprobleme.<\/li>\r\n<li>Auslaufsicher bei Gasen und Fl\u00fcssigkeiten.<\/li>\r\n<li>Inerter Packungsring aus PTFE oder Silber.<\/li>\r\n<li>Sicherheitsablaufl\u00f6cher an Schlauchverbindungen und Dichtungen.<\/li>\r\n<li>Anschl\u00fcsse f\u00fcr z\u00f6llige und metrische SITEC HD-Rohre.<\/li>\r\n<li>Betriebstemperatur der Fl\u00fcssigkeit: \u2013200 \u00b0C (\u2013300 \u00b0F) bis +300 \u00b0C (570 \u00b0F). Mit K\u00fchlmantel an der Hochtemperaturverl\u00e4ngerung bis +450 \u00b0C.<\/li>\r\n<li>Alle unsere Ventile sind mit Stopfbuchsen und Manschetten ausgestattet.<\/li>\r\n<li>Alle Ventile sind werksgepr\u00fcft und kurzfristig lieferbar.<\/li>\r\n<\/ul>\r\n\r\n\r\n\r\n<h2 class=\"wp-block-heading\" id=\"h-material-of-high-temperature-check-valve\">Material des Hochtemperatur-R\u00fcckschlagventils<\/h2>\r\n\r\n\r\n\r\n<figure class=\"wp-block-table\">\r\n<table>\r\n<tbody>\r\n<tr>\r\n<td>Nein<\/td>\r\n<td>Teil<\/td>\r\n<td>Material<\/td>\r\n<\/tr>\r\n<tr>\r\n<td>1<\/td>\r\n<td>K\u00f6rper<\/td>\r\n<td>ASTM A217 WC9<\/td>\r\n<\/tr>\r\n<tr>\r\n<td>2<\/td>\r\n<td>Sitz<\/td>\r\n<td>ASTM A182 F22 + STL<\/td>\r\n<\/tr>\r\n<tr>\r\n<td>3<\/td>\r\n<td>Scheibe<\/td>\r\n<td>ASTM A217 WC9 +STL<\/td>\r\n<\/tr>\r\n<tr>\r\n<td>4<\/td>\r\n<td>Arm<\/td>\r\n<td>ASTM A217 WC9<\/td>\r\n<\/tr>\r\n<tr>\r\n<td>5<\/td>\r\n<td>Nuss<\/td>\r\n<td>ASTM A194 4<\/td>\r\n<\/tr>\r\n<tr>\r\n<td>6<\/td>\r\n<td>Stift<\/td>\r\n<td>ASTM A182 F6a<\/td>\r\n<\/tr>\r\n<tr>\r\n<td>7<\/td>\r\n<td>Verbinder<\/td>\r\n<td>ASTM A217 WC9<\/td>\r\n<\/tr>\r\n<tr>\r\n<td>8<\/td>\r\n<td>Dichtung<\/td>\r\n<td>Graphit + SS316<\/td>\r\n<\/tr>\r\n<tr>\r\n<td>9<\/td>\r\n<td>Motorhaube<\/td>\r\n<td>ASTM A217 WC9<\/td>\r\n<\/tr>\r\n<tr>\r\n<td>10<\/td>\r\n<td>Schraube<\/td>\r\n<td>ASTM A193 B16<\/td>\r\n<\/tr>\r\n<\/tbody>\r\n<\/table>\r\n<\/figure>","protected":false},"excerpt":{"rendered":"<p>Was ist ein Hochtemperaturventil? Bei der Auswahl eines Ventildesigns und der Materialauswahl sollte die Betriebstemperatur des Ventils \u2026 <a title=\"Hochtemperatur-R\u00fcckschlagventil\" class=\"read-more\" href=\"https:\/\/zecovalve.com\/de\/produkt\/high-temperature-check-valve\" aria-label=\"Mehr zu Hochtemperatur-R\u00fcckschlagventil\">Weiterlesen ...<\/a><\/p>","protected":false},"featured_media":27914,"comment_status":"closed","ping_status":"closed","template":"","meta":{"_generate-full-width-content":"","kt_blocks_editor_width":""},"product_cat":[2455,2067],"product_tag":[2657,2661,2660],"class_list":["post-16188","product","type-product","status-publish","has-post-thumbnail","hentry","product_cat-check-valve","product_cat-swing-check-valve","product_tag-non-return-valve","product_tag-nrv-valve","product_tag-swing-check-valve","sales-flash-overlay","woocommerce-text-align-center","woocommerce-image-align-center","do-quantity-buttons"],"featured_image_src_large":["https:\/\/zecovalve.com\/wp-content\/uploads\/2022\/06\/High-Temperature-Check-Valve-1.jpg",800,600,false],"author_info":[],"comment_info":0,"taxonomy_info":{"product_cat":[{"value":2455,"label":"Check Valve"},{"value":2067,"label":"Swing Check Valve"}],"product_tag":[{"value":2657,"label":"Non Return Valve"},{"value":2661,"label":"NRV Valve"},{"value":2660,"label":"Swing Check Valve"}]},"yoast_head":"<!-- This site is optimized with the Yoast SEO Premium plugin v15.4 - https:\/\/yoast.com\/wordpress\/plugins\/seo\/ -->\n<title>High Temperature Check Valve - High Temperature Valve | ZECO Valve<\/title>\n<meta name=\"robots\" content=\"index, follow, max-snippet:-1, max-image-preview:large, max-video-preview:-1\" \/>\n<link rel=\"canonical\" href=\"https:\/\/zecovalve.com\/de\/produkt\/high-temperature-check-valve\" \/>\n<meta property=\"og:locale\" content=\"de_DE\" \/>\n<meta property=\"og:type\" content=\"article\" \/>\n<meta property=\"og:title\" content=\"High Temperature Check Valve - High Temperature Valve | ZECO Valve\" \/>\n<meta property=\"og:description\" content=\"What is a High Temperature Valve? When choosing a valve design and material selection, the working temperature of the valve should be ... Weiterlesen ...\" \/>\n<meta property=\"og:url\" content=\"https:\/\/zecovalve.com\/de\/produkt\/high-temperature-check-valve\" \/>\n<meta property=\"og:site_name\" content=\"ZECO Valve\" \/>\n<meta property=\"article:modified_time\" content=\"2023-06-16T13:39:22+00:00\" \/>\n<meta property=\"og:image\" content=\"https:\/\/zecovalve.com\/wp-content\/uploads\/2022\/06\/High-Temperature-Check-Valve-1.jpg\" \/>\n\t<meta property=\"og:image:width\" content=\"800\" \/>\n\t<meta property=\"og:image:height\" content=\"600\" \/>\n<meta name=\"twitter:card\" content=\"summary_large_image\" \/>\n<meta name=\"twitter:label1\" content=\"Verfasst von\">\n\t<meta name=\"twitter:data1\" content=\"Jerry\">\n\t<meta name=\"twitter:label2\" content=\"Gesch\u00e4tzte Lesezeit\">\n\t<meta name=\"twitter:data2\" content=\"2\u00a0Minuten\">\n<script type=\"application\/ld+json\" class=\"yoast-schema-graph\">{\"@context\":\"https:\/\/schema.org\",\"@graph\":[{\"@type\":\"WebSite\",\"@id\":\"https:\/\/zecovalve.com\/#website\",\"url\":\"https:\/\/zecovalve.com\/\",\"name\":\"ZECO Valve\",\"description\":\"Industrial Ball Valve, Gate Valve and Globe Valve Manufacturer\",\"potentialAction\":[{\"@type\":\"SearchAction\",\"target\":\"https:\/\/zecovalve.com\/?s={search_term_string}\",\"query-input\":\"required name=search_term_string\"}],\"inLanguage\":\"de\"},{\"@type\":\"ImageObject\",\"@id\":\"https:\/\/zecovalve.com\/product\/high-temperature-check-valve#primaryimage\",\"inLanguage\":\"de\",\"url\":\"https:\/\/zecovalve.com\/wp-content\/uploads\/2022\/06\/High-Temperature-Check-Valve-1.jpg\",\"width\":800,\"height\":600,\"caption\":\"High Temperature Check Valve\"},{\"@type\":\"WebPage\",\"@id\":\"https:\/\/zecovalve.com\/product\/high-temperature-check-valve#webpage\",\"url\":\"https:\/\/zecovalve.com\/product\/high-temperature-check-valve\",\"name\":\"High Temperature Check Valve - High Temperature Valve | ZECO Valve\",\"isPartOf\":{\"@id\":\"https:\/\/zecovalve.com\/#website\"},\"primaryImageOfPage\":{\"@id\":\"https:\/\/zecovalve.com\/product\/high-temperature-check-valve#primaryimage\"},\"datePublished\":\"2022-06-19T15:33:39+00:00\",\"dateModified\":\"2023-06-16T13:39:22+00:00\",\"breadcrumb\":{\"@id\":\"https:\/\/zecovalve.com\/product\/high-temperature-check-valve#breadcrumb\"},\"inLanguage\":\"de\",\"potentialAction\":[{\"@type\":\"ReadAction\",\"target\":[\"https:\/\/zecovalve.com\/product\/high-temperature-check-valve\"]}]},{\"@type\":\"BreadcrumbList\",\"@id\":\"https:\/\/zecovalve.com\/product\/high-temperature-check-valve#breadcrumb\",\"itemListElement\":[{\"@type\":\"ListItem\",\"position\":1,\"item\":{\"@type\":\"WebPage\",\"@id\":\"https:\/\/zecovalve.com\/\",\"url\":\"https:\/\/zecovalve.com\/\",\"name\":\"Home\"}},{\"@type\":\"ListItem\",\"position\":2,\"item\":{\"@type\":\"WebPage\",\"@id\":\"https:\/\/zecovalve.com\/product-category\",\"url\":\"https:\/\/zecovalve.com\/product-category\",\"name\":\"Industrial Valve Manufacturer | Water Valve Manufacturer\"}},{\"@type\":\"ListItem\",\"position\":3,\"item\":{\"@type\":\"WebPage\",\"@id\":\"https:\/\/zecovalve.com\/product\/high-temperature-check-valve\",\"url\":\"https:\/\/zecovalve.com\/product\/high-temperature-check-valve\",\"name\":\"High Temperature Check Valve\"}}]}]}<\/script>\n<!-- \/ Yoast SEO Premium plugin. -->","_links":{"self":[{"href":"https:\/\/zecovalve.com\/de\/wp-json\/wp\/v2\/product\/16188","targetHints":{"allow":["GET"]}}],"collection":[{"href":"https:\/\/zecovalve.com\/de\/wp-json\/wp\/v2\/product"}],"about":[{"href":"https:\/\/zecovalve.com\/de\/wp-json\/wp\/v2\/types\/product"}],"replies":[{"embeddable":true,"href":"https:\/\/zecovalve.com\/de\/wp-json\/wp\/v2\/comments?post=16188"}],"wp:featuredmedia":[{"embeddable":true,"href":"https:\/\/zecovalve.com\/de\/wp-json\/wp\/v2\/media\/27914"}],"wp:attachment":[{"href":"https:\/\/zecovalve.com\/de\/wp-json\/wp\/v2\/media?parent=16188"}],"wp:term":[{"taxonomy":"product_cat","embeddable":true,"href":"https:\/\/zecovalve.com\/de\/wp-json\/wp\/v2\/product_cat?post=16188"},{"taxonomy":"product_tag","embeddable":true,"href":"https:\/\/zecovalve.com\/de\/wp-json\/wp\/v2\/product_tag?post=16188"}],"curies":[{"name":"wp","href":"https:\/\/api.w.org\/{rel}","templated":true}]}}