{"id":16209,"date":"2022-06-19T16:01:25","date_gmt":"2022-06-19T16:01:25","guid":{"rendered":"https:\/\/zecovalve.com\/?post_type=product&#038;p=16209"},"modified":"2022-09-01T00:50:44","modified_gmt":"2022-09-01T00:50:44","slug":"electric-butterfly-valve","status":"publish","type":"product","link":"https:\/\/zecovalve.com\/de\/produkt\/electric-butterfly-valve","title":{"rendered":"Elektrische Absperrklappe"},"content":{"rendered":"<p>Absperrklappen werden h\u00e4ufig mit pneumatischen oder elektrischen Antrieben automatisiert. Ein Antrieb ist ein mechanisches Ger\u00e4t zum Bewegen oder Steuern eines Mechanismus oder Systems. Ein Antrieb (als Teil der bet\u00e4tigten Absperrklappe) ist normalerweise ein mechanisches Ger\u00e4t, das Energie, die normalerweise durch Luft, Elektrizit\u00e4t oder Fl\u00fcssigkeit erzeugt wird, aufnimmt und diese in eine Art Bewegung umwandelt.<\/p>\r\n\r\n\r\n\r\n<figure class=\"wp-block-image alignnone size-medium wp-image-16210\"><img loading=\"lazy\" decoding=\"async\" width=\"300\" height=\"225\" class=\"wp-image-16210\" src=\"https:\/\/zecovalve.com\/wp-content\/uploads\/2022\/06\/electric-butterfly-valve-300x225.jpg\" alt=\"Elektrische Absperrklappe\" srcset=\"https:\/\/zecovalve.com\/wp-content\/uploads\/2022\/06\/electric-butterfly-valve-300x225.jpg 300w, https:\/\/zecovalve.com\/wp-content\/uploads\/2022\/06\/electric-butterfly-valve-768x576.jpg 768w, https:\/\/zecovalve.com\/wp-content\/uploads\/2022\/06\/electric-butterfly-valve-600x450.jpg 600w, https:\/\/zecovalve.com\/wp-content\/uploads\/2022\/06\/electric-butterfly-valve.jpg 800w\" sizes=\"auto, (max-width: 300px) 100vw, 300px\" \/><\/figure>\r\n\r\n\r\n<div class=\"gb-button-wrapper gb-button-wrapper-6d8495a3\">\r\n\r\n\r\n<p><a class=\"gb-button gb-button-3d442e11 gb-button-text\" href=\"mailto:commercial@zecovalve.com\" target=\"_blank\" rel=\"noopener noreferrer\"><strong>PREIS F\u00dcR ELEKTRISCHE ABSPERRKLAPPE ERHALTEN<\/strong><\/a><\/p>\r\n<\/div>\r\n\r\n\r\n\r\n\r\n<h2 class=\"wp-block-heading\" id=\"h-what-is-a-electric-butterfly-valve\">Was ist ein elektrisches Absperrventil?<\/h2>\r\n\r\n\r\n\r\n<p>Sehen Sie sich die ZECO-Reihe elektrisch bet\u00e4tigter Absperrklappen an, die zur Fernsteuerung des Medienflusses verwendet werden. Sie k\u00f6nnen entweder \u00fcber eine Laschen- oder eine Waferverbindung verf\u00fcgen. Der Aktuator \u00f6ffnet oder schlie\u00dft das Ventil mit elektrischem Strom, ben\u00f6tigt jedoch keine Energie, um in diesem Zustand zu bleiben. Die Absperrklappe hat eine Scheibe, die sich mit dem Aktuator dreht, um die Absperrklappe zu \u00f6ffnen oder zu schlie\u00dfen. Das Design der Absperrklappe sorgt f\u00fcr gute Dichtungseigenschaften, Haltbarkeit und Zuverl\u00e4ssigkeit f\u00fcr Ihre Anwendung. Elektrische Aktuatoren lassen sich leicht in ein vorhandenes System einbauen und verkabeln. Es gibt verschiedene Geh\u00e4use, Dichtungen und Gr\u00f6\u00dfen von elektrisch gesteuerten Absperrklappen, sodass Sie das richtige f\u00fcr Ihre Anwendung finden k\u00f6nnen.<\/p>\r\n\r\n\r\n\r\n<p>Die Dichtleistung einer guten Abdichtung im Ventilinneren wird durch Besch\u00e4digung oder normalen Verschlei\u00df beeintr\u00e4chtigt. Bei rauen Arbeitsbedingungen gehen Sch\u00e4tzung und Reparatur \u00fcber den Rahmen dieses Handbuchs hinaus. Aufgrund der Vielzahl unterschiedlicher Bauformen sollten Sie bei Bedarf im Voraus mit dem Hersteller zusammenarbeiten, um eine geeignete Methode zu finden. Die \u00e4u\u00dfere Konstruktion des Ventils l\u00e4sst sich leicht pr\u00fcfen und warten. Daher sollte ein rationaler Ansatz gew\u00e4hlt werden, um mechanische Sch\u00e4den am Ventil zu vermeiden, Korrosion des Ventils durch Ablagerungen in der Atmosph\u00e4re, chemische Substanzen oder feuchte Gase sowie eine Verschlechterung seiner Qualit\u00e4t zu verhindern. Gewinde, Lager oder Zahnr\u00e4der sowie Arbeitsschnittstellen sollten regelm\u00e4\u00dfig geschmiert werden.<\/p>\r\n\r\n\r\n\r\n<h2 class=\"wp-block-heading\">Wie funktioniert ein elektrisches Absperrventil?<\/h2>\r\n\r\n\r\n\r\n<p>Ein Absperrventil ist ein Ventil zur Durchflussregulierung in Rohren mit gro\u00dfem Durchmesser, bei dem die Scheibe die Form einer Scheibe hat. Die Funktionsweise \u00e4hnelt der eines Kugelhahns. In der Mitte des Rohrs befindet sich eine Platte oder Scheibe. Durch die Scheibe verl\u00e4uft eine Stange, die mit einem Stellantrieb an der Au\u00dfenseite des Ventils verbunden ist. Durch Drehen des Stellantriebs wird die Scheibe entweder parallel oder senkrecht zum Durchfluss gedreht. Im Gegensatz zu einem Kugelhahn befindet sich die Scheibe immer im Durchfluss, daher wird unabh\u00e4ngig von der Ventilposition immer ein Druckabfall im Durchfluss verursacht.<\/p>\r\n\r\n\r\n\r\n<p>Ein Absperrklappenantrieb steuert den Gas- oder Fl\u00fcssigkeitsfluss mithilfe einer Scheibe, die sich in einem Rohr um eine diametrale Achse dreht, oder mithilfe zweier halbkreisf\u00f6rmiger Platten, die an einer gemeinsamen Spindel befestigt sind, die den Fluss nur in eine Richtung zul\u00e4sst. Diese bet\u00e4tigten Absperrklappen bieten eine Drehspindelbewegung von 90 Grad oder weniger in einem kompakten Design. Im Gegensatz zu Kugelh\u00e4hnen haben Absperrklappen keine Taschen, in denen sich Fl\u00fcssigkeiten festsetzen k\u00f6nnen, wenn das Ventil geschlossen ist.<\/p>\r\n\r\n\r\n\r\n<h2 class=\"wp-block-heading\" id=\"h-features-of-electric-actuated-butterfly-valve\">Merkmale des elektrisch bet\u00e4tigten Absperrventils<\/h2>\r\n\r\n\r\n\r\n<ul class=\"wp-block-list\">\r\n<li>Sofern keine besonderen Anforderungen vorliegen, wird das elektrische Absperrventil von ZECO normalerweise mit einem deutschen elektrischen Antrieb von AUMA ausgestattet. Um es f\u00fcr lange Zeit in der Rohrleitung verwenden zu k\u00f6nnen, w\u00fcrde ZECO die Qualit\u00e4t nicht \u00fcber den Preis aufs Spiel setzen. Unser Ziel ist es, dem Benutzer die Auswahl von ZECO zu erm\u00f6glichen, weil die Qualit\u00e4t und Zuverl\u00e4ssigkeit der ZECO-Produkte f\u00fcr lange Zeit vom Benutzer verwendet werden kann und die Wartungskosten der Rohrleitung im Langzeitgebrauch gesenkt werden, anstatt einen niedrigen Preis zu haben.<\/li>\r\n<li>Das elektrische Absperrventil von ZECO verf\u00fcgt \u00fcber einen hart abgedichteten Ventilsitz. Die hart abgedichtete Ventilsitzfl\u00e4che kann oberfl\u00e4chengeschwei\u00dft werden, um zu verhindern, dass das Ventil aufgrund einer Besch\u00e4digung des Ventilsitzes und der Dichtfl\u00e4che durch starke Schleifmittel nicht mehr abgedichtet werden kann.<\/li>\r\n<li>Der Schaft des elektrischen Absperrventils von ZECO ist als Ausblasschutz konstruiert, um ein Ausblasen des Schafts bei Wartungsarbeiten zu verhindern.<\/li>\r\n<li>Das Material des elektrischen Absperrventils von ZECO wird gem\u00e4\u00df internationalen Standards hergestellt.<\/li>\r\n<li>Einsparungen bei den Arbeitskr\u00e4ften;<\/li>\r\n<li>Anlagensicherheit;<\/li>\r\n<li>Qualit\u00e4tssicherung der Produkte;<\/li>\r\n<li>Automatische Sequenzierung.<\/li>\r\n<\/ul>\r\n\r\n\r\n\r\n<h2 class=\"wp-block-heading\" id=\"h-material-of-butterfly-valve-with-electric-actuator\">Material der Absperrklappe mit elektrischem Antrieb<\/h2>\r\n\r\n\r\n\r\n<figure class=\"wp-block-table\">\r\n<table>\r\n<tbody>\r\n<tr>\r\n<td>Nein<\/td>\r\n<td>Teil<\/td>\r\n<td>Material<\/td>\r\n<\/tr>\r\n<tr>\r\n<td>1<\/td>\r\n<td>K\u00f6rper<\/td>\r\n<td>ASTM A216 WCB + 13Cr<\/td>\r\n<\/tr>\r\n<tr>\r\n<td>2<\/td>\r\n<td>Dichtungsring<\/td>\r\n<td>Graphit + SS304<\/td>\r\n<\/tr>\r\n<tr>\r\n<td>3<\/td>\r\n<td>Halteflansch<\/td>\r\n<td>ASTM A105<\/td>\r\n<\/tr>\r\n<tr>\r\n<td>4<\/td>\r\n<td>Stift<\/td>\r\n<td>ASTM A276 410<\/td>\r\n<\/tr>\r\n<tr>\r\n<td>5<\/td>\r\n<td>Scheibe<\/td>\r\n<td>ASTM A216 WCB<\/td>\r\n<\/tr>\r\n<tr>\r\n<td>6<\/td>\r\n<td>Vorbau<\/td>\r\n<td>ASTM A276 410<\/td>\r\n<\/tr>\r\n<tr>\r\n<td>7<\/td>\r\n<td>Spindelpackung<\/td>\r\n<td>Graphit<\/td>\r\n<\/tr>\r\n<tr>\r\n<td>8<\/td>\r\n<td>Vorbauklopfen<\/td>\r\n<td>SS304 + PTFE<\/td>\r\n<\/tr>\r\n<tr>\r\n<td>9<\/td>\r\n<td>Schraube<\/td>\r\n<td>ASTM A193 B7<\/td>\r\n<\/tr>\r\n<tr>\r\n<td>10<\/td>\r\n<td>Nuss<\/td>\r\n<td>ASTM A194 2H<\/td>\r\n<\/tr>\r\n<tr>\r\n<td>11<\/td>\r\n<td>Joch<\/td>\r\n<td>ASTM A216 WCB<\/td>\r\n<\/tr>\r\n<\/tbody>\r\n<\/table>\r\n<\/figure>","protected":false},"excerpt":{"rendered":"<p>Absperrklappen werden h\u00e4ufig mit pneumatischen oder elektrischen Antrieben automatisiert. Ein Antrieb ist ein mechanisches Ger\u00e4t zum Bewegen oder Steuern eines Mechanismus \u2026 <a title=\"Elektrische Absperrklappe\" class=\"read-more\" href=\"https:\/\/zecovalve.com\/de\/produkt\/electric-butterfly-valve\" aria-label=\"Mehr zu Electric Butterfly Valve\">Weiterlesen ...<\/a><\/p>","protected":false},"featured_media":16210,"comment_status":"closed","ping_status":"closed","template":"","meta":{"_generate-full-width-content":"","kt_blocks_editor_width":""},"product_cat":[2044,2468,2604],"product_tag":[2766,2727],"class_list":["post-16209","product","type-product","status-publish","has-post-thumbnail","hentry","product_cat-butterfly-valve","product_cat-butterfly-valve-by-drive-mode","product_cat-triple-offset-butterfly-valve","product_tag-motorised-valve","product_tag-motorized-valve","sales-flash-overlay","woocommerce-text-align-center","woocommerce-image-align-center","do-quantity-buttons"],"featured_image_src_large":["https:\/\/zecovalve.com\/wp-content\/uploads\/2022\/06\/electric-butterfly-valve.jpg",800,600,false],"author_info":[],"comment_info":0,"taxonomy_info":{"product_cat":[{"value":2044,"label":"Butterfly Valve"},{"value":2468,"label":"Butterfly Valve By Drive Mode"},{"value":2604,"label":"Triple Offset Butterfly Valve"}],"product_tag":[{"value":2766,"label":"Motorised Valve"},{"value":2727,"label":"Motorized Valve"}]},"yoast_head":"<!-- This site is optimized with the Yoast SEO Premium plugin v15.4 - https:\/\/yoast.com\/wordpress\/plugins\/seo\/ -->\n<title>Electric Butterfly Valve - Electric Actuated Butterfly Valve | ZECO Valve<\/title>\n<meta name=\"robots\" content=\"index, follow, max-snippet:-1, max-image-preview:large, max-video-preview:-1\" \/>\n<link rel=\"canonical\" href=\"https:\/\/zecovalve.com\/de\/produkt\/electric-butterfly-valve\" \/>\n<meta property=\"og:locale\" content=\"de_DE\" \/>\n<meta property=\"og:type\" content=\"article\" \/>\n<meta property=\"og:title\" content=\"Electric Butterfly Valve - Electric Actuated Butterfly Valve | ZECO Valve\" \/>\n<meta property=\"og:description\" content=\"Butterfly valves are often automated with pneumatic or electric actuators. An actuator is a mechanical device for moving or controlling a mechanism ... Weiterlesen ...\" \/>\n<meta property=\"og:url\" content=\"https:\/\/zecovalve.com\/de\/produkt\/electric-butterfly-valve\" \/>\n<meta property=\"og:site_name\" content=\"ZECO Valve\" \/>\n<meta property=\"article:modified_time\" content=\"2022-09-01T00:50:44+00:00\" \/>\n<meta property=\"og:image\" content=\"https:\/\/zecovalve.com\/wp-content\/uploads\/2022\/06\/electric-butterfly-valve.jpg\" \/>\n\t<meta property=\"og:image:width\" content=\"800\" \/>\n\t<meta property=\"og:image:height\" content=\"600\" \/>\n<meta name=\"twitter:card\" content=\"summary_large_image\" \/>\n<meta name=\"twitter:label1\" content=\"Verfasst von\">\n\t<meta name=\"twitter:data1\" content=\"Jerry\">\n\t<meta name=\"twitter:label2\" content=\"Gesch\u00e4tzte Lesezeit\">\n\t<meta name=\"twitter:data2\" content=\"3\u00a0Minuten\">\n<script type=\"application\/ld+json\" class=\"yoast-schema-graph\">{\"@context\":\"https:\/\/schema.org\",\"@graph\":[{\"@type\":\"WebSite\",\"@id\":\"https:\/\/zecovalve.com\/#website\",\"url\":\"https:\/\/zecovalve.com\/\",\"name\":\"ZECO Valve\",\"description\":\"Industrial Ball Valve, Gate Valve and Globe Valve Manufacturer\",\"potentialAction\":[{\"@type\":\"SearchAction\",\"target\":\"https:\/\/zecovalve.com\/?s={search_term_string}\",\"query-input\":\"required name=search_term_string\"}],\"inLanguage\":\"de\"},{\"@type\":\"ImageObject\",\"@id\":\"https:\/\/zecovalve.com\/product\/electric-butterfly-valve#primaryimage\",\"inLanguage\":\"de\",\"url\":\"https:\/\/zecovalve.com\/wp-content\/uploads\/2022\/06\/electric-butterfly-valve.jpg\",\"width\":800,\"height\":600,\"caption\":\"Electric Butterfly Valve\"},{\"@type\":\"WebPage\",\"@id\":\"https:\/\/zecovalve.com\/product\/electric-butterfly-valve#webpage\",\"url\":\"https:\/\/zecovalve.com\/product\/electric-butterfly-valve\",\"name\":\"Electric Butterfly Valve - Electric Actuated Butterfly Valve | ZECO Valve\",\"isPartOf\":{\"@id\":\"https:\/\/zecovalve.com\/#website\"},\"primaryImageOfPage\":{\"@id\":\"https:\/\/zecovalve.com\/product\/electric-butterfly-valve#primaryimage\"},\"datePublished\":\"2022-06-19T16:01:25+00:00\",\"dateModified\":\"2022-09-01T00:50:44+00:00\",\"breadcrumb\":{\"@id\":\"https:\/\/zecovalve.com\/product\/electric-butterfly-valve#breadcrumb\"},\"inLanguage\":\"de\",\"potentialAction\":[{\"@type\":\"ReadAction\",\"target\":[\"https:\/\/zecovalve.com\/product\/electric-butterfly-valve\"]}]},{\"@type\":\"BreadcrumbList\",\"@id\":\"https:\/\/zecovalve.com\/product\/electric-butterfly-valve#breadcrumb\",\"itemListElement\":[{\"@type\":\"ListItem\",\"position\":1,\"item\":{\"@type\":\"WebPage\",\"@id\":\"https:\/\/zecovalve.com\/\",\"url\":\"https:\/\/zecovalve.com\/\",\"name\":\"Home\"}},{\"@type\":\"ListItem\",\"position\":2,\"item\":{\"@type\":\"WebPage\",\"@id\":\"https:\/\/zecovalve.com\/product-category\",\"url\":\"https:\/\/zecovalve.com\/product-category\",\"name\":\"Industrial Valve Manufacturer | Water Valve Manufacturer\"}},{\"@type\":\"ListItem\",\"position\":3,\"item\":{\"@type\":\"WebPage\",\"@id\":\"https:\/\/zecovalve.com\/product\/electric-butterfly-valve\",\"url\":\"https:\/\/zecovalve.com\/product\/electric-butterfly-valve\",\"name\":\"Electric Butterfly Valve\"}}]}]}<\/script>\n<!-- \/ Yoast SEO Premium plugin. -->","_links":{"self":[{"href":"https:\/\/zecovalve.com\/de\/wp-json\/wp\/v2\/product\/16209","targetHints":{"allow":["GET"]}}],"collection":[{"href":"https:\/\/zecovalve.com\/de\/wp-json\/wp\/v2\/product"}],"about":[{"href":"https:\/\/zecovalve.com\/de\/wp-json\/wp\/v2\/types\/product"}],"replies":[{"embeddable":true,"href":"https:\/\/zecovalve.com\/de\/wp-json\/wp\/v2\/comments?post=16209"}],"wp:featuredmedia":[{"embeddable":true,"href":"https:\/\/zecovalve.com\/de\/wp-json\/wp\/v2\/media\/16210"}],"wp:attachment":[{"href":"https:\/\/zecovalve.com\/de\/wp-json\/wp\/v2\/media?parent=16209"}],"wp:term":[{"taxonomy":"product_cat","embeddable":true,"href":"https:\/\/zecovalve.com\/de\/wp-json\/wp\/v2\/product_cat?post=16209"},{"taxonomy":"product_tag","embeddable":true,"href":"https:\/\/zecovalve.com\/de\/wp-json\/wp\/v2\/product_tag?post=16209"}],"curies":[{"name":"wp","href":"https:\/\/api.w.org\/{rel}","templated":true}]}}