{"id":16241,"date":"2022-06-20T09:01:32","date_gmt":"2022-06-20T09:01:32","guid":{"rendered":"https:\/\/zecovalve.com\/?post_type=product&#038;p=16241"},"modified":"2022-07-23T13:33:54","modified_gmt":"2022-07-23T13:33:54","slug":"cryogenic-butterfly-valve","status":"publish","type":"product","link":"https:\/\/zecovalve.com\/de\/produkt\/cryogenic-butterfly-valve","title":{"rendered":"Kryogenische Absperrklappe"},"content":{"rendered":"ZECO Valve bietet eine Reihe von kryogenen Ventilen von bew\u00e4hrter hoher Qualit\u00e4t, wie durch technische Nachweise belegt. Wir bieten Schieber, Ventile, R\u00fcckschlagventile, Absperrklappen und Kugelh\u00e4hne aus Edelstahl und Kohlenstoffstahlguss f\u00fcr die Verarbeitung, Lagerung, den Transport und die Verteilung kryogener Fl\u00fcssigkeiten bis zu -196 \u00b0C.\r\n\r\n\r\n\r\n\r\n<figure class=\"wp-block-image alignnone size-medium wp-image-16242\"><img loading=\"lazy\" decoding=\"async\" width=\"300\" height=\"225\" class=\"wp-image-16242\" src=\"https:\/\/zecovalve.com\/wp-content\/uploads\/2022\/06\/cryogenic-butterfly-valve-300x225.jpg\" alt=\"Kryogenische Absperrklappe\" srcset=\"https:\/\/zecovalve.com\/wp-content\/uploads\/2022\/06\/cryogenic-butterfly-valve-300x225.jpg 300w, https:\/\/zecovalve.com\/wp-content\/uploads\/2022\/06\/cryogenic-butterfly-valve-768x576.jpg 768w, https:\/\/zecovalve.com\/wp-content\/uploads\/2022\/06\/cryogenic-butterfly-valve-600x450.jpg 600w, https:\/\/zecovalve.com\/wp-content\/uploads\/2022\/06\/cryogenic-butterfly-valve.jpg 800w\" sizes=\"auto, (max-width: 300px) 100vw, 300px\" \/><\/figure>\r\n\r\n\r\n<div class=\"gb-button-wrapper gb-button-wrapper-6d8495a3\">\r\n\r\n<a class=\"gb-button gb-button-3d442e11 gb-button-text\" href=\"https:\/\/zecovalve.com\/de\/contact\/\" target=\"_blank\" rel=\"noopener noreferrer\"><strong>PREIS F\u00dcR KRYOGENE ABSPERRKLAPPE ERHALTEN<\/strong><\/a>\r\n\r\n<\/div>\r\n\r\n\r\n\r\n\r\n<h2 class=\"wp-block-heading\" id=\"h-what-is-a-cryogenic-butterfly-valve\">Was ist eine kryogene Absperrklappe?<\/h2>\r\n\r\n\r\n\r\n\r\nDas ZECO-Absperrventil f\u00fcr Tieftemperaturanwendungen ist f\u00fcr dichtes Absperren und Drosseln ausgelegt. Die Scheibenbewegung ist dreifach versetzt. Dies eliminiert konzentrierte Verschlei\u00dfpunkte am Dichtungsring und verl\u00e4ngert seine Lebensdauer. Standardgeh\u00e4usemuster sind Flansch- und Stumpfschwei\u00dftypen. Der Stumpfschwei\u00dftyp hat ein verl\u00e4ngertes Geh\u00e4use, um W\u00e4rmeleitung zum Dichtungsbereich w\u00e4hrend der Schwei\u00dfinstallation zu verhindern. Eine Inspektionsklappe oben auf dem Geh\u00e4use erm\u00f6glicht einfache Inspektion, Wartung und Austausch von Innenteilen, ohne dass das Ventil entfernt oder das Rohr durchgeschnitten werden muss. Um innere Spannungen im Deckel w\u00e4hrend der Abk\u00fchlphase zu vermeiden, sind alle Deckelverbindungen verschraubt. Dieser Deckel ist verl\u00e4ngert, um sicherzustellen, dass der Stopfbuchsenbereich selbst bei Temperaturen bis zu -196 \u00b0C frostfrei bleibt. Das Ventil kann mit der Welle in jede beliebige Richtung eingebaut werden. Die Topflanschbohrung entspricht der Norm ISO 5211 und passt zu einer gro\u00dfen Palette von Getrieben und Antrieben.\r\n\r\n\r\n\r\n\r\n<h2 class=\"wp-block-heading\">Produktpalette Kryo-Klappe<\/h2>\r\n\r\n\r\n\r\n<ul class=\"wp-block-list\">\r\n \t<li>Absperrklappe f\u00fcr Tieftemperaturanwendungen (-196 bis ~ +100 Grad C)<\/li>\r\n \t<li>Druckstufe: Vakuum bis 75 bar (CL 300)<\/li>\r\n \t<li>Gr\u00f6\u00dfe: 100 mm (4 Zoll) bis 600 mm (24 Zoll)<\/li>\r\n \t<li>Bidirektionales Design. Betriebsdruck 10 barg<\/li>\r\n \t<li>Mit Anschwei\u00dfenden oder Flanschenden<\/li>\r\n \t<li>Mit Revisions-\/Wartungszugang (seitlicher Zugang)<\/li>\r\n \t<li>Doppelt versetzte Welle (f\u00fcr dreifach versetzte Ausf\u00fchrung mit Metallsitz siehe Seite 9)<\/li>\r\n \t<li>Solider doppelteiliger Schaft<\/li>\r\n \t<li>Das Ventil kann in jeder beliebigen Ausrichtung eingebaut werden<\/li>\r\n \t<li>Standardkonformit\u00e4t: BS 6364 Ventile f\u00fcr kryogene Anwendungen<\/li>\r\n \t<li>Fire Safe-Zulassung gem\u00e4\u00df BS 6755<\/li>\r\n \t<li>Verl\u00e4ngerte Haube\/Schaft f\u00fcr sicheren Zugang<\/li>\r\n<\/ul>\r\n\r\n\r\n\r\n<h2 class=\"wp-block-heading\">Anwendungen von kryogenen Absperrklappen<\/h2>\r\n\r\n\r\n\r\n\r\nDie typischsten Anwendungsgebiete f\u00fcr Kryoventile sind Erdgas, Empfangsterminals f\u00fcr LNG, LNG-Z\u00fcge, LNG-Speicher, LNG-Tanker usw. ZECO-Produkte werden au\u00dferdem in einer gro\u00dfen Bandbreite von Industrien eingesetzt, z. B. in der Chemie- und Petrochemieindustrie, in Kern- und konventionellen Kraftwerken, auf See und weithin in der industriellen Gasindustrie.\r\n\r\n\r\n\r\n\r\n<h2 class=\"wp-block-heading\" id=\"h-features-of-cryogenic-butterfly-valve\">Merkmale der kryogenen Absperrklappe:<\/h2>\r\n\r\n\r\n\r\n<ul class=\"wp-block-list\">\r\n \t<li>Kryogen durch Design\r\n<ul>\r\n \t<li>Kryogene Absperrklappen sind speziell f\u00fcr Leitungstemperaturen unter Null konzipiert. Diese Ventile handhaben kryogene Fl\u00fcssigkeiten effizient und zuverl\u00e4ssig bei minimalem Wartungsaufwand.<\/li>\r\n<\/ul>\r\n<\/li>\r\n \t<li>Kompakt f\u00fcr bessere Temperaturkontrolle\r\n<ul>\r\n \t<li>Die kompakte Gr\u00f6\u00dfe der Wafer- und Lug-Ventile erm\u00f6glicht minimale Temperaturstabilisierungszeiten sowohl beim Aufheizen als auch beim Abk\u00fchlen der Leitung.<\/li>\r\n<\/ul>\r\n<\/li>\r\n \t<li>Anwendungsflexibilit\u00e4t\r\n<ul>\r\n \t<li>Die Konstruktionsmaterialien aus Edelstahl sorgen f\u00fcr maximale Serviceflexibilit\u00e4t und Medienanwendungen.<\/li>\r\n<\/ul>\r\n<\/li>\r\n \t<li>Entwickelt f\u00fcr die Bet\u00e4tigung und einfache Einstellung\r\n<ul>\r\n \t<li>Integral verschwei\u00dfte Schaft- und Haubenverl\u00e4ngerungen erm\u00f6glichen die Montage von Ventilantrieben weit \u00fcber der Rohrleitungsisolierung und sorgen f\u00fcr eine einfache Einstellung des Schaftpackungsdrucks<\/li>\r\n<\/ul>\r\n<\/li>\r\n<\/ul>\r\n\r\n\r\n\r\n<h2 class=\"wp-block-heading\" id=\"h-material-of-cryogenic-butterfly-valve\">Material der kryogenen Absperrklappe<\/h2>\r\n\r\n\r\n\r\n<figure class=\"wp-block-table\">\r\n<table>\r\n<tbody>\r\n<tr>\r\n<td>Nein<\/td>\r\n<td>Teil<\/td>\r\n<td>Material<\/td>\r\n<\/tr>\r\n<tr>\r\n<td>1<\/td>\r\n<td>K\u00f6rper<\/td>\r\n<td>ASTM A351 CF3M<\/td>\r\n<\/tr>\r\n<tr>\r\n<td>2<\/td>\r\n<td>Dichtungsring<\/td>\r\n<td>Graphit + SS316L<\/td>\r\n<\/tr>\r\n<tr>\r\n<td>3<\/td>\r\n<td>Halteflansch<\/td>\r\n<td>ASTM A182 F316L<\/td>\r\n<\/tr>\r\n<tr>\r\n<td>4<\/td>\r\n<td>Stift<\/td>\r\n<td>ASTM A276 316L<\/td>\r\n<\/tr>\r\n<tr>\r\n<td>5<\/td>\r\n<td>Scheibe<\/td>\r\n<td>ASTM A351 CF3M<\/td>\r\n<\/tr>\r\n<tr>\r\n<td>6<\/td>\r\n<td>Vorbau<\/td>\r\n<td>ASTM A276 316L<\/td>\r\n<\/tr>\r\n<tr>\r\n<td>7<\/td>\r\n<td>Spindelpackung<\/td>\r\n<td>Graphit<\/td>\r\n<\/tr>\r\n<tr>\r\n<td>8<\/td>\r\n<td>Vorbauklopfen<\/td>\r\n<td>SS316L + R.TFE<\/td>\r\n<\/tr>\r\n<tr>\r\n<td>9<\/td>\r\n<td>Schraube<\/td>\r\n<td>ASTM A193 B8M<\/td>\r\n<\/tr>\r\n<tr>\r\n<td>10<\/td>\r\n<td>Nuss<\/td>\r\n<td>ASTM A194 8M<\/td>\r\n<\/tr>\r\n<tr>\r\n<td>11<\/td>\r\n<td>Joch<\/td>\r\n<td>ASTM A351 CF3M<\/td>\r\n<\/tr>\r\n<\/tbody>\r\n<\/table>\r\n<\/figure>","protected":false},"excerpt":{"rendered":"<p>ZECO Valve bietet eine Reihe von Kryoventilen von bew\u00e4hrter hoher Qualit\u00e4t, wie durch technische Nachweise belegt. Wir bieten Edelstahl und \u2026 <a title=\"Kryogenische Absperrklappe\" class=\"read-more\" href=\"https:\/\/zecovalve.com\/de\/produkt\/cryogenic-butterfly-valve\" aria-label=\"Mehr zu Cryogenic Butterfly Valve\">Weiterlesen ...<\/a><\/p>","protected":false},"featured_media":16242,"comment_status":"closed","ping_status":"closed","template":"","meta":{"_generate-full-width-content":"","kt_blocks_editor_width":""},"product_cat":[2044,2469,2604],"product_tag":[],"class_list":["post-16241","product","type-product","status-publish","has-post-thumbnail","hentry","product_cat-butterfly-valve","product_cat-butterfly-valve-by-material","product_cat-triple-offset-butterfly-valve","sales-flash-overlay","woocommerce-text-align-center","woocommerce-image-align-center","do-quantity-buttons"],"featured_image_src_large":["https:\/\/zecovalve.com\/wp-content\/uploads\/2022\/06\/cryogenic-butterfly-valve.jpg",800,600,false],"author_info":[],"comment_info":0,"taxonomy_info":{"product_cat":[{"value":2044,"label":"Butterfly Valve"},{"value":2469,"label":"Butterfly Valve By Material"},{"value":2604,"label":"Triple Offset Butterfly Valve"}]},"yoast_head":"<!-- This site is optimized with the Yoast SEO Premium plugin v15.4 - https:\/\/yoast.com\/wordpress\/plugins\/seo\/ -->\n<title>Cryogenic Butterfly Valve - Cryogenic Valve Manufacturer | ZECO Valve<\/title>\n<meta name=\"robots\" content=\"index, follow, max-snippet:-1, max-image-preview:large, max-video-preview:-1\" \/>\n<link rel=\"canonical\" href=\"https:\/\/zecovalve.com\/de\/produkt\/cryogenic-butterfly-valve\" \/>\n<meta property=\"og:locale\" content=\"de_DE\" \/>\n<meta property=\"og:type\" content=\"article\" \/>\n<meta property=\"og:title\" content=\"Cryogenic Butterfly Valve - Cryogenic Valve Manufacturer | ZECO Valve\" \/>\n<meta property=\"og:description\" content=\"ZECO Valve offers a series of cryogenic valves of proven high quality, as demonstrated by technical evidence. We offer stainless steel and ... Weiterlesen ...\" \/>\n<meta property=\"og:url\" content=\"https:\/\/zecovalve.com\/de\/produkt\/cryogenic-butterfly-valve\" \/>\n<meta property=\"og:site_name\" content=\"ZECO Valve\" \/>\n<meta property=\"article:modified_time\" content=\"2022-07-23T13:33:54+00:00\" \/>\n<meta property=\"og:image\" content=\"https:\/\/zecovalve.com\/wp-content\/uploads\/2022\/06\/cryogenic-butterfly-valve.jpg\" \/>\n\t<meta property=\"og:image:width\" content=\"800\" \/>\n\t<meta property=\"og:image:height\" content=\"600\" \/>\n<meta name=\"twitter:card\" content=\"summary_large_image\" \/>\n<meta name=\"twitter:label1\" content=\"Verfasst von\">\n\t<meta name=\"twitter:data1\" content=\"Jerry\">\n\t<meta name=\"twitter:label2\" content=\"Gesch\u00e4tzte Lesezeit\">\n\t<meta name=\"twitter:data2\" content=\"2\u00a0Minuten\">\n<script type=\"application\/ld+json\" class=\"yoast-schema-graph\">{\"@context\":\"https:\/\/schema.org\",\"@graph\":[{\"@type\":\"WebSite\",\"@id\":\"https:\/\/zecovalve.com\/#website\",\"url\":\"https:\/\/zecovalve.com\/\",\"name\":\"ZECO Valve\",\"description\":\"Industrial Ball Valve, Gate Valve and Globe Valve Manufacturer\",\"potentialAction\":[{\"@type\":\"SearchAction\",\"target\":\"https:\/\/zecovalve.com\/?s={search_term_string}\",\"query-input\":\"required name=search_term_string\"}],\"inLanguage\":\"de\"},{\"@type\":\"ImageObject\",\"@id\":\"https:\/\/zecovalve.com\/product\/cryogenic-butterfly-valve#primaryimage\",\"inLanguage\":\"de\",\"url\":\"https:\/\/zecovalve.com\/wp-content\/uploads\/2022\/06\/cryogenic-butterfly-valve.jpg\",\"width\":800,\"height\":600,\"caption\":\"Cryogenic Butterfly Valve\"},{\"@type\":\"WebPage\",\"@id\":\"https:\/\/zecovalve.com\/product\/cryogenic-butterfly-valve#webpage\",\"url\":\"https:\/\/zecovalve.com\/product\/cryogenic-butterfly-valve\",\"name\":\"Cryogenic Butterfly Valve - Cryogenic Valve Manufacturer | ZECO Valve\",\"isPartOf\":{\"@id\":\"https:\/\/zecovalve.com\/#website\"},\"primaryImageOfPage\":{\"@id\":\"https:\/\/zecovalve.com\/product\/cryogenic-butterfly-valve#primaryimage\"},\"datePublished\":\"2022-06-20T09:01:32+00:00\",\"dateModified\":\"2022-07-23T13:33:54+00:00\",\"breadcrumb\":{\"@id\":\"https:\/\/zecovalve.com\/product\/cryogenic-butterfly-valve#breadcrumb\"},\"inLanguage\":\"de\",\"potentialAction\":[{\"@type\":\"ReadAction\",\"target\":[\"https:\/\/zecovalve.com\/product\/cryogenic-butterfly-valve\"]}]},{\"@type\":\"BreadcrumbList\",\"@id\":\"https:\/\/zecovalve.com\/product\/cryogenic-butterfly-valve#breadcrumb\",\"itemListElement\":[{\"@type\":\"ListItem\",\"position\":1,\"item\":{\"@type\":\"WebPage\",\"@id\":\"https:\/\/zecovalve.com\/\",\"url\":\"https:\/\/zecovalve.com\/\",\"name\":\"Home\"}},{\"@type\":\"ListItem\",\"position\":2,\"item\":{\"@type\":\"WebPage\",\"@id\":\"https:\/\/zecovalve.com\/product-category\",\"url\":\"https:\/\/zecovalve.com\/product-category\",\"name\":\"Industrial Valve Manufacturer | Water Valve Manufacturer\"}},{\"@type\":\"ListItem\",\"position\":3,\"item\":{\"@type\":\"WebPage\",\"@id\":\"https:\/\/zecovalve.com\/product\/cryogenic-butterfly-valve\",\"url\":\"https:\/\/zecovalve.com\/product\/cryogenic-butterfly-valve\",\"name\":\"Cryogenic Butterfly Valve\"}}]}]}<\/script>\n<!-- \/ Yoast SEO Premium plugin. -->","_links":{"self":[{"href":"https:\/\/zecovalve.com\/de\/wp-json\/wp\/v2\/product\/16241","targetHints":{"allow":["GET"]}}],"collection":[{"href":"https:\/\/zecovalve.com\/de\/wp-json\/wp\/v2\/product"}],"about":[{"href":"https:\/\/zecovalve.com\/de\/wp-json\/wp\/v2\/types\/product"}],"replies":[{"embeddable":true,"href":"https:\/\/zecovalve.com\/de\/wp-json\/wp\/v2\/comments?post=16241"}],"wp:featuredmedia":[{"embeddable":true,"href":"https:\/\/zecovalve.com\/de\/wp-json\/wp\/v2\/media\/16242"}],"wp:attachment":[{"href":"https:\/\/zecovalve.com\/de\/wp-json\/wp\/v2\/media?parent=16241"}],"wp:term":[{"taxonomy":"product_cat","embeddable":true,"href":"https:\/\/zecovalve.com\/de\/wp-json\/wp\/v2\/product_cat?post=16241"},{"taxonomy":"product_tag","embeddable":true,"href":"https:\/\/zecovalve.com\/de\/wp-json\/wp\/v2\/product_tag?post=16241"}],"curies":[{"name":"wp","href":"https:\/\/api.w.org\/{rel}","templated":true}]}}