{"id":16245,"date":"2022-06-20T09:04:23","date_gmt":"2022-06-20T09:04:23","guid":{"rendered":"https:\/\/zecovalve.com\/?post_type=product&#038;p=16245"},"modified":"2022-09-01T00:56:22","modified_gmt":"2022-09-01T00:56:22","slug":"motorized-butterfly-valve","status":"publish","type":"product","link":"https:\/\/zecovalve.com\/de\/produkt\/motorized-butterfly-valve","title":{"rendered":"Motorisierte Absperrklappe"},"content":{"rendered":"<p>Das elektrisch bet\u00e4tigte Absperrventil dient zur Zweiwegeregelung von Wasser und anderen Medien, soweit diese mit den verwendeten Werkstoffen kompatibel sind.<\/p>\r\n\r\n\r\n\r\n<figure class=\"wp-block-image alignnone size-medium wp-image-16246\"><img loading=\"lazy\" decoding=\"async\" width=\"300\" height=\"225\" class=\"wp-image-16246\" src=\"https:\/\/zecovalve.com\/wp-content\/uploads\/2022\/06\/motorized-butterfly-valve-300x225.jpg\" alt=\"Motorisierte Absperrklappe\" srcset=\"https:\/\/zecovalve.com\/wp-content\/uploads\/2022\/06\/motorized-butterfly-valve-300x225.jpg 300w, https:\/\/zecovalve.com\/wp-content\/uploads\/2022\/06\/motorized-butterfly-valve-768x576.jpg 768w, https:\/\/zecovalve.com\/wp-content\/uploads\/2022\/06\/motorized-butterfly-valve-600x450.jpg 600w, https:\/\/zecovalve.com\/wp-content\/uploads\/2022\/06\/motorized-butterfly-valve.jpg 800w\" sizes=\"auto, (max-width: 300px) 100vw, 300px\" \/><\/figure>\r\n\r\n\r\n<div class=\"gb-button-wrapper gb-button-wrapper-6d8495a3\">\r\n\r\n\r\n<p><a class=\"gb-button gb-button-3d442e11 gb-button-text\" href=\"mailto:commercial@zecovalve.com\" target=\"_blank\" rel=\"noopener noreferrer\"><strong>PREIS F\u00dcR MOTORISIERTE ABSPERRKLAPPE ERHALTEN<\/strong><\/a><\/p>\r\n<\/div>\r\n\r\n\r\n\r\n\r\n<h2 class=\"wp-block-heading\" id=\"h-what-is-a-motorized-butterfly-valve\">Was ist ein motorisiertes Absperrventil?<\/h2>\r\n\r\n\r\n\r\n<p>Ein motorisiertes Absperrventil ist ein Ventiltyp, der zum Absperren oder Regeln des Durchflusses verwendet werden kann. Der Schlie\u00dfmechanismus ist die Scheibe, die sich in der Mitte des Ventilk\u00f6rpers befindet. Die Scheibe ist \u00fcber die Welle, die von der Scheibe durch die Oberseite des Ventilk\u00f6rpers verl\u00e4uft, mit einem Griff oder Antrieb verbunden.<\/p>\r\n\r\n\r\n\r\n<p>Das motorisierte Absperrventil von ZECO eignet sich f\u00fcr die Durchflussregulierung. Da die Klappenscheiben- und Schaftkomponenten des Absperrventils immer noch das Problem haben, dem Durchfluss des Mediums in der Rohrleitung Widerstand zu leisten, ist der Druckverlust des Absperrventils immer noch gr\u00f6\u00dfer als der des Schiebers. Daher sollte der Einfluss des Druckverlusts bei der Auswahl eines motorisierten Absperrventils als Regel- oder Schaltventil ber\u00fccksichtigt werden. Die Struktur des Absperrventils ist jedoch kurz, die Gesamth\u00f6he ist im Vergleich zu anderen Ventilen gering, gleichzeitig ist die \u00d6ffnungsgeschwindigkeit durch elektrische Bet\u00e4tigung, Getriebe oder Griff schneller als bei vielen anderen Ventilen und weist gleichzeitig gute Durchflusskontrolleigenschaften auf, sodass der Einsatzbereich des motorisierten Absperrventils sehr breit ist. Normalerweise werden motorisierte Ventile zur Regelung und zum Schalten von Ventilen in der Erd\u00f6l- und Chemieindustrie, in Kraftwerken, in der Pharmaindustrie, im Schiffbau, in der Metallurgie und in anderen Industriebereichen verwendet, gleichzeitig werden sie als Absperrventil, Regelventil und R\u00fcckschlagventil im Rohrleitungssystem verwendet. Als professioneller Hersteller von motorisierten Absperrventilen verwendet ZECO normalerweise speziell entwickelte, metallgedichtete dreifach exzentrische oder doppelt exzentrische Absperrventile als empfohlene Produkte f\u00fcr Benutzer unter besonderen Arbeitsbedingungen.<\/p>\r\n\r\n\r\n\r\n<h2 class=\"wp-block-heading\">Wie funktioniert ein motorisiertes Absperrventil?<\/h2>\r\n\r\n\r\n\r\n<p>Ein motorisiertes Absperrventil funktioniert, indem es die Position einer runden Scheibe \u00e4ndert, die sich in einer Rohrleitung befindet. Die Scheibe hat die Gr\u00f6\u00dfe des Rohrumfangs und kann dadurch eine zuverl\u00e4ssige Abdichtung in Situationen schaffen, in denen der Fluss des Prozessmediums eingeschr\u00e4nkt oder gestoppt werden muss. Motorisierte Absperrventile sind in verschiedenen Gr\u00f6\u00dfen erh\u00e4ltlich, sodass jede Fabrik ein Ventil bestellen kann, das genau in ihre Rohrleitungen passt und dort funktioniert. Die g\u00e4ngigsten Gr\u00f6\u00dfenbereiche f\u00fcr Absperrventile und ihre Scheiben liegen zwischen einigen Zoll und einigen Fu\u00df, obwohl gr\u00f6\u00dfere industrielle Anwendungen dieses speziellen Ventils diese typischen Bereiche deutlich \u00fcbersteigen k\u00f6nnen.<\/p>\r\n\r\n\r\n\r\n<p>Wenn sich die Scheibe einer motorisierten Absperrklappe in der geschlossenen Position befindet, ist die Rohrleitung vollst\u00e4ndig blockiert und der Durchfluss wird gestoppt. Die Scheibe f\u00fcr das Ventil ist an der Ventilwelle befestigt, die dann von einem Motor gesteuert wird. Wenn dieser Motor das Ventil in die offene Position bewegt, ist die Scheibe parallel zur Rohrleitung und Fl\u00fcssigkeiten k\u00f6nnen auf beiden Seiten an der Scheibe vorbeiflie\u00dfen. Es gibt immer noch einen R\u00fcckgang des Durchflussvolumens, da sich die Scheibe selbst noch in der Rohrleitung befindet. Der Durchfluss kann jedoch passieren. Wenn der Durchfluss gedrosselt, gesteuert oder mengenm\u00e4\u00dfig reguliert werden muss, weil sich die Produktion \u00e4ndern muss, kann der Motor die Scheibe in eine Position drehen, in der sie teilweise ge\u00f6ffnet ist. Wenn f\u00fcr die Produktion ein sich \u00e4ndernder Volumenstrom des Prozessmediums erforderlich ist, kann sich die motorisierte Absperrklappe w\u00e4hrend des Prozesses anpassen, um die entsprechenden Fl\u00fcssigkeitsmengen zuzuf\u00fchren.<\/p>\r\n\r\n\r\n\r\n<h2 class=\"wp-block-heading\">Anwendungen von elektrisch bet\u00e4tigten Absperrklappen<\/h2>\r\n\r\n\r\n\r\n<p>Absperrklappen sind Absperrventile, die in Wasserversorgungsnetzen, in Netzverbindungsstellen, in Fabriken, in Pumpstationen, in allgemeinen Netzen und in Brandschutznetzen auf Industriegel\u00e4nden verwendet werden.<\/p>\r\n\r\n\r\n\r\n<h2 class=\"wp-block-heading\" id=\"h-features-of-motorized-butterfly-valves\">Merkmale motorisierter Absperrklappen<\/h2>\r\n\r\n\r\n\r\n<ul class=\"wp-block-list\">\r\n<li>1. Die Montageplatte des motorisierten Absperrventils von ZECO ist gem\u00e4\u00df ISO 5211 ausgelegt. Der Benutzer kann den Standard-Elektroantrieb einfach selbst konfigurieren oder direkt die vollst\u00e4ndig konfigurierte Elektroantriebslieferung von ZECO nutzen.<\/li>\r\n<li>2. Der obere und untere Schaft des motorisierten ZECO-Absperrventils ist so konstruiert, dass er nicht ausblasen kann. Diese Konstruktion verhindert das Risiko eines Ausblasens, wenn eine Wartung erforderlich ist.<\/li>\r\n<li>3. Die Dichtung des motorisierten Absperrventils von ZECO ist auf Brandschutz ausgelegt. Die Dichtung ist nicht elastisch und kann die Brandtestanforderungen von API 607 erf\u00fcllen.<\/li>\r\n<li>4. Das Drehmoment des motorisierten ZECO-Absperrventils ist niedrig. Benutzer k\u00f6nnen einen niedrigeren Gang als beim herk\u00f6mmlichen elektrischen Antrieb w\u00e4hlen und so Kosten sparen.<\/li>\r\n<li>\u00dcberlastungsschutz sch\u00fctzt das Ventil und Ihr Projekt<\/li>\r\n<li>Mehrere Steuerungsmethoden zur Auswahl<\/li>\r\n<li>Wetterfeste Schutzklasse, die f\u00fcr den Einsatz im Au\u00dfenbereich geeignet ist<\/li>\r\n<li>ISO 5211 Montagestandard, der f\u00fcr alle Arten von Absperrklappen geeignet ist<\/li>\r\n<li>Verf\u00fcgbar zum Einstellen des \u00d6ffnungs-\/Schlie\u00dfwinkels, um die Durchflussregelung einfacher zu gestalten<\/li>\r\n<li>Strenge Qualit\u00e4tskontrolle nach ISO9001:2015, um eine geringe Ausfallrate des Aktuators sicherzustellen<\/li>\r\n<li>Stellen Sie Absperrklappen mit Wafer-\/Loch-\/Flansch-\/Tri-Clamp-Technik bereit, um Ihren Rohrleitungsanforderungen gerecht zu werden.<\/li>\r\n<li>Gro\u00dfe Auswahl an Gr\u00f6\u00dfen, die zu Ihrer Pipeline-Gr\u00f6\u00dfe passen k\u00f6nnten.<\/li>\r\n<li>Einfache Installation und Wartung. Lange Lebensdauer.<\/li>\r\n<li>Alle Absperrklappen haben den Materialtest bestanden. Umweltfreundlich.<\/li>\r\n<li>Hoher Durchfluss, geringes Gewicht, mehrere Anschlussarten zur Auswahl<\/li>\r\n<\/ul>\r\n\r\n\r\n\r\n<h2 class=\"wp-block-heading\" id=\"h-material-of-motorized-butterfly-valves\">Material der motorisierten Absperrklappen<\/h2>\r\n\r\n\r\n\r\n<figure class=\"wp-block-table\">\r\n<table>\r\n<tbody>\r\n<tr>\r\n<td>Nein<\/td>\r\n<td>Teil<\/td>\r\n<td>Material<\/td>\r\n<\/tr>\r\n<tr>\r\n<td>1<\/td>\r\n<td>K\u00f6rper<\/td>\r\n<td>ASTM A351 CF8M<\/td>\r\n<\/tr>\r\n<tr>\r\n<td>2<\/td>\r\n<td>Dichtungsring<\/td>\r\n<td>Graphit + SS316<\/td>\r\n<\/tr>\r\n<tr>\r\n<td>3<\/td>\r\n<td>Halteflansch<\/td>\r\n<td>ASTM A182 F316<\/td>\r\n<\/tr>\r\n<tr>\r\n<td>4<\/td>\r\n<td>Stift<\/td>\r\n<td>ASTM A276 316<\/td>\r\n<\/tr>\r\n<tr>\r\n<td>5<\/td>\r\n<td>Scheibe<\/td>\r\n<td>ASTM A351 CF8M<\/td>\r\n<\/tr>\r\n<tr>\r\n<td>6<\/td>\r\n<td>Vorbau<\/td>\r\n<td>ASTM A276 316<\/td>\r\n<\/tr>\r\n<tr>\r\n<td>7<\/td>\r\n<td>Spindelpackung<\/td>\r\n<td>Graphit<\/td>\r\n<\/tr>\r\n<tr>\r\n<td>8<\/td>\r\n<td>Vorbauklopfen<\/td>\r\n<td>SS316 + PTFE<\/td>\r\n<\/tr>\r\n<tr>\r\n<td>9<\/td>\r\n<td>Schraube<\/td>\r\n<td>ASTM A193 B8M<\/td>\r\n<\/tr>\r\n<tr>\r\n<td>10<\/td>\r\n<td>Nuss<\/td>\r\n<td>ASTM A194 8M<\/td>\r\n<\/tr>\r\n<tr>\r\n<td>11<\/td>\r\n<td>Joch<\/td>\r\n<td>ASTM A216 WCB<\/td>\r\n<\/tr>\r\n<\/tbody>\r\n<\/table>\r\n<\/figure>","protected":false},"excerpt":{"rendered":"<p>Das elektrisch bet\u00e4tigte Absperrventil dient zur Ein-\/Aus-Steuerung von Wasser und anderen Medien, die mit den verwendeten Werkstoffen kompatibel sind. Was \u2026 <a title=\"Motorisierte Absperrklappe\" class=\"read-more\" href=\"https:\/\/zecovalve.com\/de\/produkt\/motorized-butterfly-valve\" aria-label=\"Mehr zu Motorisierte Absperrklappe\">Weiterlesen ...<\/a><\/p>","protected":false},"featured_media":16246,"comment_status":"closed","ping_status":"closed","template":"","meta":{"_generate-full-width-content":"","kt_blocks_editor_width":""},"product_cat":[2044,2468],"product_tag":[2806,2766,2727,2801],"class_list":["post-16245","product","type-product","status-publish","has-post-thumbnail","hentry","product_cat-butterfly-valve","product_cat-butterfly-valve-by-drive-mode","product_tag-butterfly-valve-wafer-type","product_tag-motorised-valve","product_tag-motorized-valve","product_tag-wafer-type-butterfly-valve","sales-flash-overlay","woocommerce-text-align-center","woocommerce-image-align-center","do-quantity-buttons"],"featured_image_src_large":["https:\/\/zecovalve.com\/wp-content\/uploads\/2022\/06\/motorized-butterfly-valve.jpg",800,600,false],"author_info":[],"comment_info":0,"taxonomy_info":{"product_cat":[{"value":2044,"label":"Butterfly Valve"},{"value":2468,"label":"Butterfly Valve By Drive Mode"}],"product_tag":[{"value":2806,"label":"Butterfly Valve Wafer Type"},{"value":2766,"label":"Motorised Valve"},{"value":2727,"label":"Motorized Valve"},{"value":2801,"label":"Wafer Type Butterfly Valve"}]},"yoast_head":"<!-- This site is optimized with the Yoast SEO Premium plugin v15.4 - https:\/\/yoast.com\/wordpress\/plugins\/seo\/ -->\n<title>Motorized Butterfly Valve - Electrically Actuated Butterfly Valve | ZECO Valve<\/title>\n<meta name=\"robots\" content=\"index, follow, max-snippet:-1, max-image-preview:large, max-video-preview:-1\" \/>\n<link rel=\"canonical\" href=\"https:\/\/zecovalve.com\/de\/produkt\/motorized-butterfly-valve\" \/>\n<meta property=\"og:locale\" content=\"de_DE\" \/>\n<meta property=\"og:type\" content=\"article\" \/>\n<meta property=\"og:title\" content=\"Motorized Butterfly Valve - Electrically Actuated Butterfly Valve | ZECO Valve\" \/>\n<meta property=\"og:description\" content=\"The electrically actuated butterfly valve is used for on-off control of water and other media compatible with the materials of construction. What ... Weiterlesen ...\" \/>\n<meta property=\"og:url\" content=\"https:\/\/zecovalve.com\/de\/produkt\/motorized-butterfly-valve\" \/>\n<meta property=\"og:site_name\" content=\"ZECO Valve\" \/>\n<meta property=\"article:modified_time\" content=\"2022-09-01T00:56:22+00:00\" \/>\n<meta property=\"og:image\" content=\"https:\/\/zecovalve.com\/wp-content\/uploads\/2022\/06\/motorized-butterfly-valve.jpg\" \/>\n\t<meta property=\"og:image:width\" content=\"800\" \/>\n\t<meta property=\"og:image:height\" content=\"600\" \/>\n<meta name=\"twitter:card\" content=\"summary_large_image\" \/>\n<meta name=\"twitter:label1\" content=\"Verfasst von\">\n\t<meta name=\"twitter:data1\" content=\"Jerry\">\n\t<meta name=\"twitter:label2\" content=\"Gesch\u00e4tzte Lesezeit\">\n\t<meta name=\"twitter:data2\" content=\"4\u00a0Minuten\">\n<script type=\"application\/ld+json\" class=\"yoast-schema-graph\">{\"@context\":\"https:\/\/schema.org\",\"@graph\":[{\"@type\":\"WebSite\",\"@id\":\"https:\/\/zecovalve.com\/#website\",\"url\":\"https:\/\/zecovalve.com\/\",\"name\":\"ZECO Valve\",\"description\":\"Industrial Ball Valve, Gate Valve and Globe Valve Manufacturer\",\"potentialAction\":[{\"@type\":\"SearchAction\",\"target\":\"https:\/\/zecovalve.com\/?s={search_term_string}\",\"query-input\":\"required name=search_term_string\"}],\"inLanguage\":\"de\"},{\"@type\":\"ImageObject\",\"@id\":\"https:\/\/zecovalve.com\/product\/motorized-butterfly-valve#primaryimage\",\"inLanguage\":\"de\",\"url\":\"https:\/\/zecovalve.com\/wp-content\/uploads\/2022\/06\/motorized-butterfly-valve.jpg\",\"width\":800,\"height\":600,\"caption\":\"Motorized Butterfly Valve\"},{\"@type\":\"WebPage\",\"@id\":\"https:\/\/zecovalve.com\/product\/motorized-butterfly-valve#webpage\",\"url\":\"https:\/\/zecovalve.com\/product\/motorized-butterfly-valve\",\"name\":\"Motorized Butterfly Valve - Electrically Actuated Butterfly Valve | ZECO Valve\",\"isPartOf\":{\"@id\":\"https:\/\/zecovalve.com\/#website\"},\"primaryImageOfPage\":{\"@id\":\"https:\/\/zecovalve.com\/product\/motorized-butterfly-valve#primaryimage\"},\"datePublished\":\"2022-06-20T09:04:23+00:00\",\"dateModified\":\"2022-09-01T00:56:22+00:00\",\"breadcrumb\":{\"@id\":\"https:\/\/zecovalve.com\/product\/motorized-butterfly-valve#breadcrumb\"},\"inLanguage\":\"de\",\"potentialAction\":[{\"@type\":\"ReadAction\",\"target\":[\"https:\/\/zecovalve.com\/product\/motorized-butterfly-valve\"]}]},{\"@type\":\"BreadcrumbList\",\"@id\":\"https:\/\/zecovalve.com\/product\/motorized-butterfly-valve#breadcrumb\",\"itemListElement\":[{\"@type\":\"ListItem\",\"position\":1,\"item\":{\"@type\":\"WebPage\",\"@id\":\"https:\/\/zecovalve.com\/\",\"url\":\"https:\/\/zecovalve.com\/\",\"name\":\"Home\"}},{\"@type\":\"ListItem\",\"position\":2,\"item\":{\"@type\":\"WebPage\",\"@id\":\"https:\/\/zecovalve.com\/product-category\",\"url\":\"https:\/\/zecovalve.com\/product-category\",\"name\":\"Industrial Valve Manufacturer | Water Valve Manufacturer\"}},{\"@type\":\"ListItem\",\"position\":3,\"item\":{\"@type\":\"WebPage\",\"@id\":\"https:\/\/zecovalve.com\/product\/motorized-butterfly-valve\",\"url\":\"https:\/\/zecovalve.com\/product\/motorized-butterfly-valve\",\"name\":\"Motorized Butterfly Valve\"}}]}]}<\/script>\n<!-- \/ Yoast SEO Premium plugin. -->","_links":{"self":[{"href":"https:\/\/zecovalve.com\/de\/wp-json\/wp\/v2\/product\/16245","targetHints":{"allow":["GET"]}}],"collection":[{"href":"https:\/\/zecovalve.com\/de\/wp-json\/wp\/v2\/product"}],"about":[{"href":"https:\/\/zecovalve.com\/de\/wp-json\/wp\/v2\/types\/product"}],"replies":[{"embeddable":true,"href":"https:\/\/zecovalve.com\/de\/wp-json\/wp\/v2\/comments?post=16245"}],"wp:featuredmedia":[{"embeddable":true,"href":"https:\/\/zecovalve.com\/de\/wp-json\/wp\/v2\/media\/16246"}],"wp:attachment":[{"href":"https:\/\/zecovalve.com\/de\/wp-json\/wp\/v2\/media?parent=16245"}],"wp:term":[{"taxonomy":"product_cat","embeddable":true,"href":"https:\/\/zecovalve.com\/de\/wp-json\/wp\/v2\/product_cat?post=16245"},{"taxonomy":"product_tag","embeddable":true,"href":"https:\/\/zecovalve.com\/de\/wp-json\/wp\/v2\/product_tag?post=16245"}],"curies":[{"name":"wp","href":"https:\/\/api.w.org\/{rel}","templated":true}]}}