{"id":16247,"date":"2022-06-20T09:11:40","date_gmt":"2022-06-20T09:11:40","guid":{"rendered":"https:\/\/zecovalve.com\/?post_type=product&#038;p=16247"},"modified":"2023-06-15T12:40:40","modified_gmt":"2023-06-15T12:40:40","slug":"manual-gate-valve","status":"publish","type":"product","link":"https:\/\/zecovalve.com\/de\/produkt\/manual-gate-valve","title":{"rendered":"Manuelles Schieberventil"},"content":{"rendered":"<p>ZECO Valve ist ein f\u00fchrender Hersteller, Lieferant und Exporteur von manuell bet\u00e4tigten Schieberventilen. Wir bieten manuelle Schieberventile in verschiedenen Gr\u00f6\u00dfen und Abmessungen f\u00fcr industrielle oder gewerbliche Zwecke an.<\/p>\r\n\r\n\r\n\r\n<figure class=\"wp-block-image alignnone size-medium wp-image-16248\"><img loading=\"lazy\" decoding=\"async\" width=\"300\" height=\"225\" class=\"wp-image-16248\" src=\"https:\/\/zecovalve.com\/wp-content\/uploads\/2022\/06\/manual-gate-valve-300x225.jpg\" alt=\"Manuelles Schieberventil\" srcset=\"https:\/\/zecovalve.com\/wp-content\/uploads\/2022\/06\/manual-gate-valve-300x225.jpg 300w, https:\/\/zecovalve.com\/wp-content\/uploads\/2022\/06\/manual-gate-valve-768x576.jpg 768w, https:\/\/zecovalve.com\/wp-content\/uploads\/2022\/06\/manual-gate-valve-600x450.jpg 600w, https:\/\/zecovalve.com\/wp-content\/uploads\/2022\/06\/manual-gate-valve.jpg 800w\" sizes=\"auto, (max-width: 300px) 100vw, 300px\" \/><\/figure>\r\n\r\n\r\n<div class=\"gb-button-wrapper gb-button-wrapper-6d8495a3\">\r\n\r\n\r\n<p><a class=\"gb-button gb-button-3d442e11 gb-button-text\" href=\"mailto:commercial@zecovalve.com\" target=\"_blank\" rel=\"noopener noreferrer\"><strong>PREIS F\u00dcR MANUELLE SCHIEBERVENTILE ERHALTEN<\/strong><\/a><\/p>\r\n<\/div>\r\n\r\n\r\n\r\n\r\n<h2 class=\"wp-block-heading\" id=\"h-what-is-a-manual-gate-valve\">Was ist ein manuelles Absperrventil?<\/h2>\r\n\r\n\r\n\r\n<p>Der manuelle ZECO-Schieber wird nach der Antriebsart benannt. Der manuell bet\u00e4tigte Schieber ist normalerweise ein Schieber mit kleinem Durchmesser. Da das Drehmoment bei kleinem Durchmesser gering ist, kann er leicht von Hand ge\u00f6ffnet werden, sodass keine Benutzerkosten sowie Turbinenkopf oder Kegelradvorrichtung verschwendet werden m\u00fcssen. Als ber\u00fchmtes Markenprodukt aus Shanghai (China) und Jiangsu (China) widmet sich ZECO der weltweiten Bekanntmachung der Marke ZECO, um die Qualit\u00e4t und den Service der Marke ZECO zu weltber\u00fchmten Produkten zu machen und die Benutzer von \u00d6lgesellschaften, Ingenieursunternehmen und Designunternehmen ZECO Schritt f\u00fcr Schritt bekannter zu machen. Dies ist ein Sinn f\u00fcr Mission und Verantwortung von ZECO als nationale Marke, der daf\u00fcr sorgt, dass ZECO-Ventile in jeder Ecke der Welt erscheinen und jede Pipeline der Welt sch\u00fctzen.<\/p>\r\n\r\n\r\n\r\n<h2 class=\"wp-block-heading\" id=\"h-features-of-manual-gate-valve\">Merkmale des manuellen Absperrventils<\/h2>\r\n\r\n\r\n\r\n<ul class=\"wp-block-list\">\r\n<li>Der Keil des manuellen ZECO-Schiebers ist ein flexibler Einzelkeil, der eine bessere Dichtf\u00e4higkeit und geringere Drehmomentanforderungen bietet. Dadurch l\u00e4sst sich der manuelle ZECO-Schieber auch leichter \u00f6ffnen und ist f\u00fcr die manuelle Bedienung bequemer.<\/li>\r\n<li>Der Keil des manuellen ZECO-Schiebers verf\u00fcgt \u00fcber pr\u00e4zise F\u00fchrungsschlitze, die eine genaue Ausrichtung gew\u00e4hrleisten und w\u00e4hrend des Betriebs vollst\u00e4ndige F\u00fchrung bieten.<\/li>\r\n<li>Die Sitzringe des manuellen ZECO-Schiebers sind dicht im K\u00f6rper verschwei\u00dft und bestehen aus Kohlenstoffstahl mit gepanzerten Sitzfl\u00e4chen. Die Sitzfl\u00e4chen auf den Keilen werden durch Schwei\u00dfen von 13 CR Edelstahl oder Stellite hergestellt. Dar\u00fcber hinaus sorgen die hervorragenden F\u00e4higkeiten der ZECO-Schwei\u00dftechniker und die pr\u00e4zise Fehlersuche des Schwei\u00dfroboters f\u00fcr ein perfektes Schwei\u00dfergebnis.<\/li>\r\n<li>Das manuelle ZECO-Schieberventil ist mit einer R\u00fccksitzbuchse in der Haube ausgestattet, die den Austausch der Schaftpackung erm\u00f6glicht, wenn sich das Ventil in der v\u00f6llig ge\u00f6ffneten Stellung befindet.<\/li>\r\n<li>Geringe Emission: &lt; 100 ppm<\/li>\r\n<li>Geradheit und Rundheit des Stiels<\/li>\r\n<li>Oberfl\u00e4cheng\u00fcte des Schaftes bis max. 32 Ra<\/li>\r\n<li>Oberfl\u00e4cheng\u00fcte der Stopfbuchse bis max. 125 Ra<\/li>\r\n<li>Zylindrizit\u00e4t von Stopfbuchse und Stopfbuchse<\/li>\r\n<li>Selbstzentrierendes Stopfbuchsendesign<\/li>\r\n<li>Stopfbuchspackung: Gesenkgeformte Graphitringe mit geflochtenen Graphit-Ober- und Unterringen<\/li>\r\n<li>Gewellte Edelstahl- und Graphit-Haubendichtungen<\/li>\r\n<\/ul>\r\n\r\n\r\n\r\n<h2 class=\"wp-block-heading\">Produkt\u00fcbersicht des manuellen Absperrventils<\/h2>\r\n\r\n\r\n\r\n<figure class=\"wp-block-table\">\r\n<table>\r\n<tbody>\r\n<tr>\r\n<td>Design und Herstellung<\/td>\r\n<td>ASME B16.34, API600, API 6D<\/td>\r\n<\/tr>\r\n<tr>\r\n<td>Von Angesicht zu Angesicht<\/td>\r\n<td>ASME B16.10<\/td>\r\n<\/tr>\r\n<tr>\r\n<td>Anschlussma\u00dfe<\/td>\r\n<td>ASME B16.5, ASME B16.25<\/td>\r\n<\/tr>\r\n<tr>\r\n<td>Inspektion und Test<\/td>\r\n<td>ISO5208, API598<\/td>\r\n<\/tr>\r\n<tr>\r\n<td>Gr\u00f6\u00dfenbereich<\/td>\r\n<td>1\/2 Zoll bis 48 Zoll<\/td>\r\n<\/tr>\r\n<tr>\r\n<td>Druck<\/td>\r\n<td>Klasse 150\/Klasse 300\/Klasse 600\/Klasse 900\/Klasse 1500<\/td>\r\n<\/tr>\r\n<tr>\r\n<td>Mediumstemperatur<\/td>\r\n<td>-30 \u00b0C bis 450 \u00b0C<\/td>\r\n<\/tr>\r\n<tr>\r\n<td>Materialoptionen<\/td>\r\n<td>Edelstahl 304\/316\/316L oder WCB<\/td>\r\n<\/tr>\r\n<\/tbody>\r\n<\/table>\r\n<\/figure>\r\n\r\n\r\n\r\n<h2 class=\"wp-block-heading\" id=\"h-material-of-manual-gate-valve\">Material des manuellen Absperrventils<\/h2>\r\n\r\n\r\n\r\n<figure class=\"wp-block-table\">\r\n<table>\r\n<tbody>\r\n<tr>\r\n<td>Nein<\/td>\r\n<td>Teil<\/td>\r\n<td>Material<\/td>\r\n<\/tr>\r\n<tr>\r\n<td>1<\/td>\r\n<td>K\u00f6rper<\/td>\r\n<td>ASTM A216 WCB<\/td>\r\n<\/tr>\r\n<tr>\r\n<td>2<\/td>\r\n<td>Sitzring<\/td>\r\n<td>ASTM A105 + STL<\/td>\r\n<\/tr>\r\n<tr>\r\n<td>3<\/td>\r\n<td>Keil<\/td>\r\n<td>ASTM A216 WCB + 13Cr<\/td>\r\n<\/tr>\r\n<tr>\r\n<td>4<\/td>\r\n<td>Vorbau<\/td>\r\n<td>ASTM A276 410<\/td>\r\n<\/tr>\r\n<tr>\r\n<td>5<\/td>\r\n<td>Dichtung der Motorhaube<\/td>\r\n<td>Graphit + SS304<\/td>\r\n<\/tr>\r\n<tr>\r\n<td>6<\/td>\r\n<td>Motorhaubenbolzen<\/td>\r\n<td>ASTM A193 B7<\/td>\r\n<\/tr>\r\n<tr>\r\n<td>7<\/td>\r\n<td>Haubenmutter<\/td>\r\n<td>ASTM A194 2H<\/td>\r\n<\/tr>\r\n<tr>\r\n<td>8<\/td>\r\n<td>Motorhaube<\/td>\r\n<td>ASTM A216 WCB<\/td>\r\n<\/tr>\r\n<tr>\r\n<td>9<\/td>\r\n<td>R\u00fccksitz<\/td>\r\n<td>ASTM A182 F6a<\/td>\r\n<\/tr>\r\n<tr>\r\n<td>10<\/td>\r\n<td>Spindelpackung<\/td>\r\n<td>Verst\u00e4rkter Graphit<\/td>\r\n<\/tr>\r\n<tr>\r\n<td>11<\/td>\r\n<td>Handrad<\/td>\r\n<td>KTH330-08<\/td>\r\n<\/tr>\r\n<\/tbody>\r\n<\/table>\r\n<\/figure>\r\n\r\n\r\n\r\n<h2 class=\"wp-block-heading\">Anwendungen von manuellen Absperrventilen<\/h2>\r\n\r\n\r\n\r\n<ul class=\"wp-block-list\">\r\n<li>\u00d6lraffinerie<\/li>\r\n<li>Chemische Verarbeitung<\/li>\r\n<li>Stromerzeugung<\/li>\r\n<li>Anwendungen, die erfordern, dass Hersteller auf einer Liste zugelassener Hersteller (AML) stehen<\/li>\r\n<\/ul>\r\n\r\n\r\n\r\n<h2 class=\"wp-block-heading\">Hersteller und Fabrik f\u00fcr manuell bet\u00e4tigte Absperrschieber<\/h2>\r\n\r\n\r\n\r\n<p>Wenn Sie auf der Suche nach einem <a href=\"https:\/\/zecovalve.com\/de\/produkt\/manual-gate-valve\" data-internallinksmanager029f6b8e52c=\"5\" title=\"Hersteller von manuell bet\u00e4tigten Schieberventilen\" target=\"_blank\" rel=\"noopener\">Hersteller von manuell bet\u00e4tigten Schieberventilen<\/a>, dann sind Sie hier richtig. ZECO Valve ist ein Industrie <a href=\"https:\/\/zecovalve.com\/de\/produkt\/manual-gate-valve\" data-internallinksmanager029f6b8e52c=\"5\" title=\"Hersteller von manuell bet\u00e4tigten Schieberventilen\" target=\"_blank\" rel=\"noopener\">Fabrik f\u00fcr manuell bet\u00e4tigte Schieberventile<\/a> in China. Unser Hauptprodukt ist das ANSI API 600-Schieberventil. Andere Standards k\u00f6nnen ebenfalls angepasst werden. Wir bieten alle Arten von Schiebern in allen Materialien wie WCB und Edelstahl, in allen Ausf\u00fchrungen und Druckbereichen Ihrer Wahl. Wir bieten auch einen ma\u00dfgeschneiderten Ventilservice an, um Ihre Anforderungen zu erf\u00fcllen und Ihr Projekt reibungslos laufen zu lassen. Lassen Sie sich von uns beraten, um das richtige Schieberventil f\u00fcr Ihre Projektanforderungen auszuw\u00e4hlen.<\/p>","protected":false},"excerpt":{"rendered":"<p>ZECO Valve ist ein f\u00fchrender Hersteller, Lieferant und Exporteur von manuell bet\u00e4tigten Schieberventilen. Wir bieten manuelle Schieberventile in verschiedenen Gr\u00f6\u00dfen an \u2026 <a title=\"Manuelles Schieberventil\" class=\"read-more\" href=\"https:\/\/zecovalve.com\/de\/produkt\/manual-gate-valve\" aria-label=\"Mehr zu Manual Gate Valve\">Weiterlesen ...<\/a><\/p>","protected":false},"featured_media":27881,"comment_status":"closed","ping_status":"closed","template":"","meta":{"_generate-full-width-content":"","kt_blocks_editor_width":""},"product_cat":[2052,2457],"product_tag":[2798],"class_list":["post-16247","product","type-product","status-publish","has-post-thumbnail","hentry","product_cat-gate-valve","product_cat-gate-valve-by-drive-mode","product_tag-osy-valve","sales-flash-overlay","woocommerce-text-align-center","woocommerce-image-align-center","do-quantity-buttons"],"featured_image_src_large":["https:\/\/zecovalve.com\/wp-content\/uploads\/2022\/06\/Manual-Gate-Valve-1.jpg",800,600,false],"author_info":[],"comment_info":0,"taxonomy_info":{"product_cat":[{"value":2052,"label":"Gate Valve"},{"value":2457,"label":"Gate Valve with Actuator"}],"product_tag":[{"value":2798,"label":"OS&amp;Y Valve"}]},"yoast_head":"<!-- This site is optimized with the Yoast SEO Premium plugin v15.4 - https:\/\/yoast.com\/wordpress\/plugins\/seo\/ -->\n<title>Manual Gate Valve - Manual Operate Gate Valve Manufacturer | ZECO<\/title>\n<meta name=\"robots\" content=\"index, follow, max-snippet:-1, max-image-preview:large, max-video-preview:-1\" \/>\n<link rel=\"canonical\" href=\"https:\/\/zecovalve.com\/de\/produkt\/manual-gate-valve\" \/>\n<meta property=\"og:locale\" content=\"de_DE\" \/>\n<meta property=\"og:type\" content=\"article\" \/>\n<meta property=\"og:title\" content=\"Manual Gate Valve - Manual Operate Gate Valve Manufacturer | ZECO\" \/>\n<meta property=\"og:description\" content=\"ZECO Valve is a leading manufacturer, supplier and exporter of manual operated gate valve. We offer manual gate valve with different sizes ... Weiterlesen ...\" \/>\n<meta property=\"og:url\" content=\"https:\/\/zecovalve.com\/de\/produkt\/manual-gate-valve\" \/>\n<meta property=\"og:site_name\" content=\"ZECO Valve\" \/>\n<meta property=\"article:modified_time\" content=\"2023-06-15T12:40:40+00:00\" \/>\n<meta property=\"og:image\" content=\"https:\/\/zecovalve.com\/wp-content\/uploads\/2022\/06\/Manual-Gate-Valve-1.jpg\" \/>\n\t<meta property=\"og:image:width\" content=\"800\" \/>\n\t<meta property=\"og:image:height\" content=\"600\" \/>\n<meta name=\"twitter:card\" content=\"summary_large_image\" \/>\n<meta name=\"twitter:label1\" content=\"Verfasst von\">\n\t<meta name=\"twitter:data1\" content=\"Jerry\">\n\t<meta name=\"twitter:label2\" content=\"Gesch\u00e4tzte Lesezeit\">\n\t<meta name=\"twitter:data2\" content=\"2\u00a0Minuten\">\n<script type=\"application\/ld+json\" class=\"yoast-schema-graph\">{\"@context\":\"https:\/\/schema.org\",\"@graph\":[{\"@type\":\"WebSite\",\"@id\":\"https:\/\/zecovalve.com\/#website\",\"url\":\"https:\/\/zecovalve.com\/\",\"name\":\"ZECO Valve\",\"description\":\"Industrial Ball Valve, Gate Valve and Globe Valve Manufacturer\",\"potentialAction\":[{\"@type\":\"SearchAction\",\"target\":\"https:\/\/zecovalve.com\/?s={search_term_string}\",\"query-input\":\"required name=search_term_string\"}],\"inLanguage\":\"de\"},{\"@type\":\"ImageObject\",\"@id\":\"https:\/\/zecovalve.com\/product\/manual-gate-valve#primaryimage\",\"inLanguage\":\"de\",\"url\":\"https:\/\/zecovalve.com\/wp-content\/uploads\/2022\/06\/Manual-Gate-Valve-1.jpg\",\"width\":800,\"height\":600,\"caption\":\"Manual Gate Valve\"},{\"@type\":\"WebPage\",\"@id\":\"https:\/\/zecovalve.com\/product\/manual-gate-valve#webpage\",\"url\":\"https:\/\/zecovalve.com\/product\/manual-gate-valve\",\"name\":\"Manual Gate Valve - Manual Operate Gate Valve Manufacturer | ZECO\",\"isPartOf\":{\"@id\":\"https:\/\/zecovalve.com\/#website\"},\"primaryImageOfPage\":{\"@id\":\"https:\/\/zecovalve.com\/product\/manual-gate-valve#primaryimage\"},\"datePublished\":\"2022-06-20T09:11:40+00:00\",\"dateModified\":\"2023-06-15T12:40:40+00:00\",\"breadcrumb\":{\"@id\":\"https:\/\/zecovalve.com\/product\/manual-gate-valve#breadcrumb\"},\"inLanguage\":\"de\",\"potentialAction\":[{\"@type\":\"ReadAction\",\"target\":[\"https:\/\/zecovalve.com\/product\/manual-gate-valve\"]}]},{\"@type\":\"BreadcrumbList\",\"@id\":\"https:\/\/zecovalve.com\/product\/manual-gate-valve#breadcrumb\",\"itemListElement\":[{\"@type\":\"ListItem\",\"position\":1,\"item\":{\"@type\":\"WebPage\",\"@id\":\"https:\/\/zecovalve.com\/\",\"url\":\"https:\/\/zecovalve.com\/\",\"name\":\"Home\"}},{\"@type\":\"ListItem\",\"position\":2,\"item\":{\"@type\":\"WebPage\",\"@id\":\"https:\/\/zecovalve.com\/product-category\",\"url\":\"https:\/\/zecovalve.com\/product-category\",\"name\":\"Industrial Valve Manufacturer | Water Valve Manufacturer\"}},{\"@type\":\"ListItem\",\"position\":3,\"item\":{\"@type\":\"WebPage\",\"@id\":\"https:\/\/zecovalve.com\/product\/manual-gate-valve\",\"url\":\"https:\/\/zecovalve.com\/product\/manual-gate-valve\",\"name\":\"Manual Gate Valve\"}}]}]}<\/script>\n<!-- \/ Yoast SEO Premium plugin. -->","_links":{"self":[{"href":"https:\/\/zecovalve.com\/de\/wp-json\/wp\/v2\/product\/16247","targetHints":{"allow":["GET"]}}],"collection":[{"href":"https:\/\/zecovalve.com\/de\/wp-json\/wp\/v2\/product"}],"about":[{"href":"https:\/\/zecovalve.com\/de\/wp-json\/wp\/v2\/types\/product"}],"replies":[{"embeddable":true,"href":"https:\/\/zecovalve.com\/de\/wp-json\/wp\/v2\/comments?post=16247"}],"wp:featuredmedia":[{"embeddable":true,"href":"https:\/\/zecovalve.com\/de\/wp-json\/wp\/v2\/media\/27881"}],"wp:attachment":[{"href":"https:\/\/zecovalve.com\/de\/wp-json\/wp\/v2\/media?parent=16247"}],"wp:term":[{"taxonomy":"product_cat","embeddable":true,"href":"https:\/\/zecovalve.com\/de\/wp-json\/wp\/v2\/product_cat?post=16247"},{"taxonomy":"product_tag","embeddable":true,"href":"https:\/\/zecovalve.com\/de\/wp-json\/wp\/v2\/product_tag?post=16247"}],"curies":[{"name":"wp","href":"https:\/\/api.w.org\/{rel}","templated":true}]}}