{"id":16249,"date":"2022-06-20T09:15:39","date_gmt":"2022-06-20T09:15:39","guid":{"rendered":"https:\/\/zecovalve.com\/?post_type=product&#038;p=16249"},"modified":"2023-06-15T12:41:37","modified_gmt":"2023-06-15T12:41:37","slug":"pneumatic-gate-valve","status":"publish","type":"product","link":"https:\/\/zecovalve.com\/de\/produkt\/pneumatic-gate-valve","title":{"rendered":"Pneumatisches Schieberventil"},"content":{"rendered":"<div class=\"wp-block-columns is-layout-flex wp-container-core-columns-is-layout-9d6595d7 wp-block-columns-is-layout-flex\">\r\n<div class=\"wp-block-column is-layout-flow wp-block-column-is-layout-flow\">\r\n<figure class=\"wp-block-image size-full\"><img loading=\"lazy\" decoding=\"async\" width=\"330\" height=\"300\" class=\"wp-image-16924\" src=\"https:\/\/zecovalve.com\/wp-content\/uploads\/2022\/06\/knife-gate-valve.jpg\" alt=\"Plattenschieber\" srcset=\"https:\/\/zecovalve.com\/wp-content\/uploads\/2022\/06\/knife-gate-valve.jpg 330w, https:\/\/zecovalve.com\/wp-content\/uploads\/2022\/06\/knife-gate-valve-300x273.jpg 300w\" sizes=\"auto, (max-width: 330px) 100vw, 330px\" \/><\/figure>\r\n<\/div>\r\n<\/div>\r\n\r\n\r\n<div class=\"gb-button-wrapper gb-button-wrapper-6d8495a3\">\r\n\r\n\r\n<p><a class=\"gb-button gb-button-3d442e11 gb-button-text\" href=\"https:\/\/zecovalve.com\/de\/contact\/\" target=\"_blank\" rel=\"noopener noreferrer\"><strong>PREIS F\u00dcR PNEUMATISCHE SCHIEBERVENTILE ERHALTEN<\/strong><\/a><\/p>\r\n<\/div>\r\n\r\n\r\n\r\n\r\n<h2 class=\"wp-block-heading\" id=\"h-what-is-a-pneumatic-gate-valve\">Was ist ein pneumatisches Absperrventil?<\/h2>\r\n\r\n\r\n\r\n<p>Das pneumatische Schieberventil von ZECO ist ein Schieberventil, das durch Druckluft angetrieben wird. Das pneumatische Schieberventil von ZECO bietet eine stabile Leistung und eine bequeme Bedienung. Es wird h\u00e4ufig als Schnellabsperrventil in \u00d6l-, Erdgas- und anderen Industrieprojekten eingesetzt. Der pneumatische Antrieb verf\u00fcgt \u00fcber eine doppelschichtige Zylinderstruktur. Im Vergleich zum gew\u00f6hnlichen Einzylinderantrieb ist seine Hubkraft gr\u00f6\u00dfer, was das Problem l\u00f6st, dass das \u00d6ffnungsdrehmoment eines gro\u00dfen Schieberventils zum \u00d6ffnen zu gro\u00df ist. Da pneumatische Antriebe schnell \u00f6ffnen und schlie\u00dfen, ist ZECO mit einem D\u00e4mpfungsmechanismus ausgestattet, um den Verschlei\u00df der Dichtfl\u00e4che und des Schiebers beim schnellen Schlie\u00dfen zu verringern.<\/p>\r\n\r\n\r\n\r\n<h2 class=\"wp-block-heading\">Arten von pneumatischen Schieberventilen<\/h2>\r\n\r\n\r\n\r\n\r\n\r\n<h3 class=\"wp-block-heading\">Pneumatisches Plattenschieberventil<\/h3>\r\n\r\n\r\n\r\n<p>Das pneumatische Absperrschieberventil ist eine Hochleistungseinheit mit Gussk\u00f6rper, Absperrschieber, Stopfbuchse mit Packung und \u00fcberdimensioniertem Luftzylinder. Diese Hochleistungseinheiten haben ein 150 lbs-Bolzenlochmuster. Zu den Optionen geh\u00f6ren ein elastischer Sitz zur Abdichtung gegen Druck oder Vakuum, Magnetventile und N\u00e4herungssensoren.<\/p>\r\n\r\n\r\n\r\n<h4 class=\"wp-block-heading\">Spezifikationen des pneumatischen Messerschiebers<\/h4>\r\n\r\n\r\n\r\n<ul class=\"wp-block-list\">\r\n<li>Entwurfsnorm: MSS SP-81<\/li>\r\n<li>F bis F: Gem\u00e4\u00df MSS SP -81<\/li>\r\n<li>Pr\u00fcfnorm: MSS SP-81<\/li>\r\n<li>Gr\u00f6\u00dfenbereich: 50 mm bis 600 mm<\/li>\r\n<li>Druckbewertung: 50 mm bis 300 mm \u2013 150 psi \/ 400 mm bis 450 mm \u2013 75 psi \/ 500 mm bis 600 mm \u2013 50 psi<\/li>\r\n<li>Endausf\u00fchrung: Volle \u00d6sen, Wafertyp, flanschlos \/ Zwei \u00d6sen, Wafertyp, flanschlos \/ Flanschtyp, Wafer<\/li>\r\n<li>\u00d6senoptionen: a. BSP-Gewindeloch im Brustbereich und in den \u00d6sen \/ b. BSP-Gewindeloch im Brustbereich und durch ein Loch in den \u00d6sen.<\/li>\r\n<li>Bohren: ANSI B 16.5 Klasse 150, BS 10 Tabelle \u201eD\u201c und \u201eE\u201c, DIN, JIS, IS usw.<\/li>\r\n<li>Ventilbet\u00e4tigung: Zylinder, Kegelrad, Elektromotor, Kettenrad, Hebel<\/li>\r\n<li>Geh\u00e4usedesign: Vollrunder Anschluss \/ Anschluss mit V-Kerbe \/ Quadratischer Anschluss<\/li>\r\n<\/ul>\r\n\r\n\r\n\r\n<h4 class=\"wp-block-heading\">Merkmale pneumatischer Plattenschieber<\/h4>\r\n\r\n\r\n\r\n<ul class=\"wp-block-list\">\r\n<li>Robuste Gusskonstruktion<\/li>\r\n<li>ASA-Schraubenlochmuster<\/li>\r\n<li>Edelstahlkonstruktion<\/li>\r\n<li>Dicke Messerplatte mit abgeschr\u00e4gter Kante<\/li>\r\n<li>Elastische Gummisitze dichten gegen Druck und Vakuum ab<\/li>\r\n<li>Pneumatische oder manuelle Bet\u00e4tigung<\/li>\r\n<li>\u00dcberdimensionierter Luftzylinder f\u00fcr pneumatische Einheiten<\/li>\r\n<\/ul>\r\n\r\n\r\n<div class=\"wp-block-image\">\r\n<figure class=\"alignright size-full is-resized\"><img loading=\"lazy\" decoding=\"async\" class=\"wp-image-16250\" src=\"https:\/\/zecovalve.com\/wp-content\/uploads\/2022\/06\/pneumatic-gate-valve.jpg\" alt=\"Pneumatisches Schieberventil\" width=\"330\" height=\"248\" srcset=\"https:\/\/zecovalve.com\/wp-content\/uploads\/2022\/06\/pneumatic-gate-valve.jpg 800w, https:\/\/zecovalve.com\/wp-content\/uploads\/2022\/06\/pneumatic-gate-valve-300x225.jpg 300w, https:\/\/zecovalve.com\/wp-content\/uploads\/2022\/06\/pneumatic-gate-valve-768x576.jpg 768w, https:\/\/zecovalve.com\/wp-content\/uploads\/2022\/06\/pneumatic-gate-valve-600x450.jpg 600w\" sizes=\"auto, (max-width: 330px) 100vw, 330px\" \/><\/figure>\r\n<\/div>\r\n\r\n\r\n<h3 class=\"wp-block-heading\">Pneumatischer Keilschieber<\/h3>\r\n\r\n\r\n\r\n<p>Ein pneumatisches Keilschieberventil ist ein zwangsdichtendes Ventil, das durch die Keilwirkung zwischen den Dichtfl\u00e4chen des Ventilk\u00f6rpers und des Keils bet\u00e4tigt wird und so f\u00fcr eine dichte Abdichtung sorgt.<\/p>\r\n\r\n\r\n\r\n<h4 class=\"wp-block-heading\" id=\"h-features-of-pneumatic-wedge-gate-valve\">Merkmale des pneumatischen Keilschiebers<\/h4>\r\n\r\n\r\n\r\n<ul class=\"wp-block-list\">\r\n<li>Das pneumatische Schieberventil von ZECO verf\u00fcgt \u00fcber eine Doppelzylinderstruktur. Die \u00d6ffnungskraft ist doppelt so gro\u00df wie bei einer Einzelzylinderstruktur. Damit k\u00f6nnen problemlos Einzelzylinder ge\u00f6ffnet werden, die sich aufgrund des hohen \u00d6ffnungsdrehmoments eines Schieberventils mit gro\u00dfem Durchmesser oder eines Hochdruck-Schieberventils im Ventilk\u00f6rper nicht \u00f6ffnen lassen.<\/li>\r\n<li>Das pneumatische ZECO-Schieberventil hat positive und negative Funktionen, wodurch das Ventil auch die Funktion des schnellen \u00d6ffnens und Schlie\u00dfens hat. Da die Keilstruktur des Schiebers dichter abgedichtet ist, hat das pneumatische Schieberventil au\u00dferdem eine ausgezeichnete Schneidfunktion, die vorteilhafter ist als bei anderen herk\u00f6mmlichen Ventilen;<\/li>\r\n<li>Das pneumatische ZECO-Schieberventil verf\u00fcgt \u00fcber einen Puffermechanismus. Bei zu hoher \u00d6ffnungs- oder Schlie\u00dfgeschwindigkeit kann es ohne Puffermechanismus zu einer Besch\u00e4digung der Dichtfl\u00e4che des Ventilk\u00f6rpers und der Dichtfl\u00e4che des Schiebers kommen, sodass das Ventil nicht mehr abgedichtet werden kann.<\/li>\r\n<li>Pneumatische ZECO-Schieber k\u00f6nnen auch mit einem pneumatischen Umschaltmechanismus am Deckel des pneumatischen Antriebs ausgestattet werden. Bei einem versehentlichen Ausfall des pneumatischen Antriebs kann das Ventil durch manuelle Bet\u00e4tigung ge\u00f6ffnet oder geschlossen werden.<\/li>\r\n<li>Auf der Haube ist ein pneumatischer Antrieb installiert, der das \u00d6ffnen und Schlie\u00dfen des Ventils durch pneumatischen Druck steuert.<\/li>\r\n<li>Metalldichtung zwischen Karosserie und Motorhaube.<\/li>\r\n<li>R\u00fccksitzdichtung zwischen Schaft und Haube, erleichtert den Wechsel des Dichtungsmaterials unter Druck.<\/li>\r\n<li>Die Dichtungsfl\u00e4che besteht aus einer Hartbeschichtung oder QBQ und ist korrosions- und verschlei\u00dffest.<\/li>\r\n<li>Niedriges Betriebsdrehmoment<\/li>\r\n<\/ul>\r\n\r\n\r\n\r\n<h4 class=\"wp-block-heading\">Spezifikationen f\u00fcr pneumatische Keilschieber<\/h4>\r\n\r\n\r\n\r\n<ul class=\"wp-block-list\">\r\n<li>Material: Kohlenstoffstahl, Edelstahl, legierter Stahl usw.<\/li>\r\n<li>Nennweite: NPS 1\/2\u2033-NPS 48\u2033 (DN15-DN1200)<\/li>\r\n<li>Druck: CL150-CL2500 (PN10-PN420)<\/li>\r\n<li>Temperaturbereich: -196\u00b0C bis +550\u00b0C<\/li>\r\n<\/ul>\r\n\r\n\r\n\r\n<h4 class=\"wp-block-heading\">Merkmale pneumatischer Keilschieber<\/h4>\r\n\r\n\r\n\r\n<ul class=\"wp-block-list\">\r\n<li>Glatter Flie\u00dfweg, niedriger Durchflusskoeffizient, Erosion und Korrosion an Dichtfl\u00e4chen sind weniger wahrscheinlich;<\/li>\r\n<li>Unbegrenzte Durchflussrichtung, kein Druckabfall, einfacher Aufbau, breites Anwendungsspektrum;<\/li>\r\n<li>Die Verbindungen zwischen Ventilk\u00f6rper und Ventildeckel sind in vielen Formen erh\u00e4ltlich, wie z. B. Schraub-, Gewinde- und Schwei\u00dfverbindungen sowie Druck<\/li>\r\n<li>selbstspannende Dichtungsstruktur zur perfekten Anpassung an verschiedene Arbeitszust\u00e4nde;<\/li>\r\n<li>Kompakte und einfache Struktur, geringer Platzbedarf f\u00fcr die Installation, schnelle \u00d6ffnungs-\/Schlie\u00dffunktion, leicht zu warten;<\/li>\r\n<\/ul>","protected":false},"excerpt":{"rendered":"<p>Was ist ein pneumatisches Absperrventil? Das pneumatische Absperrventil von ZECO ist ein mit Druckluft betriebenes Absperrventil. Das pneumatische Absperrventil von ZECO \u2026 <a title=\"Pneumatisches Schieberventil\" class=\"read-more\" href=\"https:\/\/zecovalve.com\/de\/produkt\/pneumatic-gate-valve\" aria-label=\"Mehr zu Pneumatic Gate Valve\">Weiterlesen ...<\/a><\/p>","protected":false},"featured_media":27882,"comment_status":"closed","ping_status":"closed","template":"","meta":{"_generate-full-width-content":"","kt_blocks_editor_width":""},"product_cat":[2052,2457],"product_tag":[],"class_list":["post-16249","product","type-product","status-publish","has-post-thumbnail","hentry","product_cat-gate-valve","product_cat-gate-valve-by-drive-mode","sales-flash-overlay","woocommerce-text-align-center","woocommerce-image-align-center","do-quantity-buttons"],"featured_image_src_large":["https:\/\/zecovalve.com\/wp-content\/uploads\/2022\/06\/Pneumatic-Gate-Valve-1.jpg",800,600,false],"author_info":[],"comment_info":0,"taxonomy_info":{"product_cat":[{"value":2052,"label":"Gate Valve"},{"value":2457,"label":"Gate Valve with Actuator"}]},"yoast_head":"<!-- This site is optimized with the Yoast SEO Premium plugin v15.4 - https:\/\/yoast.com\/wordpress\/plugins\/seo\/ -->\n<title>Pneumatic Gate Valve - Pneumatic Knife Gate Valve | ZECO Valve<\/title>\n<meta name=\"robots\" content=\"index, follow, max-snippet:-1, max-image-preview:large, max-video-preview:-1\" \/>\n<link rel=\"canonical\" href=\"https:\/\/zecovalve.com\/de\/produkt\/pneumatic-gate-valve\" \/>\n<meta property=\"og:locale\" content=\"de_DE\" \/>\n<meta property=\"og:type\" content=\"article\" \/>\n<meta property=\"og:title\" content=\"Pneumatic Gate Valve - Pneumatic Knife Gate Valve | ZECO Valve\" \/>\n<meta property=\"og:description\" content=\"What is a Pneumatic Gate Valve? ZECO pneumatic gate valve is a gate valve driven by compressed air. ZECO pneumatic gate valve ... Weiterlesen ...\" \/>\n<meta property=\"og:url\" content=\"https:\/\/zecovalve.com\/de\/produkt\/pneumatic-gate-valve\" \/>\n<meta property=\"og:site_name\" content=\"ZECO Valve\" \/>\n<meta property=\"article:modified_time\" content=\"2023-06-15T12:41:37+00:00\" \/>\n<meta property=\"og:image\" content=\"https:\/\/zecovalve.com\/wp-content\/uploads\/2022\/06\/Pneumatic-Gate-Valve-1.jpg\" \/>\n\t<meta property=\"og:image:width\" content=\"800\" \/>\n\t<meta property=\"og:image:height\" content=\"600\" \/>\n<meta name=\"twitter:card\" content=\"summary_large_image\" \/>\n<meta name=\"twitter:label1\" content=\"Verfasst von\">\n\t<meta name=\"twitter:data1\" content=\"Jerry\">\n\t<meta name=\"twitter:label2\" content=\"Gesch\u00e4tzte Lesezeit\">\n\t<meta name=\"twitter:data2\" content=\"3\u00a0Minuten\">\n<script type=\"application\/ld+json\" class=\"yoast-schema-graph\">{\"@context\":\"https:\/\/schema.org\",\"@graph\":[{\"@type\":\"WebSite\",\"@id\":\"https:\/\/zecovalve.com\/#website\",\"url\":\"https:\/\/zecovalve.com\/\",\"name\":\"ZECO Valve\",\"description\":\"Industrial Ball Valve, Gate Valve and Globe Valve Manufacturer\",\"potentialAction\":[{\"@type\":\"SearchAction\",\"target\":\"https:\/\/zecovalve.com\/?s={search_term_string}\",\"query-input\":\"required name=search_term_string\"}],\"inLanguage\":\"de\"},{\"@type\":\"ImageObject\",\"@id\":\"https:\/\/zecovalve.com\/product\/pneumatic-gate-valve#primaryimage\",\"inLanguage\":\"de\",\"url\":\"https:\/\/zecovalve.com\/wp-content\/uploads\/2022\/06\/Pneumatic-Gate-Valve-1.jpg\",\"width\":800,\"height\":600,\"caption\":\"Pneumatic Gate Valve\"},{\"@type\":\"WebPage\",\"@id\":\"https:\/\/zecovalve.com\/product\/pneumatic-gate-valve#webpage\",\"url\":\"https:\/\/zecovalve.com\/product\/pneumatic-gate-valve\",\"name\":\"Pneumatic Gate Valve - Pneumatic Knife Gate Valve | ZECO Valve\",\"isPartOf\":{\"@id\":\"https:\/\/zecovalve.com\/#website\"},\"primaryImageOfPage\":{\"@id\":\"https:\/\/zecovalve.com\/product\/pneumatic-gate-valve#primaryimage\"},\"datePublished\":\"2022-06-20T09:15:39+00:00\",\"dateModified\":\"2023-06-15T12:41:37+00:00\",\"breadcrumb\":{\"@id\":\"https:\/\/zecovalve.com\/product\/pneumatic-gate-valve#breadcrumb\"},\"inLanguage\":\"de\",\"potentialAction\":[{\"@type\":\"ReadAction\",\"target\":[\"https:\/\/zecovalve.com\/product\/pneumatic-gate-valve\"]}]},{\"@type\":\"BreadcrumbList\",\"@id\":\"https:\/\/zecovalve.com\/product\/pneumatic-gate-valve#breadcrumb\",\"itemListElement\":[{\"@type\":\"ListItem\",\"position\":1,\"item\":{\"@type\":\"WebPage\",\"@id\":\"https:\/\/zecovalve.com\/\",\"url\":\"https:\/\/zecovalve.com\/\",\"name\":\"Home\"}},{\"@type\":\"ListItem\",\"position\":2,\"item\":{\"@type\":\"WebPage\",\"@id\":\"https:\/\/zecovalve.com\/product-category\",\"url\":\"https:\/\/zecovalve.com\/product-category\",\"name\":\"Industrial Valve Manufacturer | Water Valve Manufacturer\"}},{\"@type\":\"ListItem\",\"position\":3,\"item\":{\"@type\":\"WebPage\",\"@id\":\"https:\/\/zecovalve.com\/product\/pneumatic-gate-valve\",\"url\":\"https:\/\/zecovalve.com\/product\/pneumatic-gate-valve\",\"name\":\"Pneumatic Gate Valve\"}}]}]}<\/script>\n<!-- \/ Yoast SEO Premium plugin. -->","_links":{"self":[{"href":"https:\/\/zecovalve.com\/de\/wp-json\/wp\/v2\/product\/16249","targetHints":{"allow":["GET"]}}],"collection":[{"href":"https:\/\/zecovalve.com\/de\/wp-json\/wp\/v2\/product"}],"about":[{"href":"https:\/\/zecovalve.com\/de\/wp-json\/wp\/v2\/types\/product"}],"replies":[{"embeddable":true,"href":"https:\/\/zecovalve.com\/de\/wp-json\/wp\/v2\/comments?post=16249"}],"wp:featuredmedia":[{"embeddable":true,"href":"https:\/\/zecovalve.com\/de\/wp-json\/wp\/v2\/media\/27882"}],"wp:attachment":[{"href":"https:\/\/zecovalve.com\/de\/wp-json\/wp\/v2\/media?parent=16249"}],"wp:term":[{"taxonomy":"product_cat","embeddable":true,"href":"https:\/\/zecovalve.com\/de\/wp-json\/wp\/v2\/product_cat?post=16249"},{"taxonomy":"product_tag","embeddable":true,"href":"https:\/\/zecovalve.com\/de\/wp-json\/wp\/v2\/product_tag?post=16249"}],"curies":[{"name":"wp","href":"https:\/\/api.w.org\/{rel}","templated":true}]}}