{"id":16257,"date":"2022-06-20T12:37:19","date_gmt":"2022-06-20T12:37:19","guid":{"rendered":"https:\/\/zecovalve.com\/?post_type=product&#038;p=16257"},"modified":"2023-06-07T07:04:04","modified_gmt":"2023-06-07T07:04:04","slug":"56-inch-ball-valve","status":"publish","type":"product","link":"https:\/\/zecovalve.com\/de\/produkt\/56-inch-ball-valve","title":{"rendered":"56 Zoll Kugelhahn"},"content":{"rendered":"<p>ZECO Valve bringt seit 2016 Kugelh\u00e4hne mit gro\u00dfem Durchmesser auf den Markt. ZECO Valve entwickelt Ventile, die f\u00fcr jede Anwendung im \u00d6l- und Gasbereich geeignet sind. Unser technisches Team pr\u00fcft sorgf\u00e4ltig alle technischen Spezifikationen, um die beste technische L\u00f6sung zu finden, die den Anforderungen des Kunden entspricht, und, wenn m\u00f6glich, potenzielle Verbesserungen vorzuschlagen, um ein besser konstruiertes Ventil zu liefern, das Ihren Anforderungen oder Ihrer Anwendung gerecht wird.<\/p>\r\n\r\n\r\n\r\n<figure class=\"wp-block-image size-full is-resized\"><img loading=\"lazy\" decoding=\"async\" class=\"wp-image-26581\" src=\"https:\/\/zecovalve.com\/wp-content\/uploads\/2022\/08\/A105-\u5168\u710a\u63a5\u7403\u9600.jpg\" alt=\"\" width=\"400\" height=\"400\" srcset=\"https:\/\/zecovalve.com\/wp-content\/uploads\/2022\/08\/A105-\u5168\u710a\u63a5\u7403\u9600.jpg 800w, https:\/\/zecovalve.com\/wp-content\/uploads\/2022\/08\/A105-\u5168\u710a\u63a5\u7403\u9600-300x300.jpg 300w, https:\/\/zecovalve.com\/wp-content\/uploads\/2022\/08\/A105-\u5168\u710a\u63a5\u7403\u9600-150x150.jpg 150w, https:\/\/zecovalve.com\/wp-content\/uploads\/2022\/08\/A105-\u5168\u710a\u63a5\u7403\u9600-768x768.jpg 768w, https:\/\/zecovalve.com\/wp-content\/uploads\/2022\/08\/A105-\u5168\u710a\u63a5\u7403\u9600-400x400.jpg 400w, https:\/\/zecovalve.com\/wp-content\/uploads\/2022\/08\/A105-\u5168\u710a\u63a5\u7403\u9600-600x600.jpg 600w, https:\/\/zecovalve.com\/wp-content\/uploads\/2022\/08\/A105-\u5168\u710a\u63a5\u7403\u9600-100x100.jpg 100w\" sizes=\"auto, (max-width: 400px) 100vw, 400px\" \/><\/figure>\r\n\r\n\r\n<div class=\"gb-button-wrapper gb-button-wrapper-6d8495a3\">\r\n\r\n\r\n<p><a class=\"gb-button gb-button-3d442e11 gb-button-text\" href=\"https:\/\/zecovalve.com\/de\/contact\/\" target=\"_blank\" rel=\"noopener noreferrer\"><strong>ERHALTEN SIE DEN PREIS F\u00dcR 56-ZOLL-KUGELHAHN<\/strong><\/a><\/p>\r\n<\/div>\r\n\r\n\r\n\r\n\r\n<h2 class=\"wp-block-heading\">Details zum gro\u00dfen Kugelhahn von ZECO<\/h2>\r\n\r\n\r\n\r\n<ul class=\"wp-block-list\">\r\n<li>ZECO-Kugelh\u00e4hne k\u00f6nnen von 1\u00bd bis 56 Zoll (falls zutreffend) hergestellt werden.<\/li>\r\n<li>Druckklassen von 150 bis 2500 ANSI (wo zutreffend)<\/li>\r\n<li>Schwimmende und Zapfenkugelh\u00e4hne (DBB, DIB1 und DIB2).<\/li>\r\n<li>Bohrung: Volle oder reduzierte Bohrung<\/li>\r\n<li>Ausf\u00fchrung: API 6D, ASME B16.34<\/li>\r\n<li>Pr\u00fcfung: API 598<\/li>\r\n<\/ul>\r\n\r\n\r\n\r\n<h2 class=\"wp-block-heading\" id=\"h-what-is-a-56-inch-ball-valve\">Was ist ein 56-Zoll-Kugelhahn?<\/h2>\r\n\r\n\r\n\r\n<p>Der gr\u00f6\u00dfte von ZECO produzierte Kugelhahn hat einen Durchmesser von 56 Zoll und verf\u00fcgt \u00fcber eine eigene Form, die den dringendsten Bedarf der Benutzer mit der schnellsten Liefergeschwindigkeit und dem h\u00f6chsten Qualit\u00e4tspreis decken und die Anforderungen der Benutzer an die Kostenkontrolle erf\u00fcllen kann. ZECO produziert seit fast 30 Jahren Kugelh\u00e4hne in China und verf\u00fcgt \u00fcber 3 Produktionsstandorte in China, hochpr\u00e4zise CNC-Werkzeugmaschinen und Bearbeitungszentren, fortschrittliche Ger\u00e4te und Pr\u00fcfinstrumente, ausgefeilte Techniken und ein strenges und perfektes Qualit\u00e4tsmanagementsystem. Dar\u00fcber hinaus versammeln wir professionelle Eliten, um ein Team aus fortschrittlichen Wissenschaftlern und Technologen zu bilden, um neue Technologien, neue Techniken und neue Materialien voll auszunutzen und so die Stabilit\u00e4t und Zuverl\u00e4ssigkeit der Produkte zu gew\u00e4hrleisten. Die Produktqualit\u00e4t resultiert aus fortschrittlichen Herstellungsmitteln und gute Produktkonzepte sind das Ergebnis kontinuierlicher Innovation.<\/p>\r\n\r\n\r\n\r\n<h2 class=\"wp-block-heading\">Abmessungen und Gewicht von 56-Zoll-Kugelh\u00e4hnen<\/h2>\r\n<table border=\"=1\" width=\"800\">\r\n<tbody>\r\n<tr>\r\n<td rowspan=\"2\">Druckstufe<\/td>\r\n<td style=\"text-align: center;\">Bohrung<\/td>\r\n<td style=\"text-align: center;\" colspan=\"3\">\u00a0Abmessung von Fl\u00e4che zu Fl\u00e4che (in mm)<\/td>\r\n<td style=\"text-align: center;\">Gewicht<\/td>\r\n<\/tr>\r\n<tr>\r\n<td style=\"text-align: center;\">(in mm)<\/td>\r\n<td style=\"text-align: center;\">RF<\/td>\r\n<td style=\"text-align: center;\">BW<\/td>\r\n<td style=\"text-align: center;\">RTJ<\/td>\r\n<td style=\"text-align: center;\">kg<\/td>\r\n<\/tr>\r\n<tr>\r\n<td>KLASSE 150<\/td>\r\n<td style=\"text-align: center;\">1360<\/td>\r\n<td style=\"text-align: center;\">2400<\/td>\r\n<td style=\"text-align: center;\">2400<\/td>\r\n<td style=\"text-align: center;\">MFR<\/td>\r\n<td style=\"text-align: center;\">25000<\/td>\r\n<\/tr>\r\n<tr>\r\n<td>KLASSE 300<\/td>\r\n<td style=\"text-align: center;\">1360<\/td>\r\n<td style=\"text-align: center;\">2500<\/td>\r\n<td style=\"text-align: center;\">2500<\/td>\r\n<td style=\"text-align: center;\">MFR<\/td>\r\n<td style=\"text-align: center;\">27000<\/td>\r\n<\/tr>\r\n<tr>\r\n<td>KLASSE 600<\/td>\r\n<td style=\"text-align: center;\">1360<\/td>\r\n<td style=\"text-align: center;\">2700<\/td>\r\n<td style=\"text-align: center;\">2700<\/td>\r\n<td style=\"text-align: center;\">MFR<\/td>\r\n<td style=\"text-align: center;\">37000<\/td>\r\n<\/tr>\r\n<\/tbody>\r\n<\/table>\r\n\r\n\r\n\r\n<h2 class=\"wp-block-heading\" id=\"h-features-of-56-inch-ball-valves\">Merkmale von 56-Zoll-Kugelh\u00e4hnen<\/h2>\r\n\r\n\r\n\r\n<ol>\r\n<li>Der 56-Zoll-Kugelhahn von ZECO verf\u00fcgt \u00fcber eine ausblassichere Spindel. Da der Ventildurchmesser zu gro\u00df ist, kann das Personal beim Ersetzen der Packung die Position der Spindel \u00fcberhaupt nicht kontrollieren, wenn keine ausblassichere Spindelstruktur vorhanden ist. Die Spindel wird aufgrund des enormen Drucks, der durch die standortspezifischen Sachsch\u00e4den an der Pipeline und Sicherheitsbedrohungen f\u00fcr das Personal entsteht, aus dem Ventilk\u00f6rper gedr\u00fcckt.<\/li>\r\n<li>Der 56-Zoll-Kugelhahn von ZECO ist mit einer extrem feuersicheren Struktur ausgestattet, um gro\u00dfe Verluste nach einem Brand zu vermeiden. Wenn die elastische Dichtungsstruktur durch einen Brand besch\u00e4digt wird und keine feuersichere Struktur vorhanden ist, kommt es zu gro\u00dfen Leckagen. Nach der feuersicheren Struktur wird die elastische Dichtungsstruktur durch die Metalldichtungsstruktur ersetzt, um eine enge Zusammenarbeit mit der Kugel aufrechtzuerhalten und so Leckagen und gr\u00f6\u00dfere Verluste zu verhindern.<\/li>\r\n<li>Der 56-Zoll-Kugelhahn von ZECO verf\u00fcgt \u00fcber ein hervorragendes Design in Kombination mit O-Ring und Dichtung, um ein Auslaufen im Bereich der Geh\u00e4useverbindungen zu verhindern.<\/li>\r\n<li>Der 56-Zoll-Kugelhahn von ZECO verf\u00fcgt \u00fcber eine schwimmende, federbelastete Sitzkonstruktion, um die Abdichtung auch bei niedrigem Druck zu gew\u00e4hrleisten.\r\n\r\n\r\n\r\n\r\n\r\n<\/li>\r\n<\/ol>\r\n\r\n\r\n\r\n<h2 class=\"wp-block-heading\" id=\"h-material-of-56-inch-ball-valve\">Material des 56-Zoll-Kugelhahns:<\/h2>\r\n\r\n\r\n\r\n<figure class=\"wp-block-table\">\r\n<table>\r\n<tbody>\r\n<tr>\r\n<td>Nein<\/td>\r\n<td>Teil<\/td>\r\n<td>Material<\/td>\r\n<\/tr>\r\n<tr>\r\n<td>1<\/td>\r\n<td>K\u00f6rper<\/td>\r\n<td>ASTM A105<\/td>\r\n<\/tr>\r\n<tr>\r\n<td>2<\/td>\r\n<td>Motorhaube<\/td>\r\n<td>ASTM A2105<\/td>\r\n<\/tr>\r\n<tr>\r\n<td>3<\/td>\r\n<td>Kugel<\/td>\r\n<td>ASTM A105<\/td>\r\n<\/tr>\r\n<tr>\r\n<td>4<\/td>\r\n<td>Sitz<\/td>\r\n<td>ASTM A105 + PTFE<\/td>\r\n<\/tr>\r\n<tr>\r\n<td>5<\/td>\r\n<td>Vorbau<\/td>\r\n<td>ASTM A182 F6a<\/td>\r\n<\/tr>\r\n<tr>\r\n<td>6<\/td>\r\n<td>Antistatische Vorrichtung<\/td>\r\n<td>SS304<\/td>\r\n<\/tr>\r\n<tr>\r\n<td>7<\/td>\r\n<td>Dichtung<\/td>\r\n<td>Graphit + SS304<\/td>\r\n<\/tr>\r\n<tr>\r\n<td>8<\/td>\r\n<td>Schraube<\/td>\r\n<td>ASTM A193 B7<\/td>\r\n<\/tr>\r\n<tr>\r\n<td>9<\/td>\r\n<td>Nuss<\/td>\r\n<td>ASTM A194 2H<\/td>\r\n<\/tr>\r\n<tr>\r\n<td>10<\/td>\r\n<td>O-Ring<\/td>\r\n<td>Viton A<\/td>\r\n<\/tr>\r\n<tr>\r\n<td>11<\/td>\r\n<td>Getriebeaktuator<\/td>\r\n<td>ASTM A216 WCB<\/td>\r\n<\/tr>\r\n<\/tbody>\r\n<\/table>\r\n<\/figure>\r\n\r\n\r\n\r\n<h2 class=\"wp-block-heading\">FINDEN SIE 12-ZOLL-KUGELHAHN UND 5-ZOLL-KUGELHAHN<\/h2>\r\n\r\n\r\n\r\n<p>Wenn Sie 12-Zoll-Kugelh\u00e4hne und 5-Zoll-Kugelh\u00e4hne suchen, klicken Sie bitte auf die folgenden Links.<\/p>\r\n\r\n\r\n\r\n<div class=\"wp-block-comments-query-loop\">\r\n<div class=\"wp-block-columns is-layout-flex wp-container-core-columns-is-layout-9d6595d7 wp-block-columns-is-layout-flex\">\r\n<div class=\"wp-block-column is-layout-flow wp-block-column-is-layout-flow\"><div class=\"gb-button-wrapper gb-button-wrapper-fb120fca\">\r\n\r\n <a class=\"gb-button gb-button-0e3f0a74 gb-button-text\" href=\"https:\/\/zecovalve.com\/de\/produkt\/12-inch-ball-valve\/\"><strong>ERHALTEN SIE DEN PREIS F\u00dcR 12-ZOLL-KUGELHAHN<\/strong><\/a> <\/div><\/div>\r\n\r\n\r\n\r\n<div class=\"wp-block-column is-layout-flow wp-block-column-is-layout-flow\"><div class=\"gb-button-wrapper gb-button-wrapper-6882e6e1\">\r\n\r\n <a class=\"gb-button gb-button-b8472bb1 gb-button-text\" href=\"https:\/\/zecovalve.com\/de\/produktkategorie\/ball-valve\/\"><strong>ERHALTEN SIE DEN PREIS F\u00dcR 5-ZOLL-KUGELHAHN<\/strong><\/a> <\/div><\/div>\r\n<\/div>\r\n<\/div>","protected":false},"excerpt":{"rendered":"<p>ZECO Valve bringt seit 2016 Kugelh\u00e4hne mit gro\u00dfem Durchmesser auf den Markt. ZECO Valve entwickelt Ventile, die in jedem \u2026 funktionieren. <a title=\"56 Zoll Kugelhahn\" class=\"read-more\" href=\"https:\/\/zecovalve.com\/de\/produkt\/56-inch-ball-valve\" aria-label=\"Mehr zu 56 Zoll Kugelhahn\">Weiterlesen ...<\/a><\/p>","protected":false},"featured_media":27855,"comment_status":"closed","ping_status":"closed","template":"","meta":{"_generate-full-width-content":"","kt_blocks_editor_width":""},"product_cat":[2047,2462],"product_tag":[3913],"class_list":["post-16257","product","type-product","status-publish","has-post-thumbnail","hentry","product_cat-ball-valve","product_cat-ball-valve-by-size","product_tag-full-port-ball-valve","sales-flash-overlay","woocommerce-text-align-center","woocommerce-image-align-center","do-quantity-buttons"],"featured_image_src_large":["https:\/\/zecovalve.com\/wp-content\/uploads\/2022\/06\/56-inch-Ball-Valve-1.jpg",800,600,false],"author_info":[],"comment_info":0,"taxonomy_info":{"product_cat":[{"value":2047,"label":"Ball Valve"},{"value":2462,"label":"Ball Valve By Size"}],"product_tag":[{"value":3913,"label":"Full Port Ball Valve"}]},"yoast_head":"<!-- This site is optimized with the Yoast SEO Premium plugin v15.4 - https:\/\/yoast.com\/wordpress\/plugins\/seo\/ -->\n<title>Large Ball Valve- 56in | ZECO Valve - 12 inch Ball Valve &amp; 5 inch Ball Valve<\/title>\n<meta name=\"robots\" content=\"index, follow, max-snippet:-1, max-image-preview:large, max-video-preview:-1\" \/>\n<link rel=\"canonical\" href=\"https:\/\/zecovalve.com\/de\/produkt\/56-inch-ball-valve\" \/>\n<meta property=\"og:locale\" content=\"de_DE\" \/>\n<meta property=\"og:type\" content=\"article\" \/>\n<meta property=\"og:title\" content=\"Large Ball Valve- 56in | ZECO Valve - 12 inch Ball Valve &amp; 5 inch Ball Valve\" \/>\n<meta property=\"og:description\" content=\"ZECO Valve is bringing large bore ball valves into Global since 2016. ZECO Valve is designing valves that will work in every ... Weiterlesen ...\" \/>\n<meta property=\"og:url\" content=\"https:\/\/zecovalve.com\/de\/produkt\/56-inch-ball-valve\" \/>\n<meta property=\"og:site_name\" content=\"ZECO Valve\" \/>\n<meta property=\"article:modified_time\" content=\"2023-06-07T07:04:04+00:00\" \/>\n<meta property=\"og:image\" content=\"https:\/\/zecovalve.com\/wp-content\/uploads\/2022\/06\/56-inch-Ball-Valve-1.jpg\" \/>\n\t<meta property=\"og:image:width\" content=\"800\" \/>\n\t<meta property=\"og:image:height\" content=\"600\" \/>\n<meta name=\"twitter:card\" content=\"summary_large_image\" \/>\n<meta name=\"twitter:label1\" content=\"Verfasst von\">\n\t<meta name=\"twitter:data1\" content=\"Jerry\">\n\t<meta name=\"twitter:label2\" content=\"Gesch\u00e4tzte Lesezeit\">\n\t<meta name=\"twitter:data2\" content=\"2\u00a0Minuten\">\n<script type=\"application\/ld+json\" class=\"yoast-schema-graph\">{\"@context\":\"https:\/\/schema.org\",\"@graph\":[{\"@type\":\"WebSite\",\"@id\":\"https:\/\/zecovalve.com\/#website\",\"url\":\"https:\/\/zecovalve.com\/\",\"name\":\"ZECO Valve\",\"description\":\"Industrial Ball Valve, Gate Valve and Globe Valve Manufacturer\",\"potentialAction\":[{\"@type\":\"SearchAction\",\"target\":\"https:\/\/zecovalve.com\/?s={search_term_string}\",\"query-input\":\"required name=search_term_string\"}],\"inLanguage\":\"de\"},{\"@type\":\"ImageObject\",\"@id\":\"https:\/\/zecovalve.com\/product\/56-inch-ball-valve#primaryimage\",\"inLanguage\":\"de\",\"url\":\"https:\/\/zecovalve.com\/wp-content\/uploads\/2022\/06\/56-inch-Ball-Valve-1.jpg\",\"width\":800,\"height\":600,\"caption\":\"56 inch Ball Valve\"},{\"@type\":\"WebPage\",\"@id\":\"https:\/\/zecovalve.com\/product\/56-inch-ball-valve#webpage\",\"url\":\"https:\/\/zecovalve.com\/product\/56-inch-ball-valve\",\"name\":\"Large Ball Valve- 56in | ZECO Valve - 12 inch Ball Valve & 5 inch Ball Valve\",\"isPartOf\":{\"@id\":\"https:\/\/zecovalve.com\/#website\"},\"primaryImageOfPage\":{\"@id\":\"https:\/\/zecovalve.com\/product\/56-inch-ball-valve#primaryimage\"},\"datePublished\":\"2022-06-20T12:37:19+00:00\",\"dateModified\":\"2023-06-07T07:04:04+00:00\",\"breadcrumb\":{\"@id\":\"https:\/\/zecovalve.com\/product\/56-inch-ball-valve#breadcrumb\"},\"inLanguage\":\"de\",\"potentialAction\":[{\"@type\":\"ReadAction\",\"target\":[\"https:\/\/zecovalve.com\/product\/56-inch-ball-valve\"]}]},{\"@type\":\"BreadcrumbList\",\"@id\":\"https:\/\/zecovalve.com\/product\/56-inch-ball-valve#breadcrumb\",\"itemListElement\":[{\"@type\":\"ListItem\",\"position\":1,\"item\":{\"@type\":\"WebPage\",\"@id\":\"https:\/\/zecovalve.com\/\",\"url\":\"https:\/\/zecovalve.com\/\",\"name\":\"Home\"}},{\"@type\":\"ListItem\",\"position\":2,\"item\":{\"@type\":\"WebPage\",\"@id\":\"https:\/\/zecovalve.com\/product-category\",\"url\":\"https:\/\/zecovalve.com\/product-category\",\"name\":\"Industrial Valve Manufacturer | Water Valve Manufacturer\"}},{\"@type\":\"ListItem\",\"position\":3,\"item\":{\"@type\":\"WebPage\",\"@id\":\"https:\/\/zecovalve.com\/product\/56-inch-ball-valve\",\"url\":\"https:\/\/zecovalve.com\/product\/56-inch-ball-valve\",\"name\":\"56 inch Ball Valve\"}}]}]}<\/script>\n<!-- \/ Yoast SEO Premium plugin. -->","_links":{"self":[{"href":"https:\/\/zecovalve.com\/de\/wp-json\/wp\/v2\/product\/16257","targetHints":{"allow":["GET"]}}],"collection":[{"href":"https:\/\/zecovalve.com\/de\/wp-json\/wp\/v2\/product"}],"about":[{"href":"https:\/\/zecovalve.com\/de\/wp-json\/wp\/v2\/types\/product"}],"replies":[{"embeddable":true,"href":"https:\/\/zecovalve.com\/de\/wp-json\/wp\/v2\/comments?post=16257"}],"wp:featuredmedia":[{"embeddable":true,"href":"https:\/\/zecovalve.com\/de\/wp-json\/wp\/v2\/media\/27855"}],"wp:attachment":[{"href":"https:\/\/zecovalve.com\/de\/wp-json\/wp\/v2\/media?parent=16257"}],"wp:term":[{"taxonomy":"product_cat","embeddable":true,"href":"https:\/\/zecovalve.com\/de\/wp-json\/wp\/v2\/product_cat?post=16257"},{"taxonomy":"product_tag","embeddable":true,"href":"https:\/\/zecovalve.com\/de\/wp-json\/wp\/v2\/product_tag?post=16257"}],"curies":[{"name":"wp","href":"https:\/\/api.w.org\/{rel}","templated":true}]}}