{"id":16263,"date":"2022-06-20T12:56:16","date_gmt":"2022-06-20T12:56:16","guid":{"rendered":"https:\/\/zecovalve.com\/?post_type=product&#038;p=16263"},"modified":"2023-06-07T13:55:37","modified_gmt":"2023-06-07T13:55:37","slug":"electric-gate-valve","status":"publish","type":"product","link":"https:\/\/zecovalve.com\/de\/produkt\/electric-gate-valve","title":{"rendered":"Elektrisch bet\u00e4tigter Absperrschieber"},"content":{"rendered":"<figure class=\"wp-block-image alignnone size-medium wp-image-17921\"><img loading=\"lazy\" decoding=\"async\" width=\"300\" height=\"225\" class=\"wp-image-17921\" src=\"https:\/\/zecovalve.com\/wp-content\/uploads\/2022\/07\/Electric-Gate-Valve-300x225.jpg\" alt=\"Elektrisches Schieberventil\" srcset=\"https:\/\/zecovalve.com\/wp-content\/uploads\/2022\/07\/Electric-Gate-Valve-300x225.jpg 300w, https:\/\/zecovalve.com\/wp-content\/uploads\/2022\/07\/Electric-Gate-Valve-768x576.jpg 768w, https:\/\/zecovalve.com\/wp-content\/uploads\/2022\/07\/Electric-Gate-Valve-600x450.jpg 600w, https:\/\/zecovalve.com\/wp-content\/uploads\/2022\/07\/Electric-Gate-Valve.jpg 800w\" sizes=\"auto, (max-width: 300px) 100vw, 300px\" \/><\/figure>\r\n\r\n\r\n<div class=\"gb-button-wrapper gb-button-wrapper-6d8495a3\">\r\n\r\n\r\n<p><a class=\"gb-button gb-button-3d442e11 gb-button-text\" href=\"mailto:commercial@zecovalve.com\" target=\"_blank\" rel=\"noopener noreferrer\"><strong>PREIS F\u00dcR ELEKTRISCH BET\u00c4TIGTE SCHIEBERVENTILE ERHALTEN<\/strong><\/a><\/p>\r\n<\/div>\r\n\r\n\r\n\r\n\r\n<h2 class=\"wp-block-heading\" id=\"h-what-is-an-electric-actuated-gate-valve\">Was ist ein elektrisch bet\u00e4tigtes Absperrventil?<\/h2>\r\n\r\n\r\n\r\n<p>Elektrisch bet\u00e4tigtes Schieberventil bezieht sich auf die lineare Bewegung des elektrischen Schieberventilantriebs durch elektrische Spannung und Signalsteuerung zum \u00d6ffnen oder Schlie\u00dfen des Schieberventils. Elektrische Schieberventile k\u00f6nnen Ihnen helfen, den Zweck der Fernsteuerung zu erreichen, Arbeitskosten zu senken und die Produktionseffizienz zu verbessern.<\/p>\r\n\r\n\r\n\r\n<p>Das elektrisch bet\u00e4tigte Schieberventil von ZECO ist ein Schieberventil, das durch einen elektrischen Aktuator gesteuert wird. Es kann das Schieberventil ferngesteuert durch ein elektrisches Ger\u00e4t bedienen, das normalerweise im oberen Teil des Schieberventils installiert ist. Elektrische Aktuatoren werden in drei Teile unterteilt: Einer ist ein gerader Hub: das Ventil nach oben und unten, um die Ventil\u00f6ffnung zu steuern (z. B. Einzelsitzventil, Doppelsitzventil, H\u00fclsenventil, Y-Ventil usw.); Der andere ist eine Vierteldrehung: Der angetriebene Winkel des Ventils liegt bei einer Drehung von 0 bis 90 \u00b0, um die Ventil\u00f6ffnung zu steuern (z. B. exzentrisches Absperrventil, Kugelhahn, Drehventil, K\u00fckenventil usw.); Der letzte ist ein elektrischer Mehrfachdrehungsaktuator (Winkel &gt; 360 \u00b0), der f\u00fcr Schieberventile, Kugelh\u00e4hne usw. geeignet ist. Die Drehung der Ausgangswelle des elektrischen Aktuators betr\u00e4gt mehr als eine Woche, d. h. mehr als 360 \u00b0, und im Allgemeinen ist mehr als ein Ring erforderlich, um den \u00d6ffnungs- und Schlie\u00dfprozess des Ventils zu steuern. ZECO ist ein professioneller Hersteller von elektrischen Schieberventilen, die hohe Qualit\u00e4t der Marke ZECO schaffen.<\/p>\r\n\r\n\r\n\r\n<h2 class=\"wp-block-heading\">Wie funktioniert ein elektrisch bet\u00e4tigtes Absperrventil?<\/h2>\r\n\r\n\r\n\r\n<p>Das Drehmoment ist die Drehkraft, die ein Aktuator erzeugt, um ein Drehventil zu schlie\u00dfen. Elektrische Aktuatoren k\u00f6nnen diese Kraft erzeugen, indem sie sie auf die Ausgangswelle und dann auf den Ventilschaft \u00fcbertragen. Wenn Druck auf den Ventilschaft ausge\u00fcbt wird, \u00f6ffnet oder schlie\u00dft sich die \u00d6ffnung des Ventils.<\/p>\r\n\r\n\r\n\r\n<h2 class=\"wp-block-heading\">Wof\u00fcr wird ein elektrisch bet\u00e4tigtes Absperrventil verwendet?<\/h2>\r\n\r\n\r\n\r\n<p>Elektrisch bet\u00e4tigte Schieber sind eines der am h\u00e4ufigsten verwendeten Absperrventile. Sie werden haupts\u00e4chlich zum Verbinden oder Absperren des Mediums in der Rohrleitung verwendet, sind jedoch nicht zum Einstellen des Mediumflusses geeignet. Der Schieber ist f\u00fcr einen weiten Druck-, Temperatur- und Kaliberbereich geeignet und eignet sich insbesondere f\u00fcr Rohrleitungen mit mittlerem und gro\u00dfem Durchmesser.<\/p>\r\n\r\n\r\n\r\n<h2 class=\"wp-block-heading\" id=\"h-features-of-electric-gate-valve\">Merkmale des elektrischen Absperrschiebers:<\/h2>\r\n\r\n\r\n\r\n<ul class=\"wp-block-list\">\r\n<li>1. Distanzringe in Verbindung mit Stopfpackungen werden bei Schiebern der Klasse 300 und h\u00f6her verwendet, w\u00e4hrend Schieber der Klasse 150 nur mit Stopfpackungen ausgestattet sind; Stopfpackungen mit Sperrring sind auf Kundenwunsch erh\u00e4ltlich;<\/li>\r\n<li>2. Der flexible Keil kann die durch die Rohrleitungsspannung verursachte Verformung der Sitzoberfl\u00e4che und des K\u00f6rpers ausgleichen.<\/li>\r\n<li>3. Design der Blowout-Retention: Die konische R\u00fccksitzfl\u00e4che liegt fest am R\u00fccksitz der Motorhaube an, und die Festigkeit der Motorhauben-Keil-Verbindung \u00fcbersteigt die Festigkeit der Motorhauben-Gewindewurzel.<\/li>\r\n<li>4. Das elektrische ZECO-Schieberventil ist standardm\u00e4\u00dfig mit einem elektrischen AUMA-Antrieb ausgestattet. Andere Marken k\u00f6nnen nach Kundenwunsch angepasst werden.<\/li>\r\n<\/ul>\r\n\r\n\r\n\r\n<h2 class=\"wp-block-heading\">Anwendungen von elektrisch bet\u00e4tigten Schieberventilen<\/h2>\r\n\r\n\r\n\r\n<p>Elektrisch bet\u00e4tigte Absperrschieber eignen sich f\u00fcr Wasser, \u00d6l, Zement, Papierzellstoff und andere Medien und werden h\u00e4ufig in der Papier- und Zellstoffindustrie, in Kraftwerken, Werften, bei der Abwasseraufbereitung usw. eingesetzt.<\/p>\r\n\r\n\r\n\r\n<h2 class=\"wp-block-heading\" id=\"h-material-of-electric-actuated-gate-valves\">Material von elektrisch bet\u00e4tigten Schieberventilen<\/h2>\r\n\r\n\r\n\r\n<ul class=\"wp-block-list\">\r\n<li>Antriebstyp: Elektrischer Mehrdreh-Schieberantrieb<\/li>\r\n<li>Geh\u00e4usematerial: Kohlenstoffstahl, Edelstahl, Schmiedestahl usw.<\/li>\r\n<li>Druck: 10 \/ 16 \/ 20 \/ 40 \/ 64 bar (#150 \/ #300 \/ #400 \/ #600 \/ #900)<\/li>\r\n<li>Medientemperatur: -196 bis 585\u2103<\/li>\r\n<li>Geeignete Medien: Wasser, Luft, \u00d6l, Gas, Zellstoff, Zement usw.<\/li>\r\n<li>Spannung: Dreiphasig: 380 V Wechselstrom. Bereich: 380 V Wechselstrom \u2013 420 V Wechselstrom; Einphasig: 220 V Wechselstrom. Bereich: 200 V Wechselstrom \u2013 240 V Wechselstrom<\/li>\r\n<\/ul>","protected":false},"excerpt":{"rendered":"<p>Was ist ein elektrisch bet\u00e4tigtes Schieberventil? Mit elektrisch bet\u00e4tigtem Schieberventil ist die lineare Bewegung des elektrischen Schieberventilantriebs gemeint \u2026 <a title=\"Elektrisch bet\u00e4tigter Absperrschieber\" class=\"read-more\" href=\"https:\/\/zecovalve.com\/de\/produkt\/electric-gate-valve\" aria-label=\"Mehr zu Electric Actuated Gate Valve\">Weiterlesen ...<\/a><\/p>","protected":false},"featured_media":27873,"comment_status":"closed","ping_status":"closed","template":"","meta":{"_generate-full-width-content":"","kt_blocks_editor_width":""},"product_cat":[2052,2457],"product_tag":[2766,2727,2798,2723],"class_list":["post-16263","product","type-product","status-publish","has-post-thumbnail","hentry","product_cat-gate-valve","product_cat-gate-valve-by-drive-mode","product_tag-motorised-valve","product_tag-motorized-valve","product_tag-osy-valve","product_tag-what-is-a-valve","sales-flash-overlay","woocommerce-text-align-center","woocommerce-image-align-center","do-quantity-buttons"],"featured_image_src_large":["https:\/\/zecovalve.com\/wp-content\/uploads\/2022\/06\/Electric-Actuated-Gate-Valve.jpg",800,600,false],"author_info":[],"comment_info":0,"taxonomy_info":{"product_cat":[{"value":2052,"label":"Gate Valve"},{"value":2457,"label":"Gate Valve with Actuator"}],"product_tag":[{"value":2766,"label":"Motorised Valve"},{"value":2727,"label":"Motorized Valve"},{"value":2798,"label":"OS&amp;Y Valve"},{"value":2723,"label":"What is a Valve"}]},"yoast_head":"<!-- This site is optimized with the Yoast SEO Premium plugin v15.4 - https:\/\/yoast.com\/wordpress\/plugins\/seo\/ -->\n<title>Electric Actuated Gate Valve - Actuated Gate Valve | ZECO Valve<\/title>\n<meta name=\"robots\" content=\"index, follow, max-snippet:-1, max-image-preview:large, max-video-preview:-1\" \/>\n<link rel=\"canonical\" href=\"https:\/\/zecovalve.com\/de\/produkt\/electric-gate-valve\" \/>\n<meta property=\"og:locale\" content=\"de_DE\" \/>\n<meta property=\"og:type\" content=\"article\" \/>\n<meta property=\"og:title\" content=\"Electric Actuated Gate Valve - Actuated Gate Valve | ZECO Valve\" \/>\n<meta property=\"og:description\" content=\"What is an Electric Actuated Gate Valve? Electric actuated gate valve refers to the linear movement of the electric gate valve actuator ... Weiterlesen ...\" \/>\n<meta property=\"og:url\" content=\"https:\/\/zecovalve.com\/de\/produkt\/electric-gate-valve\" \/>\n<meta property=\"og:site_name\" content=\"ZECO Valve\" \/>\n<meta property=\"article:modified_time\" content=\"2023-06-07T13:55:37+00:00\" \/>\n<meta property=\"og:image\" content=\"https:\/\/zecovalve.com\/wp-content\/uploads\/2022\/06\/Electric-Actuated-Gate-Valve.jpg\" \/>\n\t<meta property=\"og:image:width\" content=\"800\" \/>\n\t<meta property=\"og:image:height\" content=\"600\" \/>\n<meta name=\"twitter:card\" content=\"summary_large_image\" \/>\n<meta name=\"twitter:label1\" content=\"Verfasst von\">\n\t<meta name=\"twitter:data1\" content=\"Jerry\">\n\t<meta name=\"twitter:label2\" content=\"Gesch\u00e4tzte Lesezeit\">\n\t<meta name=\"twitter:data2\" content=\"2\u00a0Minuten\">\n<script type=\"application\/ld+json\" class=\"yoast-schema-graph\">{\"@context\":\"https:\/\/schema.org\",\"@graph\":[{\"@type\":\"WebSite\",\"@id\":\"https:\/\/zecovalve.com\/#website\",\"url\":\"https:\/\/zecovalve.com\/\",\"name\":\"ZECO Valve\",\"description\":\"Industrial Ball Valve, Gate Valve and Globe Valve Manufacturer\",\"potentialAction\":[{\"@type\":\"SearchAction\",\"target\":\"https:\/\/zecovalve.com\/?s={search_term_string}\",\"query-input\":\"required name=search_term_string\"}],\"inLanguage\":\"de\"},{\"@type\":\"ImageObject\",\"@id\":\"https:\/\/zecovalve.com\/product\/electric-gate-valve#primaryimage\",\"inLanguage\":\"de\",\"url\":\"https:\/\/zecovalve.com\/wp-content\/uploads\/2022\/06\/Electric-Actuated-Gate-Valve.jpg\",\"width\":800,\"height\":600,\"caption\":\"Electric Actuated Gate Valve\"},{\"@type\":\"WebPage\",\"@id\":\"https:\/\/zecovalve.com\/product\/electric-gate-valve#webpage\",\"url\":\"https:\/\/zecovalve.com\/product\/electric-gate-valve\",\"name\":\"Electric Actuated Gate Valve - Actuated Gate Valve | ZECO Valve\",\"isPartOf\":{\"@id\":\"https:\/\/zecovalve.com\/#website\"},\"primaryImageOfPage\":{\"@id\":\"https:\/\/zecovalve.com\/product\/electric-gate-valve#primaryimage\"},\"datePublished\":\"2022-06-20T12:56:16+00:00\",\"dateModified\":\"2023-06-07T13:55:37+00:00\",\"breadcrumb\":{\"@id\":\"https:\/\/zecovalve.com\/product\/electric-gate-valve#breadcrumb\"},\"inLanguage\":\"de\",\"potentialAction\":[{\"@type\":\"ReadAction\",\"target\":[\"https:\/\/zecovalve.com\/product\/electric-gate-valve\"]}]},{\"@type\":\"BreadcrumbList\",\"@id\":\"https:\/\/zecovalve.com\/product\/electric-gate-valve#breadcrumb\",\"itemListElement\":[{\"@type\":\"ListItem\",\"position\":1,\"item\":{\"@type\":\"WebPage\",\"@id\":\"https:\/\/zecovalve.com\/\",\"url\":\"https:\/\/zecovalve.com\/\",\"name\":\"Home\"}},{\"@type\":\"ListItem\",\"position\":2,\"item\":{\"@type\":\"WebPage\",\"@id\":\"https:\/\/zecovalve.com\/product-category\",\"url\":\"https:\/\/zecovalve.com\/product-category\",\"name\":\"Industrial Valve Manufacturer | Water Valve Manufacturer\"}},{\"@type\":\"ListItem\",\"position\":3,\"item\":{\"@type\":\"WebPage\",\"@id\":\"https:\/\/zecovalve.com\/product\/electric-gate-valve\",\"url\":\"https:\/\/zecovalve.com\/product\/electric-gate-valve\",\"name\":\"Electric Actuated Gate Valve\"}}]}]}<\/script>\n<!-- \/ Yoast SEO Premium plugin. -->","_links":{"self":[{"href":"https:\/\/zecovalve.com\/de\/wp-json\/wp\/v2\/product\/16263","targetHints":{"allow":["GET"]}}],"collection":[{"href":"https:\/\/zecovalve.com\/de\/wp-json\/wp\/v2\/product"}],"about":[{"href":"https:\/\/zecovalve.com\/de\/wp-json\/wp\/v2\/types\/product"}],"replies":[{"embeddable":true,"href":"https:\/\/zecovalve.com\/de\/wp-json\/wp\/v2\/comments?post=16263"}],"wp:featuredmedia":[{"embeddable":true,"href":"https:\/\/zecovalve.com\/de\/wp-json\/wp\/v2\/media\/27873"}],"wp:attachment":[{"href":"https:\/\/zecovalve.com\/de\/wp-json\/wp\/v2\/media?parent=16263"}],"wp:term":[{"taxonomy":"product_cat","embeddable":true,"href":"https:\/\/zecovalve.com\/de\/wp-json\/wp\/v2\/product_cat?post=16263"},{"taxonomy":"product_tag","embeddable":true,"href":"https:\/\/zecovalve.com\/de\/wp-json\/wp\/v2\/product_tag?post=16263"}],"curies":[{"name":"wp","href":"https:\/\/api.w.org\/{rel}","templated":true}]}}