{"id":16272,"date":"2022-06-20T13:06:39","date_gmt":"2022-06-20T13:06:39","guid":{"rendered":"https:\/\/zecovalve.com\/?post_type=product&#038;p=16272"},"modified":"2023-06-07T07:04:40","modified_gmt":"2023-06-07T07:04:40","slug":"forged-ball-valve","status":"publish","type":"product","link":"https:\/\/zecovalve.com\/de\/produkt\/forged-ball-valve","title":{"rendered":"Geschmiedeter Kugelhahn - Kugelhahn aus Bronze"},"content":{"rendered":"<p>Kugelh\u00e4hne aus geschmiedeter Bronze werden h\u00e4ufig in stark korrosivem Meerwasser eingesetzt.<\/p>\r\n\r\n\r\n\r\n<div class=\"wp-block-columns is-layout-flex wp-container-core-columns-is-layout-9d6595d7 wp-block-columns-is-layout-flex\">\r\n<div class=\"wp-block-column is-layout-flow wp-block-column-is-layout-flow\">\r\n<figure class=\"wp-block-image size-large\"><img decoding=\"async\" src=\"https:\/\/zecovalve.com\/wp-content\/uploads\/2022\/06\/14-forged-ball-valve-300x225.jpg\" alt=\"\" \/><\/figure>\r\n<\/div>\r\n\r\n\r\n\r\n<div class=\"wp-block-column is-layout-flow wp-block-column-is-layout-flow\">\r\n<figure class=\"wp-block-image size-large\"><img decoding=\"async\" src=\"https:\/\/zecovalve.com\/wp-content\/uploads\/2022\/06\/14-forged-ball-valve-1-300x225.jpg\" alt=\"\" \/><\/figure>\r\n<\/div>\r\n\r\n\r\n\r\n<div class=\"wp-block-column is-layout-flow wp-block-column-is-layout-flow\">\r\n<figure class=\"wp-block-image size-large\"><img decoding=\"async\" src=\"https:\/\/zecovalve.com\/wp-content\/uploads\/2022\/06\/14-forged-ball-valve-2-300x225.jpg\" alt=\"\" \/><\/figure>\r\n<\/div>\r\n<\/div>\r\n\r\n\r\n\r\n<div class=\"wp-block-columns is-layout-flex wp-container-core-columns-is-layout-9d6595d7 wp-block-columns-is-layout-flex\">\r\n<div class=\"wp-block-column is-layout-flow wp-block-column-is-layout-flow\">\r\n<figure class=\"wp-block-image size-large\"><img decoding=\"async\" src=\"https:\/\/zecovalve.com\/wp-content\/uploads\/2022\/06\/14-forged-ball-valve-3-300x225.jpg\" alt=\"\" \/><\/figure>\r\n<\/div>\r\n\r\n\r\n\r\n<div class=\"wp-block-column is-layout-flow wp-block-column-is-layout-flow\">\r\n<figure class=\"wp-block-image size-large\"><img decoding=\"async\" src=\"https:\/\/zecovalve.com\/wp-content\/uploads\/2022\/06\/14-forged-ball-valve-4-300x225.jpg\" alt=\"\" \/><\/figure>\r\n<\/div>\r\n\r\n\r\n\r\n<div class=\"wp-block-column is-layout-flow wp-block-column-is-layout-flow\">\r\n<figure class=\"wp-block-image size-large\"><img decoding=\"async\" src=\"https:\/\/zecovalve.com\/wp-content\/uploads\/2022\/06\/14-forged-ball-valve-5-300x225.jpg\" alt=\"\" \/><\/figure>\r\n<\/div>\r\n\r\n\r\n\r\n<div class=\"wp-block-column is-layout-flow wp-block-column-is-layout-flow\">\r\n<figure class=\"wp-block-image size-large\"><img decoding=\"async\" src=\"https:\/\/zecovalve.com\/wp-content\/uploads\/2022\/06\/forged-ball-valve-300x225.jpg\" alt=\"\" \/><\/figure>\r\n<\/div>\r\n<\/div>\r\n\r\n\r\n<div class=\"gb-button-wrapper gb-button-wrapper-6d8495a3\">\r\n\r\n\r\n<p><a class=\"gb-button gb-button-3d442e11 gb-button-text\" href=\"https:\/\/zecovalve.com\/de\/contact\/\" target=\"_blank\" rel=\"noopener noreferrer\"><strong>VENTILPREIS ERHALTEN<\/strong><\/a><\/p>\r\n<\/div>\r\n\r\n\r\n\r\n\r\n<h2 class=\"wp-block-heading\">Was ist ein Bronze-Kugelhahn?<\/h2>\r\n\r\n\r\n\r\n<p>Beim Kugelhahn aus Bronze sind K\u00f6rper, Deckel und Kugel sowie die Innenteile aus Bronze gefertigt. Wird h\u00e4ufig in korrosionsbest\u00e4ndigen Umgebungen wie z. B. Seewasser verwendet.<\/p>\r\n\r\n\r\n\r\n<h3 class=\"wp-block-heading\">Was ist Bronzematerial?<\/h3>\r\n\r\n\r\n\r\n<p>Bronze ist eine Kupferlegierung, die typischerweise aus etwa 881 TP3T Kupfer und 121 TP3T Zinn besteht. Spuren anderer Metalle wie Aluminium, Mangan, Phosphor und Silizium k\u00f6nnen ebenfalls in der Legierung enthalten sein.<\/p>\r\n\r\n\r\n\r\n<p>Das Bronzematerial kann als Aluminiumbronze, Aluminium-Nickel-Bronze, Aluminium-Silizium-Bronze und Manganbronze usw. klassifiziert werden. Die am h\u00e4ufigsten verwendeten Sorten sind ASTM B148 C95800, ASTM B62 C83600, ASTM B283 C61900 usw.<\/p>\r\n\r\n\r\n\r\n<h3 class=\"wp-block-heading\">Vorteile des Bronzematerials<\/h3>\r\n\r\n\r\n\r\n<ul class=\"wp-block-list\">\r\n<li>Hervorragende W\u00e4rmeleitf\u00e4higkeit<\/li>\r\n<li>Best\u00e4ndigkeit gegen Salzwasserkorrosion<\/li>\r\n<li>Hohe Duktilit\u00e4t<\/li>\r\n<\/ul>\r\n<h2>Anwendungen von Bronzeventilen<\/h2>\r\n<p>Bronzeventile werden h\u00e4ufig in der petrochemischen Industrie und in Hochleistungsanwendungsf\u00e4llen eingesetzt, insbesondere in Meeresumgebungen, in denen geringe Korrosionsgrade erforderlich sind.<\/p>\r\n\r\n\r\n\r\n<h2 class=\"wp-block-heading\" id=\"h-what-is-a-forged-ball-valve\">Was ist ein geschmiedeter Kugelhahn?<\/h2>\r\n\r\n\r\n\r\n<p>ZECO-Schmiedekugelh\u00e4hne werden in zweiteilige und dreiteilige geschmiedete Kugelh\u00e4hne sowie in kleine und gro\u00dfe geschmiedete Kugelh\u00e4hne unterteilt, die h\u00e4ufig in verschiedenen industriellen Hochdruckumgebungen eingesetzt werden. Normalerweise liegt der Druck bei 600 lb, 800 lb, 900 lb, 1500 lb, die Betriebstemperatur in verschiedenen Rohrleitungen liegt bei 46 \u2103 ~ 425 \u2103. Nat\u00fcrlich werden auch Niederdruckwerte von 150 lb und 300 lb h\u00e4ufig in der Benutzerliste verwendet. Zu den Materialien geh\u00f6ren auch ASTM A105, ASTM A182 F304, ASTM A182 F316, ASTM B283 C61900, ASTM B148 C95800 und andere Schmiedematerialien.<\/p>\r\n\r\n\r\n\r\n<h2 class=\"wp-block-heading\" id=\"h-features-of-forged-ball-valve\">Merkmale des geschmiedeten Kugelhahns:<\/h2>\r\n\r\n\r\n\r\n<ul class=\"wp-block-list\">\r\n<li>Der geschmiedete Kugelhahn von ZECO hat Doppelkolben-Sitze, die in beide Richtungen druckbeaufschlagt sind. Die Sitzringe werden also immer durch den Druck von vorn\/nach unten oder aus dem Hohlraum gegen die Kugel gedr\u00fcckt. Wenn der vorgelagerte Sitz versagt, kann der nachgelagerte Sitz immer noch eine dichte Abdichtung gew\u00e4hrleisten. Wird h\u00e4ufig in bestimmten Anwendungen oder f\u00fcr einige Rohrdruckpr\u00fcfungen verwendet. Da Doppelkolben-Ventile keine selbstentlastende Funktion haben, muss, sofern nicht anders vereinbart, ein automatisches Hohlraumdruck-Entlastungsventil vorgesehen werden;<\/li>\r\n<li>Der geschmiedete Kugelhahn von ZECO hat einen selbstentlastenden Ventilsitz. Wenn die durch den Druck im Geh\u00e4usehohlraum erzeugte Kraft gr\u00f6\u00dfer ist als die vorgespannte Federkraft plus die durch den Druck in der Rohrleitung erzeugte Kraft, wird der Hohlraumdruck \u00fcber den selbstentlastenden Ventilsitz freigegeben, der Sitz mit Doppelkolbeneffekt fungiert jedoch weiterhin als dichte Abdichtung;<\/li>\r\n<li>Der ZECO-Schmiedekugelhahn ist auf Anfrage in zus\u00e4tzlichen Konfigurationen erh\u00e4ltlich, beispielsweise im Delta-Ringsitz-Design, das leichter abzudichten ist;<\/li>\r\n<li>Der ZECO-Schmiedekugelhahn ist auf Anfrage in zus\u00e4tzlichen Konfigurationen erh\u00e4ltlich, beispielsweise im Lipseal-Design, das einfacher zu warten ist.<\/li>\r\n<\/ul>\r\n\r\n\r\n\r\n<h2 class=\"wp-block-heading\" id=\"h-material-of-forged-ball-valve\">Material des geschmiedeten Kugelhahns:<\/h2>\r\n\r\n\r\n\r\n<figure class=\"wp-block-table\">\r\n<table>\r\n<tbody>\r\n<tr>\r\n<td>Nein<\/td>\r\n<td>Teil<\/td>\r\n<td>Material<\/td>\r\n<\/tr>\r\n<tr>\r\n<td>1<\/td>\r\n<td>K\u00f6rper<\/td>\r\n<td>ASTM B283 C61900<\/td>\r\n<\/tr>\r\n<tr>\r\n<td>2<\/td>\r\n<td>Motorhaube<\/td>\r\n<td>ASTM B283 C61900<\/td>\r\n<\/tr>\r\n<tr>\r\n<td>3<\/td>\r\n<td>Kugel<\/td>\r\n<td>ASTM B283 C61900<\/td>\r\n<\/tr>\r\n<tr>\r\n<td>4<\/td>\r\n<td>Sitz<\/td>\r\n<td>TEFLON<\/td>\r\n<\/tr>\r\n<tr>\r\n<td>5<\/td>\r\n<td>Vorbau<\/td>\r\n<td>ASTM B283 C61900<\/td>\r\n<\/tr>\r\n<tr>\r\n<td>6<\/td>\r\n<td>Spindelpackung<\/td>\r\n<td>Graphit<\/td>\r\n<\/tr>\r\n<tr>\r\n<td>7<\/td>\r\n<td>Dichtung<\/td>\r\n<td>Graphit<\/td>\r\n<\/tr>\r\n<tr>\r\n<td>8<\/td>\r\n<td>Schraube<\/td>\r\n<td>ASTM A193 B8M<\/td>\r\n<\/tr>\r\n<tr>\r\n<td>9<\/td>\r\n<td>Nuss<\/td>\r\n<td>ASTM A194 8M<\/td>\r\n<\/tr>\r\n<tr>\r\n<td>10<\/td>\r\n<td>Stoppkragen<\/td>\r\n<td>ASTM A1025<\/td>\r\n<\/tr>\r\n<tr>\r\n<td>11<\/td>\r\n<td>Hebel<\/td>\r\n<td>ASTM A351 CF8<\/td>\r\n<\/tr>\r\n<\/tbody>\r\n<\/table>\r\n<\/figure>","protected":false},"excerpt":{"rendered":"<p>Geschmiedete Kugelh\u00e4hne aus Bronze werden h\u00e4ufig in stark korrosivem Meerwasser eingesetzt. Was ist ein Kugelhahn aus Bronze? Der Kugelhahn aus Bronze \u2026 <a title=\"Geschmiedeter Kugelhahn \u2013 Bronze-Kugelhahn\" class=\"read-more\" href=\"https:\/\/zecovalve.com\/de\/produkt\/forged-ball-valve\" aria-label=\"Mehr zu Geschmiedeter Kugelhahn \u2013 Bronze-Kugelhahn\">Weiterlesen ...<\/a><\/p>","protected":false},"featured_media":27856,"comment_status":"closed","ping_status":"closed","template":"","meta":{"_generate-full-width-content":"","kt_blocks_editor_width":""},"product_cat":[2047,2461,2465],"product_tag":[2655,2804,2656],"class_list":["post-16272","product","type-product","status-publish","has-post-thumbnail","hentry","product_cat-ball-valve","product_cat-ball-valve-by-material","product_cat-forged-steel-ball-valve","product_tag-1-2-ball-valve","product_tag-2-inch-ball-valve","product_tag-3-4-ball-valve","sales-flash-overlay","woocommerce-text-align-center","woocommerce-image-align-center","do-quantity-buttons"],"featured_image_src_large":["https:\/\/zecovalve.com\/wp-content\/uploads\/2022\/06\/Forged-Ball-Valve-Bronze-Ball-Valve.jpg",800,600,false],"author_info":[],"comment_info":0,"taxonomy_info":{"product_cat":[{"value":2047,"label":"Ball Valve"},{"value":2461,"label":"Ball Valve By Material"},{"value":2465,"label":"Forged Ball Valve"}],"product_tag":[{"value":2655,"label":"1 2 ball valve"},{"value":2804,"label":"2 inch Ball Valve"},{"value":2656,"label":"3 4 ball valve"}]},"yoast_head":"<!-- This site is optimized with the Yoast SEO Premium plugin v15.4 - https:\/\/yoast.com\/wordpress\/plugins\/seo\/ -->\n<title>Bronze Ball Valve - Forged Ball Valve Manufacturer | ZECO Valve<\/title>\n<meta name=\"robots\" content=\"index, follow, max-snippet:-1, max-image-preview:large, max-video-preview:-1\" \/>\n<link rel=\"canonical\" href=\"https:\/\/zecovalve.com\/de\/produkt\/forged-ball-valve\" \/>\n<meta property=\"og:locale\" content=\"de_DE\" \/>\n<meta property=\"og:type\" content=\"article\" \/>\n<meta property=\"og:title\" content=\"Bronze Ball Valve - Forged Ball Valve Manufacturer | ZECO Valve\" \/>\n<meta property=\"og:description\" content=\"Forged bronze ball valves are commonly used in highly corrosive seawater conditions. What is a Bronze Ball Valve? The bronze ball valve ... Weiterlesen ...\" \/>\n<meta property=\"og:url\" content=\"https:\/\/zecovalve.com\/de\/produkt\/forged-ball-valve\" \/>\n<meta property=\"og:site_name\" content=\"ZECO Valve\" \/>\n<meta property=\"article:modified_time\" content=\"2023-06-07T07:04:40+00:00\" \/>\n<meta property=\"og:image\" content=\"https:\/\/zecovalve.com\/wp-content\/uploads\/2022\/06\/Forged-Ball-Valve-Bronze-Ball-Valve.jpg\" \/>\n\t<meta property=\"og:image:width\" content=\"800\" \/>\n\t<meta property=\"og:image:height\" content=\"600\" \/>\n<meta name=\"twitter:card\" content=\"summary_large_image\" \/>\n<meta name=\"twitter:label1\" content=\"Verfasst von\">\n\t<meta name=\"twitter:data1\" content=\"Jerry\">\n\t<meta name=\"twitter:label2\" content=\"Gesch\u00e4tzte Lesezeit\">\n\t<meta name=\"twitter:data2\" content=\"2\u00a0Minuten\">\n<script type=\"application\/ld+json\" class=\"yoast-schema-graph\">{\"@context\":\"https:\/\/schema.org\",\"@graph\":[{\"@type\":\"WebSite\",\"@id\":\"https:\/\/zecovalve.com\/#website\",\"url\":\"https:\/\/zecovalve.com\/\",\"name\":\"ZECO Valve\",\"description\":\"Industrial Ball Valve, Gate Valve and Globe Valve Manufacturer\",\"potentialAction\":[{\"@type\":\"SearchAction\",\"target\":\"https:\/\/zecovalve.com\/?s={search_term_string}\",\"query-input\":\"required name=search_term_string\"}],\"inLanguage\":\"de\"},{\"@type\":\"ImageObject\",\"@id\":\"https:\/\/zecovalve.com\/product\/forged-ball-valve#primaryimage\",\"inLanguage\":\"de\",\"url\":\"https:\/\/zecovalve.com\/wp-content\/uploads\/2022\/06\/Forged-Ball-Valve-Bronze-Ball-Valve.jpg\",\"width\":800,\"height\":600,\"caption\":\"Forged Ball Valve - Bronze Ball Valve\"},{\"@type\":\"WebPage\",\"@id\":\"https:\/\/zecovalve.com\/product\/forged-ball-valve#webpage\",\"url\":\"https:\/\/zecovalve.com\/product\/forged-ball-valve\",\"name\":\"Bronze Ball Valve - Forged Ball Valve Manufacturer | ZECO Valve\",\"isPartOf\":{\"@id\":\"https:\/\/zecovalve.com\/#website\"},\"primaryImageOfPage\":{\"@id\":\"https:\/\/zecovalve.com\/product\/forged-ball-valve#primaryimage\"},\"datePublished\":\"2022-06-20T13:06:39+00:00\",\"dateModified\":\"2023-06-07T07:04:40+00:00\",\"breadcrumb\":{\"@id\":\"https:\/\/zecovalve.com\/product\/forged-ball-valve#breadcrumb\"},\"inLanguage\":\"de\",\"potentialAction\":[{\"@type\":\"ReadAction\",\"target\":[\"https:\/\/zecovalve.com\/product\/forged-ball-valve\"]}]},{\"@type\":\"BreadcrumbList\",\"@id\":\"https:\/\/zecovalve.com\/product\/forged-ball-valve#breadcrumb\",\"itemListElement\":[{\"@type\":\"ListItem\",\"position\":1,\"item\":{\"@type\":\"WebPage\",\"@id\":\"https:\/\/zecovalve.com\/\",\"url\":\"https:\/\/zecovalve.com\/\",\"name\":\"Home\"}},{\"@type\":\"ListItem\",\"position\":2,\"item\":{\"@type\":\"WebPage\",\"@id\":\"https:\/\/zecovalve.com\/product-category\",\"url\":\"https:\/\/zecovalve.com\/product-category\",\"name\":\"Industrial Valve Manufacturer | Water Valve Manufacturer\"}},{\"@type\":\"ListItem\",\"position\":3,\"item\":{\"@type\":\"WebPage\",\"@id\":\"https:\/\/zecovalve.com\/product\/forged-ball-valve\",\"url\":\"https:\/\/zecovalve.com\/product\/forged-ball-valve\",\"name\":\"Forged Ball Valve &#8211; Bronze Ball Valve\"}}]}]}<\/script>\n<!-- \/ Yoast SEO Premium plugin. -->","_links":{"self":[{"href":"https:\/\/zecovalve.com\/de\/wp-json\/wp\/v2\/product\/16272","targetHints":{"allow":["GET"]}}],"collection":[{"href":"https:\/\/zecovalve.com\/de\/wp-json\/wp\/v2\/product"}],"about":[{"href":"https:\/\/zecovalve.com\/de\/wp-json\/wp\/v2\/types\/product"}],"replies":[{"embeddable":true,"href":"https:\/\/zecovalve.com\/de\/wp-json\/wp\/v2\/comments?post=16272"}],"wp:featuredmedia":[{"embeddable":true,"href":"https:\/\/zecovalve.com\/de\/wp-json\/wp\/v2\/media\/27856"}],"wp:attachment":[{"href":"https:\/\/zecovalve.com\/de\/wp-json\/wp\/v2\/media?parent=16272"}],"wp:term":[{"taxonomy":"product_cat","embeddable":true,"href":"https:\/\/zecovalve.com\/de\/wp-json\/wp\/v2\/product_cat?post=16272"},{"taxonomy":"product_tag","embeddable":true,"href":"https:\/\/zecovalve.com\/de\/wp-json\/wp\/v2\/product_tag?post=16272"}],"curies":[{"name":"wp","href":"https:\/\/api.w.org\/{rel}","templated":true}]}}