{"id":16285,"date":"2022-06-20T13:13:37","date_gmt":"2022-06-20T13:13:37","guid":{"rendered":"https:\/\/zecovalve.com\/?post_type=product&#038;p=16285"},"modified":"2023-06-15T12:43:17","modified_gmt":"2023-06-15T12:43:17","slug":"4-inch-gate-valve","status":"publish","type":"product","link":"https:\/\/zecovalve.com\/de\/produkt\/4-inch-gate-valve","title":{"rendered":"4-Zoll-Absperrschieber"},"content":{"rendered":"<p>Absperrschieber 4 Zoll unterscheidet man nach der Gr\u00f6\u00dfe des Absperrschiebers, 4 Zoll Absperrschieber mit DN also beispielsweise DN100.<\/p>\r\n\r\n\r\n\r\n<figure class=\"wp-block-image alignnone size-medium wp-image-16286\">\r\n<p><img loading=\"lazy\" decoding=\"async\" class=\"wp-image-27884 size-medium\" src=\"https:\/\/zecovalve.com\/wp-content\/uploads\/2022\/06\/4-inch-Gate-Valve-2-300x225.jpg\" alt=\"4-Zoll-Absperrschieber\" width=\"300\" height=\"225\" srcset=\"https:\/\/zecovalve.com\/wp-content\/uploads\/2022\/06\/4-inch-Gate-Valve-2-300x225.jpg 300w, https:\/\/zecovalve.com\/wp-content\/uploads\/2022\/06\/4-inch-Gate-Valve-2-768x576.jpg 768w, https:\/\/zecovalve.com\/wp-content\/uploads\/2022\/06\/4-inch-Gate-Valve-2-600x450.jpg 600w, https:\/\/zecovalve.com\/wp-content\/uploads\/2022\/06\/4-inch-Gate-Valve-2.jpg 800w\" sizes=\"auto, (max-width: 300px) 100vw, 300px\" \/><\/p>\r\n<\/figure>\r\n\r\n\r\n<div class=\"gb-button-wrapper gb-button-wrapper-6d8495a3\">\r\n\r\n\r\n<p><a class=\"gb-button gb-button-3d442e11 gb-button-text\" href=\"mailto:commercial@zecovalve.com\" target=\"_blank\" rel=\"noopener noreferrer\"><strong>ERHALTEN SIE DEN PREIS F\u00dcR 4-ZOLL-SCHIEBERVENTILE<\/strong><\/a><\/p>\r\n<\/div>\r\n\r\n\r\n\r\n\r\n<h2 class=\"wp-block-heading\" id=\"h-what-is-a-4-inch-gate-valve\">Was ist ein 4-Zoll-Schieber?<\/h2>\r\n\r\n\r\n\r\n<p>ZECO 4-Zoll-Schieber sind eine der am h\u00e4ufigsten verwendeten Gr\u00f6\u00dfen. Der Schieber hat nur eine Schaltfunktion in der Leitung und sieht klein aus. Ein wirklich kleiner Schieber ist f\u00fcr den Schutz der Rohrleitung sehr wichtig. Obwohl der Schieber lange schaltet, muss der Schieber ein leichtes Drehmoment haben. Im Notfall kann es sein, dass nur eine Person online ist. Wenn Sie einen 4-Zoll-Kugelhahn schlie\u00dfen m\u00f6chten, ist m\u00f6glicherweise eine gro\u00dfe Person erforderlich. Wenn bei der Herstellung ein wenig vers\u00e4umt wird, kann ein zu hohes Drehmoment dazu f\u00fchren, dass er sich nicht \u00f6ffnet. Wenn Sie den Schieber jedoch mit dem Handrad bedienen, drehen Sie das Handrad, um den Schaft anzutreiben. Dies ist ein Vorgang, bei dem das \u00d6ffnen sehr leicht ist.<\/p>\r\n\r\n\r\n\r\n<h2 class=\"wp-block-heading\" id=\"h-features-of-4-gate-valve\">Merkmale des 4-Schieberventils<\/h2>\r\n\r\n\r\n\r\n<ul class=\"wp-block-list\">\r\n<li>Der Schaft des 4-Zoll-Schiebers von ZECO verf\u00fcgt \u00fcber einen integrierten T-Kopf. Dieser ist wesentlich stabiler als ein Gewinde- oder Schwei\u00dfschaft und neigt weniger zum Verbiegen unter hohem Druck.<\/li>\r\n<li>Die Stopfbuchse des 4-Zoll-Schiebers von ZECO ist tief genug, um eine ausreichende Abdichtung zu gew\u00e4hrleisten, damit der Schaft lange Zeit abgedichtet bleibt. Die standardm\u00e4\u00dfig installierten Stopfbuchsen erf\u00fcllen die Anforderungen an unorganisierte Emissionen von &lt; 100 ppm. Der Umweltschutz von ZECO ist nach ISO 14001 zertifiziert, um dem Unternehmen ein Gef\u00fchl sozialer Verantwortung zu vermitteln.<\/li>\r\n<li>Das Handraddesign des 4-Zoll-Schiebers von ZECO erm\u00f6glicht eine einfache Bedienung des Ventils. Der manuelle Betrieb erfolgt \u00fcber die Stromversorgung. Turbinenantriebe sowie elektrische und pneumatische Ger\u00e4te sind ebenfalls erh\u00e4ltlich.<\/li>\r\n<li>Das 4-Zoll-Schieberventil von ZECO wurde in alle Teile der Welt geliefert und von den Nutzern von \u00d6l- und Erdgasunternehmen gut angenommen. ZECO hat mit seiner Qualit\u00e4t die Anerkennung von Nutzern auf der ganzen Welt und langfristige Kooperationsm\u00f6glichkeiten gewonnen.<\/li>\r\n<\/ul>\r\n\r\n\r\n\r\n<h2 class=\"wp-block-heading\">Abmessungen und Gewicht des 4-Zoll-Schiebers<\/h2>\r\n\r\n\r\n\r\n<table border=\"=1\" width=\"800\">\r\n<tbody>\r\n<tr>\r\n<td rowspan=\"2\">Druckstufe<\/td>\r\n<td style=\"text-align: center;\">Bohrung<\/td>\r\n<td style=\"text-align: center;\" colspan=\"3\">\u00a0Abmessung von Fl\u00e4che zu Fl\u00e4che (in mm)<\/td>\r\n<td style=\"text-align: center;\">Gewicht<\/td>\r\n<\/tr>\r\n<tr>\r\n<td style=\"text-align: center;\">(in mm)<\/td>\r\n<td style=\"text-align: center;\">RF<\/td>\r\n<td style=\"text-align: center;\">BW<\/td>\r\n<td style=\"text-align: center;\">RTJ<\/td>\r\n<td style=\"text-align: center;\">kg<\/td>\r\n<\/tr>\r\n<tr>\r\n<td>KLASSE 150<\/td>\r\n<td style=\"text-align: center;\">100<\/td>\r\n<td style=\"text-align: center;\">229<\/td>\r\n<td style=\"text-align: center;\">305<\/td>\r\n<td style=\"text-align: center;\">241<\/td>\r\n<td style=\"text-align: center;\">45<\/td>\r\n<\/tr>\r\n<tr>\r\n<td>KLASSE 300<\/td>\r\n<td style=\"text-align: center;\">100<\/td>\r\n<td style=\"text-align: center;\">305<\/td>\r\n<td style=\"text-align: center;\">305<\/td>\r\n<td style=\"text-align: center;\">321<\/td>\r\n<td style=\"text-align: center;\">74<\/td>\r\n<\/tr>\r\n<tr>\r\n<td>KLASSE 600<\/td>\r\n<td style=\"text-align: center;\">100<\/td>\r\n<td style=\"text-align: center;\">432<\/td>\r\n<td style=\"text-align: center;\">432<\/td>\r\n<td style=\"text-align: center;\">435<\/td>\r\n<td style=\"text-align: center;\">134<\/td>\r\n<\/tr>\r\n<tr>\r\n<td>KLASSE 900<\/td>\r\n<td style=\"text-align: center;\">98<\/td>\r\n<td style=\"text-align: center;\">457<\/td>\r\n<td style=\"text-align: center;\">457<\/td>\r\n<td style=\"text-align: center;\">460<\/td>\r\n<td style=\"text-align: center;\">174<\/td>\r\n<\/tr>\r\n<tr>\r\n<td>KLASSE 1500<\/td>\r\n<td style=\"text-align: center;\">92<\/td>\r\n<td style=\"text-align: center;\">546<\/td>\r\n<td style=\"text-align: center;\">546<\/td>\r\n<td style=\"text-align: center;\">549<\/td>\r\n<td style=\"text-align: center;\">260<\/td>\r\n<\/tr>\r\n<tr>\r\n<td>KLASSE 2500<\/td>\r\n<td style=\"text-align: center;\">72<\/td>\r\n<td style=\"text-align: center;\">673<\/td>\r\n<td style=\"text-align: center;\">673<\/td>\r\n<td style=\"text-align: center;\">683<\/td>\r\n<td style=\"text-align: center;\">606<\/td>\r\n<\/tr>\r\n<\/tbody>\r\n<\/table>\r\n\r\n\r\n\r\n<h2 class=\"wp-block-heading\">Anwendungen von 4 Schieberventilen<\/h2>\r\n\r\n\r\n\r\n<p>4 Schieberventile werden in zahlreichen industriellen Anwendungen eingesetzt, unter anderem in der \u00d6l- und Gasindustrie, der Pharmaindustrie, der Fertigungsindustrie, der Automobilindustrie und der Schifffahrt.<\/p>\r\n\r\n\r\n\r\n<p>Absperrschieber mit nicht steigender Spindel sind auf Schiffen, im Untergrundbau oder bei begrenzter vertikaler Bauweise sehr beliebt, da sie keinen zus\u00e4tzlichen Platz beanspruchen.<\/p>\r\n\r\n\r\n\r\n<h2 class=\"wp-block-heading\" id=\"h-material-of-4-inch-gate-valve\">Material des 4-Zoll-Schiebers<\/h2>\r\n\r\n\r\n\r\n<figure class=\"wp-block-table\">\r\n<table>\r\n<tbody>\r\n<tr>\r\n<td>Nein<\/td>\r\n<td>Teil<\/td>\r\n<td>Material<\/td>\r\n<\/tr>\r\n<tr>\r\n<td>1<\/td>\r\n<td>K\u00f6rper<\/td>\r\n<td>ASTM A351 CF8<\/td>\r\n<\/tr>\r\n<tr>\r\n<td>2<\/td>\r\n<td>Sitzring<\/td>\r\n<td>ASTM A182 F316 + STL<\/td>\r\n<\/tr>\r\n<tr>\r\n<td>3<\/td>\r\n<td>Keil<\/td>\r\n<td>ASTM A351 CF8M + STL<\/td>\r\n<\/tr>\r\n<tr>\r\n<td>4<\/td>\r\n<td>Vorbau<\/td>\r\n<td>ASTM A276 316<\/td>\r\n<\/tr>\r\n<tr>\r\n<td>5<\/td>\r\n<td>Dichtung der Motorhaube<\/td>\r\n<td>Graphit + SS316<\/td>\r\n<\/tr>\r\n<tr>\r\n<td>6<\/td>\r\n<td>Motorhaubenbolzen<\/td>\r\n<td>ASTM A193 B8<\/td>\r\n<\/tr>\r\n<tr>\r\n<td>7<\/td>\r\n<td>Haubenmutter<\/td>\r\n<td>ASTM A194 8<\/td>\r\n<\/tr>\r\n<tr>\r\n<td>8<\/td>\r\n<td>Motorhaube<\/td>\r\n<td>ASTM A351 CF8<\/td>\r\n<\/tr>\r\n<tr>\r\n<td>9<\/td>\r\n<td>R\u00fccksitz<\/td>\r\n<td>ASTM A182 F316<\/td>\r\n<\/tr>\r\n<tr>\r\n<td>10<\/td>\r\n<td>Spindelpackung<\/td>\r\n<td>Verst\u00e4rkter Graphit<\/td>\r\n<\/tr>\r\n<tr>\r\n<td>11<\/td>\r\n<td>Handrad<\/td>\r\n<td>KTH330-08<\/td>\r\n<\/tr>\r\n<\/tbody>\r\n<\/table>\r\n<\/figure>\r\n\r\n\r\n\r\n<h2 class=\"wp-block-heading\">Absperrschieber Preis<\/h2>\r\n\r\n\r\n\r\n<p>4-Zoll-Schieber sind normalerweise eine der am einfachsten vergleichbaren Schiebergr\u00f6\u00dfen und ZECO Valev kann f\u00fcr dieses Produkt sehr wettbewerbsf\u00e4hige Preise anbieten. F\u00fcr Einzelheiten wenden Sie sich bitte an ZECO Valve.<\/p>","protected":false},"excerpt":{"rendered":"<p>Schieber 4 Zoll unterscheidet man nach der Gr\u00f6\u00dfe des Schiebers, 4 Zoll Schieber mit DN also DN100. \u2026 <a title=\"4-Zoll-Absperrschieber\" class=\"read-more\" href=\"https:\/\/zecovalve.com\/de\/produkt\/4-inch-gate-valve\" aria-label=\"Mehr zu 4 Zoll Schieberventil\">Weiterlesen ...<\/a><\/p>","protected":false},"featured_media":27884,"comment_status":"closed","ping_status":"closed","template":"","meta":{"_generate-full-width-content":"","kt_blocks_editor_width":""},"product_cat":[2052,2458],"product_tag":[],"class_list":["post-16285","product","type-product","status-publish","has-post-thumbnail","hentry","product_cat-gate-valve","product_cat-gate-valve-by-inch","sales-flash-overlay","woocommerce-text-align-center","woocommerce-image-align-center","do-quantity-buttons"],"featured_image_src_large":["https:\/\/zecovalve.com\/wp-content\/uploads\/2022\/06\/4-inch-Gate-Valve-2.jpg",800,600,false],"author_info":[],"comment_info":0,"taxonomy_info":{"product_cat":[{"value":2052,"label":"Gate Valve"},{"value":2458,"label":"Gate Valve By Inch"}]},"yoast_head":"<!-- This site is optimized with the Yoast SEO Premium plugin v15.4 - https:\/\/yoast.com\/wordpress\/plugins\/seo\/ -->\n<title>Gate Valve 4 inch - Competitive 4 inch Gate Valve Price | ZECO Valve<\/title>\n<meta name=\"robots\" content=\"index, follow, max-snippet:-1, max-image-preview:large, max-video-preview:-1\" \/>\n<link rel=\"canonical\" href=\"https:\/\/zecovalve.com\/de\/produkt\/4-inch-gate-valve\" \/>\n<meta property=\"og:locale\" content=\"de_DE\" \/>\n<meta property=\"og:type\" content=\"article\" \/>\n<meta property=\"og:title\" content=\"Gate Valve 4 inch - Competitive 4 inch Gate Valve Price | ZECO Valve\" \/>\n<meta property=\"og:description\" content=\"Gate valve 4 inch is distinguished by the size of the gate valve, 4 inch gate valve with DN to say DN100. ... Weiterlesen ...\" \/>\n<meta property=\"og:url\" content=\"https:\/\/zecovalve.com\/de\/produkt\/4-inch-gate-valve\" \/>\n<meta property=\"og:site_name\" content=\"ZECO Valve\" \/>\n<meta property=\"article:modified_time\" content=\"2023-06-15T12:43:17+00:00\" \/>\n<meta property=\"og:image\" content=\"https:\/\/zecovalve.com\/wp-content\/uploads\/2022\/06\/4-inch-Gate-Valve-2.jpg\" \/>\n\t<meta property=\"og:image:width\" content=\"800\" \/>\n\t<meta property=\"og:image:height\" content=\"600\" \/>\n<meta name=\"twitter:card\" content=\"summary_large_image\" \/>\n<meta name=\"twitter:label1\" content=\"Verfasst von\">\n\t<meta name=\"twitter:data1\" content=\"Jerry\">\n\t<meta name=\"twitter:label2\" content=\"Gesch\u00e4tzte Lesezeit\">\n\t<meta name=\"twitter:data2\" content=\"2\u00a0Minuten\">\n<script type=\"application\/ld+json\" class=\"yoast-schema-graph\">{\"@context\":\"https:\/\/schema.org\",\"@graph\":[{\"@type\":\"WebSite\",\"@id\":\"https:\/\/zecovalve.com\/#website\",\"url\":\"https:\/\/zecovalve.com\/\",\"name\":\"ZECO Valve\",\"description\":\"Industrial Ball Valve, Gate Valve and Globe Valve Manufacturer\",\"potentialAction\":[{\"@type\":\"SearchAction\",\"target\":\"https:\/\/zecovalve.com\/?s={search_term_string}\",\"query-input\":\"required name=search_term_string\"}],\"inLanguage\":\"de\"},{\"@type\":\"ImageObject\",\"@id\":\"https:\/\/zecovalve.com\/product\/4-inch-gate-valve#primaryimage\",\"inLanguage\":\"de\",\"url\":\"https:\/\/zecovalve.com\/wp-content\/uploads\/2022\/06\/4-inch-Gate-Valve-2.jpg\",\"width\":800,\"height\":600,\"caption\":\"4 inch Gate Valve\"},{\"@type\":\"WebPage\",\"@id\":\"https:\/\/zecovalve.com\/product\/4-inch-gate-valve#webpage\",\"url\":\"https:\/\/zecovalve.com\/product\/4-inch-gate-valve\",\"name\":\"Gate Valve 4 inch - Competitive 4 inch Gate Valve Price | ZECO Valve\",\"isPartOf\":{\"@id\":\"https:\/\/zecovalve.com\/#website\"},\"primaryImageOfPage\":{\"@id\":\"https:\/\/zecovalve.com\/product\/4-inch-gate-valve#primaryimage\"},\"datePublished\":\"2022-06-20T13:13:37+00:00\",\"dateModified\":\"2023-06-15T12:43:17+00:00\",\"breadcrumb\":{\"@id\":\"https:\/\/zecovalve.com\/product\/4-inch-gate-valve#breadcrumb\"},\"inLanguage\":\"de\",\"potentialAction\":[{\"@type\":\"ReadAction\",\"target\":[\"https:\/\/zecovalve.com\/product\/4-inch-gate-valve\"]}]},{\"@type\":\"BreadcrumbList\",\"@id\":\"https:\/\/zecovalve.com\/product\/4-inch-gate-valve#breadcrumb\",\"itemListElement\":[{\"@type\":\"ListItem\",\"position\":1,\"item\":{\"@type\":\"WebPage\",\"@id\":\"https:\/\/zecovalve.com\/\",\"url\":\"https:\/\/zecovalve.com\/\",\"name\":\"Home\"}},{\"@type\":\"ListItem\",\"position\":2,\"item\":{\"@type\":\"WebPage\",\"@id\":\"https:\/\/zecovalve.com\/product-category\",\"url\":\"https:\/\/zecovalve.com\/product-category\",\"name\":\"Industrial Valve Manufacturer | Water Valve Manufacturer\"}},{\"@type\":\"ListItem\",\"position\":3,\"item\":{\"@type\":\"WebPage\",\"@id\":\"https:\/\/zecovalve.com\/product\/4-inch-gate-valve\",\"url\":\"https:\/\/zecovalve.com\/product\/4-inch-gate-valve\",\"name\":\"4 inch Gate Valve\"}}]}]}<\/script>\n<!-- \/ Yoast SEO Premium plugin. -->","_links":{"self":[{"href":"https:\/\/zecovalve.com\/de\/wp-json\/wp\/v2\/product\/16285","targetHints":{"allow":["GET"]}}],"collection":[{"href":"https:\/\/zecovalve.com\/de\/wp-json\/wp\/v2\/product"}],"about":[{"href":"https:\/\/zecovalve.com\/de\/wp-json\/wp\/v2\/types\/product"}],"replies":[{"embeddable":true,"href":"https:\/\/zecovalve.com\/de\/wp-json\/wp\/v2\/comments?post=16285"}],"wp:featuredmedia":[{"embeddable":true,"href":"https:\/\/zecovalve.com\/de\/wp-json\/wp\/v2\/media\/27884"}],"wp:attachment":[{"href":"https:\/\/zecovalve.com\/de\/wp-json\/wp\/v2\/media?parent=16285"}],"wp:term":[{"taxonomy":"product_cat","embeddable":true,"href":"https:\/\/zecovalve.com\/de\/wp-json\/wp\/v2\/product_cat?post=16285"},{"taxonomy":"product_tag","embeddable":true,"href":"https:\/\/zecovalve.com\/de\/wp-json\/wp\/v2\/product_tag?post=16285"}],"curies":[{"name":"wp","href":"https:\/\/api.w.org\/{rel}","templated":true}]}}