{"id":16294,"date":"2022-06-20T13:21:05","date_gmt":"2022-06-20T13:21:05","guid":{"rendered":"https:\/\/zecovalve.com\/?post_type=product&#038;p=16294"},"modified":"2023-06-15T12:42:27","modified_gmt":"2023-06-15T12:42:27","slug":"forged-gate-valve","status":"publish","type":"product","link":"https:\/\/zecovalve.com\/de\/produkt\/forged-gate-valve","title":{"rendered":"Geschmiedetes Schieberventil"},"content":{"rendered":"<p>ZECO Valve fertigt ein vielseitiges Sortiment an Schieber-, Kugel- und R\u00fcckschlagventilen mit kleinem Durchmesser aus geschmiedetem Stahl. Das Portfolio umfasst Ventile in T- und Y-Form sowie kryogene und balggedichtete Ventile. Schieber-, Kugel- und R\u00fcckschlagventile aus geschmiedetem Stahl sind in einer Vielzahl von Materialien und Endanschl\u00fcssen erh\u00e4ltlich, um den Kundenanforderungen gerecht zu werden.<\/p>\r\n\r\n\r\n\r\n<figure class=\"wp-block-image alignnone size-medium wp-image-16295\">\r\n<p><img loading=\"lazy\" decoding=\"async\" class=\"wp-image-27883 size-medium\" src=\"https:\/\/zecovalve.com\/wp-content\/uploads\/2022\/06\/Forged-Gate-Valve-1-300x225.jpg\" alt=\"Geschmiedetes Schieberventil\" width=\"300\" height=\"225\" srcset=\"https:\/\/zecovalve.com\/wp-content\/uploads\/2022\/06\/Forged-Gate-Valve-1-300x225.jpg 300w, https:\/\/zecovalve.com\/wp-content\/uploads\/2022\/06\/Forged-Gate-Valve-1-768x576.jpg 768w, https:\/\/zecovalve.com\/wp-content\/uploads\/2022\/06\/Forged-Gate-Valve-1-600x450.jpg 600w, https:\/\/zecovalve.com\/wp-content\/uploads\/2022\/06\/Forged-Gate-Valve-1.jpg 800w\" sizes=\"auto, (max-width: 300px) 100vw, 300px\" \/><\/p>\r\n<\/figure>\r\n\r\n\r\n\r\n\r\n<div class=\"gb-button-wrapper gb-button-wrapper-6d8495a3\">\r\n\r\n\r\n<p><a class=\"gb-button gb-button-3d442e11 gb-button-text\" href=\"mailto:commercial@zecovalve.com\" target=\"_blank\" rel=\"noopener noreferrer\"><strong>PREIS F\u00dcR GESCHMIEDETE SCHIEBER<\/strong><\/a><\/p>\r\n<\/div>\r\n\r\n\r\n<h2 class=\"wp-block-heading\" id=\"h-what-is-a-forged-gate-valve\">Was ist ein geschmiedetes Schieberventil?<\/h2>\r\n\r\n\r\n\r\n<p>Ein Schieber aus geschmiedetem Stahl ist eine Art Schieber, dessen Teile aus Schmiedematerial bestehen. Der Schieber des Schiebers aus geschmiedetem Stahl bewegt sich entlang der vertikalen Richtung der Mittellinie des Durchgangs. Er wird haupts\u00e4chlich f\u00fcr Absperrfunktionen in der Rohrleitung verwendet. Der Schieber aus geschmiedetem Stahl ist ein weit verbreitetes Ventil. Er wird im Allgemeinen f\u00fcr Absperrvorrichtungen mit einer Gr\u00f6\u00dfe \u2264 2 Zoll verwendet.<\/p>\r\n\r\n\r\n\r\n<p>ZECO ist ein Hersteller von geschmiedeten Schiebern. Geschmiedete Schieber sind f\u00fcr verschiedene industrielle Bedingungen geeignet und k\u00f6nnen f\u00fcr die Installation von oberirdischen und unterirdischen Rohrleitungen verwendet werden. Da geschmiedete Ventile eine bessere Korrosionsbest\u00e4ndigkeit als gegossene Ventile aufweisen, k\u00f6nnen die hohen Kosten eines h\u00e4ufigen Austauschs aufgrund von Korrosion vermieden werden. Geschmiedete Schieber k\u00f6nnen je nach Verbindungsart in vier Typen unterteilt werden: Gewindeverbindung, Muffenschwei\u00dfverbindung, Stumpfschwei\u00dfverbindung und Flanschverbindung. Die Gewindeverbindung ist eine davon, die haupts\u00e4chlich f\u00fcr Innengewindeverbindungen oder Au\u00dfengewindeverbindungen und Rohrleitungsgewindeverbindungen verwendet werden kann. Die Gewindeverbindung wird \u00fcblicherweise f\u00fcr Rohrleitungen mit mittlerem und niedrigem Druck verwendet; Muffenschwei\u00dfverbindungen eignen sich f\u00fcr Hochdruckleitungen und werden \u00fcblicherweise bei geschmiedeten Schiebern mit kleinem Durchmesser von weniger als 2 Zoll verwendet; Stumpfschwei\u00dfen eignet sich auch f\u00fcr Hochdruckleitungen, wird jedoch \u00fcblicherweise bei geschmiedeten Schiebern mit gro\u00dfem Durchmesser von mehr als 2 Zoll verwendet; Flanschverbindungen k\u00f6nnen je nach den spezifischen Arbeitsbedingungen der Benutzer in zwei Arten von Integralflanschen und Schwei\u00dfflanschen unterteilt werden; Schmiedeschieber werden haupts\u00e4chlich zum Absperren verwendet und k\u00f6nnen daher in Rohrleitungen mit bidirektionalem Medienfluss eingesetzt werden.<\/p>\r\n\r\n\r\n\r\n<h2 class=\"wp-block-heading\">Spezifikationen des geschmiedeten Schieberventils<\/h2>\r\n\r\n\r\n\r\n<ul class=\"wp-block-list\">\r\n<li>Grundlegendes Design: API 602, ANSI B16.34<\/li>\r\n<li>Ende zu Ende: DHV-Standard<\/li>\r\n<li>Pr\u00fcfung und Inspektion: API-598<\/li>\r\n<li>Gewindeenden (NPT) nach ANSI\/ASME B1.20.1<\/li>\r\n<li>Einsteckschwei\u00dfenden nach ASME B16.11<\/li>\r\n<li>Stumpfschwei\u00dfenden nach ASME B16.25<\/li>\r\n<li>Endflansch: ANSI B16.5<\/li>\r\n<\/ul>\r\n\r\n\r\n\r\n<h2 class=\"wp-block-heading\" id=\"h-features-of-forged-steel-gate-valve\">Merkmale des Schieberventils aus geschmiedetem Stahl<\/h2>\r\n\r\n\r\n\r\n<ul class=\"wp-block-list\">\r\n<li>Das geschmiedete Schieberventil von ZECO verwendet ein umgekehrtes Dichtungsdesign. Wenn bei langfristiger Verwendung die Packung ausgetauscht werden muss, kann die Packung online ausgetauscht werden, solange das Ventil vollst\u00e4ndig ge\u00f6ffnet ist, ohne dass es zu Undichtigkeiten am Ventil kommt.<\/li>\r\n<li>Das T-Kopf-Schaftdesign des geschmiedeten ZECO-Schiebers bietet eine positive Verbindung zwischen Scheibe und Schaft und gew\u00e4hrleistet einen effektiven Sitzbetrieb.<\/li>\r\n<li>Der vollst\u00e4ndig gef\u00fchrte Vollkeil des geschmiedeten ZECO-Schiebers reduziert den Verschlei\u00df der Sitzfl\u00e4chen;<\/li>\r\n<li>Die Bolzen- und Bolzenanordnung des geschmiedeten ZECO-Schiebers erleichtert die Wartung der Packung.<\/li>\r\n<li>Au\u00dfenschraube und Joch (OS&amp;Y)<\/li>\r\n<li>Zweiteilige selbstausrichtende Stopfbuchse<\/li>\r\n<li>Verschraubte Haube mit Spiraldichtung<\/li>\r\n<li>Integrierte R\u00fcckbank<\/li>\r\n<\/ul>\r\n\r\n\r\n\r\n<h2 class=\"wp-block-heading\" id=\"h-material-of-forged-gate-valve\">Material des geschmiedeten Schieberventils<\/h2>\r\n\r\n\r\n\r\n<figure class=\"wp-block-table\">\r\n<table>\r\n<tbody>\r\n<tr>\r\n<td>Nein<\/td>\r\n<td>Teil<\/td>\r\n<td>Material<\/td>\r\n<\/tr>\r\n<tr>\r\n<td>1<\/td>\r\n<td>K\u00f6rper<\/td>\r\n<td>ASTM A105<\/td>\r\n<\/tr>\r\n<tr>\r\n<td>2<\/td>\r\n<td>Sitzring<\/td>\r\n<td>ASTM A276 410<\/td>\r\n<\/tr>\r\n<tr>\r\n<td>3<\/td>\r\n<td>Keil<\/td>\r\n<td>ASTM A276 420<\/td>\r\n<\/tr>\r\n<tr>\r\n<td>4<\/td>\r\n<td>Dichtung<\/td>\r\n<td>Graphit + SS304<\/td>\r\n<\/tr>\r\n<tr>\r\n<td>5<\/td>\r\n<td>Vorbau<\/td>\r\n<td>ASTM A276 420<\/td>\r\n<\/tr>\r\n<tr>\r\n<td>6<\/td>\r\n<td>Motorhaube<\/td>\r\n<td>ASTM A105<\/td>\r\n<\/tr>\r\n<tr>\r\n<td>7<\/td>\r\n<td>Motorhaubenbolzen<\/td>\r\n<td>ASTM A193 B7<\/td>\r\n<\/tr>\r\n<tr>\r\n<td>8<\/td>\r\n<td>Spindelpackung<\/td>\r\n<td>Verst\u00e4rkter Graphit<\/td>\r\n<\/tr>\r\n<tr>\r\n<td>9<\/td>\r\n<td>Dr\u00fcse<\/td>\r\n<td>ASTM A276 410<\/td>\r\n<\/tr>\r\n<tr>\r\n<td>10<\/td>\r\n<td>Stopfbuchsenflansch<\/td>\r\n<td>ASTM A105<\/td>\r\n<\/tr>\r\n<tr>\r\n<td>11<\/td>\r\n<td>Handrad<\/td>\r\n<td>ASTM A197<\/td>\r\n<\/tr>\r\n<\/tbody>\r\n<\/table>\r\n<\/figure>","protected":false},"excerpt":{"rendered":"<p>ZECO Valve fertigt ein vielseitiges Sortiment an Schieber-, Durchgangs- und R\u00fcckschlagventilen mit kleinem Durchmesser aus geschmiedetem Stahl. Das Portfolio umfasst Ventile in T-Form \u2026 <a title=\"Geschmiedetes Schieberventil\" class=\"read-more\" href=\"https:\/\/zecovalve.com\/de\/produkt\/forged-gate-valve\" aria-label=\"Mehr zu Forged Gate Valve\">Weiterlesen ...<\/a><\/p>","protected":false},"featured_media":27883,"comment_status":"closed","ping_status":"closed","template":"","meta":{"_generate-full-width-content":"","kt_blocks_editor_width":""},"product_cat":[2464,2052],"product_tag":[2798],"class_list":["post-16294","product","type-product","status-publish","has-post-thumbnail","hentry","product_cat-forged-steel-gate-valve","product_cat-gate-valve","product_tag-osy-valve","sales-flash-overlay","woocommerce-text-align-center","woocommerce-image-align-center","do-quantity-buttons"],"featured_image_src_large":["https:\/\/zecovalve.com\/wp-content\/uploads\/2022\/06\/Forged-Gate-Valve-1.jpg",800,600,false],"author_info":[],"comment_info":0,"taxonomy_info":{"product_cat":[{"value":2464,"label":"Forged Steel Gate Valve"},{"value":2052,"label":"Gate Valve"}],"product_tag":[{"value":2798,"label":"OS&amp;Y Valve"}]},"yoast_head":"<!-- This site is optimized with the Yoast SEO Premium plugin v15.4 - https:\/\/yoast.com\/wordpress\/plugins\/seo\/ -->\n<title>Forged Gate Valve - Forged Steel Gate Valve Manufacturers | ZECO Valve<\/title>\n<meta name=\"robots\" content=\"index, follow, max-snippet:-1, max-image-preview:large, max-video-preview:-1\" \/>\n<link rel=\"canonical\" href=\"https:\/\/zecovalve.com\/de\/produkt\/forged-gate-valve\" \/>\n<meta property=\"og:locale\" content=\"de_DE\" \/>\n<meta property=\"og:type\" content=\"article\" \/>\n<meta property=\"og:title\" content=\"Forged Gate Valve - Forged Steel Gate Valve Manufacturers | ZECO Valve\" \/>\n<meta property=\"og:description\" content=\"ZECO Valve manufactures a versatile range of Small Bore Forged Steel Gate, Globe, and Check Valves. The portfolio comprises valves in T-pattern ... Weiterlesen ...\" \/>\n<meta property=\"og:url\" content=\"https:\/\/zecovalve.com\/de\/produkt\/forged-gate-valve\" \/>\n<meta property=\"og:site_name\" content=\"ZECO Valve\" \/>\n<meta property=\"article:modified_time\" content=\"2023-06-15T12:42:27+00:00\" \/>\n<meta property=\"og:image\" content=\"https:\/\/zecovalve.com\/wp-content\/uploads\/2022\/06\/Forged-Gate-Valve-1.jpg\" \/>\n\t<meta property=\"og:image:width\" content=\"800\" \/>\n\t<meta property=\"og:image:height\" content=\"600\" \/>\n<meta name=\"twitter:card\" content=\"summary_large_image\" \/>\n<meta name=\"twitter:label1\" content=\"Verfasst von\">\n\t<meta name=\"twitter:data1\" content=\"Jerry\">\n\t<meta name=\"twitter:label2\" content=\"Gesch\u00e4tzte Lesezeit\">\n\t<meta name=\"twitter:data2\" content=\"2\u00a0Minuten\">\n<script type=\"application\/ld+json\" class=\"yoast-schema-graph\">{\"@context\":\"https:\/\/schema.org\",\"@graph\":[{\"@type\":\"WebSite\",\"@id\":\"https:\/\/zecovalve.com\/#website\",\"url\":\"https:\/\/zecovalve.com\/\",\"name\":\"ZECO Valve\",\"description\":\"Industrial Ball Valve, Gate Valve and Globe Valve Manufacturer\",\"potentialAction\":[{\"@type\":\"SearchAction\",\"target\":\"https:\/\/zecovalve.com\/?s={search_term_string}\",\"query-input\":\"required name=search_term_string\"}],\"inLanguage\":\"de\"},{\"@type\":\"ImageObject\",\"@id\":\"https:\/\/zecovalve.com\/product\/forged-gate-valve#primaryimage\",\"inLanguage\":\"de\",\"url\":\"https:\/\/zecovalve.com\/wp-content\/uploads\/2022\/06\/Forged-Gate-Valve-1.jpg\",\"width\":800,\"height\":600,\"caption\":\"Forged Gate Valve\"},{\"@type\":\"WebPage\",\"@id\":\"https:\/\/zecovalve.com\/product\/forged-gate-valve#webpage\",\"url\":\"https:\/\/zecovalve.com\/product\/forged-gate-valve\",\"name\":\"Forged Gate Valve - Forged Steel Gate Valve Manufacturers | ZECO Valve\",\"isPartOf\":{\"@id\":\"https:\/\/zecovalve.com\/#website\"},\"primaryImageOfPage\":{\"@id\":\"https:\/\/zecovalve.com\/product\/forged-gate-valve#primaryimage\"},\"datePublished\":\"2022-06-20T13:21:05+00:00\",\"dateModified\":\"2023-06-15T12:42:27+00:00\",\"breadcrumb\":{\"@id\":\"https:\/\/zecovalve.com\/product\/forged-gate-valve#breadcrumb\"},\"inLanguage\":\"de\",\"potentialAction\":[{\"@type\":\"ReadAction\",\"target\":[\"https:\/\/zecovalve.com\/product\/forged-gate-valve\"]}]},{\"@type\":\"BreadcrumbList\",\"@id\":\"https:\/\/zecovalve.com\/product\/forged-gate-valve#breadcrumb\",\"itemListElement\":[{\"@type\":\"ListItem\",\"position\":1,\"item\":{\"@type\":\"WebPage\",\"@id\":\"https:\/\/zecovalve.com\/\",\"url\":\"https:\/\/zecovalve.com\/\",\"name\":\"Home\"}},{\"@type\":\"ListItem\",\"position\":2,\"item\":{\"@type\":\"WebPage\",\"@id\":\"https:\/\/zecovalve.com\/product-category\",\"url\":\"https:\/\/zecovalve.com\/product-category\",\"name\":\"Industrial Valve Manufacturer | Water Valve Manufacturer\"}},{\"@type\":\"ListItem\",\"position\":3,\"item\":{\"@type\":\"WebPage\",\"@id\":\"https:\/\/zecovalve.com\/product\/forged-gate-valve\",\"url\":\"https:\/\/zecovalve.com\/product\/forged-gate-valve\",\"name\":\"Forged Gate Valve\"}}]}]}<\/script>\n<!-- \/ Yoast SEO Premium plugin. -->","_links":{"self":[{"href":"https:\/\/zecovalve.com\/de\/wp-json\/wp\/v2\/product\/16294","targetHints":{"allow":["GET"]}}],"collection":[{"href":"https:\/\/zecovalve.com\/de\/wp-json\/wp\/v2\/product"}],"about":[{"href":"https:\/\/zecovalve.com\/de\/wp-json\/wp\/v2\/types\/product"}],"replies":[{"embeddable":true,"href":"https:\/\/zecovalve.com\/de\/wp-json\/wp\/v2\/comments?post=16294"}],"wp:featuredmedia":[{"embeddable":true,"href":"https:\/\/zecovalve.com\/de\/wp-json\/wp\/v2\/media\/27883"}],"wp:attachment":[{"href":"https:\/\/zecovalve.com\/de\/wp-json\/wp\/v2\/media?parent=16294"}],"wp:term":[{"taxonomy":"product_cat","embeddable":true,"href":"https:\/\/zecovalve.com\/de\/wp-json\/wp\/v2\/product_cat?post=16294"},{"taxonomy":"product_tag","embeddable":true,"href":"https:\/\/zecovalve.com\/de\/wp-json\/wp\/v2\/product_tag?post=16294"}],"curies":[{"name":"wp","href":"https:\/\/api.w.org\/{rel}","templated":true}]}}