{"id":16301,"date":"2022-06-20T13:29:11","date_gmt":"2022-06-20T13:29:11","guid":{"rendered":"https:\/\/zecovalve.com\/?post_type=product&#038;p=16301"},"modified":"2022-06-28T03:25:38","modified_gmt":"2022-06-28T03:25:38","slug":"pneumatic-butterfly-valve","status":"publish","type":"product","link":"https:\/\/zecovalve.com\/de\/produkt\/pneumatic-butterfly-valve","title":{"rendered":"Pneumatische Absperrklappe"},"content":{"rendered":"<h1 class=\"sep-title\">Pneumatische Absperrklappe<\/h1>\n<div class=\"sep-box-detail clearfix\">\n<div class=\"box-lf\">\n<div class=\"thumb\">\n<figure id=\"attachment_16302\" aria-describedby=\"caption-attachment-16302\" style=\"width: 290px\" class=\"wp-caption alignnone\"><img loading=\"lazy\" decoding=\"async\" class=\"size-medium wp-image-16302\" src=\"https:\/\/zecovalve.com\/wp-content\/uploads\/2022\/06\/pneumatic-butterfly-valve-300x225.jpg\" alt=\"Pneumatische Absperrklappe\" width=\"300\" height=\"225\" srcset=\"https:\/\/zecovalve.com\/wp-content\/uploads\/2022\/06\/pneumatic-butterfly-valve-300x225.jpg 300w, https:\/\/zecovalve.com\/wp-content\/uploads\/2022\/06\/pneumatic-butterfly-valve-768x576.jpg 768w, https:\/\/zecovalve.com\/wp-content\/uploads\/2022\/06\/pneumatic-butterfly-valve-600x450.jpg 600w, https:\/\/zecovalve.com\/wp-content\/uploads\/2022\/06\/pneumatic-butterfly-valve.jpg 800w\" sizes=\"auto, (max-width: 300px) 100vw, 300px\" \/><figcaption id=\"caption-attachment-16302\" class=\"wp-caption-text\">Pneumatische Absperrklappe<\/figcaption><\/figure>\n<\/div>\n<div class=\"info\"><a href=\"https:\/\/zecovalve.com\/de\/products\/pneumatic-butterfly-valve.html\/#form\"><i class=\"fa fa-commenting-o\" aria-hidden=\"true\"><\/i>\u00a0VENTILPREIS ERHALTEN<\/a><\/div>\n<\/div>\n<div class=\"box-rt\">\n<div class=\"gg\">\n<div class=\"swiper-container swiper-container-initialized swiper-container-vertical\">\n<div class=\"swiper-wrapper\"><\/div>\n<\/div>\n<\/div>\n<\/div>\n<\/div>\n<div class=\"richtext\">\n<h2>Beschreibung des pneumatischen Absperrventils:<\/h2>\n<p>Die pneumatischen Absperrklappen von ZECO werden haupts\u00e4chlich in Rohrleitungen als Absperrfunktion eingesetzt. Sie verwenden pneumatische Ger\u00e4te, um die Ventilspindel durch Drehen der Absperrscheibe zu \u00f6ffnen und zu schlie\u00dfen, um die Absperr- oder \u00d6ffnungswirkung des Mediums zu erzielen. Gegenw\u00e4rtig werden Absperrklappen bei Niederdruck mit gro\u00dfem oder mittlerem Durchmesser h\u00e4ufiger in Rohrleitungen eingesetzt. Pneumatische Absperrklappen werden grunds\u00e4tzlich in Rohrleitungen in gro\u00dfer H\u00f6he eingesetzt. Das \u00d6ffnen und Schlie\u00dfen des Ventils wird \u00fcber das Magnetventil gesteuert, und sie haben auch die Wirkung, den Medienfluss zu regulieren. Der Fl\u00fcssigkeitswiderstand der Absperrklappe ist gering, und der Durchmesser der pneumatischen Absperrklappe ist gro\u00df. Der gesamte effektive Zirkulationsbereich ist gro\u00df, da das \u00d6ffnen und Schlie\u00dfen der pneumatischen Ger\u00e4te sehr schnell und sicher erfolgt. Da die Scheibenplatte auf beiden Seiten der Ventilspindel nahezu die gleiche Kraft vom Medium erh\u00e4lt, aber ein Drehmoment in entgegengesetzte Richtungen erzeugt, sind das \u00d6ffnungs- und Schlie\u00dfdrehmoment gering und das \u00d6ffnen ist einfach. Unter niedrigem Druck kann die Absperrklappe auch eine gute Abdichtung erzielen. Die Dichtungsmaterialien der Absperrklappe sind NBR, VITON, Teflon-Auskleidung usw. und die Metalldichtungsmaterialien sind Metall und elastische laminierte Metallbleche. Solche Materialien haben auch bei niedrigen Temperaturen eine ausgezeichnete Dichtungsleistung.<\/p>\n<h2>Merkmale des pneumatischen Absperrventils:<\/h2>\n<p>1. Das Lager des pneumatischen Absperrventils von ZECO ist verl\u00e4ngert. Das verl\u00e4ngerte Lager kann die Schaftreibung verringern und das Drehmoment senken.<\/p>\n<p>2. Der Schaft des pneumatischen Absperrventils von ZECO ist so konstruiert, dass er nicht ausblasen kann. Diese Konstruktion sch\u00fctzt das Wartungspersonal, wenn eine Wartung erforderlich ist.<\/p>\n<p>3. Die Dichtung des pneumatischen Absperrventils von ZECO besteht aus einer laminierten Dichtung. Diese laminierte Dichtung kann dazu beitragen, dass das Ventil im vollst\u00e4ndig geschlossenen Zustand keine Leckagen aufweist.<\/p>\n<p>4. Der Sitz des pneumatischen Absperrventils von ZECO kann mit einem Stellitsitz ausgestattet werden. Der integrierte Sitz mit Metallbeschichtung kann den Wartungsaufwand des Ventils verringern und die Lebensdauer des Ventils verl\u00e4ngern.<\/p>\n<h2>Material des pneumatischen Absperrventils:<\/h2>\n<table>\n<tbody>\n<tr class=\"firstRow\">\n<td valign=\"center\">Nein<\/td>\n<td valign=\"center\">Teil<\/td>\n<td valign=\"center\">Material<\/td>\n<\/tr>\n<tr>\n<td valign=\"center\">1<\/td>\n<td valign=\"center\">K\u00f6rper<\/td>\n<td valign=\"center\">ASTM A351 CF8<\/td>\n<\/tr>\n<tr>\n<td valign=\"center\">2<\/td>\n<td valign=\"center\">Dichtungsring<\/td>\n<td valign=\"center\">Graphit + SS304<\/td>\n<\/tr>\n<tr>\n<td valign=\"center\">3<\/td>\n<td valign=\"center\">Halteflansch<\/td>\n<td valign=\"center\">ASTM A182 F304<\/td>\n<\/tr>\n<tr>\n<td valign=\"center\">4<\/td>\n<td valign=\"center\">Stift<\/td>\n<td valign=\"center\">ASTM A276 304<\/td>\n<\/tr>\n<tr>\n<td valign=\"center\">5<\/td>\n<td valign=\"center\">Scheibe<\/td>\n<td valign=\"center\">ASTM A351 CF8<\/td>\n<\/tr>\n<tr>\n<td valign=\"center\">6<\/td>\n<td valign=\"center\">Vorbau<\/td>\n<td valign=\"center\">ASTM A276 304<\/td>\n<\/tr>\n<tr>\n<td valign=\"center\">7<\/td>\n<td valign=\"center\">Spindelpackung<\/td>\n<td valign=\"center\">Graphit<\/td>\n<\/tr>\n<tr>\n<td valign=\"center\">8<\/td>\n<td valign=\"center\">Vorbauklopfen<\/td>\n<td valign=\"center\">SS304 + PTFE<\/td>\n<\/tr>\n<tr>\n<td valign=\"center\">9<\/td>\n<td valign=\"center\">Schraube<\/td>\n<td valign=\"center\">ASTM A193 B8<\/td>\n<\/tr>\n<tr>\n<td valign=\"center\">10<\/td>\n<td valign=\"center\">Nuss<\/td>\n<td valign=\"center\">ASTM A194 8<\/td>\n<\/tr>\n<tr>\n<td valign=\"center\">11<\/td>\n<td valign=\"center\">Joch<\/td>\n<td valign=\"center\">ASTM A216 WCB<\/td>\n<\/tr>\n<\/tbody>\n<\/table>\n<\/div>","protected":false},"excerpt":{"rendered":"<p>Pneumatisches Absperrventil. Ventilpreis erhalten. Beschreibung des pneumatischen Absperrventils: Das pneumatische Absperrventil von ZECO wird haupts\u00e4chlich in Rohrleitungen als Verk\u00fcrzung verwendet \u2026 <a title=\"Pneumatische Absperrklappe\" class=\"read-more\" href=\"https:\/\/zecovalve.com\/de\/produkt\/pneumatic-butterfly-valve\" aria-label=\"Mehr zu Pneumatische Absperrklappe\">Weiterlesen ...<\/a><\/p>","protected":false},"featured_media":16302,"comment_status":"closed","ping_status":"closed","template":"","meta":{"_generate-full-width-content":"","kt_blocks_editor_width":""},"product_cat":[2044,2468,2604],"product_tag":[],"class_list":["post-16301","product","type-product","status-publish","has-post-thumbnail","hentry","product_cat-butterfly-valve","product_cat-butterfly-valve-by-drive-mode","product_cat-triple-offset-butterfly-valve","sales-flash-overlay","woocommerce-text-align-center","woocommerce-image-align-center","do-quantity-buttons"],"featured_image_src_large":["https:\/\/zecovalve.com\/wp-content\/uploads\/2022\/06\/pneumatic-butterfly-valve.jpg",800,600,false],"author_info":[],"comment_info":0,"taxonomy_info":{"product_cat":[{"value":2044,"label":"Butterfly Valve"},{"value":2468,"label":"Butterfly Valve By Drive Mode"},{"value":2604,"label":"Triple Offset Butterfly Valve"}]},"yoast_head":"<!-- This site is optimized with the Yoast SEO Premium plugin v15.4 - https:\/\/yoast.com\/wordpress\/plugins\/seo\/ -->\n<title>Pneumatic Butterfly Valve - ZECO Valve<\/title>\n<meta name=\"robots\" content=\"index, follow, max-snippet:-1, max-image-preview:large, max-video-preview:-1\" \/>\n<link rel=\"canonical\" href=\"https:\/\/zecovalve.com\/de\/produkt\/pneumatic-butterfly-valve\" \/>\n<meta property=\"og:locale\" content=\"de_DE\" \/>\n<meta property=\"og:type\" content=\"article\" \/>\n<meta property=\"og:title\" content=\"Pneumatic Butterfly Valve - ZECO Valve\" \/>\n<meta property=\"og:description\" content=\"Pneumatic Butterfly Valve \u00a0GET VALVE PRICE Description of Pneumatic Butterfly Valve: ZECO pneumatic butterfly valve mainly in the pipeline as a truncation ... Weiterlesen ...\" \/>\n<meta property=\"og:url\" content=\"https:\/\/zecovalve.com\/de\/produkt\/pneumatic-butterfly-valve\" \/>\n<meta property=\"og:site_name\" content=\"ZECO Valve\" \/>\n<meta property=\"article:modified_time\" content=\"2022-06-28T03:25:38+00:00\" \/>\n<meta property=\"og:image\" content=\"https:\/\/zecovalve.com\/wp-content\/uploads\/2022\/06\/pneumatic-butterfly-valve.jpg\" \/>\n\t<meta property=\"og:image:width\" content=\"800\" \/>\n\t<meta property=\"og:image:height\" content=\"600\" \/>\n<meta name=\"twitter:card\" content=\"summary_large_image\" \/>\n<meta name=\"twitter:label1\" content=\"Verfasst von\">\n\t<meta name=\"twitter:data1\" content=\"Jerry\">\n\t<meta name=\"twitter:label2\" content=\"Gesch\u00e4tzte Lesezeit\">\n\t<meta name=\"twitter:data2\" content=\"1\u00a0Minute\">\n<script type=\"application\/ld+json\" class=\"yoast-schema-graph\">{\"@context\":\"https:\/\/schema.org\",\"@graph\":[{\"@type\":\"WebSite\",\"@id\":\"https:\/\/zecovalve.com\/#website\",\"url\":\"https:\/\/zecovalve.com\/\",\"name\":\"ZECO Valve\",\"description\":\"Industrial Ball Valve, Gate Valve and Globe Valve Manufacturer\",\"potentialAction\":[{\"@type\":\"SearchAction\",\"target\":\"https:\/\/zecovalve.com\/?s={search_term_string}\",\"query-input\":\"required name=search_term_string\"}],\"inLanguage\":\"de\"},{\"@type\":\"ImageObject\",\"@id\":\"https:\/\/zecovalve.com\/product\/pneumatic-butterfly-valve#primaryimage\",\"inLanguage\":\"de\",\"url\":\"https:\/\/zecovalve.com\/wp-content\/uploads\/2022\/06\/pneumatic-butterfly-valve.jpg\",\"width\":800,\"height\":600,\"caption\":\"Pneumatic Butterfly Valve\"},{\"@type\":\"WebPage\",\"@id\":\"https:\/\/zecovalve.com\/product\/pneumatic-butterfly-valve#webpage\",\"url\":\"https:\/\/zecovalve.com\/product\/pneumatic-butterfly-valve\",\"name\":\"Pneumatic Butterfly Valve - ZECO Valve\",\"isPartOf\":{\"@id\":\"https:\/\/zecovalve.com\/#website\"},\"primaryImageOfPage\":{\"@id\":\"https:\/\/zecovalve.com\/product\/pneumatic-butterfly-valve#primaryimage\"},\"datePublished\":\"2022-06-20T13:29:11+00:00\",\"dateModified\":\"2022-06-28T03:25:38+00:00\",\"breadcrumb\":{\"@id\":\"https:\/\/zecovalve.com\/product\/pneumatic-butterfly-valve#breadcrumb\"},\"inLanguage\":\"de\",\"potentialAction\":[{\"@type\":\"ReadAction\",\"target\":[\"https:\/\/zecovalve.com\/product\/pneumatic-butterfly-valve\"]}]},{\"@type\":\"BreadcrumbList\",\"@id\":\"https:\/\/zecovalve.com\/product\/pneumatic-butterfly-valve#breadcrumb\",\"itemListElement\":[{\"@type\":\"ListItem\",\"position\":1,\"item\":{\"@type\":\"WebPage\",\"@id\":\"https:\/\/zecovalve.com\/\",\"url\":\"https:\/\/zecovalve.com\/\",\"name\":\"Home\"}},{\"@type\":\"ListItem\",\"position\":2,\"item\":{\"@type\":\"WebPage\",\"@id\":\"https:\/\/zecovalve.com\/product-category\",\"url\":\"https:\/\/zecovalve.com\/product-category\",\"name\":\"Industrial Valve Manufacturer | Water Valve Manufacturer\"}},{\"@type\":\"ListItem\",\"position\":3,\"item\":{\"@type\":\"WebPage\",\"@id\":\"https:\/\/zecovalve.com\/product\/pneumatic-butterfly-valve\",\"url\":\"https:\/\/zecovalve.com\/product\/pneumatic-butterfly-valve\",\"name\":\"Pneumatic Butterfly Valve\"}}]}]}<\/script>\n<!-- \/ Yoast SEO Premium plugin. -->","_links":{"self":[{"href":"https:\/\/zecovalve.com\/de\/wp-json\/wp\/v2\/product\/16301","targetHints":{"allow":["GET"]}}],"collection":[{"href":"https:\/\/zecovalve.com\/de\/wp-json\/wp\/v2\/product"}],"about":[{"href":"https:\/\/zecovalve.com\/de\/wp-json\/wp\/v2\/types\/product"}],"replies":[{"embeddable":true,"href":"https:\/\/zecovalve.com\/de\/wp-json\/wp\/v2\/comments?post=16301"}],"wp:featuredmedia":[{"embeddable":true,"href":"https:\/\/zecovalve.com\/de\/wp-json\/wp\/v2\/media\/16302"}],"wp:attachment":[{"href":"https:\/\/zecovalve.com\/de\/wp-json\/wp\/v2\/media?parent=16301"}],"wp:term":[{"taxonomy":"product_cat","embeddable":true,"href":"https:\/\/zecovalve.com\/de\/wp-json\/wp\/v2\/product_cat?post=16301"},{"taxonomy":"product_tag","embeddable":true,"href":"https:\/\/zecovalve.com\/de\/wp-json\/wp\/v2\/product_tag?post=16301"}],"curies":[{"name":"wp","href":"https:\/\/api.w.org\/{rel}","templated":true}]}}