{"id":16303,"date":"2022-06-20T13:31:28","date_gmt":"2022-06-20T13:31:28","guid":{"rendered":"https:\/\/zecovalve.com\/?post_type=product&#038;p=16303"},"modified":"2023-06-07T07:04:57","modified_gmt":"2023-06-07T07:04:57","slug":"three-piece-ball-valve","status":"publish","type":"product","link":"https:\/\/zecovalve.com\/de\/produkt\/three-piece-ball-valve","title":{"rendered":"Dreiteiliger Kugelhahn"},"content":{"rendered":"<p>Kugelh\u00e4hne sind derzeit die am h\u00e4ufigsten verwendeten Ventile. Sie k\u00f6nnen in verschiedenen Ausf\u00fchrungen hergestellt werden, um f\u00fcr verschiedene Branchen geeignet zu sein. Sie k\u00f6nnen beispielsweise aus Edelstahl, Kunststoff, Messing usw. hergestellt werden.<\/p>\r\n\r\n\r\n\r\n<div class=\"wp-block-columns is-layout-flex wp-container-core-columns-is-layout-9d6595d7 wp-block-columns-is-layout-flex\">\r\n<div class=\"wp-block-column is-layout-flow wp-block-column-is-layout-flow\"><div class=\"wp-block-image\">\r\n<figure class=\"aligncenter size-large\"><img decoding=\"async\" src=\"https:\/\/zecovalve.com\/wp-content\/uploads\/2022\/06\/three-piece-ball-valve-1-300x225.jpg\" alt=\"\" \/><\/figure>\r\n<\/div><\/div>\r\n\r\n\r\n\r\n<div class=\"wp-block-column is-layout-flow wp-block-column-is-layout-flow\"><div class=\"wp-block-image\">\r\n<figure class=\"aligncenter size-large\"><img decoding=\"async\" src=\"https:\/\/zecovalve.com\/wp-content\/uploads\/2022\/06\/three-piece-ball-valve-2-300x225.jpg\" alt=\"\" \/><\/figure>\r\n<\/div><\/div>\r\n\r\n\r\n\r\n<div class=\"wp-block-column is-layout-flow wp-block-column-is-layout-flow\"><div class=\"wp-block-image\">\r\n<figure class=\"aligncenter size-large\"><img decoding=\"async\" src=\"https:\/\/zecovalve.com\/wp-content\/uploads\/2022\/06\/three-piece-ball-valve-3-300x225.jpg\" alt=\"\" \/><\/figure>\r\n<\/div><\/div>\r\n<\/div>\r\n\r\n\r\n\r\n<div class=\"wp-block-columns is-layout-flex wp-container-core-columns-is-layout-9d6595d7 wp-block-columns-is-layout-flex\">\r\n<div class=\"wp-block-column is-layout-flow wp-block-column-is-layout-flow\">\r\n<figure class=\"wp-block-image size-large\"><img decoding=\"async\" src=\"https:\/\/zecovalve.com\/wp-content\/uploads\/2022\/06\/three-piece-ball-valve-4-300x225.jpg\" alt=\"\" \/><\/figure>\r\n<\/div>\r\n\r\n\r\n\r\n<div class=\"wp-block-column is-layout-flow wp-block-column-is-layout-flow\">\r\n<figure class=\"wp-block-image size-large\"><img decoding=\"async\" src=\"https:\/\/zecovalve.com\/wp-content\/uploads\/2022\/06\/three-piece-ball-valve-5-300x225.jpg\" alt=\"\" \/><\/figure>\r\n<\/div>\r\n\r\n\r\n\r\n<div class=\"wp-block-column is-layout-flow wp-block-column-is-layout-flow\">\r\n<figure class=\"wp-block-image size-large\"><img decoding=\"async\" src=\"https:\/\/zecovalve.com\/wp-content\/uploads\/2022\/06\/three-piece-ball-valve-6-300x225.jpg\" alt=\"\" \/><\/figure>\r\n<\/div>\r\n\r\n\r\n\r\n<div class=\"wp-block-column is-layout-flow wp-block-column-is-layout-flow\">\r\n<figure class=\"wp-block-image size-large\"><img decoding=\"async\" src=\"https:\/\/zecovalve.com\/wp-content\/uploads\/2022\/06\/three-piece-ball-valve-7-300x225.jpg\" alt=\"\" \/><\/figure>\r\n<\/div>\r\n<\/div>\r\n\r\n\r\n<div class=\"gb-button-wrapper gb-button-wrapper-6d8495a3\">\r\n\r\n\r\n<p><a class=\"gb-button gb-button-3d442e11 gb-button-text\" href=\"https:\/\/zecovalve.com\/de\/contact\/\" target=\"_blank\" rel=\"noopener noreferrer\"><strong>ERHALTEN SIE DEN PREIS F\u00dcR DREITEILIGE KUGELH\u00c4HNE<\/strong><\/a><\/p>\r\n<\/div>\r\n\r\n\r\n\r\n\r\n<h2 class=\"wp-block-heading\" id=\"h-what-is-a-three-piece-ball-valve\">Was ist ein dreiteiliger Kugelhahn?<\/h2>\r\n\r\n\r\n\r\n<p>Wie der Name schon sagt, bestehen dreiteilige Kugelh\u00e4hne aus drei Teilen: zwei Endkappen und einem K\u00f6rper. Die Endkappen sind normalerweise mit dem Rohr verschraubt oder verschwei\u00dft, und der Hauptk\u00f6rperabschnitt kann zur Reinigung oder Reparatur leicht entfernt werden, ohne dass die Endkappen entfernt werden m\u00fcssen. Dies kann eine sehr wertvolle Option sein, da sie eine Leitungsabschaltung verhindert, wenn eine Wartung erforderlich ist.<\/p>\r\n\r\n\r\n\r\n<h2 class=\"wp-block-heading\" id=\"h-features-of-three-piece-ball-valves\">Merkmale dreiteiliger Kugelh\u00e4hne<\/h2>\r\n\r\n\r\n\r\n<p>Der dreiteilige Kugelhahn ist ein Hochleistungskugelhahn, der sich ideal f\u00fcr eine Vielzahl von Anwendungen eignet. Dieser Kugelhahn mit elastischem Sitz wurde f\u00fcr eine einfache Inline-Wartung und eine lange, zuverl\u00e4ssige Lebensdauer entwickelt und bietet anspruchsvolle technische Funktionen, die eine hervorragende Leistung zu einem wirtschaftlichen Preis erm\u00f6glichen.<\/p>\r\n\r\n\r\n\r\n<p>Der Vorteil des dreiteiligen Kugelhahns besteht darin, dass er leicht zu zerlegen ist. So kann der Zentralk\u00f6rper gewartet und gereinigt werden, ohne die gesamte Rohrleitung zu beeintr\u00e4chtigen. Wenn beispielsweise der Ventilk\u00f6rper blockiert ist, m\u00fcssen wir nur die Schrauben des Kugelhahns l\u00f6sen, den Antrieb und den Zentralk\u00f6rper herausnehmen und ihn dann reinigen und warten. Nach der Reinigung k\u00f6nnen wir den Zentralk\u00f6rper und die Endkappe mit Schrauben zusammensetzen. Wir m\u00fcssen nicht den gesamten Hahn aus der Rohrleitung demontieren, was unsere Wartungskosten erheblich senkt. Zweitens sind die meisten dreiteiligen Kugelh\u00e4hne Vollbohrungskonstruktionen, die einen gr\u00f6\u00dferen Durchfluss erm\u00f6glichen.<\/p>\r\n\r\n\r\n\r\n<h2 class=\"wp-block-heading\" id=\"h-material-of-three-piece-ball-valves\">Material der dreiteiligen Kugelh\u00e4hne<\/h2>\r\n\r\n\r\n\r\n<figure class=\"wp-block-table\">\r\n<table>\r\n<tbody>\r\n<tr>\r\n<td>Nein<\/td>\r\n<td>Teil<\/td>\r\n<td>Material<\/td>\r\n<\/tr>\r\n<tr>\r\n<td>1<\/td>\r\n<td>K\u00f6rper<\/td>\r\n<td>Geschmiedeter Stahl, Edelstahl<\/td>\r\n<\/tr>\r\n<tr>\r\n<td>2<\/td>\r\n<td>Motorhaube<\/td>\r\n<td>Geschmiedeter Stahl, Edelstahl<\/td>\r\n<\/tr>\r\n<tr>\r\n<td>3<\/td>\r\n<td>Motorhaubenbolzen<\/td>\r\n<td>ASTM A193 B7 \/ B8 \/B8M<\/td>\r\n<\/tr>\r\n<tr>\r\n<td>4<\/td>\r\n<td>Haubenmutter<\/td>\r\n<td>ASTM A194 2H \/ 8 \/ 8M<\/td>\r\n<\/tr>\r\n<tr>\r\n<td>5<\/td>\r\n<td>Dichtung der Motorhaube<\/td>\r\n<td>Graphit +SS316<\/td>\r\n<\/tr>\r\n<tr>\r\n<td>6<\/td>\r\n<td>Sitzring<\/td>\r\n<td>VITON<\/td>\r\n<\/tr>\r\n<tr>\r\n<td>7<\/td>\r\n<td>Kugel<\/td>\r\n<td>Schmiedestahl<\/td>\r\n<\/tr>\r\n<tr>\r\n<td>8<\/td>\r\n<td>Vorbau<\/td>\r\n<td>ASTM A276 304 \/ 316<\/td>\r\n<\/tr>\r\n<tr>\r\n<td>9<\/td>\r\n<td>Spindelpackung<\/td>\r\n<td>Graphit<\/td>\r\n<\/tr>\r\n<tr>\r\n<td>10<\/td>\r\n<td>Dr\u00fcse<\/td>\r\n<td>Rostfreier Stahl<\/td>\r\n<\/tr>\r\n<tr>\r\n<td>11<\/td>\r\n<td>Stoppkragen<\/td>\r\n<td>ANSI 1025<\/td>\r\n<\/tr>\r\n<\/tbody>\r\n<\/table>\r\n<\/figure>","protected":false},"excerpt":{"rendered":"<p>Kugelh\u00e4hne sind derzeit die am h\u00e4ufigsten verwendeten Ventile. Sie k\u00f6nnen in verschiedenen Ausf\u00fchrungen hergestellt werden, um f\u00fcr unterschiedliche Branchen geeignet zu sein. \u2026 <a title=\"Dreiteiliger Kugelhahn\" class=\"read-more\" href=\"https:\/\/zecovalve.com\/de\/produkt\/three-piece-ball-valve\" aria-label=\"Mehr zu Three Piece Ball Valve\">Weiterlesen ...<\/a><\/p>","protected":false},"featured_media":27857,"comment_status":"closed","ping_status":"closed","template":"","meta":{"_generate-full-width-content":"","kt_blocks_editor_width":""},"product_cat":[2047,2465],"product_tag":[3089],"class_list":["post-16303","product","type-product","status-publish","has-post-thumbnail","hentry","product_cat-ball-valve","product_cat-forged-steel-ball-valve","product_tag-3-piece-ball-valve","sales-flash-overlay","woocommerce-text-align-center","woocommerce-image-align-center","do-quantity-buttons"],"featured_image_src_large":["https:\/\/zecovalve.com\/wp-content\/uploads\/2022\/06\/Three-Piece-Ball-Valve-8.jpg",800,600,false],"author_info":[],"comment_info":0,"taxonomy_info":{"product_cat":[{"value":2047,"label":"Ball Valve"},{"value":2465,"label":"Forged Ball Valve"}],"product_tag":[{"value":3089,"label":"3 Piece Ball Valve"}]},"yoast_head":"<!-- This site is optimized with the Yoast SEO Premium plugin v15.4 - https:\/\/yoast.com\/wordpress\/plugins\/seo\/ -->\n<title>Three Piece Ball Valve - 3 Piece Ball Valve Manufacturer | ZECO Valve<\/title>\n<meta name=\"robots\" content=\"index, follow, max-snippet:-1, max-image-preview:large, max-video-preview:-1\" \/>\n<link rel=\"canonical\" href=\"https:\/\/zecovalve.com\/de\/produkt\/three-piece-ball-valve\" \/>\n<meta property=\"og:locale\" content=\"de_DE\" \/>\n<meta property=\"og:type\" content=\"article\" \/>\n<meta property=\"og:title\" content=\"Three Piece Ball Valve - 3 Piece Ball Valve Manufacturer | ZECO Valve\" \/>\n<meta property=\"og:description\" content=\"Ball valve is currently the most widely used valve, it can be made into different types to be suitable for different industries. ... Weiterlesen ...\" \/>\n<meta property=\"og:url\" content=\"https:\/\/zecovalve.com\/de\/produkt\/three-piece-ball-valve\" \/>\n<meta property=\"og:site_name\" content=\"ZECO Valve\" \/>\n<meta property=\"article:modified_time\" content=\"2023-06-07T07:04:57+00:00\" \/>\n<meta property=\"og:image\" content=\"https:\/\/zecovalve.com\/wp-content\/uploads\/2022\/06\/Three-Piece-Ball-Valve-8.jpg\" \/>\n\t<meta property=\"og:image:width\" content=\"800\" \/>\n\t<meta property=\"og:image:height\" content=\"600\" \/>\n<meta name=\"twitter:card\" content=\"summary_large_image\" \/>\n<meta name=\"twitter:label1\" content=\"Verfasst von\">\n\t<meta name=\"twitter:data1\" content=\"Jerry\">\n\t<meta name=\"twitter:label2\" content=\"Gesch\u00e4tzte Lesezeit\">\n\t<meta name=\"twitter:data2\" content=\"1\u00a0Minute\">\n<script type=\"application\/ld+json\" class=\"yoast-schema-graph\">{\"@context\":\"https:\/\/schema.org\",\"@graph\":[{\"@type\":\"WebSite\",\"@id\":\"https:\/\/zecovalve.com\/#website\",\"url\":\"https:\/\/zecovalve.com\/\",\"name\":\"ZECO Valve\",\"description\":\"Industrial Ball Valve, Gate Valve and Globe Valve Manufacturer\",\"potentialAction\":[{\"@type\":\"SearchAction\",\"target\":\"https:\/\/zecovalve.com\/?s={search_term_string}\",\"query-input\":\"required name=search_term_string\"}],\"inLanguage\":\"de\"},{\"@type\":\"ImageObject\",\"@id\":\"https:\/\/zecovalve.com\/product\/three-piece-ball-valve#primaryimage\",\"inLanguage\":\"de\",\"url\":\"https:\/\/zecovalve.com\/wp-content\/uploads\/2022\/06\/Three-Piece-Ball-Valve-8.jpg\",\"width\":800,\"height\":600,\"caption\":\"Three Piece Ball Valve\"},{\"@type\":\"WebPage\",\"@id\":\"https:\/\/zecovalve.com\/product\/three-piece-ball-valve#webpage\",\"url\":\"https:\/\/zecovalve.com\/product\/three-piece-ball-valve\",\"name\":\"Three Piece Ball Valve - 3 Piece Ball Valve Manufacturer | ZECO Valve\",\"isPartOf\":{\"@id\":\"https:\/\/zecovalve.com\/#website\"},\"primaryImageOfPage\":{\"@id\":\"https:\/\/zecovalve.com\/product\/three-piece-ball-valve#primaryimage\"},\"datePublished\":\"2022-06-20T13:31:28+00:00\",\"dateModified\":\"2023-06-07T07:04:57+00:00\",\"breadcrumb\":{\"@id\":\"https:\/\/zecovalve.com\/product\/three-piece-ball-valve#breadcrumb\"},\"inLanguage\":\"de\",\"potentialAction\":[{\"@type\":\"ReadAction\",\"target\":[\"https:\/\/zecovalve.com\/product\/three-piece-ball-valve\"]}]},{\"@type\":\"BreadcrumbList\",\"@id\":\"https:\/\/zecovalve.com\/product\/three-piece-ball-valve#breadcrumb\",\"itemListElement\":[{\"@type\":\"ListItem\",\"position\":1,\"item\":{\"@type\":\"WebPage\",\"@id\":\"https:\/\/zecovalve.com\/\",\"url\":\"https:\/\/zecovalve.com\/\",\"name\":\"Home\"}},{\"@type\":\"ListItem\",\"position\":2,\"item\":{\"@type\":\"WebPage\",\"@id\":\"https:\/\/zecovalve.com\/product-category\",\"url\":\"https:\/\/zecovalve.com\/product-category\",\"name\":\"Industrial Valve Manufacturer | Water Valve Manufacturer\"}},{\"@type\":\"ListItem\",\"position\":3,\"item\":{\"@type\":\"WebPage\",\"@id\":\"https:\/\/zecovalve.com\/product\/three-piece-ball-valve\",\"url\":\"https:\/\/zecovalve.com\/product\/three-piece-ball-valve\",\"name\":\"Three Piece Ball Valve\"}}]}]}<\/script>\n<!-- \/ Yoast SEO Premium plugin. -->","_links":{"self":[{"href":"https:\/\/zecovalve.com\/de\/wp-json\/wp\/v2\/product\/16303","targetHints":{"allow":["GET"]}}],"collection":[{"href":"https:\/\/zecovalve.com\/de\/wp-json\/wp\/v2\/product"}],"about":[{"href":"https:\/\/zecovalve.com\/de\/wp-json\/wp\/v2\/types\/product"}],"replies":[{"embeddable":true,"href":"https:\/\/zecovalve.com\/de\/wp-json\/wp\/v2\/comments?post=16303"}],"wp:featuredmedia":[{"embeddable":true,"href":"https:\/\/zecovalve.com\/de\/wp-json\/wp\/v2\/media\/27857"}],"wp:attachment":[{"href":"https:\/\/zecovalve.com\/de\/wp-json\/wp\/v2\/media?parent=16303"}],"wp:term":[{"taxonomy":"product_cat","embeddable":true,"href":"https:\/\/zecovalve.com\/de\/wp-json\/wp\/v2\/product_cat?post=16303"},{"taxonomy":"product_tag","embeddable":true,"href":"https:\/\/zecovalve.com\/de\/wp-json\/wp\/v2\/product_tag?post=16303"}],"curies":[{"name":"wp","href":"https:\/\/api.w.org\/{rel}","templated":true}]}}