{"id":16316,"date":"2022-06-20T13:36:19","date_gmt":"2022-06-20T13:36:19","guid":{"rendered":"https:\/\/zecovalve.com\/?post_type=product&#038;p=16316"},"modified":"2022-09-01T00:40:15","modified_gmt":"2022-09-01T00:40:15","slug":"8-inch-butterfly-valve","status":"publish","type":"product","link":"https:\/\/zecovalve.com\/de\/produkt\/8-inch-butterfly-valve","title":{"rendered":"8\u2033 Absperrklappe"},"content":{"rendered":"<p>ZECO Valve ist ein professioneller Hersteller von Absperrklappen und bietet wettbewerbsf\u00e4hige Preise f\u00fcr Absperrklappen.<\/p>\r\n\r\n\r\n\r\n<figure class=\"wp-block-image size-full\"><img loading=\"lazy\" decoding=\"async\" class=\"alignnone size-medium wp-image-16949\" src=\"https:\/\/zecovalve.com\/wp-content\/uploads\/2022\/06\/butterfly-valve-1-300x200.jpg\" alt=\"\" width=\"300\" height=\"200\" srcset=\"https:\/\/zecovalve.com\/wp-content\/uploads\/2022\/06\/butterfly-valve-1-300x200.jpg 300w, https:\/\/zecovalve.com\/wp-content\/uploads\/2022\/06\/butterfly-valve-1.jpg 600w\" sizes=\"auto, (max-width: 300px) 100vw, 300px\" \/><\/figure>\r\n\r\n\r\n<div class=\"gb-button-wrapper gb-button-wrapper-6d8495a3\">\r\n\r\n\r\n<p><a class=\"gb-button gb-button-3d442e11 gb-button-text\" href=\"mailto:commercial@zecovalve.com\" target=\"_blank\" rel=\"noopener noreferrer\"><strong>ERHALTEN SIE DEN PREIS F\u00dcR 8-ZOLL-ABSCHEIDUNGSVENTILE<\/strong><\/a><\/p>\r\n<\/div>\r\n\r\n\r\n\r\n\r\n<h2 class=\"wp-block-heading\">Was ist ein 8-Zoll-Absperrventil?<\/h2>\r\n\r\n\r\n\r\n<p>Absperrklappen werden in Hochleistungs-Brandschutzsystemen eingesetzt und sind in vielen verschiedenen Gr\u00f6\u00dfen mit Wafer-Lug-, Nut- oder Press-End-Anschl\u00fcssen erh\u00e4ltlich. Absperrklappen bieten bidirektionalen Sackgassenbetrieb im gewerblichen und industriellen Einsatz und k\u00f6nnen viele wartungsfreie Zyklen durchf\u00fchren und dennoch eine \u201eblasendichte\u201c Absperrung erm\u00f6glichen.<\/p>\r\n\r\n\r\n\r\n<p>Das 8-Zoll-Absperrventil von ZECO verwendet Gummi oder Teflon als Dichtungsfl\u00e4che. Diese Struktur ist in der Lage, die Dichtwirkung zu reduzieren. Das Absperrventil kann an verschiedenen Rohren verwendet werden und bietet viele Vorteile: Es ist kompakt aufgebaut, schlie\u00dft schnell, hat eine erh\u00f6hte Dichtwirkung, l\u00e4sst sich einfach bedienen und hat eine lange Lebensdauer. W\u00e4hrend des Schlie\u00dfvorgangs ist der Abrieb gering. Da das Ventil als doppelt versetzte Struktur ausgef\u00fchrt ist, ist die Scheibendichtung bei vollst\u00e4ndig ge\u00f6ffnetem Ventil im Lockerungszustand. Wenn das Ventil vollst\u00e4ndig geschlossen ist, wird der Dichtungsring durch den K\u00f6rper und die Scheibe zusammengedr\u00fcckt, was zu einer Verformung f\u00fchrt. Diese Art der flexiblen Abdichtung maximiert die Dichtwirkung. Die Dichtfl\u00e4che arbeitet pr\u00e4zise mit dem K\u00f6rper zusammen, verhindert ausreichend ein Aussp\u00fclen des Mediums und verl\u00e4ngert die Lebensdauer des Ventils. Das Ventil hat die komplexe Struktur eines Druckbeh\u00e4lters und einer Betriebsmaschine. Bei der Wartung des Ventils muss gelegentliches \u00d6ffnen\/Schlie\u00dfen ber\u00fccksichtigt werden. Gleichzeitig muss auch der haupts\u00e4chlich statische Druckzustand des Ventils ber\u00fccksichtigt werden. Wenn das Ventil in einer bestimmten Position gehalten wird, kann die Betriebsleistung des Ventils reduziert werden. Dies wird durch die Ansammlung von korrosiven Substanzen auf beweglichen Teilen verursacht. Unter Umst\u00e4nden muss das Ventil periodisch ge\u00f6ffnet\/geschlossen werden. Die Unversehrtheit der Druckbegrenzung erfordert die Unversehrtheit der drucktragenden Teile, drucktragende Teile m\u00fcssen regelm\u00e4\u00dfig \u00fcberpr\u00fcft werden.<\/p>\r\n\r\n\r\n\r\n<h2 class=\"wp-block-heading\">Normen f\u00fcr 8\u2033 Absperrklappen<\/h2>\r\n\r\n\r\n\r\n<figure class=\"wp-block-table\">\r\n<table>\r\n<tbody>\r\n<tr>\r\n<td>Entwurf Standard<\/td>\r\n<td>API 609, ASME B16.34, JIS B2064, GB\/T 12238<\/td>\r\n<\/tr>\r\n<tr>\r\n<td>Von Angesicht zu Angesicht<\/td>\r\n<td>API 609, DIN 3202, ISO 5752, BS 5155<\/td>\r\n<\/tr>\r\n<tr>\r\n<td>Flanschende<\/td>\r\n<td>DIN 2501, ASME B16.5, BS 4504, JIS 10K<\/td>\r\n<\/tr>\r\n<tr>\r\n<td>Oberer Flansch<\/td>\r\n<td>ISO 5211<\/td>\r\n<\/tr>\r\n<tr>\r\n<td>Testinspektion<\/td>\r\n<td>API 598, EN 12266-1<\/td>\r\n<\/tr>\r\n<\/tbody>\r\n<\/table>\r\n<\/figure>\r\n\r\n\r\n\r\n<h2 class=\"wp-block-heading\">Abmessungen und Gewicht des 8-Zoll-Absperrventils<\/h2>\r\n\r\n\r\n\r\n<table border=\"=1\" width=\"800\">\r\n<tbody>\r\n<tr>\r\n<td rowspan=\"2\">Druckstufe<\/td>\r\n<td style=\"text-align: center;\">Bohrung<\/td>\r\n<td style=\"text-align: center;\" colspan=\"3\">\u00a0Abmessung von Fl\u00e4che zu Fl\u00e4che (in mm)<\/td>\r\n<td style=\"text-align: center;\">Gewicht<\/td>\r\n<\/tr>\r\n<tr>\r\n<td style=\"text-align: center;\">(in mm)<\/td>\r\n<td style=\"text-align: center;\">RF<\/td>\r\n<td style=\"text-align: center;\">Waffel<\/td>\r\n<td style=\"text-align: center;\">Schleppen<\/td>\r\n<td style=\"text-align: center;\">kg<\/td>\r\n<\/tr>\r\n<tr>\r\n<td>KLASSE 150<\/td>\r\n<td style=\"text-align: center;\">201<\/td>\r\n<td style=\"text-align: center;\">292\/152<\/td>\r\n<td style=\"text-align: center;\">60\/64<\/td>\r\n<td style=\"text-align: center;\">60\/64<\/td>\r\n<td style=\"text-align: center;\">20<\/td>\r\n<\/tr>\r\n<tr>\r\n<td>KLASSE 300<\/td>\r\n<td style=\"text-align: center;\">201<\/td>\r\n<td style=\"text-align: center;\">418\/230<\/td>\r\n<td style=\"text-align: center;\">73<\/td>\r\n<td style=\"text-align: center;\">73<\/td>\r\n<td style=\"text-align: center;\">35<\/td>\r\n<\/tr>\r\n<tr>\r\n<td>KLASSE 600<\/td>\r\n<td style=\"text-align: center;\">201<\/td>\r\n<td style=\"text-align: center;\">660\/230<\/td>\r\n<td style=\"text-align: center;\">102<\/td>\r\n<td style=\"text-align: center;\">102<\/td>\r\n<td style=\"text-align: center;\">60<\/td>\r\n<\/tr>\r\n<\/tbody>\r\n<\/table>\r\n\r\n\r\n\r\n<h2 class=\"wp-block-heading\">Material des 8-Zoll-Absperrventils:<\/h2>\r\n\r\n\r\n\r\n<figure class=\"wp-block-table\">\r\n<table>\r\n<tbody>\r\n<tr>\r\n<td>Nein<\/td>\r\n<td>Teil<\/td>\r\n<td>Material<\/td>\r\n<\/tr>\r\n<tr>\r\n<td>1<\/td>\r\n<td>K\u00f6rper<\/td>\r\n<td>Gusseisen \/ Sph\u00e4roguss \/ Kohlenstoffstahl \/ Edelstahl<\/td>\r\n<\/tr>\r\n<tr>\r\n<td>2<\/td>\r\n<td>Scheibe<\/td>\r\n<td>Gusseisen \/ Sph\u00e4roguss \/ Kohlenstoffstahl \/ Edelstahl<\/td>\r\n<\/tr>\r\n<tr>\r\n<td>3<\/td>\r\n<td>Vorbau<\/td>\r\n<td>Rostfreier Stahl<\/td>\r\n<\/tr>\r\n<tr>\r\n<td>4<\/td>\r\n<td>Sitz<\/td>\r\n<td>EPDM \/ NBR \/ PTFE \/ VITON \/ HYPALON \/ SS304 \/ SS304 + Graphit<\/td>\r\n<\/tr>\r\n<tr>\r\n<td>5<\/td>\r\n<td>Spindelpackung<\/td>\r\n<td>EPDM \/ NBR \/ Graphit<\/td>\r\n<\/tr>\r\n<\/tbody>\r\n<\/table>\r\n<\/figure>\r\n\r\n\r\n\r\n<h2 class=\"wp-block-heading\">Merkmale der Absperrklappe 8 Zoll<\/h2>\r\n\r\n\r\n\r\n<ul class=\"wp-block-list\">\r\n<li>Bei der 8-Zoll-Absperrklappe von ZECO kann zwischen einem Metall-Metall-Sitzring oder einem elastischen Sitzring gew\u00e4hlt werden.<\/li>\r\n<li>Das Joch des 8-Zoll-Absperrventils von ZECO ist gem\u00e4\u00df der Norm ISO 5211 konstruiert und mit einem elektrischen, pneumatischen oder hydraulischen Antrieb verbunden bzw. manuell bedient.<\/li>\r\n<li>Das 8-Zoll-Absperrventil von ZECO verf\u00fcgt \u00fcber ein austauschbares Dichtungsringdesign;<\/li>\r\n<li>Wenn f\u00fcr das 8-Zoll-Absperrventil von ZECO Metall als Metallstruktur gew\u00e4hlt wird, kann es \u00fcber eine Brandschutzkonstruktion und -struktur verf\u00fcgen. Die Metallsitzstruktur macht das Ventil feuersicher und erf\u00fcllt die Anforderungen der API 607.<\/li>\r\n<li>Minimaler Druckverlust<\/li>\r\n<li>Leicht zu \u00f6ffnen und zu schlie\u00dfen<\/li>\r\n<li>Gute Dichtheit<\/li>\r\n<li>Kompaktes Design<\/li>\r\n<li>Die leichte Bewegung der Scheibe sollte w\u00e4hrend der Montage kontrolliert werden<\/li>\r\n<\/ul>\r\n\r\n\r\n\r\n<h2 class=\"wp-block-heading\">Anwendungen des 8\u2033 Absperrventils<\/h2>\r\n\r\n\r\n\r\n<ul class=\"wp-block-list\">\r\n<li>Heizungs-Klimaanlagen<\/li>\r\n<li>Wasseraufbereitungssystem<\/li>\r\n<li>Bergbauindustrie<\/li>\r\n<li>Schiffbau<\/li>\r\n<li>Chemische Industrie<\/li>\r\n<li>Nahrungsmittelindustrie<\/li>\r\n<li>\u00d6l-und Gasindustrie<\/li>\r\n<li>Feuerl\u00f6schsystem<\/li>\r\n<\/ul>","protected":false},"excerpt":{"rendered":"<p>ZECO Valve ist ein professioneller Hersteller von Absperrklappen und bietet wettbewerbsf\u00e4hige Preise f\u00fcr Absperrklappen. Was ist eine 8-Zoll-Absperrklappe? Absperrklappen \u2026 <a title=\"8\u2033 Absperrklappe\" class=\"read-more\" href=\"https:\/\/zecovalve.com\/de\/produkt\/8-inch-butterfly-valve\" aria-label=\"Mehr zu 8\u2033 Butterfly Valve\">Weiterlesen ...<\/a><\/p>","protected":false},"featured_media":16949,"comment_status":"closed","ping_status":"closed","template":"","meta":{"_generate-full-width-content":"","kt_blocks_editor_width":""},"product_cat":[2044,2470],"product_tag":[2806,2801],"class_list":["post-16316","product","type-product","status-publish","has-post-thumbnail","hentry","product_cat-butterfly-valve","product_cat-butterfly-valve-by-inch","product_tag-butterfly-valve-wafer-type","product_tag-wafer-type-butterfly-valve","sales-flash-overlay","woocommerce-text-align-center","woocommerce-image-align-center","do-quantity-buttons"],"featured_image_src_large":["https:\/\/zecovalve.com\/wp-content\/uploads\/2022\/06\/butterfly-valve-1.jpg",600,400,false],"author_info":[],"comment_info":0,"taxonomy_info":{"product_cat":[{"value":2044,"label":"Butterfly Valve"},{"value":2470,"label":"Butterfly Valve By Inch"}],"product_tag":[{"value":2806,"label":"Butterfly Valve Wafer Type"},{"value":2801,"label":"Wafer Type Butterfly Valve"}]},"yoast_head":"<!-- This site is optimized with the Yoast SEO Premium plugin v15.4 - https:\/\/yoast.com\/wordpress\/plugins\/seo\/ -->\n<title>8&quot; Butterfly Valve - Butterfly Valve 8 Inch | 8 Inch Butterfly Valve Price | ZECO<\/title>\n<meta name=\"robots\" content=\"index, follow, max-snippet:-1, max-image-preview:large, max-video-preview:-1\" \/>\n<link rel=\"canonical\" href=\"https:\/\/zecovalve.com\/de\/produkt\/8-inch-butterfly-valve\" \/>\n<meta property=\"og:locale\" content=\"de_DE\" \/>\n<meta property=\"og:type\" content=\"article\" \/>\n<meta property=\"og:title\" content=\"8&quot; Butterfly Valve - Butterfly Valve 8 Inch | 8 Inch Butterfly Valve Price | ZECO\" \/>\n<meta property=\"og:description\" content=\"ZECO Valve is a professional butterfly valve manufacturer, providing a competitive butterfly valve price. What is 8 Inch Butterfly Valve? Butterfly valves ... Weiterlesen ...\" \/>\n<meta property=\"og:url\" content=\"https:\/\/zecovalve.com\/de\/produkt\/8-inch-butterfly-valve\" \/>\n<meta property=\"og:site_name\" content=\"ZECO Valve\" \/>\n<meta property=\"article:modified_time\" content=\"2022-09-01T00:40:15+00:00\" \/>\n<meta property=\"og:image\" content=\"https:\/\/zecovalve.com\/wp-content\/uploads\/2022\/06\/butterfly-valve-1.jpg\" \/>\n\t<meta property=\"og:image:width\" content=\"600\" \/>\n\t<meta property=\"og:image:height\" content=\"400\" \/>\n<meta name=\"twitter:card\" content=\"summary_large_image\" \/>\n<meta name=\"twitter:label1\" content=\"Verfasst von\">\n\t<meta name=\"twitter:data1\" content=\"Jerry\">\n\t<meta name=\"twitter:label2\" content=\"Gesch\u00e4tzte Lesezeit\">\n\t<meta name=\"twitter:data2\" content=\"2\u00a0Minuten\">\n<script type=\"application\/ld+json\" class=\"yoast-schema-graph\">{\"@context\":\"https:\/\/schema.org\",\"@graph\":[{\"@type\":\"WebSite\",\"@id\":\"https:\/\/zecovalve.com\/#website\",\"url\":\"https:\/\/zecovalve.com\/\",\"name\":\"ZECO Valve\",\"description\":\"Industrial Ball Valve, Gate Valve and Globe Valve Manufacturer\",\"potentialAction\":[{\"@type\":\"SearchAction\",\"target\":\"https:\/\/zecovalve.com\/?s={search_term_string}\",\"query-input\":\"required name=search_term_string\"}],\"inLanguage\":\"de\"},{\"@type\":\"ImageObject\",\"@id\":\"https:\/\/zecovalve.com\/product\/8-inch-butterfly-valve#primaryimage\",\"inLanguage\":\"de\",\"url\":\"https:\/\/zecovalve.com\/wp-content\/uploads\/2022\/06\/butterfly-valve-1.jpg\",\"width\":600,\"height\":400},{\"@type\":\"WebPage\",\"@id\":\"https:\/\/zecovalve.com\/product\/8-inch-butterfly-valve#webpage\",\"url\":\"https:\/\/zecovalve.com\/product\/8-inch-butterfly-valve\",\"name\":\"8\\\" Butterfly Valve - Butterfly Valve 8 Inch | 8 Inch Butterfly Valve Price | ZECO\",\"isPartOf\":{\"@id\":\"https:\/\/zecovalve.com\/#website\"},\"primaryImageOfPage\":{\"@id\":\"https:\/\/zecovalve.com\/product\/8-inch-butterfly-valve#primaryimage\"},\"datePublished\":\"2022-06-20T13:36:19+00:00\",\"dateModified\":\"2022-09-01T00:40:15+00:00\",\"breadcrumb\":{\"@id\":\"https:\/\/zecovalve.com\/product\/8-inch-butterfly-valve#breadcrumb\"},\"inLanguage\":\"de\",\"potentialAction\":[{\"@type\":\"ReadAction\",\"target\":[\"https:\/\/zecovalve.com\/product\/8-inch-butterfly-valve\"]}]},{\"@type\":\"BreadcrumbList\",\"@id\":\"https:\/\/zecovalve.com\/product\/8-inch-butterfly-valve#breadcrumb\",\"itemListElement\":[{\"@type\":\"ListItem\",\"position\":1,\"item\":{\"@type\":\"WebPage\",\"@id\":\"https:\/\/zecovalve.com\/\",\"url\":\"https:\/\/zecovalve.com\/\",\"name\":\"Home\"}},{\"@type\":\"ListItem\",\"position\":2,\"item\":{\"@type\":\"WebPage\",\"@id\":\"https:\/\/zecovalve.com\/product-category\",\"url\":\"https:\/\/zecovalve.com\/product-category\",\"name\":\"Industrial Valve Manufacturer | Water Valve Manufacturer\"}},{\"@type\":\"ListItem\",\"position\":3,\"item\":{\"@type\":\"WebPage\",\"@id\":\"https:\/\/zecovalve.com\/product\/8-inch-butterfly-valve\",\"url\":\"https:\/\/zecovalve.com\/product\/8-inch-butterfly-valve\",\"name\":\"8&#8243; Butterfly Valve\"}}]}]}<\/script>\n<!-- \/ Yoast SEO Premium plugin. -->","_links":{"self":[{"href":"https:\/\/zecovalve.com\/de\/wp-json\/wp\/v2\/product\/16316","targetHints":{"allow":["GET"]}}],"collection":[{"href":"https:\/\/zecovalve.com\/de\/wp-json\/wp\/v2\/product"}],"about":[{"href":"https:\/\/zecovalve.com\/de\/wp-json\/wp\/v2\/types\/product"}],"replies":[{"embeddable":true,"href":"https:\/\/zecovalve.com\/de\/wp-json\/wp\/v2\/comments?post=16316"}],"wp:featuredmedia":[{"embeddable":true,"href":"https:\/\/zecovalve.com\/de\/wp-json\/wp\/v2\/media\/16949"}],"wp:attachment":[{"href":"https:\/\/zecovalve.com\/de\/wp-json\/wp\/v2\/media?parent=16316"}],"wp:term":[{"taxonomy":"product_cat","embeddable":true,"href":"https:\/\/zecovalve.com\/de\/wp-json\/wp\/v2\/product_cat?post=16316"},{"taxonomy":"product_tag","embeddable":true,"href":"https:\/\/zecovalve.com\/de\/wp-json\/wp\/v2\/product_tag?post=16316"}],"curies":[{"name":"wp","href":"https:\/\/api.w.org\/{rel}","templated":true}]}}